{"id":133456,"date":"2022-05-23T22:31:32","date_gmt":"2022-05-23T20:31:32","guid":{"rendered":"https:\/\/www.jootjeshaakcadeautjes.nl\/product\/cordon-en-satin-15-mm-brun-fonce-grand-utilisation-par-bobine-80-m\/"},"modified":"2025-03-11T04:06:24","modified_gmt":"2025-03-11T03:06:24","slug":"cordon-en-satin-15-mm-brun-fonce-grand-utilisation-par-bobine-80-m","status":"publish","type":"product","link":"https:\/\/www.jootjeshaakcadeautjes.nl\/fr\/produit\/cordon-en-satin-15-mm-brun-fonce-grand-utilisation-par-bobine-80-m\/","title":{"rendered":"Cordon satin\u00e9 1.5 mm &#8211; Marron fonc\u00e9 &#8211; en vrac &#8211; par bobine 80m"},"content":{"rendered":"<h1>Cordon satin\u00e9 1.5 mm &#8211; Marron fonc\u00e9 &#8211; en vrac &#8211; par bobine 80m<\/h1>\n<p>Cordon satin\u00e9 par bobine, \u00e9paisseur de 1,5 mm. Disponible par bobine de 80 m. Pour les personnes qui fabriquent beaucoup de faux cordons. Utiliser des morceaux d&#8217;environ 1m. Nous d\u00e9conseillons d\u00e9lib\u00e9r\u00e9ment l&#8217;utilisation d&#8217;un demi-m\u00e8tre, car cela est tr\u00e8s serr\u00e9 pour la plupart des projets et peut \u00e9galement entra\u00eener des risques pour la s\u00e9curit\u00e9. Utilisez toujours une quantit\u00e9 suffisante de cordon de satin (faites des allers-retours) et faites des n\u0153uds solides.<\/p>\n<p>Le cordon satin\u00e9 est un cordon tr\u00e8s robuste et lisse. La fa\u00e7on dont le fil est tiss\u00e9 le rend tr\u00e8s robuste et r\u00e9sistant. L&#8217;avantage de cette \u00e9paisseur est que l&#8217;on peut bien passer d&#8217;un c\u00f4t\u00e9 \u00e0 l&#8217;autre des perles, ce qui permet de nouer plusieurs fois et fermement.<\/p>\n<p>Le cordon de satin est utilis\u00e9 pour fabriquer des jouets de dentition tels que des anneaux de dentition, des gymnases pour b\u00e9b\u00e9s, des mobiles, des cordons pour t\u00e9tines ou des banni\u00e8res de landau.<\/p>\n","protected":false},"excerpt":{"rendered":"<ul>\n<li>  Cordon en satin.<\/li>\n<li>  Couleur : brun fonc\u00e9<\/li>\n<li>  \u00c9paisseur : 1,5 mm<\/li>\n<li>  Disponible par bobine de 80m<\/li>\n<\/ul>\n<p>Pour en savoir plus sur l&#8217;application du cordon de satin, voir le bas de la page.<\/p>\n","protected":false},"featured_media":79989,"template":"","meta":[],"product_brand":[],"product_cat":[13544,19539],"product_tag":[10010,12931,12932,13669,13672,10120,7384,7401,13671,7455,7463,13494,13548,13546,7418,10299,13670,10519,7392,13549,12804,7408],"class_list":{"0":"post-133456","1":"product","2":"type-product","3":"status-publish","4":"has-post-thumbnail","6":"product_cat-cordon-de-satin-cordon-de-cire-et-aiguille-a-badigeonner","7":"product_cat-cordon-satin-bobines-completes","8":"product_tag-1-fr","9":"product_tag-5-fr","10":"product_tag-5-mm-fr","11":"product_tag-80-fr","12":"product_tag-80m-fr","13":"product_tag-achats","14":"product_tag-anneau-de-dentition","15":"product_tag-bebe","16":"product_tag-bobine","17":"product_tag-chaine-de-landau","18":"product_tag-commerce-de-gros","19":"product_tag-cordon-fr","20":"product_tag-cordon-de-cire","21":"product_tag-cordon-de-satin","22":"product_tag-faux-cordon","23":"product_tag-filetage","24":"product_tag-m-fr-2","25":"product_tag-marron","26":"product_tag-mm-fr","27":"product_tag-satin-fr","28":"product_tag-sombre-fr","29":"product_tag-sur","30":"product_shipping_class-envoi-de-colis-necessaire","32":"first","33":"instock","34":"taxable","35":"shipping-taxable","36":"purchasable","37":"product-type-simple"},"bundled_by":[],"bundle_stock_status":"instock","bundle_stock_quantity":12,"bundle_virtual":false,"bundle_layout":"","bundle_add_to_cart_form_location":"","bundle_editable_in_cart":false,"bundle_sold_individually_context":"","bundle_item_grouping":"","bundle_min_size":"","bundle_max_size":"","bundle_price":[],"bundled_items":[],"bundle_sell_ids":[],"yoast_head":"<!-- This site is optimized with the Yoast SEO Premium plugin v27.6 (Yoast SEO v27.6) - https:\/\/yoast.com\/product\/yoast-seo-premium-wordpress\/ -->\n<title>Cordon satin\u00e9 1.5 mm - Marron fonc\u00e9 - en vrac - par bobine 80m -%.<\/title>\n<meta name=\"description\" content=\"Cordon en satin de 1,5 mm de diam\u00e8tre pour l&#039;enfilage d&#039;anneaux de dentition et de cordons pour t\u00e9tines en blanc. Sur bobine de 80 m. Exp\u00e9dition par colis.\" \/>\n<meta name=\"robots\" content=\"index, follow, max-snippet:-1, max-image-preview:large, max-video-preview:-1\" \/>\n<link rel=\"canonical\" href=\"https:\/\/www.jootjeshaakcadeautjes.nl\/fr\/produit\/cordon-en-satin-15-mm-brun-fonce-grand-utilisation-par-bobine-80-m\/\" \/>\n<meta property=\"og:locale\" content=\"fr_FR\" \/>\n<meta property=\"og:type\" content=\"article\" \/>\n<meta property=\"og:title\" content=\"Cordon satin\u00e9 1.5 mm - Marron fonc\u00e9 - en vrac - par bobine 80m\" \/>\n<meta property=\"og:description\" content=\"Cordon en satin de 1,5 mm de diam\u00e8tre pour l&#039;enfilage d&#039;anneaux de dentition et de cordons pour t\u00e9tines en blanc. Sur bobine de 80 m. Exp\u00e9dition par colis.\" \/>\n<meta property=\"og:url\" content=\"https:\/\/www.jootjeshaakcadeautjes.nl\/fr\/produit\/cordon-en-satin-15-mm-brun-fonce-grand-utilisation-par-bobine-80-m\/\" \/>\n<meta property=\"og:site_name\" content=\"Jootjes Haakcadeautjes\" \/>\n<meta property=\"article:modified_time\" content=\"2025-03-11T03:06:24+00:00\" \/>\n<meta property=\"og:image\" content=\"https:\/\/www.jootjeshaakcadeautjes.nl\/wp-content\/uploads\/2022\/04\/20220412_130749.jpg\" \/>\n\t<meta property=\"og:image:width\" content=\"2048\" \/>\n\t<meta property=\"og:image:height\" content=\"2048\" \/>\n\t<meta property=\"og:image:type\" content=\"image\/jpeg\" \/>\n<meta name=\"twitter:card\" content=\"summary_large_image\" \/>\n<meta name=\"twitter:label1\" content=\"Prix\" \/>\n\t<meta name=\"twitter:data1\" content=\"&euro;18.00 TTC\" \/>\n\t<meta name=\"twitter:label2\" content=\"Disponibilit\u00e9\" \/>\n\t<meta name=\"twitter:data2\" content=\"En stock\" \/>\n<script type=\"application\/ld+json\" class=\"yoast-schema-graph\">{\"@context\":\"https:\\\/\\\/schema.org\",\"@graph\":[{\"@type\":\"WebPage\",\"@id\":\"https:\\\/\\\/www.jootjeshaakcadeautjes.nl\\\/fr\\\/produit\\\/cordon-en-satin-15-mm-brun-fonce-grand-utilisation-par-bobine-80-m\\\/\",\"url\":\"https:\\\/\\\/www.jootjeshaakcadeautjes.nl\\\/fr\\\/produit\\\/cordon-en-satin-15-mm-brun-fonce-grand-utilisation-par-bobine-80-m\\\/\",\"name\":\"Cordon satin\u00e9 1.5 mm - Marron fonc\u00e9 - en vrac - par bobine 80m -%.\",\"isPartOf\":{\"@id\":\"https:\\\/\\\/www.jootjeshaakcadeautjes.nl\\\/fr\\\/#website\"},\"primaryImageOfPage\":{\"@id\":\"https:\\\/\\\/www.jootjeshaakcadeautjes.nl\\\/fr\\\/produit\\\/cordon-en-satin-15-mm-brun-fonce-grand-utilisation-par-bobine-80-m\\\/#primaryimage\"},\"image\":{\"@id\":\"https:\\\/\\\/www.jootjeshaakcadeautjes.nl\\\/fr\\\/produit\\\/cordon-en-satin-15-mm-brun-fonce-grand-utilisation-par-bobine-80-m\\\/#primaryimage\"},\"thumbnailUrl\":\"https:\\\/\\\/d1dyryakdmle7o.cloudfront.net\\\/wp-content\\\/uploads\\\/2022\\\/04\\\/20220412_130749.jpg\",\"datePublished\":\"2022-05-23T20:31:32+00:00\",\"dateModified\":\"2025-03-11T03:06:24+00:00\",\"description\":\"Cordon en satin de 1,5 mm de diam\u00e8tre pour l'enfilage d'anneaux de dentition et de cordons pour t\u00e9tines en blanc. Sur bobine de 80 m. Exp\u00e9dition par colis.\",\"breadcrumb\":{\"@id\":\"https:\\\/\\\/www.jootjeshaakcadeautjes.nl\\\/fr\\\/produit\\\/cordon-en-satin-15-mm-brun-fonce-grand-utilisation-par-bobine-80-m\\\/#breadcrumb\"},\"inLanguage\":\"fr-FR\",\"potentialAction\":[{\"@type\":\"ReadAction\",\"target\":[\"https:\\\/\\\/www.jootjeshaakcadeautjes.nl\\\/fr\\\/produit\\\/cordon-en-satin-15-mm-brun-fonce-grand-utilisation-par-bobine-80-m\\\/\"]}]},{\"@type\":\"ImageObject\",\"inLanguage\":\"fr-FR\",\"@id\":\"https:\\\/\\\/www.jootjeshaakcadeautjes.nl\\\/fr\\\/produit\\\/cordon-en-satin-15-mm-brun-fonce-grand-utilisation-par-bobine-80-m\\\/#primaryimage\",\"url\":\"https:\\\/\\\/d1dyryakdmle7o.cloudfront.net\\\/wp-content\\\/uploads\\\/2022\\\/04\\\/20220412_130749.jpg\",\"contentUrl\":\"https:\\\/\\\/d1dyryakdmle7o.cloudfront.net\\\/wp-content\\\/uploads\\\/2022\\\/04\\\/20220412_130749.jpg\",\"width\":2048,\"height\":2048,\"caption\":\"Cordon satin\u00e9 pour mannequin marron fonc\u00e9 1,5 mm\"},{\"@type\":\"BreadcrumbList\",\"@id\":\"https:\\\/\\\/www.jootjeshaakcadeautjes.nl\\\/fr\\\/produit\\\/cordon-en-satin-15-mm-brun-fonce-grand-utilisation-par-bobine-80-m\\\/#breadcrumb\",\"itemListElement\":[{\"@type\":\"ListItem\",\"position\":1,\"name\":\"Accueil\",\"item\":\"https:\\\/\\\/www.jootjeshaakcadeautjes.nl\\\/fr\\\/\"},{\"@type\":\"ListItem\",\"position\":2,\"name\":\"Commerce de gros de perles en silicone &#8211; Entreprises et consommateurs\",\"item\":\"https:\\\/\\\/www.jootjeshaakcadeautjes.nl\\\/fr\\\/boutique\\\/\"},{\"@type\":\"ListItem\",\"position\":3,\"name\":\"Cordon satin\u00e9 1.5 mm &#8211; Marron fonc\u00e9 &#8211; en vrac &#8211; par bobine 80m\"}]},{\"@type\":\"WebSite\",\"@id\":\"https:\\\/\\\/www.jootjeshaakcadeautjes.nl\\\/fr\\\/#website\",\"url\":\"https:\\\/\\\/www.jootjeshaakcadeautjes.nl\\\/fr\\\/\",\"name\":\"Jootjes Haakcadeautjes\",\"description\":\"Grossiste en perles de silicone\",\"publisher\":{\"@id\":\"https:\\\/\\\/www.jootjeshaakcadeautjes.nl\\\/fr\\\/#organization\"},\"potentialAction\":[{\"@type\":\"SearchAction\",\"target\":{\"@type\":\"EntryPoint\",\"urlTemplate\":\"https:\\\/\\\/www.jootjeshaakcadeautjes.nl\\\/fr\\\/?s={search_term_string}\"},\"query-input\":{\"@type\":\"PropertyValueSpecification\",\"valueRequired\":true,\"valueName\":\"search_term_string\"}}],\"inLanguage\":\"fr-FR\"},{\"@type\":\"Organization\",\"@id\":\"https:\\\/\\\/www.jootjeshaakcadeautjes.nl\\\/fr\\\/#organization\",\"name\":\"Jootjes Haakcadeautjes\",\"url\":\"https:\\\/\\\/www.jootjeshaakcadeautjes.nl\\\/fr\\\/\",\"logo\":{\"@type\":\"ImageObject\",\"inLanguage\":\"fr-FR\",\"@id\":\"https:\\\/\\\/www.jootjeshaakcadeautjes.nl\\\/fr\\\/#\\\/schema\\\/logo\\\/image\\\/\",\"url\":\"https:\\\/\\\/d1dyryakdmle7o.cloudfront.net\\\/wp-content\\\/uploads\\\/2023\\\/05\\\/Logo-rond.png\",\"contentUrl\":\"https:\\\/\\\/d1dyryakdmle7o.cloudfront.net\\\/wp-content\\\/uploads\\\/2023\\\/05\\\/Logo-rond.png\",\"width\":1222,\"height\":1222,\"caption\":\"Jootjes Haakcadeautjes\"},\"image\":{\"@id\":\"https:\\\/\\\/www.jootjeshaakcadeautjes.nl\\\/fr\\\/#\\\/schema\\\/logo\\\/image\\\/\"}}]}<\/script>\n<meta property=\"product:price:amount\" content=\"18.00\" \/>\n<meta property=\"product:price:currency\" content=\"EUR\" \/>\n<meta property=\"og:availability\" content=\"instock\" \/>\n<meta property=\"product:availability\" content=\"instock\" \/>\n<meta property=\"product:retailer_item_id\" content=\"SAT-K15-DBR\" \/>\n<meta property=\"product:condition\" content=\"new\" \/>\n<!-- \/ Yoast SEO Premium plugin. -->","yoast_head_json":{"title":"Cordon satin\u00e9 1.5 mm - Marron fonc\u00e9 - en vrac - par bobine 80m -%.","description":"Cordon en satin de 1,5 mm de diam\u00e8tre pour l'enfilage d'anneaux de dentition et de cordons pour t\u00e9tines en blanc. Sur bobine de 80 m. Exp\u00e9dition par colis.","robots":{"index":"index","follow":"follow","max-snippet":"max-snippet:-1","max-image-preview":"max-image-preview:large","max-video-preview":"max-video-preview:-1"},"canonical":"https:\/\/www.jootjeshaakcadeautjes.nl\/fr\/produit\/cordon-en-satin-15-mm-brun-fonce-grand-utilisation-par-bobine-80-m\/","og_locale":"fr_FR","og_type":"article","og_title":"Cordon satin\u00e9 1.5 mm - Marron fonc\u00e9 - en vrac - par bobine 80m","og_description":"Cordon en satin de 1,5 mm de diam\u00e8tre pour l'enfilage d'anneaux de dentition et de cordons pour t\u00e9tines en blanc. Sur bobine de 80 m. Exp\u00e9dition par colis.","og_url":"https:\/\/www.jootjeshaakcadeautjes.nl\/fr\/produit\/cordon-en-satin-15-mm-brun-fonce-grand-utilisation-par-bobine-80-m\/","og_site_name":"Jootjes Haakcadeautjes","article_modified_time":"2025-03-11T03:06:24+00:00","og_image":[{"width":2048,"height":2048,"url":"https:\/\/www.jootjeshaakcadeautjes.nl\/wp-content\/uploads\/2022\/04\/20220412_130749.jpg","type":"image\/jpeg"}],"twitter_card":"summary_large_image","twitter_misc":{"Prix":"&euro;18.00 TTC","Disponibilit\u00e9":"En stock"},"schema":{"@context":"https:\/\/schema.org","@graph":[{"@type":"WebPage","@id":"https:\/\/www.jootjeshaakcadeautjes.nl\/fr\/produit\/cordon-en-satin-15-mm-brun-fonce-grand-utilisation-par-bobine-80-m\/","url":"https:\/\/www.jootjeshaakcadeautjes.nl\/fr\/produit\/cordon-en-satin-15-mm-brun-fonce-grand-utilisation-par-bobine-80-m\/","name":"Cordon satin\u00e9 1.5 mm - Marron fonc\u00e9 - en vrac - par bobine 80m -%.","isPartOf":{"@id":"https:\/\/www.jootjeshaakcadeautjes.nl\/fr\/#website"},"primaryImageOfPage":{"@id":"https:\/\/www.jootjeshaakcadeautjes.nl\/fr\/produit\/cordon-en-satin-15-mm-brun-fonce-grand-utilisation-par-bobine-80-m\/#primaryimage"},"image":{"@id":"https:\/\/www.jootjeshaakcadeautjes.nl\/fr\/produit\/cordon-en-satin-15-mm-brun-fonce-grand-utilisation-par-bobine-80-m\/#primaryimage"},"thumbnailUrl":"https:\/\/d1dyryakdmle7o.cloudfront.net\/wp-content\/uploads\/2022\/04\/20220412_130749.jpg","datePublished":"2022-05-23T20:31:32+00:00","dateModified":"2025-03-11T03:06:24+00:00","description":"Cordon en satin de 1,5 mm de diam\u00e8tre pour l'enfilage d'anneaux de dentition et de cordons pour t\u00e9tines en blanc. Sur bobine de 80 m. Exp\u00e9dition par colis.","breadcrumb":{"@id":"https:\/\/www.jootjeshaakcadeautjes.nl\/fr\/produit\/cordon-en-satin-15-mm-brun-fonce-grand-utilisation-par-bobine-80-m\/#breadcrumb"},"inLanguage":"fr-FR","potentialAction":[{"@type":"ReadAction","target":["https:\/\/www.jootjeshaakcadeautjes.nl\/fr\/produit\/cordon-en-satin-15-mm-brun-fonce-grand-utilisation-par-bobine-80-m\/"]}]},{"@type":"ImageObject","inLanguage":"fr-FR","@id":"https:\/\/www.jootjeshaakcadeautjes.nl\/fr\/produit\/cordon-en-satin-15-mm-brun-fonce-grand-utilisation-par-bobine-80-m\/#primaryimage","url":"https:\/\/d1dyryakdmle7o.cloudfront.net\/wp-content\/uploads\/2022\/04\/20220412_130749.jpg","contentUrl":"https:\/\/d1dyryakdmle7o.cloudfront.net\/wp-content\/uploads\/2022\/04\/20220412_130749.jpg","width":2048,"height":2048,"caption":"Cordon satin\u00e9 pour mannequin marron fonc\u00e9 1,5 mm"},{"@type":"BreadcrumbList","@id":"https:\/\/www.jootjeshaakcadeautjes.nl\/fr\/produit\/cordon-en-satin-15-mm-brun-fonce-grand-utilisation-par-bobine-80-m\/#breadcrumb","itemListElement":[{"@type":"ListItem","position":1,"name":"Accueil","item":"https:\/\/www.jootjeshaakcadeautjes.nl\/fr\/"},{"@type":"ListItem","position":2,"name":"Commerce de gros de perles en silicone &#8211; Entreprises et consommateurs","item":"https:\/\/www.jootjeshaakcadeautjes.nl\/fr\/boutique\/"},{"@type":"ListItem","position":3,"name":"Cordon satin\u00e9 1.5 mm &#8211; Marron fonc\u00e9 &#8211; en vrac &#8211; par bobine 80m"}]},{"@type":"WebSite","@id":"https:\/\/www.jootjeshaakcadeautjes.nl\/fr\/#website","url":"https:\/\/www.jootjeshaakcadeautjes.nl\/fr\/","name":"Jootjes Haakcadeautjes","description":"Grossiste en perles de silicone","publisher":{"@id":"https:\/\/www.jootjeshaakcadeautjes.nl\/fr\/#organization"},"potentialAction":[{"@type":"SearchAction","target":{"@type":"EntryPoint","urlTemplate":"https:\/\/www.jootjeshaakcadeautjes.nl\/fr\/?s={search_term_string}"},"query-input":{"@type":"PropertyValueSpecification","valueRequired":true,"valueName":"search_term_string"}}],"inLanguage":"fr-FR"},{"@type":"Organization","@id":"https:\/\/www.jootjeshaakcadeautjes.nl\/fr\/#organization","name":"Jootjes Haakcadeautjes","url":"https:\/\/www.jootjeshaakcadeautjes.nl\/fr\/","logo":{"@type":"ImageObject","inLanguage":"fr-FR","@id":"https:\/\/www.jootjeshaakcadeautjes.nl\/fr\/#\/schema\/logo\/image\/","url":"https:\/\/d1dyryakdmle7o.cloudfront.net\/wp-content\/uploads\/2023\/05\/Logo-rond.png","contentUrl":"https:\/\/d1dyryakdmle7o.cloudfront.net\/wp-content\/uploads\/2023\/05\/Logo-rond.png","width":1222,"height":1222,"caption":"Jootjes Haakcadeautjes"},"image":{"@id":"https:\/\/www.jootjeshaakcadeautjes.nl\/fr\/#\/schema\/logo\/image\/"}}]},"product_price_amount":"18.00","product_price_currency":"EUR","og_availability":"instock","product_availability":"instock","product_retailer_item_id":"SAT-K15-DBR","product_condition":"new"},"_links":{"self":[{"href":"https:\/\/www.jootjeshaakcadeautjes.nl\/fr\/wp-json\/wp\/v2\/product\/133456","targetHints":{"allow":["GET"]}}],"collection":[{"href":"https:\/\/www.jootjeshaakcadeautjes.nl\/fr\/wp-json\/wp\/v2\/product"}],"about":[{"href":"https:\/\/www.jootjeshaakcadeautjes.nl\/fr\/wp-json\/wp\/v2\/types\/product"}],"version-history":[{"count":0,"href":"https:\/\/www.jootjeshaakcadeautjes.nl\/fr\/wp-json\/wp\/v2\/product\/133456\/revisions"}],"wp:featuredmedia":[{"embeddable":true,"href":"https:\/\/www.jootjeshaakcadeautjes.nl\/fr\/wp-json\/wp\/v2\/media\/79989"}],"wp:attachment":[{"href":"https:\/\/www.jootjeshaakcadeautjes.nl\/fr\/wp-json\/wp\/v2\/media?parent=133456"}],"wp:term":[{"taxonomy":"product_brand","embeddable":true,"href":"https:\/\/www.jootjeshaakcadeautjes.nl\/fr\/wp-json\/wp\/v2\/product_brand?post=133456"},{"taxonomy":"product_cat","embeddable":true,"href":"https:\/\/www.jootjeshaakcadeautjes.nl\/fr\/wp-json\/wp\/v2\/product_cat?post=133456"},{"taxonomy":"product_tag","embeddable":true,"href":"https:\/\/www.jootjeshaakcadeautjes.nl\/fr\/wp-json\/wp\/v2\/product_tag?post=133456"}],"curies":[{"name":"wp","href":"https:\/\/api.w.org\/{rel}","templated":true}]}}