{"id":133458,"date":"2022-05-23T22:42:07","date_gmt":"2022-05-23T21:42:07","guid":{"rendered":"https:\/\/www.jootjeshaakcadeautjes.nl\/product\/silicone-biting-ice-bear-old-lace\/"},"modified":"2025-08-29T00:28:16","modified_gmt":"2025-08-28T22:28:16","slug":"silicone-biting-ice-bear-old-lace","status":"publish","type":"product","link":"https:\/\/www.jootjeshaakcadeautjes.nl\/fr\/produit\/silicone-biting-ice-bear-old-lace\/","title":{"rendered":"Anneau de dentition en silicone Ours polaire &#8211; Old Lace"},"content":{"rendered":"<h1><strong>Anneau de dentition en silicone Ours polaire &#8211; Old Lace<\/strong><\/h1>\n<p>L&#8217;anneau de silicone ou anneau de dentition Polar Bear &#8211; Old Lace est fabriqu\u00e9 en silicone sans BPA. Cela signifie que les produits ont \u00e9t\u00e9 jug\u00e9s s\u00fbrs pour une utilisation dans les jouets pour enfants et les jouets de dentition pour b\u00e9b\u00e9s. L&#8217;application de silicone ne contient pas de substances nocives. Nos produits sont donc conformes \u00e0 toutes les certifications n\u00e9cessaires. Les mat\u00e9riaux en silicone peuvent \u00e9galement \u00eatre conserv\u00e9s au r\u00e9frig\u00e9rateur. C&#8217;est tr\u00e8s agr\u00e9able pour les dents douloureuses.<\/p>\n<p>La figurine de dentition en silicone est grav\u00e9e au dos. En utilisant diff\u00e9rentes textures dans vos jouets pour b\u00e9b\u00e9s faits main, l&#8217;enfant est encourag\u00e9 \u00e0 se d\u00e9velopper. Un enfant apprend d&#8217;abord beaucoup gr\u00e2ce \u00e0 ses sens. Il est donc judicieux de varier en fonction des points suivants :<\/p>\n<ul>\n<li>Mat\u00e9riau\n<ul>\n<li>Silicone<\/li>\n<li>Bois<\/li>\n<li>Fil \u00e0 crochet.\n<ul>\n<li>Le fil de coton est g\u00e9n\u00e9ralement utilis\u00e9 car il est moins pelucheux. Les enfants n&#8217;en tirent pas de fibres.<\/li>\n<\/ul>\n<\/li>\n<\/ul>\n<\/li>\n<li>Texture\/Relief\n<ul>\n<li>Tous nos produits en silicone ont leur propre relief, tant au recto qu&#8217;au verso.<\/li>\n<li>De toute fa\u00e7on, le bois, le silicone et le fil ont tous leur propre toucher et leur propre texture.<\/li>\n<\/ul>\n<\/li>\n<li>Formes : rondes, g\u00e9om\u00e9triques, ovales, plusieurs animaux, anneaux.<\/li>\n<li>Visuel :\n<ul>\n<li>Diff\u00e9rentes formes<\/li>\n<li>Diff\u00e9rentes couleurs<\/li>\n<\/ul>\n<\/li>\n<\/ul>\n<p>Les appliques en silicone, comme les appliques en bois, sont souvent utilis\u00e9es pour fabriquer des jouets pour b\u00e9b\u00e9s \u00e0 la main. Les appliques se combinent bien avec nos perles en silicone (20 mm ou en forme de Mickey Mouse). En voici quelques exemples.<\/p>\n<h4><\/h4>\n","protected":false},"excerpt":{"rendered":"<ul>\n<li>Ours polaire qui fait ses dents &#8211; Old Lace<\/li>\n<li>Fabriqu\u00e9 en silicone sans BPA.<\/li>\n<li>Certifi\u00e9 CE, 100% s\u00fbr pour les enfants.<\/li>\n<\/ul>\n<p>Avec les perles assorties Polar Bear Old Lace.<\/p>\n","protected":false},"featured_media":80763,"template":"","meta":[],"product_brand":[],"product_cat":[12293,13161,7378,12682,18013],"product_tag":[10526,7384,12312,7401,7455,10531,7418,12657,13256,10402,7415,7212],"class_list":{"0":"post-133458","1":"product","2":"type-product","3":"status-publish","4":"has-post-thumbnail","6":"product_cat-anneaux-de-dentition-bebe-silicone-et-bois","7":"product_cat-anneaux-de-dentition-pour-animaux","8":"product_cat-fabrication-de-jouets-de-dentition-pour-bebe-cordon-de-sucette-et-anneaux-de-dentition","9":"product_cat-figurines-de-dentition-en-silicone-anneau-de-dentition-pendentif-de-dentition","10":"product_cat-siliconen-kralen-kerst-fr","11":"product_tag-ancien","12":"product_tag-anneau-de-dentition","13":"product_tag-babygym-fr","14":"product_tag-bebe","15":"product_tag-chaine-de-landau","16":"product_tag-dentelle","17":"product_tag-faux-cordon","18":"product_tag-jouet-de-dentition","19":"product_tag-ours-polaire","20":"product_tag-pendentif","21":"product_tag-sans-bpa","22":"product_tag-silicone-fr","24":"first","25":"outofstock","26":"taxable","27":"shipping-taxable","28":"purchasable","29":"product-type-simple"},"bundled_by":[],"bundle_stock_status":"outofstock","bundle_stock_quantity":0,"bundle_virtual":false,"bundle_layout":"","bundle_add_to_cart_form_location":"","bundle_editable_in_cart":false,"bundle_sold_individually_context":"","bundle_item_grouping":"","bundle_min_size":"","bundle_max_size":"","bundle_price":[],"bundled_items":[],"bundle_sell_ids":[],"yoast_head":"<!-- This site is optimized with the Yoast SEO Premium plugin v27.4 (Yoast SEO v27.4) - https:\/\/yoast.com\/product\/yoast-seo-premium-wordpress\/ -->\n<title>Anneau de dentition en silicone tortue - anneaux tortue | Making teething toys<\/title>\n<meta name=\"description\" content=\"Anneau de dentition en silicone en forme de tortue pour anneau de dentition, cordon de landau, cordon de t\u00e9tine ou babygym. Sans BPA, certifi\u00e9 CE.\" \/>\n<meta name=\"robots\" content=\"index, follow, max-snippet:-1, max-image-preview:large, max-video-preview:-1\" \/>\n<link rel=\"canonical\" href=\"https:\/\/www.jootjeshaakcadeautjes.nl\/fr\/produit\/silicone-biting-ice-bear-old-lace\/\" \/>\n<meta property=\"og:locale\" content=\"fr_FR\" \/>\n<meta property=\"og:type\" content=\"article\" \/>\n<meta property=\"og:title\" content=\"Anneau de dentition en silicone Ours polaire - Old Lace\" \/>\n<meta property=\"og:description\" content=\"Anneau de dentition en silicone en forme de tortue pour anneau de dentition, cordon de landau, cordon de t\u00e9tine ou babygym. Sans BPA, certifi\u00e9 CE.\" \/>\n<meta property=\"og:url\" content=\"https:\/\/www.jootjeshaakcadeautjes.nl\/fr\/produit\/silicone-biting-ice-bear-old-lace\/\" \/>\n<meta property=\"og:site_name\" content=\"Jootjes Haakcadeautjes\" \/>\n<meta property=\"article:modified_time\" content=\"2025-08-28T22:28:16+00:00\" \/>\n<meta property=\"og:image\" content=\"https:\/\/www.jootjeshaakcadeautjes.nl\/wp-content\/uploads\/2022\/05\/20220526_211638.jpg\" \/>\n\t<meta property=\"og:image:width\" content=\"2048\" \/>\n\t<meta property=\"og:image:height\" content=\"2048\" \/>\n\t<meta property=\"og:image:type\" content=\"image\/jpeg\" \/>\n<meta name=\"twitter:card\" content=\"summary_large_image\" \/>\n<meta name=\"twitter:label1\" content=\"Prix\" \/>\n\t<meta name=\"twitter:data1\" content=\"&euro;3.50 TTC\" \/>\n\t<meta name=\"twitter:label2\" content=\"Disponibilit\u00e9\" \/>\n\t<meta name=\"twitter:data2\" content=\"Rupture de stock\" \/>\n<script type=\"application\/ld+json\" class=\"yoast-schema-graph\">{\"@context\":\"https:\\\/\\\/schema.org\",\"@graph\":[{\"@type\":\"WebPage\",\"@id\":\"https:\\\/\\\/www.jootjeshaakcadeautjes.nl\\\/fr\\\/produit\\\/silicone-biting-ice-bear-old-lace\\\/\",\"url\":\"https:\\\/\\\/www.jootjeshaakcadeautjes.nl\\\/fr\\\/produit\\\/silicone-biting-ice-bear-old-lace\\\/\",\"name\":\"Anneau de dentition en silicone tortue - anneaux tortue | Making teething toys\",\"isPartOf\":{\"@id\":\"https:\\\/\\\/www.jootjeshaakcadeautjes.nl\\\/fr\\\/#website\"},\"primaryImageOfPage\":{\"@id\":\"https:\\\/\\\/www.jootjeshaakcadeautjes.nl\\\/fr\\\/produit\\\/silicone-biting-ice-bear-old-lace\\\/#primaryimage\"},\"image\":{\"@id\":\"https:\\\/\\\/www.jootjeshaakcadeautjes.nl\\\/fr\\\/produit\\\/silicone-biting-ice-bear-old-lace\\\/#primaryimage\"},\"thumbnailUrl\":\"https:\\\/\\\/d1dyryakdmle7o.cloudfront.net\\\/wp-content\\\/uploads\\\/2022\\\/05\\\/20220526_211638.jpg\",\"datePublished\":\"2022-05-23T21:42:07+00:00\",\"dateModified\":\"2025-08-28T22:28:16+00:00\",\"description\":\"Anneau de dentition en silicone en forme de tortue pour anneau de dentition, cordon de landau, cordon de t\u00e9tine ou babygym. Sans BPA, certifi\u00e9 CE.\",\"breadcrumb\":{\"@id\":\"https:\\\/\\\/www.jootjeshaakcadeautjes.nl\\\/fr\\\/produit\\\/silicone-biting-ice-bear-old-lace\\\/#breadcrumb\"},\"inLanguage\":\"fr-FR\",\"potentialAction\":[{\"@type\":\"ReadAction\",\"target\":[\"https:\\\/\\\/www.jootjeshaakcadeautjes.nl\\\/fr\\\/produit\\\/silicone-biting-ice-bear-old-lace\\\/\"]}]},{\"@type\":\"ImageObject\",\"inLanguage\":\"fr-FR\",\"@id\":\"https:\\\/\\\/www.jootjeshaakcadeautjes.nl\\\/fr\\\/produit\\\/silicone-biting-ice-bear-old-lace\\\/#primaryimage\",\"url\":\"https:\\\/\\\/d1dyryakdmle7o.cloudfront.net\\\/wp-content\\\/uploads\\\/2022\\\/05\\\/20220526_211638.jpg\",\"contentUrl\":\"https:\\\/\\\/d1dyryakdmle7o.cloudfront.net\\\/wp-content\\\/uploads\\\/2022\\\/05\\\/20220526_211638.jpg\",\"width\":2048,\"height\":2048},{\"@type\":\"BreadcrumbList\",\"@id\":\"https:\\\/\\\/www.jootjeshaakcadeautjes.nl\\\/fr\\\/produit\\\/silicone-biting-ice-bear-old-lace\\\/#breadcrumb\",\"itemListElement\":[{\"@type\":\"ListItem\",\"position\":1,\"name\":\"Accueil\",\"item\":\"https:\\\/\\\/www.jootjeshaakcadeautjes.nl\\\/fr\\\/\"},{\"@type\":\"ListItem\",\"position\":2,\"name\":\"Commerce de gros de perles en silicone &#8211; Entreprises et consommateurs\",\"item\":\"https:\\\/\\\/www.jootjeshaakcadeautjes.nl\\\/fr\\\/boutique\\\/\"},{\"@type\":\"ListItem\",\"position\":3,\"name\":\"Anneau de dentition en silicone Ours polaire &#8211; Old Lace\"}]},{\"@type\":\"WebSite\",\"@id\":\"https:\\\/\\\/www.jootjeshaakcadeautjes.nl\\\/fr\\\/#website\",\"url\":\"https:\\\/\\\/www.jootjeshaakcadeautjes.nl\\\/fr\\\/\",\"name\":\"Jootjes Haakcadeautjes\",\"description\":\"Grossiste en perles de silicone\",\"publisher\":{\"@id\":\"https:\\\/\\\/www.jootjeshaakcadeautjes.nl\\\/fr\\\/#organization\"},\"potentialAction\":[{\"@type\":\"SearchAction\",\"target\":{\"@type\":\"EntryPoint\",\"urlTemplate\":\"https:\\\/\\\/www.jootjeshaakcadeautjes.nl\\\/fr\\\/?s={search_term_string}\"},\"query-input\":{\"@type\":\"PropertyValueSpecification\",\"valueRequired\":true,\"valueName\":\"search_term_string\"}}],\"inLanguage\":\"fr-FR\"},{\"@type\":\"Organization\",\"@id\":\"https:\\\/\\\/www.jootjeshaakcadeautjes.nl\\\/fr\\\/#organization\",\"name\":\"Jootjes Haakcadeautjes\",\"url\":\"https:\\\/\\\/www.jootjeshaakcadeautjes.nl\\\/fr\\\/\",\"logo\":{\"@type\":\"ImageObject\",\"inLanguage\":\"fr-FR\",\"@id\":\"https:\\\/\\\/www.jootjeshaakcadeautjes.nl\\\/fr\\\/#\\\/schema\\\/logo\\\/image\\\/\",\"url\":\"https:\\\/\\\/jootjes-haakcadeautjes-media.s3.amazonaws.com\\\/wp-content\\\/uploads\\\/2023\\\/05\\\/Logo-rond.png\",\"contentUrl\":\"https:\\\/\\\/jootjes-haakcadeautjes-media.s3.amazonaws.com\\\/wp-content\\\/uploads\\\/2023\\\/05\\\/Logo-rond.png\",\"width\":1222,\"height\":1222,\"caption\":\"Jootjes Haakcadeautjes\"},\"image\":{\"@id\":\"https:\\\/\\\/www.jootjeshaakcadeautjes.nl\\\/fr\\\/#\\\/schema\\\/logo\\\/image\\\/\"}}]}<\/script>\n<meta property=\"product:price:amount\" content=\"3.50\" \/>\n<meta property=\"product:price:currency\" content=\"EUR\" \/>\n<meta property=\"og:availability\" content=\"out of stock\" \/>\n<meta property=\"product:availability\" content=\"out of stock\" \/>\n<meta property=\"product:retailer_item_id\" content=\"SRI-IJSB-OLC\" \/>\n<meta property=\"product:condition\" content=\"new\" \/>\n<!-- \/ Yoast SEO Premium plugin. -->","yoast_head_json":{"title":"Anneau de dentition en silicone tortue - anneaux tortue | Making teething toys","description":"Anneau de dentition en silicone en forme de tortue pour anneau de dentition, cordon de landau, cordon de t\u00e9tine ou babygym. Sans BPA, certifi\u00e9 CE.","robots":{"index":"index","follow":"follow","max-snippet":"max-snippet:-1","max-image-preview":"max-image-preview:large","max-video-preview":"max-video-preview:-1"},"canonical":"https:\/\/www.jootjeshaakcadeautjes.nl\/fr\/produit\/silicone-biting-ice-bear-old-lace\/","og_locale":"fr_FR","og_type":"article","og_title":"Anneau de dentition en silicone Ours polaire - Old Lace","og_description":"Anneau de dentition en silicone en forme de tortue pour anneau de dentition, cordon de landau, cordon de t\u00e9tine ou babygym. Sans BPA, certifi\u00e9 CE.","og_url":"https:\/\/www.jootjeshaakcadeautjes.nl\/fr\/produit\/silicone-biting-ice-bear-old-lace\/","og_site_name":"Jootjes Haakcadeautjes","article_modified_time":"2025-08-28T22:28:16+00:00","og_image":[{"width":2048,"height":2048,"url":"https:\/\/www.jootjeshaakcadeautjes.nl\/wp-content\/uploads\/2022\/05\/20220526_211638.jpg","type":"image\/jpeg"}],"twitter_card":"summary_large_image","twitter_misc":{"Prix":"&euro;3.50 TTC","Disponibilit\u00e9":"Rupture de stock"},"schema":{"@context":"https:\/\/schema.org","@graph":[{"@type":"WebPage","@id":"https:\/\/www.jootjeshaakcadeautjes.nl\/fr\/produit\/silicone-biting-ice-bear-old-lace\/","url":"https:\/\/www.jootjeshaakcadeautjes.nl\/fr\/produit\/silicone-biting-ice-bear-old-lace\/","name":"Anneau de dentition en silicone tortue - anneaux tortue | Making teething toys","isPartOf":{"@id":"https:\/\/www.jootjeshaakcadeautjes.nl\/fr\/#website"},"primaryImageOfPage":{"@id":"https:\/\/www.jootjeshaakcadeautjes.nl\/fr\/produit\/silicone-biting-ice-bear-old-lace\/#primaryimage"},"image":{"@id":"https:\/\/www.jootjeshaakcadeautjes.nl\/fr\/produit\/silicone-biting-ice-bear-old-lace\/#primaryimage"},"thumbnailUrl":"https:\/\/d1dyryakdmle7o.cloudfront.net\/wp-content\/uploads\/2022\/05\/20220526_211638.jpg","datePublished":"2022-05-23T21:42:07+00:00","dateModified":"2025-08-28T22:28:16+00:00","description":"Anneau de dentition en silicone en forme de tortue pour anneau de dentition, cordon de landau, cordon de t\u00e9tine ou babygym. Sans BPA, certifi\u00e9 CE.","breadcrumb":{"@id":"https:\/\/www.jootjeshaakcadeautjes.nl\/fr\/produit\/silicone-biting-ice-bear-old-lace\/#breadcrumb"},"inLanguage":"fr-FR","potentialAction":[{"@type":"ReadAction","target":["https:\/\/www.jootjeshaakcadeautjes.nl\/fr\/produit\/silicone-biting-ice-bear-old-lace\/"]}]},{"@type":"ImageObject","inLanguage":"fr-FR","@id":"https:\/\/www.jootjeshaakcadeautjes.nl\/fr\/produit\/silicone-biting-ice-bear-old-lace\/#primaryimage","url":"https:\/\/d1dyryakdmle7o.cloudfront.net\/wp-content\/uploads\/2022\/05\/20220526_211638.jpg","contentUrl":"https:\/\/d1dyryakdmle7o.cloudfront.net\/wp-content\/uploads\/2022\/05\/20220526_211638.jpg","width":2048,"height":2048},{"@type":"BreadcrumbList","@id":"https:\/\/www.jootjeshaakcadeautjes.nl\/fr\/produit\/silicone-biting-ice-bear-old-lace\/#breadcrumb","itemListElement":[{"@type":"ListItem","position":1,"name":"Accueil","item":"https:\/\/www.jootjeshaakcadeautjes.nl\/fr\/"},{"@type":"ListItem","position":2,"name":"Commerce de gros de perles en silicone &#8211; Entreprises et consommateurs","item":"https:\/\/www.jootjeshaakcadeautjes.nl\/fr\/boutique\/"},{"@type":"ListItem","position":3,"name":"Anneau de dentition en silicone Ours polaire &#8211; Old Lace"}]},{"@type":"WebSite","@id":"https:\/\/www.jootjeshaakcadeautjes.nl\/fr\/#website","url":"https:\/\/www.jootjeshaakcadeautjes.nl\/fr\/","name":"Jootjes Haakcadeautjes","description":"Grossiste en perles de silicone","publisher":{"@id":"https:\/\/www.jootjeshaakcadeautjes.nl\/fr\/#organization"},"potentialAction":[{"@type":"SearchAction","target":{"@type":"EntryPoint","urlTemplate":"https:\/\/www.jootjeshaakcadeautjes.nl\/fr\/?s={search_term_string}"},"query-input":{"@type":"PropertyValueSpecification","valueRequired":true,"valueName":"search_term_string"}}],"inLanguage":"fr-FR"},{"@type":"Organization","@id":"https:\/\/www.jootjeshaakcadeautjes.nl\/fr\/#organization","name":"Jootjes Haakcadeautjes","url":"https:\/\/www.jootjeshaakcadeautjes.nl\/fr\/","logo":{"@type":"ImageObject","inLanguage":"fr-FR","@id":"https:\/\/www.jootjeshaakcadeautjes.nl\/fr\/#\/schema\/logo\/image\/","url":"https:\/\/jootjes-haakcadeautjes-media.s3.amazonaws.com\/wp-content\/uploads\/2023\/05\/Logo-rond.png","contentUrl":"https:\/\/jootjes-haakcadeautjes-media.s3.amazonaws.com\/wp-content\/uploads\/2023\/05\/Logo-rond.png","width":1222,"height":1222,"caption":"Jootjes Haakcadeautjes"},"image":{"@id":"https:\/\/www.jootjeshaakcadeautjes.nl\/fr\/#\/schema\/logo\/image\/"}}]},"product_price_amount":"3.50","product_price_currency":"EUR","og_availability":"out of stock","product_availability":"out of stock","product_retailer_item_id":"SRI-IJSB-OLC","product_condition":"new"},"_links":{"self":[{"href":"https:\/\/www.jootjeshaakcadeautjes.nl\/fr\/wp-json\/wp\/v2\/product\/133458","targetHints":{"allow":["GET"]}}],"collection":[{"href":"https:\/\/www.jootjeshaakcadeautjes.nl\/fr\/wp-json\/wp\/v2\/product"}],"about":[{"href":"https:\/\/www.jootjeshaakcadeautjes.nl\/fr\/wp-json\/wp\/v2\/types\/product"}],"version-history":[{"count":0,"href":"https:\/\/www.jootjeshaakcadeautjes.nl\/fr\/wp-json\/wp\/v2\/product\/133458\/revisions"}],"wp:featuredmedia":[{"embeddable":true,"href":"https:\/\/www.jootjeshaakcadeautjes.nl\/fr\/wp-json\/wp\/v2\/media\/80763"}],"wp:attachment":[{"href":"https:\/\/www.jootjeshaakcadeautjes.nl\/fr\/wp-json\/wp\/v2\/media?parent=133458"}],"wp:term":[{"taxonomy":"product_brand","embeddable":true,"href":"https:\/\/www.jootjeshaakcadeautjes.nl\/fr\/wp-json\/wp\/v2\/product_brand?post=133458"},{"taxonomy":"product_cat","embeddable":true,"href":"https:\/\/www.jootjeshaakcadeautjes.nl\/fr\/wp-json\/wp\/v2\/product_cat?post=133458"},{"taxonomy":"product_tag","embeddable":true,"href":"https:\/\/www.jootjeshaakcadeautjes.nl\/fr\/wp-json\/wp\/v2\/product_tag?post=133458"}],"curies":[{"name":"wp","href":"https:\/\/api.w.org\/{rel}","templated":true}]}}