{"id":133483,"date":"2022-05-22T14:42:49","date_gmt":"2022-05-22T12:42:49","guid":{"rendered":"https:\/\/www.jootjeshaakcadeautjes.nl\/product\/perles-en-silicone-20-mm-rond-vintage-rose-impression-blanche\/"},"modified":"2025-07-17T14:26:15","modified_gmt":"2025-07-17T12:26:15","slug":"perles-en-silicone-20-mm-rond-vintage-rose-impression-blanche","status":"publish","type":"product","link":"https:\/\/www.jootjeshaakcadeautjes.nl\/fr\/produit\/perles-en-silicone-20-mm-rond-vintage-rose-impression-blanche\/","title":{"rendered":"Perles en silicone 20 mm &#8211; Rondes &#8211; Rose Vintage &#8211; Blanc &#8211; Impression"},"content":{"rendered":"<h2>Perles en silicone &#8211; 20 mm &#8211; rondes &#8211; rose vintage &#8211; blanc &#8211; imprim\u00e9<\/h2>\n<p>Taille : 20 mm<br \/>\nCouleur : blanc\/noir rose vintage<\/p>\n<p>Mat\u00e9riau : silicone certifi\u00e9 CE et test\u00e9 en toute s\u00e9curit\u00e9 conform\u00e9ment \u00e0 la norme EN-71. Sans BPA, sans phtalates, sans PVC et sans autres produits chimiques nocifs, conform\u00e9ment \u00e0 la norme EN-71.<\/p>\n<p>&nbsp;<\/p>\n","protected":false},"excerpt":{"rendered":"<p>Taille : 20 mm<br \/>\nCouleur : blanc\/noir rose vintage<\/p>\n<p>Mat\u00e9riau : silicone certifi\u00e9 CE et test\u00e9 en toute s\u00e9curit\u00e9 conform\u00e9ment \u00e0 la norme EN-71. Sans BPA, sans phtalates, sans PVC et sans autres produits chimiques nocifs, conform\u00e9ment \u00e0 la norme EN-71.<\/p>\n<p>Il se marie \u00e0 merveille avec les perles en <a href=\"https:\/\/www.jootjeshaakcadeautjes.nl\/product\/luipaard-goud-wit-siliconen-kralen-12-mm-16-mm-en-hexagon-17-mm\/\">imprim\u00e9 l\u00e9opard dor\u00e9<\/a>.<\/p>\n","protected":false},"featured_media":79428,"template":"","meta":[],"product_brand":[],"product_cat":[7378,10237,6992],"product_tag":[7457,7448,7384,7474,7533,7424,7463,7418,7440,7513,7392,7200,10002,9993,7617,7415,7212,10116],"class_list":{"0":"post-133483","1":"product","2":"type-product","3":"status-publish","4":"has-post-thumbnail","6":"product_cat-fabrication-de-jouets-de-dentition-pour-bebe-cordon-de-sucette-et-anneaux-de-dentition","7":"product_cat-perles-en-silicone-imprimes-de-fleurs","8":"product_cat-perles-en-silicone-sans-bpa-grossiste","9":"product_tag-20-fr","10":"product_tag-20-mm-fr","11":"product_tag-anneau-de-dentition","12":"product_tag-autour-de","13":"product_tag-blanc","14":"product_tag-bpa-fr","15":"product_tag-commerce-de-gros","16":"product_tag-faux-cordon","17":"product_tag-gratuit","18":"product_tag-imprimer","19":"product_tag-mm-fr","20":"product_tag-perles","21":"product_tag-phtalate","22":"product_tag-pvc-fr","23":"product_tag-rose-fr-2","24":"product_tag-sans-bpa","25":"product_tag-silicone-fr","26":"product_tag-vintage-fr","28":"first","29":"instock","30":"taxable","31":"shipping-taxable","32":"purchasable","33":"product-type-simple"},"bundled_by":[],"bundle_stock_status":"instock","bundle_stock_quantity":199,"bundle_virtual":false,"bundle_layout":"","bundle_add_to_cart_form_location":"","bundle_editable_in_cart":false,"bundle_sold_individually_context":"","bundle_item_grouping":"","bundle_min_size":"","bundle_max_size":"","bundle_price":[],"bundled_items":[],"bundle_sell_ids":[],"yoast_head":"<!-- This site is optimized with the Yoast SEO Premium plugin v26.4 (Yoast SEO v26.9) - https:\/\/yoast.com\/product\/yoast-seo-premium-wordpress\/ -->\n<title>Perles en silicone 20 mm - Rondes - Rose Vintage - Blanc - Impression - Baby<\/title>\n<meta name=\"description\" content=\"Perles en silicone - Impression dor\u00e9e 20mm. Sans BPA, phtalate ni PVC. En provenance directe des grossistes. Sans danger pour les b\u00e9b\u00e9s, pour le cordon de la t\u00e9tine et l&#039;anneau de dentition.\" \/>\n<meta name=\"robots\" content=\"index, follow, max-snippet:-1, max-image-preview:large, max-video-preview:-1\" \/>\n<link rel=\"canonical\" href=\"https:\/\/www.jootjeshaakcadeautjes.nl\/fr\/produit\/perles-en-silicone-20-mm-rond-vintage-rose-impression-blanche\/\" \/>\n<meta property=\"og:locale\" content=\"fr_FR\" \/>\n<meta property=\"og:type\" content=\"article\" \/>\n<meta property=\"og:title\" content=\"Perles en silicone 20 mm - Rondes - Rose Vintage - Blanc - Impression\" \/>\n<meta property=\"og:description\" content=\"Perles en silicone - Impression dor\u00e9e 20mm. Sans BPA, phtalate ni PVC. En provenance directe des grossistes. Sans danger pour les b\u00e9b\u00e9s, pour le cordon de la t\u00e9tine et l&#039;anneau de dentition.\" \/>\n<meta property=\"og:url\" content=\"https:\/\/www.jootjeshaakcadeautjes.nl\/fr\/produit\/perles-en-silicone-20-mm-rond-vintage-rose-impression-blanche\/\" \/>\n<meta property=\"og:site_name\" content=\"Jootjes Haakcadeautjes\" \/>\n<meta property=\"article:modified_time\" content=\"2025-07-17T12:26:15+00:00\" \/>\n<meta property=\"og:image\" content=\"https:\/\/www.jootjeshaakcadeautjes.nl\/wp-content\/uploads\/2022\/03\/20220317_213725.jpg\" \/>\n\t<meta property=\"og:image:width\" content=\"1679\" \/>\n\t<meta property=\"og:image:height\" content=\"1679\" \/>\n\t<meta property=\"og:image:type\" content=\"image\/jpeg\" \/>\n<meta name=\"twitter:card\" content=\"summary_large_image\" \/>\n<meta name=\"twitter:label1\" content=\"Prix\" \/>\n\t<meta name=\"twitter:data1\" content=\"&euro;0.60 TTC\" \/>\n\t<meta name=\"twitter:label2\" content=\"Disponibilit\u00e9\" \/>\n\t<meta name=\"twitter:data2\" content=\"En stock\" \/>\n<script type=\"application\/ld+json\" class=\"yoast-schema-graph\">{\"@context\":\"https:\/\/schema.org\",\"@graph\":[{\"@type\":\"WebPage\",\"@id\":\"https:\/\/www.jootjeshaakcadeautjes.nl\/fr\/produit\/perles-en-silicone-20-mm-rond-vintage-rose-impression-blanche\/\",\"url\":\"https:\/\/www.jootjeshaakcadeautjes.nl\/fr\/produit\/perles-en-silicone-20-mm-rond-vintage-rose-impression-blanche\/\",\"name\":\"Perles en silicone 20 mm - Rondes - Rose Vintage - Blanc - Impression - Baby\",\"isPartOf\":{\"@id\":\"https:\/\/www.jootjeshaakcadeautjes.nl\/fr\/#website\"},\"primaryImageOfPage\":{\"@id\":\"https:\/\/www.jootjeshaakcadeautjes.nl\/fr\/produit\/perles-en-silicone-20-mm-rond-vintage-rose-impression-blanche\/#primaryimage\"},\"image\":{\"@id\":\"https:\/\/www.jootjeshaakcadeautjes.nl\/fr\/produit\/perles-en-silicone-20-mm-rond-vintage-rose-impression-blanche\/#primaryimage\"},\"thumbnailUrl\":\"https:\/\/d1dyryakdmle7o.cloudfront.net\/wp-content\/uploads\/2022\/03\/20220317_213725.jpg\",\"datePublished\":\"2022-05-22T12:42:49+00:00\",\"dateModified\":\"2025-07-17T12:26:15+00:00\",\"description\":\"Perles en silicone - Impression dor\u00e9e 20mm. Sans BPA, phtalate ni PVC. En provenance directe des grossistes. Sans danger pour les b\u00e9b\u00e9s, pour le cordon de la t\u00e9tine et l'anneau de dentition.\",\"breadcrumb\":{\"@id\":\"https:\/\/www.jootjeshaakcadeautjes.nl\/fr\/produit\/perles-en-silicone-20-mm-rond-vintage-rose-impression-blanche\/#breadcrumb\"},\"inLanguage\":\"fr-FR\",\"potentialAction\":[{\"@type\":\"ReadAction\",\"target\":[\"https:\/\/www.jootjeshaakcadeautjes.nl\/fr\/produit\/perles-en-silicone-20-mm-rond-vintage-rose-impression-blanche\/\"]}]},{\"@type\":\"ImageObject\",\"inLanguage\":\"fr-FR\",\"@id\":\"https:\/\/www.jootjeshaakcadeautjes.nl\/fr\/produit\/perles-en-silicone-20-mm-rond-vintage-rose-impression-blanche\/#primaryimage\",\"url\":\"https:\/\/d1dyryakdmle7o.cloudfront.net\/wp-content\/uploads\/2022\/03\/20220317_213725.jpg\",\"contentUrl\":\"https:\/\/d1dyryakdmle7o.cloudfront.net\/wp-content\/uploads\/2022\/03\/20220317_213725.jpg\",\"width\":1679,\"height\":1679,\"caption\":\"Anneau de dentition en silicone rose blanc vintage bpa free\"},{\"@type\":\"BreadcrumbList\",\"@id\":\"https:\/\/www.jootjeshaakcadeautjes.nl\/fr\/produit\/perles-en-silicone-20-mm-rond-vintage-rose-impression-blanche\/#breadcrumb\",\"itemListElement\":[{\"@type\":\"ListItem\",\"position\":1,\"name\":\"Accueil\",\"item\":\"https:\/\/www.jootjeshaakcadeautjes.nl\/fr\/\"},{\"@type\":\"ListItem\",\"position\":2,\"name\":\"Commerce de gros de perles en silicone &#8211; Entreprises et consommateurs\",\"item\":\"https:\/\/www.jootjeshaakcadeautjes.nl\/fr\/boutique\/\"},{\"@type\":\"ListItem\",\"position\":3,\"name\":\"Perles en silicone 20 mm &#8211; Rondes &#8211; Rose Vintage &#8211; Blanc &#8211; Impression\"}]},{\"@type\":\"WebSite\",\"@id\":\"https:\/\/www.jootjeshaakcadeautjes.nl\/fr\/#website\",\"url\":\"https:\/\/www.jootjeshaakcadeautjes.nl\/fr\/\",\"name\":\"Jootjes Haakcadeautjes\",\"description\":\"Grossiste en perles de silicone\",\"publisher\":{\"@id\":\"https:\/\/www.jootjeshaakcadeautjes.nl\/fr\/#organization\"},\"potentialAction\":[{\"@type\":\"SearchAction\",\"target\":{\"@type\":\"EntryPoint\",\"urlTemplate\":\"https:\/\/www.jootjeshaakcadeautjes.nl\/fr\/?s={search_term_string}\"},\"query-input\":{\"@type\":\"PropertyValueSpecification\",\"valueRequired\":true,\"valueName\":\"search_term_string\"}}],\"inLanguage\":\"fr-FR\"},{\"@type\":\"Organization\",\"@id\":\"https:\/\/www.jootjeshaakcadeautjes.nl\/fr\/#organization\",\"name\":\"Jootjes Haakcadeautjes\",\"url\":\"https:\/\/www.jootjeshaakcadeautjes.nl\/fr\/\",\"logo\":{\"@type\":\"ImageObject\",\"inLanguage\":\"fr-FR\",\"@id\":\"https:\/\/www.jootjeshaakcadeautjes.nl\/fr\/#\/schema\/logo\/image\/\",\"url\":\"https:\/\/jootjes-haakcadeautjes-media.s3.amazonaws.com\/wp-content\/uploads\/2023\/05\/Logo-rond.png\",\"contentUrl\":\"https:\/\/jootjes-haakcadeautjes-media.s3.amazonaws.com\/wp-content\/uploads\/2023\/05\/Logo-rond.png\",\"width\":1222,\"height\":1222,\"caption\":\"Jootjes Haakcadeautjes\"},\"image\":{\"@id\":\"https:\/\/www.jootjeshaakcadeautjes.nl\/fr\/#\/schema\/logo\/image\/\"}}]}<\/script>\n<meta property=\"product:price:amount\" content=\"0.60\" \/>\n<meta property=\"product:price:currency\" content=\"EUR\" \/>\n<meta property=\"og:availability\" content=\"instock\" \/>\n<meta property=\"product:availability\" content=\"instock\" \/>\n<meta property=\"product:retailer_item_id\" content=\"SKR-020-VRW\" \/>\n<meta property=\"product:condition\" content=\"new\" \/>\n<!-- \/ Yoast SEO Premium plugin. -->","yoast_head_json":{"title":"Perles en silicone 20 mm - Rondes - Rose Vintage - Blanc - Impression - Baby","description":"Perles en silicone - Impression dor\u00e9e 20mm. Sans BPA, phtalate ni PVC. En provenance directe des grossistes. Sans danger pour les b\u00e9b\u00e9s, pour le cordon de la t\u00e9tine et l'anneau de dentition.","robots":{"index":"index","follow":"follow","max-snippet":"max-snippet:-1","max-image-preview":"max-image-preview:large","max-video-preview":"max-video-preview:-1"},"canonical":"https:\/\/www.jootjeshaakcadeautjes.nl\/fr\/produit\/perles-en-silicone-20-mm-rond-vintage-rose-impression-blanche\/","og_locale":"fr_FR","og_type":"article","og_title":"Perles en silicone 20 mm - Rondes - Rose Vintage - Blanc - Impression","og_description":"Perles en silicone - Impression dor\u00e9e 20mm. Sans BPA, phtalate ni PVC. En provenance directe des grossistes. Sans danger pour les b\u00e9b\u00e9s, pour le cordon de la t\u00e9tine et l'anneau de dentition.","og_url":"https:\/\/www.jootjeshaakcadeautjes.nl\/fr\/produit\/perles-en-silicone-20-mm-rond-vintage-rose-impression-blanche\/","og_site_name":"Jootjes Haakcadeautjes","article_modified_time":"2025-07-17T12:26:15+00:00","og_image":[{"width":1679,"height":1679,"url":"https:\/\/www.jootjeshaakcadeautjes.nl\/wp-content\/uploads\/2022\/03\/20220317_213725.jpg","type":"image\/jpeg"}],"twitter_card":"summary_large_image","twitter_misc":{"Prix":"&euro;0.60 TTC","Disponibilit\u00e9":"En stock"},"schema":{"@context":"https:\/\/schema.org","@graph":[{"@type":"WebPage","@id":"https:\/\/www.jootjeshaakcadeautjes.nl\/fr\/produit\/perles-en-silicone-20-mm-rond-vintage-rose-impression-blanche\/","url":"https:\/\/www.jootjeshaakcadeautjes.nl\/fr\/produit\/perles-en-silicone-20-mm-rond-vintage-rose-impression-blanche\/","name":"Perles en silicone 20 mm - Rondes - Rose Vintage - Blanc - Impression - Baby","isPartOf":{"@id":"https:\/\/www.jootjeshaakcadeautjes.nl\/fr\/#website"},"primaryImageOfPage":{"@id":"https:\/\/www.jootjeshaakcadeautjes.nl\/fr\/produit\/perles-en-silicone-20-mm-rond-vintage-rose-impression-blanche\/#primaryimage"},"image":{"@id":"https:\/\/www.jootjeshaakcadeautjes.nl\/fr\/produit\/perles-en-silicone-20-mm-rond-vintage-rose-impression-blanche\/#primaryimage"},"thumbnailUrl":"https:\/\/d1dyryakdmle7o.cloudfront.net\/wp-content\/uploads\/2022\/03\/20220317_213725.jpg","datePublished":"2022-05-22T12:42:49+00:00","dateModified":"2025-07-17T12:26:15+00:00","description":"Perles en silicone - Impression dor\u00e9e 20mm. Sans BPA, phtalate ni PVC. En provenance directe des grossistes. Sans danger pour les b\u00e9b\u00e9s, pour le cordon de la t\u00e9tine et l'anneau de dentition.","breadcrumb":{"@id":"https:\/\/www.jootjeshaakcadeautjes.nl\/fr\/produit\/perles-en-silicone-20-mm-rond-vintage-rose-impression-blanche\/#breadcrumb"},"inLanguage":"fr-FR","potentialAction":[{"@type":"ReadAction","target":["https:\/\/www.jootjeshaakcadeautjes.nl\/fr\/produit\/perles-en-silicone-20-mm-rond-vintage-rose-impression-blanche\/"]}]},{"@type":"ImageObject","inLanguage":"fr-FR","@id":"https:\/\/www.jootjeshaakcadeautjes.nl\/fr\/produit\/perles-en-silicone-20-mm-rond-vintage-rose-impression-blanche\/#primaryimage","url":"https:\/\/d1dyryakdmle7o.cloudfront.net\/wp-content\/uploads\/2022\/03\/20220317_213725.jpg","contentUrl":"https:\/\/d1dyryakdmle7o.cloudfront.net\/wp-content\/uploads\/2022\/03\/20220317_213725.jpg","width":1679,"height":1679,"caption":"Anneau de dentition en silicone rose blanc vintage bpa free"},{"@type":"BreadcrumbList","@id":"https:\/\/www.jootjeshaakcadeautjes.nl\/fr\/produit\/perles-en-silicone-20-mm-rond-vintage-rose-impression-blanche\/#breadcrumb","itemListElement":[{"@type":"ListItem","position":1,"name":"Accueil","item":"https:\/\/www.jootjeshaakcadeautjes.nl\/fr\/"},{"@type":"ListItem","position":2,"name":"Commerce de gros de perles en silicone &#8211; Entreprises et consommateurs","item":"https:\/\/www.jootjeshaakcadeautjes.nl\/fr\/boutique\/"},{"@type":"ListItem","position":3,"name":"Perles en silicone 20 mm &#8211; Rondes &#8211; Rose Vintage &#8211; Blanc &#8211; Impression"}]},{"@type":"WebSite","@id":"https:\/\/www.jootjeshaakcadeautjes.nl\/fr\/#website","url":"https:\/\/www.jootjeshaakcadeautjes.nl\/fr\/","name":"Jootjes Haakcadeautjes","description":"Grossiste en perles de silicone","publisher":{"@id":"https:\/\/www.jootjeshaakcadeautjes.nl\/fr\/#organization"},"potentialAction":[{"@type":"SearchAction","target":{"@type":"EntryPoint","urlTemplate":"https:\/\/www.jootjeshaakcadeautjes.nl\/fr\/?s={search_term_string}"},"query-input":{"@type":"PropertyValueSpecification","valueRequired":true,"valueName":"search_term_string"}}],"inLanguage":"fr-FR"},{"@type":"Organization","@id":"https:\/\/www.jootjeshaakcadeautjes.nl\/fr\/#organization","name":"Jootjes Haakcadeautjes","url":"https:\/\/www.jootjeshaakcadeautjes.nl\/fr\/","logo":{"@type":"ImageObject","inLanguage":"fr-FR","@id":"https:\/\/www.jootjeshaakcadeautjes.nl\/fr\/#\/schema\/logo\/image\/","url":"https:\/\/jootjes-haakcadeautjes-media.s3.amazonaws.com\/wp-content\/uploads\/2023\/05\/Logo-rond.png","contentUrl":"https:\/\/jootjes-haakcadeautjes-media.s3.amazonaws.com\/wp-content\/uploads\/2023\/05\/Logo-rond.png","width":1222,"height":1222,"caption":"Jootjes Haakcadeautjes"},"image":{"@id":"https:\/\/www.jootjeshaakcadeautjes.nl\/fr\/#\/schema\/logo\/image\/"}}]},"product_price_amount":"0.60","product_price_currency":"EUR","og_availability":"instock","product_availability":"instock","product_retailer_item_id":"SKR-020-VRW","product_condition":"new"},"_links":{"self":[{"href":"https:\/\/www.jootjeshaakcadeautjes.nl\/fr\/wp-json\/wp\/v2\/product\/133483","targetHints":{"allow":["GET"]}}],"collection":[{"href":"https:\/\/www.jootjeshaakcadeautjes.nl\/fr\/wp-json\/wp\/v2\/product"}],"about":[{"href":"https:\/\/www.jootjeshaakcadeautjes.nl\/fr\/wp-json\/wp\/v2\/types\/product"}],"version-history":[{"count":0,"href":"https:\/\/www.jootjeshaakcadeautjes.nl\/fr\/wp-json\/wp\/v2\/product\/133483\/revisions"}],"wp:featuredmedia":[{"embeddable":true,"href":"https:\/\/www.jootjeshaakcadeautjes.nl\/fr\/wp-json\/wp\/v2\/media\/79428"}],"wp:attachment":[{"href":"https:\/\/www.jootjeshaakcadeautjes.nl\/fr\/wp-json\/wp\/v2\/media?parent=133483"}],"wp:term":[{"taxonomy":"product_brand","embeddable":true,"href":"https:\/\/www.jootjeshaakcadeautjes.nl\/fr\/wp-json\/wp\/v2\/product_brand?post=133483"},{"taxonomy":"product_cat","embeddable":true,"href":"https:\/\/www.jootjeshaakcadeautjes.nl\/fr\/wp-json\/wp\/v2\/product_cat?post=133483"},{"taxonomy":"product_tag","embeddable":true,"href":"https:\/\/www.jootjeshaakcadeautjes.nl\/fr\/wp-json\/wp\/v2\/product_tag?post=133483"}],"curies":[{"name":"wp","href":"https:\/\/api.w.org\/{rel}","templated":true}]}}