{"id":133532,"date":"2022-05-22T15:48:25","date_gmt":"2022-05-22T13:48:25","guid":{"rendered":"https:\/\/www.jootjeshaakcadeautjes.nl\/product\/perles-en-silicone-vintage-rose-noir-12-mm-rondes\/"},"modified":"2026-01-08T18:04:35","modified_gmt":"2026-01-08T17:04:35","slug":"perles-en-silicone-vintage-rose-noir-12-mm-rondes","status":"publish","type":"product","link":"https:\/\/www.jootjeshaakcadeautjes.nl\/fr\/produit\/perles-en-silicone-vintage-rose-noir-12-mm-rondes\/","title":{"rendered":"Perles en silicone &#8211; Vintage Rose &#8211; Noir &#8211; 12 mm rond"},"content":{"rendered":"<h2>Perles en silicone &#8211; Vintage Rose &#8211; Noir &#8211; 12 mm rond<\/h2>\n<h3>Sp\u00e9cifications :<\/h3>\n<ul>\n<li>Diam\u00e8tre des perles de silicone 12 ronds.<\/li>\n<li>Variante : Rose Vintage<\/li>\n<li>Couleur : noir<\/li>\n<li>Sans BPA<\/li>\n<li>S\u00fbr selon les crit\u00e8res de la norme EN-71.<\/li>\n<li>100% \u00e0 l&#8217;\u00e9preuve des enfants<\/li>\n<\/ul>\n<h2>Vous pouvez utiliser les perles de silicone Vintage Rose comme ceci, par exemple :<\/h2>\n<p>Ces perles roses vintage sont utilis\u00e9es pour fabriquer des anneaux de dentition, des cordons de t\u00e9tine, des cha\u00eenes de landau, des colliers d&#8217;allaitement, des gymnases pour b\u00e9b\u00e9s et autres. Vous pouvez les alterner avec d&#8217;autres formes ou tailles de perles en silicone ainsi qu&#8217;avec nos perles en bois. En utilisant diff\u00e9rents formats et mat\u00e9riaux, il stimule le d\u00e9veloppement de l&#8217;enfant. Le toucher est stimul\u00e9 par diff\u00e9rentes surfaces. Il favorise \u00e9galement la motricit\u00e9 et la stimulation visuelle (diff\u00e9rentes couleurs). Ces perles sont donc \u00e9galement id\u00e9ales pour \u00eatre combin\u00e9es avec notre autre gamme de perles en silicone ou de perles en bois. Cette gamme est r\u00e9guli\u00e8rement \u00e9largie. Entre autres, nous avons \u00e9galement des perles ovales, des perles hexagonales et des perles \u00e0 nid d&#8217;abeille ou \u00e0 <a href=\"https:\/\/www.jootjeshaakcadeautjes.nl\/product\/siliconen-kralen-mickey-oren\/\">oreilles de mickey<\/a> dans de multiples tailles.<\/p>\n<h3><strong>Stimulez le d\u00e9veloppement de votre b\u00e9b\u00e9\/tout-petit !  <\/strong><\/h3>\n<p>En utilisant diff\u00e9rentes textures dans vos jouets pour b\u00e9b\u00e9s faits main, l&#8217;enfant est encourag\u00e9 \u00e0 se d\u00e9velopper. Un enfant apprend d&#8217;abord beaucoup gr\u00e2ce \u00e0 ses sens. Il est donc judicieux de varier en fonction des points suivants :<\/p>\n<ul>\n<li>Mat\u00e9riau\n<ul>\n<li>Silicone<\/li>\n<li>Bois<\/li>\n<li>Fil \u00e0 crochet.\n<ul>\n<li>Le fil de coton est g\u00e9n\u00e9ralement utilis\u00e9 car il est moins pelucheux. Les enfants n&#8217;en tirent pas de fibres.<\/li>\n<\/ul>\n<\/li>\n<\/ul>\n<\/li>\n<li>Texture\/Relief\n<ul>\n<li>Tous nos produits en silicone ont leur propre relief, tant au recto qu&#8217;au verso.<\/li>\n<li>De toute fa\u00e7on, le bois, le silicone et le fil ont tous leur propre toucher et leur propre texture.<\/li>\n<\/ul>\n<\/li>\n<li>Formes : rondes, g\u00e9om\u00e9triques, ovales, plusieurs animaux, anneaux.<\/li>\n<li>Visuel :\n<ul>\n<li>Diff\u00e9rentes formes<\/li>\n<li>Diff\u00e9rentes couleurs<\/li>\n<\/ul>\n<\/li>\n<\/ul>\n<p>Les perles de silicone sont disponibles ici : <a href=\"\/?product_cat=siliconen-kralen\">perles de silicone<\/a>.<br \/>\nLes perles en bois peuvent \u00eatre trouv\u00e9es ici : <a href=\"\/?product_cat=houten-kralen-kralen\">perles en bois<\/a>.<\/p>\n<p>Les perles en silicone sont faciles \u00e0 enfiler sur un cordon de cire ou de satin. N&#8217;oubliez pas de le faire tr\u00e8s bien et plusieurs fois.<\/p>\n<p>Ces perles rondes en silicone se nettoient facilement au lave-vaisselle ou \u00e0 l&#8217;eau savonneuse. Laissez-les ensuite s\u00e9cher compl\u00e8tement avant de les donner \u00e0 nouveau \u00e0 un enfant. Les perles de silicone peuvent \u00e9galement \u00eatre conserv\u00e9es au r\u00e9frig\u00e9rateur. Ils sont donc tr\u00e8s utiles pour soulager la douleur lors des pouss\u00e9es dentaires.<\/p>\n<h2>Perles de silicone Vintage Rose Black de qualit\u00e9 et de s\u00e9curit\u00e9 :<\/h2>\n<p>Tous nos mat\u00e9riaux en silicone sont exempts de BPA et de phtalates. En outre, aucune autre substance nocive n&#8217;est utilis\u00e9e dans la production de ces perles de silicone. Les perles conviennent donc aussi bien aux b\u00e9b\u00e9s qu&#8217;aux enfants plus \u00e2g\u00e9s qui aiment mordre dans quelque chose. Les perles sont s\u00fbres conform\u00e9ment \u00e0 la norme EN-71 et conviennent donc aux produits finis certifi\u00e9s CE. Les perles sont solides. Par cons\u00e9quent, ils ne s&#8217;usent pratiquement pas. En outre, les perles sont faciles \u00e0 nettoyer.<\/p>\n<p><em>Fixez toujours correctement les perles de silicone et v\u00e9rifiez r\u00e9guli\u00e8rement l&#8217;\u00e9tat d&#8217;usure de votre appareil. Vous en \u00eates vous-m\u00eame responsable. Jootjes Haakcadeautjes ne v\u00e9rifie pas le produit fini et ne peut donc pas assumer les dommages ou le rel\u00e2chement dus \u00e0 l&#8217;usure. Nous conseillons de n&#8217;utiliser les jouets de dentition faits \u00e0 la main que sous la surveillance d&#8217;un adulte afin d&#8217;\u00e9viter toute situation dangereuse.<\/em><\/p>\n","protected":false},"excerpt":{"rendered":"<p>Perles en silicone &#8211; Vintage Rose &#8211; blanches &#8211; 12 mm rondes<\/p>\n<ul>\n<li>Variante : Rose Vintage<\/li>\n<li>Couleur : noir<\/li>\n<li>Taille : 12 mm.<\/li>\n<li>Sans BPA<\/li>\n<li>S\u00fbr selon les crit\u00e8res de la norme EN-71<\/li>\n<li>Lavable au lave-vaisselle<\/li>\n<li>Frais pour la dentition<\/li>\n<\/ul>\n<p>Disponible en plusieurs couleurs magnifiques, il peut \u00eatre assembl\u00e9 \u00e0 votre guise.<\/p>\n","protected":false},"featured_media":79449,"template":"","meta":[],"product_brand":[],"product_cat":[7378,10237,6992,10236],"product_tag":[7406,7521,10450,7474,7656,10241,10244,7455,7428,13665,7418,10000,10240,10519,7392,7608,7395,7200,13667,7617,7415,7468,7212,10242,10243,10116],"class_list":{"0":"post-133532","1":"product","2":"type-product","3":"status-publish","4":"has-post-thumbnail","6":"product_cat-fabrication-de-jouets-de-dentition-pour-bebe-cordon-de-sucette-et-anneaux-de-dentition","7":"product_cat-perles-en-silicone-imprimes-de-fleurs","8":"product_cat-perles-en-silicone-sans-bpa-grossiste","9":"product_cat-perles-en-silicone-avec-impression-toutes-les-impressions-leopard-panthere-girafe-zebre-roses-feuilles-et-autres","10":"product_tag-12-fr","11":"product_tag-12-mm-fr","12":"product_tag-12mm-fr","13":"product_tag-autour-de","14":"product_tag-bleu","15":"product_tag-cadeaux-au-crochet","16":"product_tag-capture","17":"product_tag-chaine-de-landau","18":"product_tag-collier-dallaitement","19":"product_tag-droit-dauteur","20":"product_tag-faux-cordon","21":"product_tag-fictif","22":"product_tag-joots-fr","23":"product_tag-marron","24":"product_tag-mm-fr","25":"product_tag-noir","26":"product_tag-perle","27":"product_tag-perles","28":"product_tag-protege-par-le-droit-dauteur","29":"product_tag-rose-fr-2","30":"product_tag-sans-bpa","31":"product_tag-silicone-fr-2","32":"product_tag-silicone-fr","33":"product_tag-sur-mesure","34":"product_tag-unique-fr","35":"product_tag-vintage-fr","37":"first","38":"instock","39":"taxable","40":"shipping-taxable","41":"purchasable","42":"product-type-simple"},"bundled_by":["220925","221002"],"bundle_stock_status":"instock","bundle_stock_quantity":85,"bundle_virtual":false,"bundle_layout":"","bundle_add_to_cart_form_location":"","bundle_editable_in_cart":false,"bundle_sold_individually_context":"","bundle_item_grouping":"","bundle_min_size":"","bundle_max_size":"","bundle_price":[],"bundled_items":[],"bundle_sell_ids":[],"yoast_head":"<!-- This site is optimized with the Yoast SEO Premium plugin v27.6 (Yoast SEO v27.6) - https:\/\/yoast.com\/product\/yoast-seo-premium-wordpress\/ -->\n<title>Tache de vache \/ Dalmatien en silicone - perles bleu ciel - 16 mm - CE<\/title>\n<meta name=\"description\" content=\"Perles en silicone \u00e0 motif animalier Cow Spot \/ Dalmatian 16 mm Light Sky Blue Sans BPA. Marquage CE et 100% s\u00e9curit\u00e9 enfants. Pour anneau de dentition ou cordon de t\u00e9tine\" \/>\n<meta name=\"robots\" content=\"index, follow, max-snippet:-1, max-image-preview:large, max-video-preview:-1\" \/>\n<link rel=\"canonical\" href=\"https:\/\/www.jootjeshaakcadeautjes.nl\/fr\/produit\/perles-en-silicone-vintage-rose-noir-12-mm-rondes\/\" \/>\n<meta property=\"og:locale\" content=\"fr_FR\" \/>\n<meta property=\"og:type\" content=\"article\" \/>\n<meta property=\"og:title\" content=\"Perles en silicone - Vintage Rose - Noir - 12 mm rond\" \/>\n<meta property=\"og:description\" content=\"Perles en silicone \u00e0 motif animalier Cow Spot \/ Dalmatian 16 mm Light Sky Blue Sans BPA. Marquage CE et 100% s\u00e9curit\u00e9 enfants. Pour anneau de dentition ou cordon de t\u00e9tine\" \/>\n<meta property=\"og:url\" content=\"https:\/\/www.jootjeshaakcadeautjes.nl\/fr\/produit\/perles-en-silicone-vintage-rose-noir-12-mm-rondes\/\" \/>\n<meta property=\"og:site_name\" content=\"Jootjes Haakcadeautjes\" \/>\n<meta property=\"article:modified_time\" content=\"2026-01-08T17:04:35+00:00\" \/>\n<meta property=\"og:image\" content=\"https:\/\/www.jootjeshaakcadeautjes.nl\/wp-content\/uploads\/2022\/03\/20220319_195510.jpg\" \/>\n\t<meta property=\"og:image:width\" content=\"2037\" \/>\n\t<meta property=\"og:image:height\" content=\"2037\" \/>\n\t<meta property=\"og:image:type\" content=\"image\/jpeg\" \/>\n<meta name=\"twitter:card\" content=\"summary_large_image\" \/>\n<meta name=\"twitter:label1\" content=\"Prix\" \/>\n\t<meta name=\"twitter:data1\" content=\"&euro;0.40 TTC\" \/>\n\t<meta name=\"twitter:label2\" content=\"Disponibilit\u00e9\" \/>\n\t<meta name=\"twitter:data2\" content=\"En stock\" \/>\n<script type=\"application\/ld+json\" class=\"yoast-schema-graph\">{\"@context\":\"https:\\\/\\\/schema.org\",\"@graph\":[{\"@type\":\"WebPage\",\"@id\":\"https:\\\/\\\/www.jootjeshaakcadeautjes.nl\\\/fr\\\/produit\\\/perles-en-silicone-vintage-rose-noir-12-mm-rondes\\\/\",\"url\":\"https:\\\/\\\/www.jootjeshaakcadeautjes.nl\\\/fr\\\/produit\\\/perles-en-silicone-vintage-rose-noir-12-mm-rondes\\\/\",\"name\":\"Tache de vache \\\/ Dalmatien en silicone - perles bleu ciel - 16 mm - CE\",\"isPartOf\":{\"@id\":\"https:\\\/\\\/www.jootjeshaakcadeautjes.nl\\\/fr\\\/#website\"},\"primaryImageOfPage\":{\"@id\":\"https:\\\/\\\/www.jootjeshaakcadeautjes.nl\\\/fr\\\/produit\\\/perles-en-silicone-vintage-rose-noir-12-mm-rondes\\\/#primaryimage\"},\"image\":{\"@id\":\"https:\\\/\\\/www.jootjeshaakcadeautjes.nl\\\/fr\\\/produit\\\/perles-en-silicone-vintage-rose-noir-12-mm-rondes\\\/#primaryimage\"},\"thumbnailUrl\":\"https:\\\/\\\/d1dyryakdmle7o.cloudfront.net\\\/wp-content\\\/uploads\\\/2022\\\/03\\\/20220319_195510.jpg\",\"datePublished\":\"2022-05-22T13:48:25+00:00\",\"dateModified\":\"2026-01-08T17:04:35+00:00\",\"description\":\"Perles en silicone \u00e0 motif animalier Cow Spot \\\/ Dalmatian 16 mm Light Sky Blue Sans BPA. Marquage CE et 100% s\u00e9curit\u00e9 enfants. Pour anneau de dentition ou cordon de t\u00e9tine\",\"breadcrumb\":{\"@id\":\"https:\\\/\\\/www.jootjeshaakcadeautjes.nl\\\/fr\\\/produit\\\/perles-en-silicone-vintage-rose-noir-12-mm-rondes\\\/#breadcrumb\"},\"inLanguage\":\"fr-FR\",\"potentialAction\":[{\"@type\":\"ReadAction\",\"target\":[\"https:\\\/\\\/www.jootjeshaakcadeautjes.nl\\\/fr\\\/produit\\\/perles-en-silicone-vintage-rose-noir-12-mm-rondes\\\/\"]}]},{\"@type\":\"ImageObject\",\"inLanguage\":\"fr-FR\",\"@id\":\"https:\\\/\\\/www.jootjeshaakcadeautjes.nl\\\/fr\\\/produit\\\/perles-en-silicone-vintage-rose-noir-12-mm-rondes\\\/#primaryimage\",\"url\":\"https:\\\/\\\/d1dyryakdmle7o.cloudfront.net\\\/wp-content\\\/uploads\\\/2022\\\/03\\\/20220319_195510.jpg\",\"contentUrl\":\"https:\\\/\\\/d1dyryakdmle7o.cloudfront.net\\\/wp-content\\\/uploads\\\/2022\\\/03\\\/20220319_195510.jpg\",\"width\":2037,\"height\":2037,\"caption\":\"Anneau de dentition en silicone rose vintage noir en gros\"},{\"@type\":\"BreadcrumbList\",\"@id\":\"https:\\\/\\\/www.jootjeshaakcadeautjes.nl\\\/fr\\\/produit\\\/perles-en-silicone-vintage-rose-noir-12-mm-rondes\\\/#breadcrumb\",\"itemListElement\":[{\"@type\":\"ListItem\",\"position\":1,\"name\":\"Accueil\",\"item\":\"https:\\\/\\\/www.jootjeshaakcadeautjes.nl\\\/fr\\\/\"},{\"@type\":\"ListItem\",\"position\":2,\"name\":\"Commerce de gros de perles en silicone &#8211; Entreprises et consommateurs\",\"item\":\"https:\\\/\\\/www.jootjeshaakcadeautjes.nl\\\/fr\\\/boutique\\\/\"},{\"@type\":\"ListItem\",\"position\":3,\"name\":\"Perles en silicone &#8211; Vintage Rose &#8211; Noir &#8211; 12 mm rond\"}]},{\"@type\":\"WebSite\",\"@id\":\"https:\\\/\\\/www.jootjeshaakcadeautjes.nl\\\/fr\\\/#website\",\"url\":\"https:\\\/\\\/www.jootjeshaakcadeautjes.nl\\\/fr\\\/\",\"name\":\"Jootjes Haakcadeautjes\",\"description\":\"Grossiste en perles de silicone\",\"publisher\":{\"@id\":\"https:\\\/\\\/www.jootjeshaakcadeautjes.nl\\\/fr\\\/#organization\"},\"potentialAction\":[{\"@type\":\"SearchAction\",\"target\":{\"@type\":\"EntryPoint\",\"urlTemplate\":\"https:\\\/\\\/www.jootjeshaakcadeautjes.nl\\\/fr\\\/?s={search_term_string}\"},\"query-input\":{\"@type\":\"PropertyValueSpecification\",\"valueRequired\":true,\"valueName\":\"search_term_string\"}}],\"inLanguage\":\"fr-FR\"},{\"@type\":\"Organization\",\"@id\":\"https:\\\/\\\/www.jootjeshaakcadeautjes.nl\\\/fr\\\/#organization\",\"name\":\"Jootjes Haakcadeautjes\",\"url\":\"https:\\\/\\\/www.jootjeshaakcadeautjes.nl\\\/fr\\\/\",\"logo\":{\"@type\":\"ImageObject\",\"inLanguage\":\"fr-FR\",\"@id\":\"https:\\\/\\\/www.jootjeshaakcadeautjes.nl\\\/fr\\\/#\\\/schema\\\/logo\\\/image\\\/\",\"url\":\"https:\\\/\\\/d1dyryakdmle7o.cloudfront.net\\\/wp-content\\\/uploads\\\/2023\\\/05\\\/Logo-rond.png\",\"contentUrl\":\"https:\\\/\\\/d1dyryakdmle7o.cloudfront.net\\\/wp-content\\\/uploads\\\/2023\\\/05\\\/Logo-rond.png\",\"width\":1222,\"height\":1222,\"caption\":\"Jootjes Haakcadeautjes\"},\"image\":{\"@id\":\"https:\\\/\\\/www.jootjeshaakcadeautjes.nl\\\/fr\\\/#\\\/schema\\\/logo\\\/image\\\/\"}}]}<\/script>\n<meta property=\"product:price:amount\" content=\"0.40\" \/>\n<meta property=\"product:price:currency\" content=\"EUR\" \/>\n<meta property=\"og:availability\" content=\"instock\" \/>\n<meta property=\"product:availability\" content=\"instock\" \/>\n<meta property=\"product:retailer_item_id\" content=\"SKR-VRZ-012\" \/>\n<meta property=\"product:condition\" content=\"new\" \/>\n<!-- \/ Yoast SEO Premium plugin. -->","yoast_head_json":{"title":"Tache de vache \/ Dalmatien en silicone - perles bleu ciel - 16 mm - CE","description":"Perles en silicone \u00e0 motif animalier Cow Spot \/ Dalmatian 16 mm Light Sky Blue Sans BPA. Marquage CE et 100% s\u00e9curit\u00e9 enfants. Pour anneau de dentition ou cordon de t\u00e9tine","robots":{"index":"index","follow":"follow","max-snippet":"max-snippet:-1","max-image-preview":"max-image-preview:large","max-video-preview":"max-video-preview:-1"},"canonical":"https:\/\/www.jootjeshaakcadeautjes.nl\/fr\/produit\/perles-en-silicone-vintage-rose-noir-12-mm-rondes\/","og_locale":"fr_FR","og_type":"article","og_title":"Perles en silicone - Vintage Rose - Noir - 12 mm rond","og_description":"Perles en silicone \u00e0 motif animalier Cow Spot \/ Dalmatian 16 mm Light Sky Blue Sans BPA. Marquage CE et 100% s\u00e9curit\u00e9 enfants. Pour anneau de dentition ou cordon de t\u00e9tine","og_url":"https:\/\/www.jootjeshaakcadeautjes.nl\/fr\/produit\/perles-en-silicone-vintage-rose-noir-12-mm-rondes\/","og_site_name":"Jootjes Haakcadeautjes","article_modified_time":"2026-01-08T17:04:35+00:00","og_image":[{"width":2037,"height":2037,"url":"https:\/\/www.jootjeshaakcadeautjes.nl\/wp-content\/uploads\/2022\/03\/20220319_195510.jpg","type":"image\/jpeg"}],"twitter_card":"summary_large_image","twitter_misc":{"Prix":"&euro;0.40 TTC","Disponibilit\u00e9":"En stock"},"schema":{"@context":"https:\/\/schema.org","@graph":[{"@type":"WebPage","@id":"https:\/\/www.jootjeshaakcadeautjes.nl\/fr\/produit\/perles-en-silicone-vintage-rose-noir-12-mm-rondes\/","url":"https:\/\/www.jootjeshaakcadeautjes.nl\/fr\/produit\/perles-en-silicone-vintage-rose-noir-12-mm-rondes\/","name":"Tache de vache \/ Dalmatien en silicone - perles bleu ciel - 16 mm - CE","isPartOf":{"@id":"https:\/\/www.jootjeshaakcadeautjes.nl\/fr\/#website"},"primaryImageOfPage":{"@id":"https:\/\/www.jootjeshaakcadeautjes.nl\/fr\/produit\/perles-en-silicone-vintage-rose-noir-12-mm-rondes\/#primaryimage"},"image":{"@id":"https:\/\/www.jootjeshaakcadeautjes.nl\/fr\/produit\/perles-en-silicone-vintage-rose-noir-12-mm-rondes\/#primaryimage"},"thumbnailUrl":"https:\/\/d1dyryakdmle7o.cloudfront.net\/wp-content\/uploads\/2022\/03\/20220319_195510.jpg","datePublished":"2022-05-22T13:48:25+00:00","dateModified":"2026-01-08T17:04:35+00:00","description":"Perles en silicone \u00e0 motif animalier Cow Spot \/ Dalmatian 16 mm Light Sky Blue Sans BPA. Marquage CE et 100% s\u00e9curit\u00e9 enfants. Pour anneau de dentition ou cordon de t\u00e9tine","breadcrumb":{"@id":"https:\/\/www.jootjeshaakcadeautjes.nl\/fr\/produit\/perles-en-silicone-vintage-rose-noir-12-mm-rondes\/#breadcrumb"},"inLanguage":"fr-FR","potentialAction":[{"@type":"ReadAction","target":["https:\/\/www.jootjeshaakcadeautjes.nl\/fr\/produit\/perles-en-silicone-vintage-rose-noir-12-mm-rondes\/"]}]},{"@type":"ImageObject","inLanguage":"fr-FR","@id":"https:\/\/www.jootjeshaakcadeautjes.nl\/fr\/produit\/perles-en-silicone-vintage-rose-noir-12-mm-rondes\/#primaryimage","url":"https:\/\/d1dyryakdmle7o.cloudfront.net\/wp-content\/uploads\/2022\/03\/20220319_195510.jpg","contentUrl":"https:\/\/d1dyryakdmle7o.cloudfront.net\/wp-content\/uploads\/2022\/03\/20220319_195510.jpg","width":2037,"height":2037,"caption":"Anneau de dentition en silicone rose vintage noir en gros"},{"@type":"BreadcrumbList","@id":"https:\/\/www.jootjeshaakcadeautjes.nl\/fr\/produit\/perles-en-silicone-vintage-rose-noir-12-mm-rondes\/#breadcrumb","itemListElement":[{"@type":"ListItem","position":1,"name":"Accueil","item":"https:\/\/www.jootjeshaakcadeautjes.nl\/fr\/"},{"@type":"ListItem","position":2,"name":"Commerce de gros de perles en silicone &#8211; Entreprises et consommateurs","item":"https:\/\/www.jootjeshaakcadeautjes.nl\/fr\/boutique\/"},{"@type":"ListItem","position":3,"name":"Perles en silicone &#8211; Vintage Rose &#8211; Noir &#8211; 12 mm rond"}]},{"@type":"WebSite","@id":"https:\/\/www.jootjeshaakcadeautjes.nl\/fr\/#website","url":"https:\/\/www.jootjeshaakcadeautjes.nl\/fr\/","name":"Jootjes Haakcadeautjes","description":"Grossiste en perles de silicone","publisher":{"@id":"https:\/\/www.jootjeshaakcadeautjes.nl\/fr\/#organization"},"potentialAction":[{"@type":"SearchAction","target":{"@type":"EntryPoint","urlTemplate":"https:\/\/www.jootjeshaakcadeautjes.nl\/fr\/?s={search_term_string}"},"query-input":{"@type":"PropertyValueSpecification","valueRequired":true,"valueName":"search_term_string"}}],"inLanguage":"fr-FR"},{"@type":"Organization","@id":"https:\/\/www.jootjeshaakcadeautjes.nl\/fr\/#organization","name":"Jootjes Haakcadeautjes","url":"https:\/\/www.jootjeshaakcadeautjes.nl\/fr\/","logo":{"@type":"ImageObject","inLanguage":"fr-FR","@id":"https:\/\/www.jootjeshaakcadeautjes.nl\/fr\/#\/schema\/logo\/image\/","url":"https:\/\/d1dyryakdmle7o.cloudfront.net\/wp-content\/uploads\/2023\/05\/Logo-rond.png","contentUrl":"https:\/\/d1dyryakdmle7o.cloudfront.net\/wp-content\/uploads\/2023\/05\/Logo-rond.png","width":1222,"height":1222,"caption":"Jootjes Haakcadeautjes"},"image":{"@id":"https:\/\/www.jootjeshaakcadeautjes.nl\/fr\/#\/schema\/logo\/image\/"}}]},"product_price_amount":"0.40","product_price_currency":"EUR","og_availability":"instock","product_availability":"instock","product_retailer_item_id":"SKR-VRZ-012","product_condition":"new"},"_links":{"self":[{"href":"https:\/\/www.jootjeshaakcadeautjes.nl\/fr\/wp-json\/wp\/v2\/product\/133532","targetHints":{"allow":["GET"]}}],"collection":[{"href":"https:\/\/www.jootjeshaakcadeautjes.nl\/fr\/wp-json\/wp\/v2\/product"}],"about":[{"href":"https:\/\/www.jootjeshaakcadeautjes.nl\/fr\/wp-json\/wp\/v2\/types\/product"}],"version-history":[{"count":0,"href":"https:\/\/www.jootjeshaakcadeautjes.nl\/fr\/wp-json\/wp\/v2\/product\/133532\/revisions"}],"wp:featuredmedia":[{"embeddable":true,"href":"https:\/\/www.jootjeshaakcadeautjes.nl\/fr\/wp-json\/wp\/v2\/media\/79449"}],"wp:attachment":[{"href":"https:\/\/www.jootjeshaakcadeautjes.nl\/fr\/wp-json\/wp\/v2\/media?parent=133532"}],"wp:term":[{"taxonomy":"product_brand","embeddable":true,"href":"https:\/\/www.jootjeshaakcadeautjes.nl\/fr\/wp-json\/wp\/v2\/product_brand?post=133532"},{"taxonomy":"product_cat","embeddable":true,"href":"https:\/\/www.jootjeshaakcadeautjes.nl\/fr\/wp-json\/wp\/v2\/product_cat?post=133532"},{"taxonomy":"product_tag","embeddable":true,"href":"https:\/\/www.jootjeshaakcadeautjes.nl\/fr\/wp-json\/wp\/v2\/product_tag?post=133532"}],"curies":[{"name":"wp","href":"https:\/\/api.w.org\/{rel}","templated":true}]}}