{"id":133579,"date":"2022-04-20T11:04:02","date_gmt":"2022-04-20T10:04:02","guid":{"rendered":"https:\/\/www.jootjeshaakcadeautjes.nl\/product\/crochet-crochet-couronne-crochet-cadeaux-crochet-modeles-de-crochet\/"},"modified":"2025-03-11T04:02:54","modified_gmt":"2025-03-11T03:02:54","slug":"crochet-crochet-couronne-crochet-cadeaux-crochet-modeles-de-crochet","status":"publish","type":"product","link":"https:\/\/www.jootjeshaakcadeautjes.nl\/fr\/produit\/crochet-crochet-couronne-crochet-cadeaux-crochet-modeles-de-crochet\/","title":{"rendered":"Mod\u00e8le au crochet &#8211; Anneau de dentition Couronne &#8211; Jootjes Crochet presents"},"content":{"rendered":"<h2>Mod\u00e8le au crochet Anneau de dentition Couronne<\/h2>\n<h3>Un mod\u00e8le de crochet original de Jootjes Crochet Gifts<\/h3>\n<p>Ce mod\u00e8le de crochet est la description pour faire votre propre anneau de dentition super mignon en forme de couronne. Tr\u00e8s amusant pour le Jour du Roi, mais aussi au-del\u00e0. Cr\u00e9ez une couronne d\u00e9licate pour votre petit prince ou votre petite princesse.<\/p>\n<p>Fournitures en plus de ce mod\u00e8le de crochet :<\/p>\n<ul>\n<li><a href=\"https:\/\/www.jootjeshaakcadeautjes.nl\/fr\/product-categorie\/materiel-de-bricolage-et-de-crochet\/laine-et-fil\/\">(Un reste) Fil de s\u00e9curit\u00e9 pour b\u00e9b\u00e9 dans la couleur souhait\u00e9e. Environ 20 grammes*.  <\/a><\/li>\n<li><a href=\"https:\/\/www.jootjeshaakcadeautjes.nl\/product\/houten-ringen-7-cm\/\">1 anneau en bois (h\u00eatre) s\u00e9curis\u00e9 pour les b\u00e9b\u00e9s, mesurant 7 cm.<\/a><\/li>\n<li><a href=\"https:\/\/www.jootjeshaakcadeautjes.nl\/fr\/produit\/perle-en-bois-12-mm-hetre\/\">7 Perles en bois (h\u00eatre) de 12 mm<\/a> ou perles en silicone de 12 mm <a href=\"https:\/\/www.jootjeshaakcadeautjes.nl\/fr\/produit\/perle-en-bois-12-mm-hetre\/\">s\u00e9curis\u00e9es pour les b\u00e9b\u00e9s<\/a>.<\/li>\n<li><a href=\"https:\/\/www.jootjeshaakcadeautjes.nl\/fr\/product-categorie\/aiguilles-a-crochet\/\">Crochet de taille 2.0 mm<\/a><\/li>\n<li>1 aiguille fine et \u00e9mouss\u00e9e<\/li>\n<\/ul>\n<p>*Les fils sans danger pour les b\u00e9b\u00e9s sont pratiquement tous les fils de coton 100 % merceris\u00e9 aux Pays-Bas, ainsi que les m\u00e9langes avec le bambou. Les fils d&#8217;une \u00e9paisseur de 2,0 et 2,5 mm conviennent \u00e0 ce mod\u00e8le d&#8217;amigurumi. Pensez \u00e0 Sachenmayr Catania, Scheepjes Catona, Durable Cotton et autres.<\/p>\n<h3>Comment fonctionne la commande ?<\/h3>\n<p>Peu de temps apr\u00e8s avoir command\u00e9 et pay\u00e9 ce mod\u00e8le, vous recevrez le mod\u00e8le \u00e0 l&#8217;adresse \u00e9lectronique que vous avez fournie.<\/p>\n<h3><span style=\"text-decoration: underline;\">COPYRIGHT :<\/span><\/h3>\n<p><span style=\"text-decoration: underline;\">Tous les textes publi\u00e9s par Jootjes Haakcadeautjes, y compris tous les mod\u00e8les et manuels ainsi que les textes sur notre site, ne peuvent \u00eatre publi\u00e9s que par Jootjes Haakcadeautjes. Les patrons et les tutoriels sont destin\u00e9s \u00e0 votre usage personnel et ne peuvent donc pas \u00eatre partag\u00e9s sans autorisation et encore moins utilis\u00e9s \u00e0 des fins commerciales. Ce manuel ne peut \u00eatre traduit ou publi\u00e9 sur votre propre site ou dans d&#8217;autres m\u00e9dias. Bien entendu, le partage d&#8217;un lien vers le manuel est autoris\u00e9 \u00e0 condition que la source soit mentionn\u00e9e et correctement r\u00e9f\u00e9renc\u00e9e ! Toutes les photos sont prot\u00e9g\u00e9es de mani\u00e8re visible et invisible. La suppression du filigrane est punissable.<\/span><\/p>\n","protected":false},"excerpt":{"rendered":"<p>Un mod\u00e8le complet est fourni avec des photos \u00e9tape par \u00e9tape.<br \/>\nVous achetez donc le mod\u00e8le de crochet et non le produit fini. Id\u00e9al pour la f\u00eate des rois, mais aussi pour crocheter une couronne plus neutre pour votre prince ou votre princesse.<\/p>\n<p>Peu apr\u00e8s votre achat, vous recevrez le mod\u00e8le de crochet de l&#8217;anneau de dentition en forme de couronne \u00e0 l&#8217;adresse \u00e9lectronique que vous avez indiqu\u00e9e.<\/p>\n<p>Ce mod\u00e8le de crochet suppose une connaissance de base du crochet et des points de crochet. Nous sommes \u00e9galement disponibles sur tous nos canaux (email, t\u00e9l\u00e9phone, Facebook et Instagram) si vous avez des questions sur notre mod\u00e8le de crochet.<\/p>\n<p>Vous trouverez plus d&#8217;informations sur le mod\u00e8le de crochet au bas de la page.<\/p>\n","protected":false},"featured_media":69122,"template":"","meta":[],"product_brand":[],"product_cat":[12629,12308],"product_tag":[7384,13697,13694,7206,10241,12650,10240,13700,10487,12634,13698,12635],"class_list":{"0":"post-133579","1":"product","2":"type-product","3":"status-publish","4":"has-post-thumbnail","6":"product_cat-livres-et-kits-de-crochet","7":"product_cat-materiel-de-bricolage-et-de-crochet","8":"product_tag-anneau-de-dentition","9":"product_tag-anneau-de-dentition-au-crochet-fr","10":"product_tag-anneau-de-dentition-en-bois","11":"product_tag-bricolage","12":"product_tag-cadeaux-au-crochet","13":"product_tag-couronne","14":"product_tag-joots-fr","15":"product_tag-jour-des-rois","16":"product_tag-le-faire-soi-meme","17":"product_tag-modele-de-crochet","18":"product_tag-modele-de-crochet-fr","19":"product_tag-modeles-de-crochet","21":"first","22":"instock","23":"taxable","24":"shipping-taxable","25":"purchasable","26":"product-type-simple"},"bundled_by":[],"bundle_stock_status":"instock","bundle_stock_quantity":19,"bundle_virtual":false,"bundle_layout":"","bundle_add_to_cart_form_location":"","bundle_editable_in_cart":false,"bundle_sold_individually_context":"","bundle_item_grouping":"","bundle_min_size":"","bundle_max_size":"","bundle_price":[],"bundled_items":[],"bundle_sell_ids":[],"yoast_head":"<!-- This site is optimized with the Yoast SEO Premium plugin v27.6 (Yoast SEO v27.6) - https:\/\/yoast.com\/product\/yoast-seo-premium-wordpress\/ -->\n<title>Mod\u00e8le au crochet - Anneau de dentition Couronne - Jootjes Crochet presents - Jootjes Haakcadeautjes<\/title>\n<meta name=\"robots\" content=\"index, follow, max-snippet:-1, max-image-preview:large, max-video-preview:-1\" \/>\n<link rel=\"canonical\" href=\"https:\/\/www.jootjeshaakcadeautjes.nl\/fr\/produit\/crochet-crochet-couronne-crochet-cadeaux-crochet-modeles-de-crochet\/\" \/>\n<meta property=\"og:locale\" content=\"fr_FR\" \/>\n<meta property=\"og:type\" content=\"article\" \/>\n<meta property=\"og:title\" content=\"Mod\u00e8le au crochet - Anneau de dentition Couronne - Jootjes Crochet presents\" \/>\n<meta property=\"og:description\" content=\"Un mod\u00e8le complet est fourni avec des photos \u00e9tape par \u00e9tape. Vous achetez donc le mod\u00e8le de crochet et non le produit fini. Id\u00e9al pour la f\u00eate des rois, mais aussi pour crocheter une couronne plus neutre pour votre prince ou votre princesse. Peu apr\u00e8s votre achat, vous recevrez le mod\u00e8le de crochet de l&#039;anneau de dentition en forme de couronne \u00e0 l&#039;adresse \u00e9lectronique que vous avez indiqu\u00e9e. Ce mod\u00e8le de crochet suppose une connaissance de base du crochet et des points de crochet. Nous sommes \u00e9galement disponibles sur tous nos canaux (email, t\u00e9l\u00e9phone, Facebook et Instagram) si vous avez des questions sur notre mod\u00e8le de crochet. Vous trouverez plus d&#039;informations sur le mod\u00e8le de crochet au bas de la page.\" \/>\n<meta property=\"og:url\" content=\"https:\/\/www.jootjeshaakcadeautjes.nl\/fr\/produit\/crochet-crochet-couronne-crochet-cadeaux-crochet-modeles-de-crochet\/\" \/>\n<meta property=\"og:site_name\" content=\"Jootjes Haakcadeautjes\" \/>\n<meta property=\"article:modified_time\" content=\"2025-03-11T03:02:54+00:00\" \/>\n<meta property=\"og:image\" content=\"https:\/\/www.jootjeshaakcadeautjes.nl\/wp-content\/uploads\/2020\/04\/Kroon-Haakpatroon-1.jpg\" \/>\n\t<meta property=\"og:image:width\" content=\"1080\" \/>\n\t<meta property=\"og:image:height\" content=\"1080\" \/>\n\t<meta property=\"og:image:type\" content=\"image\/jpeg\" \/>\n<meta name=\"twitter:card\" content=\"summary_large_image\" \/>\n<meta name=\"twitter:label1\" content=\"Prix\" \/>\n\t<meta name=\"twitter:data1\" content=\"&euro;1.50 TTC\" \/>\n\t<meta name=\"twitter:label2\" content=\"Disponibilit\u00e9\" \/>\n\t<meta name=\"twitter:data2\" content=\"En stock\" \/>\n<script type=\"application\/ld+json\" class=\"yoast-schema-graph\">{\"@context\":\"https:\\\/\\\/schema.org\",\"@graph\":[{\"@type\":\"WebPage\",\"@id\":\"https:\\\/\\\/www.jootjeshaakcadeautjes.nl\\\/fr\\\/produit\\\/crochet-crochet-couronne-crochet-cadeaux-crochet-modeles-de-crochet\\\/\",\"url\":\"https:\\\/\\\/www.jootjeshaakcadeautjes.nl\\\/fr\\\/produit\\\/crochet-crochet-couronne-crochet-cadeaux-crochet-modeles-de-crochet\\\/\",\"name\":\"Mod\u00e8le au crochet - Anneau de dentition Couronne - Jootjes Crochet presents - Jootjes Haakcadeautjes\",\"isPartOf\":{\"@id\":\"https:\\\/\\\/www.jootjeshaakcadeautjes.nl\\\/fr\\\/#website\"},\"primaryImageOfPage\":{\"@id\":\"https:\\\/\\\/www.jootjeshaakcadeautjes.nl\\\/fr\\\/produit\\\/crochet-crochet-couronne-crochet-cadeaux-crochet-modeles-de-crochet\\\/#primaryimage\"},\"image\":{\"@id\":\"https:\\\/\\\/www.jootjeshaakcadeautjes.nl\\\/fr\\\/produit\\\/crochet-crochet-couronne-crochet-cadeaux-crochet-modeles-de-crochet\\\/#primaryimage\"},\"thumbnailUrl\":\"https:\\\/\\\/d1dyryakdmle7o.cloudfront.net\\\/wp-content\\\/uploads\\\/2020\\\/04\\\/Kroon-Haakpatroon-1.jpg\",\"datePublished\":\"2022-04-20T10:04:02+00:00\",\"dateModified\":\"2025-03-11T03:02:54+00:00\",\"breadcrumb\":{\"@id\":\"https:\\\/\\\/www.jootjeshaakcadeautjes.nl\\\/fr\\\/produit\\\/crochet-crochet-couronne-crochet-cadeaux-crochet-modeles-de-crochet\\\/#breadcrumb\"},\"inLanguage\":\"fr-FR\",\"potentialAction\":[{\"@type\":\"ReadAction\",\"target\":[\"https:\\\/\\\/www.jootjeshaakcadeautjes.nl\\\/fr\\\/produit\\\/crochet-crochet-couronne-crochet-cadeaux-crochet-modeles-de-crochet\\\/\"]}]},{\"@type\":\"ImageObject\",\"inLanguage\":\"fr-FR\",\"@id\":\"https:\\\/\\\/www.jootjeshaakcadeautjes.nl\\\/fr\\\/produit\\\/crochet-crochet-couronne-crochet-cadeaux-crochet-modeles-de-crochet\\\/#primaryimage\",\"url\":\"https:\\\/\\\/d1dyryakdmle7o.cloudfront.net\\\/wp-content\\\/uploads\\\/2020\\\/04\\\/Kroon-Haakpatroon-1.jpg\",\"contentUrl\":\"https:\\\/\\\/d1dyryakdmle7o.cloudfront.net\\\/wp-content\\\/uploads\\\/2020\\\/04\\\/Kroon-Haakpatroon-1.jpg\",\"width\":1080,\"height\":1080,\"caption\":\"Patron de crochet Jour du Roi Jootje Crochet pr\u00e9sente anneau de morsure couronne Patrons de crochet drapeau hollandais\"},{\"@type\":\"BreadcrumbList\",\"@id\":\"https:\\\/\\\/www.jootjeshaakcadeautjes.nl\\\/fr\\\/produit\\\/crochet-crochet-couronne-crochet-cadeaux-crochet-modeles-de-crochet\\\/#breadcrumb\",\"itemListElement\":[{\"@type\":\"ListItem\",\"position\":1,\"name\":\"Accueil\",\"item\":\"https:\\\/\\\/www.jootjeshaakcadeautjes.nl\\\/fr\\\/\"},{\"@type\":\"ListItem\",\"position\":2,\"name\":\"Commerce de gros de perles en silicone &#8211; Entreprises et consommateurs\",\"item\":\"https:\\\/\\\/www.jootjeshaakcadeautjes.nl\\\/fr\\\/boutique\\\/\"},{\"@type\":\"ListItem\",\"position\":3,\"name\":\"Mod\u00e8le au crochet &#8211; Anneau de dentition Couronne &#8211; Jootjes Crochet presents\"}]},{\"@type\":\"WebSite\",\"@id\":\"https:\\\/\\\/www.jootjeshaakcadeautjes.nl\\\/fr\\\/#website\",\"url\":\"https:\\\/\\\/www.jootjeshaakcadeautjes.nl\\\/fr\\\/\",\"name\":\"Jootjes Haakcadeautjes\",\"description\":\"Grossiste en perles de silicone\",\"publisher\":{\"@id\":\"https:\\\/\\\/www.jootjeshaakcadeautjes.nl\\\/fr\\\/#organization\"},\"potentialAction\":[{\"@type\":\"SearchAction\",\"target\":{\"@type\":\"EntryPoint\",\"urlTemplate\":\"https:\\\/\\\/www.jootjeshaakcadeautjes.nl\\\/fr\\\/?s={search_term_string}\"},\"query-input\":{\"@type\":\"PropertyValueSpecification\",\"valueRequired\":true,\"valueName\":\"search_term_string\"}}],\"inLanguage\":\"fr-FR\"},{\"@type\":\"Organization\",\"@id\":\"https:\\\/\\\/www.jootjeshaakcadeautjes.nl\\\/fr\\\/#organization\",\"name\":\"Jootjes Haakcadeautjes\",\"url\":\"https:\\\/\\\/www.jootjeshaakcadeautjes.nl\\\/fr\\\/\",\"logo\":{\"@type\":\"ImageObject\",\"inLanguage\":\"fr-FR\",\"@id\":\"https:\\\/\\\/www.jootjeshaakcadeautjes.nl\\\/fr\\\/#\\\/schema\\\/logo\\\/image\\\/\",\"url\":\"https:\\\/\\\/d1dyryakdmle7o.cloudfront.net\\\/wp-content\\\/uploads\\\/2023\\\/05\\\/Logo-rond.png\",\"contentUrl\":\"https:\\\/\\\/d1dyryakdmle7o.cloudfront.net\\\/wp-content\\\/uploads\\\/2023\\\/05\\\/Logo-rond.png\",\"width\":1222,\"height\":1222,\"caption\":\"Jootjes Haakcadeautjes\"},\"image\":{\"@id\":\"https:\\\/\\\/www.jootjeshaakcadeautjes.nl\\\/fr\\\/#\\\/schema\\\/logo\\\/image\\\/\"}}]}<\/script>\n<meta property=\"product:price:amount\" content=\"1.50\" \/>\n<meta property=\"product:price:currency\" content=\"EUR\" \/>\n<meta property=\"og:availability\" content=\"instock\" \/>\n<meta property=\"product:availability\" content=\"instock\" \/>\n<meta property=\"product:condition\" content=\"new\" \/>\n<!-- \/ Yoast SEO Premium plugin. -->","yoast_head_json":{"title":"Mod\u00e8le au crochet - Anneau de dentition Couronne - Jootjes Crochet presents - Jootjes Haakcadeautjes","robots":{"index":"index","follow":"follow","max-snippet":"max-snippet:-1","max-image-preview":"max-image-preview:large","max-video-preview":"max-video-preview:-1"},"canonical":"https:\/\/www.jootjeshaakcadeautjes.nl\/fr\/produit\/crochet-crochet-couronne-crochet-cadeaux-crochet-modeles-de-crochet\/","og_locale":"fr_FR","og_type":"article","og_title":"Mod\u00e8le au crochet - Anneau de dentition Couronne - Jootjes Crochet presents","og_description":"Un mod\u00e8le complet est fourni avec des photos \u00e9tape par \u00e9tape. Vous achetez donc le mod\u00e8le de crochet et non le produit fini. Id\u00e9al pour la f\u00eate des rois, mais aussi pour crocheter une couronne plus neutre pour votre prince ou votre princesse. Peu apr\u00e8s votre achat, vous recevrez le mod\u00e8le de crochet de l'anneau de dentition en forme de couronne \u00e0 l'adresse \u00e9lectronique que vous avez indiqu\u00e9e. Ce mod\u00e8le de crochet suppose une connaissance de base du crochet et des points de crochet. Nous sommes \u00e9galement disponibles sur tous nos canaux (email, t\u00e9l\u00e9phone, Facebook et Instagram) si vous avez des questions sur notre mod\u00e8le de crochet. Vous trouverez plus d'informations sur le mod\u00e8le de crochet au bas de la page.","og_url":"https:\/\/www.jootjeshaakcadeautjes.nl\/fr\/produit\/crochet-crochet-couronne-crochet-cadeaux-crochet-modeles-de-crochet\/","og_site_name":"Jootjes Haakcadeautjes","article_modified_time":"2025-03-11T03:02:54+00:00","og_image":[{"width":1080,"height":1080,"url":"https:\/\/www.jootjeshaakcadeautjes.nl\/wp-content\/uploads\/2020\/04\/Kroon-Haakpatroon-1.jpg","type":"image\/jpeg"}],"twitter_card":"summary_large_image","twitter_misc":{"Prix":"&euro;1.50 TTC","Disponibilit\u00e9":"En stock"},"schema":{"@context":"https:\/\/schema.org","@graph":[{"@type":"WebPage","@id":"https:\/\/www.jootjeshaakcadeautjes.nl\/fr\/produit\/crochet-crochet-couronne-crochet-cadeaux-crochet-modeles-de-crochet\/","url":"https:\/\/www.jootjeshaakcadeautjes.nl\/fr\/produit\/crochet-crochet-couronne-crochet-cadeaux-crochet-modeles-de-crochet\/","name":"Mod\u00e8le au crochet - Anneau de dentition Couronne - Jootjes Crochet presents - Jootjes Haakcadeautjes","isPartOf":{"@id":"https:\/\/www.jootjeshaakcadeautjes.nl\/fr\/#website"},"primaryImageOfPage":{"@id":"https:\/\/www.jootjeshaakcadeautjes.nl\/fr\/produit\/crochet-crochet-couronne-crochet-cadeaux-crochet-modeles-de-crochet\/#primaryimage"},"image":{"@id":"https:\/\/www.jootjeshaakcadeautjes.nl\/fr\/produit\/crochet-crochet-couronne-crochet-cadeaux-crochet-modeles-de-crochet\/#primaryimage"},"thumbnailUrl":"https:\/\/d1dyryakdmle7o.cloudfront.net\/wp-content\/uploads\/2020\/04\/Kroon-Haakpatroon-1.jpg","datePublished":"2022-04-20T10:04:02+00:00","dateModified":"2025-03-11T03:02:54+00:00","breadcrumb":{"@id":"https:\/\/www.jootjeshaakcadeautjes.nl\/fr\/produit\/crochet-crochet-couronne-crochet-cadeaux-crochet-modeles-de-crochet\/#breadcrumb"},"inLanguage":"fr-FR","potentialAction":[{"@type":"ReadAction","target":["https:\/\/www.jootjeshaakcadeautjes.nl\/fr\/produit\/crochet-crochet-couronne-crochet-cadeaux-crochet-modeles-de-crochet\/"]}]},{"@type":"ImageObject","inLanguage":"fr-FR","@id":"https:\/\/www.jootjeshaakcadeautjes.nl\/fr\/produit\/crochet-crochet-couronne-crochet-cadeaux-crochet-modeles-de-crochet\/#primaryimage","url":"https:\/\/d1dyryakdmle7o.cloudfront.net\/wp-content\/uploads\/2020\/04\/Kroon-Haakpatroon-1.jpg","contentUrl":"https:\/\/d1dyryakdmle7o.cloudfront.net\/wp-content\/uploads\/2020\/04\/Kroon-Haakpatroon-1.jpg","width":1080,"height":1080,"caption":"Patron de crochet Jour du Roi Jootje Crochet pr\u00e9sente anneau de morsure couronne Patrons de crochet drapeau hollandais"},{"@type":"BreadcrumbList","@id":"https:\/\/www.jootjeshaakcadeautjes.nl\/fr\/produit\/crochet-crochet-couronne-crochet-cadeaux-crochet-modeles-de-crochet\/#breadcrumb","itemListElement":[{"@type":"ListItem","position":1,"name":"Accueil","item":"https:\/\/www.jootjeshaakcadeautjes.nl\/fr\/"},{"@type":"ListItem","position":2,"name":"Commerce de gros de perles en silicone &#8211; Entreprises et consommateurs","item":"https:\/\/www.jootjeshaakcadeautjes.nl\/fr\/boutique\/"},{"@type":"ListItem","position":3,"name":"Mod\u00e8le au crochet &#8211; Anneau de dentition Couronne &#8211; Jootjes Crochet presents"}]},{"@type":"WebSite","@id":"https:\/\/www.jootjeshaakcadeautjes.nl\/fr\/#website","url":"https:\/\/www.jootjeshaakcadeautjes.nl\/fr\/","name":"Jootjes Haakcadeautjes","description":"Grossiste en perles de silicone","publisher":{"@id":"https:\/\/www.jootjeshaakcadeautjes.nl\/fr\/#organization"},"potentialAction":[{"@type":"SearchAction","target":{"@type":"EntryPoint","urlTemplate":"https:\/\/www.jootjeshaakcadeautjes.nl\/fr\/?s={search_term_string}"},"query-input":{"@type":"PropertyValueSpecification","valueRequired":true,"valueName":"search_term_string"}}],"inLanguage":"fr-FR"},{"@type":"Organization","@id":"https:\/\/www.jootjeshaakcadeautjes.nl\/fr\/#organization","name":"Jootjes Haakcadeautjes","url":"https:\/\/www.jootjeshaakcadeautjes.nl\/fr\/","logo":{"@type":"ImageObject","inLanguage":"fr-FR","@id":"https:\/\/www.jootjeshaakcadeautjes.nl\/fr\/#\/schema\/logo\/image\/","url":"https:\/\/d1dyryakdmle7o.cloudfront.net\/wp-content\/uploads\/2023\/05\/Logo-rond.png","contentUrl":"https:\/\/d1dyryakdmle7o.cloudfront.net\/wp-content\/uploads\/2023\/05\/Logo-rond.png","width":1222,"height":1222,"caption":"Jootjes Haakcadeautjes"},"image":{"@id":"https:\/\/www.jootjeshaakcadeautjes.nl\/fr\/#\/schema\/logo\/image\/"}}]},"product_price_amount":"1.50","product_price_currency":"EUR","og_availability":"instock","product_availability":"instock","product_condition":"new"},"_links":{"self":[{"href":"https:\/\/www.jootjeshaakcadeautjes.nl\/fr\/wp-json\/wp\/v2\/product\/133579","targetHints":{"allow":["GET"]}}],"collection":[{"href":"https:\/\/www.jootjeshaakcadeautjes.nl\/fr\/wp-json\/wp\/v2\/product"}],"about":[{"href":"https:\/\/www.jootjeshaakcadeautjes.nl\/fr\/wp-json\/wp\/v2\/types\/product"}],"version-history":[{"count":0,"href":"https:\/\/www.jootjeshaakcadeautjes.nl\/fr\/wp-json\/wp\/v2\/product\/133579\/revisions"}],"wp:featuredmedia":[{"embeddable":true,"href":"https:\/\/www.jootjeshaakcadeautjes.nl\/fr\/wp-json\/wp\/v2\/media\/69122"}],"wp:attachment":[{"href":"https:\/\/www.jootjeshaakcadeautjes.nl\/fr\/wp-json\/wp\/v2\/media?parent=133579"}],"wp:term":[{"taxonomy":"product_brand","embeddable":true,"href":"https:\/\/www.jootjeshaakcadeautjes.nl\/fr\/wp-json\/wp\/v2\/product_brand?post=133579"},{"taxonomy":"product_cat","embeddable":true,"href":"https:\/\/www.jootjeshaakcadeautjes.nl\/fr\/wp-json\/wp\/v2\/product_cat?post=133579"},{"taxonomy":"product_tag","embeddable":true,"href":"https:\/\/www.jootjeshaakcadeautjes.nl\/fr\/wp-json\/wp\/v2\/product_tag?post=133579"}],"curies":[{"name":"wp","href":"https:\/\/api.w.org\/{rel}","templated":true}]}}