{"id":133593,"date":"2022-04-21T15:23:35","date_gmt":"2022-04-21T13:23:35","guid":{"rendered":"https:\/\/www.jootjeshaakcadeautjes.nl\/product\/anneau-clef-30-mm\/"},"modified":"2026-02-12T14:34:01","modified_gmt":"2026-02-12T13:34:01","slug":"anneau-clef-30-mm","status":"publish","type":"product","link":"https:\/\/www.jootjeshaakcadeautjes.nl\/fr\/produit\/anneau-clef-30-mm\/","title":{"rendered":"Porte-cl\u00e9s &#8211; 30 mm"},"content":{"rendered":"<h3>Porte-cl\u00e9s &#8211; 30 mm<\/h3>\n<p>Cette taille d&#8217;anneau en m\u00e9tal est parfaite pour cr\u00e9er votre propre porte-cl\u00e9s, porte-bonheur, pendentif de sac ou fermeture \u00e9clair. L&#8217;anneau est exactement du m\u00eame type que l&#8217;anneau d&#8217;un porte-cl\u00e9s et durera longtemps. Ces anneaux sont donc largement utilis\u00e9s au d\u00e9but ou \u00e0 la fin d&#8217;une ann\u00e9e scolaire ou \u00e0 l&#8217;occasion d&#8217;une friandise. En effet, la bague est id\u00e9ale pour cr\u00e9er un souvenir simple mais unique et appropri\u00e9 pour les camarades de classe ou de groupe ou pour l&#8217;enseignant.<\/p>\n<p>\u00c9galement disponible comme variante en <a href=\"https:\/\/www.jootjeshaakcadeautjes.nl\/fr\/produit\/porte-cles-mousqueton\/\">porte-cl\u00e9s avec crochet mousqueton<\/a>.<\/p>\n<p>&nbsp;<\/p>\n<p>&nbsp;<\/p>\n","protected":false},"excerpt":{"rendered":"<p>Les anneaux sont vendus individuellement.<\/p>\n<p>Ces porte-cl\u00e9s sont largement utilis\u00e9s pour fabriquer votre propre porte-cl\u00e9s, votre poup\u00e9e porte-bonheur, votre pendentif de sac ou votre fermeture \u00e9clair. Par exemple, lors de la pr\u00e9paration d&#8217;une friandise.<\/p>\n<p>&nbsp;<\/p>\n","protected":false},"featured_media":77625,"template":"","meta":[],"product_brand":[],"product_cat":[12308,12306,12310],"product_tag":[10325,7489,12311,12314,7392,13573,13575,7619,7209,13574],"class_list":{"0":"post-133593","1":"product","2":"type-product","3":"status-publish","4":"has-post-thumbnail","6":"product_cat-materiel-de-bricolage-et-de-crochet","7":"product_cat-porte-cles-et-crochets","8":"product_cat-poupees-chanceuses-diy-perles-et-fournitures","9":"product_tag-30-fr","10":"product_tag-crochet-pour-sac","11":"product_tag-crochets","12":"product_tag-metal-fr","13":"product_tag-mm-fr","14":"product_tag-porte-cles-fr-3","15":"product_tag-porte-cles-fr-4","16":"product_tag-porte-cles","17":"product_tag-poupee-porte-bonheur","18":"product_tag-zip-zip-fr","20":"first","21":"instock","22":"taxable","23":"shipping-taxable","24":"purchasable","25":"product-type-simple"},"bundled_by":[],"bundle_stock_status":"instock","bundle_stock_quantity":840,"bundle_virtual":false,"bundle_layout":"","bundle_add_to_cart_form_location":"","bundle_editable_in_cart":false,"bundle_sold_individually_context":"","bundle_item_grouping":"","bundle_min_size":"","bundle_max_size":"","bundle_price":[],"bundled_items":[],"bundle_sell_ids":[],"yoast_head":"<!-- This site is optimized with the Yoast SEO Premium plugin v27.6 (Yoast SEO v27.6) - https:\/\/yoast.com\/product\/yoast-seo-premium-wordpress\/ -->\n<title>Porte-cl\u00e9s - 30 mm - Jootjes Haakcadeautjes<\/title>\n<meta name=\"description\" content=\"Les porte-cl\u00e9s avec crochet de mousqueton sont disponibles sur JootjesHaakcadeautjes.nl. Id\u00e9al pour fabriquer des porte-cl\u00e9s au crochet ou des poup\u00e9es porte-bonheur, par exemple, pour une f\u00eate de groupe dans une \u00e9cole primaire. Le crochet mousqueton permet d&#039;attacher le pendentif \u00e0 un sac ou \u00e0 un porte-cl\u00e9s.\" \/>\n<meta name=\"robots\" content=\"index, follow, max-snippet:-1, max-image-preview:large, max-video-preview:-1\" \/>\n<link rel=\"canonical\" href=\"https:\/\/www.jootjeshaakcadeautjes.nl\/fr\/produit\/anneau-clef-30-mm\/\" \/>\n<meta property=\"og:locale\" content=\"fr_FR\" \/>\n<meta property=\"og:type\" content=\"article\" \/>\n<meta property=\"og:title\" content=\"Porte-cl\u00e9s - 30 mm\" \/>\n<meta property=\"og:description\" content=\"Les porte-cl\u00e9s avec crochet de mousqueton sont disponibles sur JootjesHaakcadeautjes.nl. Id\u00e9al pour fabriquer des porte-cl\u00e9s au crochet ou des poup\u00e9es porte-bonheur, par exemple, pour une f\u00eate de groupe dans une \u00e9cole primaire. Le crochet mousqueton permet d&#039;attacher le pendentif \u00e0 un sac ou \u00e0 un porte-cl\u00e9s.\" \/>\n<meta property=\"og:url\" content=\"https:\/\/www.jootjeshaakcadeautjes.nl\/fr\/produit\/anneau-clef-30-mm\/\" \/>\n<meta property=\"og:site_name\" content=\"Jootjes Haakcadeautjes\" \/>\n<meta property=\"article:modified_time\" content=\"2026-02-12T13:34:01+00:00\" \/>\n<meta property=\"og:image\" content=\"https:\/\/www.jootjeshaakcadeautjes.nl\/wp-content\/uploads\/2021\/09\/20210909_214123.jpg\" \/>\n\t<meta property=\"og:image:width\" content=\"1435\" \/>\n\t<meta property=\"og:image:height\" content=\"1435\" \/>\n\t<meta property=\"og:image:type\" content=\"image\/jpeg\" \/>\n<meta name=\"twitter:card\" content=\"summary_large_image\" \/>\n<meta name=\"twitter:label1\" content=\"Prix\" \/>\n\t<meta name=\"twitter:data1\" content=\"&euro;0.22 TTC\" \/>\n\t<meta name=\"twitter:label2\" content=\"Disponibilit\u00e9\" \/>\n\t<meta name=\"twitter:data2\" content=\"En stock\" \/>\n<script type=\"application\/ld+json\" class=\"yoast-schema-graph\">{\"@context\":\"https:\\\/\\\/schema.org\",\"@graph\":[{\"@type\":\"WebPage\",\"@id\":\"https:\\\/\\\/www.jootjeshaakcadeautjes.nl\\\/fr\\\/produit\\\/anneau-clef-30-mm\\\/\",\"url\":\"https:\\\/\\\/www.jootjeshaakcadeautjes.nl\\\/fr\\\/produit\\\/anneau-clef-30-mm\\\/\",\"name\":\"Porte-cl\u00e9s - 30 mm - Jootjes Haakcadeautjes\",\"isPartOf\":{\"@id\":\"https:\\\/\\\/www.jootjeshaakcadeautjes.nl\\\/fr\\\/#website\"},\"primaryImageOfPage\":{\"@id\":\"https:\\\/\\\/www.jootjeshaakcadeautjes.nl\\\/fr\\\/produit\\\/anneau-clef-30-mm\\\/#primaryimage\"},\"image\":{\"@id\":\"https:\\\/\\\/www.jootjeshaakcadeautjes.nl\\\/fr\\\/produit\\\/anneau-clef-30-mm\\\/#primaryimage\"},\"thumbnailUrl\":\"https:\\\/\\\/d1dyryakdmle7o.cloudfront.net\\\/wp-content\\\/uploads\\\/2021\\\/09\\\/20210909_214123.jpg\",\"datePublished\":\"2022-04-21T13:23:35+00:00\",\"dateModified\":\"2026-02-12T13:34:01+00:00\",\"description\":\"Les porte-cl\u00e9s avec crochet de mousqueton sont disponibles sur JootjesHaakcadeautjes.nl. Id\u00e9al pour fabriquer des porte-cl\u00e9s au crochet ou des poup\u00e9es porte-bonheur, par exemple, pour une f\u00eate de groupe dans une \u00e9cole primaire. Le crochet mousqueton permet d'attacher le pendentif \u00e0 un sac ou \u00e0 un porte-cl\u00e9s.\",\"breadcrumb\":{\"@id\":\"https:\\\/\\\/www.jootjeshaakcadeautjes.nl\\\/fr\\\/produit\\\/anneau-clef-30-mm\\\/#breadcrumb\"},\"inLanguage\":\"fr-FR\",\"potentialAction\":[{\"@type\":\"ReadAction\",\"target\":[\"https:\\\/\\\/www.jootjeshaakcadeautjes.nl\\\/fr\\\/produit\\\/anneau-clef-30-mm\\\/\"]}]},{\"@type\":\"ImageObject\",\"inLanguage\":\"fr-FR\",\"@id\":\"https:\\\/\\\/www.jootjeshaakcadeautjes.nl\\\/fr\\\/produit\\\/anneau-clef-30-mm\\\/#primaryimage\",\"url\":\"https:\\\/\\\/d1dyryakdmle7o.cloudfront.net\\\/wp-content\\\/uploads\\\/2021\\\/09\\\/20210909_214123.jpg\",\"contentUrl\":\"https:\\\/\\\/d1dyryakdmle7o.cloudfront.net\\\/wp-content\\\/uploads\\\/2021\\\/09\\\/20210909_214123.jpg\",\"width\":1435,\"height\":1435,\"caption\":\"anneau pour porte-cl\u00e9s ou \u00e9tiquette de sac\"},{\"@type\":\"BreadcrumbList\",\"@id\":\"https:\\\/\\\/www.jootjeshaakcadeautjes.nl\\\/fr\\\/produit\\\/anneau-clef-30-mm\\\/#breadcrumb\",\"itemListElement\":[{\"@type\":\"ListItem\",\"position\":1,\"name\":\"Accueil\",\"item\":\"https:\\\/\\\/www.jootjeshaakcadeautjes.nl\\\/fr\\\/\"},{\"@type\":\"ListItem\",\"position\":2,\"name\":\"Commerce de gros de perles en silicone &#8211; Entreprises et consommateurs\",\"item\":\"https:\\\/\\\/www.jootjeshaakcadeautjes.nl\\\/fr\\\/boutique\\\/\"},{\"@type\":\"ListItem\",\"position\":3,\"name\":\"Porte-cl\u00e9s &#8211; 30 mm\"}]},{\"@type\":\"WebSite\",\"@id\":\"https:\\\/\\\/www.jootjeshaakcadeautjes.nl\\\/fr\\\/#website\",\"url\":\"https:\\\/\\\/www.jootjeshaakcadeautjes.nl\\\/fr\\\/\",\"name\":\"Jootjes Haakcadeautjes\",\"description\":\"Grossiste en perles de silicone\",\"publisher\":{\"@id\":\"https:\\\/\\\/www.jootjeshaakcadeautjes.nl\\\/fr\\\/#organization\"},\"potentialAction\":[{\"@type\":\"SearchAction\",\"target\":{\"@type\":\"EntryPoint\",\"urlTemplate\":\"https:\\\/\\\/www.jootjeshaakcadeautjes.nl\\\/fr\\\/?s={search_term_string}\"},\"query-input\":{\"@type\":\"PropertyValueSpecification\",\"valueRequired\":true,\"valueName\":\"search_term_string\"}}],\"inLanguage\":\"fr-FR\"},{\"@type\":\"Organization\",\"@id\":\"https:\\\/\\\/www.jootjeshaakcadeautjes.nl\\\/fr\\\/#organization\",\"name\":\"Jootjes Haakcadeautjes\",\"url\":\"https:\\\/\\\/www.jootjeshaakcadeautjes.nl\\\/fr\\\/\",\"logo\":{\"@type\":\"ImageObject\",\"inLanguage\":\"fr-FR\",\"@id\":\"https:\\\/\\\/www.jootjeshaakcadeautjes.nl\\\/fr\\\/#\\\/schema\\\/logo\\\/image\\\/\",\"url\":\"https:\\\/\\\/d1dyryakdmle7o.cloudfront.net\\\/wp-content\\\/uploads\\\/2023\\\/05\\\/Logo-rond.png\",\"contentUrl\":\"https:\\\/\\\/d1dyryakdmle7o.cloudfront.net\\\/wp-content\\\/uploads\\\/2023\\\/05\\\/Logo-rond.png\",\"width\":1222,\"height\":1222,\"caption\":\"Jootjes Haakcadeautjes\"},\"image\":{\"@id\":\"https:\\\/\\\/www.jootjeshaakcadeautjes.nl\\\/fr\\\/#\\\/schema\\\/logo\\\/image\\\/\"}}]}<\/script>\n<meta property=\"product:price:amount\" content=\"0.22\" \/>\n<meta property=\"product:price:currency\" content=\"EUR\" \/>\n<meta property=\"og:availability\" content=\"instock\" \/>\n<meta property=\"product:availability\" content=\"instock\" \/>\n<meta property=\"product:retailer_item_id\" content=\"SLR-030\" \/>\n<meta property=\"product:condition\" content=\"new\" \/>\n<!-- \/ Yoast SEO Premium plugin. -->","yoast_head_json":{"title":"Porte-cl\u00e9s - 30 mm - Jootjes Haakcadeautjes","description":"Les porte-cl\u00e9s avec crochet de mousqueton sont disponibles sur JootjesHaakcadeautjes.nl. Id\u00e9al pour fabriquer des porte-cl\u00e9s au crochet ou des poup\u00e9es porte-bonheur, par exemple, pour une f\u00eate de groupe dans une \u00e9cole primaire. Le crochet mousqueton permet d'attacher le pendentif \u00e0 un sac ou \u00e0 un porte-cl\u00e9s.","robots":{"index":"index","follow":"follow","max-snippet":"max-snippet:-1","max-image-preview":"max-image-preview:large","max-video-preview":"max-video-preview:-1"},"canonical":"https:\/\/www.jootjeshaakcadeautjes.nl\/fr\/produit\/anneau-clef-30-mm\/","og_locale":"fr_FR","og_type":"article","og_title":"Porte-cl\u00e9s - 30 mm","og_description":"Les porte-cl\u00e9s avec crochet de mousqueton sont disponibles sur JootjesHaakcadeautjes.nl. Id\u00e9al pour fabriquer des porte-cl\u00e9s au crochet ou des poup\u00e9es porte-bonheur, par exemple, pour une f\u00eate de groupe dans une \u00e9cole primaire. Le crochet mousqueton permet d'attacher le pendentif \u00e0 un sac ou \u00e0 un porte-cl\u00e9s.","og_url":"https:\/\/www.jootjeshaakcadeautjes.nl\/fr\/produit\/anneau-clef-30-mm\/","og_site_name":"Jootjes Haakcadeautjes","article_modified_time":"2026-02-12T13:34:01+00:00","og_image":[{"width":1435,"height":1435,"url":"https:\/\/www.jootjeshaakcadeautjes.nl\/wp-content\/uploads\/2021\/09\/20210909_214123.jpg","type":"image\/jpeg"}],"twitter_card":"summary_large_image","twitter_misc":{"Prix":"&euro;0.22 TTC","Disponibilit\u00e9":"En stock"},"schema":{"@context":"https:\/\/schema.org","@graph":[{"@type":"WebPage","@id":"https:\/\/www.jootjeshaakcadeautjes.nl\/fr\/produit\/anneau-clef-30-mm\/","url":"https:\/\/www.jootjeshaakcadeautjes.nl\/fr\/produit\/anneau-clef-30-mm\/","name":"Porte-cl\u00e9s - 30 mm - Jootjes Haakcadeautjes","isPartOf":{"@id":"https:\/\/www.jootjeshaakcadeautjes.nl\/fr\/#website"},"primaryImageOfPage":{"@id":"https:\/\/www.jootjeshaakcadeautjes.nl\/fr\/produit\/anneau-clef-30-mm\/#primaryimage"},"image":{"@id":"https:\/\/www.jootjeshaakcadeautjes.nl\/fr\/produit\/anneau-clef-30-mm\/#primaryimage"},"thumbnailUrl":"https:\/\/d1dyryakdmle7o.cloudfront.net\/wp-content\/uploads\/2021\/09\/20210909_214123.jpg","datePublished":"2022-04-21T13:23:35+00:00","dateModified":"2026-02-12T13:34:01+00:00","description":"Les porte-cl\u00e9s avec crochet de mousqueton sont disponibles sur JootjesHaakcadeautjes.nl. Id\u00e9al pour fabriquer des porte-cl\u00e9s au crochet ou des poup\u00e9es porte-bonheur, par exemple, pour une f\u00eate de groupe dans une \u00e9cole primaire. Le crochet mousqueton permet d'attacher le pendentif \u00e0 un sac ou \u00e0 un porte-cl\u00e9s.","breadcrumb":{"@id":"https:\/\/www.jootjeshaakcadeautjes.nl\/fr\/produit\/anneau-clef-30-mm\/#breadcrumb"},"inLanguage":"fr-FR","potentialAction":[{"@type":"ReadAction","target":["https:\/\/www.jootjeshaakcadeautjes.nl\/fr\/produit\/anneau-clef-30-mm\/"]}]},{"@type":"ImageObject","inLanguage":"fr-FR","@id":"https:\/\/www.jootjeshaakcadeautjes.nl\/fr\/produit\/anneau-clef-30-mm\/#primaryimage","url":"https:\/\/d1dyryakdmle7o.cloudfront.net\/wp-content\/uploads\/2021\/09\/20210909_214123.jpg","contentUrl":"https:\/\/d1dyryakdmle7o.cloudfront.net\/wp-content\/uploads\/2021\/09\/20210909_214123.jpg","width":1435,"height":1435,"caption":"anneau pour porte-cl\u00e9s ou \u00e9tiquette de sac"},{"@type":"BreadcrumbList","@id":"https:\/\/www.jootjeshaakcadeautjes.nl\/fr\/produit\/anneau-clef-30-mm\/#breadcrumb","itemListElement":[{"@type":"ListItem","position":1,"name":"Accueil","item":"https:\/\/www.jootjeshaakcadeautjes.nl\/fr\/"},{"@type":"ListItem","position":2,"name":"Commerce de gros de perles en silicone &#8211; Entreprises et consommateurs","item":"https:\/\/www.jootjeshaakcadeautjes.nl\/fr\/boutique\/"},{"@type":"ListItem","position":3,"name":"Porte-cl\u00e9s &#8211; 30 mm"}]},{"@type":"WebSite","@id":"https:\/\/www.jootjeshaakcadeautjes.nl\/fr\/#website","url":"https:\/\/www.jootjeshaakcadeautjes.nl\/fr\/","name":"Jootjes Haakcadeautjes","description":"Grossiste en perles de silicone","publisher":{"@id":"https:\/\/www.jootjeshaakcadeautjes.nl\/fr\/#organization"},"potentialAction":[{"@type":"SearchAction","target":{"@type":"EntryPoint","urlTemplate":"https:\/\/www.jootjeshaakcadeautjes.nl\/fr\/?s={search_term_string}"},"query-input":{"@type":"PropertyValueSpecification","valueRequired":true,"valueName":"search_term_string"}}],"inLanguage":"fr-FR"},{"@type":"Organization","@id":"https:\/\/www.jootjeshaakcadeautjes.nl\/fr\/#organization","name":"Jootjes Haakcadeautjes","url":"https:\/\/www.jootjeshaakcadeautjes.nl\/fr\/","logo":{"@type":"ImageObject","inLanguage":"fr-FR","@id":"https:\/\/www.jootjeshaakcadeautjes.nl\/fr\/#\/schema\/logo\/image\/","url":"https:\/\/d1dyryakdmle7o.cloudfront.net\/wp-content\/uploads\/2023\/05\/Logo-rond.png","contentUrl":"https:\/\/d1dyryakdmle7o.cloudfront.net\/wp-content\/uploads\/2023\/05\/Logo-rond.png","width":1222,"height":1222,"caption":"Jootjes Haakcadeautjes"},"image":{"@id":"https:\/\/www.jootjeshaakcadeautjes.nl\/fr\/#\/schema\/logo\/image\/"}}]},"product_price_amount":"0.22","product_price_currency":"EUR","og_availability":"instock","product_availability":"instock","product_retailer_item_id":"SLR-030","product_condition":"new"},"_links":{"self":[{"href":"https:\/\/www.jootjeshaakcadeautjes.nl\/fr\/wp-json\/wp\/v2\/product\/133593","targetHints":{"allow":["GET"]}}],"collection":[{"href":"https:\/\/www.jootjeshaakcadeautjes.nl\/fr\/wp-json\/wp\/v2\/product"}],"about":[{"href":"https:\/\/www.jootjeshaakcadeautjes.nl\/fr\/wp-json\/wp\/v2\/types\/product"}],"version-history":[{"count":0,"href":"https:\/\/www.jootjeshaakcadeautjes.nl\/fr\/wp-json\/wp\/v2\/product\/133593\/revisions"}],"wp:featuredmedia":[{"embeddable":true,"href":"https:\/\/www.jootjeshaakcadeautjes.nl\/fr\/wp-json\/wp\/v2\/media\/77625"}],"wp:attachment":[{"href":"https:\/\/www.jootjeshaakcadeautjes.nl\/fr\/wp-json\/wp\/v2\/media?parent=133593"}],"wp:term":[{"taxonomy":"product_brand","embeddable":true,"href":"https:\/\/www.jootjeshaakcadeautjes.nl\/fr\/wp-json\/wp\/v2\/product_brand?post=133593"},{"taxonomy":"product_cat","embeddable":true,"href":"https:\/\/www.jootjeshaakcadeautjes.nl\/fr\/wp-json\/wp\/v2\/product_cat?post=133593"},{"taxonomy":"product_tag","embeddable":true,"href":"https:\/\/www.jootjeshaakcadeautjes.nl\/fr\/wp-json\/wp\/v2\/product_tag?post=133593"}],"curies":[{"name":"wp","href":"https:\/\/api.w.org\/{rel}","templated":true}]}}