{"id":133613,"date":"2022-04-18T13:49:16","date_gmt":"2022-04-18T11:49:16","guid":{"rendered":"https:\/\/www.jootjeshaakcadeautjes.nl\/product\/pinces-a-chat-en-bois-en12586-teat-cord-ahorn\/"},"modified":"2026-01-08T18:04:36","modified_gmt":"2026-01-08T17:04:36","slug":"attache-sucette-70","status":"publish","type":"product","link":"https:\/\/www.jootjeshaakcadeautjes.nl\/fr\/produit\/attache-sucette-70\/","title":{"rendered":"Attache-sucette Bois d&#8217;\u00e9rable (l\u00e9ger) &#8211; 35 mm &#8211; Avec trous &#8211; EN12586"},"content":{"rendered":"<h3>Attache-sucette Bois d&#8217;\u00e9rable &#8211; 35 mm &#8211; Avec trous &#8211; EN12586<\/h3>\n<p>Mat\u00e9riau : 100 % de bois d&#8217;\u00e9rable d&#8217;origine europ\u00e9enne test\u00e9 en toute s\u00e9curit\u00e9 EN-71 et acier inoxydable<br \/>\nS\u00e9curit\u00e9 : \u00e9galement test\u00e9 en toute s\u00e9curit\u00e9 conform\u00e9ment \u00e0 la norme EN12586<br \/>\nTaille : 35 mm de diam\u00e8tre avec 3 trous de plus de 4 mm de diam\u00e8tre<\/p>\n<p>Ces attaches-sucettes ont fait l&#8217;objet de tests de s\u00e9curit\u00e9 conformes \u00e0 toutes les normes. Comme cette Attache-sucette est plus grande et que les trous tombent bien \u00e0 l&#8217;ext\u00e9rieur, elle est \u00e9galement parfaite pour la gravure de votre propre marque. Vous cherchez encore une version plus petite ?  <a href=\"https:\/\/www.jootjeshaakcadeautjes.nl\/fr\/produit\/attache-sucette-17\/\"><u>Vous trouverez ici nos clips de 30 mm de diam\u00e8tre qui ont fait l&#8217;objet d&#8217;un test de s\u00e9curit\u00e9 complet !<\/u><\/a><\/p>\n<h4>Pourquoi avons-nous inclus l&#8217;\u00e9rable dans notre gamme ?<\/h4>\n<p>Car, comme le h\u00eatre, l&#8217;\u00e9rable est un bois tr\u00e8s robuste et d&#8217;une belle duret\u00e9. Les Attache-sucettes sont donc magnifiquement polies et peuvent prendre un bon coup, tout comme la version en h\u00eatre de ces Attache-sucettes. Cependant, les clips en \u00e9rable sont l\u00e9g\u00e8rement plus clairs. Le choix du clip n&#8217;est donc pas une question de qualit\u00e9, mais plut\u00f4t une question de couleur qui vous pla\u00eet le plus ! \ud83d\ude42<\/p>\n<h4>Attache-sucette en bois europ\u00e9en certifi\u00e9 PEFC<\/h4>\n<p><b>PEFC<\/b> est l&#8217;acronyme de &#8220;Programme for the Endorsement of Forest Certification&#8221; (Programme de reconnaissance des certifications foresti\u00e8res). Il s&#8217;agit d&#8217;un label internationalement reconnu et totalement ind\u00e9pendant qui promeut la gestion durable des for\u00eats. L&#8217;objectif ultime du <b>PEFC<\/b> est que toutes les for\u00eats du monde soient g\u00e9r\u00e9es de mani\u00e8re durable.<\/p>\n<p>&nbsp;<\/p>\n<p><a href=\"https:\/\/d1dyryakdmle7o.cloudfront.net\/wp-content\/uploads\/2022\/04\/Groen-PEFC-logo-PEFC30-01-01-zonder-kader.png\"><img decoding=\"async\" class=\"alignnone wp-image-43549\" src=\"https:\/\/www.jootjeshaakcadeautjes.nl\/wp-content\/themes\/woodmart\/images\/lazy.svg\" data-src=\"https:\/\/d1dyryakdmle7o.cloudfront.net\/wp-content\/uploads\/2022\/04\/Groen-PEFC-logo-PEFC30-01-01-zonder-kader-783x1024.png\" alt=\"\" width=\"165\" height=\"216\"><\/a><\/p>\n","protected":false},"excerpt":{"rendered":"<p>Mat\u00e9riau : 100 % de bois d&#8217;\u00e9rable d&#8217;origine europ\u00e9enne test\u00e9 en toute s\u00e9curit\u00e9 EN-71 et acier inoxydable<br \/>\nS\u00e9curit\u00e9 : \u00e9galement enti\u00e8rement test\u00e9e conform\u00e9ment \u00e0 la norme EN12586<br \/>\nTaille : 35 mm de diam\u00e8tre avec 3 trous de plus de 4 mm de diam\u00e8tre<\/p>\n<p>Le bois d&#8217;\u00e9rable est plus clair que le bois de h\u00eatre, mais il est tout \u00e0 fait comparable en termes de s\u00e9curit\u00e9 et de qualit\u00e9.<\/p>\n<p>&nbsp;<\/p>\n","protected":false},"featured_media":79947,"template":"","meta":[],"product_brand":[],"product_cat":[12486,12482,12668,7378],"product_tag":[7401,10409,7424,7455,12490,10223,12674,12654,13701,10081,12670,7418,12410,12675,7440,12671,12676,12677,12672,7408],"class_list":{"0":"post-133613","1":"product","2":"type-product","3":"status-publish","4":"has-post-thumbnail","6":"product_cat-attaches-tetines-attache-tetine-tendeur-de-sucette-allen-silicone-bois-metal","7":"product_cat-clips-de-tetine-pour-cordon-de-tetine-chaine-de-landau-et-autres","8":"product_cat-clips-pour-mannequins-en-bois-ronds-et-figures","9":"product_cat-fabrication-de-jouets-de-dentition-pour-bebe-cordon-de-sucette-et-anneaux-de-dentition","10":"product_tag-bebe","11":"product_tag-bois-fr","12":"product_tag-bpa-fr","13":"product_tag-chaine-de-landau","14":"product_tag-clip-factice","15":"product_tag-crochet-de-wagon","16":"product_tag-crochet-pour-baton","17":"product_tag-enfant-en-bas-age","18":"product_tag-erable","19":"product_tag-europeen","20":"product_tag-fait-a-la-main","21":"product_tag-faux-cordon","22":"product_tag-fr12586","23":"product_tag-fr71","24":"product_tag-gratuit","25":"product_tag-la-securite","26":"product_tag-lignes-directrices","27":"product_tag-origine","28":"product_tag-petits-trous","29":"product_tag-sur","31":"first","32":"outofstock","33":"taxable","34":"shipping-taxable","35":"purchasable","36":"product-type-simple"},"bundled_by":["131558"],"bundle_stock_status":"outofstock","bundle_stock_quantity":0,"bundle_virtual":false,"bundle_layout":"","bundle_add_to_cart_form_location":"","bundle_editable_in_cart":false,"bundle_sold_individually_context":"","bundle_item_grouping":"","bundle_min_size":"","bundle_max_size":"","bundle_price":[],"bundled_items":[],"bundle_sell_ids":[],"yoast_head":"<!-- This site is optimized with the Yoast SEO Premium plugin v27.6 (Yoast SEO v27.6) - https:\/\/yoast.com\/product\/yoast-seo-premium-wordpress\/ -->\n<title>Attache-sucette en bois - L\u00e9ger - 35 Mm - EN12586 - Attache-sucette<\/title>\n<meta name=\"description\" content=\"Attaches-sucettes en bois de couleur claire fabriqu\u00e9es en bois d&#039;\u00e9rable et en m\u00e9tal 100%% EN12586 et EN71 test\u00e9s en toute s\u00e9curit\u00e9. Pour fabriquer des cordons de mannequins s\u00fbrs !\" \/>\n<meta name=\"robots\" content=\"index, follow, max-snippet:-1, max-image-preview:large, max-video-preview:-1\" \/>\n<link rel=\"canonical\" href=\"https:\/\/www.jootjeshaakcadeautjes.nl\/fr\/produit\/attache-sucette-70\/\" \/>\n<meta property=\"og:locale\" content=\"fr_FR\" \/>\n<meta property=\"og:type\" content=\"article\" \/>\n<meta property=\"og:title\" content=\"Attache-sucette Bois d&#039;\u00e9rable (l\u00e9ger) - 35 mm - Avec trous - EN12586\" \/>\n<meta property=\"og:description\" content=\"Attaches-sucettes en bois de couleur claire fabriqu\u00e9es en bois d&#039;\u00e9rable et en m\u00e9tal 100%% EN12586 et EN71 test\u00e9s en toute s\u00e9curit\u00e9. Pour fabriquer des cordons de mannequins s\u00fbrs !\" \/>\n<meta property=\"og:url\" content=\"https:\/\/www.jootjeshaakcadeautjes.nl\/fr\/produit\/attache-sucette-70\/\" \/>\n<meta property=\"og:site_name\" content=\"Jootjes Haakcadeautjes\" \/>\n<meta property=\"article:modified_time\" content=\"2026-01-08T17:04:36+00:00\" \/>\n<meta property=\"og:image\" content=\"https:\/\/www.jootjeshaakcadeautjes.nl\/wp-content\/uploads\/2022\/04\/20220418_010044.jpg\" \/>\n\t<meta property=\"og:image:width\" content=\"1728\" \/>\n\t<meta property=\"og:image:height\" content=\"1728\" \/>\n\t<meta property=\"og:image:type\" content=\"image\/jpeg\" \/>\n<meta name=\"twitter:card\" content=\"summary_large_image\" \/>\n<meta name=\"twitter:label1\" content=\"Prix\" \/>\n\t<meta name=\"twitter:data1\" content=\"&euro;1.75 TTC\" \/>\n\t<meta name=\"twitter:label2\" content=\"Disponibilit\u00e9\" \/>\n\t<meta name=\"twitter:data2\" content=\"Rupture de stock\" \/>\n<script type=\"application\/ld+json\" class=\"yoast-schema-graph\">{\"@context\":\"https:\\\/\\\/schema.org\",\"@graph\":[{\"@type\":\"WebPage\",\"@id\":\"https:\\\/\\\/www.jootjeshaakcadeautjes.nl\\\/fr\\\/produit\\\/attache-sucette-70\\\/\",\"url\":\"https:\\\/\\\/www.jootjeshaakcadeautjes.nl\\\/fr\\\/produit\\\/attache-sucette-70\\\/\",\"name\":\"Attache-sucette en bois - L\u00e9ger - 35 Mm - EN12586 - Attache-sucette\",\"isPartOf\":{\"@id\":\"https:\\\/\\\/www.jootjeshaakcadeautjes.nl\\\/fr\\\/#website\"},\"primaryImageOfPage\":{\"@id\":\"https:\\\/\\\/www.jootjeshaakcadeautjes.nl\\\/fr\\\/produit\\\/attache-sucette-70\\\/#primaryimage\"},\"image\":{\"@id\":\"https:\\\/\\\/www.jootjeshaakcadeautjes.nl\\\/fr\\\/produit\\\/attache-sucette-70\\\/#primaryimage\"},\"thumbnailUrl\":\"https:\\\/\\\/d1dyryakdmle7o.cloudfront.net\\\/wp-content\\\/uploads\\\/2022\\\/04\\\/20220418_010044.jpg\",\"datePublished\":\"2022-04-18T11:49:16+00:00\",\"dateModified\":\"2026-01-08T17:04:36+00:00\",\"description\":\"Attaches-sucettes en bois de couleur claire fabriqu\u00e9es en bois d'\u00e9rable et en m\u00e9tal 100%% EN12586 et EN71 test\u00e9s en toute s\u00e9curit\u00e9. Pour fabriquer des cordons de mannequins s\u00fbrs !\",\"breadcrumb\":{\"@id\":\"https:\\\/\\\/www.jootjeshaakcadeautjes.nl\\\/fr\\\/produit\\\/attache-sucette-70\\\/#breadcrumb\"},\"inLanguage\":\"fr-FR\",\"potentialAction\":[{\"@type\":\"ReadAction\",\"target\":[\"https:\\\/\\\/www.jootjeshaakcadeautjes.nl\\\/fr\\\/produit\\\/attache-sucette-70\\\/\"]}]},{\"@type\":\"ImageObject\",\"inLanguage\":\"fr-FR\",\"@id\":\"https:\\\/\\\/www.jootjeshaakcadeautjes.nl\\\/fr\\\/produit\\\/attache-sucette-70\\\/#primaryimage\",\"url\":\"https:\\\/\\\/d1dyryakdmle7o.cloudfront.net\\\/wp-content\\\/uploads\\\/2022\\\/04\\\/20220418_010044.jpg\",\"contentUrl\":\"https:\\\/\\\/d1dyryakdmle7o.cloudfront.net\\\/wp-content\\\/uploads\\\/2022\\\/04\\\/20220418_010044.jpg\",\"width\":1728,\"height\":1728,\"caption\":\"Attache-sucette en bois lumi\u00e8re avec trous EN12586 EN71 Achats en gros Attache-sucette cordon\"},{\"@type\":\"BreadcrumbList\",\"@id\":\"https:\\\/\\\/www.jootjeshaakcadeautjes.nl\\\/fr\\\/produit\\\/attache-sucette-70\\\/#breadcrumb\",\"itemListElement\":[{\"@type\":\"ListItem\",\"position\":1,\"name\":\"Accueil\",\"item\":\"https:\\\/\\\/www.jootjeshaakcadeautjes.nl\\\/fr\\\/\"},{\"@type\":\"ListItem\",\"position\":2,\"name\":\"Commerce de gros de perles en silicone &#8211; Entreprises et consommateurs\",\"item\":\"https:\\\/\\\/www.jootjeshaakcadeautjes.nl\\\/fr\\\/boutique\\\/\"},{\"@type\":\"ListItem\",\"position\":3,\"name\":\"Attache-sucette Bois d&#8217;\u00e9rable (l\u00e9ger) &#8211; 35 mm &#8211; Avec trous &#8211; EN12586\"}]},{\"@type\":\"WebSite\",\"@id\":\"https:\\\/\\\/www.jootjeshaakcadeautjes.nl\\\/fr\\\/#website\",\"url\":\"https:\\\/\\\/www.jootjeshaakcadeautjes.nl\\\/fr\\\/\",\"name\":\"Jootjes Haakcadeautjes\",\"description\":\"Grossiste en perles de silicone\",\"publisher\":{\"@id\":\"https:\\\/\\\/www.jootjeshaakcadeautjes.nl\\\/fr\\\/#organization\"},\"potentialAction\":[{\"@type\":\"SearchAction\",\"target\":{\"@type\":\"EntryPoint\",\"urlTemplate\":\"https:\\\/\\\/www.jootjeshaakcadeautjes.nl\\\/fr\\\/?s={search_term_string}\"},\"query-input\":{\"@type\":\"PropertyValueSpecification\",\"valueRequired\":true,\"valueName\":\"search_term_string\"}}],\"inLanguage\":\"fr-FR\"},{\"@type\":\"Organization\",\"@id\":\"https:\\\/\\\/www.jootjeshaakcadeautjes.nl\\\/fr\\\/#organization\",\"name\":\"Jootjes Haakcadeautjes\",\"url\":\"https:\\\/\\\/www.jootjeshaakcadeautjes.nl\\\/fr\\\/\",\"logo\":{\"@type\":\"ImageObject\",\"inLanguage\":\"fr-FR\",\"@id\":\"https:\\\/\\\/www.jootjeshaakcadeautjes.nl\\\/fr\\\/#\\\/schema\\\/logo\\\/image\\\/\",\"url\":\"https:\\\/\\\/d1dyryakdmle7o.cloudfront.net\\\/wp-content\\\/uploads\\\/2023\\\/05\\\/Logo-rond.png\",\"contentUrl\":\"https:\\\/\\\/d1dyryakdmle7o.cloudfront.net\\\/wp-content\\\/uploads\\\/2023\\\/05\\\/Logo-rond.png\",\"width\":1222,\"height\":1222,\"caption\":\"Jootjes Haakcadeautjes\"},\"image\":{\"@id\":\"https:\\\/\\\/www.jootjeshaakcadeautjes.nl\\\/fr\\\/#\\\/schema\\\/logo\\\/image\\\/\"}}]}<\/script>\n<meta property=\"product:price:amount\" content=\"1.75\" \/>\n<meta property=\"product:price:currency\" content=\"EUR\" \/>\n<meta property=\"og:availability\" content=\"out of stock\" \/>\n<meta property=\"product:availability\" content=\"out of stock\" \/>\n<meta property=\"product:retailer_item_id\" content=\"SPH-VAH-035\" \/>\n<meta property=\"product:condition\" content=\"new\" \/>\n<!-- \/ Yoast SEO Premium plugin. -->","yoast_head_json":{"title":"Attache-sucette en bois - L\u00e9ger - 35 Mm - EN12586 - Attache-sucette","description":"Attaches-sucettes en bois de couleur claire fabriqu\u00e9es en bois d'\u00e9rable et en m\u00e9tal 100%% EN12586 et EN71 test\u00e9s en toute s\u00e9curit\u00e9. Pour fabriquer des cordons de mannequins s\u00fbrs !","robots":{"index":"index","follow":"follow","max-snippet":"max-snippet:-1","max-image-preview":"max-image-preview:large","max-video-preview":"max-video-preview:-1"},"canonical":"https:\/\/www.jootjeshaakcadeautjes.nl\/fr\/produit\/attache-sucette-70\/","og_locale":"fr_FR","og_type":"article","og_title":"Attache-sucette Bois d'\u00e9rable (l\u00e9ger) - 35 mm - Avec trous - EN12586","og_description":"Attaches-sucettes en bois de couleur claire fabriqu\u00e9es en bois d'\u00e9rable et en m\u00e9tal 100%% EN12586 et EN71 test\u00e9s en toute s\u00e9curit\u00e9. Pour fabriquer des cordons de mannequins s\u00fbrs !","og_url":"https:\/\/www.jootjeshaakcadeautjes.nl\/fr\/produit\/attache-sucette-70\/","og_site_name":"Jootjes Haakcadeautjes","article_modified_time":"2026-01-08T17:04:36+00:00","og_image":[{"width":1728,"height":1728,"url":"https:\/\/www.jootjeshaakcadeautjes.nl\/wp-content\/uploads\/2022\/04\/20220418_010044.jpg","type":"image\/jpeg"}],"twitter_card":"summary_large_image","twitter_misc":{"Prix":"&euro;1.75 TTC","Disponibilit\u00e9":"Rupture de stock"},"schema":{"@context":"https:\/\/schema.org","@graph":[{"@type":"WebPage","@id":"https:\/\/www.jootjeshaakcadeautjes.nl\/fr\/produit\/attache-sucette-70\/","url":"https:\/\/www.jootjeshaakcadeautjes.nl\/fr\/produit\/attache-sucette-70\/","name":"Attache-sucette en bois - L\u00e9ger - 35 Mm - EN12586 - Attache-sucette","isPartOf":{"@id":"https:\/\/www.jootjeshaakcadeautjes.nl\/fr\/#website"},"primaryImageOfPage":{"@id":"https:\/\/www.jootjeshaakcadeautjes.nl\/fr\/produit\/attache-sucette-70\/#primaryimage"},"image":{"@id":"https:\/\/www.jootjeshaakcadeautjes.nl\/fr\/produit\/attache-sucette-70\/#primaryimage"},"thumbnailUrl":"https:\/\/d1dyryakdmle7o.cloudfront.net\/wp-content\/uploads\/2022\/04\/20220418_010044.jpg","datePublished":"2022-04-18T11:49:16+00:00","dateModified":"2026-01-08T17:04:36+00:00","description":"Attaches-sucettes en bois de couleur claire fabriqu\u00e9es en bois d'\u00e9rable et en m\u00e9tal 100%% EN12586 et EN71 test\u00e9s en toute s\u00e9curit\u00e9. Pour fabriquer des cordons de mannequins s\u00fbrs !","breadcrumb":{"@id":"https:\/\/www.jootjeshaakcadeautjes.nl\/fr\/produit\/attache-sucette-70\/#breadcrumb"},"inLanguage":"fr-FR","potentialAction":[{"@type":"ReadAction","target":["https:\/\/www.jootjeshaakcadeautjes.nl\/fr\/produit\/attache-sucette-70\/"]}]},{"@type":"ImageObject","inLanguage":"fr-FR","@id":"https:\/\/www.jootjeshaakcadeautjes.nl\/fr\/produit\/attache-sucette-70\/#primaryimage","url":"https:\/\/d1dyryakdmle7o.cloudfront.net\/wp-content\/uploads\/2022\/04\/20220418_010044.jpg","contentUrl":"https:\/\/d1dyryakdmle7o.cloudfront.net\/wp-content\/uploads\/2022\/04\/20220418_010044.jpg","width":1728,"height":1728,"caption":"Attache-sucette en bois lumi\u00e8re avec trous EN12586 EN71 Achats en gros Attache-sucette cordon"},{"@type":"BreadcrumbList","@id":"https:\/\/www.jootjeshaakcadeautjes.nl\/fr\/produit\/attache-sucette-70\/#breadcrumb","itemListElement":[{"@type":"ListItem","position":1,"name":"Accueil","item":"https:\/\/www.jootjeshaakcadeautjes.nl\/fr\/"},{"@type":"ListItem","position":2,"name":"Commerce de gros de perles en silicone &#8211; Entreprises et consommateurs","item":"https:\/\/www.jootjeshaakcadeautjes.nl\/fr\/boutique\/"},{"@type":"ListItem","position":3,"name":"Attache-sucette Bois d&#8217;\u00e9rable (l\u00e9ger) &#8211; 35 mm &#8211; Avec trous &#8211; EN12586"}]},{"@type":"WebSite","@id":"https:\/\/www.jootjeshaakcadeautjes.nl\/fr\/#website","url":"https:\/\/www.jootjeshaakcadeautjes.nl\/fr\/","name":"Jootjes Haakcadeautjes","description":"Grossiste en perles de silicone","publisher":{"@id":"https:\/\/www.jootjeshaakcadeautjes.nl\/fr\/#organization"},"potentialAction":[{"@type":"SearchAction","target":{"@type":"EntryPoint","urlTemplate":"https:\/\/www.jootjeshaakcadeautjes.nl\/fr\/?s={search_term_string}"},"query-input":{"@type":"PropertyValueSpecification","valueRequired":true,"valueName":"search_term_string"}}],"inLanguage":"fr-FR"},{"@type":"Organization","@id":"https:\/\/www.jootjeshaakcadeautjes.nl\/fr\/#organization","name":"Jootjes Haakcadeautjes","url":"https:\/\/www.jootjeshaakcadeautjes.nl\/fr\/","logo":{"@type":"ImageObject","inLanguage":"fr-FR","@id":"https:\/\/www.jootjeshaakcadeautjes.nl\/fr\/#\/schema\/logo\/image\/","url":"https:\/\/d1dyryakdmle7o.cloudfront.net\/wp-content\/uploads\/2023\/05\/Logo-rond.png","contentUrl":"https:\/\/d1dyryakdmle7o.cloudfront.net\/wp-content\/uploads\/2023\/05\/Logo-rond.png","width":1222,"height":1222,"caption":"Jootjes Haakcadeautjes"},"image":{"@id":"https:\/\/www.jootjeshaakcadeautjes.nl\/fr\/#\/schema\/logo\/image\/"}}]},"product_price_amount":"1.75","product_price_currency":"EUR","og_availability":"out of stock","product_availability":"out of stock","product_retailer_item_id":"SPH-VAH-035","product_condition":"new"},"_links":{"self":[{"href":"https:\/\/www.jootjeshaakcadeautjes.nl\/fr\/wp-json\/wp\/v2\/product\/133613","targetHints":{"allow":["GET"]}}],"collection":[{"href":"https:\/\/www.jootjeshaakcadeautjes.nl\/fr\/wp-json\/wp\/v2\/product"}],"about":[{"href":"https:\/\/www.jootjeshaakcadeautjes.nl\/fr\/wp-json\/wp\/v2\/types\/product"}],"version-history":[{"count":0,"href":"https:\/\/www.jootjeshaakcadeautjes.nl\/fr\/wp-json\/wp\/v2\/product\/133613\/revisions"}],"wp:featuredmedia":[{"embeddable":true,"href":"https:\/\/www.jootjeshaakcadeautjes.nl\/fr\/wp-json\/wp\/v2\/media\/79947"}],"wp:attachment":[{"href":"https:\/\/www.jootjeshaakcadeautjes.nl\/fr\/wp-json\/wp\/v2\/media?parent=133613"}],"wp:term":[{"taxonomy":"product_brand","embeddable":true,"href":"https:\/\/www.jootjeshaakcadeautjes.nl\/fr\/wp-json\/wp\/v2\/product_brand?post=133613"},{"taxonomy":"product_cat","embeddable":true,"href":"https:\/\/www.jootjeshaakcadeautjes.nl\/fr\/wp-json\/wp\/v2\/product_cat?post=133613"},{"taxonomy":"product_tag","embeddable":true,"href":"https:\/\/www.jootjeshaakcadeautjes.nl\/fr\/wp-json\/wp\/v2\/product_tag?post=133613"}],"curies":[{"name":"wp","href":"https:\/\/api.w.org\/{rel}","templated":true}]}}