{"id":133626,"date":"2022-04-18T12:05:17","date_gmt":"2022-04-18T11:05:17","guid":{"rendered":"https:\/\/www.jootjeshaakcadeautjes.nl\/product\/perles-gravees-en-bois-olifant-avec-coeur-hetre-20-mm-de-haut-en-bas\/"},"modified":"2025-03-11T16:58:06","modified_gmt":"2025-03-11T15:58:06","slug":"perles-gravees-en-bois-olifant-avec-coeur-hetre-20-mm-de-haut-en-bas","status":"publish","type":"product","link":"https:\/\/www.jootjeshaakcadeautjes.nl\/fr\/produit\/perles-gravees-en-bois-olifant-avec-coeur-hetre-20-mm-de-haut-en-bas\/","title":{"rendered":"Perle en bois &#8211; Grav\u00e9e &#8211; El\u00e9phant avec c\u0153ur &#8211; Bois de h\u00eatre &#8211; 20 mm &#8211; de haut en bas"},"content":{"rendered":"<h2><strong>Perles en bois &#8211; Bois de h\u00eatre &#8211; diam\u00e8tre 20 mm &#8211; grav\u00e9 El\u00e9phant avec c\u0153ur<\/strong><\/h2>\n<p><strong>Le trou va de haut en bas<\/strong><\/p>\n<p>Fabriqu\u00e9 en bois brut (non laqu\u00e9, teint\u00e9 ou huil\u00e9). La finition est cependant extr\u00eamement douce.<br \/>\nIl y a deux c\u0153urs sur chaque perle ! Ouverture de 4 mm de diam\u00e8tre.<\/p>\n<p>Id\u00e9al comme attache-t\u00e9tine, anneau de dentition ou collier d&#8217;allaitement.<\/p>\n<p>&nbsp;<\/p>\n","protected":false},"excerpt":{"rendered":"<p>Perles en bois de h\u00eatre 20 mm<br \/>\nEl\u00e9phant grav\u00e9 avec c\u0153ur, 2 faces.<\/p>\n<p>Trou de haut en bas, d&#8217;environ 4 mm de diam\u00e8tre.<\/p>\n","protected":false},"featured_media":79407,"template":"","meta":[],"product_brand":[],"product_cat":[7378,6994,12308,10405,10408],"product_tag":[7448,10489,10419,7384,12350,10409,12653,12316,7455,13709,13708,12343,13234,7197,7418,12313,10414,13639,7395,7200],"class_list":{"0":"post-133626","1":"product","2":"type-product","3":"status-publish","4":"has-post-thumbnail","6":"product_cat-fabrication-de-jouets-de-dentition-pour-bebe-cordon-de-sucette-et-anneaux-de-dentition","7":"product_cat-gravure-au-laser-produits-cadeaux","8":"product_cat-materiel-de-bricolage-et-de-crochet","9":"product_cat-perles-en-bois-fil-de-sucette-et-anneau-de-dentition-toutes-les-perles-en-bois","10":"product_cat-perles-en-bois-gravees-pour-cordon-de-sucette-et-anneau-de-dentition","11":"product_tag-20-mm-fr","12":"product_tag-20mm-fr","13":"product_tag-a-fr-3","14":"product_tag-anneau-de-dentition","15":"product_tag-avec","16":"product_tag-bois-fr","17":"product_tag-bois-de-hetre-fr","18":"product_tag-brut","19":"product_tag-chaine-de-landau","20":"product_tag-ci-dessous","21":"product_tag-ci-dessus","22":"product_tag-coeur-fr","23":"product_tag-elephant-fr","24":"product_tag-en-bois","25":"product_tag-faux-cordon","26":"product_tag-gymnastique-pour-bebes","27":"product_tag-hetre","28":"product_tag-jouets-pour-bebes","29":"product_tag-perle","30":"product_tag-perles","32":"first","33":"instock","34":"taxable","35":"shipping-taxable","36":"purchasable","37":"product-type-simple"},"bundled_by":[],"bundle_stock_status":"instock","bundle_stock_quantity":226,"bundle_virtual":false,"bundle_layout":"","bundle_add_to_cart_form_location":"","bundle_editable_in_cart":false,"bundle_sold_individually_context":"","bundle_item_grouping":"","bundle_min_size":"","bundle_max_size":"","bundle_price":[],"bundled_items":[],"bundle_sell_ids":[],"yoast_head":"<!-- This site is optimized with the Yoast SEO Premium plugin v27.6 (Yoast SEO v27.6) - https:\/\/yoast.com\/product\/yoast-seo-premium-wordpress\/ -->\n<title>Perle en bois - Grav\u00e9e - El\u00e9phant avec c\u0153ur - Bois de h\u00eatre - 20 mm - de haut en bas - Jootjes Haakcadeautjes<\/title>\n<meta name=\"description\" content=\"Jolies perles en h\u00eatre lisse de 20 mm avec un c\u0153ur magnifiquement grav\u00e9 sur les deux faces. Pas de couche de laque, tr\u00e8s belle finition. Un produit au chic unique !\" \/>\n<meta name=\"robots\" content=\"index, follow, max-snippet:-1, max-image-preview:large, max-video-preview:-1\" \/>\n<link rel=\"canonical\" href=\"https:\/\/www.jootjeshaakcadeautjes.nl\/fr\/produit\/perles-gravees-en-bois-olifant-avec-coeur-hetre-20-mm-de-haut-en-bas\/\" \/>\n<meta property=\"og:locale\" content=\"fr_FR\" \/>\n<meta property=\"og:type\" content=\"article\" \/>\n<meta property=\"og:title\" content=\"Perle en bois - Grav\u00e9e - El\u00e9phant avec c\u0153ur - Bois de h\u00eatre - 20 mm - de haut en bas\" \/>\n<meta property=\"og:description\" content=\"Jolies perles en h\u00eatre lisse de 20 mm avec un c\u0153ur magnifiquement grav\u00e9 sur les deux faces. Pas de couche de laque, tr\u00e8s belle finition. Un produit au chic unique !\" \/>\n<meta property=\"og:url\" content=\"https:\/\/www.jootjeshaakcadeautjes.nl\/fr\/produit\/perles-gravees-en-bois-olifant-avec-coeur-hetre-20-mm-de-haut-en-bas\/\" \/>\n<meta property=\"og:site_name\" content=\"Jootjes Haakcadeautjes\" \/>\n<meta property=\"article:modified_time\" content=\"2025-03-11T15:58:06+00:00\" \/>\n<meta property=\"og:image\" content=\"https:\/\/www.jootjeshaakcadeautjes.nl\/wp-content\/uploads\/2022\/03\/20220317_212021.jpg\" \/>\n\t<meta property=\"og:image:width\" content=\"1790\" \/>\n\t<meta property=\"og:image:height\" content=\"1790\" \/>\n\t<meta property=\"og:image:type\" content=\"image\/jpeg\" \/>\n<meta name=\"twitter:card\" content=\"summary_large_image\" \/>\n<meta name=\"twitter:label1\" content=\"Prix\" \/>\n\t<meta name=\"twitter:data1\" content=\"&euro;0.60 TTC\" \/>\n\t<meta name=\"twitter:label2\" content=\"Disponibilit\u00e9\" \/>\n\t<meta name=\"twitter:data2\" content=\"En stock\" \/>\n<script type=\"application\/ld+json\" class=\"yoast-schema-graph\">{\"@context\":\"https:\\\/\\\/schema.org\",\"@graph\":[{\"@type\":\"WebPage\",\"@id\":\"https:\\\/\\\/www.jootjeshaakcadeautjes.nl\\\/fr\\\/produit\\\/perles-gravees-en-bois-olifant-avec-coeur-hetre-20-mm-de-haut-en-bas\\\/\",\"url\":\"https:\\\/\\\/www.jootjeshaakcadeautjes.nl\\\/fr\\\/produit\\\/perles-gravees-en-bois-olifant-avec-coeur-hetre-20-mm-de-haut-en-bas\\\/\",\"name\":\"Perle en bois - Grav\u00e9e - El\u00e9phant avec c\u0153ur - Bois de h\u00eatre - 20 mm - de haut en bas - Jootjes Haakcadeautjes\",\"isPartOf\":{\"@id\":\"https:\\\/\\\/www.jootjeshaakcadeautjes.nl\\\/fr\\\/#website\"},\"primaryImageOfPage\":{\"@id\":\"https:\\\/\\\/www.jootjeshaakcadeautjes.nl\\\/fr\\\/produit\\\/perles-gravees-en-bois-olifant-avec-coeur-hetre-20-mm-de-haut-en-bas\\\/#primaryimage\"},\"image\":{\"@id\":\"https:\\\/\\\/www.jootjeshaakcadeautjes.nl\\\/fr\\\/produit\\\/perles-gravees-en-bois-olifant-avec-coeur-hetre-20-mm-de-haut-en-bas\\\/#primaryimage\"},\"thumbnailUrl\":\"https:\\\/\\\/d1dyryakdmle7o.cloudfront.net\\\/wp-content\\\/uploads\\\/2022\\\/03\\\/20220317_212021.jpg\",\"datePublished\":\"2022-04-18T11:05:17+00:00\",\"dateModified\":\"2025-03-11T15:58:06+00:00\",\"description\":\"Jolies perles en h\u00eatre lisse de 20 mm avec un c\u0153ur magnifiquement grav\u00e9 sur les deux faces. Pas de couche de laque, tr\u00e8s belle finition. Un produit au chic unique !\",\"breadcrumb\":{\"@id\":\"https:\\\/\\\/www.jootjeshaakcadeautjes.nl\\\/fr\\\/produit\\\/perles-gravees-en-bois-olifant-avec-coeur-hetre-20-mm-de-haut-en-bas\\\/#breadcrumb\"},\"inLanguage\":\"fr-FR\",\"potentialAction\":[{\"@type\":\"ReadAction\",\"target\":[\"https:\\\/\\\/www.jootjeshaakcadeautjes.nl\\\/fr\\\/produit\\\/perles-gravees-en-bois-olifant-avec-coeur-hetre-20-mm-de-haut-en-bas\\\/\"]}]},{\"@type\":\"ImageObject\",\"inLanguage\":\"fr-FR\",\"@id\":\"https:\\\/\\\/www.jootjeshaakcadeautjes.nl\\\/fr\\\/produit\\\/perles-gravees-en-bois-olifant-avec-coeur-hetre-20-mm-de-haut-en-bas\\\/#primaryimage\",\"url\":\"https:\\\/\\\/d1dyryakdmle7o.cloudfront.net\\\/wp-content\\\/uploads\\\/2022\\\/03\\\/20220317_212021.jpg\",\"contentUrl\":\"https:\\\/\\\/d1dyryakdmle7o.cloudfront.net\\\/wp-content\\\/uploads\\\/2022\\\/03\\\/20220317_212021.jpg\",\"width\":1790,\"height\":1790,\"caption\":\"Perle en bois de h\u00eatre grav\u00e9e \u00e9l\u00e9phant avec coeur grossiste gravure de marque\"},{\"@type\":\"BreadcrumbList\",\"@id\":\"https:\\\/\\\/www.jootjeshaakcadeautjes.nl\\\/fr\\\/produit\\\/perles-gravees-en-bois-olifant-avec-coeur-hetre-20-mm-de-haut-en-bas\\\/#breadcrumb\",\"itemListElement\":[{\"@type\":\"ListItem\",\"position\":1,\"name\":\"Accueil\",\"item\":\"https:\\\/\\\/www.jootjeshaakcadeautjes.nl\\\/fr\\\/\"},{\"@type\":\"ListItem\",\"position\":2,\"name\":\"Commerce de gros de perles en silicone &#8211; Entreprises et consommateurs\",\"item\":\"https:\\\/\\\/www.jootjeshaakcadeautjes.nl\\\/fr\\\/boutique\\\/\"},{\"@type\":\"ListItem\",\"position\":3,\"name\":\"Perle en bois &#8211; Grav\u00e9e &#8211; El\u00e9phant avec c\u0153ur &#8211; Bois de h\u00eatre &#8211; 20 mm &#8211; de haut en bas\"}]},{\"@type\":\"WebSite\",\"@id\":\"https:\\\/\\\/www.jootjeshaakcadeautjes.nl\\\/fr\\\/#website\",\"url\":\"https:\\\/\\\/www.jootjeshaakcadeautjes.nl\\\/fr\\\/\",\"name\":\"Jootjes Haakcadeautjes\",\"description\":\"Grossiste en perles de silicone\",\"publisher\":{\"@id\":\"https:\\\/\\\/www.jootjeshaakcadeautjes.nl\\\/fr\\\/#organization\"},\"potentialAction\":[{\"@type\":\"SearchAction\",\"target\":{\"@type\":\"EntryPoint\",\"urlTemplate\":\"https:\\\/\\\/www.jootjeshaakcadeautjes.nl\\\/fr\\\/?s={search_term_string}\"},\"query-input\":{\"@type\":\"PropertyValueSpecification\",\"valueRequired\":true,\"valueName\":\"search_term_string\"}}],\"inLanguage\":\"fr-FR\"},{\"@type\":\"Organization\",\"@id\":\"https:\\\/\\\/www.jootjeshaakcadeautjes.nl\\\/fr\\\/#organization\",\"name\":\"Jootjes Haakcadeautjes\",\"url\":\"https:\\\/\\\/www.jootjeshaakcadeautjes.nl\\\/fr\\\/\",\"logo\":{\"@type\":\"ImageObject\",\"inLanguage\":\"fr-FR\",\"@id\":\"https:\\\/\\\/www.jootjeshaakcadeautjes.nl\\\/fr\\\/#\\\/schema\\\/logo\\\/image\\\/\",\"url\":\"https:\\\/\\\/d1dyryakdmle7o.cloudfront.net\\\/wp-content\\\/uploads\\\/2023\\\/05\\\/Logo-rond.png\",\"contentUrl\":\"https:\\\/\\\/d1dyryakdmle7o.cloudfront.net\\\/wp-content\\\/uploads\\\/2023\\\/05\\\/Logo-rond.png\",\"width\":1222,\"height\":1222,\"caption\":\"Jootjes Haakcadeautjes\"},\"image\":{\"@id\":\"https:\\\/\\\/www.jootjeshaakcadeautjes.nl\\\/fr\\\/#\\\/schema\\\/logo\\\/image\\\/\"}}]}<\/script>\n<meta property=\"product:price:amount\" content=\"0.60\" \/>\n<meta property=\"product:price:currency\" content=\"EUR\" \/>\n<meta property=\"og:availability\" content=\"instock\" \/>\n<meta property=\"product:availability\" content=\"instock\" \/>\n<meta property=\"product:retailer_item_id\" content=\"HKR-BNB-OMH\" \/>\n<meta property=\"product:condition\" content=\"new\" \/>\n<!-- \/ Yoast SEO Premium plugin. -->","yoast_head_json":{"title":"Perle en bois - Grav\u00e9e - El\u00e9phant avec c\u0153ur - Bois de h\u00eatre - 20 mm - de haut en bas - Jootjes Haakcadeautjes","description":"Jolies perles en h\u00eatre lisse de 20 mm avec un c\u0153ur magnifiquement grav\u00e9 sur les deux faces. Pas de couche de laque, tr\u00e8s belle finition. Un produit au chic unique !","robots":{"index":"index","follow":"follow","max-snippet":"max-snippet:-1","max-image-preview":"max-image-preview:large","max-video-preview":"max-video-preview:-1"},"canonical":"https:\/\/www.jootjeshaakcadeautjes.nl\/fr\/produit\/perles-gravees-en-bois-olifant-avec-coeur-hetre-20-mm-de-haut-en-bas\/","og_locale":"fr_FR","og_type":"article","og_title":"Perle en bois - Grav\u00e9e - El\u00e9phant avec c\u0153ur - Bois de h\u00eatre - 20 mm - de haut en bas","og_description":"Jolies perles en h\u00eatre lisse de 20 mm avec un c\u0153ur magnifiquement grav\u00e9 sur les deux faces. Pas de couche de laque, tr\u00e8s belle finition. Un produit au chic unique !","og_url":"https:\/\/www.jootjeshaakcadeautjes.nl\/fr\/produit\/perles-gravees-en-bois-olifant-avec-coeur-hetre-20-mm-de-haut-en-bas\/","og_site_name":"Jootjes Haakcadeautjes","article_modified_time":"2025-03-11T15:58:06+00:00","og_image":[{"width":1790,"height":1790,"url":"https:\/\/www.jootjeshaakcadeautjes.nl\/wp-content\/uploads\/2022\/03\/20220317_212021.jpg","type":"image\/jpeg"}],"twitter_card":"summary_large_image","twitter_misc":{"Prix":"&euro;0.60 TTC","Disponibilit\u00e9":"En stock"},"schema":{"@context":"https:\/\/schema.org","@graph":[{"@type":"WebPage","@id":"https:\/\/www.jootjeshaakcadeautjes.nl\/fr\/produit\/perles-gravees-en-bois-olifant-avec-coeur-hetre-20-mm-de-haut-en-bas\/","url":"https:\/\/www.jootjeshaakcadeautjes.nl\/fr\/produit\/perles-gravees-en-bois-olifant-avec-coeur-hetre-20-mm-de-haut-en-bas\/","name":"Perle en bois - Grav\u00e9e - El\u00e9phant avec c\u0153ur - Bois de h\u00eatre - 20 mm - de haut en bas - Jootjes Haakcadeautjes","isPartOf":{"@id":"https:\/\/www.jootjeshaakcadeautjes.nl\/fr\/#website"},"primaryImageOfPage":{"@id":"https:\/\/www.jootjeshaakcadeautjes.nl\/fr\/produit\/perles-gravees-en-bois-olifant-avec-coeur-hetre-20-mm-de-haut-en-bas\/#primaryimage"},"image":{"@id":"https:\/\/www.jootjeshaakcadeautjes.nl\/fr\/produit\/perles-gravees-en-bois-olifant-avec-coeur-hetre-20-mm-de-haut-en-bas\/#primaryimage"},"thumbnailUrl":"https:\/\/d1dyryakdmle7o.cloudfront.net\/wp-content\/uploads\/2022\/03\/20220317_212021.jpg","datePublished":"2022-04-18T11:05:17+00:00","dateModified":"2025-03-11T15:58:06+00:00","description":"Jolies perles en h\u00eatre lisse de 20 mm avec un c\u0153ur magnifiquement grav\u00e9 sur les deux faces. Pas de couche de laque, tr\u00e8s belle finition. Un produit au chic unique !","breadcrumb":{"@id":"https:\/\/www.jootjeshaakcadeautjes.nl\/fr\/produit\/perles-gravees-en-bois-olifant-avec-coeur-hetre-20-mm-de-haut-en-bas\/#breadcrumb"},"inLanguage":"fr-FR","potentialAction":[{"@type":"ReadAction","target":["https:\/\/www.jootjeshaakcadeautjes.nl\/fr\/produit\/perles-gravees-en-bois-olifant-avec-coeur-hetre-20-mm-de-haut-en-bas\/"]}]},{"@type":"ImageObject","inLanguage":"fr-FR","@id":"https:\/\/www.jootjeshaakcadeautjes.nl\/fr\/produit\/perles-gravees-en-bois-olifant-avec-coeur-hetre-20-mm-de-haut-en-bas\/#primaryimage","url":"https:\/\/d1dyryakdmle7o.cloudfront.net\/wp-content\/uploads\/2022\/03\/20220317_212021.jpg","contentUrl":"https:\/\/d1dyryakdmle7o.cloudfront.net\/wp-content\/uploads\/2022\/03\/20220317_212021.jpg","width":1790,"height":1790,"caption":"Perle en bois de h\u00eatre grav\u00e9e \u00e9l\u00e9phant avec coeur grossiste gravure de marque"},{"@type":"BreadcrumbList","@id":"https:\/\/www.jootjeshaakcadeautjes.nl\/fr\/produit\/perles-gravees-en-bois-olifant-avec-coeur-hetre-20-mm-de-haut-en-bas\/#breadcrumb","itemListElement":[{"@type":"ListItem","position":1,"name":"Accueil","item":"https:\/\/www.jootjeshaakcadeautjes.nl\/fr\/"},{"@type":"ListItem","position":2,"name":"Commerce de gros de perles en silicone &#8211; Entreprises et consommateurs","item":"https:\/\/www.jootjeshaakcadeautjes.nl\/fr\/boutique\/"},{"@type":"ListItem","position":3,"name":"Perle en bois &#8211; Grav\u00e9e &#8211; El\u00e9phant avec c\u0153ur &#8211; Bois de h\u00eatre &#8211; 20 mm &#8211; de haut en bas"}]},{"@type":"WebSite","@id":"https:\/\/www.jootjeshaakcadeautjes.nl\/fr\/#website","url":"https:\/\/www.jootjeshaakcadeautjes.nl\/fr\/","name":"Jootjes Haakcadeautjes","description":"Grossiste en perles de silicone","publisher":{"@id":"https:\/\/www.jootjeshaakcadeautjes.nl\/fr\/#organization"},"potentialAction":[{"@type":"SearchAction","target":{"@type":"EntryPoint","urlTemplate":"https:\/\/www.jootjeshaakcadeautjes.nl\/fr\/?s={search_term_string}"},"query-input":{"@type":"PropertyValueSpecification","valueRequired":true,"valueName":"search_term_string"}}],"inLanguage":"fr-FR"},{"@type":"Organization","@id":"https:\/\/www.jootjeshaakcadeautjes.nl\/fr\/#organization","name":"Jootjes Haakcadeautjes","url":"https:\/\/www.jootjeshaakcadeautjes.nl\/fr\/","logo":{"@type":"ImageObject","inLanguage":"fr-FR","@id":"https:\/\/www.jootjeshaakcadeautjes.nl\/fr\/#\/schema\/logo\/image\/","url":"https:\/\/d1dyryakdmle7o.cloudfront.net\/wp-content\/uploads\/2023\/05\/Logo-rond.png","contentUrl":"https:\/\/d1dyryakdmle7o.cloudfront.net\/wp-content\/uploads\/2023\/05\/Logo-rond.png","width":1222,"height":1222,"caption":"Jootjes Haakcadeautjes"},"image":{"@id":"https:\/\/www.jootjeshaakcadeautjes.nl\/fr\/#\/schema\/logo\/image\/"}}]},"product_price_amount":"0.60","product_price_currency":"EUR","og_availability":"instock","product_availability":"instock","product_retailer_item_id":"HKR-BNB-OMH","product_condition":"new"},"_links":{"self":[{"href":"https:\/\/www.jootjeshaakcadeautjes.nl\/fr\/wp-json\/wp\/v2\/product\/133626","targetHints":{"allow":["GET"]}}],"collection":[{"href":"https:\/\/www.jootjeshaakcadeautjes.nl\/fr\/wp-json\/wp\/v2\/product"}],"about":[{"href":"https:\/\/www.jootjeshaakcadeautjes.nl\/fr\/wp-json\/wp\/v2\/types\/product"}],"version-history":[{"count":0,"href":"https:\/\/www.jootjeshaakcadeautjes.nl\/fr\/wp-json\/wp\/v2\/product\/133626\/revisions"}],"wp:featuredmedia":[{"embeddable":true,"href":"https:\/\/www.jootjeshaakcadeautjes.nl\/fr\/wp-json\/wp\/v2\/media\/79407"}],"wp:attachment":[{"href":"https:\/\/www.jootjeshaakcadeautjes.nl\/fr\/wp-json\/wp\/v2\/media?parent=133626"}],"wp:term":[{"taxonomy":"product_brand","embeddable":true,"href":"https:\/\/www.jootjeshaakcadeautjes.nl\/fr\/wp-json\/wp\/v2\/product_brand?post=133626"},{"taxonomy":"product_cat","embeddable":true,"href":"https:\/\/www.jootjeshaakcadeautjes.nl\/fr\/wp-json\/wp\/v2\/product_cat?post=133626"},{"taxonomy":"product_tag","embeddable":true,"href":"https:\/\/www.jootjeshaakcadeautjes.nl\/fr\/wp-json\/wp\/v2\/product_tag?post=133626"}],"curies":[{"name":"wp","href":"https:\/\/api.w.org\/{rel}","templated":true}]}}