{"id":133930,"date":"2022-01-01T16:13:42","date_gmt":"2022-01-01T15:13:42","guid":{"rendered":"https:\/\/www.jootjeshaakcadeautjes.nl\/product\/ciseaux-a-broder-vintage-noir-metal\/"},"modified":"2025-03-11T03:58:35","modified_gmt":"2025-03-11T02:58:35","slug":"ciseaux-a-broder-vintage-noir-metal","status":"publish","type":"product","link":"https:\/\/www.jootjeshaakcadeautjes.nl\/fr\/produit\/ciseaux-a-broder-vintage-noir-metal\/","title":{"rendered":"Ciseaux de broderie vintage Noir M\u00e9tal"},"content":{"rendered":"<h3>Ciseaux de broderie vintage Noir M\u00e9tal<\/h3>\n<p>Sur de nombreuses pages d&#8217;inspiration, on voit passer de jolis ciseaux \u00e0 broder. Vous cherchez d&#8217;autres images de nos ciseaux ? Ils apparaissent aussi r\u00e9guli\u00e8rement sur notre <a href=\"https:\/\/www.facebook.com\/JootjesHaakcadeautjes\/?ref=bookmarks\">page Facebook Jootjes Haakcadeautjes<\/a>, <a href=\"https:\/\/www.instagram.com\/jootjeshaakcadeautjes\/\">Instagram<\/a> et <a href=\"https:\/\/nl.pinterest.com\/haakcadeautje\/\">Pinterest<\/a>. De beaux ciseaux \u00e0 broder rendent le crochet, le tricot, la couture ou le quilting et d&#8217;autres travaux manuels encore plus amusants ! C&#8217;est pourquoi nous avons cr\u00e9\u00e9 un bel assortiment de ciseaux. Si vous souhaitez acheter des ciseaux \u00e0 broder, vous avez frapp\u00e9 \u00e0 la bonne porte chez Jootjes Haakcadeautjes ! Nous disposons \u00e9galement d&#8217;une magnifique paire de ciseaux \u00e0 <a href=\"https:\/\/www.jootjeshaakcadeautjes.nl\/fr\/produit\/ciseaux-a-broder-vintage-cuivre\/\">broder en acier\/argent antique avec des fleurs de p\u00eacher<\/a>, en plus de cette jolie paire de ciseaux de couleur cuivre. Une belle paire de ciseaux \u00e0 broder anciens peut \u00eatre un excellent compl\u00e9ment \u00e0 votre collection ou un beau cadeau pour une connaissance qui aime l&#8217;artisanat.<\/p>\n<p>Vous \u00eates une crocheteuse d\u00e9butante et vous cherchez un set de d\u00e9part sympa qui vous permette de tout ma\u00eetriser tout de suite ? Ce que vous pouvez certainement utiliser, c&#8217;est une belle paire de ciseaux, un <a href=\"https:\/\/www.jootjeshaakcadeautjes.nl\/product\/softgrip-haaknaalden-goedkope-megaset\/\">grand jeu d&#8217;aiguilles \u00e0 crochet<\/a> et un <a href=\"\/?product_cat=steekmarkeerder-toerenteller\">ensemble de marqueurs de points en plastique ou en m\u00e9tal<\/a>.<\/p>\n<h4>Qualit\u00e9 et s\u00e9curit\u00e9 de nos ciseaux \u00e0 broder<\/h4>\n<p>Fabriqu\u00e9 en acier inoxydable de haute qualit\u00e9. Ne s&#8217;use pas, reste tranchant. Vous profiterez ainsi longtemps de vos ciseaux \u00e0 broder. Vous avez des enfants en bas \u00e2ge qui courent partout dans la maison et vous pr\u00e9f\u00e9rez des ciseaux de bricolage ferm\u00e9s ? D\u00e9couvrez ensuite nos jolis ciseaux en forme de stylo ! Ils sont dot\u00e9s d&#8217;un tube verrouillable dans lequel les ciseaux peuvent \u00eatre rang\u00e9s.<\/p>\n<p>&nbsp;<\/p>\n","protected":false},"excerpt":{"rendered":"<h4>Ciseaux de broderie vintage Noir M\u00e9tal<\/h4>\n<p>Mat\u00e9riau : Ciseaux \u00e0 broder en acier inoxydable de haute qualit\u00e9<br \/>\nCouleur : m\u00e9tal noir<\/p>\n<p>Ciseaux \u00e0 broder de haute qualit\u00e9, qui restent aiguis\u00e9s pendant longtemps.<\/p>\n<p>&nbsp;<\/p>\n<p>&nbsp;<\/p>\n","protected":false},"featured_media":78516,"template":"","meta":[],"product_brand":[],"product_cat":[13743,12308],"product_tag":[12489,13745,12314,13747,7608,10116],"class_list":{"0":"post-133930","1":"product","2":"type-product","3":"status-publish","4":"has-post-thumbnail","6":"product_cat-ciseaux-a-broder","7":"product_cat-materiel-de-bricolage-et-de-crochet","8":"product_tag-ciseaux-fr","9":"product_tag-ciseaux-a-broder","10":"product_tag-metal-fr","11":"product_tag-metal-noir","12":"product_tag-noir","13":"product_tag-vintage-fr","15":"first","16":"instock","17":"taxable","18":"shipping-taxable","19":"purchasable","20":"product-type-simple"},"bundled_by":[],"bundle_stock_status":"instock","bundle_stock_quantity":4,"bundle_virtual":false,"bundle_layout":"","bundle_add_to_cart_form_location":"","bundle_editable_in_cart":false,"bundle_sold_individually_context":"","bundle_item_grouping":"","bundle_min_size":"","bundle_max_size":"","bundle_price":[],"bundled_items":[],"bundle_sell_ids":[],"yoast_head":"<!-- This site is optimized with the Yoast SEO Premium plugin v27.6 (Yoast SEO v27.6) - https:\/\/yoast.com\/product\/yoast-seo-premium-wordpress\/ -->\n<title>Ciseaux de broderie vintage - Ciseaux de broderie pointus et d\u00e9licats<\/title>\n<meta name=\"description\" content=\"Travailler avec ces magnifiques ciseaux \u00e0 broder rendra votre hobby encore plus amusant ! Vous aimez le crochet et vous cherchez un beau cadeau pour vous-m\u00eame ? Jetez ensuite un coup d&#039;\u0153il rapide.\" \/>\n<meta name=\"robots\" content=\"index, follow, max-snippet:-1, max-image-preview:large, max-video-preview:-1\" \/>\n<link rel=\"canonical\" href=\"https:\/\/www.jootjeshaakcadeautjes.nl\/fr\/produit\/ciseaux-a-broder-vintage-noir-metal\/\" \/>\n<meta property=\"og:locale\" content=\"fr_FR\" \/>\n<meta property=\"og:type\" content=\"article\" \/>\n<meta property=\"og:title\" content=\"Ciseaux de broderie vintage Noir M\u00e9tal\" \/>\n<meta property=\"og:description\" content=\"Travailler avec ces magnifiques ciseaux \u00e0 broder rendra votre hobby encore plus amusant ! Vous aimez le crochet et vous cherchez un beau cadeau pour vous-m\u00eame ? Jetez ensuite un coup d&#039;\u0153il rapide.\" \/>\n<meta property=\"og:url\" content=\"https:\/\/www.jootjeshaakcadeautjes.nl\/fr\/produit\/ciseaux-a-broder-vintage-noir-metal\/\" \/>\n<meta property=\"og:site_name\" content=\"Jootjes Haakcadeautjes\" \/>\n<meta property=\"article:modified_time\" content=\"2025-03-11T02:58:35+00:00\" \/>\n<meta property=\"og:image\" content=\"https:\/\/www.jootjeshaakcadeautjes.nl\/wp-content\/uploads\/2021\/12\/20211128_112158.jpg\" \/>\n\t<meta property=\"og:image:width\" content=\"2048\" \/>\n\t<meta property=\"og:image:height\" content=\"2048\" \/>\n\t<meta property=\"og:image:type\" content=\"image\/jpeg\" \/>\n<meta name=\"twitter:card\" content=\"summary_large_image\" \/>\n<meta name=\"twitter:label1\" content=\"Prix\" \/>\n\t<meta name=\"twitter:data1\" content=\"&euro;7.75 TTC\" \/>\n\t<meta name=\"twitter:label2\" content=\"Disponibilit\u00e9\" \/>\n\t<meta name=\"twitter:data2\" content=\"En stock\" \/>\n<script type=\"application\/ld+json\" class=\"yoast-schema-graph\">{\"@context\":\"https:\\\/\\\/schema.org\",\"@graph\":[{\"@type\":\"WebPage\",\"@id\":\"https:\\\/\\\/www.jootjeshaakcadeautjes.nl\\\/fr\\\/produit\\\/ciseaux-a-broder-vintage-noir-metal\\\/\",\"url\":\"https:\\\/\\\/www.jootjeshaakcadeautjes.nl\\\/fr\\\/produit\\\/ciseaux-a-broder-vintage-noir-metal\\\/\",\"name\":\"Ciseaux de broderie vintage - Ciseaux de broderie pointus et d\u00e9licats\",\"isPartOf\":{\"@id\":\"https:\\\/\\\/www.jootjeshaakcadeautjes.nl\\\/fr\\\/#website\"},\"primaryImageOfPage\":{\"@id\":\"https:\\\/\\\/www.jootjeshaakcadeautjes.nl\\\/fr\\\/produit\\\/ciseaux-a-broder-vintage-noir-metal\\\/#primaryimage\"},\"image\":{\"@id\":\"https:\\\/\\\/www.jootjeshaakcadeautjes.nl\\\/fr\\\/produit\\\/ciseaux-a-broder-vintage-noir-metal\\\/#primaryimage\"},\"thumbnailUrl\":\"https:\\\/\\\/d1dyryakdmle7o.cloudfront.net\\\/wp-content\\\/uploads\\\/2021\\\/12\\\/20211128_112158.jpg\",\"datePublished\":\"2022-01-01T15:13:42+00:00\",\"dateModified\":\"2025-03-11T02:58:35+00:00\",\"description\":\"Travailler avec ces magnifiques ciseaux \u00e0 broder rendra votre hobby encore plus amusant ! Vous aimez le crochet et vous cherchez un beau cadeau pour vous-m\u00eame ? Jetez ensuite un coup d'\u0153il rapide.\",\"breadcrumb\":{\"@id\":\"https:\\\/\\\/www.jootjeshaakcadeautjes.nl\\\/fr\\\/produit\\\/ciseaux-a-broder-vintage-noir-metal\\\/#breadcrumb\"},\"inLanguage\":\"fr-FR\",\"potentialAction\":[{\"@type\":\"ReadAction\",\"target\":[\"https:\\\/\\\/www.jootjeshaakcadeautjes.nl\\\/fr\\\/produit\\\/ciseaux-a-broder-vintage-noir-metal\\\/\"]}]},{\"@type\":\"ImageObject\",\"inLanguage\":\"fr-FR\",\"@id\":\"https:\\\/\\\/www.jootjeshaakcadeautjes.nl\\\/fr\\\/produit\\\/ciseaux-a-broder-vintage-noir-metal\\\/#primaryimage\",\"url\":\"https:\\\/\\\/d1dyryakdmle7o.cloudfront.net\\\/wp-content\\\/uploads\\\/2021\\\/12\\\/20211128_112158.jpg\",\"contentUrl\":\"https:\\\/\\\/d1dyryakdmle7o.cloudfront.net\\\/wp-content\\\/uploads\\\/2021\\\/12\\\/20211128_112158.jpg\",\"width\":2048,\"height\":2048},{\"@type\":\"BreadcrumbList\",\"@id\":\"https:\\\/\\\/www.jootjeshaakcadeautjes.nl\\\/fr\\\/produit\\\/ciseaux-a-broder-vintage-noir-metal\\\/#breadcrumb\",\"itemListElement\":[{\"@type\":\"ListItem\",\"position\":1,\"name\":\"Accueil\",\"item\":\"https:\\\/\\\/www.jootjeshaakcadeautjes.nl\\\/fr\\\/\"},{\"@type\":\"ListItem\",\"position\":2,\"name\":\"Commerce de gros de perles en silicone &#8211; Entreprises et consommateurs\",\"item\":\"https:\\\/\\\/www.jootjeshaakcadeautjes.nl\\\/fr\\\/boutique\\\/\"},{\"@type\":\"ListItem\",\"position\":3,\"name\":\"Ciseaux de broderie vintage Noir M\u00e9tal\"}]},{\"@type\":\"WebSite\",\"@id\":\"https:\\\/\\\/www.jootjeshaakcadeautjes.nl\\\/fr\\\/#website\",\"url\":\"https:\\\/\\\/www.jootjeshaakcadeautjes.nl\\\/fr\\\/\",\"name\":\"Jootjes Haakcadeautjes\",\"description\":\"Grossiste en perles de silicone\",\"publisher\":{\"@id\":\"https:\\\/\\\/www.jootjeshaakcadeautjes.nl\\\/fr\\\/#organization\"},\"potentialAction\":[{\"@type\":\"SearchAction\",\"target\":{\"@type\":\"EntryPoint\",\"urlTemplate\":\"https:\\\/\\\/www.jootjeshaakcadeautjes.nl\\\/fr\\\/?s={search_term_string}\"},\"query-input\":{\"@type\":\"PropertyValueSpecification\",\"valueRequired\":true,\"valueName\":\"search_term_string\"}}],\"inLanguage\":\"fr-FR\"},{\"@type\":\"Organization\",\"@id\":\"https:\\\/\\\/www.jootjeshaakcadeautjes.nl\\\/fr\\\/#organization\",\"name\":\"Jootjes Haakcadeautjes\",\"url\":\"https:\\\/\\\/www.jootjeshaakcadeautjes.nl\\\/fr\\\/\",\"logo\":{\"@type\":\"ImageObject\",\"inLanguage\":\"fr-FR\",\"@id\":\"https:\\\/\\\/www.jootjeshaakcadeautjes.nl\\\/fr\\\/#\\\/schema\\\/logo\\\/image\\\/\",\"url\":\"https:\\\/\\\/d1dyryakdmle7o.cloudfront.net\\\/wp-content\\\/uploads\\\/2023\\\/05\\\/Logo-rond.png\",\"contentUrl\":\"https:\\\/\\\/d1dyryakdmle7o.cloudfront.net\\\/wp-content\\\/uploads\\\/2023\\\/05\\\/Logo-rond.png\",\"width\":1222,\"height\":1222,\"caption\":\"Jootjes Haakcadeautjes\"},\"image\":{\"@id\":\"https:\\\/\\\/www.jootjeshaakcadeautjes.nl\\\/fr\\\/#\\\/schema\\\/logo\\\/image\\\/\"}}]}<\/script>\n<meta property=\"product:price:amount\" content=\"7.75\" \/>\n<meta property=\"product:price:currency\" content=\"EUR\" \/>\n<meta property=\"og:availability\" content=\"instock\" \/>\n<meta property=\"product:availability\" content=\"instock\" \/>\n<meta property=\"product:retailer_item_id\" content=\"BOR-SCH-ZMT\" \/>\n<meta property=\"product:condition\" content=\"new\" \/>\n<!-- \/ Yoast SEO Premium plugin. -->","yoast_head_json":{"title":"Ciseaux de broderie vintage - Ciseaux de broderie pointus et d\u00e9licats","description":"Travailler avec ces magnifiques ciseaux \u00e0 broder rendra votre hobby encore plus amusant ! Vous aimez le crochet et vous cherchez un beau cadeau pour vous-m\u00eame ? Jetez ensuite un coup d'\u0153il rapide.","robots":{"index":"index","follow":"follow","max-snippet":"max-snippet:-1","max-image-preview":"max-image-preview:large","max-video-preview":"max-video-preview:-1"},"canonical":"https:\/\/www.jootjeshaakcadeautjes.nl\/fr\/produit\/ciseaux-a-broder-vintage-noir-metal\/","og_locale":"fr_FR","og_type":"article","og_title":"Ciseaux de broderie vintage Noir M\u00e9tal","og_description":"Travailler avec ces magnifiques ciseaux \u00e0 broder rendra votre hobby encore plus amusant ! Vous aimez le crochet et vous cherchez un beau cadeau pour vous-m\u00eame ? Jetez ensuite un coup d'\u0153il rapide.","og_url":"https:\/\/www.jootjeshaakcadeautjes.nl\/fr\/produit\/ciseaux-a-broder-vintage-noir-metal\/","og_site_name":"Jootjes Haakcadeautjes","article_modified_time":"2025-03-11T02:58:35+00:00","og_image":[{"width":2048,"height":2048,"url":"https:\/\/www.jootjeshaakcadeautjes.nl\/wp-content\/uploads\/2021\/12\/20211128_112158.jpg","type":"image\/jpeg"}],"twitter_card":"summary_large_image","twitter_misc":{"Prix":"&euro;7.75 TTC","Disponibilit\u00e9":"En stock"},"schema":{"@context":"https:\/\/schema.org","@graph":[{"@type":"WebPage","@id":"https:\/\/www.jootjeshaakcadeautjes.nl\/fr\/produit\/ciseaux-a-broder-vintage-noir-metal\/","url":"https:\/\/www.jootjeshaakcadeautjes.nl\/fr\/produit\/ciseaux-a-broder-vintage-noir-metal\/","name":"Ciseaux de broderie vintage - Ciseaux de broderie pointus et d\u00e9licats","isPartOf":{"@id":"https:\/\/www.jootjeshaakcadeautjes.nl\/fr\/#website"},"primaryImageOfPage":{"@id":"https:\/\/www.jootjeshaakcadeautjes.nl\/fr\/produit\/ciseaux-a-broder-vintage-noir-metal\/#primaryimage"},"image":{"@id":"https:\/\/www.jootjeshaakcadeautjes.nl\/fr\/produit\/ciseaux-a-broder-vintage-noir-metal\/#primaryimage"},"thumbnailUrl":"https:\/\/d1dyryakdmle7o.cloudfront.net\/wp-content\/uploads\/2021\/12\/20211128_112158.jpg","datePublished":"2022-01-01T15:13:42+00:00","dateModified":"2025-03-11T02:58:35+00:00","description":"Travailler avec ces magnifiques ciseaux \u00e0 broder rendra votre hobby encore plus amusant ! Vous aimez le crochet et vous cherchez un beau cadeau pour vous-m\u00eame ? Jetez ensuite un coup d'\u0153il rapide.","breadcrumb":{"@id":"https:\/\/www.jootjeshaakcadeautjes.nl\/fr\/produit\/ciseaux-a-broder-vintage-noir-metal\/#breadcrumb"},"inLanguage":"fr-FR","potentialAction":[{"@type":"ReadAction","target":["https:\/\/www.jootjeshaakcadeautjes.nl\/fr\/produit\/ciseaux-a-broder-vintage-noir-metal\/"]}]},{"@type":"ImageObject","inLanguage":"fr-FR","@id":"https:\/\/www.jootjeshaakcadeautjes.nl\/fr\/produit\/ciseaux-a-broder-vintage-noir-metal\/#primaryimage","url":"https:\/\/d1dyryakdmle7o.cloudfront.net\/wp-content\/uploads\/2021\/12\/20211128_112158.jpg","contentUrl":"https:\/\/d1dyryakdmle7o.cloudfront.net\/wp-content\/uploads\/2021\/12\/20211128_112158.jpg","width":2048,"height":2048},{"@type":"BreadcrumbList","@id":"https:\/\/www.jootjeshaakcadeautjes.nl\/fr\/produit\/ciseaux-a-broder-vintage-noir-metal\/#breadcrumb","itemListElement":[{"@type":"ListItem","position":1,"name":"Accueil","item":"https:\/\/www.jootjeshaakcadeautjes.nl\/fr\/"},{"@type":"ListItem","position":2,"name":"Commerce de gros de perles en silicone &#8211; Entreprises et consommateurs","item":"https:\/\/www.jootjeshaakcadeautjes.nl\/fr\/boutique\/"},{"@type":"ListItem","position":3,"name":"Ciseaux de broderie vintage Noir M\u00e9tal"}]},{"@type":"WebSite","@id":"https:\/\/www.jootjeshaakcadeautjes.nl\/fr\/#website","url":"https:\/\/www.jootjeshaakcadeautjes.nl\/fr\/","name":"Jootjes Haakcadeautjes","description":"Grossiste en perles de silicone","publisher":{"@id":"https:\/\/www.jootjeshaakcadeautjes.nl\/fr\/#organization"},"potentialAction":[{"@type":"SearchAction","target":{"@type":"EntryPoint","urlTemplate":"https:\/\/www.jootjeshaakcadeautjes.nl\/fr\/?s={search_term_string}"},"query-input":{"@type":"PropertyValueSpecification","valueRequired":true,"valueName":"search_term_string"}}],"inLanguage":"fr-FR"},{"@type":"Organization","@id":"https:\/\/www.jootjeshaakcadeautjes.nl\/fr\/#organization","name":"Jootjes Haakcadeautjes","url":"https:\/\/www.jootjeshaakcadeautjes.nl\/fr\/","logo":{"@type":"ImageObject","inLanguage":"fr-FR","@id":"https:\/\/www.jootjeshaakcadeautjes.nl\/fr\/#\/schema\/logo\/image\/","url":"https:\/\/d1dyryakdmle7o.cloudfront.net\/wp-content\/uploads\/2023\/05\/Logo-rond.png","contentUrl":"https:\/\/d1dyryakdmle7o.cloudfront.net\/wp-content\/uploads\/2023\/05\/Logo-rond.png","width":1222,"height":1222,"caption":"Jootjes Haakcadeautjes"},"image":{"@id":"https:\/\/www.jootjeshaakcadeautjes.nl\/fr\/#\/schema\/logo\/image\/"}}]},"product_price_amount":"7.75","product_price_currency":"EUR","og_availability":"instock","product_availability":"instock","product_retailer_item_id":"BOR-SCH-ZMT","product_condition":"new"},"_links":{"self":[{"href":"https:\/\/www.jootjeshaakcadeautjes.nl\/fr\/wp-json\/wp\/v2\/product\/133930","targetHints":{"allow":["GET"]}}],"collection":[{"href":"https:\/\/www.jootjeshaakcadeautjes.nl\/fr\/wp-json\/wp\/v2\/product"}],"about":[{"href":"https:\/\/www.jootjeshaakcadeautjes.nl\/fr\/wp-json\/wp\/v2\/types\/product"}],"version-history":[{"count":0,"href":"https:\/\/www.jootjeshaakcadeautjes.nl\/fr\/wp-json\/wp\/v2\/product\/133930\/revisions"}],"wp:featuredmedia":[{"embeddable":true,"href":"https:\/\/www.jootjeshaakcadeautjes.nl\/fr\/wp-json\/wp\/v2\/media\/78516"}],"wp:attachment":[{"href":"https:\/\/www.jootjeshaakcadeautjes.nl\/fr\/wp-json\/wp\/v2\/media?parent=133930"}],"wp:term":[{"taxonomy":"product_brand","embeddable":true,"href":"https:\/\/www.jootjeshaakcadeautjes.nl\/fr\/wp-json\/wp\/v2\/product_brand?post=133930"},{"taxonomy":"product_cat","embeddable":true,"href":"https:\/\/www.jootjeshaakcadeautjes.nl\/fr\/wp-json\/wp\/v2\/product_cat?post=133930"},{"taxonomy":"product_tag","embeddable":true,"href":"https:\/\/www.jootjeshaakcadeautjes.nl\/fr\/wp-json\/wp\/v2\/product_tag?post=133930"}],"curies":[{"name":"wp","href":"https:\/\/api.w.org\/{rel}","templated":true}]}}