{"id":133939,"date":"2022-01-01T16:39:54","date_gmt":"2022-01-01T15:39:54","guid":{"rendered":"https:\/\/www.jootjeshaakcadeautjes.nl\/product\/ciseaux-a-broder-twister-or-metallique\/"},"modified":"2026-01-08T18:21:18","modified_gmt":"2026-01-08T17:21:18","slug":"ciseaux-a-broder-twister-or-metallique","status":"publish","type":"product","link":"https:\/\/www.jootjeshaakcadeautjes.nl\/fr\/produit\/ciseaux-a-broder-twister-or-metallique\/","title":{"rendered":"Ciseaux \u00e0 broder Twister Gold Metallic"},"content":{"rendered":"<h3>Ciseaux de broderie Twister Gold Moderne et contemporain<\/h3>\n<p>Sur de nombreuses pages d&#8217;inspiration, on voit passer de jolis ciseaux \u00e0 broder. Vous cherchez d&#8217;autres images de nos ciseaux ? Ils apparaissent aussi r\u00e9guli\u00e8rement sur notre <a href=\"https:\/\/www.facebook.com\/JootjesHaakcadeautjes\/?ref=bookmarks\">page Facebook Jootjes Haakcadeautjes<\/a>, <a href=\"https:\/\/www.instagram.com\/jootjeshaakcadeautjes\/\">Instagram<\/a> et <a href=\"https:\/\/nl.pinterest.com\/haakcadeautje\/\">Pinterest<\/a>. Les ciseaux amusants rendent le crochet, le tricot, la couture ou le quilting et d&#8217;autres travaux manuels encore plus agr\u00e9ables ! C&#8217;est pourquoi nous avons cr\u00e9\u00e9 un bel assortiment de ciseaux. Si vous souhaitez acheter des ciseaux \u00e0 broder, vous avez frapp\u00e9 \u00e0 la bonne porte chez Jootjes Haakcadeautjes ! Nous avons \u00e9galement un magnifique ciseau \u00e0 broder <a href=\"https:\/\/www.jootjeshaakcadeautjes.nl\/fr\/produit\/ciseaux-a-broder-vintage-cuivre\/\">antique en acier\/argent avec des fleurs de p\u00eacher<\/a> en plus de ce joli ciseau \u00e0 broder bleu. Une belle paire de ciseaux anciens pourrait \u00eatre un ajout \u00e0 votre collection ou un beau cadeau pour une connaissance qui aime l&#8217;artisanat.<\/p>\n<p>Vous \u00eates une crocheteuse d\u00e9butante et vous cherchez un set de d\u00e9part sympa qui vous permette de tout ma\u00eetriser tout de suite ? Ce que vous pouvez certainement utiliser, c&#8217;est une belle paire de ciseaux, un <a href=\"https:\/\/www.jootjeshaakcadeautjes.nl\/product\/softgrip-haaknaalden-goedkope-megaset\/\">grand jeu d&#8217;aiguilles \u00e0 crochet<\/a> et un <a href=\"\/?product_cat=steekmarkeerder-toerenteller\">ensemble de marqueurs de points en plastique ou en m\u00e9tal<\/a>.<\/p>\n<h4>Qualit\u00e9 et s\u00e9curit\u00e9 de nos ciseaux \u00e0 broder<\/h4>\n<p>Fabriqu\u00e9 en acier inoxydable de haute qualit\u00e9. Ne s&#8217;use pas, reste tranchant. Vous profiterez ainsi longtemps de vos ciseaux \u00e0 broder.<\/p>\n<p>&nbsp;<\/p>\n","protected":false},"excerpt":{"rendered":"<p>Mat\u00e9riau : Ciseaux \u00e0 broder en acier inoxydable de haute qualit\u00e9<br \/>\nCouleur : or m\u00e9tallis\u00e9<\/p>\n<p>Ciseaux \u00e0 broder de haute qualit\u00e9, qui restent aiguis\u00e9s pendant longtemps.<\/p>\n","protected":false},"featured_media":78528,"template":"","meta":[],"product_brand":[],"product_cat":[13743,12308],"product_tag":[12489,13745,12645,12324,10178,13488,13748],"class_list":{"0":"post-133939","1":"product","2":"type-product","3":"status-publish","4":"has-post-thumbnail","6":"product_cat-ciseaux-a-broder","7":"product_cat-materiel-de-bricolage-et-de-crochet","8":"product_tag-ciseaux-fr","9":"product_tag-ciseaux-a-broder","10":"product_tag-lor-fr","11":"product_tag-lor","12":"product_tag-metallique","13":"product_tag-moderne","14":"product_tag-tordeur","16":"first","17":"instock","18":"taxable","19":"shipping-taxable","20":"purchasable","21":"product-type-simple"},"bundled_by":[],"bundle_stock_status":"instock","bundle_stock_quantity":2,"bundle_virtual":false,"bundle_layout":"","bundle_add_to_cart_form_location":"","bundle_editable_in_cart":false,"bundle_sold_individually_context":"","bundle_item_grouping":"","bundle_min_size":"","bundle_max_size":"","bundle_price":[],"bundled_items":[],"bundle_sell_ids":[],"yoast_head":"<!-- This site is optimized with the Yoast SEO Premium plugin v27.6 (Yoast SEO v27.6) - https:\/\/yoast.com\/product\/yoast-seo-premium-wordpress\/ -->\n<title>Ciseaux de broderie bleu effet huile - Acheter de beaux ciseaux en ligne<\/title>\n<meta name=\"description\" content=\"Travailler avec ces magnifiques ciseaux \u00e0 broder rendra votre hobby encore plus amusant ! Vous aimez le crochet et vous cherchez un beau cadeau pour vous-m\u00eame ? Jetez ensuite un coup d&#039;\u0153il rapide.\" \/>\n<meta name=\"robots\" content=\"index, follow, max-snippet:-1, max-image-preview:large, max-video-preview:-1\" \/>\n<link rel=\"canonical\" href=\"https:\/\/www.jootjeshaakcadeautjes.nl\/fr\/produit\/ciseaux-a-broder-twister-or-metallique\/\" \/>\n<meta property=\"og:locale\" content=\"fr_FR\" \/>\n<meta property=\"og:type\" content=\"article\" \/>\n<meta property=\"og:title\" content=\"Ciseaux \u00e0 broder Twister Gold Metallic\" \/>\n<meta property=\"og:description\" content=\"Travailler avec ces magnifiques ciseaux \u00e0 broder rendra votre hobby encore plus amusant ! Vous aimez le crochet et vous cherchez un beau cadeau pour vous-m\u00eame ? Jetez ensuite un coup d&#039;\u0153il rapide.\" \/>\n<meta property=\"og:url\" content=\"https:\/\/www.jootjeshaakcadeautjes.nl\/fr\/produit\/ciseaux-a-broder-twister-or-metallique\/\" \/>\n<meta property=\"og:site_name\" content=\"Jootjes Haakcadeautjes\" \/>\n<meta property=\"article:modified_time\" content=\"2026-01-08T17:21:18+00:00\" \/>\n<meta property=\"og:image\" content=\"https:\/\/www.jootjeshaakcadeautjes.nl\/wp-content\/uploads\/2021\/12\/20211128_112247.jpg\" \/>\n\t<meta property=\"og:image:width\" content=\"2048\" \/>\n\t<meta property=\"og:image:height\" content=\"2048\" \/>\n\t<meta property=\"og:image:type\" content=\"image\/jpeg\" \/>\n<meta name=\"twitter:card\" content=\"summary_large_image\" \/>\n<meta name=\"twitter:label1\" content=\"Prix\" \/>\n\t<meta name=\"twitter:data1\" content=\"&euro;5.95 TTC\" \/>\n\t<meta name=\"twitter:label2\" content=\"Disponibilit\u00e9\" \/>\n\t<meta name=\"twitter:data2\" content=\"En stock\" \/>\n<script type=\"application\/ld+json\" class=\"yoast-schema-graph\">{\"@context\":\"https:\\\/\\\/schema.org\",\"@graph\":[{\"@type\":\"WebPage\",\"@id\":\"https:\\\/\\\/www.jootjeshaakcadeautjes.nl\\\/fr\\\/produit\\\/ciseaux-a-broder-twister-or-metallique\\\/\",\"url\":\"https:\\\/\\\/www.jootjeshaakcadeautjes.nl\\\/fr\\\/produit\\\/ciseaux-a-broder-twister-or-metallique\\\/\",\"name\":\"Ciseaux de broderie bleu effet huile - Acheter de beaux ciseaux en ligne\",\"isPartOf\":{\"@id\":\"https:\\\/\\\/www.jootjeshaakcadeautjes.nl\\\/fr\\\/#website\"},\"primaryImageOfPage\":{\"@id\":\"https:\\\/\\\/www.jootjeshaakcadeautjes.nl\\\/fr\\\/produit\\\/ciseaux-a-broder-twister-or-metallique\\\/#primaryimage\"},\"image\":{\"@id\":\"https:\\\/\\\/www.jootjeshaakcadeautjes.nl\\\/fr\\\/produit\\\/ciseaux-a-broder-twister-or-metallique\\\/#primaryimage\"},\"thumbnailUrl\":\"https:\\\/\\\/d1dyryakdmle7o.cloudfront.net\\\/wp-content\\\/uploads\\\/2021\\\/12\\\/20211128_112247.jpg\",\"datePublished\":\"2022-01-01T15:39:54+00:00\",\"dateModified\":\"2026-01-08T17:21:18+00:00\",\"description\":\"Travailler avec ces magnifiques ciseaux \u00e0 broder rendra votre hobby encore plus amusant ! Vous aimez le crochet et vous cherchez un beau cadeau pour vous-m\u00eame ? Jetez ensuite un coup d'\u0153il rapide.\",\"breadcrumb\":{\"@id\":\"https:\\\/\\\/www.jootjeshaakcadeautjes.nl\\\/fr\\\/produit\\\/ciseaux-a-broder-twister-or-metallique\\\/#breadcrumb\"},\"inLanguage\":\"fr-FR\",\"potentialAction\":[{\"@type\":\"ReadAction\",\"target\":[\"https:\\\/\\\/www.jootjeshaakcadeautjes.nl\\\/fr\\\/produit\\\/ciseaux-a-broder-twister-or-metallique\\\/\"]}]},{\"@type\":\"ImageObject\",\"inLanguage\":\"fr-FR\",\"@id\":\"https:\\\/\\\/www.jootjeshaakcadeautjes.nl\\\/fr\\\/produit\\\/ciseaux-a-broder-twister-or-metallique\\\/#primaryimage\",\"url\":\"https:\\\/\\\/d1dyryakdmle7o.cloudfront.net\\\/wp-content\\\/uploads\\\/2021\\\/12\\\/20211128_112247.jpg\",\"contentUrl\":\"https:\\\/\\\/d1dyryakdmle7o.cloudfront.net\\\/wp-content\\\/uploads\\\/2021\\\/12\\\/20211128_112247.jpg\",\"width\":2048,\"height\":2048},{\"@type\":\"BreadcrumbList\",\"@id\":\"https:\\\/\\\/www.jootjeshaakcadeautjes.nl\\\/fr\\\/produit\\\/ciseaux-a-broder-twister-or-metallique\\\/#breadcrumb\",\"itemListElement\":[{\"@type\":\"ListItem\",\"position\":1,\"name\":\"Accueil\",\"item\":\"https:\\\/\\\/www.jootjeshaakcadeautjes.nl\\\/fr\\\/\"},{\"@type\":\"ListItem\",\"position\":2,\"name\":\"Commerce de gros de perles en silicone &#8211; Entreprises et consommateurs\",\"item\":\"https:\\\/\\\/www.jootjeshaakcadeautjes.nl\\\/fr\\\/boutique\\\/\"},{\"@type\":\"ListItem\",\"position\":3,\"name\":\"Ciseaux \u00e0 broder Twister Gold Metallic\"}]},{\"@type\":\"WebSite\",\"@id\":\"https:\\\/\\\/www.jootjeshaakcadeautjes.nl\\\/fr\\\/#website\",\"url\":\"https:\\\/\\\/www.jootjeshaakcadeautjes.nl\\\/fr\\\/\",\"name\":\"Jootjes Haakcadeautjes\",\"description\":\"Grossiste en perles de silicone\",\"publisher\":{\"@id\":\"https:\\\/\\\/www.jootjeshaakcadeautjes.nl\\\/fr\\\/#organization\"},\"potentialAction\":[{\"@type\":\"SearchAction\",\"target\":{\"@type\":\"EntryPoint\",\"urlTemplate\":\"https:\\\/\\\/www.jootjeshaakcadeautjes.nl\\\/fr\\\/?s={search_term_string}\"},\"query-input\":{\"@type\":\"PropertyValueSpecification\",\"valueRequired\":true,\"valueName\":\"search_term_string\"}}],\"inLanguage\":\"fr-FR\"},{\"@type\":\"Organization\",\"@id\":\"https:\\\/\\\/www.jootjeshaakcadeautjes.nl\\\/fr\\\/#organization\",\"name\":\"Jootjes Haakcadeautjes\",\"url\":\"https:\\\/\\\/www.jootjeshaakcadeautjes.nl\\\/fr\\\/\",\"logo\":{\"@type\":\"ImageObject\",\"inLanguage\":\"fr-FR\",\"@id\":\"https:\\\/\\\/www.jootjeshaakcadeautjes.nl\\\/fr\\\/#\\\/schema\\\/logo\\\/image\\\/\",\"url\":\"https:\\\/\\\/d1dyryakdmle7o.cloudfront.net\\\/wp-content\\\/uploads\\\/2023\\\/05\\\/Logo-rond.png\",\"contentUrl\":\"https:\\\/\\\/d1dyryakdmle7o.cloudfront.net\\\/wp-content\\\/uploads\\\/2023\\\/05\\\/Logo-rond.png\",\"width\":1222,\"height\":1222,\"caption\":\"Jootjes Haakcadeautjes\"},\"image\":{\"@id\":\"https:\\\/\\\/www.jootjeshaakcadeautjes.nl\\\/fr\\\/#\\\/schema\\\/logo\\\/image\\\/\"}}]}<\/script>\n<meta property=\"product:price:amount\" content=\"5.95\" \/>\n<meta property=\"product:price:currency\" content=\"EUR\" \/>\n<meta property=\"og:availability\" content=\"instock\" \/>\n<meta property=\"product:availability\" content=\"instock\" \/>\n<meta property=\"product:retailer_item_id\" content=\"BOR-SCH-TWG\" \/>\n<meta property=\"product:condition\" content=\"new\" \/>\n<!-- \/ Yoast SEO Premium plugin. -->","yoast_head_json":{"title":"Ciseaux de broderie bleu effet huile - Acheter de beaux ciseaux en ligne","description":"Travailler avec ces magnifiques ciseaux \u00e0 broder rendra votre hobby encore plus amusant ! Vous aimez le crochet et vous cherchez un beau cadeau pour vous-m\u00eame ? Jetez ensuite un coup d'\u0153il rapide.","robots":{"index":"index","follow":"follow","max-snippet":"max-snippet:-1","max-image-preview":"max-image-preview:large","max-video-preview":"max-video-preview:-1"},"canonical":"https:\/\/www.jootjeshaakcadeautjes.nl\/fr\/produit\/ciseaux-a-broder-twister-or-metallique\/","og_locale":"fr_FR","og_type":"article","og_title":"Ciseaux \u00e0 broder Twister Gold Metallic","og_description":"Travailler avec ces magnifiques ciseaux \u00e0 broder rendra votre hobby encore plus amusant ! Vous aimez le crochet et vous cherchez un beau cadeau pour vous-m\u00eame ? Jetez ensuite un coup d'\u0153il rapide.","og_url":"https:\/\/www.jootjeshaakcadeautjes.nl\/fr\/produit\/ciseaux-a-broder-twister-or-metallique\/","og_site_name":"Jootjes Haakcadeautjes","article_modified_time":"2026-01-08T17:21:18+00:00","og_image":[{"width":2048,"height":2048,"url":"https:\/\/www.jootjeshaakcadeautjes.nl\/wp-content\/uploads\/2021\/12\/20211128_112247.jpg","type":"image\/jpeg"}],"twitter_card":"summary_large_image","twitter_misc":{"Prix":"&euro;5.95 TTC","Disponibilit\u00e9":"En stock"},"schema":{"@context":"https:\/\/schema.org","@graph":[{"@type":"WebPage","@id":"https:\/\/www.jootjeshaakcadeautjes.nl\/fr\/produit\/ciseaux-a-broder-twister-or-metallique\/","url":"https:\/\/www.jootjeshaakcadeautjes.nl\/fr\/produit\/ciseaux-a-broder-twister-or-metallique\/","name":"Ciseaux de broderie bleu effet huile - Acheter de beaux ciseaux en ligne","isPartOf":{"@id":"https:\/\/www.jootjeshaakcadeautjes.nl\/fr\/#website"},"primaryImageOfPage":{"@id":"https:\/\/www.jootjeshaakcadeautjes.nl\/fr\/produit\/ciseaux-a-broder-twister-or-metallique\/#primaryimage"},"image":{"@id":"https:\/\/www.jootjeshaakcadeautjes.nl\/fr\/produit\/ciseaux-a-broder-twister-or-metallique\/#primaryimage"},"thumbnailUrl":"https:\/\/d1dyryakdmle7o.cloudfront.net\/wp-content\/uploads\/2021\/12\/20211128_112247.jpg","datePublished":"2022-01-01T15:39:54+00:00","dateModified":"2026-01-08T17:21:18+00:00","description":"Travailler avec ces magnifiques ciseaux \u00e0 broder rendra votre hobby encore plus amusant ! Vous aimez le crochet et vous cherchez un beau cadeau pour vous-m\u00eame ? Jetez ensuite un coup d'\u0153il rapide.","breadcrumb":{"@id":"https:\/\/www.jootjeshaakcadeautjes.nl\/fr\/produit\/ciseaux-a-broder-twister-or-metallique\/#breadcrumb"},"inLanguage":"fr-FR","potentialAction":[{"@type":"ReadAction","target":["https:\/\/www.jootjeshaakcadeautjes.nl\/fr\/produit\/ciseaux-a-broder-twister-or-metallique\/"]}]},{"@type":"ImageObject","inLanguage":"fr-FR","@id":"https:\/\/www.jootjeshaakcadeautjes.nl\/fr\/produit\/ciseaux-a-broder-twister-or-metallique\/#primaryimage","url":"https:\/\/d1dyryakdmle7o.cloudfront.net\/wp-content\/uploads\/2021\/12\/20211128_112247.jpg","contentUrl":"https:\/\/d1dyryakdmle7o.cloudfront.net\/wp-content\/uploads\/2021\/12\/20211128_112247.jpg","width":2048,"height":2048},{"@type":"BreadcrumbList","@id":"https:\/\/www.jootjeshaakcadeautjes.nl\/fr\/produit\/ciseaux-a-broder-twister-or-metallique\/#breadcrumb","itemListElement":[{"@type":"ListItem","position":1,"name":"Accueil","item":"https:\/\/www.jootjeshaakcadeautjes.nl\/fr\/"},{"@type":"ListItem","position":2,"name":"Commerce de gros de perles en silicone &#8211; Entreprises et consommateurs","item":"https:\/\/www.jootjeshaakcadeautjes.nl\/fr\/boutique\/"},{"@type":"ListItem","position":3,"name":"Ciseaux \u00e0 broder Twister Gold Metallic"}]},{"@type":"WebSite","@id":"https:\/\/www.jootjeshaakcadeautjes.nl\/fr\/#website","url":"https:\/\/www.jootjeshaakcadeautjes.nl\/fr\/","name":"Jootjes Haakcadeautjes","description":"Grossiste en perles de silicone","publisher":{"@id":"https:\/\/www.jootjeshaakcadeautjes.nl\/fr\/#organization"},"potentialAction":[{"@type":"SearchAction","target":{"@type":"EntryPoint","urlTemplate":"https:\/\/www.jootjeshaakcadeautjes.nl\/fr\/?s={search_term_string}"},"query-input":{"@type":"PropertyValueSpecification","valueRequired":true,"valueName":"search_term_string"}}],"inLanguage":"fr-FR"},{"@type":"Organization","@id":"https:\/\/www.jootjeshaakcadeautjes.nl\/fr\/#organization","name":"Jootjes Haakcadeautjes","url":"https:\/\/www.jootjeshaakcadeautjes.nl\/fr\/","logo":{"@type":"ImageObject","inLanguage":"fr-FR","@id":"https:\/\/www.jootjeshaakcadeautjes.nl\/fr\/#\/schema\/logo\/image\/","url":"https:\/\/d1dyryakdmle7o.cloudfront.net\/wp-content\/uploads\/2023\/05\/Logo-rond.png","contentUrl":"https:\/\/d1dyryakdmle7o.cloudfront.net\/wp-content\/uploads\/2023\/05\/Logo-rond.png","width":1222,"height":1222,"caption":"Jootjes Haakcadeautjes"},"image":{"@id":"https:\/\/www.jootjeshaakcadeautjes.nl\/fr\/#\/schema\/logo\/image\/"}}]},"product_price_amount":"5.95","product_price_currency":"EUR","og_availability":"instock","product_availability":"instock","product_retailer_item_id":"BOR-SCH-TWG","product_condition":"new"},"_links":{"self":[{"href":"https:\/\/www.jootjeshaakcadeautjes.nl\/fr\/wp-json\/wp\/v2\/product\/133939","targetHints":{"allow":["GET"]}}],"collection":[{"href":"https:\/\/www.jootjeshaakcadeautjes.nl\/fr\/wp-json\/wp\/v2\/product"}],"about":[{"href":"https:\/\/www.jootjeshaakcadeautjes.nl\/fr\/wp-json\/wp\/v2\/types\/product"}],"version-history":[{"count":0,"href":"https:\/\/www.jootjeshaakcadeautjes.nl\/fr\/wp-json\/wp\/v2\/product\/133939\/revisions"}],"wp:featuredmedia":[{"embeddable":true,"href":"https:\/\/www.jootjeshaakcadeautjes.nl\/fr\/wp-json\/wp\/v2\/media\/78528"}],"wp:attachment":[{"href":"https:\/\/www.jootjeshaakcadeautjes.nl\/fr\/wp-json\/wp\/v2\/media?parent=133939"}],"wp:term":[{"taxonomy":"product_brand","embeddable":true,"href":"https:\/\/www.jootjeshaakcadeautjes.nl\/fr\/wp-json\/wp\/v2\/product_brand?post=133939"},{"taxonomy":"product_cat","embeddable":true,"href":"https:\/\/www.jootjeshaakcadeautjes.nl\/fr\/wp-json\/wp\/v2\/product_cat?post=133939"},{"taxonomy":"product_tag","embeddable":true,"href":"https:\/\/www.jootjeshaakcadeautjes.nl\/fr\/wp-json\/wp\/v2\/product_tag?post=133939"}],"curies":[{"name":"wp","href":"https:\/\/api.w.org\/{rel}","templated":true}]}}