{"id":133945,"date":"2022-01-01T15:28:36","date_gmt":"2022-01-01T13:28:36","guid":{"rendered":"https:\/\/www.jootjeshaakcadeautjes.nl\/product\/porte-cles-de-luxe-coquille-argent-rose-or-et-or-brillant-argent-rose-or-et-or-brillant-copie\/"},"modified":"2025-09-02T12:43:21","modified_gmt":"2025-09-02T10:43:21","slug":"porte-cles-de-luxe-coquille-argent-rose-or-et-or-brillant-argent-rose-or-et-or-brillant-copie","status":"publish","type":"product","link":"https:\/\/www.jootjeshaakcadeautjes.nl\/fr\/produit\/porte-cles-de-luxe-coquille-argent-rose-or-et-or-brillant-argent-rose-or-et-or-brillant-copie\/","title":{"rendered":"Porte-cl\u00e9s de luxe &#8211; Coquille &#8211; Argent, or rose et or brillant"},"content":{"rendered":"<h2>Porte-cl\u00e9s de luxe &#8211; Coquille &#8211; Argent, or rose et or brillant<\/h2>\n<p>Ces porte-cl\u00e9s sont parfaits pour suspendre un sac ou un porte-cl\u00e9s de luxe. Les porte-cl\u00e9s sont donc la variante parfaite des porte-sacs plus luxueux, non pas pour un enfant, mais pour les m\u00e8res. Parce que, comme vous, nous pensons que les mamans travailleuses et attentionn\u00e9es m\u00e9ritent aussi de s&#8217;amuser !<\/p>\n<p>Disponible en argent, or rose et or brillant<\/p>\n<p>La taille de l&#8217;\u00e9toile est d&#8217;environ 29 mm.<br \/>\nCrochet de mousqueton de 20 mm de large.<\/p>\n","protected":false},"excerpt":{"rendered":"<p>Porte-cl\u00e9s de luxe &#8211; Coquille &#8211; Argent, or rose et or brillant<\/p>\n<ul>\n<li>3 couleurs au choix : argent, or rose et or brillant<\/li>\n<li>Avec un porte-cl\u00e9s et une cha\u00eene pour l&#8217;attacher<\/li>\n<li>Grande \u00e9toile, taille d&#8217;environ 29 mm.<\/li>\n<li>Crochet mousqueton plus grand que le crochet mousqueton standard, taille 20 mm.<\/li>\n<\/ul>\n","protected":false},"featured_media":78489,"template":"","meta":[],"product_brand":[],"product_cat":[12308,12306,12310,18289],"product_tag":[10189,13761,10318,7489,12324,10418,13760,12289,12785,12819,10488,7619,7617],"class_list":{"0":"post-133945","1":"product","2":"type-product","3":"status-publish","4":"has-post-thumbnail","6":"product_cat-materiel-de-bricolage-et-de-crochet","7":"product_cat-porte-cles-et-crochets","8":"product_cat-poupees-chanceuses-diy-perles-et-fournitures","9":"product_cat-thema-sinterklaas","10":"product_tag-argent-fr","11":"product_tag-brillant","12":"product_tag-coquille","13":"product_tag-crochet-pour-sac","14":"product_tag-lor","15":"product_tag-luxe-fr","16":"product_tag-maman-fr-4","17":"product_tag-maman","18":"product_tag-mat-fr","19":"product_tag-or-rose","20":"product_tag-porte-cles-fr-2","21":"product_tag-porte-cles","22":"product_tag-rose-fr-2","24":"first","25":"instock","26":"taxable","27":"shipping-taxable","28":"purchasable","29":"product-type-variable"},"bundled_by":[],"bundle_stock_status":"instock","bundle_stock_quantity":null,"bundle_virtual":false,"bundle_layout":"","bundle_add_to_cart_form_location":"","bundle_editable_in_cart":false,"bundle_sold_individually_context":"","bundle_item_grouping":"","bundle_min_size":"","bundle_max_size":"","bundle_price":[],"bundled_items":[],"bundle_sell_ids":[],"yoast_head":"<!-- This site is optimized with the Yoast SEO Premium plugin v27.6 (Yoast SEO v27.6) - https:\/\/yoast.com\/product\/yoast-seo-premium-wordpress\/ -->\n<title>Porte-cl\u00e9s de luxe - Coquille - Argent, or rose et or brillant - %.<\/title>\n<meta name=\"description\" content=\"Porte-cl\u00e9s de luxe. Sp\u00e9cialement pour les mamans travailleuses et attentionn\u00e9es, fabriquez un magnifique pendentif pour vos cl\u00e9s ou votre sac avec des perles en cuivre et\/ou en l\u00e9opard.\" \/>\n<meta name=\"robots\" content=\"index, follow, max-snippet:-1, max-image-preview:large, max-video-preview:-1\" \/>\n<link rel=\"canonical\" href=\"https:\/\/www.jootjeshaakcadeautjes.nl\/fr\/produit\/porte-cles-de-luxe-coquille-argent-rose-or-et-or-brillant-argent-rose-or-et-or-brillant-copie\/\" \/>\n<meta property=\"og:locale\" content=\"fr_FR\" \/>\n<meta property=\"og:type\" content=\"article\" \/>\n<meta property=\"og:title\" content=\"Porte-cl\u00e9s de luxe - Coquille - Argent, or rose et or brillant\" \/>\n<meta property=\"og:description\" content=\"Porte-cl\u00e9s de luxe. Sp\u00e9cialement pour les mamans travailleuses et attentionn\u00e9es, fabriquez un magnifique pendentif pour vos cl\u00e9s ou votre sac avec des perles en cuivre et\/ou en l\u00e9opard.\" \/>\n<meta property=\"og:url\" content=\"https:\/\/www.jootjeshaakcadeautjes.nl\/fr\/produit\/porte-cles-de-luxe-coquille-argent-rose-or-et-or-brillant-argent-rose-or-et-or-brillant-copie\/\" \/>\n<meta property=\"og:site_name\" content=\"Jootjes Haakcadeautjes\" \/>\n<meta property=\"article:modified_time\" content=\"2025-09-02T10:43:21+00:00\" \/>\n<meta property=\"og:image\" content=\"https:\/\/www.jootjeshaakcadeautjes.nl\/wp-content\/uploads\/2021\/12\/20211128_111202.jpg\" \/>\n\t<meta property=\"og:image:width\" content=\"1648\" \/>\n\t<meta property=\"og:image:height\" content=\"1648\" \/>\n\t<meta property=\"og:image:type\" content=\"image\/jpeg\" \/>\n<meta name=\"twitter:card\" content=\"summary_large_image\" \/>\n<meta name=\"twitter:label1\" content=\"Disponibilit\u00e9\" \/>\n\t<meta name=\"twitter:data1\" content=\"En stock\" \/>\n<script type=\"application\/ld+json\" class=\"yoast-schema-graph\">{\"@context\":\"https:\\\/\\\/schema.org\",\"@graph\":[{\"@type\":\"WebPage\",\"@id\":\"https:\\\/\\\/www.jootjeshaakcadeautjes.nl\\\/fr\\\/produit\\\/porte-cles-de-luxe-coquille-argent-rose-or-et-or-brillant-argent-rose-or-et-or-brillant-copie\\\/\",\"url\":\"https:\\\/\\\/www.jootjeshaakcadeautjes.nl\\\/fr\\\/produit\\\/porte-cles-de-luxe-coquille-argent-rose-or-et-or-brillant-argent-rose-or-et-or-brillant-copie\\\/\",\"name\":\"Porte-cl\u00e9s de luxe - Coquille - Argent, or rose et or brillant - %.\",\"isPartOf\":{\"@id\":\"https:\\\/\\\/www.jootjeshaakcadeautjes.nl\\\/fr\\\/#website\"},\"primaryImageOfPage\":{\"@id\":\"https:\\\/\\\/www.jootjeshaakcadeautjes.nl\\\/fr\\\/produit\\\/porte-cles-de-luxe-coquille-argent-rose-or-et-or-brillant-argent-rose-or-et-or-brillant-copie\\\/#primaryimage\"},\"image\":{\"@id\":\"https:\\\/\\\/www.jootjeshaakcadeautjes.nl\\\/fr\\\/produit\\\/porte-cles-de-luxe-coquille-argent-rose-or-et-or-brillant-argent-rose-or-et-or-brillant-copie\\\/#primaryimage\"},\"thumbnailUrl\":\"https:\\\/\\\/d1dyryakdmle7o.cloudfront.net\\\/wp-content\\\/uploads\\\/2021\\\/12\\\/20211128_111202.jpg\",\"datePublished\":\"2022-01-01T13:28:36+00:00\",\"dateModified\":\"2025-09-02T10:43:21+00:00\",\"description\":\"Porte-cl\u00e9s de luxe. Sp\u00e9cialement pour les mamans travailleuses et attentionn\u00e9es, fabriquez un magnifique pendentif pour vos cl\u00e9s ou votre sac avec des perles en cuivre et\\\/ou en l\u00e9opard.\",\"breadcrumb\":{\"@id\":\"https:\\\/\\\/www.jootjeshaakcadeautjes.nl\\\/fr\\\/produit\\\/porte-cles-de-luxe-coquille-argent-rose-or-et-or-brillant-argent-rose-or-et-or-brillant-copie\\\/#breadcrumb\"},\"inLanguage\":\"fr-FR\",\"potentialAction\":[{\"@type\":\"ReadAction\",\"target\":[\"https:\\\/\\\/www.jootjeshaakcadeautjes.nl\\\/fr\\\/produit\\\/porte-cles-de-luxe-coquille-argent-rose-or-et-or-brillant-argent-rose-or-et-or-brillant-copie\\\/\"]}]},{\"@type\":\"ImageObject\",\"inLanguage\":\"fr-FR\",\"@id\":\"https:\\\/\\\/www.jootjeshaakcadeautjes.nl\\\/fr\\\/produit\\\/porte-cles-de-luxe-coquille-argent-rose-or-et-or-brillant-argent-rose-or-et-or-brillant-copie\\\/#primaryimage\",\"url\":\"https:\\\/\\\/d1dyryakdmle7o.cloudfront.net\\\/wp-content\\\/uploads\\\/2021\\\/12\\\/20211128_111202.jpg\",\"contentUrl\":\"https:\\\/\\\/d1dyryakdmle7o.cloudfront.net\\\/wp-content\\\/uploads\\\/2021\\\/12\\\/20211128_111202.jpg\",\"width\":1648,\"height\":1648},{\"@type\":\"BreadcrumbList\",\"@id\":\"https:\\\/\\\/www.jootjeshaakcadeautjes.nl\\\/fr\\\/produit\\\/porte-cles-de-luxe-coquille-argent-rose-or-et-or-brillant-argent-rose-or-et-or-brillant-copie\\\/#breadcrumb\",\"itemListElement\":[{\"@type\":\"ListItem\",\"position\":1,\"name\":\"Accueil\",\"item\":\"https:\\\/\\\/www.jootjeshaakcadeautjes.nl\\\/fr\\\/\"},{\"@type\":\"ListItem\",\"position\":2,\"name\":\"Commerce de gros de perles en silicone &#8211; Entreprises et consommateurs\",\"item\":\"https:\\\/\\\/www.jootjeshaakcadeautjes.nl\\\/fr\\\/boutique\\\/\"},{\"@type\":\"ListItem\",\"position\":3,\"name\":\"Porte-cl\u00e9s de luxe &#8211; Coquille &#8211; Argent, or rose et or brillant\"}]},{\"@type\":\"WebSite\",\"@id\":\"https:\\\/\\\/www.jootjeshaakcadeautjes.nl\\\/fr\\\/#website\",\"url\":\"https:\\\/\\\/www.jootjeshaakcadeautjes.nl\\\/fr\\\/\",\"name\":\"Jootjes Haakcadeautjes\",\"description\":\"Grossiste en perles de silicone\",\"publisher\":{\"@id\":\"https:\\\/\\\/www.jootjeshaakcadeautjes.nl\\\/fr\\\/#organization\"},\"potentialAction\":[{\"@type\":\"SearchAction\",\"target\":{\"@type\":\"EntryPoint\",\"urlTemplate\":\"https:\\\/\\\/www.jootjeshaakcadeautjes.nl\\\/fr\\\/?s={search_term_string}\"},\"query-input\":{\"@type\":\"PropertyValueSpecification\",\"valueRequired\":true,\"valueName\":\"search_term_string\"}}],\"inLanguage\":\"fr-FR\"},{\"@type\":\"Organization\",\"@id\":\"https:\\\/\\\/www.jootjeshaakcadeautjes.nl\\\/fr\\\/#organization\",\"name\":\"Jootjes Haakcadeautjes\",\"url\":\"https:\\\/\\\/www.jootjeshaakcadeautjes.nl\\\/fr\\\/\",\"logo\":{\"@type\":\"ImageObject\",\"inLanguage\":\"fr-FR\",\"@id\":\"https:\\\/\\\/www.jootjeshaakcadeautjes.nl\\\/fr\\\/#\\\/schema\\\/logo\\\/image\\\/\",\"url\":\"https:\\\/\\\/d1dyryakdmle7o.cloudfront.net\\\/wp-content\\\/uploads\\\/2023\\\/05\\\/Logo-rond.png\",\"contentUrl\":\"https:\\\/\\\/d1dyryakdmle7o.cloudfront.net\\\/wp-content\\\/uploads\\\/2023\\\/05\\\/Logo-rond.png\",\"width\":1222,\"height\":1222,\"caption\":\"Jootjes Haakcadeautjes\"},\"image\":{\"@id\":\"https:\\\/\\\/www.jootjeshaakcadeautjes.nl\\\/fr\\\/#\\\/schema\\\/logo\\\/image\\\/\"}}]}<\/script>\n<meta property=\"og:availability\" content=\"instock\" \/>\n<meta property=\"product:availability\" content=\"instock\" \/>\n<meta property=\"product:condition\" content=\"new\" \/>\n<!-- \/ Yoast SEO Premium plugin. -->","yoast_head_json":{"title":"Porte-cl\u00e9s de luxe - Coquille - Argent, or rose et or brillant - %.","description":"Porte-cl\u00e9s de luxe. Sp\u00e9cialement pour les mamans travailleuses et attentionn\u00e9es, fabriquez un magnifique pendentif pour vos cl\u00e9s ou votre sac avec des perles en cuivre et\/ou en l\u00e9opard.","robots":{"index":"index","follow":"follow","max-snippet":"max-snippet:-1","max-image-preview":"max-image-preview:large","max-video-preview":"max-video-preview:-1"},"canonical":"https:\/\/www.jootjeshaakcadeautjes.nl\/fr\/produit\/porte-cles-de-luxe-coquille-argent-rose-or-et-or-brillant-argent-rose-or-et-or-brillant-copie\/","og_locale":"fr_FR","og_type":"article","og_title":"Porte-cl\u00e9s de luxe - Coquille - Argent, or rose et or brillant","og_description":"Porte-cl\u00e9s de luxe. Sp\u00e9cialement pour les mamans travailleuses et attentionn\u00e9es, fabriquez un magnifique pendentif pour vos cl\u00e9s ou votre sac avec des perles en cuivre et\/ou en l\u00e9opard.","og_url":"https:\/\/www.jootjeshaakcadeautjes.nl\/fr\/produit\/porte-cles-de-luxe-coquille-argent-rose-or-et-or-brillant-argent-rose-or-et-or-brillant-copie\/","og_site_name":"Jootjes Haakcadeautjes","article_modified_time":"2025-09-02T10:43:21+00:00","og_image":[{"width":1648,"height":1648,"url":"https:\/\/www.jootjeshaakcadeautjes.nl\/wp-content\/uploads\/2021\/12\/20211128_111202.jpg","type":"image\/jpeg"}],"twitter_card":"summary_large_image","twitter_misc":{"Disponibilit\u00e9":"En stock"},"schema":{"@context":"https:\/\/schema.org","@graph":[{"@type":"WebPage","@id":"https:\/\/www.jootjeshaakcadeautjes.nl\/fr\/produit\/porte-cles-de-luxe-coquille-argent-rose-or-et-or-brillant-argent-rose-or-et-or-brillant-copie\/","url":"https:\/\/www.jootjeshaakcadeautjes.nl\/fr\/produit\/porte-cles-de-luxe-coquille-argent-rose-or-et-or-brillant-argent-rose-or-et-or-brillant-copie\/","name":"Porte-cl\u00e9s de luxe - Coquille - Argent, or rose et or brillant - %.","isPartOf":{"@id":"https:\/\/www.jootjeshaakcadeautjes.nl\/fr\/#website"},"primaryImageOfPage":{"@id":"https:\/\/www.jootjeshaakcadeautjes.nl\/fr\/produit\/porte-cles-de-luxe-coquille-argent-rose-or-et-or-brillant-argent-rose-or-et-or-brillant-copie\/#primaryimage"},"image":{"@id":"https:\/\/www.jootjeshaakcadeautjes.nl\/fr\/produit\/porte-cles-de-luxe-coquille-argent-rose-or-et-or-brillant-argent-rose-or-et-or-brillant-copie\/#primaryimage"},"thumbnailUrl":"https:\/\/d1dyryakdmle7o.cloudfront.net\/wp-content\/uploads\/2021\/12\/20211128_111202.jpg","datePublished":"2022-01-01T13:28:36+00:00","dateModified":"2025-09-02T10:43:21+00:00","description":"Porte-cl\u00e9s de luxe. Sp\u00e9cialement pour les mamans travailleuses et attentionn\u00e9es, fabriquez un magnifique pendentif pour vos cl\u00e9s ou votre sac avec des perles en cuivre et\/ou en l\u00e9opard.","breadcrumb":{"@id":"https:\/\/www.jootjeshaakcadeautjes.nl\/fr\/produit\/porte-cles-de-luxe-coquille-argent-rose-or-et-or-brillant-argent-rose-or-et-or-brillant-copie\/#breadcrumb"},"inLanguage":"fr-FR","potentialAction":[{"@type":"ReadAction","target":["https:\/\/www.jootjeshaakcadeautjes.nl\/fr\/produit\/porte-cles-de-luxe-coquille-argent-rose-or-et-or-brillant-argent-rose-or-et-or-brillant-copie\/"]}]},{"@type":"ImageObject","inLanguage":"fr-FR","@id":"https:\/\/www.jootjeshaakcadeautjes.nl\/fr\/produit\/porte-cles-de-luxe-coquille-argent-rose-or-et-or-brillant-argent-rose-or-et-or-brillant-copie\/#primaryimage","url":"https:\/\/d1dyryakdmle7o.cloudfront.net\/wp-content\/uploads\/2021\/12\/20211128_111202.jpg","contentUrl":"https:\/\/d1dyryakdmle7o.cloudfront.net\/wp-content\/uploads\/2021\/12\/20211128_111202.jpg","width":1648,"height":1648},{"@type":"BreadcrumbList","@id":"https:\/\/www.jootjeshaakcadeautjes.nl\/fr\/produit\/porte-cles-de-luxe-coquille-argent-rose-or-et-or-brillant-argent-rose-or-et-or-brillant-copie\/#breadcrumb","itemListElement":[{"@type":"ListItem","position":1,"name":"Accueil","item":"https:\/\/www.jootjeshaakcadeautjes.nl\/fr\/"},{"@type":"ListItem","position":2,"name":"Commerce de gros de perles en silicone &#8211; Entreprises et consommateurs","item":"https:\/\/www.jootjeshaakcadeautjes.nl\/fr\/boutique\/"},{"@type":"ListItem","position":3,"name":"Porte-cl\u00e9s de luxe &#8211; Coquille &#8211; Argent, or rose et or brillant"}]},{"@type":"WebSite","@id":"https:\/\/www.jootjeshaakcadeautjes.nl\/fr\/#website","url":"https:\/\/www.jootjeshaakcadeautjes.nl\/fr\/","name":"Jootjes Haakcadeautjes","description":"Grossiste en perles de silicone","publisher":{"@id":"https:\/\/www.jootjeshaakcadeautjes.nl\/fr\/#organization"},"potentialAction":[{"@type":"SearchAction","target":{"@type":"EntryPoint","urlTemplate":"https:\/\/www.jootjeshaakcadeautjes.nl\/fr\/?s={search_term_string}"},"query-input":{"@type":"PropertyValueSpecification","valueRequired":true,"valueName":"search_term_string"}}],"inLanguage":"fr-FR"},{"@type":"Organization","@id":"https:\/\/www.jootjeshaakcadeautjes.nl\/fr\/#organization","name":"Jootjes Haakcadeautjes","url":"https:\/\/www.jootjeshaakcadeautjes.nl\/fr\/","logo":{"@type":"ImageObject","inLanguage":"fr-FR","@id":"https:\/\/www.jootjeshaakcadeautjes.nl\/fr\/#\/schema\/logo\/image\/","url":"https:\/\/d1dyryakdmle7o.cloudfront.net\/wp-content\/uploads\/2023\/05\/Logo-rond.png","contentUrl":"https:\/\/d1dyryakdmle7o.cloudfront.net\/wp-content\/uploads\/2023\/05\/Logo-rond.png","width":1222,"height":1222,"caption":"Jootjes Haakcadeautjes"},"image":{"@id":"https:\/\/www.jootjeshaakcadeautjes.nl\/fr\/#\/schema\/logo\/image\/"}}]},"og_availability":"instock","product_availability":"instock","product_condition":"new"},"_links":{"self":[{"href":"https:\/\/www.jootjeshaakcadeautjes.nl\/fr\/wp-json\/wp\/v2\/product\/133945","targetHints":{"allow":["GET"]}}],"collection":[{"href":"https:\/\/www.jootjeshaakcadeautjes.nl\/fr\/wp-json\/wp\/v2\/product"}],"about":[{"href":"https:\/\/www.jootjeshaakcadeautjes.nl\/fr\/wp-json\/wp\/v2\/types\/product"}],"version-history":[{"count":0,"href":"https:\/\/www.jootjeshaakcadeautjes.nl\/fr\/wp-json\/wp\/v2\/product\/133945\/revisions"}],"wp:featuredmedia":[{"embeddable":true,"href":"https:\/\/www.jootjeshaakcadeautjes.nl\/fr\/wp-json\/wp\/v2\/media\/78489"}],"wp:attachment":[{"href":"https:\/\/www.jootjeshaakcadeautjes.nl\/fr\/wp-json\/wp\/v2\/media?parent=133945"}],"wp:term":[{"taxonomy":"product_brand","embeddable":true,"href":"https:\/\/www.jootjeshaakcadeautjes.nl\/fr\/wp-json\/wp\/v2\/product_brand?post=133945"},{"taxonomy":"product_cat","embeddable":true,"href":"https:\/\/www.jootjeshaakcadeautjes.nl\/fr\/wp-json\/wp\/v2\/product_cat?post=133945"},{"taxonomy":"product_tag","embeddable":true,"href":"https:\/\/www.jootjeshaakcadeautjes.nl\/fr\/wp-json\/wp\/v2\/product_tag?post=133945"}],"curies":[{"name":"wp","href":"https:\/\/api.w.org\/{rel}","templated":true}]}}