{"id":133950,"date":"2021-12-30T11:51:59","date_gmt":"2021-12-30T09:51:59","guid":{"rendered":"https:\/\/www.jootjeshaakcadeautjes.nl\/product\/brosse-a-dents-du-bout-des-doigts-littlejo-milk-chocolat\/"},"modified":"2025-10-16T12:30:16","modified_gmt":"2025-10-16T10:30:16","slug":"brosse-a-dents-du-bout-des-doigts-littlejo-milk-chocolat","status":"publish","type":"product","link":"https:\/\/www.jootjeshaakcadeautjes.nl\/fr\/produit\/brosse-a-dents-du-bout-des-doigts-littlejo-milk-chocolat\/","title":{"rendered":"Brosse \u00e0 dents en silicone avec bo\u00eete de rangement &#8211; LittleJo &#8211; Chocolat au lait"},"content":{"rendered":"<h2>Brosse \u00e0 dents en silicone avec bo\u00eete de rangement &#8211; LittleJo &#8211; Vert Menthe<\/h2>\n<p>Produit : Brosse \u00e0 dents du bout des doigts avec \u00e9tui de rangement en plastique dur transparent<br \/>\nType de couleur : Chocolat au lait<br \/>\nMarque : LittleJo<br \/>\nMat\u00e9riau : 100% silicone sans danger pour les b\u00e9b\u00e9s, sans BPA, test\u00e9 chimiquement et totalement s\u00fbr (sans PVC, phtalates et autres) conform\u00e9ment aux normes EN-71 pour les b\u00e9b\u00e9s.<\/p>\n<h3>Comment utiliser une brosse \u00e0 dents \u00e0 doigts ?<\/h3>\n<p>D\u00e8s l&#8217;apparition des premi\u00e8res dents, votre enfant a besoin d&#8217;\u00eatre soign\u00e9 correctement. Souvent, se brosser les dents en premier est un v\u00e9ritable d\u00e9fi. En effet, la premi\u00e8re r\u00e9action d&#8217;un enfant est g\u00e9n\u00e9ralement de repousser la brosse \u00e0 dents et de se mettre \u00e0 pleurer. &#8220;On peut presque les voir se demander pourquoi papa ou maman veut soudain mettre ce truc odieux dans ma bouche. J&#8217;ai d\u00e9j\u00e0 mal aux dents&#8230;. Va-t&#8217;en !&#8221; Ces brosses \u00e0 dents du bout des doigts offrent une solution !<\/p>\n<p>Comme il s&#8217;agit de brosses \u00e0 dents du bout des doigts, vous pouvez facilement les diriger. De plus, il se pose sur votre doigt, ce qui fait que votre enfant a plus de chances de le reconna\u00eetre et moins de chances de le rejeter. De plus, il est fabriqu\u00e9 en silicone tr\u00e8s fin et doux avec des brosses tr\u00e8s douces. La combinaison de ces brosses souples et de l&#8217;utilisation de vos propres mains masse les gencives et rend ces brosses \u00e0 dents extr\u00eamement efficaces pour soulager la douleur ! Les couleurs amusantes en font un jouet et ressemblent au silicone utilis\u00e9 pour les anneaux de dentition, les figurines de dentition et\/ou les cordons de t\u00e9tine. Cela vous aidera \u00e0 habituer votre enfant \u00e0 la brosse \u00e0 dents d&#8217;une mani\u00e8re accessible et ludique. Il s&#8217;agit donc d&#8217;une forme interm\u00e9diaire parfaite pour s&#8217;habituer plus tard \u00e0 une vraie brosse \u00e0 dents.<\/p>\n<h3>Nettoyage de la brosse \u00e0 dents du bout des doigts<\/h3>\n<p>La brosse \u00e0 dents est livr\u00e9e avec une bo\u00eete de rangement. De cette mani\u00e8re, vous pouvez \u00e9galement remettre la brosse \u00e0 dents propre et s\u00fbre lorsque votre enfant part chez ses grands-parents, par exemple, ou lorsque vous souhaitez l&#8217;emmener en vacances. Les brosses \u00e0 dents \u00e0 bouts pointus sont utilis\u00e9es plusieurs fois par jour et p\u00e9n\u00e8trent dans la bouche de l&#8217;enfant. Au cours de ce processus, ils peuvent entrer en contact avec des bact\u00e9ries. Les brosses \u00e0 dents sont donc faciles \u00e0 nettoyer \u00e0 l&#8217;eau ti\u00e8de et \u00e0 l&#8217;eau savonneuse douce dans la mesure du possible. Rincez bien la brosse \u00e0 dents et secouez-la pour la s\u00e9cher. Ensuite, laissez-le s\u00e9cher compl\u00e8tement \u00e0 l&#8217;ext\u00e9rieur de la bo\u00eete de rangement, par exemple sur une feuille de papier absorbant.<\/p>\n<p>Vous voulez nettoyer la brosse \u00e0 dents en silicone du bout des doigts ? Faire bouillir de l&#8217;eau dans la bouilloire. Verser l&#8217;eau dans un bol. Placer la brosse \u00e0 dents et laisser tremper pendant cinq minutes. Rincez l&#8217;eau et s\u00e9chez soigneusement la brosse \u00e0 dents.<\/p>\n","protected":false},"excerpt":{"rendered":"<p>Produit : Brosse \u00e0 dents du bout des doigts avec \u00e9tui de rangement en plastique dur transparent<br \/>\nType de couleur : Chocolat au lait<br \/>\nMarque : LittleJo<br \/>\nMat\u00e9riau : 100% silicone sans danger pour les b\u00e9b\u00e9s, sans BPA, test\u00e9 chimiquement et totalement s\u00fbr (sans PVC, phtalates et autres) conform\u00e9ment aux normes EN-71 pour les b\u00e9b\u00e9s.<\/p>\n<p>Pour plus d&#8217;informations, voir ci-dessous.<\/p>\n","protected":false},"featured_media":78891,"template":"","meta":[],"product_brand":[],"product_cat":[10172,13742],"product_tag":[10225,7401,13757,13749,7424,13751,13756,10079,7627,7463,12391,13746,12395,12654,13753,7440,12663,10288,13734,12661,13755,13752,12585,7212,7408],"class_list":{"0":"post-133950","1":"product","2":"type-product","3":"status-publish","4":"has-post-thumbnail","6":"product_cat-accessoires-pour-bebes","7":"product_cat-brosse-a-dents-en-silicone-littlejo","8":"product_tag-accessoires-fr","9":"product_tag-bebe","10":"product_tag-boite-de-rangement","11":"product_tag-bout-du-doigt","12":"product_tag-bpa-fr","13":"product_tag-brosse-a-dents-2","14":"product_tag-brosse-a-dents-a-doigts","15":"product_tag-cadeau-de-maternite","16":"product_tag-chocolat","17":"product_tag-commerce-de-gros","18":"product_tag-dents","19":"product_tag-doigt","20":"product_tag-en-passant-par","21":"product_tag-enfant-en-bas-age","22":"product_tag-etre-utilise","23":"product_tag-gratuit","24":"product_tag-incontournables","25":"product_tag-lait","26":"product_tag-mushie-fr","27":"product_tag-petitjo","28":"product_tag-polissage","29":"product_tag-pratique-fr","30":"product_tag-sans-bpa-fr","31":"product_tag-silicone-fr","32":"product_tag-sur","34":"first","35":"instock","36":"taxable","37":"shipping-taxable","38":"purchasable","39":"product-type-simple"},"bundled_by":[],"bundle_stock_status":"instock","bundle_stock_quantity":13,"bundle_virtual":false,"bundle_layout":"","bundle_add_to_cart_form_location":"","bundle_editable_in_cart":false,"bundle_sold_individually_context":"","bundle_item_grouping":"","bundle_min_size":"","bundle_max_size":"","bundle_price":[],"bundled_items":[],"bundle_sell_ids":[],"yoast_head":"<!-- This site is optimized with the Yoast SEO Premium plugin v27.6 (Yoast SEO v27.6) - https:\/\/yoast.com\/product\/yoast-seo-premium-wordpress\/ -->\n<title>Brosse \u00e0 dents en silicone - LittleJo - Chocolat<\/title>\n<meta name=\"description\" content=\"Brosse \u00e0 dents en silicone de LittleJo en couleur Chcolate en silicone sans bpa. Parfait pour les premi\u00e8res dents et pour s&#039;habituer au brossage.\" \/>\n<meta name=\"robots\" content=\"index, follow, max-snippet:-1, max-image-preview:large, max-video-preview:-1\" \/>\n<link rel=\"canonical\" href=\"https:\/\/www.jootjeshaakcadeautjes.nl\/fr\/produit\/brosse-a-dents-du-bout-des-doigts-littlejo-milk-chocolat\/\" \/>\n<meta property=\"og:locale\" content=\"fr_FR\" \/>\n<meta property=\"og:type\" content=\"article\" \/>\n<meta property=\"og:title\" content=\"Brosse \u00e0 dents en silicone avec bo\u00eete de rangement - LittleJo - Chocolat au lait\" \/>\n<meta property=\"og:description\" content=\"Brosse \u00e0 dents en silicone de LittleJo en couleur Chcolate en silicone sans bpa. Parfait pour les premi\u00e8res dents et pour s&#039;habituer au brossage.\" \/>\n<meta property=\"og:url\" content=\"https:\/\/www.jootjeshaakcadeautjes.nl\/fr\/produit\/brosse-a-dents-du-bout-des-doigts-littlejo-milk-chocolat\/\" \/>\n<meta property=\"og:site_name\" content=\"Jootjes Haakcadeautjes\" \/>\n<meta property=\"article:modified_time\" content=\"2025-10-16T10:30:16+00:00\" \/>\n<meta property=\"og:image\" content=\"https:\/\/www.jootjeshaakcadeautjes.nl\/wp-content\/uploads\/2021\/12\/6.jpg\" \/>\n\t<meta property=\"og:image:width\" content=\"800\" \/>\n\t<meta property=\"og:image:height\" content=\"800\" \/>\n\t<meta property=\"og:image:type\" content=\"image\/jpeg\" \/>\n<meta name=\"twitter:card\" content=\"summary_large_image\" \/>\n<meta name=\"twitter:label1\" content=\"Prix\" \/>\n\t<meta name=\"twitter:data1\" content=\"&euro;1.95 TTC\" \/>\n\t<meta name=\"twitter:label2\" content=\"Disponibilit\u00e9\" \/>\n\t<meta name=\"twitter:data2\" content=\"En stock\" \/>\n<script type=\"application\/ld+json\" class=\"yoast-schema-graph\">{\"@context\":\"https:\\\/\\\/schema.org\",\"@graph\":[{\"@type\":\"WebPage\",\"@id\":\"https:\\\/\\\/www.jootjeshaakcadeautjes.nl\\\/fr\\\/produit\\\/brosse-a-dents-du-bout-des-doigts-littlejo-milk-chocolat\\\/\",\"url\":\"https:\\\/\\\/www.jootjeshaakcadeautjes.nl\\\/fr\\\/produit\\\/brosse-a-dents-du-bout-des-doigts-littlejo-milk-chocolat\\\/\",\"name\":\"Brosse \u00e0 dents en silicone - LittleJo - Chocolat\",\"isPartOf\":{\"@id\":\"https:\\\/\\\/www.jootjeshaakcadeautjes.nl\\\/fr\\\/#website\"},\"primaryImageOfPage\":{\"@id\":\"https:\\\/\\\/www.jootjeshaakcadeautjes.nl\\\/fr\\\/produit\\\/brosse-a-dents-du-bout-des-doigts-littlejo-milk-chocolat\\\/#primaryimage\"},\"image\":{\"@id\":\"https:\\\/\\\/www.jootjeshaakcadeautjes.nl\\\/fr\\\/produit\\\/brosse-a-dents-du-bout-des-doigts-littlejo-milk-chocolat\\\/#primaryimage\"},\"thumbnailUrl\":\"https:\\\/\\\/d1dyryakdmle7o.cloudfront.net\\\/wp-content\\\/uploads\\\/2021\\\/12\\\/6.jpg\",\"datePublished\":\"2021-12-30T09:51:59+00:00\",\"dateModified\":\"2025-10-16T10:30:16+00:00\",\"description\":\"Brosse \u00e0 dents en silicone de LittleJo en couleur Chcolate en silicone sans bpa. Parfait pour les premi\u00e8res dents et pour s'habituer au brossage.\",\"breadcrumb\":{\"@id\":\"https:\\\/\\\/www.jootjeshaakcadeautjes.nl\\\/fr\\\/produit\\\/brosse-a-dents-du-bout-des-doigts-littlejo-milk-chocolat\\\/#breadcrumb\"},\"inLanguage\":\"fr-FR\",\"potentialAction\":[{\"@type\":\"ReadAction\",\"target\":[\"https:\\\/\\\/www.jootjeshaakcadeautjes.nl\\\/fr\\\/produit\\\/brosse-a-dents-du-bout-des-doigts-littlejo-milk-chocolat\\\/\"]}]},{\"@type\":\"ImageObject\",\"inLanguage\":\"fr-FR\",\"@id\":\"https:\\\/\\\/www.jootjeshaakcadeautjes.nl\\\/fr\\\/produit\\\/brosse-a-dents-du-bout-des-doigts-littlejo-milk-chocolat\\\/#primaryimage\",\"url\":\"https:\\\/\\\/d1dyryakdmle7o.cloudfront.net\\\/wp-content\\\/uploads\\\/2021\\\/12\\\/6.jpg\",\"contentUrl\":\"https:\\\/\\\/d1dyryakdmle7o.cloudfront.net\\\/wp-content\\\/uploads\\\/2021\\\/12\\\/6.jpg\",\"width\":800,\"height\":800,\"caption\":\"Brosse \u00e0 dents en silicone Littlejo Wholesale milk chocolate\"},{\"@type\":\"BreadcrumbList\",\"@id\":\"https:\\\/\\\/www.jootjeshaakcadeautjes.nl\\\/fr\\\/produit\\\/brosse-a-dents-du-bout-des-doigts-littlejo-milk-chocolat\\\/#breadcrumb\",\"itemListElement\":[{\"@type\":\"ListItem\",\"position\":1,\"name\":\"Accueil\",\"item\":\"https:\\\/\\\/www.jootjeshaakcadeautjes.nl\\\/fr\\\/\"},{\"@type\":\"ListItem\",\"position\":2,\"name\":\"Commerce de gros de perles en silicone &#8211; Entreprises et consommateurs\",\"item\":\"https:\\\/\\\/www.jootjeshaakcadeautjes.nl\\\/fr\\\/boutique\\\/\"},{\"@type\":\"ListItem\",\"position\":3,\"name\":\"Brosse \u00e0 dents en silicone avec bo\u00eete de rangement &#8211; LittleJo &#8211; Chocolat au lait\"}]},{\"@type\":\"WebSite\",\"@id\":\"https:\\\/\\\/www.jootjeshaakcadeautjes.nl\\\/fr\\\/#website\",\"url\":\"https:\\\/\\\/www.jootjeshaakcadeautjes.nl\\\/fr\\\/\",\"name\":\"Jootjes Haakcadeautjes\",\"description\":\"Grossiste en perles de silicone\",\"publisher\":{\"@id\":\"https:\\\/\\\/www.jootjeshaakcadeautjes.nl\\\/fr\\\/#organization\"},\"potentialAction\":[{\"@type\":\"SearchAction\",\"target\":{\"@type\":\"EntryPoint\",\"urlTemplate\":\"https:\\\/\\\/www.jootjeshaakcadeautjes.nl\\\/fr\\\/?s={search_term_string}\"},\"query-input\":{\"@type\":\"PropertyValueSpecification\",\"valueRequired\":true,\"valueName\":\"search_term_string\"}}],\"inLanguage\":\"fr-FR\"},{\"@type\":\"Organization\",\"@id\":\"https:\\\/\\\/www.jootjeshaakcadeautjes.nl\\\/fr\\\/#organization\",\"name\":\"Jootjes Haakcadeautjes\",\"url\":\"https:\\\/\\\/www.jootjeshaakcadeautjes.nl\\\/fr\\\/\",\"logo\":{\"@type\":\"ImageObject\",\"inLanguage\":\"fr-FR\",\"@id\":\"https:\\\/\\\/www.jootjeshaakcadeautjes.nl\\\/fr\\\/#\\\/schema\\\/logo\\\/image\\\/\",\"url\":\"https:\\\/\\\/d1dyryakdmle7o.cloudfront.net\\\/wp-content\\\/uploads\\\/2023\\\/05\\\/Logo-rond.png\",\"contentUrl\":\"https:\\\/\\\/d1dyryakdmle7o.cloudfront.net\\\/wp-content\\\/uploads\\\/2023\\\/05\\\/Logo-rond.png\",\"width\":1222,\"height\":1222,\"caption\":\"Jootjes Haakcadeautjes\"},\"image\":{\"@id\":\"https:\\\/\\\/www.jootjeshaakcadeautjes.nl\\\/fr\\\/#\\\/schema\\\/logo\\\/image\\\/\"}}]}<\/script>\n<meta property=\"product:price:amount\" content=\"1.95\" \/>\n<meta property=\"product:price:currency\" content=\"EUR\" \/>\n<meta property=\"og:availability\" content=\"instock\" \/>\n<meta property=\"product:availability\" content=\"instock\" \/>\n<meta property=\"product:retailer_item_id\" content=\"VIN-TOP-MCHO\" \/>\n<meta property=\"product:condition\" content=\"new\" \/>\n<!-- \/ Yoast SEO Premium plugin. -->","yoast_head_json":{"title":"Brosse \u00e0 dents en silicone - LittleJo - Chocolat","description":"Brosse \u00e0 dents en silicone de LittleJo en couleur Chcolate en silicone sans bpa. Parfait pour les premi\u00e8res dents et pour s'habituer au brossage.","robots":{"index":"index","follow":"follow","max-snippet":"max-snippet:-1","max-image-preview":"max-image-preview:large","max-video-preview":"max-video-preview:-1"},"canonical":"https:\/\/www.jootjeshaakcadeautjes.nl\/fr\/produit\/brosse-a-dents-du-bout-des-doigts-littlejo-milk-chocolat\/","og_locale":"fr_FR","og_type":"article","og_title":"Brosse \u00e0 dents en silicone avec bo\u00eete de rangement - LittleJo - Chocolat au lait","og_description":"Brosse \u00e0 dents en silicone de LittleJo en couleur Chcolate en silicone sans bpa. Parfait pour les premi\u00e8res dents et pour s'habituer au brossage.","og_url":"https:\/\/www.jootjeshaakcadeautjes.nl\/fr\/produit\/brosse-a-dents-du-bout-des-doigts-littlejo-milk-chocolat\/","og_site_name":"Jootjes Haakcadeautjes","article_modified_time":"2025-10-16T10:30:16+00:00","og_image":[{"width":800,"height":800,"url":"https:\/\/www.jootjeshaakcadeautjes.nl\/wp-content\/uploads\/2021\/12\/6.jpg","type":"image\/jpeg"}],"twitter_card":"summary_large_image","twitter_misc":{"Prix":"&euro;1.95 TTC","Disponibilit\u00e9":"En stock"},"schema":{"@context":"https:\/\/schema.org","@graph":[{"@type":"WebPage","@id":"https:\/\/www.jootjeshaakcadeautjes.nl\/fr\/produit\/brosse-a-dents-du-bout-des-doigts-littlejo-milk-chocolat\/","url":"https:\/\/www.jootjeshaakcadeautjes.nl\/fr\/produit\/brosse-a-dents-du-bout-des-doigts-littlejo-milk-chocolat\/","name":"Brosse \u00e0 dents en silicone - LittleJo - Chocolat","isPartOf":{"@id":"https:\/\/www.jootjeshaakcadeautjes.nl\/fr\/#website"},"primaryImageOfPage":{"@id":"https:\/\/www.jootjeshaakcadeautjes.nl\/fr\/produit\/brosse-a-dents-du-bout-des-doigts-littlejo-milk-chocolat\/#primaryimage"},"image":{"@id":"https:\/\/www.jootjeshaakcadeautjes.nl\/fr\/produit\/brosse-a-dents-du-bout-des-doigts-littlejo-milk-chocolat\/#primaryimage"},"thumbnailUrl":"https:\/\/d1dyryakdmle7o.cloudfront.net\/wp-content\/uploads\/2021\/12\/6.jpg","datePublished":"2021-12-30T09:51:59+00:00","dateModified":"2025-10-16T10:30:16+00:00","description":"Brosse \u00e0 dents en silicone de LittleJo en couleur Chcolate en silicone sans bpa. Parfait pour les premi\u00e8res dents et pour s'habituer au brossage.","breadcrumb":{"@id":"https:\/\/www.jootjeshaakcadeautjes.nl\/fr\/produit\/brosse-a-dents-du-bout-des-doigts-littlejo-milk-chocolat\/#breadcrumb"},"inLanguage":"fr-FR","potentialAction":[{"@type":"ReadAction","target":["https:\/\/www.jootjeshaakcadeautjes.nl\/fr\/produit\/brosse-a-dents-du-bout-des-doigts-littlejo-milk-chocolat\/"]}]},{"@type":"ImageObject","inLanguage":"fr-FR","@id":"https:\/\/www.jootjeshaakcadeautjes.nl\/fr\/produit\/brosse-a-dents-du-bout-des-doigts-littlejo-milk-chocolat\/#primaryimage","url":"https:\/\/d1dyryakdmle7o.cloudfront.net\/wp-content\/uploads\/2021\/12\/6.jpg","contentUrl":"https:\/\/d1dyryakdmle7o.cloudfront.net\/wp-content\/uploads\/2021\/12\/6.jpg","width":800,"height":800,"caption":"Brosse \u00e0 dents en silicone Littlejo Wholesale milk chocolate"},{"@type":"BreadcrumbList","@id":"https:\/\/www.jootjeshaakcadeautjes.nl\/fr\/produit\/brosse-a-dents-du-bout-des-doigts-littlejo-milk-chocolat\/#breadcrumb","itemListElement":[{"@type":"ListItem","position":1,"name":"Accueil","item":"https:\/\/www.jootjeshaakcadeautjes.nl\/fr\/"},{"@type":"ListItem","position":2,"name":"Commerce de gros de perles en silicone &#8211; Entreprises et consommateurs","item":"https:\/\/www.jootjeshaakcadeautjes.nl\/fr\/boutique\/"},{"@type":"ListItem","position":3,"name":"Brosse \u00e0 dents en silicone avec bo\u00eete de rangement &#8211; LittleJo &#8211; Chocolat au lait"}]},{"@type":"WebSite","@id":"https:\/\/www.jootjeshaakcadeautjes.nl\/fr\/#website","url":"https:\/\/www.jootjeshaakcadeautjes.nl\/fr\/","name":"Jootjes Haakcadeautjes","description":"Grossiste en perles de silicone","publisher":{"@id":"https:\/\/www.jootjeshaakcadeautjes.nl\/fr\/#organization"},"potentialAction":[{"@type":"SearchAction","target":{"@type":"EntryPoint","urlTemplate":"https:\/\/www.jootjeshaakcadeautjes.nl\/fr\/?s={search_term_string}"},"query-input":{"@type":"PropertyValueSpecification","valueRequired":true,"valueName":"search_term_string"}}],"inLanguage":"fr-FR"},{"@type":"Organization","@id":"https:\/\/www.jootjeshaakcadeautjes.nl\/fr\/#organization","name":"Jootjes Haakcadeautjes","url":"https:\/\/www.jootjeshaakcadeautjes.nl\/fr\/","logo":{"@type":"ImageObject","inLanguage":"fr-FR","@id":"https:\/\/www.jootjeshaakcadeautjes.nl\/fr\/#\/schema\/logo\/image\/","url":"https:\/\/d1dyryakdmle7o.cloudfront.net\/wp-content\/uploads\/2023\/05\/Logo-rond.png","contentUrl":"https:\/\/d1dyryakdmle7o.cloudfront.net\/wp-content\/uploads\/2023\/05\/Logo-rond.png","width":1222,"height":1222,"caption":"Jootjes Haakcadeautjes"},"image":{"@id":"https:\/\/www.jootjeshaakcadeautjes.nl\/fr\/#\/schema\/logo\/image\/"}}]},"product_price_amount":"1.95","product_price_currency":"EUR","og_availability":"instock","product_availability":"instock","product_retailer_item_id":"VIN-TOP-MCHO","product_condition":"new"},"_links":{"self":[{"href":"https:\/\/www.jootjeshaakcadeautjes.nl\/fr\/wp-json\/wp\/v2\/product\/133950","targetHints":{"allow":["GET"]}}],"collection":[{"href":"https:\/\/www.jootjeshaakcadeautjes.nl\/fr\/wp-json\/wp\/v2\/product"}],"about":[{"href":"https:\/\/www.jootjeshaakcadeautjes.nl\/fr\/wp-json\/wp\/v2\/types\/product"}],"version-history":[{"count":0,"href":"https:\/\/www.jootjeshaakcadeautjes.nl\/fr\/wp-json\/wp\/v2\/product\/133950\/revisions"}],"wp:featuredmedia":[{"embeddable":true,"href":"https:\/\/www.jootjeshaakcadeautjes.nl\/fr\/wp-json\/wp\/v2\/media\/78891"}],"wp:attachment":[{"href":"https:\/\/www.jootjeshaakcadeautjes.nl\/fr\/wp-json\/wp\/v2\/media?parent=133950"}],"wp:term":[{"taxonomy":"product_brand","embeddable":true,"href":"https:\/\/www.jootjeshaakcadeautjes.nl\/fr\/wp-json\/wp\/v2\/product_brand?post=133950"},{"taxonomy":"product_cat","embeddable":true,"href":"https:\/\/www.jootjeshaakcadeautjes.nl\/fr\/wp-json\/wp\/v2\/product_cat?post=133950"},{"taxonomy":"product_tag","embeddable":true,"href":"https:\/\/www.jootjeshaakcadeautjes.nl\/fr\/wp-json\/wp\/v2\/product_tag?post=133950"}],"curies":[{"name":"wp","href":"https:\/\/api.w.org\/{rel}","templated":true}]}}