{"id":133980,"date":"2021-12-06T01:59:14","date_gmt":"2021-12-05T23:59:14","guid":{"rendered":"https:\/\/www.jootjeshaakcadeautjes.nl\/product\/bonhomme-de-noel-en-perles-de-silicone\/"},"modified":"2025-03-11T16:19:49","modified_gmt":"2025-03-11T15:19:49","slug":"bonhomme-de-noel-en-perles-de-silicone","status":"publish","type":"product","link":"https:\/\/www.jootjeshaakcadeautjes.nl\/fr\/produit\/bonhomme-de-noel-en-perles-de-silicone\/","title":{"rendered":"Perle en silicone &#8211; P\u00e8re No\u00ebl"},"content":{"rendered":"<h2>Silicone &#8211; Perle &#8211; P\u00e8re No\u00ebl<\/h2>\n<p>Cr\u00e9ez votre propre banni\u00e8re de chariot pour No\u00ebl avec cette jolie perle en silicone en forme de P\u00e8re No\u00ebl.<br \/>\nA combiner avec les perles en silicone Leaf Natural et Beads Signal Red pour former une branche de houx.<\/p>\n<p>Il existe \u00e9galement plusieurs anneaux de dentition sur le th\u00e8me de No\u00ebl qui peuvent \u00eatre combin\u00e9s avec ce produit.<\/p>\n<p>La perle en silicone du type P\u00e8re No\u00ebl est fabriqu\u00e9e en silicone sans BPA. Cela signifie que les produits ont \u00e9t\u00e9 jug\u00e9s s\u00fbrs pour une utilisation dans les jouets pour enfants. L&#8217;application de silicone ne contient pas de substances nocives. Nos produits sont donc conformes \u00e0 toutes les certifications n\u00e9cessaires. Surveillez toujours l&#8217;usure des jouets et jetez-les si n\u00e9cessaire. Cela s&#8217;applique \u00e0 tout type de jouet pour b\u00e9b\u00e9.<\/p>\n","protected":false},"excerpt":{"rendered":"<p>Mat\u00e9riau : 100% sans BPA, s\u00fbr selon EN-71, silicone<br \/>\nType : P\u00e8re No\u00ebl, th\u00e8me de No\u00ebl<br \/>\nCouleur : rouge<\/p>\n<p><a href=\"https:\/\/www.jootjeshaakcadeautjes.nl\/product\/siliconen-bijtfiguur-kerstman\/\">Jouet de dentition assorti disponible.<\/a><\/p>\n","protected":false},"featured_media":78381,"template":"","meta":[],"product_brand":[],"product_cat":[7378,7497,6992,7398,7491,17986,18013],"product_tag":[7533,7424,7500,7542,7526,7516,7552,7561,12686,12484,7395,12601,7415,7212,7408,10319],"class_list":{"0":"post-133980","1":"product","2":"type-product","3":"status-publish","4":"has-post-thumbnail","6":"product_cat-fabrication-de-jouets-de-dentition-pour-bebe-cordon-de-sucette-et-anneaux-de-dentition","7":"product_cat-perles-en-silicone-fetes-et-saisons","8":"product_cat-perles-en-silicone-sans-bpa-grossiste","9":"product_cat-perles-en-silicone-toutes-les-perles-de-luxe-multicolores","10":"product_cat-perles-en-silicone-et-anneau-de-dentition-noel-halloween-et-plus-encore","11":"product_cat-siliconen-kralen-kerstmis-fr","12":"product_cat-siliconen-kralen-kerst-fr","13":"product_tag-blanc","14":"product_tag-bpa-fr","15":"product_tag-enfant","16":"product_tag-joyeux","17":"product_tag-lumiere","18":"product_tag-noel","19":"product_tag-noel-fr","20":"product_tag-ouvert","21":"product_tag-pere-noel-fr","22":"product_tag-pere-noel","23":"product_tag-perle","24":"product_tag-poupee-fr","25":"product_tag-sans-bpa","26":"product_tag-silicone-fr","27":"product_tag-sur","28":"product_tag-vert","30":"first","31":"instock","32":"taxable","33":"shipping-taxable","34":"purchasable","35":"product-type-simple"},"bundled_by":[],"bundle_stock_status":"instock","bundle_stock_quantity":null,"bundle_virtual":false,"bundle_layout":"","bundle_add_to_cart_form_location":"","bundle_editable_in_cart":false,"bundle_sold_individually_context":"","bundle_item_grouping":"","bundle_min_size":"","bundle_max_size":"","bundle_price":[],"bundled_items":[],"bundle_sell_ids":[],"yoast_head":"<!-- This site is optimized with the Yoast SEO Premium plugin v27.6 (Yoast SEO v27.6) - https:\/\/yoast.com\/product\/yoast-seo-premium-wordpress\/ -->\n<title>Perle en silicone - P\u00e8re No\u00ebl - Jootjes Haakcadeautjes% | Sans BPA | JH.nl<\/title>\n<meta name=\"description\" content=\"Perles en silicone sapin de No\u00ebl vert. Id\u00e9al pour les f\u00eates, le cordon de landau ou le cordon de t\u00e9tine, sans BPA, certifi\u00e9 CE et sans danger pour les enfants.\" \/>\n<meta name=\"robots\" content=\"index, follow, max-snippet:-1, max-image-preview:large, max-video-preview:-1\" \/>\n<link rel=\"canonical\" href=\"https:\/\/www.jootjeshaakcadeautjes.nl\/fr\/produit\/bonhomme-de-noel-en-perles-de-silicone\/\" \/>\n<meta property=\"og:locale\" content=\"fr_FR\" \/>\n<meta property=\"og:type\" content=\"article\" \/>\n<meta property=\"og:title\" content=\"Perle en silicone - P\u00e8re No\u00ebl\" \/>\n<meta property=\"og:description\" content=\"Perles en silicone sapin de No\u00ebl vert. Id\u00e9al pour les f\u00eates, le cordon de landau ou le cordon de t\u00e9tine, sans BPA, certifi\u00e9 CE et sans danger pour les enfants.\" \/>\n<meta property=\"og:url\" content=\"https:\/\/www.jootjeshaakcadeautjes.nl\/fr\/produit\/bonhomme-de-noel-en-perles-de-silicone\/\" \/>\n<meta property=\"og:site_name\" content=\"Jootjes Haakcadeautjes\" \/>\n<meta property=\"article:modified_time\" content=\"2025-03-11T15:19:49+00:00\" \/>\n<meta property=\"og:image\" content=\"https:\/\/www.jootjeshaakcadeautjes.nl\/wp-content\/uploads\/2021\/11\/20211128_113516-scaled.jpg\" \/>\n\t<meta property=\"og:image:width\" content=\"2048\" \/>\n\t<meta property=\"og:image:height\" content=\"2048\" \/>\n\t<meta property=\"og:image:type\" content=\"image\/jpeg\" \/>\n<meta name=\"twitter:card\" content=\"summary_large_image\" \/>\n<meta name=\"twitter:label1\" content=\"Prix\" \/>\n\t<meta name=\"twitter:data1\" content=\"&euro;0.85 TTC\" \/>\n\t<meta name=\"twitter:label2\" content=\"Disponibilit\u00e9\" \/>\n\t<meta name=\"twitter:data2\" content=\"En stock\" \/>\n<script type=\"application\/ld+json\" class=\"yoast-schema-graph\">{\"@context\":\"https:\\\/\\\/schema.org\",\"@graph\":[{\"@type\":\"WebPage\",\"@id\":\"https:\\\/\\\/www.jootjeshaakcadeautjes.nl\\\/fr\\\/produit\\\/bonhomme-de-noel-en-perles-de-silicone\\\/\",\"url\":\"https:\\\/\\\/www.jootjeshaakcadeautjes.nl\\\/fr\\\/produit\\\/bonhomme-de-noel-en-perles-de-silicone\\\/\",\"name\":\"Perle en silicone - P\u00e8re No\u00ebl - Jootjes Haakcadeautjes% | Sans BPA | JH.nl\",\"isPartOf\":{\"@id\":\"https:\\\/\\\/www.jootjeshaakcadeautjes.nl\\\/fr\\\/#website\"},\"primaryImageOfPage\":{\"@id\":\"https:\\\/\\\/www.jootjeshaakcadeautjes.nl\\\/fr\\\/produit\\\/bonhomme-de-noel-en-perles-de-silicone\\\/#primaryimage\"},\"image\":{\"@id\":\"https:\\\/\\\/www.jootjeshaakcadeautjes.nl\\\/fr\\\/produit\\\/bonhomme-de-noel-en-perles-de-silicone\\\/#primaryimage\"},\"thumbnailUrl\":\"https:\\\/\\\/d1dyryakdmle7o.cloudfront.net\\\/wp-content\\\/uploads\\\/2021\\\/11\\\/20211128_113516-scaled.jpg\",\"datePublished\":\"2021-12-05T23:59:14+00:00\",\"dateModified\":\"2025-03-11T15:19:49+00:00\",\"description\":\"Perles en silicone sapin de No\u00ebl vert. Id\u00e9al pour les f\u00eates, le cordon de landau ou le cordon de t\u00e9tine, sans BPA, certifi\u00e9 CE et sans danger pour les enfants.\",\"breadcrumb\":{\"@id\":\"https:\\\/\\\/www.jootjeshaakcadeautjes.nl\\\/fr\\\/produit\\\/bonhomme-de-noel-en-perles-de-silicone\\\/#breadcrumb\"},\"inLanguage\":\"fr-FR\",\"potentialAction\":[{\"@type\":\"ReadAction\",\"target\":[\"https:\\\/\\\/www.jootjeshaakcadeautjes.nl\\\/fr\\\/produit\\\/bonhomme-de-noel-en-perles-de-silicone\\\/\"]}]},{\"@type\":\"ImageObject\",\"inLanguage\":\"fr-FR\",\"@id\":\"https:\\\/\\\/www.jootjeshaakcadeautjes.nl\\\/fr\\\/produit\\\/bonhomme-de-noel-en-perles-de-silicone\\\/#primaryimage\",\"url\":\"https:\\\/\\\/d1dyryakdmle7o.cloudfront.net\\\/wp-content\\\/uploads\\\/2021\\\/11\\\/20211128_113516-scaled.jpg\",\"contentUrl\":\"https:\\\/\\\/d1dyryakdmle7o.cloudfront.net\\\/wp-content\\\/uploads\\\/2021\\\/11\\\/20211128_113516-scaled.jpg\",\"width\":2048,\"height\":2048,\"caption\":\"Perles de silicone P\u00e8re No\u00ebl en gros bpa free santa\"},{\"@type\":\"BreadcrumbList\",\"@id\":\"https:\\\/\\\/www.jootjeshaakcadeautjes.nl\\\/fr\\\/produit\\\/bonhomme-de-noel-en-perles-de-silicone\\\/#breadcrumb\",\"itemListElement\":[{\"@type\":\"ListItem\",\"position\":1,\"name\":\"Accueil\",\"item\":\"https:\\\/\\\/www.jootjeshaakcadeautjes.nl\\\/fr\\\/\"},{\"@type\":\"ListItem\",\"position\":2,\"name\":\"Commerce de gros de perles en silicone &#8211; Entreprises et consommateurs\",\"item\":\"https:\\\/\\\/www.jootjeshaakcadeautjes.nl\\\/fr\\\/boutique\\\/\"},{\"@type\":\"ListItem\",\"position\":3,\"name\":\"Perle en silicone &#8211; P\u00e8re No\u00ebl\"}]},{\"@type\":\"WebSite\",\"@id\":\"https:\\\/\\\/www.jootjeshaakcadeautjes.nl\\\/fr\\\/#website\",\"url\":\"https:\\\/\\\/www.jootjeshaakcadeautjes.nl\\\/fr\\\/\",\"name\":\"Jootjes Haakcadeautjes\",\"description\":\"Grossiste en perles de silicone\",\"publisher\":{\"@id\":\"https:\\\/\\\/www.jootjeshaakcadeautjes.nl\\\/fr\\\/#organization\"},\"potentialAction\":[{\"@type\":\"SearchAction\",\"target\":{\"@type\":\"EntryPoint\",\"urlTemplate\":\"https:\\\/\\\/www.jootjeshaakcadeautjes.nl\\\/fr\\\/?s={search_term_string}\"},\"query-input\":{\"@type\":\"PropertyValueSpecification\",\"valueRequired\":true,\"valueName\":\"search_term_string\"}}],\"inLanguage\":\"fr-FR\"},{\"@type\":\"Organization\",\"@id\":\"https:\\\/\\\/www.jootjeshaakcadeautjes.nl\\\/fr\\\/#organization\",\"name\":\"Jootjes Haakcadeautjes\",\"url\":\"https:\\\/\\\/www.jootjeshaakcadeautjes.nl\\\/fr\\\/\",\"logo\":{\"@type\":\"ImageObject\",\"inLanguage\":\"fr-FR\",\"@id\":\"https:\\\/\\\/www.jootjeshaakcadeautjes.nl\\\/fr\\\/#\\\/schema\\\/logo\\\/image\\\/\",\"url\":\"https:\\\/\\\/d1dyryakdmle7o.cloudfront.net\\\/wp-content\\\/uploads\\\/2023\\\/05\\\/Logo-rond.png\",\"contentUrl\":\"https:\\\/\\\/d1dyryakdmle7o.cloudfront.net\\\/wp-content\\\/uploads\\\/2023\\\/05\\\/Logo-rond.png\",\"width\":1222,\"height\":1222,\"caption\":\"Jootjes Haakcadeautjes\"},\"image\":{\"@id\":\"https:\\\/\\\/www.jootjeshaakcadeautjes.nl\\\/fr\\\/#\\\/schema\\\/logo\\\/image\\\/\"}}]}<\/script>\n<meta property=\"product:price:amount\" content=\"0.85\" \/>\n<meta property=\"product:price:currency\" content=\"EUR\" \/>\n<meta property=\"og:availability\" content=\"instock\" \/>\n<meta property=\"product:availability\" content=\"instock\" \/>\n<meta property=\"product:retailer_item_id\" content=\"SKR-KERSTMAN\" \/>\n<meta property=\"product:condition\" content=\"new\" \/>\n<!-- \/ Yoast SEO Premium plugin. -->","yoast_head_json":{"title":"Perle en silicone - P\u00e8re No\u00ebl - Jootjes Haakcadeautjes% | Sans BPA | JH.nl","description":"Perles en silicone sapin de No\u00ebl vert. Id\u00e9al pour les f\u00eates, le cordon de landau ou le cordon de t\u00e9tine, sans BPA, certifi\u00e9 CE et sans danger pour les enfants.","robots":{"index":"index","follow":"follow","max-snippet":"max-snippet:-1","max-image-preview":"max-image-preview:large","max-video-preview":"max-video-preview:-1"},"canonical":"https:\/\/www.jootjeshaakcadeautjes.nl\/fr\/produit\/bonhomme-de-noel-en-perles-de-silicone\/","og_locale":"fr_FR","og_type":"article","og_title":"Perle en silicone - P\u00e8re No\u00ebl","og_description":"Perles en silicone sapin de No\u00ebl vert. Id\u00e9al pour les f\u00eates, le cordon de landau ou le cordon de t\u00e9tine, sans BPA, certifi\u00e9 CE et sans danger pour les enfants.","og_url":"https:\/\/www.jootjeshaakcadeautjes.nl\/fr\/produit\/bonhomme-de-noel-en-perles-de-silicone\/","og_site_name":"Jootjes Haakcadeautjes","article_modified_time":"2025-03-11T15:19:49+00:00","og_image":[{"width":2048,"height":2048,"url":"https:\/\/www.jootjeshaakcadeautjes.nl\/wp-content\/uploads\/2021\/11\/20211128_113516-scaled.jpg","type":"image\/jpeg"}],"twitter_card":"summary_large_image","twitter_misc":{"Prix":"&euro;0.85 TTC","Disponibilit\u00e9":"En stock"},"schema":{"@context":"https:\/\/schema.org","@graph":[{"@type":"WebPage","@id":"https:\/\/www.jootjeshaakcadeautjes.nl\/fr\/produit\/bonhomme-de-noel-en-perles-de-silicone\/","url":"https:\/\/www.jootjeshaakcadeautjes.nl\/fr\/produit\/bonhomme-de-noel-en-perles-de-silicone\/","name":"Perle en silicone - P\u00e8re No\u00ebl - Jootjes Haakcadeautjes% | Sans BPA | JH.nl","isPartOf":{"@id":"https:\/\/www.jootjeshaakcadeautjes.nl\/fr\/#website"},"primaryImageOfPage":{"@id":"https:\/\/www.jootjeshaakcadeautjes.nl\/fr\/produit\/bonhomme-de-noel-en-perles-de-silicone\/#primaryimage"},"image":{"@id":"https:\/\/www.jootjeshaakcadeautjes.nl\/fr\/produit\/bonhomme-de-noel-en-perles-de-silicone\/#primaryimage"},"thumbnailUrl":"https:\/\/d1dyryakdmle7o.cloudfront.net\/wp-content\/uploads\/2021\/11\/20211128_113516-scaled.jpg","datePublished":"2021-12-05T23:59:14+00:00","dateModified":"2025-03-11T15:19:49+00:00","description":"Perles en silicone sapin de No\u00ebl vert. Id\u00e9al pour les f\u00eates, le cordon de landau ou le cordon de t\u00e9tine, sans BPA, certifi\u00e9 CE et sans danger pour les enfants.","breadcrumb":{"@id":"https:\/\/www.jootjeshaakcadeautjes.nl\/fr\/produit\/bonhomme-de-noel-en-perles-de-silicone\/#breadcrumb"},"inLanguage":"fr-FR","potentialAction":[{"@type":"ReadAction","target":["https:\/\/www.jootjeshaakcadeautjes.nl\/fr\/produit\/bonhomme-de-noel-en-perles-de-silicone\/"]}]},{"@type":"ImageObject","inLanguage":"fr-FR","@id":"https:\/\/www.jootjeshaakcadeautjes.nl\/fr\/produit\/bonhomme-de-noel-en-perles-de-silicone\/#primaryimage","url":"https:\/\/d1dyryakdmle7o.cloudfront.net\/wp-content\/uploads\/2021\/11\/20211128_113516-scaled.jpg","contentUrl":"https:\/\/d1dyryakdmle7o.cloudfront.net\/wp-content\/uploads\/2021\/11\/20211128_113516-scaled.jpg","width":2048,"height":2048,"caption":"Perles de silicone P\u00e8re No\u00ebl en gros bpa free santa"},{"@type":"BreadcrumbList","@id":"https:\/\/www.jootjeshaakcadeautjes.nl\/fr\/produit\/bonhomme-de-noel-en-perles-de-silicone\/#breadcrumb","itemListElement":[{"@type":"ListItem","position":1,"name":"Accueil","item":"https:\/\/www.jootjeshaakcadeautjes.nl\/fr\/"},{"@type":"ListItem","position":2,"name":"Commerce de gros de perles en silicone &#8211; Entreprises et consommateurs","item":"https:\/\/www.jootjeshaakcadeautjes.nl\/fr\/boutique\/"},{"@type":"ListItem","position":3,"name":"Perle en silicone &#8211; P\u00e8re No\u00ebl"}]},{"@type":"WebSite","@id":"https:\/\/www.jootjeshaakcadeautjes.nl\/fr\/#website","url":"https:\/\/www.jootjeshaakcadeautjes.nl\/fr\/","name":"Jootjes Haakcadeautjes","description":"Grossiste en perles de silicone","publisher":{"@id":"https:\/\/www.jootjeshaakcadeautjes.nl\/fr\/#organization"},"potentialAction":[{"@type":"SearchAction","target":{"@type":"EntryPoint","urlTemplate":"https:\/\/www.jootjeshaakcadeautjes.nl\/fr\/?s={search_term_string}"},"query-input":{"@type":"PropertyValueSpecification","valueRequired":true,"valueName":"search_term_string"}}],"inLanguage":"fr-FR"},{"@type":"Organization","@id":"https:\/\/www.jootjeshaakcadeautjes.nl\/fr\/#organization","name":"Jootjes Haakcadeautjes","url":"https:\/\/www.jootjeshaakcadeautjes.nl\/fr\/","logo":{"@type":"ImageObject","inLanguage":"fr-FR","@id":"https:\/\/www.jootjeshaakcadeautjes.nl\/fr\/#\/schema\/logo\/image\/","url":"https:\/\/d1dyryakdmle7o.cloudfront.net\/wp-content\/uploads\/2023\/05\/Logo-rond.png","contentUrl":"https:\/\/d1dyryakdmle7o.cloudfront.net\/wp-content\/uploads\/2023\/05\/Logo-rond.png","width":1222,"height":1222,"caption":"Jootjes Haakcadeautjes"},"image":{"@id":"https:\/\/www.jootjeshaakcadeautjes.nl\/fr\/#\/schema\/logo\/image\/"}}]},"product_price_amount":"0.85","product_price_currency":"EUR","og_availability":"instock","product_availability":"instock","product_retailer_item_id":"SKR-KERSTMAN","product_condition":"new"},"_links":{"self":[{"href":"https:\/\/www.jootjeshaakcadeautjes.nl\/fr\/wp-json\/wp\/v2\/product\/133980","targetHints":{"allow":["GET"]}}],"collection":[{"href":"https:\/\/www.jootjeshaakcadeautjes.nl\/fr\/wp-json\/wp\/v2\/product"}],"about":[{"href":"https:\/\/www.jootjeshaakcadeautjes.nl\/fr\/wp-json\/wp\/v2\/types\/product"}],"version-history":[{"count":0,"href":"https:\/\/www.jootjeshaakcadeautjes.nl\/fr\/wp-json\/wp\/v2\/product\/133980\/revisions"}],"wp:featuredmedia":[{"embeddable":true,"href":"https:\/\/www.jootjeshaakcadeautjes.nl\/fr\/wp-json\/wp\/v2\/media\/78381"}],"wp:attachment":[{"href":"https:\/\/www.jootjeshaakcadeautjes.nl\/fr\/wp-json\/wp\/v2\/media?parent=133980"}],"wp:term":[{"taxonomy":"product_brand","embeddable":true,"href":"https:\/\/www.jootjeshaakcadeautjes.nl\/fr\/wp-json\/wp\/v2\/product_brand?post=133980"},{"taxonomy":"product_cat","embeddable":true,"href":"https:\/\/www.jootjeshaakcadeautjes.nl\/fr\/wp-json\/wp\/v2\/product_cat?post=133980"},{"taxonomy":"product_tag","embeddable":true,"href":"https:\/\/www.jootjeshaakcadeautjes.nl\/fr\/wp-json\/wp\/v2\/product_tag?post=133980"}],"curies":[{"name":"wp","href":"https:\/\/api.w.org\/{rel}","templated":true}]}}