{"id":133995,"date":"2021-12-24T11:26:07","date_gmt":"2021-12-24T09:26:07","guid":{"rendered":"https:\/\/www.jootjeshaakcadeautjes.nl\/product\/silicone-ring-donut-43-mm-brick-rouge\/"},"modified":"2025-03-31T12:55:15","modified_gmt":"2025-03-31T11:55:15","slug":"silicone-ring-donut-43-mm-brick-rouge","status":"publish","type":"product","link":"https:\/\/www.jootjeshaakcadeautjes.nl\/fr\/produit\/silicone-ring-donut-43-mm-brick-rouge\/","title":{"rendered":"Anneau\/Donut en silicone &#8211; 43 mm &#8211; Rouge brique"},"content":{"rendered":"<h2>Anneau\/Donut en silicone &#8211; 43 mm &#8211; Rouge brique<\/h2>\n<p>Couleur : rouge brique<br \/>\nMat\u00e9riau : 100% silicone sans danger pour les b\u00e9b\u00e9s<br \/>\nTaille : 43 mm<br \/>\nCertifi\u00e9 : Certifi\u00e9 CE et silicone chimiquement s\u00fbr test\u00e9 conform\u00e9ment \u00e0 la norme EN-71. Sans BPA, sans phtalates, sans PVC et sans autres produits chimiques nocifs, conform\u00e9ment \u00e0 la norme EN-71.<\/p>\n<h3>Utilisation :<\/h3>\n<p>Mignon anneau\/donut en silicone \u00e0 utiliser pour les cha\u00eenes de t\u00e9tine, les cha\u00eenes de landau, les anneaux de dentition et autres. Utilis\u00e9 couramment sur un anneau de dentition avec, par exemple, un anneau en bois ou une figurine de dentition.<\/p>\n","protected":false},"excerpt":{"rendered":"<p>Couleur : rouge brique<br \/>\nMat\u00e9riau : 100% silicone sans danger pour les b\u00e9b\u00e9s<br \/>\nTaille : 43 mm<br \/>\nCertifi\u00e9 : Certifi\u00e9 CE et silicone chimiquement s\u00fbr test\u00e9 conform\u00e9ment \u00e0 la norme EN-71.<br \/>\nSans BPA, sans phtalates, sans PVC et sans autres produits chimiques nocifs, conform\u00e9ment \u00e0 la norme EN-71.<\/p>\n","protected":false},"featured_media":78174,"template":"","meta":[],"product_brand":[],"product_cat":[12293,13118,7378],"product_tag":[13122,13119,12298,7384,13120,13058,7455,7418,7392,10290,10407,7415,10025,10007,7212],"class_list":{"0":"post-133995","1":"product","2":"type-product","3":"status-publish","4":"has-post-thumbnail","6":"product_cat-anneaux-de-dentition-bebe-silicone-et-bois","7":"product_cat-anneaux-en-silicone-43-mm","8":"product_cat-fabrication-de-jouets-de-dentition-pour-bebe-cordon-de-sucette-et-anneaux-de-dentition","9":"product_tag-43-fr","10":"product_tag-43mm-fr","11":"product_tag-anneau","12":"product_tag-anneau-de-dentition","13":"product_tag-beignet","14":"product_tag-brique","15":"product_tag-chaine-de-landau","16":"product_tag-faux-cordon","17":"product_tag-mm-fr","18":"product_tag-protection-des-enfants","19":"product_tag-rouge","20":"product_tag-sans-bpa","21":"product_tag-sans-phtalates","22":"product_tag-sans-pvc","23":"product_tag-silicone-fr","25":"first","26":"outofstock","27":"taxable","28":"shipping-taxable","29":"purchasable","30":"product-type-simple"},"bundled_by":[],"bundle_stock_status":"outofstock","bundle_stock_quantity":0,"bundle_virtual":false,"bundle_layout":"","bundle_add_to_cart_form_location":"","bundle_editable_in_cart":false,"bundle_sold_individually_context":"","bundle_item_grouping":"","bundle_min_size":"","bundle_max_size":"","bundle_price":[],"bundled_items":[],"bundle_sell_ids":[],"yoast_head":"<!-- This site is optimized with the Yoast SEO Premium plugin v27.6 (Yoast SEO v27.6) - https:\/\/yoast.com\/product\/yoast-seo-premium-wordpress\/ -->\n<title>Anneau\/Donut en silicone - 43 mm - Rouge brique %sep%% Sans BPA Certificat CE<\/title>\n<meta name=\"description\" content=\"Anneau\/donut en silicone 43 mm couleur cuivre m\u00e9tallis\u00e9 pour anneaux de dentition, cordon de t\u00e9tine, sucettes etc. Sans BPA, \u00e0 l&#039;\u00e9preuve des enfants et certifi\u00e9 CE.\" \/>\n<meta name=\"robots\" content=\"index, follow, max-snippet:-1, max-image-preview:large, max-video-preview:-1\" \/>\n<link rel=\"canonical\" href=\"https:\/\/www.jootjeshaakcadeautjes.nl\/fr\/produit\/silicone-ring-donut-43-mm-brick-rouge\/\" \/>\n<meta property=\"og:locale\" content=\"fr_FR\" \/>\n<meta property=\"og:type\" content=\"article\" \/>\n<meta property=\"og:title\" content=\"Anneau\/Donut en silicone - 43 mm - Rouge brique\" \/>\n<meta property=\"og:description\" content=\"Anneau\/donut en silicone 43 mm couleur cuivre m\u00e9tallis\u00e9 pour anneaux de dentition, cordon de t\u00e9tine, sucettes etc. Sans BPA, \u00e0 l&#039;\u00e9preuve des enfants et certifi\u00e9 CE.\" \/>\n<meta property=\"og:url\" content=\"https:\/\/www.jootjeshaakcadeautjes.nl\/fr\/produit\/silicone-ring-donut-43-mm-brick-rouge\/\" \/>\n<meta property=\"og:site_name\" content=\"Jootjes Haakcadeautjes\" \/>\n<meta property=\"article:modified_time\" content=\"2025-03-31T11:55:15+00:00\" \/>\n<meta property=\"og:image\" content=\"https:\/\/www.jootjeshaakcadeautjes.nl\/wp-content\/uploads\/2021\/11\/20211003_002707.jpg\" \/>\n\t<meta property=\"og:image:width\" content=\"1832\" \/>\n\t<meta property=\"og:image:height\" content=\"1832\" \/>\n\t<meta property=\"og:image:type\" content=\"image\/jpeg\" \/>\n<meta name=\"twitter:card\" content=\"summary_large_image\" \/>\n<meta name=\"twitter:label1\" content=\"Prix\" \/>\n\t<meta name=\"twitter:data1\" content=\"&euro;0.95 TTC\" \/>\n\t<meta name=\"twitter:label2\" content=\"Disponibilit\u00e9\" \/>\n\t<meta name=\"twitter:data2\" content=\"Rupture de stock\" \/>\n<script type=\"application\/ld+json\" class=\"yoast-schema-graph\">{\"@context\":\"https:\\\/\\\/schema.org\",\"@graph\":[{\"@type\":\"WebPage\",\"@id\":\"https:\\\/\\\/www.jootjeshaakcadeautjes.nl\\\/fr\\\/produit\\\/silicone-ring-donut-43-mm-brick-rouge\\\/\",\"url\":\"https:\\\/\\\/www.jootjeshaakcadeautjes.nl\\\/fr\\\/produit\\\/silicone-ring-donut-43-mm-brick-rouge\\\/\",\"name\":\"Anneau\\\/Donut en silicone - 43 mm - Rouge brique %sep%% Sans BPA Certificat CE\",\"isPartOf\":{\"@id\":\"https:\\\/\\\/www.jootjeshaakcadeautjes.nl\\\/fr\\\/#website\"},\"primaryImageOfPage\":{\"@id\":\"https:\\\/\\\/www.jootjeshaakcadeautjes.nl\\\/fr\\\/produit\\\/silicone-ring-donut-43-mm-brick-rouge\\\/#primaryimage\"},\"image\":{\"@id\":\"https:\\\/\\\/www.jootjeshaakcadeautjes.nl\\\/fr\\\/produit\\\/silicone-ring-donut-43-mm-brick-rouge\\\/#primaryimage\"},\"thumbnailUrl\":\"https:\\\/\\\/d1dyryakdmle7o.cloudfront.net\\\/wp-content\\\/uploads\\\/2021\\\/11\\\/20211003_002707.jpg\",\"datePublished\":\"2021-12-24T09:26:07+00:00\",\"dateModified\":\"2025-03-31T11:55:15+00:00\",\"description\":\"Anneau\\\/donut en silicone 43 mm couleur cuivre m\u00e9tallis\u00e9 pour anneaux de dentition, cordon de t\u00e9tine, sucettes etc. Sans BPA, \u00e0 l'\u00e9preuve des enfants et certifi\u00e9 CE.\",\"breadcrumb\":{\"@id\":\"https:\\\/\\\/www.jootjeshaakcadeautjes.nl\\\/fr\\\/produit\\\/silicone-ring-donut-43-mm-brick-rouge\\\/#breadcrumb\"},\"inLanguage\":\"fr-FR\",\"potentialAction\":[{\"@type\":\"ReadAction\",\"target\":[\"https:\\\/\\\/www.jootjeshaakcadeautjes.nl\\\/fr\\\/produit\\\/silicone-ring-donut-43-mm-brick-rouge\\\/\"]}]},{\"@type\":\"ImageObject\",\"inLanguage\":\"fr-FR\",\"@id\":\"https:\\\/\\\/www.jootjeshaakcadeautjes.nl\\\/fr\\\/produit\\\/silicone-ring-donut-43-mm-brick-rouge\\\/#primaryimage\",\"url\":\"https:\\\/\\\/d1dyryakdmle7o.cloudfront.net\\\/wp-content\\\/uploads\\\/2021\\\/11\\\/20211003_002707.jpg\",\"contentUrl\":\"https:\\\/\\\/d1dyryakdmle7o.cloudfront.net\\\/wp-content\\\/uploads\\\/2021\\\/11\\\/20211003_002707.jpg\",\"width\":1832,\"height\":1832,\"caption\":\"Bague en silicone 43 mm Henn\u00e9 ? Sans BPA\"},{\"@type\":\"BreadcrumbList\",\"@id\":\"https:\\\/\\\/www.jootjeshaakcadeautjes.nl\\\/fr\\\/produit\\\/silicone-ring-donut-43-mm-brick-rouge\\\/#breadcrumb\",\"itemListElement\":[{\"@type\":\"ListItem\",\"position\":1,\"name\":\"Accueil\",\"item\":\"https:\\\/\\\/www.jootjeshaakcadeautjes.nl\\\/fr\\\/\"},{\"@type\":\"ListItem\",\"position\":2,\"name\":\"Commerce de gros de perles en silicone &#8211; Entreprises et consommateurs\",\"item\":\"https:\\\/\\\/www.jootjeshaakcadeautjes.nl\\\/fr\\\/boutique\\\/\"},{\"@type\":\"ListItem\",\"position\":3,\"name\":\"Anneau\\\/Donut en silicone &#8211; 43 mm &#8211; Rouge brique\"}]},{\"@type\":\"WebSite\",\"@id\":\"https:\\\/\\\/www.jootjeshaakcadeautjes.nl\\\/fr\\\/#website\",\"url\":\"https:\\\/\\\/www.jootjeshaakcadeautjes.nl\\\/fr\\\/\",\"name\":\"Jootjes Haakcadeautjes\",\"description\":\"Grossiste en perles de silicone\",\"publisher\":{\"@id\":\"https:\\\/\\\/www.jootjeshaakcadeautjes.nl\\\/fr\\\/#organization\"},\"potentialAction\":[{\"@type\":\"SearchAction\",\"target\":{\"@type\":\"EntryPoint\",\"urlTemplate\":\"https:\\\/\\\/www.jootjeshaakcadeautjes.nl\\\/fr\\\/?s={search_term_string}\"},\"query-input\":{\"@type\":\"PropertyValueSpecification\",\"valueRequired\":true,\"valueName\":\"search_term_string\"}}],\"inLanguage\":\"fr-FR\"},{\"@type\":\"Organization\",\"@id\":\"https:\\\/\\\/www.jootjeshaakcadeautjes.nl\\\/fr\\\/#organization\",\"name\":\"Jootjes Haakcadeautjes\",\"url\":\"https:\\\/\\\/www.jootjeshaakcadeautjes.nl\\\/fr\\\/\",\"logo\":{\"@type\":\"ImageObject\",\"inLanguage\":\"fr-FR\",\"@id\":\"https:\\\/\\\/www.jootjeshaakcadeautjes.nl\\\/fr\\\/#\\\/schema\\\/logo\\\/image\\\/\",\"url\":\"https:\\\/\\\/d1dyryakdmle7o.cloudfront.net\\\/wp-content\\\/uploads\\\/2023\\\/05\\\/Logo-rond.png\",\"contentUrl\":\"https:\\\/\\\/d1dyryakdmle7o.cloudfront.net\\\/wp-content\\\/uploads\\\/2023\\\/05\\\/Logo-rond.png\",\"width\":1222,\"height\":1222,\"caption\":\"Jootjes Haakcadeautjes\"},\"image\":{\"@id\":\"https:\\\/\\\/www.jootjeshaakcadeautjes.nl\\\/fr\\\/#\\\/schema\\\/logo\\\/image\\\/\"}}]}<\/script>\n<meta property=\"product:price:amount\" content=\"0.95\" \/>\n<meta property=\"product:price:currency\" content=\"EUR\" \/>\n<meta property=\"og:availability\" content=\"out of stock\" \/>\n<meta property=\"product:availability\" content=\"out of stock\" \/>\n<meta property=\"product:retailer_item_id\" content=\"RGN-DNT-TCT\" \/>\n<meta property=\"product:condition\" content=\"new\" \/>\n<!-- \/ Yoast SEO Premium plugin. -->","yoast_head_json":{"title":"Anneau\/Donut en silicone - 43 mm - Rouge brique %sep%% Sans BPA Certificat CE","description":"Anneau\/donut en silicone 43 mm couleur cuivre m\u00e9tallis\u00e9 pour anneaux de dentition, cordon de t\u00e9tine, sucettes etc. Sans BPA, \u00e0 l'\u00e9preuve des enfants et certifi\u00e9 CE.","robots":{"index":"index","follow":"follow","max-snippet":"max-snippet:-1","max-image-preview":"max-image-preview:large","max-video-preview":"max-video-preview:-1"},"canonical":"https:\/\/www.jootjeshaakcadeautjes.nl\/fr\/produit\/silicone-ring-donut-43-mm-brick-rouge\/","og_locale":"fr_FR","og_type":"article","og_title":"Anneau\/Donut en silicone - 43 mm - Rouge brique","og_description":"Anneau\/donut en silicone 43 mm couleur cuivre m\u00e9tallis\u00e9 pour anneaux de dentition, cordon de t\u00e9tine, sucettes etc. Sans BPA, \u00e0 l'\u00e9preuve des enfants et certifi\u00e9 CE.","og_url":"https:\/\/www.jootjeshaakcadeautjes.nl\/fr\/produit\/silicone-ring-donut-43-mm-brick-rouge\/","og_site_name":"Jootjes Haakcadeautjes","article_modified_time":"2025-03-31T11:55:15+00:00","og_image":[{"width":1832,"height":1832,"url":"https:\/\/www.jootjeshaakcadeautjes.nl\/wp-content\/uploads\/2021\/11\/20211003_002707.jpg","type":"image\/jpeg"}],"twitter_card":"summary_large_image","twitter_misc":{"Prix":"&euro;0.95 TTC","Disponibilit\u00e9":"Rupture de stock"},"schema":{"@context":"https:\/\/schema.org","@graph":[{"@type":"WebPage","@id":"https:\/\/www.jootjeshaakcadeautjes.nl\/fr\/produit\/silicone-ring-donut-43-mm-brick-rouge\/","url":"https:\/\/www.jootjeshaakcadeautjes.nl\/fr\/produit\/silicone-ring-donut-43-mm-brick-rouge\/","name":"Anneau\/Donut en silicone - 43 mm - Rouge brique %sep%% Sans BPA Certificat CE","isPartOf":{"@id":"https:\/\/www.jootjeshaakcadeautjes.nl\/fr\/#website"},"primaryImageOfPage":{"@id":"https:\/\/www.jootjeshaakcadeautjes.nl\/fr\/produit\/silicone-ring-donut-43-mm-brick-rouge\/#primaryimage"},"image":{"@id":"https:\/\/www.jootjeshaakcadeautjes.nl\/fr\/produit\/silicone-ring-donut-43-mm-brick-rouge\/#primaryimage"},"thumbnailUrl":"https:\/\/d1dyryakdmle7o.cloudfront.net\/wp-content\/uploads\/2021\/11\/20211003_002707.jpg","datePublished":"2021-12-24T09:26:07+00:00","dateModified":"2025-03-31T11:55:15+00:00","description":"Anneau\/donut en silicone 43 mm couleur cuivre m\u00e9tallis\u00e9 pour anneaux de dentition, cordon de t\u00e9tine, sucettes etc. Sans BPA, \u00e0 l'\u00e9preuve des enfants et certifi\u00e9 CE.","breadcrumb":{"@id":"https:\/\/www.jootjeshaakcadeautjes.nl\/fr\/produit\/silicone-ring-donut-43-mm-brick-rouge\/#breadcrumb"},"inLanguage":"fr-FR","potentialAction":[{"@type":"ReadAction","target":["https:\/\/www.jootjeshaakcadeautjes.nl\/fr\/produit\/silicone-ring-donut-43-mm-brick-rouge\/"]}]},{"@type":"ImageObject","inLanguage":"fr-FR","@id":"https:\/\/www.jootjeshaakcadeautjes.nl\/fr\/produit\/silicone-ring-donut-43-mm-brick-rouge\/#primaryimage","url":"https:\/\/d1dyryakdmle7o.cloudfront.net\/wp-content\/uploads\/2021\/11\/20211003_002707.jpg","contentUrl":"https:\/\/d1dyryakdmle7o.cloudfront.net\/wp-content\/uploads\/2021\/11\/20211003_002707.jpg","width":1832,"height":1832,"caption":"Bague en silicone 43 mm Henn\u00e9 ? Sans BPA"},{"@type":"BreadcrumbList","@id":"https:\/\/www.jootjeshaakcadeautjes.nl\/fr\/produit\/silicone-ring-donut-43-mm-brick-rouge\/#breadcrumb","itemListElement":[{"@type":"ListItem","position":1,"name":"Accueil","item":"https:\/\/www.jootjeshaakcadeautjes.nl\/fr\/"},{"@type":"ListItem","position":2,"name":"Commerce de gros de perles en silicone &#8211; Entreprises et consommateurs","item":"https:\/\/www.jootjeshaakcadeautjes.nl\/fr\/boutique\/"},{"@type":"ListItem","position":3,"name":"Anneau\/Donut en silicone &#8211; 43 mm &#8211; Rouge brique"}]},{"@type":"WebSite","@id":"https:\/\/www.jootjeshaakcadeautjes.nl\/fr\/#website","url":"https:\/\/www.jootjeshaakcadeautjes.nl\/fr\/","name":"Jootjes Haakcadeautjes","description":"Grossiste en perles de silicone","publisher":{"@id":"https:\/\/www.jootjeshaakcadeautjes.nl\/fr\/#organization"},"potentialAction":[{"@type":"SearchAction","target":{"@type":"EntryPoint","urlTemplate":"https:\/\/www.jootjeshaakcadeautjes.nl\/fr\/?s={search_term_string}"},"query-input":{"@type":"PropertyValueSpecification","valueRequired":true,"valueName":"search_term_string"}}],"inLanguage":"fr-FR"},{"@type":"Organization","@id":"https:\/\/www.jootjeshaakcadeautjes.nl\/fr\/#organization","name":"Jootjes Haakcadeautjes","url":"https:\/\/www.jootjeshaakcadeautjes.nl\/fr\/","logo":{"@type":"ImageObject","inLanguage":"fr-FR","@id":"https:\/\/www.jootjeshaakcadeautjes.nl\/fr\/#\/schema\/logo\/image\/","url":"https:\/\/d1dyryakdmle7o.cloudfront.net\/wp-content\/uploads\/2023\/05\/Logo-rond.png","contentUrl":"https:\/\/d1dyryakdmle7o.cloudfront.net\/wp-content\/uploads\/2023\/05\/Logo-rond.png","width":1222,"height":1222,"caption":"Jootjes Haakcadeautjes"},"image":{"@id":"https:\/\/www.jootjeshaakcadeautjes.nl\/fr\/#\/schema\/logo\/image\/"}}]},"product_price_amount":"0.95","product_price_currency":"EUR","og_availability":"out of stock","product_availability":"out of stock","product_retailer_item_id":"RGN-DNT-TCT","product_condition":"new"},"_links":{"self":[{"href":"https:\/\/www.jootjeshaakcadeautjes.nl\/fr\/wp-json\/wp\/v2\/product\/133995","targetHints":{"allow":["GET"]}}],"collection":[{"href":"https:\/\/www.jootjeshaakcadeautjes.nl\/fr\/wp-json\/wp\/v2\/product"}],"about":[{"href":"https:\/\/www.jootjeshaakcadeautjes.nl\/fr\/wp-json\/wp\/v2\/types\/product"}],"version-history":[{"count":0,"href":"https:\/\/www.jootjeshaakcadeautjes.nl\/fr\/wp-json\/wp\/v2\/product\/133995\/revisions"}],"wp:featuredmedia":[{"embeddable":true,"href":"https:\/\/www.jootjeshaakcadeautjes.nl\/fr\/wp-json\/wp\/v2\/media\/78174"}],"wp:attachment":[{"href":"https:\/\/www.jootjeshaakcadeautjes.nl\/fr\/wp-json\/wp\/v2\/media?parent=133995"}],"wp:term":[{"taxonomy":"product_brand","embeddable":true,"href":"https:\/\/www.jootjeshaakcadeautjes.nl\/fr\/wp-json\/wp\/v2\/product_brand?post=133995"},{"taxonomy":"product_cat","embeddable":true,"href":"https:\/\/www.jootjeshaakcadeautjes.nl\/fr\/wp-json\/wp\/v2\/product_cat?post=133995"},{"taxonomy":"product_tag","embeddable":true,"href":"https:\/\/www.jootjeshaakcadeautjes.nl\/fr\/wp-json\/wp\/v2\/product_tag?post=133995"}],"curies":[{"name":"wp","href":"https:\/\/api.w.org\/{rel}","templated":true}]}}