{"id":133998,"date":"2021-12-14T17:43:03","date_gmt":"2021-12-14T16:43:03","guid":{"rendered":"https:\/\/www.jootjeshaakcadeautjes.nl\/product\/perle-en-bois-gravee-coeur-hetre-16-mm\/"},"modified":"2025-07-17T14:26:20","modified_gmt":"2025-07-17T12:26:20","slug":"perle-en-bois-gravee-coeur-hetre-16-mm","status":"publish","type":"product","link":"https:\/\/www.jootjeshaakcadeautjes.nl\/fr\/produit\/perle-en-bois-gravee-coeur-hetre-16-mm\/","title":{"rendered":"Perle en bois &#8211; Grav\u00e9e &#8211; Coeur &#8211; Bois de h\u00eatre &#8211; 16 mm"},"content":{"rendered":"<p><strong>Perles en bois &#8211; bois de h\u00eatre &#8211; diam\u00e8tre 16 mm &#8211; avec c\u0153ur grav\u00e9.<br \/>\n<\/strong><br \/>\nFabriqu\u00e9 en bois brut (non laqu\u00e9, teint\u00e9 ou huil\u00e9). La finition est cependant extr\u00eamement douce.<br \/>\nLes perles en bois sont un produit naturel et peuvent donc pr\u00e9senter des variations minimes.<br \/>\nEn cas d&#8217;\u00e9carts importants, ils ne sont pas vendus mais jet\u00e9s.<\/p>\n<p>Il y a deux c\u0153urs sur chaque perle ! Ouverture de 4 mm de diam\u00e8tre.<\/p>\n<p>Id\u00e9al comme attache-t\u00e9tine, anneau de dentition ou collier d&#8217;allaitement.<\/p>\n<p>Ils sont utilis\u00e9s pour fabriquer des anneaux de dentition (\u00e9galement appel\u00e9s colliers d&#8217;allaitement).<br \/>\nUn anneau de dentition (voir l&#8217;exemple ci-dessous) se compose principalement de.. :<\/p>\n<ul>\n<li>2x un anneau de 5,6 cm<a href=\"https:\/\/www.jootjeshaakcadeautjes.nl\/product\/houten-ring-56-mm5-6-cm\/\" target=\"_blank\" rel=\"noopener noreferrer\">(5,6 cm<\/a>)<\/li>\n<li>6x une perle en bois de 16 mm<\/li>\n<li>6x une perle en bois crochet\u00e9e de 20 mm\/perle ordinaire\/perle en nid d&#8217;abeille\/perle en bois avec traitement au laser.<\/li>\n<\/ul>\n<p><a href=\"https:\/\/d1dyryakdmle7o.cloudfront.net\/wp-content\/uploads\/2016\/03\/wooden-font-b-teething-b-font-font-b-ring-b-font-Crochet-beads-rattle-Amigurumi-Baby.jpg\" rel=\"attachment wp-att-318\"><img decoding=\"async\" class=\"alignnone size-medium wp-image-318\" src=\"https:\/\/www.jootjeshaakcadeautjes.nl\/wp-content\/themes\/woodmart\/images\/lazy.svg\" data-src=\"https:\/\/d1dyryakdmle7o.cloudfront.net\/wp-content\/uploads\/2016\/03\/wooden-font-b-teething-b-font-font-b-ring-b-font-Crochet-beads-rattle-Amigurumi-Baby-300x300.jpg\" alt=\"bois-font-b-teething-b-font-b-ring-b-font-Crochet-beads-rattle-Amigurumi-B\u00e9b\u00e9\" width=\"300\" height=\"300\"><img decoding=\"async\" src=\"https:\/\/img0.etsystatic.com\/174\/0\/11299268\/il_340x270.1159826866_p1z8.jpg\" alt=\"Image result for honeycomb wood bead\"><\/a><\/p>\n","protected":false},"excerpt":{"rendered":"<p>Magnifiques perles en bois de h\u00eatre lisse de 16 mm de diam\u00e8tre avec c\u0153ur grav\u00e9.<\/p>\n<p>La perle pr\u00e9sente deux fois un c\u0153ur.<\/p>\n<p>L&#8217;ouverture a un diam\u00e8tre d&#8217;environ 4 mm.<\/p>\n<p>Tr\u00e8s belle finition, tr\u00e8s chic !<\/p>\n","protected":false},"featured_media":74583,"template":"","meta":[],"product_brand":[],"product_cat":[7378,6994,12308,10405,10408],"product_tag":[7665,9983,7384,10409,12653,12316,7455,12343,7197,7418,12313,10414,13639,7392,7395,7200],"class_list":{"0":"post-133998","1":"product","2":"type-product","3":"status-publish","4":"has-post-thumbnail","6":"product_cat-fabrication-de-jouets-de-dentition-pour-bebe-cordon-de-sucette-et-anneaux-de-dentition","7":"product_cat-gravure-au-laser-produits-cadeaux","8":"product_cat-materiel-de-bricolage-et-de-crochet","9":"product_cat-perles-en-bois-fil-de-sucette-et-anneau-de-dentition-toutes-les-perles-en-bois","10":"product_cat-perles-en-bois-gravees-pour-cordon-de-sucette-et-anneau-de-dentition","11":"product_tag-16-fr","12":"product_tag-16mm-fr","13":"product_tag-anneau-de-dentition","14":"product_tag-bois-fr","15":"product_tag-bois-de-hetre-fr","16":"product_tag-brut","17":"product_tag-chaine-de-landau","18":"product_tag-coeur-fr","19":"product_tag-en-bois","20":"product_tag-faux-cordon","21":"product_tag-gymnastique-pour-bebes","22":"product_tag-hetre","23":"product_tag-jouets-pour-bebes","24":"product_tag-mm-fr","25":"product_tag-perle","26":"product_tag-perles","28":"first","29":"instock","30":"taxable","31":"shipping-taxable","32":"purchasable","33":"product-type-simple"},"bundled_by":[],"bundle_stock_status":"instock","bundle_stock_quantity":282,"bundle_virtual":false,"bundle_layout":"","bundle_add_to_cart_form_location":"","bundle_editable_in_cart":false,"bundle_sold_individually_context":"","bundle_item_grouping":"","bundle_min_size":"","bundle_max_size":"","bundle_price":[],"bundled_items":[],"bundle_sell_ids":[],"yoast_head":"<!-- This site is optimized with the Yoast SEO Premium plugin v27.6 (Yoast SEO v27.6) - https:\/\/yoast.com\/product\/yoast-seo-premium-wordpress\/ -->\n<title>Perle en bois - Grav\u00e9e - Coeur - Bois de h\u00eatre - 16 mm - Jootjes Haakcadeautjes<\/title>\n<meta name=\"description\" content=\"Jolies perles en h\u00eatre lisse de 20 mm avec un c\u0153ur magnifiquement grav\u00e9 sur les deux faces. Pas de couche de laque, tr\u00e8s belle finition. Un produit au chic unique !\" \/>\n<meta name=\"robots\" content=\"index, follow, max-snippet:-1, max-image-preview:large, max-video-preview:-1\" \/>\n<link rel=\"canonical\" href=\"https:\/\/www.jootjeshaakcadeautjes.nl\/fr\/produit\/perle-en-bois-gravee-coeur-hetre-16-mm\/\" \/>\n<meta property=\"og:locale\" content=\"fr_FR\" \/>\n<meta property=\"og:type\" content=\"article\" \/>\n<meta property=\"og:title\" content=\"Perle en bois - Grav\u00e9e - Coeur - Bois de h\u00eatre - 16 mm\" \/>\n<meta property=\"og:description\" content=\"Jolies perles en h\u00eatre lisse de 20 mm avec un c\u0153ur magnifiquement grav\u00e9 sur les deux faces. Pas de couche de laque, tr\u00e8s belle finition. Un produit au chic unique !\" \/>\n<meta property=\"og:url\" content=\"https:\/\/www.jootjeshaakcadeautjes.nl\/fr\/produit\/perle-en-bois-gravee-coeur-hetre-16-mm\/\" \/>\n<meta property=\"og:site_name\" content=\"Jootjes Haakcadeautjes\" \/>\n<meta property=\"article:modified_time\" content=\"2025-07-17T12:26:20+00:00\" \/>\n<meta property=\"og:image\" content=\"https:\/\/www.jootjeshaakcadeautjes.nl\/wp-content\/uploads\/2020\/11\/20201122_003448.jpg\" \/>\n\t<meta property=\"og:image:width\" content=\"1819\" \/>\n\t<meta property=\"og:image:height\" content=\"1819\" \/>\n\t<meta property=\"og:image:type\" content=\"image\/jpeg\" \/>\n<meta name=\"twitter:card\" content=\"summary_large_image\" \/>\n<meta name=\"twitter:label1\" content=\"Prix\" \/>\n\t<meta name=\"twitter:data1\" content=\"&euro;0.50 TTC\" \/>\n\t<meta name=\"twitter:label2\" content=\"Disponibilit\u00e9\" \/>\n\t<meta name=\"twitter:data2\" content=\"En stock\" \/>\n<script type=\"application\/ld+json\" class=\"yoast-schema-graph\">{\"@context\":\"https:\\\/\\\/schema.org\",\"@graph\":[{\"@type\":\"WebPage\",\"@id\":\"https:\\\/\\\/www.jootjeshaakcadeautjes.nl\\\/fr\\\/produit\\\/perle-en-bois-gravee-coeur-hetre-16-mm\\\/\",\"url\":\"https:\\\/\\\/www.jootjeshaakcadeautjes.nl\\\/fr\\\/produit\\\/perle-en-bois-gravee-coeur-hetre-16-mm\\\/\",\"name\":\"Perle en bois - Grav\u00e9e - Coeur - Bois de h\u00eatre - 16 mm - Jootjes Haakcadeautjes\",\"isPartOf\":{\"@id\":\"https:\\\/\\\/www.jootjeshaakcadeautjes.nl\\\/fr\\\/#website\"},\"primaryImageOfPage\":{\"@id\":\"https:\\\/\\\/www.jootjeshaakcadeautjes.nl\\\/fr\\\/produit\\\/perle-en-bois-gravee-coeur-hetre-16-mm\\\/#primaryimage\"},\"image\":{\"@id\":\"https:\\\/\\\/www.jootjeshaakcadeautjes.nl\\\/fr\\\/produit\\\/perle-en-bois-gravee-coeur-hetre-16-mm\\\/#primaryimage\"},\"thumbnailUrl\":\"https:\\\/\\\/d1dyryakdmle7o.cloudfront.net\\\/wp-content\\\/uploads\\\/2020\\\/11\\\/20201122_003448.jpg\",\"datePublished\":\"2021-12-14T16:43:03+00:00\",\"dateModified\":\"2025-07-17T12:26:20+00:00\",\"description\":\"Jolies perles en h\u00eatre lisse de 20 mm avec un c\u0153ur magnifiquement grav\u00e9 sur les deux faces. Pas de couche de laque, tr\u00e8s belle finition. Un produit au chic unique !\",\"breadcrumb\":{\"@id\":\"https:\\\/\\\/www.jootjeshaakcadeautjes.nl\\\/fr\\\/produit\\\/perle-en-bois-gravee-coeur-hetre-16-mm\\\/#breadcrumb\"},\"inLanguage\":\"fr-FR\",\"potentialAction\":[{\"@type\":\"ReadAction\",\"target\":[\"https:\\\/\\\/www.jootjeshaakcadeautjes.nl\\\/fr\\\/produit\\\/perle-en-bois-gravee-coeur-hetre-16-mm\\\/\"]}]},{\"@type\":\"ImageObject\",\"inLanguage\":\"fr-FR\",\"@id\":\"https:\\\/\\\/www.jootjeshaakcadeautjes.nl\\\/fr\\\/produit\\\/perle-en-bois-gravee-coeur-hetre-16-mm\\\/#primaryimage\",\"url\":\"https:\\\/\\\/d1dyryakdmle7o.cloudfront.net\\\/wp-content\\\/uploads\\\/2020\\\/11\\\/20201122_003448.jpg\",\"contentUrl\":\"https:\\\/\\\/d1dyryakdmle7o.cloudfront.net\\\/wp-content\\\/uploads\\\/2020\\\/11\\\/20201122_003448.jpg\",\"width\":1819,\"height\":1819},{\"@type\":\"BreadcrumbList\",\"@id\":\"https:\\\/\\\/www.jootjeshaakcadeautjes.nl\\\/fr\\\/produit\\\/perle-en-bois-gravee-coeur-hetre-16-mm\\\/#breadcrumb\",\"itemListElement\":[{\"@type\":\"ListItem\",\"position\":1,\"name\":\"Accueil\",\"item\":\"https:\\\/\\\/www.jootjeshaakcadeautjes.nl\\\/fr\\\/\"},{\"@type\":\"ListItem\",\"position\":2,\"name\":\"Commerce de gros de perles en silicone &#8211; Entreprises et consommateurs\",\"item\":\"https:\\\/\\\/www.jootjeshaakcadeautjes.nl\\\/fr\\\/boutique\\\/\"},{\"@type\":\"ListItem\",\"position\":3,\"name\":\"Perle en bois &#8211; Grav\u00e9e &#8211; Coeur &#8211; Bois de h\u00eatre &#8211; 16 mm\"}]},{\"@type\":\"WebSite\",\"@id\":\"https:\\\/\\\/www.jootjeshaakcadeautjes.nl\\\/fr\\\/#website\",\"url\":\"https:\\\/\\\/www.jootjeshaakcadeautjes.nl\\\/fr\\\/\",\"name\":\"Jootjes Haakcadeautjes\",\"description\":\"Grossiste en perles de silicone\",\"publisher\":{\"@id\":\"https:\\\/\\\/www.jootjeshaakcadeautjes.nl\\\/fr\\\/#organization\"},\"potentialAction\":[{\"@type\":\"SearchAction\",\"target\":{\"@type\":\"EntryPoint\",\"urlTemplate\":\"https:\\\/\\\/www.jootjeshaakcadeautjes.nl\\\/fr\\\/?s={search_term_string}\"},\"query-input\":{\"@type\":\"PropertyValueSpecification\",\"valueRequired\":true,\"valueName\":\"search_term_string\"}}],\"inLanguage\":\"fr-FR\"},{\"@type\":\"Organization\",\"@id\":\"https:\\\/\\\/www.jootjeshaakcadeautjes.nl\\\/fr\\\/#organization\",\"name\":\"Jootjes Haakcadeautjes\",\"url\":\"https:\\\/\\\/www.jootjeshaakcadeautjes.nl\\\/fr\\\/\",\"logo\":{\"@type\":\"ImageObject\",\"inLanguage\":\"fr-FR\",\"@id\":\"https:\\\/\\\/www.jootjeshaakcadeautjes.nl\\\/fr\\\/#\\\/schema\\\/logo\\\/image\\\/\",\"url\":\"https:\\\/\\\/d1dyryakdmle7o.cloudfront.net\\\/wp-content\\\/uploads\\\/2023\\\/05\\\/Logo-rond.png\",\"contentUrl\":\"https:\\\/\\\/d1dyryakdmle7o.cloudfront.net\\\/wp-content\\\/uploads\\\/2023\\\/05\\\/Logo-rond.png\",\"width\":1222,\"height\":1222,\"caption\":\"Jootjes Haakcadeautjes\"},\"image\":{\"@id\":\"https:\\\/\\\/www.jootjeshaakcadeautjes.nl\\\/fr\\\/#\\\/schema\\\/logo\\\/image\\\/\"}}]}<\/script>\n<meta property=\"product:price:amount\" content=\"0.50\" \/>\n<meta property=\"product:price:currency\" content=\"EUR\" \/>\n<meta property=\"og:availability\" content=\"instock\" \/>\n<meta property=\"product:availability\" content=\"instock\" \/>\n<meta property=\"product:retailer_item_id\" content=\"HKR-BHA-016\" \/>\n<meta property=\"product:condition\" content=\"new\" \/>\n<!-- \/ Yoast SEO Premium plugin. -->","yoast_head_json":{"title":"Perle en bois - Grav\u00e9e - Coeur - Bois de h\u00eatre - 16 mm - Jootjes Haakcadeautjes","description":"Jolies perles en h\u00eatre lisse de 20 mm avec un c\u0153ur magnifiquement grav\u00e9 sur les deux faces. Pas de couche de laque, tr\u00e8s belle finition. Un produit au chic unique !","robots":{"index":"index","follow":"follow","max-snippet":"max-snippet:-1","max-image-preview":"max-image-preview:large","max-video-preview":"max-video-preview:-1"},"canonical":"https:\/\/www.jootjeshaakcadeautjes.nl\/fr\/produit\/perle-en-bois-gravee-coeur-hetre-16-mm\/","og_locale":"fr_FR","og_type":"article","og_title":"Perle en bois - Grav\u00e9e - Coeur - Bois de h\u00eatre - 16 mm","og_description":"Jolies perles en h\u00eatre lisse de 20 mm avec un c\u0153ur magnifiquement grav\u00e9 sur les deux faces. Pas de couche de laque, tr\u00e8s belle finition. Un produit au chic unique !","og_url":"https:\/\/www.jootjeshaakcadeautjes.nl\/fr\/produit\/perle-en-bois-gravee-coeur-hetre-16-mm\/","og_site_name":"Jootjes Haakcadeautjes","article_modified_time":"2025-07-17T12:26:20+00:00","og_image":[{"width":1819,"height":1819,"url":"https:\/\/www.jootjeshaakcadeautjes.nl\/wp-content\/uploads\/2020\/11\/20201122_003448.jpg","type":"image\/jpeg"}],"twitter_card":"summary_large_image","twitter_misc":{"Prix":"&euro;0.50 TTC","Disponibilit\u00e9":"En stock"},"schema":{"@context":"https:\/\/schema.org","@graph":[{"@type":"WebPage","@id":"https:\/\/www.jootjeshaakcadeautjes.nl\/fr\/produit\/perle-en-bois-gravee-coeur-hetre-16-mm\/","url":"https:\/\/www.jootjeshaakcadeautjes.nl\/fr\/produit\/perle-en-bois-gravee-coeur-hetre-16-mm\/","name":"Perle en bois - Grav\u00e9e - Coeur - Bois de h\u00eatre - 16 mm - Jootjes Haakcadeautjes","isPartOf":{"@id":"https:\/\/www.jootjeshaakcadeautjes.nl\/fr\/#website"},"primaryImageOfPage":{"@id":"https:\/\/www.jootjeshaakcadeautjes.nl\/fr\/produit\/perle-en-bois-gravee-coeur-hetre-16-mm\/#primaryimage"},"image":{"@id":"https:\/\/www.jootjeshaakcadeautjes.nl\/fr\/produit\/perle-en-bois-gravee-coeur-hetre-16-mm\/#primaryimage"},"thumbnailUrl":"https:\/\/d1dyryakdmle7o.cloudfront.net\/wp-content\/uploads\/2020\/11\/20201122_003448.jpg","datePublished":"2021-12-14T16:43:03+00:00","dateModified":"2025-07-17T12:26:20+00:00","description":"Jolies perles en h\u00eatre lisse de 20 mm avec un c\u0153ur magnifiquement grav\u00e9 sur les deux faces. Pas de couche de laque, tr\u00e8s belle finition. Un produit au chic unique !","breadcrumb":{"@id":"https:\/\/www.jootjeshaakcadeautjes.nl\/fr\/produit\/perle-en-bois-gravee-coeur-hetre-16-mm\/#breadcrumb"},"inLanguage":"fr-FR","potentialAction":[{"@type":"ReadAction","target":["https:\/\/www.jootjeshaakcadeautjes.nl\/fr\/produit\/perle-en-bois-gravee-coeur-hetre-16-mm\/"]}]},{"@type":"ImageObject","inLanguage":"fr-FR","@id":"https:\/\/www.jootjeshaakcadeautjes.nl\/fr\/produit\/perle-en-bois-gravee-coeur-hetre-16-mm\/#primaryimage","url":"https:\/\/d1dyryakdmle7o.cloudfront.net\/wp-content\/uploads\/2020\/11\/20201122_003448.jpg","contentUrl":"https:\/\/d1dyryakdmle7o.cloudfront.net\/wp-content\/uploads\/2020\/11\/20201122_003448.jpg","width":1819,"height":1819},{"@type":"BreadcrumbList","@id":"https:\/\/www.jootjeshaakcadeautjes.nl\/fr\/produit\/perle-en-bois-gravee-coeur-hetre-16-mm\/#breadcrumb","itemListElement":[{"@type":"ListItem","position":1,"name":"Accueil","item":"https:\/\/www.jootjeshaakcadeautjes.nl\/fr\/"},{"@type":"ListItem","position":2,"name":"Commerce de gros de perles en silicone &#8211; Entreprises et consommateurs","item":"https:\/\/www.jootjeshaakcadeautjes.nl\/fr\/boutique\/"},{"@type":"ListItem","position":3,"name":"Perle en bois &#8211; Grav\u00e9e &#8211; Coeur &#8211; Bois de h\u00eatre &#8211; 16 mm"}]},{"@type":"WebSite","@id":"https:\/\/www.jootjeshaakcadeautjes.nl\/fr\/#website","url":"https:\/\/www.jootjeshaakcadeautjes.nl\/fr\/","name":"Jootjes Haakcadeautjes","description":"Grossiste en perles de silicone","publisher":{"@id":"https:\/\/www.jootjeshaakcadeautjes.nl\/fr\/#organization"},"potentialAction":[{"@type":"SearchAction","target":{"@type":"EntryPoint","urlTemplate":"https:\/\/www.jootjeshaakcadeautjes.nl\/fr\/?s={search_term_string}"},"query-input":{"@type":"PropertyValueSpecification","valueRequired":true,"valueName":"search_term_string"}}],"inLanguage":"fr-FR"},{"@type":"Organization","@id":"https:\/\/www.jootjeshaakcadeautjes.nl\/fr\/#organization","name":"Jootjes Haakcadeautjes","url":"https:\/\/www.jootjeshaakcadeautjes.nl\/fr\/","logo":{"@type":"ImageObject","inLanguage":"fr-FR","@id":"https:\/\/www.jootjeshaakcadeautjes.nl\/fr\/#\/schema\/logo\/image\/","url":"https:\/\/d1dyryakdmle7o.cloudfront.net\/wp-content\/uploads\/2023\/05\/Logo-rond.png","contentUrl":"https:\/\/d1dyryakdmle7o.cloudfront.net\/wp-content\/uploads\/2023\/05\/Logo-rond.png","width":1222,"height":1222,"caption":"Jootjes Haakcadeautjes"},"image":{"@id":"https:\/\/www.jootjeshaakcadeautjes.nl\/fr\/#\/schema\/logo\/image\/"}}]},"product_price_amount":"0.50","product_price_currency":"EUR","og_availability":"instock","product_availability":"instock","product_retailer_item_id":"HKR-BHA-016","product_condition":"new"},"_links":{"self":[{"href":"https:\/\/www.jootjeshaakcadeautjes.nl\/fr\/wp-json\/wp\/v2\/product\/133998","targetHints":{"allow":["GET"]}}],"collection":[{"href":"https:\/\/www.jootjeshaakcadeautjes.nl\/fr\/wp-json\/wp\/v2\/product"}],"about":[{"href":"https:\/\/www.jootjeshaakcadeautjes.nl\/fr\/wp-json\/wp\/v2\/types\/product"}],"version-history":[{"count":0,"href":"https:\/\/www.jootjeshaakcadeautjes.nl\/fr\/wp-json\/wp\/v2\/product\/133998\/revisions"}],"wp:featuredmedia":[{"embeddable":true,"href":"https:\/\/www.jootjeshaakcadeautjes.nl\/fr\/wp-json\/wp\/v2\/media\/74583"}],"wp:attachment":[{"href":"https:\/\/www.jootjeshaakcadeautjes.nl\/fr\/wp-json\/wp\/v2\/media?parent=133998"}],"wp:term":[{"taxonomy":"product_brand","embeddable":true,"href":"https:\/\/www.jootjeshaakcadeautjes.nl\/fr\/wp-json\/wp\/v2\/product_brand?post=133998"},{"taxonomy":"product_cat","embeddable":true,"href":"https:\/\/www.jootjeshaakcadeautjes.nl\/fr\/wp-json\/wp\/v2\/product_cat?post=133998"},{"taxonomy":"product_tag","embeddable":true,"href":"https:\/\/www.jootjeshaakcadeautjes.nl\/fr\/wp-json\/wp\/v2\/product_tag?post=133998"}],"curies":[{"name":"wp","href":"https:\/\/api.w.org\/{rel}","templated":true}]}}