{"id":134004,"date":"2021-12-06T02:10:41","date_gmt":"2021-12-06T01:10:41","guid":{"rendered":"https:\/\/www.jootjeshaakcadeautjes.nl\/product\/silicone-bite-figure-hull-branch\/"},"modified":"2025-03-11T17:32:05","modified_gmt":"2025-03-11T16:32:05","slug":"silicone-bite-figure-hull-branch","status":"publish","type":"product","link":"https:\/\/www.jootjeshaakcadeautjes.nl\/fr\/produit\/silicone-bite-figure-hull-branch\/","title":{"rendered":"Figurine \u00e0 mordre en silicone &#8211; Branche de houx"},"content":{"rendered":"<h2>Figurine \u00e0 mordre en silicone &#8211; Branche de houx<\/h2>\n<p>Cette branche de houx en silicone est un jouet de dentition abordable et assorti pour No\u00ebl. La figure de l&#8217;abeille est agr\u00e9able \u00e0 combiner avec nos autres perles de No\u00ebl et, par exemple, les perles de feuilles vertes pour cr\u00e9er une v\u00e9ritable sc\u00e8ne de No\u00ebl.<\/p>\n<p>Cette figurine \u00e0 mordre en silicone en forme de branche de houx est fabriqu\u00e9e en silicone sans BPA. Cela signifie que les produits ont \u00e9t\u00e9 jug\u00e9s s\u00fbrs pour une utilisation dans les jouets pour enfants. L&#8217;application de silicone ne contient pas de substances nocives. Nos produits sont donc conformes \u00e0 toutes les certifications n\u00e9cessaires. Surveillez toujours l&#8217;usure des jouets et jetez-les si n\u00e9cessaire. Cela s&#8217;applique \u00e0 tout type de jouet pour b\u00e9b\u00e9.<\/p>\n<p>&nbsp;<\/p>\n","protected":false},"excerpt":{"rendered":"<p>Mati\u00e8re : 100% sans BPA, mati\u00e8re silicone test\u00e9e EN-71 en toute s\u00e9curit\u00e9.<br \/>\nType : Branche de houx<\/p>\n","protected":false},"featured_media":78414,"template":"","meta":[],"product_brand":[],"product_cat":[12293,7378,12682,6992,7491,18013],"product_tag":[7384,12350,7424,13485,7463,12550,7500,7440,13771,12689,12688,7508,7516,7415,7212,7408],"class_list":{"0":"post-134004","1":"product","2":"type-product","3":"status-publish","4":"has-post-thumbnail","6":"product_cat-anneaux-de-dentition-bebe-silicone-et-bois","7":"product_cat-fabrication-de-jouets-de-dentition-pour-bebe-cordon-de-sucette-et-anneaux-de-dentition","8":"product_cat-figurines-de-dentition-en-silicone-anneau-de-dentition-pendentif-de-dentition","9":"product_cat-perles-en-silicone-sans-bpa-grossiste","10":"product_cat-perles-en-silicone-et-anneau-de-dentition-noel-halloween-et-plus-encore","11":"product_cat-siliconen-kralen-kerst-fr","12":"product_tag-anneau-de-dentition","13":"product_tag-avec","14":"product_tag-bpa-fr","15":"product_tag-branche-de-houx","16":"product_tag-commerce-de-gros","17":"product_tag-decoration-fr-2","18":"product_tag-enfant","19":"product_tag-gratuit","20":"product_tag-houx-fr","21":"product_tag-jouet-de-dentition-fr","22":"product_tag-marques-de-morsure","23":"product_tag-morsure","24":"product_tag-noel","25":"product_tag-sans-bpa","26":"product_tag-silicone-fr","27":"product_tag-sur","29":"first","30":"instock","31":"taxable","32":"shipping-taxable","33":"purchasable","34":"product-type-simple"},"bundled_by":[],"bundle_stock_status":"instock","bundle_stock_quantity":5,"bundle_virtual":false,"bundle_layout":"","bundle_add_to_cart_form_location":"","bundle_editable_in_cart":false,"bundle_sold_individually_context":"","bundle_item_grouping":"","bundle_min_size":"","bundle_max_size":"","bundle_price":[],"bundled_items":[],"bundle_sell_ids":[],"yoast_head":"<!-- This site is optimized with the Yoast SEO Premium plugin v27.6 (Yoast SEO v27.6) - https:\/\/yoast.com\/product\/yoast-seo-premium-wordpress\/ -->\n<title>Figurine \u00e0 mordre en silicone - Branche de houx %sepprimary_category%% | JH<\/title>\n<meta name=\"description\" content=\"Figurine de dentition en silicone, arbre de No\u00ebl avec d\u00e9coration, couleur verte, id\u00e9ale pour les cordons de landau ou de t\u00e9tine, sans BPA, certifi\u00e9e CE\" \/>\n<meta name=\"robots\" content=\"index, follow, max-snippet:-1, max-image-preview:large, max-video-preview:-1\" \/>\n<link rel=\"canonical\" href=\"https:\/\/www.jootjeshaakcadeautjes.nl\/fr\/produit\/silicone-bite-figure-hull-branch\/\" \/>\n<meta property=\"og:locale\" content=\"fr_FR\" \/>\n<meta property=\"og:type\" content=\"article\" \/>\n<meta property=\"og:title\" content=\"Figurine \u00e0 mordre en silicone - Branche de houx\" \/>\n<meta property=\"og:description\" content=\"Figurine de dentition en silicone, arbre de No\u00ebl avec d\u00e9coration, couleur verte, id\u00e9ale pour les cordons de landau ou de t\u00e9tine, sans BPA, certifi\u00e9e CE\" \/>\n<meta property=\"og:url\" content=\"https:\/\/www.jootjeshaakcadeautjes.nl\/fr\/produit\/silicone-bite-figure-hull-branch\/\" \/>\n<meta property=\"og:site_name\" content=\"Jootjes Haakcadeautjes\" \/>\n<meta property=\"article:modified_time\" content=\"2025-03-11T16:32:05+00:00\" \/>\n<meta property=\"og:image\" content=\"https:\/\/www.jootjeshaakcadeautjes.nl\/wp-content\/uploads\/2021\/11\/20211128_113922-scaled.jpg\" \/>\n\t<meta property=\"og:image:width\" content=\"2048\" \/>\n\t<meta property=\"og:image:height\" content=\"2048\" \/>\n\t<meta property=\"og:image:type\" content=\"image\/jpeg\" \/>\n<meta name=\"twitter:card\" content=\"summary_large_image\" \/>\n<meta name=\"twitter:label1\" content=\"Prix\" \/>\n\t<meta name=\"twitter:data1\" content=\"&euro;2.00 TTC\" \/>\n\t<meta name=\"twitter:label2\" content=\"Disponibilit\u00e9\" \/>\n\t<meta name=\"twitter:data2\" content=\"En stock\" \/>\n<script type=\"application\/ld+json\" class=\"yoast-schema-graph\">{\"@context\":\"https:\\\/\\\/schema.org\",\"@graph\":[{\"@type\":\"WebPage\",\"@id\":\"https:\\\/\\\/www.jootjeshaakcadeautjes.nl\\\/fr\\\/produit\\\/silicone-bite-figure-hull-branch\\\/\",\"url\":\"https:\\\/\\\/www.jootjeshaakcadeautjes.nl\\\/fr\\\/produit\\\/silicone-bite-figure-hull-branch\\\/\",\"name\":\"Figurine \u00e0 mordre en silicone - Branche de houx %sepprimary_category%% | JH\",\"isPartOf\":{\"@id\":\"https:\\\/\\\/www.jootjeshaakcadeautjes.nl\\\/fr\\\/#website\"},\"primaryImageOfPage\":{\"@id\":\"https:\\\/\\\/www.jootjeshaakcadeautjes.nl\\\/fr\\\/produit\\\/silicone-bite-figure-hull-branch\\\/#primaryimage\"},\"image\":{\"@id\":\"https:\\\/\\\/www.jootjeshaakcadeautjes.nl\\\/fr\\\/produit\\\/silicone-bite-figure-hull-branch\\\/#primaryimage\"},\"thumbnailUrl\":\"https:\\\/\\\/d1dyryakdmle7o.cloudfront.net\\\/wp-content\\\/uploads\\\/2021\\\/11\\\/20211128_113922-scaled.jpg\",\"datePublished\":\"2021-12-06T01:10:41+00:00\",\"dateModified\":\"2025-03-11T16:32:05+00:00\",\"description\":\"Figurine de dentition en silicone, arbre de No\u00ebl avec d\u00e9coration, couleur verte, id\u00e9ale pour les cordons de landau ou de t\u00e9tine, sans BPA, certifi\u00e9e CE\",\"breadcrumb\":{\"@id\":\"https:\\\/\\\/www.jootjeshaakcadeautjes.nl\\\/fr\\\/produit\\\/silicone-bite-figure-hull-branch\\\/#breadcrumb\"},\"inLanguage\":\"fr-FR\",\"potentialAction\":[{\"@type\":\"ReadAction\",\"target\":[\"https:\\\/\\\/www.jootjeshaakcadeautjes.nl\\\/fr\\\/produit\\\/silicone-bite-figure-hull-branch\\\/\"]}]},{\"@type\":\"ImageObject\",\"inLanguage\":\"fr-FR\",\"@id\":\"https:\\\/\\\/www.jootjeshaakcadeautjes.nl\\\/fr\\\/produit\\\/silicone-bite-figure-hull-branch\\\/#primaryimage\",\"url\":\"https:\\\/\\\/d1dyryakdmle7o.cloudfront.net\\\/wp-content\\\/uploads\\\/2021\\\/11\\\/20211128_113922-scaled.jpg\",\"contentUrl\":\"https:\\\/\\\/d1dyryakdmle7o.cloudfront.net\\\/wp-content\\\/uploads\\\/2021\\\/11\\\/20211128_113922-scaled.jpg\",\"width\":2048,\"height\":2048,\"caption\":\"Figurine de dentition en silicone houx No\u00ebl grossiste sans bpa\"},{\"@type\":\"BreadcrumbList\",\"@id\":\"https:\\\/\\\/www.jootjeshaakcadeautjes.nl\\\/fr\\\/produit\\\/silicone-bite-figure-hull-branch\\\/#breadcrumb\",\"itemListElement\":[{\"@type\":\"ListItem\",\"position\":1,\"name\":\"Accueil\",\"item\":\"https:\\\/\\\/www.jootjeshaakcadeautjes.nl\\\/fr\\\/\"},{\"@type\":\"ListItem\",\"position\":2,\"name\":\"Commerce de gros de perles en silicone &#8211; Entreprises et consommateurs\",\"item\":\"https:\\\/\\\/www.jootjeshaakcadeautjes.nl\\\/fr\\\/boutique\\\/\"},{\"@type\":\"ListItem\",\"position\":3,\"name\":\"Figurine \u00e0 mordre en silicone &#8211; Branche de houx\"}]},{\"@type\":\"WebSite\",\"@id\":\"https:\\\/\\\/www.jootjeshaakcadeautjes.nl\\\/fr\\\/#website\",\"url\":\"https:\\\/\\\/www.jootjeshaakcadeautjes.nl\\\/fr\\\/\",\"name\":\"Jootjes Haakcadeautjes\",\"description\":\"Grossiste en perles de silicone\",\"publisher\":{\"@id\":\"https:\\\/\\\/www.jootjeshaakcadeautjes.nl\\\/fr\\\/#organization\"},\"potentialAction\":[{\"@type\":\"SearchAction\",\"target\":{\"@type\":\"EntryPoint\",\"urlTemplate\":\"https:\\\/\\\/www.jootjeshaakcadeautjes.nl\\\/fr\\\/?s={search_term_string}\"},\"query-input\":{\"@type\":\"PropertyValueSpecification\",\"valueRequired\":true,\"valueName\":\"search_term_string\"}}],\"inLanguage\":\"fr-FR\"},{\"@type\":\"Organization\",\"@id\":\"https:\\\/\\\/www.jootjeshaakcadeautjes.nl\\\/fr\\\/#organization\",\"name\":\"Jootjes Haakcadeautjes\",\"url\":\"https:\\\/\\\/www.jootjeshaakcadeautjes.nl\\\/fr\\\/\",\"logo\":{\"@type\":\"ImageObject\",\"inLanguage\":\"fr-FR\",\"@id\":\"https:\\\/\\\/www.jootjeshaakcadeautjes.nl\\\/fr\\\/#\\\/schema\\\/logo\\\/image\\\/\",\"url\":\"https:\\\/\\\/d1dyryakdmle7o.cloudfront.net\\\/wp-content\\\/uploads\\\/2023\\\/05\\\/Logo-rond.png\",\"contentUrl\":\"https:\\\/\\\/d1dyryakdmle7o.cloudfront.net\\\/wp-content\\\/uploads\\\/2023\\\/05\\\/Logo-rond.png\",\"width\":1222,\"height\":1222,\"caption\":\"Jootjes Haakcadeautjes\"},\"image\":{\"@id\":\"https:\\\/\\\/www.jootjeshaakcadeautjes.nl\\\/fr\\\/#\\\/schema\\\/logo\\\/image\\\/\"}}]}<\/script>\n<meta property=\"product:price:amount\" content=\"2.00\" \/>\n<meta property=\"product:price:currency\" content=\"EUR\" \/>\n<meta property=\"og:availability\" content=\"instock\" \/>\n<meta property=\"product:availability\" content=\"instock\" \/>\n<meta property=\"product:retailer_item_id\" content=\"SIL-HUL-TAK\" \/>\n<meta property=\"product:condition\" content=\"new\" \/>\n<!-- \/ Yoast SEO Premium plugin. -->","yoast_head_json":{"title":"Figurine \u00e0 mordre en silicone - Branche de houx %sepprimary_category%% | JH","description":"Figurine de dentition en silicone, arbre de No\u00ebl avec d\u00e9coration, couleur verte, id\u00e9ale pour les cordons de landau ou de t\u00e9tine, sans BPA, certifi\u00e9e CE","robots":{"index":"index","follow":"follow","max-snippet":"max-snippet:-1","max-image-preview":"max-image-preview:large","max-video-preview":"max-video-preview:-1"},"canonical":"https:\/\/www.jootjeshaakcadeautjes.nl\/fr\/produit\/silicone-bite-figure-hull-branch\/","og_locale":"fr_FR","og_type":"article","og_title":"Figurine \u00e0 mordre en silicone - Branche de houx","og_description":"Figurine de dentition en silicone, arbre de No\u00ebl avec d\u00e9coration, couleur verte, id\u00e9ale pour les cordons de landau ou de t\u00e9tine, sans BPA, certifi\u00e9e CE","og_url":"https:\/\/www.jootjeshaakcadeautjes.nl\/fr\/produit\/silicone-bite-figure-hull-branch\/","og_site_name":"Jootjes Haakcadeautjes","article_modified_time":"2025-03-11T16:32:05+00:00","og_image":[{"width":2048,"height":2048,"url":"https:\/\/www.jootjeshaakcadeautjes.nl\/wp-content\/uploads\/2021\/11\/20211128_113922-scaled.jpg","type":"image\/jpeg"}],"twitter_card":"summary_large_image","twitter_misc":{"Prix":"&euro;2.00 TTC","Disponibilit\u00e9":"En stock"},"schema":{"@context":"https:\/\/schema.org","@graph":[{"@type":"WebPage","@id":"https:\/\/www.jootjeshaakcadeautjes.nl\/fr\/produit\/silicone-bite-figure-hull-branch\/","url":"https:\/\/www.jootjeshaakcadeautjes.nl\/fr\/produit\/silicone-bite-figure-hull-branch\/","name":"Figurine \u00e0 mordre en silicone - Branche de houx %sepprimary_category%% | JH","isPartOf":{"@id":"https:\/\/www.jootjeshaakcadeautjes.nl\/fr\/#website"},"primaryImageOfPage":{"@id":"https:\/\/www.jootjeshaakcadeautjes.nl\/fr\/produit\/silicone-bite-figure-hull-branch\/#primaryimage"},"image":{"@id":"https:\/\/www.jootjeshaakcadeautjes.nl\/fr\/produit\/silicone-bite-figure-hull-branch\/#primaryimage"},"thumbnailUrl":"https:\/\/d1dyryakdmle7o.cloudfront.net\/wp-content\/uploads\/2021\/11\/20211128_113922-scaled.jpg","datePublished":"2021-12-06T01:10:41+00:00","dateModified":"2025-03-11T16:32:05+00:00","description":"Figurine de dentition en silicone, arbre de No\u00ebl avec d\u00e9coration, couleur verte, id\u00e9ale pour les cordons de landau ou de t\u00e9tine, sans BPA, certifi\u00e9e CE","breadcrumb":{"@id":"https:\/\/www.jootjeshaakcadeautjes.nl\/fr\/produit\/silicone-bite-figure-hull-branch\/#breadcrumb"},"inLanguage":"fr-FR","potentialAction":[{"@type":"ReadAction","target":["https:\/\/www.jootjeshaakcadeautjes.nl\/fr\/produit\/silicone-bite-figure-hull-branch\/"]}]},{"@type":"ImageObject","inLanguage":"fr-FR","@id":"https:\/\/www.jootjeshaakcadeautjes.nl\/fr\/produit\/silicone-bite-figure-hull-branch\/#primaryimage","url":"https:\/\/d1dyryakdmle7o.cloudfront.net\/wp-content\/uploads\/2021\/11\/20211128_113922-scaled.jpg","contentUrl":"https:\/\/d1dyryakdmle7o.cloudfront.net\/wp-content\/uploads\/2021\/11\/20211128_113922-scaled.jpg","width":2048,"height":2048,"caption":"Figurine de dentition en silicone houx No\u00ebl grossiste sans bpa"},{"@type":"BreadcrumbList","@id":"https:\/\/www.jootjeshaakcadeautjes.nl\/fr\/produit\/silicone-bite-figure-hull-branch\/#breadcrumb","itemListElement":[{"@type":"ListItem","position":1,"name":"Accueil","item":"https:\/\/www.jootjeshaakcadeautjes.nl\/fr\/"},{"@type":"ListItem","position":2,"name":"Commerce de gros de perles en silicone &#8211; Entreprises et consommateurs","item":"https:\/\/www.jootjeshaakcadeautjes.nl\/fr\/boutique\/"},{"@type":"ListItem","position":3,"name":"Figurine \u00e0 mordre en silicone &#8211; Branche de houx"}]},{"@type":"WebSite","@id":"https:\/\/www.jootjeshaakcadeautjes.nl\/fr\/#website","url":"https:\/\/www.jootjeshaakcadeautjes.nl\/fr\/","name":"Jootjes Haakcadeautjes","description":"Grossiste en perles de silicone","publisher":{"@id":"https:\/\/www.jootjeshaakcadeautjes.nl\/fr\/#organization"},"potentialAction":[{"@type":"SearchAction","target":{"@type":"EntryPoint","urlTemplate":"https:\/\/www.jootjeshaakcadeautjes.nl\/fr\/?s={search_term_string}"},"query-input":{"@type":"PropertyValueSpecification","valueRequired":true,"valueName":"search_term_string"}}],"inLanguage":"fr-FR"},{"@type":"Organization","@id":"https:\/\/www.jootjeshaakcadeautjes.nl\/fr\/#organization","name":"Jootjes Haakcadeautjes","url":"https:\/\/www.jootjeshaakcadeautjes.nl\/fr\/","logo":{"@type":"ImageObject","inLanguage":"fr-FR","@id":"https:\/\/www.jootjeshaakcadeautjes.nl\/fr\/#\/schema\/logo\/image\/","url":"https:\/\/d1dyryakdmle7o.cloudfront.net\/wp-content\/uploads\/2023\/05\/Logo-rond.png","contentUrl":"https:\/\/d1dyryakdmle7o.cloudfront.net\/wp-content\/uploads\/2023\/05\/Logo-rond.png","width":1222,"height":1222,"caption":"Jootjes Haakcadeautjes"},"image":{"@id":"https:\/\/www.jootjeshaakcadeautjes.nl\/fr\/#\/schema\/logo\/image\/"}}]},"product_price_amount":"2.00","product_price_currency":"EUR","og_availability":"instock","product_availability":"instock","product_retailer_item_id":"SIL-HUL-TAK","product_condition":"new"},"_links":{"self":[{"href":"https:\/\/www.jootjeshaakcadeautjes.nl\/fr\/wp-json\/wp\/v2\/product\/134004","targetHints":{"allow":["GET"]}}],"collection":[{"href":"https:\/\/www.jootjeshaakcadeautjes.nl\/fr\/wp-json\/wp\/v2\/product"}],"about":[{"href":"https:\/\/www.jootjeshaakcadeautjes.nl\/fr\/wp-json\/wp\/v2\/types\/product"}],"version-history":[{"count":0,"href":"https:\/\/www.jootjeshaakcadeautjes.nl\/fr\/wp-json\/wp\/v2\/product\/134004\/revisions"}],"wp:featuredmedia":[{"embeddable":true,"href":"https:\/\/www.jootjeshaakcadeautjes.nl\/fr\/wp-json\/wp\/v2\/media\/78414"}],"wp:attachment":[{"href":"https:\/\/www.jootjeshaakcadeautjes.nl\/fr\/wp-json\/wp\/v2\/media?parent=134004"}],"wp:term":[{"taxonomy":"product_brand","embeddable":true,"href":"https:\/\/www.jootjeshaakcadeautjes.nl\/fr\/wp-json\/wp\/v2\/product_brand?post=134004"},{"taxonomy":"product_cat","embeddable":true,"href":"https:\/\/www.jootjeshaakcadeautjes.nl\/fr\/wp-json\/wp\/v2\/product_cat?post=134004"},{"taxonomy":"product_tag","embeddable":true,"href":"https:\/\/www.jootjeshaakcadeautjes.nl\/fr\/wp-json\/wp\/v2\/product_tag?post=134004"}],"curies":[{"name":"wp","href":"https:\/\/api.w.org\/{rel}","templated":true}]}}