{"id":134010,"date":"2021-12-03T00:14:54","date_gmt":"2021-12-02T22:14:54","guid":{"rendered":"https:\/\/www.jootjeshaakcadeautjes.nl\/product\/boite-a-musique-twinkle-twinkle-little-star\/"},"modified":"2025-03-11T03:57:45","modified_gmt":"2025-03-11T02:57:45","slug":"boite-a-musique-twinkle-twinkle-little-star","status":"publish","type":"product","link":"https:\/\/www.jootjeshaakcadeautjes.nl\/fr\/produit\/boite-a-musique-twinkle-twinkle-little-star\/","title":{"rendered":"Bo\u00eete \u00e0 musique lavable &#8211; Twinkle Twinkle Little Star"},"content":{"rendered":"<p>Bo\u00eete \u00e0 musique Twinkle Twinkle Little Star, Always Kortjakje est malade.<br \/>\nBlanc, avec cordon de serrage et poign\u00e9e.<br \/>\nLavable \u00e0 la main, maximum 40 degr\u00e9s.<br \/>\nNon lavable en machine.<\/p>\n<p>&nbsp;<\/p>\n<p>&nbsp;<\/p>\n","protected":false},"excerpt":{"rendered":"<h1>Bo\u00eete \u00e0 musique Twinkle Twinkle Little Star &#8211; Lavable \u00e0 la main<\/h1>\n<p>Bo\u00eete \u00e0 musique avec la chanson Twinkle Twinkle Little Star. La bo\u00eete \u00e0 musique est munie d&#8217;un cordon et d&#8217;une poign\u00e9e. La bo\u00eete \u00e0 musique est lavable \u00e0 la main, mais pas en machine. Maximum 40 degr\u00e9s.<\/p>\n<p>Cette bo\u00eete \u00e0 musique est parfaite pour les peluches au crochet, les amigurumi ou autres cadeaux de maternit\u00e9 faits maison.<\/p>\n<p>&nbsp;<\/p>\n<p>&nbsp;<\/p>\n","protected":false},"featured_media":234852,"template":"","meta":[],"product_brand":[],"product_cat":[12366,12308],"product_tag":[12377,7401,12429,12381,12392,12394,13186,12401,13572,12500,13232,13570,12387],"class_list":{"0":"post-134010","1":"product","2":"type-product","3":"status-publish","4":"has-post-thumbnail","6":"product_cat-boites-a-musique","7":"product_cat-materiel-de-bricolage-et-de-crochet","8":"product_tag-amigurumi-fr","9":"product_tag-bebe","10":"product_tag-berceuse","11":"product_tag-boite-a-musique","12":"product_tag-boite-a-musique-fr","13":"product_tag-cordon-de-serrage","14":"product_tag-etoile-fr","15":"product_tag-lavable","16":"product_tag-lavage-a-la-main","17":"product_tag-petit-fr","18":"product_tag-scintillement","19":"product_tag-scintillement-scintillement","20":"product_tag-son","21":"product_shipping_class-envoi-de-colis-necessaire","23":"first","24":"instock","25":"taxable","26":"shipping-taxable","27":"purchasable","28":"product-type-simple"},"bundled_by":[],"bundle_stock_status":"instock","bundle_stock_quantity":18,"bundle_virtual":false,"bundle_layout":"","bundle_add_to_cart_form_location":"","bundle_editable_in_cart":false,"bundle_sold_individually_context":"","bundle_item_grouping":"","bundle_min_size":"","bundle_max_size":"","bundle_price":[],"bundled_items":[],"bundle_sell_ids":[],"yoast_head":"<!-- This site is optimized with the Yoast SEO Premium plugin v27.4 (Yoast SEO v27.5) - https:\/\/yoast.com\/product\/yoast-seo-premium-wordpress\/ -->\n<title>Bo\u00eete \u00e0 musique - Twinkle Little Star - Crochet - Lavable<\/title>\n<meta name=\"description\" content=\"Bo\u00eete \u00e0 musique Twinkle Little Star pour crochet\/amigurumi, peluche faite main ou cadeau de maternit\u00e9. Lecture sans interruption. Lavable \u00e0 la main.\" \/>\n<meta name=\"robots\" content=\"index, follow, max-snippet:-1, max-image-preview:large, max-video-preview:-1\" \/>\n<link rel=\"canonical\" href=\"https:\/\/www.jootjeshaakcadeautjes.nl\/fr\/produit\/boite-a-musique-twinkle-twinkle-little-star\/\" \/>\n<meta property=\"og:locale\" content=\"fr_FR\" \/>\n<meta property=\"og:type\" content=\"article\" \/>\n<meta property=\"og:title\" content=\"Bo\u00eete \u00e0 musique lavable - Twinkle Twinkle Little Star\" \/>\n<meta property=\"og:description\" content=\"Bo\u00eete \u00e0 musique Twinkle Little Star pour crochet\/amigurumi, peluche faite main ou cadeau de maternit\u00e9. Lecture sans interruption. Lavable \u00e0 la main.\" \/>\n<meta property=\"og:url\" content=\"https:\/\/www.jootjeshaakcadeautjes.nl\/fr\/produit\/boite-a-musique-twinkle-twinkle-little-star\/\" \/>\n<meta property=\"og:site_name\" content=\"Jootjes Haakcadeautjes\" \/>\n<meta property=\"article:modified_time\" content=\"2025-03-11T02:57:45+00:00\" \/>\n<meta property=\"og:image\" content=\"https:\/\/www.jootjeshaakcadeautjes.nl\/wp-content\/uploads\/2025\/06\/Naamloos-1509.webp\" \/>\n\t<meta property=\"og:image:width\" content=\"2048\" \/>\n\t<meta property=\"og:image:height\" content=\"2048\" \/>\n\t<meta property=\"og:image:type\" content=\"image\/webp\" \/>\n<meta name=\"twitter:card\" content=\"summary_large_image\" \/>\n<meta name=\"twitter:label1\" content=\"Prix\" \/>\n\t<meta name=\"twitter:data1\" content=\"&euro;6.45 TTC\" \/>\n\t<meta name=\"twitter:label2\" content=\"Disponibilit\u00e9\" \/>\n\t<meta name=\"twitter:data2\" content=\"En stock\" \/>\n<script type=\"application\/ld+json\" class=\"yoast-schema-graph\">{\"@context\":\"https:\\\/\\\/schema.org\",\"@graph\":[{\"@type\":\"WebPage\",\"@id\":\"https:\\\/\\\/www.jootjeshaakcadeautjes.nl\\\/fr\\\/produit\\\/boite-a-musique-twinkle-twinkle-little-star\\\/\",\"url\":\"https:\\\/\\\/www.jootjeshaakcadeautjes.nl\\\/fr\\\/produit\\\/boite-a-musique-twinkle-twinkle-little-star\\\/\",\"name\":\"Bo\u00eete \u00e0 musique - Twinkle Little Star - Crochet - Lavable\",\"isPartOf\":{\"@id\":\"https:\\\/\\\/www.jootjeshaakcadeautjes.nl\\\/fr\\\/#website\"},\"primaryImageOfPage\":{\"@id\":\"https:\\\/\\\/www.jootjeshaakcadeautjes.nl\\\/fr\\\/produit\\\/boite-a-musique-twinkle-twinkle-little-star\\\/#primaryimage\"},\"image\":{\"@id\":\"https:\\\/\\\/www.jootjeshaakcadeautjes.nl\\\/fr\\\/produit\\\/boite-a-musique-twinkle-twinkle-little-star\\\/#primaryimage\"},\"thumbnailUrl\":\"https:\\\/\\\/d1dyryakdmle7o.cloudfront.net\\\/wp-content\\\/uploads\\\/2025\\\/06\\\/Naamloos-1509.webp\",\"datePublished\":\"2021-12-02T22:14:54+00:00\",\"dateModified\":\"2025-03-11T02:57:45+00:00\",\"description\":\"Bo\u00eete \u00e0 musique Twinkle Little Star pour crochet\\\/amigurumi, peluche faite main ou cadeau de maternit\u00e9. Lecture sans interruption. Lavable \u00e0 la main.\",\"breadcrumb\":{\"@id\":\"https:\\\/\\\/www.jootjeshaakcadeautjes.nl\\\/fr\\\/produit\\\/boite-a-musique-twinkle-twinkle-little-star\\\/#breadcrumb\"},\"inLanguage\":\"fr-FR\",\"potentialAction\":[{\"@type\":\"ReadAction\",\"target\":[\"https:\\\/\\\/www.jootjeshaakcadeautjes.nl\\\/fr\\\/produit\\\/boite-a-musique-twinkle-twinkle-little-star\\\/\"]}]},{\"@type\":\"ImageObject\",\"inLanguage\":\"fr-FR\",\"@id\":\"https:\\\/\\\/www.jootjeshaakcadeautjes.nl\\\/fr\\\/produit\\\/boite-a-musique-twinkle-twinkle-little-star\\\/#primaryimage\",\"url\":\"https:\\\/\\\/d1dyryakdmle7o.cloudfront.net\\\/wp-content\\\/uploads\\\/2025\\\/06\\\/Naamloos-1509.webp\",\"contentUrl\":\"https:\\\/\\\/d1dyryakdmle7o.cloudfront.net\\\/wp-content\\\/uploads\\\/2025\\\/06\\\/Naamloos-1509.webp\",\"width\":2048,\"height\":2048},{\"@type\":\"BreadcrumbList\",\"@id\":\"https:\\\/\\\/www.jootjeshaakcadeautjes.nl\\\/fr\\\/produit\\\/boite-a-musique-twinkle-twinkle-little-star\\\/#breadcrumb\",\"itemListElement\":[{\"@type\":\"ListItem\",\"position\":1,\"name\":\"Accueil\",\"item\":\"https:\\\/\\\/www.jootjeshaakcadeautjes.nl\\\/fr\\\/\"},{\"@type\":\"ListItem\",\"position\":2,\"name\":\"Commerce de gros de perles en silicone &#8211; Entreprises et consommateurs\",\"item\":\"https:\\\/\\\/www.jootjeshaakcadeautjes.nl\\\/fr\\\/boutique\\\/\"},{\"@type\":\"ListItem\",\"position\":3,\"name\":\"Bo\u00eete \u00e0 musique lavable &#8211; Twinkle Twinkle Little Star\"}]},{\"@type\":\"WebSite\",\"@id\":\"https:\\\/\\\/www.jootjeshaakcadeautjes.nl\\\/fr\\\/#website\",\"url\":\"https:\\\/\\\/www.jootjeshaakcadeautjes.nl\\\/fr\\\/\",\"name\":\"Jootjes Haakcadeautjes\",\"description\":\"Grossiste en perles de silicone\",\"publisher\":{\"@id\":\"https:\\\/\\\/www.jootjeshaakcadeautjes.nl\\\/fr\\\/#organization\"},\"potentialAction\":[{\"@type\":\"SearchAction\",\"target\":{\"@type\":\"EntryPoint\",\"urlTemplate\":\"https:\\\/\\\/www.jootjeshaakcadeautjes.nl\\\/fr\\\/?s={search_term_string}\"},\"query-input\":{\"@type\":\"PropertyValueSpecification\",\"valueRequired\":true,\"valueName\":\"search_term_string\"}}],\"inLanguage\":\"fr-FR\"},{\"@type\":\"Organization\",\"@id\":\"https:\\\/\\\/www.jootjeshaakcadeautjes.nl\\\/fr\\\/#organization\",\"name\":\"Jootjes Haakcadeautjes\",\"url\":\"https:\\\/\\\/www.jootjeshaakcadeautjes.nl\\\/fr\\\/\",\"logo\":{\"@type\":\"ImageObject\",\"inLanguage\":\"fr-FR\",\"@id\":\"https:\\\/\\\/www.jootjeshaakcadeautjes.nl\\\/fr\\\/#\\\/schema\\\/logo\\\/image\\\/\",\"url\":\"https:\\\/\\\/jootjes-haakcadeautjes-media.s3.amazonaws.com\\\/wp-content\\\/uploads\\\/2023\\\/05\\\/Logo-rond.png\",\"contentUrl\":\"https:\\\/\\\/jootjes-haakcadeautjes-media.s3.amazonaws.com\\\/wp-content\\\/uploads\\\/2023\\\/05\\\/Logo-rond.png\",\"width\":1222,\"height\":1222,\"caption\":\"Jootjes Haakcadeautjes\"},\"image\":{\"@id\":\"https:\\\/\\\/www.jootjeshaakcadeautjes.nl\\\/fr\\\/#\\\/schema\\\/logo\\\/image\\\/\"}}]}<\/script>\n<meta property=\"product:price:amount\" content=\"6.45\" \/>\n<meta property=\"product:price:currency\" content=\"EUR\" \/>\n<meta property=\"og:availability\" content=\"instock\" \/>\n<meta property=\"product:availability\" content=\"instock\" \/>\n<meta property=\"product:retailer_item_id\" content=\"MUZ-DOO-TLS\" \/>\n<meta property=\"product:condition\" content=\"new\" \/>\n<!-- \/ Yoast SEO Premium plugin. -->","yoast_head_json":{"title":"Bo\u00eete \u00e0 musique - Twinkle Little Star - Crochet - Lavable","description":"Bo\u00eete \u00e0 musique Twinkle Little Star pour crochet\/amigurumi, peluche faite main ou cadeau de maternit\u00e9. Lecture sans interruption. Lavable \u00e0 la main.","robots":{"index":"index","follow":"follow","max-snippet":"max-snippet:-1","max-image-preview":"max-image-preview:large","max-video-preview":"max-video-preview:-1"},"canonical":"https:\/\/www.jootjeshaakcadeautjes.nl\/fr\/produit\/boite-a-musique-twinkle-twinkle-little-star\/","og_locale":"fr_FR","og_type":"article","og_title":"Bo\u00eete \u00e0 musique lavable - Twinkle Twinkle Little Star","og_description":"Bo\u00eete \u00e0 musique Twinkle Little Star pour crochet\/amigurumi, peluche faite main ou cadeau de maternit\u00e9. Lecture sans interruption. Lavable \u00e0 la main.","og_url":"https:\/\/www.jootjeshaakcadeautjes.nl\/fr\/produit\/boite-a-musique-twinkle-twinkle-little-star\/","og_site_name":"Jootjes Haakcadeautjes","article_modified_time":"2025-03-11T02:57:45+00:00","og_image":[{"width":2048,"height":2048,"url":"https:\/\/www.jootjeshaakcadeautjes.nl\/wp-content\/uploads\/2025\/06\/Naamloos-1509.webp","type":"image\/webp"}],"twitter_card":"summary_large_image","twitter_misc":{"Prix":"&euro;6.45 TTC","Disponibilit\u00e9":"En stock"},"schema":{"@context":"https:\/\/schema.org","@graph":[{"@type":"WebPage","@id":"https:\/\/www.jootjeshaakcadeautjes.nl\/fr\/produit\/boite-a-musique-twinkle-twinkle-little-star\/","url":"https:\/\/www.jootjeshaakcadeautjes.nl\/fr\/produit\/boite-a-musique-twinkle-twinkle-little-star\/","name":"Bo\u00eete \u00e0 musique - Twinkle Little Star - Crochet - Lavable","isPartOf":{"@id":"https:\/\/www.jootjeshaakcadeautjes.nl\/fr\/#website"},"primaryImageOfPage":{"@id":"https:\/\/www.jootjeshaakcadeautjes.nl\/fr\/produit\/boite-a-musique-twinkle-twinkle-little-star\/#primaryimage"},"image":{"@id":"https:\/\/www.jootjeshaakcadeautjes.nl\/fr\/produit\/boite-a-musique-twinkle-twinkle-little-star\/#primaryimage"},"thumbnailUrl":"https:\/\/d1dyryakdmle7o.cloudfront.net\/wp-content\/uploads\/2025\/06\/Naamloos-1509.webp","datePublished":"2021-12-02T22:14:54+00:00","dateModified":"2025-03-11T02:57:45+00:00","description":"Bo\u00eete \u00e0 musique Twinkle Little Star pour crochet\/amigurumi, peluche faite main ou cadeau de maternit\u00e9. Lecture sans interruption. Lavable \u00e0 la main.","breadcrumb":{"@id":"https:\/\/www.jootjeshaakcadeautjes.nl\/fr\/produit\/boite-a-musique-twinkle-twinkle-little-star\/#breadcrumb"},"inLanguage":"fr-FR","potentialAction":[{"@type":"ReadAction","target":["https:\/\/www.jootjeshaakcadeautjes.nl\/fr\/produit\/boite-a-musique-twinkle-twinkle-little-star\/"]}]},{"@type":"ImageObject","inLanguage":"fr-FR","@id":"https:\/\/www.jootjeshaakcadeautjes.nl\/fr\/produit\/boite-a-musique-twinkle-twinkle-little-star\/#primaryimage","url":"https:\/\/d1dyryakdmle7o.cloudfront.net\/wp-content\/uploads\/2025\/06\/Naamloos-1509.webp","contentUrl":"https:\/\/d1dyryakdmle7o.cloudfront.net\/wp-content\/uploads\/2025\/06\/Naamloos-1509.webp","width":2048,"height":2048},{"@type":"BreadcrumbList","@id":"https:\/\/www.jootjeshaakcadeautjes.nl\/fr\/produit\/boite-a-musique-twinkle-twinkle-little-star\/#breadcrumb","itemListElement":[{"@type":"ListItem","position":1,"name":"Accueil","item":"https:\/\/www.jootjeshaakcadeautjes.nl\/fr\/"},{"@type":"ListItem","position":2,"name":"Commerce de gros de perles en silicone &#8211; Entreprises et consommateurs","item":"https:\/\/www.jootjeshaakcadeautjes.nl\/fr\/boutique\/"},{"@type":"ListItem","position":3,"name":"Bo\u00eete \u00e0 musique lavable &#8211; Twinkle Twinkle Little Star"}]},{"@type":"WebSite","@id":"https:\/\/www.jootjeshaakcadeautjes.nl\/fr\/#website","url":"https:\/\/www.jootjeshaakcadeautjes.nl\/fr\/","name":"Jootjes Haakcadeautjes","description":"Grossiste en perles de silicone","publisher":{"@id":"https:\/\/www.jootjeshaakcadeautjes.nl\/fr\/#organization"},"potentialAction":[{"@type":"SearchAction","target":{"@type":"EntryPoint","urlTemplate":"https:\/\/www.jootjeshaakcadeautjes.nl\/fr\/?s={search_term_string}"},"query-input":{"@type":"PropertyValueSpecification","valueRequired":true,"valueName":"search_term_string"}}],"inLanguage":"fr-FR"},{"@type":"Organization","@id":"https:\/\/www.jootjeshaakcadeautjes.nl\/fr\/#organization","name":"Jootjes Haakcadeautjes","url":"https:\/\/www.jootjeshaakcadeautjes.nl\/fr\/","logo":{"@type":"ImageObject","inLanguage":"fr-FR","@id":"https:\/\/www.jootjeshaakcadeautjes.nl\/fr\/#\/schema\/logo\/image\/","url":"https:\/\/jootjes-haakcadeautjes-media.s3.amazonaws.com\/wp-content\/uploads\/2023\/05\/Logo-rond.png","contentUrl":"https:\/\/jootjes-haakcadeautjes-media.s3.amazonaws.com\/wp-content\/uploads\/2023\/05\/Logo-rond.png","width":1222,"height":1222,"caption":"Jootjes Haakcadeautjes"},"image":{"@id":"https:\/\/www.jootjeshaakcadeautjes.nl\/fr\/#\/schema\/logo\/image\/"}}]},"product_price_amount":"6.45","product_price_currency":"EUR","og_availability":"instock","product_availability":"instock","product_retailer_item_id":"MUZ-DOO-TLS","product_condition":"new"},"_links":{"self":[{"href":"https:\/\/www.jootjeshaakcadeautjes.nl\/fr\/wp-json\/wp\/v2\/product\/134010","targetHints":{"allow":["GET"]}}],"collection":[{"href":"https:\/\/www.jootjeshaakcadeautjes.nl\/fr\/wp-json\/wp\/v2\/product"}],"about":[{"href":"https:\/\/www.jootjeshaakcadeautjes.nl\/fr\/wp-json\/wp\/v2\/types\/product"}],"version-history":[{"count":0,"href":"https:\/\/www.jootjeshaakcadeautjes.nl\/fr\/wp-json\/wp\/v2\/product\/134010\/revisions"}],"wp:featuredmedia":[{"embeddable":true,"href":"https:\/\/www.jootjeshaakcadeautjes.nl\/fr\/wp-json\/wp\/v2\/media\/234852"}],"wp:attachment":[{"href":"https:\/\/www.jootjeshaakcadeautjes.nl\/fr\/wp-json\/wp\/v2\/media?parent=134010"}],"wp:term":[{"taxonomy":"product_brand","embeddable":true,"href":"https:\/\/www.jootjeshaakcadeautjes.nl\/fr\/wp-json\/wp\/v2\/product_brand?post=134010"},{"taxonomy":"product_cat","embeddable":true,"href":"https:\/\/www.jootjeshaakcadeautjes.nl\/fr\/wp-json\/wp\/v2\/product_cat?post=134010"},{"taxonomy":"product_tag","embeddable":true,"href":"https:\/\/www.jootjeshaakcadeautjes.nl\/fr\/wp-json\/wp\/v2\/product_tag?post=134010"}],"curies":[{"name":"wp","href":"https:\/\/api.w.org\/{rel}","templated":true}]}}