{"id":134044,"date":"2021-11-23T21:31:43","date_gmt":"2021-11-23T20:31:43","guid":{"rendered":"https:\/\/www.jootjeshaakcadeautjes.nl\/product\/natural-rubber-bite-figure-bath-toy-littlejo-moon-maya\/"},"modified":"2025-11-03T14:36:56","modified_gmt":"2025-11-03T12:36:56","slug":"natural-rubber-bite-figure-bath-toy-littlejo-moon-maya","status":"publish","type":"product","link":"https:\/\/www.jootjeshaakcadeautjes.nl\/fr\/produit\/natural-rubber-bite-figure-bath-toy-littlejo-moon-maya\/","title":{"rendered":"Jouets de dentition \/ bain en caoutchouc naturel &#8211; LittleJo &#8211; Moon Maya"},"content":{"rendered":"<h2>Jouets de dentition \/ bain en caoutchouc naturel &#8211; Little Jo &#8211; Moon Maya<\/h2>\n<p>Mati\u00e8re : 100% caoutchouc naturel\/latex test\u00e9 pour la s\u00e9curit\u00e9 des b\u00e9b\u00e9s, caoutchouc naturel provenant de l&#8217;arbre Hevea Brasiliensis. Sans BPA !<br \/>\nMarque : LittleJo<br \/>\nVariante : Moon Maya avec son petit ami l&#8217;ours Beau<\/p>\n<p>\u00c9galement connu sous le nom de : Jouets de dentition en caoutchouc naturel, en latex et \u00e9cologiques, jouets de dentition et jouets de bain.<\/p>\n<p><strong>Pourquoi choisir le caoutchouc naturel ?<\/strong><\/p>\n<p>Le caoutchouc naturel est fabriqu\u00e9 \u00e0 partir de l&#8217;arbre Hevea Brasiliensis. Les jouets fabriqu\u00e9s dans ce mat\u00e9riau de haute qualit\u00e9 sont 100 % s\u00fbrs pour les b\u00e9b\u00e9s. En outre, le caoutchouc naturel est un produit durable qui peut \u00eatre tr\u00e8s facilement d\u00e9grad\u00e9 par des micro-organismes.<\/p>\n<p>Le caoutchouc naturel est connu pour avoir une odeur typique de caoutchouc naturel. Et bien que nous ne puissions pas l&#8217;expliquer, ce parfum est tr\u00e8s attrayant pour les petits. C&#8217;est pourquoi ces jouets sont litt\u00e9ralement &#8220;amusants&#8221; !<\/p>\n","protected":false},"excerpt":{"rendered":"<p>Mati\u00e8re : 100% caoutchouc naturel\/latex test\u00e9 pour la s\u00e9curit\u00e9 des b\u00e9b\u00e9s, caoutchouc naturel provenant de l&#8217;arbre Hevea Brasiliensis. Sans BPA !<br \/>\nMarque : LittleJo<br \/>\nVariante : Moon Maya avec son petit ami l&#8217;ours Beau<\/p>\n<p>\u00c9galement connu sous le nom de : Jouets de dentition en caoutchouc naturel, en latex et \u00e9cologiques, jouets de dentition et jouets de bain.<\/p>\n","protected":false},"featured_media":77925,"template":"","meta":[],"product_brand":[],"product_cat":[10172,12293],"product_tag":[13176,7384,7401,7424,10038,13678,13203,12391,13776,13777,7440,13774,12657,10342,10086,13169,13175,7508,13775,12661,7408],"class_list":{"0":"post-134044","1":"product","2":"type-product","3":"status-publish","4":"has-post-thumbnail","6":"product_cat-accessoires-pour-bebes","7":"product_cat-anneaux-de-dentition-bebe-silicone-et-bois","8":"product_tag-100-fr","9":"product_tag-anneau-de-dentition","10":"product_tag-bebe","11":"product_tag-bpa-fr","12":"product_tag-caoutchouc","13":"product_tag-caoutchouc-naturel","14":"product_tag-dentition-fr","15":"product_tag-dents","16":"product_tag-dents-fr","17":"product_tag-durable-fr-2","18":"product_tag-gratuit","19":"product_tag-hevea-fr","20":"product_tag-jouet-de-dentition","21":"product_tag-lanneau-de-prehension","22":"product_tag-latex-fr","23":"product_tag-lune","24":"product_tag-maya-fr","25":"product_tag-morsure","26":"product_tag-naturel-fr-3","27":"product_tag-petitjo","28":"product_tag-sur","30":"first","31":"outofstock","32":"taxable","33":"shipping-taxable","34":"purchasable","35":"product-type-simple"},"bundled_by":[],"bundle_stock_status":"outofstock","bundle_stock_quantity":0,"bundle_virtual":false,"bundle_layout":"","bundle_add_to_cart_form_location":"","bundle_editable_in_cart":false,"bundle_sold_individually_context":"","bundle_item_grouping":"","bundle_min_size":"","bundle_max_size":"","bundle_price":[],"bundled_items":[],"bundle_sell_ids":[],"yoast_head":"<!-- This site is optimized with the Yoast SEO Premium plugin v27.6 (Yoast SEO v27.6) - https:\/\/yoast.com\/product\/yoast-seo-premium-wordpress\/ -->\n<title>Figurine de dentition en caoutchouc naturel \/ Jouet de bain - Moon Maya<\/title>\n<meta name=\"description\" content=\"Moon Maya - Le jouet de dentition et de bain en caoutchouc naturel. Parfait pour les pouss\u00e9es dentaires et pour des heures de plaisir dans le bain. 100%% caoutchouc naturel sans BPA.\" \/>\n<meta name=\"robots\" content=\"index, follow, max-snippet:-1, max-image-preview:large, max-video-preview:-1\" \/>\n<link rel=\"canonical\" href=\"https:\/\/www.jootjeshaakcadeautjes.nl\/fr\/produit\/natural-rubber-bite-figure-bath-toy-littlejo-moon-maya\/\" \/>\n<meta property=\"og:locale\" content=\"fr_FR\" \/>\n<meta property=\"og:type\" content=\"article\" \/>\n<meta property=\"og:title\" content=\"Jouets de dentition \/ bain en caoutchouc naturel - LittleJo - Moon Maya\" \/>\n<meta property=\"og:description\" content=\"Moon Maya - Le jouet de dentition et de bain en caoutchouc naturel. Parfait pour les pouss\u00e9es dentaires et pour des heures de plaisir dans le bain. 100%% caoutchouc naturel sans BPA.\" \/>\n<meta property=\"og:url\" content=\"https:\/\/www.jootjeshaakcadeautjes.nl\/fr\/produit\/natural-rubber-bite-figure-bath-toy-littlejo-moon-maya\/\" \/>\n<meta property=\"og:site_name\" content=\"Jootjes Haakcadeautjes\" \/>\n<meta property=\"article:modified_time\" content=\"2025-11-03T12:36:56+00:00\" \/>\n<meta property=\"og:image\" content=\"https:\/\/www.jootjeshaakcadeautjes.nl\/wp-content\/uploads\/2021\/11\/20210921_213422-2-scaled.jpg\" \/>\n\t<meta property=\"og:image:width\" content=\"2048\" \/>\n\t<meta property=\"og:image:height\" content=\"2048\" \/>\n\t<meta property=\"og:image:type\" content=\"image\/jpeg\" \/>\n<meta name=\"twitter:card\" content=\"summary_large_image\" \/>\n<meta name=\"twitter:label1\" content=\"Prix\" \/>\n\t<meta name=\"twitter:data1\" content=\"&euro;6.95 TTC\" \/>\n\t<meta name=\"twitter:label2\" content=\"Disponibilit\u00e9\" \/>\n\t<meta name=\"twitter:data2\" content=\"Rupture de stock\" \/>\n<script type=\"application\/ld+json\" class=\"yoast-schema-graph\">{\"@context\":\"https:\\\/\\\/schema.org\",\"@graph\":[{\"@type\":\"WebPage\",\"@id\":\"https:\\\/\\\/www.jootjeshaakcadeautjes.nl\\\/fr\\\/produit\\\/natural-rubber-bite-figure-bath-toy-littlejo-moon-maya\\\/\",\"url\":\"https:\\\/\\\/www.jootjeshaakcadeautjes.nl\\\/fr\\\/produit\\\/natural-rubber-bite-figure-bath-toy-littlejo-moon-maya\\\/\",\"name\":\"Figurine de dentition en caoutchouc naturel \\\/ Jouet de bain - Moon Maya\",\"isPartOf\":{\"@id\":\"https:\\\/\\\/www.jootjeshaakcadeautjes.nl\\\/fr\\\/#website\"},\"primaryImageOfPage\":{\"@id\":\"https:\\\/\\\/www.jootjeshaakcadeautjes.nl\\\/fr\\\/produit\\\/natural-rubber-bite-figure-bath-toy-littlejo-moon-maya\\\/#primaryimage\"},\"image\":{\"@id\":\"https:\\\/\\\/www.jootjeshaakcadeautjes.nl\\\/fr\\\/produit\\\/natural-rubber-bite-figure-bath-toy-littlejo-moon-maya\\\/#primaryimage\"},\"thumbnailUrl\":\"https:\\\/\\\/d1dyryakdmle7o.cloudfront.net\\\/wp-content\\\/uploads\\\/2021\\\/11\\\/20210921_213422-2-scaled.jpg\",\"datePublished\":\"2021-11-23T20:31:43+00:00\",\"dateModified\":\"2025-11-03T12:36:56+00:00\",\"description\":\"Moon Maya - Le jouet de dentition et de bain en caoutchouc naturel. Parfait pour les pouss\u00e9es dentaires et pour des heures de plaisir dans le bain. 100%% caoutchouc naturel sans BPA.\",\"breadcrumb\":{\"@id\":\"https:\\\/\\\/www.jootjeshaakcadeautjes.nl\\\/fr\\\/produit\\\/natural-rubber-bite-figure-bath-toy-littlejo-moon-maya\\\/#breadcrumb\"},\"inLanguage\":\"fr-FR\",\"potentialAction\":[{\"@type\":\"ReadAction\",\"target\":[\"https:\\\/\\\/www.jootjeshaakcadeautjes.nl\\\/fr\\\/produit\\\/natural-rubber-bite-figure-bath-toy-littlejo-moon-maya\\\/\"]}]},{\"@type\":\"ImageObject\",\"inLanguage\":\"fr-FR\",\"@id\":\"https:\\\/\\\/www.jootjeshaakcadeautjes.nl\\\/fr\\\/produit\\\/natural-rubber-bite-figure-bath-toy-littlejo-moon-maya\\\/#primaryimage\",\"url\":\"https:\\\/\\\/d1dyryakdmle7o.cloudfront.net\\\/wp-content\\\/uploads\\\/2021\\\/11\\\/20210921_213422-2-scaled.jpg\",\"contentUrl\":\"https:\\\/\\\/d1dyryakdmle7o.cloudfront.net\\\/wp-content\\\/uploads\\\/2021\\\/11\\\/20210921_213422-2-scaled.jpg\",\"width\":2048,\"height\":2048,\"caption\":\"Jouet de dentition en caoutchouc naturel Hevea Natruba Latex Jouet de bain Sans BPA Moon Maya LittleJo\"},{\"@type\":\"BreadcrumbList\",\"@id\":\"https:\\\/\\\/www.jootjeshaakcadeautjes.nl\\\/fr\\\/produit\\\/natural-rubber-bite-figure-bath-toy-littlejo-moon-maya\\\/#breadcrumb\",\"itemListElement\":[{\"@type\":\"ListItem\",\"position\":1,\"name\":\"Accueil\",\"item\":\"https:\\\/\\\/www.jootjeshaakcadeautjes.nl\\\/fr\\\/\"},{\"@type\":\"ListItem\",\"position\":2,\"name\":\"Commerce de gros de perles en silicone &#8211; Entreprises et consommateurs\",\"item\":\"https:\\\/\\\/www.jootjeshaakcadeautjes.nl\\\/fr\\\/boutique\\\/\"},{\"@type\":\"ListItem\",\"position\":3,\"name\":\"Jouets de dentition \\\/ bain en caoutchouc naturel &#8211; LittleJo &#8211; Moon Maya\"}]},{\"@type\":\"WebSite\",\"@id\":\"https:\\\/\\\/www.jootjeshaakcadeautjes.nl\\\/fr\\\/#website\",\"url\":\"https:\\\/\\\/www.jootjeshaakcadeautjes.nl\\\/fr\\\/\",\"name\":\"Jootjes Haakcadeautjes\",\"description\":\"Grossiste en perles de silicone\",\"publisher\":{\"@id\":\"https:\\\/\\\/www.jootjeshaakcadeautjes.nl\\\/fr\\\/#organization\"},\"potentialAction\":[{\"@type\":\"SearchAction\",\"target\":{\"@type\":\"EntryPoint\",\"urlTemplate\":\"https:\\\/\\\/www.jootjeshaakcadeautjes.nl\\\/fr\\\/?s={search_term_string}\"},\"query-input\":{\"@type\":\"PropertyValueSpecification\",\"valueRequired\":true,\"valueName\":\"search_term_string\"}}],\"inLanguage\":\"fr-FR\"},{\"@type\":\"Organization\",\"@id\":\"https:\\\/\\\/www.jootjeshaakcadeautjes.nl\\\/fr\\\/#organization\",\"name\":\"Jootjes Haakcadeautjes\",\"url\":\"https:\\\/\\\/www.jootjeshaakcadeautjes.nl\\\/fr\\\/\",\"logo\":{\"@type\":\"ImageObject\",\"inLanguage\":\"fr-FR\",\"@id\":\"https:\\\/\\\/www.jootjeshaakcadeautjes.nl\\\/fr\\\/#\\\/schema\\\/logo\\\/image\\\/\",\"url\":\"https:\\\/\\\/d1dyryakdmle7o.cloudfront.net\\\/wp-content\\\/uploads\\\/2023\\\/05\\\/Logo-rond.png\",\"contentUrl\":\"https:\\\/\\\/d1dyryakdmle7o.cloudfront.net\\\/wp-content\\\/uploads\\\/2023\\\/05\\\/Logo-rond.png\",\"width\":1222,\"height\":1222,\"caption\":\"Jootjes Haakcadeautjes\"},\"image\":{\"@id\":\"https:\\\/\\\/www.jootjeshaakcadeautjes.nl\\\/fr\\\/#\\\/schema\\\/logo\\\/image\\\/\"}}]}<\/script>\n<meta property=\"product:price:amount\" content=\"6.95\" \/>\n<meta property=\"product:price:currency\" content=\"EUR\" \/>\n<meta property=\"og:availability\" content=\"out of stock\" \/>\n<meta property=\"product:availability\" content=\"out of stock\" \/>\n<meta property=\"product:retailer_item_id\" content=\"NTR-LJO-MAM\" \/>\n<meta property=\"product:condition\" content=\"new\" \/>\n<!-- \/ Yoast SEO Premium plugin. -->","yoast_head_json":{"title":"Figurine de dentition en caoutchouc naturel \/ Jouet de bain - Moon Maya","description":"Moon Maya - Le jouet de dentition et de bain en caoutchouc naturel. Parfait pour les pouss\u00e9es dentaires et pour des heures de plaisir dans le bain. 100%% caoutchouc naturel sans BPA.","robots":{"index":"index","follow":"follow","max-snippet":"max-snippet:-1","max-image-preview":"max-image-preview:large","max-video-preview":"max-video-preview:-1"},"canonical":"https:\/\/www.jootjeshaakcadeautjes.nl\/fr\/produit\/natural-rubber-bite-figure-bath-toy-littlejo-moon-maya\/","og_locale":"fr_FR","og_type":"article","og_title":"Jouets de dentition \/ bain en caoutchouc naturel - LittleJo - Moon Maya","og_description":"Moon Maya - Le jouet de dentition et de bain en caoutchouc naturel. Parfait pour les pouss\u00e9es dentaires et pour des heures de plaisir dans le bain. 100%% caoutchouc naturel sans BPA.","og_url":"https:\/\/www.jootjeshaakcadeautjes.nl\/fr\/produit\/natural-rubber-bite-figure-bath-toy-littlejo-moon-maya\/","og_site_name":"Jootjes Haakcadeautjes","article_modified_time":"2025-11-03T12:36:56+00:00","og_image":[{"width":2048,"height":2048,"url":"https:\/\/www.jootjeshaakcadeautjes.nl\/wp-content\/uploads\/2021\/11\/20210921_213422-2-scaled.jpg","type":"image\/jpeg"}],"twitter_card":"summary_large_image","twitter_misc":{"Prix":"&euro;6.95 TTC","Disponibilit\u00e9":"Rupture de stock"},"schema":{"@context":"https:\/\/schema.org","@graph":[{"@type":"WebPage","@id":"https:\/\/www.jootjeshaakcadeautjes.nl\/fr\/produit\/natural-rubber-bite-figure-bath-toy-littlejo-moon-maya\/","url":"https:\/\/www.jootjeshaakcadeautjes.nl\/fr\/produit\/natural-rubber-bite-figure-bath-toy-littlejo-moon-maya\/","name":"Figurine de dentition en caoutchouc naturel \/ Jouet de bain - Moon Maya","isPartOf":{"@id":"https:\/\/www.jootjeshaakcadeautjes.nl\/fr\/#website"},"primaryImageOfPage":{"@id":"https:\/\/www.jootjeshaakcadeautjes.nl\/fr\/produit\/natural-rubber-bite-figure-bath-toy-littlejo-moon-maya\/#primaryimage"},"image":{"@id":"https:\/\/www.jootjeshaakcadeautjes.nl\/fr\/produit\/natural-rubber-bite-figure-bath-toy-littlejo-moon-maya\/#primaryimage"},"thumbnailUrl":"https:\/\/d1dyryakdmle7o.cloudfront.net\/wp-content\/uploads\/2021\/11\/20210921_213422-2-scaled.jpg","datePublished":"2021-11-23T20:31:43+00:00","dateModified":"2025-11-03T12:36:56+00:00","description":"Moon Maya - Le jouet de dentition et de bain en caoutchouc naturel. Parfait pour les pouss\u00e9es dentaires et pour des heures de plaisir dans le bain. 100%% caoutchouc naturel sans BPA.","breadcrumb":{"@id":"https:\/\/www.jootjeshaakcadeautjes.nl\/fr\/produit\/natural-rubber-bite-figure-bath-toy-littlejo-moon-maya\/#breadcrumb"},"inLanguage":"fr-FR","potentialAction":[{"@type":"ReadAction","target":["https:\/\/www.jootjeshaakcadeautjes.nl\/fr\/produit\/natural-rubber-bite-figure-bath-toy-littlejo-moon-maya\/"]}]},{"@type":"ImageObject","inLanguage":"fr-FR","@id":"https:\/\/www.jootjeshaakcadeautjes.nl\/fr\/produit\/natural-rubber-bite-figure-bath-toy-littlejo-moon-maya\/#primaryimage","url":"https:\/\/d1dyryakdmle7o.cloudfront.net\/wp-content\/uploads\/2021\/11\/20210921_213422-2-scaled.jpg","contentUrl":"https:\/\/d1dyryakdmle7o.cloudfront.net\/wp-content\/uploads\/2021\/11\/20210921_213422-2-scaled.jpg","width":2048,"height":2048,"caption":"Jouet de dentition en caoutchouc naturel Hevea Natruba Latex Jouet de bain Sans BPA Moon Maya LittleJo"},{"@type":"BreadcrumbList","@id":"https:\/\/www.jootjeshaakcadeautjes.nl\/fr\/produit\/natural-rubber-bite-figure-bath-toy-littlejo-moon-maya\/#breadcrumb","itemListElement":[{"@type":"ListItem","position":1,"name":"Accueil","item":"https:\/\/www.jootjeshaakcadeautjes.nl\/fr\/"},{"@type":"ListItem","position":2,"name":"Commerce de gros de perles en silicone &#8211; Entreprises et consommateurs","item":"https:\/\/www.jootjeshaakcadeautjes.nl\/fr\/boutique\/"},{"@type":"ListItem","position":3,"name":"Jouets de dentition \/ bain en caoutchouc naturel &#8211; LittleJo &#8211; Moon Maya"}]},{"@type":"WebSite","@id":"https:\/\/www.jootjeshaakcadeautjes.nl\/fr\/#website","url":"https:\/\/www.jootjeshaakcadeautjes.nl\/fr\/","name":"Jootjes Haakcadeautjes","description":"Grossiste en perles de silicone","publisher":{"@id":"https:\/\/www.jootjeshaakcadeautjes.nl\/fr\/#organization"},"potentialAction":[{"@type":"SearchAction","target":{"@type":"EntryPoint","urlTemplate":"https:\/\/www.jootjeshaakcadeautjes.nl\/fr\/?s={search_term_string}"},"query-input":{"@type":"PropertyValueSpecification","valueRequired":true,"valueName":"search_term_string"}}],"inLanguage":"fr-FR"},{"@type":"Organization","@id":"https:\/\/www.jootjeshaakcadeautjes.nl\/fr\/#organization","name":"Jootjes Haakcadeautjes","url":"https:\/\/www.jootjeshaakcadeautjes.nl\/fr\/","logo":{"@type":"ImageObject","inLanguage":"fr-FR","@id":"https:\/\/www.jootjeshaakcadeautjes.nl\/fr\/#\/schema\/logo\/image\/","url":"https:\/\/d1dyryakdmle7o.cloudfront.net\/wp-content\/uploads\/2023\/05\/Logo-rond.png","contentUrl":"https:\/\/d1dyryakdmle7o.cloudfront.net\/wp-content\/uploads\/2023\/05\/Logo-rond.png","width":1222,"height":1222,"caption":"Jootjes Haakcadeautjes"},"image":{"@id":"https:\/\/www.jootjeshaakcadeautjes.nl\/fr\/#\/schema\/logo\/image\/"}}]},"product_price_amount":"6.95","product_price_currency":"EUR","og_availability":"out of stock","product_availability":"out of stock","product_retailer_item_id":"NTR-LJO-MAM","product_condition":"new"},"_links":{"self":[{"href":"https:\/\/www.jootjeshaakcadeautjes.nl\/fr\/wp-json\/wp\/v2\/product\/134044","targetHints":{"allow":["GET"]}}],"collection":[{"href":"https:\/\/www.jootjeshaakcadeautjes.nl\/fr\/wp-json\/wp\/v2\/product"}],"about":[{"href":"https:\/\/www.jootjeshaakcadeautjes.nl\/fr\/wp-json\/wp\/v2\/types\/product"}],"version-history":[{"count":0,"href":"https:\/\/www.jootjeshaakcadeautjes.nl\/fr\/wp-json\/wp\/v2\/product\/134044\/revisions"}],"wp:featuredmedia":[{"embeddable":true,"href":"https:\/\/www.jootjeshaakcadeautjes.nl\/fr\/wp-json\/wp\/v2\/media\/77925"}],"wp:attachment":[{"href":"https:\/\/www.jootjeshaakcadeautjes.nl\/fr\/wp-json\/wp\/v2\/media?parent=134044"}],"wp:term":[{"taxonomy":"product_brand","embeddable":true,"href":"https:\/\/www.jootjeshaakcadeautjes.nl\/fr\/wp-json\/wp\/v2\/product_brand?post=134044"},{"taxonomy":"product_cat","embeddable":true,"href":"https:\/\/www.jootjeshaakcadeautjes.nl\/fr\/wp-json\/wp\/v2\/product_cat?post=134044"},{"taxonomy":"product_tag","embeddable":true,"href":"https:\/\/www.jootjeshaakcadeautjes.nl\/fr\/wp-json\/wp\/v2\/product_tag?post=134044"}],"curies":[{"name":"wp","href":"https:\/\/api.w.org\/{rel}","templated":true}]}}