{"id":134171,"date":"2021-09-19T21:45:57","date_gmt":"2021-09-19T19:45:57","guid":{"rendered":"https:\/\/www.jootjeshaakcadeautjes.nl\/product\/perle-en-bois-gravee-dahlia-fleur-hetre-20-mm\/"},"modified":"2025-03-11T16:58:06","modified_gmt":"2025-03-11T15:58:06","slug":"perle-en-bois-gravee-dahlia-fleur-hetre-20-mm","status":"publish","type":"product","link":"https:\/\/www.jootjeshaakcadeautjes.nl\/fr\/produit\/perle-en-bois-gravee-dahlia-fleur-hetre-20-mm\/","title":{"rendered":"Perle en bois &#8211; grav\u00e9e &#8211; Dahlia &#8211; Fleur &#8211; Bois de h\u00eatre &#8211; 20 mm"},"content":{"rendered":"<h2><strong>Perles en bois &#8211; Bois de h\u00eatre &#8211; Diam\u00e8tre 20 mm &#8211; Grav\u00e9es &#8211; Dahlia &#8211; Fleur<\/strong><\/h2>\n<p>Mat\u00e9riau : Bois de h\u00eatre poli non trait\u00e9<br \/>\nTaille : 20 mm, trou de haut en bas. Voir aussi l&#8217;exemple de photo.<br \/>\nLes deux faces sont grav\u00e9es d&#8217;un Dahlia stylis\u00e9 &#8211; Produit unique de LittleJo.<br \/>\nCertification : Certifi\u00e9 CE, conform\u00e9ment \u00e0 la norme EN-71 Fabriqu\u00e9 en bois de h\u00eatre brut (non laqu\u00e9, ni teint\u00e9, ni huil\u00e9). Finition extr\u00eamement lisse.<br \/>\nLes perles en bois sont un produit naturel et peuvent donc pr\u00e9senter des variations minimes.<br \/>\nEn cas d&#8217;\u00e9carts importants, ils ne sont pas vendus mais jet\u00e9s.<\/p>\n<p>Il y a 2 dahlias sur chaque perle. Ouverture de 4 mm de diam\u00e8tre.<\/p>\n<p>Id\u00e9al pour un attache-t\u00e9tine, un anneau de dentition ou un collier d&#8217;allaitement et assorti \u00e0 toutes sortes de couleurs amusantes et de motifs arc-en-ciel.<\/p>\n<p>&nbsp;<\/p>\n","protected":false},"excerpt":{"rendered":"<p><strong>Perles en bois &#8211; Bois de h\u00eatre &#8211; diam\u00e8tre 16 mm &#8211; Grav\u00e9es &#8211; Dahlia &#8211; Fleur<\/strong><\/p>\n<p>Mat\u00e9riau : Bois de h\u00eatre poli non trait\u00e9<br \/>\nTaille : 20 mm, le trou va de haut en bas. Cette perle est donc parfaite pour \u00eatre utilis\u00e9e sur un cordon factice. Voir aussi l&#8217;exemple de photo.<br \/>\nLes deux sont grav\u00e9s sur mesure avec 2 Dahlias &#8211; Produit unique de LittleJo.<br \/>\nCertification : certifi\u00e9 CE, conforme \u00e0 la norme EN-71, 100% s\u00fbr pour les b\u00e9b\u00e9s.<\/p>\n","protected":false},"featured_media":77349,"template":"","meta":[],"product_brand":[],"product_cat":[7378,6994,12308,10405,10408],"product_tag":[7457,7448,10489,7384,10409,12653,12316,10295,7455,12588,7197,7418,10282,9997,7402,12313,10414,13639,7392,7395,7200,12661,13668],"class_list":{"0":"post-134171","1":"product","2":"type-product","3":"status-publish","4":"has-post-thumbnail","6":"product_cat-fabrication-de-jouets-de-dentition-pour-bebe-cordon-de-sucette-et-anneaux-de-dentition","7":"product_cat-gravure-au-laser-produits-cadeaux","8":"product_cat-materiel-de-bricolage-et-de-crochet","9":"product_cat-perles-en-bois-fil-de-sucette-et-anneau-de-dentition-toutes-les-perles-en-bois","10":"product_cat-perles-en-bois-gravees-pour-cordon-de-sucette-et-anneau-de-dentition","11":"product_tag-20-fr","12":"product_tag-20-mm-fr","13":"product_tag-20mm-fr","14":"product_tag-anneau-de-dentition","15":"product_tag-bois-fr","16":"product_tag-bois-de-hetre-fr","17":"product_tag-brut","18":"product_tag-certifie-fr","19":"product_tag-chaine-de-landau","20":"product_tag-dahlia-fr","21":"product_tag-en-bois","22":"product_tag-faux-cordon","23":"product_tag-fleur-fr-2","24":"product_tag-fr-71","25":"product_tag-grave","26":"product_tag-gymnastique-pour-bebes","27":"product_tag-hetre","28":"product_tag-jouets-pour-bebes","29":"product_tag-mm-fr","30":"product_tag-perle","31":"product_tag-perles","32":"product_tag-petitjo","33":"product_tag-securite-des-bebes-fr","35":"first","36":"instock","37":"taxable","38":"shipping-taxable","39":"purchasable","40":"product-type-simple"},"bundled_by":[],"bundle_stock_status":"instock","bundle_stock_quantity":499,"bundle_virtual":false,"bundle_layout":"","bundle_add_to_cart_form_location":"","bundle_editable_in_cart":false,"bundle_sold_individually_context":"","bundle_item_grouping":"","bundle_min_size":"","bundle_max_size":"","bundle_price":[],"bundled_items":[],"bundle_sell_ids":[],"yoast_head":"<!-- This site is optimized with the Yoast SEO Premium plugin v27.6 (Yoast SEO v27.6) - https:\/\/yoast.com\/product\/yoast-seo-premium-wordpress\/ -->\n<title>Perle en bois - grav\u00e9e - Dahlia - Fleur - Bois de h\u00eatre - 20 mm -%.<\/title>\n<meta name=\"description\" content=\"Perles en bois de h\u00eatre Perles arc-en-ciel de 16 mm avec un arc-en-ciel magnifiquement grav\u00e9 sur les deux faces. Pas de rev\u00eatement, super fini. Tr\u00e8s chic !\" \/>\n<meta name=\"robots\" content=\"index, follow, max-snippet:-1, max-image-preview:large, max-video-preview:-1\" \/>\n<link rel=\"canonical\" href=\"https:\/\/www.jootjeshaakcadeautjes.nl\/fr\/produit\/perle-en-bois-gravee-dahlia-fleur-hetre-20-mm\/\" \/>\n<meta property=\"og:locale\" content=\"fr_FR\" \/>\n<meta property=\"og:type\" content=\"article\" \/>\n<meta property=\"og:title\" content=\"Perle en bois - grav\u00e9e - Dahlia - Fleur - Bois de h\u00eatre - 20 mm\" \/>\n<meta property=\"og:description\" content=\"Perles en bois de h\u00eatre Perles arc-en-ciel de 16 mm avec un arc-en-ciel magnifiquement grav\u00e9 sur les deux faces. Pas de rev\u00eatement, super fini. Tr\u00e8s chic !\" \/>\n<meta property=\"og:url\" content=\"https:\/\/www.jootjeshaakcadeautjes.nl\/fr\/produit\/perle-en-bois-gravee-dahlia-fleur-hetre-20-mm\/\" \/>\n<meta property=\"og:site_name\" content=\"Jootjes Haakcadeautjes\" \/>\n<meta property=\"article:modified_time\" content=\"2025-03-11T15:58:06+00:00\" \/>\n<meta property=\"og:image\" content=\"https:\/\/www.jootjeshaakcadeautjes.nl\/wp-content\/uploads\/2021\/09\/20210731_204510.jpg\" \/>\n\t<meta property=\"og:image:width\" content=\"1730\" \/>\n\t<meta property=\"og:image:height\" content=\"1730\" \/>\n\t<meta property=\"og:image:type\" content=\"image\/jpeg\" \/>\n<meta name=\"twitter:card\" content=\"summary_large_image\" \/>\n<meta name=\"twitter:label1\" content=\"Prix\" \/>\n\t<meta name=\"twitter:data1\" content=\"&euro;0.60 TTC\" \/>\n\t<meta name=\"twitter:label2\" content=\"Disponibilit\u00e9\" \/>\n\t<meta name=\"twitter:data2\" content=\"En stock\" \/>\n<script type=\"application\/ld+json\" class=\"yoast-schema-graph\">{\"@context\":\"https:\\\/\\\/schema.org\",\"@graph\":[{\"@type\":\"WebPage\",\"@id\":\"https:\\\/\\\/www.jootjeshaakcadeautjes.nl\\\/fr\\\/produit\\\/perle-en-bois-gravee-dahlia-fleur-hetre-20-mm\\\/\",\"url\":\"https:\\\/\\\/www.jootjeshaakcadeautjes.nl\\\/fr\\\/produit\\\/perle-en-bois-gravee-dahlia-fleur-hetre-20-mm\\\/\",\"name\":\"Perle en bois - grav\u00e9e - Dahlia - Fleur - Bois de h\u00eatre - 20 mm -%.\",\"isPartOf\":{\"@id\":\"https:\\\/\\\/www.jootjeshaakcadeautjes.nl\\\/fr\\\/#website\"},\"primaryImageOfPage\":{\"@id\":\"https:\\\/\\\/www.jootjeshaakcadeautjes.nl\\\/fr\\\/produit\\\/perle-en-bois-gravee-dahlia-fleur-hetre-20-mm\\\/#primaryimage\"},\"image\":{\"@id\":\"https:\\\/\\\/www.jootjeshaakcadeautjes.nl\\\/fr\\\/produit\\\/perle-en-bois-gravee-dahlia-fleur-hetre-20-mm\\\/#primaryimage\"},\"thumbnailUrl\":\"https:\\\/\\\/d1dyryakdmle7o.cloudfront.net\\\/wp-content\\\/uploads\\\/2021\\\/09\\\/20210731_204510.jpg\",\"datePublished\":\"2021-09-19T19:45:57+00:00\",\"dateModified\":\"2025-03-11T15:58:06+00:00\",\"description\":\"Perles en bois de h\u00eatre Perles arc-en-ciel de 16 mm avec un arc-en-ciel magnifiquement grav\u00e9 sur les deux faces. Pas de rev\u00eatement, super fini. Tr\u00e8s chic !\",\"breadcrumb\":{\"@id\":\"https:\\\/\\\/www.jootjeshaakcadeautjes.nl\\\/fr\\\/produit\\\/perle-en-bois-gravee-dahlia-fleur-hetre-20-mm\\\/#breadcrumb\"},\"inLanguage\":\"fr-FR\",\"potentialAction\":[{\"@type\":\"ReadAction\",\"target\":[\"https:\\\/\\\/www.jootjeshaakcadeautjes.nl\\\/fr\\\/produit\\\/perle-en-bois-gravee-dahlia-fleur-hetre-20-mm\\\/\"]}]},{\"@type\":\"ImageObject\",\"inLanguage\":\"fr-FR\",\"@id\":\"https:\\\/\\\/www.jootjeshaakcadeautjes.nl\\\/fr\\\/produit\\\/perle-en-bois-gravee-dahlia-fleur-hetre-20-mm\\\/#primaryimage\",\"url\":\"https:\\\/\\\/d1dyryakdmle7o.cloudfront.net\\\/wp-content\\\/uploads\\\/2021\\\/09\\\/20210731_204510.jpg\",\"contentUrl\":\"https:\\\/\\\/d1dyryakdmle7o.cloudfront.net\\\/wp-content\\\/uploads\\\/2021\\\/09\\\/20210731_204510.jpg\",\"width\":1730,\"height\":1730,\"caption\":\"Perles de h\u00eatre grav\u00e9es dahlia fleur rose gros cordon factice\"},{\"@type\":\"BreadcrumbList\",\"@id\":\"https:\\\/\\\/www.jootjeshaakcadeautjes.nl\\\/fr\\\/produit\\\/perle-en-bois-gravee-dahlia-fleur-hetre-20-mm\\\/#breadcrumb\",\"itemListElement\":[{\"@type\":\"ListItem\",\"position\":1,\"name\":\"Accueil\",\"item\":\"https:\\\/\\\/www.jootjeshaakcadeautjes.nl\\\/fr\\\/\"},{\"@type\":\"ListItem\",\"position\":2,\"name\":\"Commerce de gros de perles en silicone &#8211; Entreprises et consommateurs\",\"item\":\"https:\\\/\\\/www.jootjeshaakcadeautjes.nl\\\/fr\\\/boutique\\\/\"},{\"@type\":\"ListItem\",\"position\":3,\"name\":\"Perle en bois &#8211; grav\u00e9e &#8211; Dahlia &#8211; Fleur &#8211; Bois de h\u00eatre &#8211; 20 mm\"}]},{\"@type\":\"WebSite\",\"@id\":\"https:\\\/\\\/www.jootjeshaakcadeautjes.nl\\\/fr\\\/#website\",\"url\":\"https:\\\/\\\/www.jootjeshaakcadeautjes.nl\\\/fr\\\/\",\"name\":\"Jootjes Haakcadeautjes\",\"description\":\"Grossiste en perles de silicone\",\"publisher\":{\"@id\":\"https:\\\/\\\/www.jootjeshaakcadeautjes.nl\\\/fr\\\/#organization\"},\"potentialAction\":[{\"@type\":\"SearchAction\",\"target\":{\"@type\":\"EntryPoint\",\"urlTemplate\":\"https:\\\/\\\/www.jootjeshaakcadeautjes.nl\\\/fr\\\/?s={search_term_string}\"},\"query-input\":{\"@type\":\"PropertyValueSpecification\",\"valueRequired\":true,\"valueName\":\"search_term_string\"}}],\"inLanguage\":\"fr-FR\"},{\"@type\":\"Organization\",\"@id\":\"https:\\\/\\\/www.jootjeshaakcadeautjes.nl\\\/fr\\\/#organization\",\"name\":\"Jootjes Haakcadeautjes\",\"url\":\"https:\\\/\\\/www.jootjeshaakcadeautjes.nl\\\/fr\\\/\",\"logo\":{\"@type\":\"ImageObject\",\"inLanguage\":\"fr-FR\",\"@id\":\"https:\\\/\\\/www.jootjeshaakcadeautjes.nl\\\/fr\\\/#\\\/schema\\\/logo\\\/image\\\/\",\"url\":\"https:\\\/\\\/d1dyryakdmle7o.cloudfront.net\\\/wp-content\\\/uploads\\\/2023\\\/05\\\/Logo-rond.png\",\"contentUrl\":\"https:\\\/\\\/d1dyryakdmle7o.cloudfront.net\\\/wp-content\\\/uploads\\\/2023\\\/05\\\/Logo-rond.png\",\"width\":1222,\"height\":1222,\"caption\":\"Jootjes Haakcadeautjes\"},\"image\":{\"@id\":\"https:\\\/\\\/www.jootjeshaakcadeautjes.nl\\\/fr\\\/#\\\/schema\\\/logo\\\/image\\\/\"}}]}<\/script>\n<meta property=\"product:price:amount\" content=\"0.60\" \/>\n<meta property=\"product:price:currency\" content=\"EUR\" \/>\n<meta property=\"og:availability\" content=\"instock\" \/>\n<meta property=\"product:availability\" content=\"instock\" \/>\n<meta property=\"product:retailer_item_id\" content=\"HKR-DHL-020\" \/>\n<meta property=\"product:condition\" content=\"new\" \/>\n<!-- \/ Yoast SEO Premium plugin. -->","yoast_head_json":{"title":"Perle en bois - grav\u00e9e - Dahlia - Fleur - Bois de h\u00eatre - 20 mm -%.","description":"Perles en bois de h\u00eatre Perles arc-en-ciel de 16 mm avec un arc-en-ciel magnifiquement grav\u00e9 sur les deux faces. Pas de rev\u00eatement, super fini. Tr\u00e8s chic !","robots":{"index":"index","follow":"follow","max-snippet":"max-snippet:-1","max-image-preview":"max-image-preview:large","max-video-preview":"max-video-preview:-1"},"canonical":"https:\/\/www.jootjeshaakcadeautjes.nl\/fr\/produit\/perle-en-bois-gravee-dahlia-fleur-hetre-20-mm\/","og_locale":"fr_FR","og_type":"article","og_title":"Perle en bois - grav\u00e9e - Dahlia - Fleur - Bois de h\u00eatre - 20 mm","og_description":"Perles en bois de h\u00eatre Perles arc-en-ciel de 16 mm avec un arc-en-ciel magnifiquement grav\u00e9 sur les deux faces. Pas de rev\u00eatement, super fini. Tr\u00e8s chic !","og_url":"https:\/\/www.jootjeshaakcadeautjes.nl\/fr\/produit\/perle-en-bois-gravee-dahlia-fleur-hetre-20-mm\/","og_site_name":"Jootjes Haakcadeautjes","article_modified_time":"2025-03-11T15:58:06+00:00","og_image":[{"width":1730,"height":1730,"url":"https:\/\/www.jootjeshaakcadeautjes.nl\/wp-content\/uploads\/2021\/09\/20210731_204510.jpg","type":"image\/jpeg"}],"twitter_card":"summary_large_image","twitter_misc":{"Prix":"&euro;0.60 TTC","Disponibilit\u00e9":"En stock"},"schema":{"@context":"https:\/\/schema.org","@graph":[{"@type":"WebPage","@id":"https:\/\/www.jootjeshaakcadeautjes.nl\/fr\/produit\/perle-en-bois-gravee-dahlia-fleur-hetre-20-mm\/","url":"https:\/\/www.jootjeshaakcadeautjes.nl\/fr\/produit\/perle-en-bois-gravee-dahlia-fleur-hetre-20-mm\/","name":"Perle en bois - grav\u00e9e - Dahlia - Fleur - Bois de h\u00eatre - 20 mm -%.","isPartOf":{"@id":"https:\/\/www.jootjeshaakcadeautjes.nl\/fr\/#website"},"primaryImageOfPage":{"@id":"https:\/\/www.jootjeshaakcadeautjes.nl\/fr\/produit\/perle-en-bois-gravee-dahlia-fleur-hetre-20-mm\/#primaryimage"},"image":{"@id":"https:\/\/www.jootjeshaakcadeautjes.nl\/fr\/produit\/perle-en-bois-gravee-dahlia-fleur-hetre-20-mm\/#primaryimage"},"thumbnailUrl":"https:\/\/d1dyryakdmle7o.cloudfront.net\/wp-content\/uploads\/2021\/09\/20210731_204510.jpg","datePublished":"2021-09-19T19:45:57+00:00","dateModified":"2025-03-11T15:58:06+00:00","description":"Perles en bois de h\u00eatre Perles arc-en-ciel de 16 mm avec un arc-en-ciel magnifiquement grav\u00e9 sur les deux faces. Pas de rev\u00eatement, super fini. Tr\u00e8s chic !","breadcrumb":{"@id":"https:\/\/www.jootjeshaakcadeautjes.nl\/fr\/produit\/perle-en-bois-gravee-dahlia-fleur-hetre-20-mm\/#breadcrumb"},"inLanguage":"fr-FR","potentialAction":[{"@type":"ReadAction","target":["https:\/\/www.jootjeshaakcadeautjes.nl\/fr\/produit\/perle-en-bois-gravee-dahlia-fleur-hetre-20-mm\/"]}]},{"@type":"ImageObject","inLanguage":"fr-FR","@id":"https:\/\/www.jootjeshaakcadeautjes.nl\/fr\/produit\/perle-en-bois-gravee-dahlia-fleur-hetre-20-mm\/#primaryimage","url":"https:\/\/d1dyryakdmle7o.cloudfront.net\/wp-content\/uploads\/2021\/09\/20210731_204510.jpg","contentUrl":"https:\/\/d1dyryakdmle7o.cloudfront.net\/wp-content\/uploads\/2021\/09\/20210731_204510.jpg","width":1730,"height":1730,"caption":"Perles de h\u00eatre grav\u00e9es dahlia fleur rose gros cordon factice"},{"@type":"BreadcrumbList","@id":"https:\/\/www.jootjeshaakcadeautjes.nl\/fr\/produit\/perle-en-bois-gravee-dahlia-fleur-hetre-20-mm\/#breadcrumb","itemListElement":[{"@type":"ListItem","position":1,"name":"Accueil","item":"https:\/\/www.jootjeshaakcadeautjes.nl\/fr\/"},{"@type":"ListItem","position":2,"name":"Commerce de gros de perles en silicone &#8211; Entreprises et consommateurs","item":"https:\/\/www.jootjeshaakcadeautjes.nl\/fr\/boutique\/"},{"@type":"ListItem","position":3,"name":"Perle en bois &#8211; grav\u00e9e &#8211; Dahlia &#8211; Fleur &#8211; Bois de h\u00eatre &#8211; 20 mm"}]},{"@type":"WebSite","@id":"https:\/\/www.jootjeshaakcadeautjes.nl\/fr\/#website","url":"https:\/\/www.jootjeshaakcadeautjes.nl\/fr\/","name":"Jootjes Haakcadeautjes","description":"Grossiste en perles de silicone","publisher":{"@id":"https:\/\/www.jootjeshaakcadeautjes.nl\/fr\/#organization"},"potentialAction":[{"@type":"SearchAction","target":{"@type":"EntryPoint","urlTemplate":"https:\/\/www.jootjeshaakcadeautjes.nl\/fr\/?s={search_term_string}"},"query-input":{"@type":"PropertyValueSpecification","valueRequired":true,"valueName":"search_term_string"}}],"inLanguage":"fr-FR"},{"@type":"Organization","@id":"https:\/\/www.jootjeshaakcadeautjes.nl\/fr\/#organization","name":"Jootjes Haakcadeautjes","url":"https:\/\/www.jootjeshaakcadeautjes.nl\/fr\/","logo":{"@type":"ImageObject","inLanguage":"fr-FR","@id":"https:\/\/www.jootjeshaakcadeautjes.nl\/fr\/#\/schema\/logo\/image\/","url":"https:\/\/d1dyryakdmle7o.cloudfront.net\/wp-content\/uploads\/2023\/05\/Logo-rond.png","contentUrl":"https:\/\/d1dyryakdmle7o.cloudfront.net\/wp-content\/uploads\/2023\/05\/Logo-rond.png","width":1222,"height":1222,"caption":"Jootjes Haakcadeautjes"},"image":{"@id":"https:\/\/www.jootjeshaakcadeautjes.nl\/fr\/#\/schema\/logo\/image\/"}}]},"product_price_amount":"0.60","product_price_currency":"EUR","og_availability":"instock","product_availability":"instock","product_retailer_item_id":"HKR-DHL-020","product_condition":"new"},"_links":{"self":[{"href":"https:\/\/www.jootjeshaakcadeautjes.nl\/fr\/wp-json\/wp\/v2\/product\/134171","targetHints":{"allow":["GET"]}}],"collection":[{"href":"https:\/\/www.jootjeshaakcadeautjes.nl\/fr\/wp-json\/wp\/v2\/product"}],"about":[{"href":"https:\/\/www.jootjeshaakcadeautjes.nl\/fr\/wp-json\/wp\/v2\/types\/product"}],"version-history":[{"count":0,"href":"https:\/\/www.jootjeshaakcadeautjes.nl\/fr\/wp-json\/wp\/v2\/product\/134171\/revisions"}],"wp:featuredmedia":[{"embeddable":true,"href":"https:\/\/www.jootjeshaakcadeautjes.nl\/fr\/wp-json\/wp\/v2\/media\/77349"}],"wp:attachment":[{"href":"https:\/\/www.jootjeshaakcadeautjes.nl\/fr\/wp-json\/wp\/v2\/media?parent=134171"}],"wp:term":[{"taxonomy":"product_brand","embeddable":true,"href":"https:\/\/www.jootjeshaakcadeautjes.nl\/fr\/wp-json\/wp\/v2\/product_brand?post=134171"},{"taxonomy":"product_cat","embeddable":true,"href":"https:\/\/www.jootjeshaakcadeautjes.nl\/fr\/wp-json\/wp\/v2\/product_cat?post=134171"},{"taxonomy":"product_tag","embeddable":true,"href":"https:\/\/www.jootjeshaakcadeautjes.nl\/fr\/wp-json\/wp\/v2\/product_tag?post=134171"}],"curies":[{"name":"wp","href":"https:\/\/api.w.org\/{rel}","templated":true}]}}