{"id":134197,"date":"2026-02-28T00:07:11","date_gmt":"2026-02-27T23:07:11","guid":{"rendered":"https:\/\/www.jootjeshaakcadeautjes.nl\/product\/perles-lettres-en-bois-de-12-mm-qualite-carree\/"},"modified":"2026-05-14T00:16:57","modified_gmt":"2026-05-13T22:16:57","slug":"perles-lettres-en-bois-de-12-mm-qualite-carree","status":"publish","type":"product","link":"https:\/\/www.jootjeshaakcadeautjes.nl\/fr\/produit\/perles-lettres-en-bois-de-12-mm-qualite-carree\/","title":{"rendered":"Perles lettres en bois &#8211; 12 mm &#8211; carr\u00e9es &#8211; qualit\u00e9 A+ &#8211; par pi\u00e8ce"},"content":{"rendered":"<h1>Perles lettres bois &#8211; 12 mm &#8211; Carr\u00e9 &#8211; Qualit\u00e9 A+<\/h1>\n<p><em>Sp\u00e9cifications du produit :<\/em><\/p>\n<ul>\n<li><strong>Couleur :<\/strong> bois, h\u00eatre<\/li>\n<li><strong>Taille :<\/strong> 12 mm x 12 mm<\/li>\n<li><strong>Type :<\/strong> Quatre faces grav\u00e9es d&#8217;une lettre. Orientation horizontale (trou de gauche \u00e0 droite).<\/li>\n<li>Nous appelons ces perles les perles \u00e0 lettres de <strong>qualit\u00e9 A+<\/strong>. Tous nos tampons \u00e0 lettres sont conformes \u00e0 la certification et sont s\u00fbrs. Cependant, ces perles de lettres sont plus stables au niveau de la couleur (moins de changements entre les lettres au niveau de la couleur et encore plus lisibles).<\/li>\n<li><strong>S\u00e9curit\u00e9 :<\/strong> sans BPA, phtalate, PVC, plomb et toxines, sans formald\u00e9hyde.<\/li>\n<li><strong>Certification :<\/strong> convient aux produits finis certifi\u00e9s CE<\/li>\n<li><strong>Disponibilit\u00e9 :<\/strong> Vendu \u00e0 l&#8217;unit\u00e9.<\/li>\n<\/ul>\n<p>Ces magnifiques perles lettres en bois offrent de nombreuses possibilit\u00e9s pour personnaliser vos cr\u00e9ations faites main. Parfaites pour ajouter un nom \u00e0 un cordon de t\u00e9tine, un anneau de dentition, un poussoir de landau ou un appareil de gymnastique pour b\u00e9b\u00e9, ces perles permettent de cr\u00e9er facilement un cadeau de maternit\u00e9 unique et personnalis\u00e9 ou de fabriquer des jouets pour votre propre enfant. Il est \u00e9galement tr\u00e8s amusant de l&#8217;utiliser comme porte-cl\u00e9s. Par exemple, avec un c\u0153ur entre les deux. Pensez \u00e0 une perle avec maman et un c\u0153ur, ou \u00e0 une perle avec un nom et un c\u0153ur, ou avec des lettres et un c\u0153ur. Pensez aux noms de vos enfants.<\/p>\n<p>Combinez-les sans effort avec notre autre gamme de perles en bois ou d&#8217;autres perles en silicone pour des possibilit\u00e9s de cr\u00e9ation infinies.<\/p>\n<h3>La qualit\u00e9 et la s\u00e9curit\u00e9 sont notre priorit\u00e9 :<\/h3>\n<p>Nous prenons au s\u00e9rieux la s\u00e9curit\u00e9 de nos produits. Tous les mat\u00e9riaux en silicone de notre gamme sont exempts de BPA et de phtalates. Aucune substance nocive n&#8217;est utilis\u00e9e dans la production de ces perles de lettres. En outre, tous nos produits en bois sont fabriqu\u00e9s \u00e0 partir de bois certifi\u00e9 FSC. Ils conviennent aussi bien aux b\u00e9b\u00e9s qu&#8217;aux enfants plus \u00e2g\u00e9s qui ressentent le besoin de mordre quelque chose.<\/p>\n<p>Nos perles de lettres en bois sont toutes :<\/p>\n<ul>\n<li><strong>Sans BPA ni phtalates :<\/strong> nos mat\u00e9riaux sont garantis sans substances nocives, vous pouvez donc les utiliser en toute confiance, m\u00eame pour les b\u00e9b\u00e9s.<\/li>\n<li><strong>Certification CE :<\/strong> ces perles sont test\u00e9es chimiquement et sont totalement s\u00fbres. Elles conviennent donc aux produits finis certifi\u00e9s CE, ce qui garantit que vous travaillez avec des mat\u00e9riaux de haute qualit\u00e9.<\/li>\n<li><strong>Durabilit\u00e9 :<\/strong> les perles sont robustes et ne s&#8217;usent pratiquement pas, ce qui permet \u00e0 vos cr\u00e9ations de durer longtemps.<\/li>\n<li><strong>Facile \u00e0 nettoyer :<\/strong> ces perles en bois sont faciles \u00e0 nettoyer \u00e0 l&#8217;aide d&#8217;un nettoyeur de moustaches. Ne jamais tremper les perles de bois dans l&#8217;eau. Le bois et l&#8217;eau ne font pas bon m\u00e9nage. Si vous souhaitez r\u00e9aliser un produit encore plus facile \u00e0 nettoyer, choisissez l&#8217;une de nos perles de lettres en silicone.<\/li>\n<\/ul>\n<h3>Avertissement :<\/h3>\n<p>Bien que nos perles soient de haute qualit\u00e9, il est important de toujours enfiler et nouer les perles de mani\u00e8re s\u00fbre. V\u00e9rifiez r\u00e9guli\u00e8rement l&#8217;\u00e9tat d&#8217;usure de vos produits artisanaux. Jootjes Haakcadeautjes ne v\u00e9rifie pas les produits finis et ne peut \u00eatre tenu responsable des dommages caus\u00e9s aux produits finis ou du desserrage des pi\u00e8ces d\u00fb \u00e0 l&#8217;usure. Nous recommandons que les jouets de dentition faits \u00e0 la main ne soient utilis\u00e9s que sous la surveillance d&#8217;un adulte afin d&#8217;\u00e9viter toute situation dangereuse.<\/p>\n","protected":false},"excerpt":{"rendered":"<ul>\n<li>Variante : Perles lettres en bois &#8211; carr\u00e9 de 12 mm &#8211; lettres A \u00e0 Z.<\/li>\n<li>Vendu \u00e0 l&#8217;unit\u00e9.<\/li>\n<li>Nous appelons ces perles les perles \u00e0 lettres de qualit\u00e9 A+. Cependant, ces perles de lettres sont plus stables au niveau de la couleur (moins de changements entre les lettres au niveau de la couleur et encore plus lisibles).<\/li>\n<li>Les lettres sont horizontales (les trous vont de gauche \u00e0 droite).<\/li>\n<li>Les quatre faces contiennent la lettre choisie.<\/li>\n<li>Chimiquement adapt\u00e9 au produit final certifi\u00e9 CE. Exempt de BPA, de formald\u00e9hyde et autres.<\/li>\n<\/ul>\n","protected":false},"featured_media":77673,"template":"","meta":[],"product_brand":[],"product_cat":[7378,12602,12857,12858,10405],"product_tag":[7406,7521,7384,7401,10409,12608,7455,7428,12863,10286,7418,10414,7392,12861,12822,7200,12823,12860,7415,7408],"class_list":{"0":"post-134197","1":"product","2":"type-product","3":"status-publish","4":"has-post-thumbnail","6":"product_cat-fabrication-de-jouets-de-dentition-pour-bebe-cordon-de-sucette-et-anneaux-de-dentition","7":"product_cat-perles-de-lettres-cordon-de-sucette-et-anneau-de-dentition","8":"product_cat-perles-de-lettres-en-bois","9":"product_cat-perles-de-lettres-en-bois-rondes-et-carrees","10":"product_cat-perles-en-bois-fil-de-sucette-et-anneau-de-dentition-toutes-les-perles-en-bois","11":"product_tag-12-fr","12":"product_tag-12-mm-fr","13":"product_tag-anneau-de-dentition","14":"product_tag-bebe","15":"product_tag-bois-fr","16":"product_tag-carre","17":"product_tag-chaine-de-landau","18":"product_tag-collier-dallaitement","19":"product_tag-eleve","20":"product_tag-faux-cordon-fr","21":"product_tag-faux-cordon","22":"product_tag-hetre","23":"product_tag-mm-fr","24":"product_tag-par-nom","25":"product_tag-perle-lettre","26":"product_tag-perles","27":"product_tag-perles-avec-lettres","28":"product_tag-qualite","29":"product_tag-sans-bpa","30":"product_tag-sur","32":"first","33":"instock","34":"taxable","35":"shipping-taxable","36":"purchasable","37":"product-type-variable"},"bundled_by":[],"bundle_stock_status":"instock","bundle_stock_quantity":null,"bundle_virtual":false,"bundle_layout":"","bundle_add_to_cart_form_location":"","bundle_editable_in_cart":false,"bundle_sold_individually_context":"","bundle_item_grouping":"","bundle_min_size":"","bundle_max_size":"","bundle_price":[],"bundled_items":[],"bundle_sell_ids":[],"yoast_head":"<!-- This site is optimized with the Yoast SEO Premium plugin v27.6 (Yoast SEO v27.6) - https:\/\/yoast.com\/product\/yoast-seo-premium-wordpress\/ -->\n<title>Perles lettres en bois - 12 mm - carr\u00e9es - qualit\u00e9 A+ - par pi\u00e8ce - Jootjes Haakcadeautjes<\/title>\n<meta name=\"description\" content=\"Perles lettres en bois 14 mm rondes, lettres grav\u00e9es et s\u00fbres. Disponible en stock. Magnifique sur le cordon de la t\u00e9tine, le cordon du landau ou l&#039;anneau de dentition.\" \/>\n<meta name=\"robots\" content=\"index, follow, max-snippet:-1, max-image-preview:large, max-video-preview:-1\" \/>\n<link rel=\"canonical\" href=\"https:\/\/www.jootjeshaakcadeautjes.nl\/fr\/produit\/perles-lettres-en-bois-de-12-mm-qualite-carree\/\" \/>\n<meta property=\"og:locale\" content=\"fr_FR\" \/>\n<meta property=\"og:type\" content=\"article\" \/>\n<meta property=\"og:title\" content=\"Perles lettres en bois - 12 mm - carr\u00e9es - qualit\u00e9 A+ - par pi\u00e8ce\" \/>\n<meta property=\"og:description\" content=\"Perles lettres en bois 14 mm rondes, lettres grav\u00e9es et s\u00fbres. Disponible en stock. Magnifique sur le cordon de la t\u00e9tine, le cordon du landau ou l&#039;anneau de dentition.\" \/>\n<meta property=\"og:url\" content=\"https:\/\/www.jootjeshaakcadeautjes.nl\/fr\/produit\/perles-lettres-en-bois-de-12-mm-qualite-carree\/\" \/>\n<meta property=\"og:site_name\" content=\"Jootjes Haakcadeautjes\" \/>\n<meta property=\"article:modified_time\" content=\"2026-05-13T22:16:57+00:00\" \/>\n<meta property=\"og:image\" content=\"https:\/\/d1dyryakdmle7o.cloudfront.net\/wp-content\/uploads\/2021\/09\/20210921_202143.jpg\" \/>\n\t<meta property=\"og:image:width\" content=\"1611\" \/>\n\t<meta property=\"og:image:height\" content=\"1611\" \/>\n\t<meta property=\"og:image:type\" content=\"image\/jpeg\" \/>\n<meta name=\"twitter:card\" content=\"summary_large_image\" \/>\n<meta name=\"twitter:label1\" content=\"Disponibilit\u00e9\" \/>\n\t<meta name=\"twitter:data1\" content=\"En stock\" \/>\n<script type=\"application\/ld+json\" class=\"yoast-schema-graph\">{\"@context\":\"https:\\\/\\\/schema.org\",\"@graph\":[{\"@type\":\"WebPage\",\"@id\":\"https:\\\/\\\/www.jootjeshaakcadeautjes.nl\\\/fr\\\/produit\\\/perles-lettres-en-bois-de-12-mm-qualite-carree\\\/\",\"url\":\"https:\\\/\\\/www.jootjeshaakcadeautjes.nl\\\/fr\\\/produit\\\/perles-lettres-en-bois-de-12-mm-qualite-carree\\\/\",\"name\":\"Perles lettres en bois - 12 mm - carr\u00e9es - qualit\u00e9 A+ - par pi\u00e8ce - Jootjes Haakcadeautjes\",\"isPartOf\":{\"@id\":\"https:\\\/\\\/www.jootjeshaakcadeautjes.nl\\\/fr\\\/#website\"},\"primaryImageOfPage\":{\"@id\":\"https:\\\/\\\/www.jootjeshaakcadeautjes.nl\\\/fr\\\/produit\\\/perles-lettres-en-bois-de-12-mm-qualite-carree\\\/#primaryimage\"},\"image\":{\"@id\":\"https:\\\/\\\/www.jootjeshaakcadeautjes.nl\\\/fr\\\/produit\\\/perles-lettres-en-bois-de-12-mm-qualite-carree\\\/#primaryimage\"},\"thumbnailUrl\":\"https:\\\/\\\/d1dyryakdmle7o.cloudfront.net\\\/wp-content\\\/uploads\\\/2021\\\/09\\\/20210921_202143.jpg\",\"datePublished\":\"2026-02-27T23:07:11+00:00\",\"dateModified\":\"2026-05-13T22:16:57+00:00\",\"description\":\"Perles lettres en bois 14 mm rondes, lettres grav\u00e9es et s\u00fbres. Disponible en stock. Magnifique sur le cordon de la t\u00e9tine, le cordon du landau ou l'anneau de dentition.\",\"breadcrumb\":{\"@id\":\"https:\\\/\\\/www.jootjeshaakcadeautjes.nl\\\/fr\\\/produit\\\/perles-lettres-en-bois-de-12-mm-qualite-carree\\\/#breadcrumb\"},\"inLanguage\":\"fr-FR\",\"potentialAction\":[{\"@type\":\"ReadAction\",\"target\":[\"https:\\\/\\\/www.jootjeshaakcadeautjes.nl\\\/fr\\\/produit\\\/perles-lettres-en-bois-de-12-mm-qualite-carree\\\/\"]}]},{\"@type\":\"ImageObject\",\"inLanguage\":\"fr-FR\",\"@id\":\"https:\\\/\\\/www.jootjeshaakcadeautjes.nl\\\/fr\\\/produit\\\/perles-lettres-en-bois-de-12-mm-qualite-carree\\\/#primaryimage\",\"url\":\"https:\\\/\\\/d1dyryakdmle7o.cloudfront.net\\\/wp-content\\\/uploads\\\/2021\\\/09\\\/20210921_202143.jpg\",\"contentUrl\":\"https:\\\/\\\/d1dyryakdmle7o.cloudfront.net\\\/wp-content\\\/uploads\\\/2021\\\/09\\\/20210921_202143.jpg\",\"width\":1611,\"height\":1611,\"caption\":\"Cordon pour t\u00e9tine avec lettres en bois, haute qualit\u00e9, sans danger pour les b\u00e9b\u00e9s\"},{\"@type\":\"BreadcrumbList\",\"@id\":\"https:\\\/\\\/www.jootjeshaakcadeautjes.nl\\\/fr\\\/produit\\\/perles-lettres-en-bois-de-12-mm-qualite-carree\\\/#breadcrumb\",\"itemListElement\":[{\"@type\":\"ListItem\",\"position\":1,\"name\":\"Accueil\",\"item\":\"https:\\\/\\\/www.jootjeshaakcadeautjes.nl\\\/fr\\\/\"},{\"@type\":\"ListItem\",\"position\":2,\"name\":\"Commerce de gros de perles en silicone &#8211; Entreprises et consommateurs\",\"item\":\"https:\\\/\\\/www.jootjeshaakcadeautjes.nl\\\/fr\\\/boutique\\\/\"},{\"@type\":\"ListItem\",\"position\":3,\"name\":\"Perles lettres en bois &#8211; 12 mm &#8211; carr\u00e9es &#8211; qualit\u00e9 A+ &#8211; par pi\u00e8ce\"}]},{\"@type\":\"WebSite\",\"@id\":\"https:\\\/\\\/www.jootjeshaakcadeautjes.nl\\\/fr\\\/#website\",\"url\":\"https:\\\/\\\/www.jootjeshaakcadeautjes.nl\\\/fr\\\/\",\"name\":\"Jootjes Haakcadeautjes\",\"description\":\"Grossiste en perles de silicone\",\"publisher\":{\"@id\":\"https:\\\/\\\/www.jootjeshaakcadeautjes.nl\\\/fr\\\/#organization\"},\"potentialAction\":[{\"@type\":\"SearchAction\",\"target\":{\"@type\":\"EntryPoint\",\"urlTemplate\":\"https:\\\/\\\/www.jootjeshaakcadeautjes.nl\\\/fr\\\/?s={search_term_string}\"},\"query-input\":{\"@type\":\"PropertyValueSpecification\",\"valueRequired\":true,\"valueName\":\"search_term_string\"}}],\"inLanguage\":\"fr-FR\"},{\"@type\":\"Organization\",\"@id\":\"https:\\\/\\\/www.jootjeshaakcadeautjes.nl\\\/fr\\\/#organization\",\"name\":\"Jootjes Haakcadeautjes\",\"url\":\"https:\\\/\\\/www.jootjeshaakcadeautjes.nl\\\/fr\\\/\",\"logo\":{\"@type\":\"ImageObject\",\"inLanguage\":\"fr-FR\",\"@id\":\"https:\\\/\\\/www.jootjeshaakcadeautjes.nl\\\/fr\\\/#\\\/schema\\\/logo\\\/image\\\/\",\"url\":\"https:\\\/\\\/d1dyryakdmle7o.cloudfront.net\\\/wp-content\\\/uploads\\\/2023\\\/05\\\/Logo-rond.png\",\"contentUrl\":\"https:\\\/\\\/d1dyryakdmle7o.cloudfront.net\\\/wp-content\\\/uploads\\\/2023\\\/05\\\/Logo-rond.png\",\"width\":1222,\"height\":1222,\"caption\":\"Jootjes Haakcadeautjes\"},\"image\":{\"@id\":\"https:\\\/\\\/www.jootjeshaakcadeautjes.nl\\\/fr\\\/#\\\/schema\\\/logo\\\/image\\\/\"}}]}<\/script>\n<meta property=\"og:availability\" content=\"instock\" \/>\n<meta property=\"product:availability\" content=\"instock\" \/>\n<meta property=\"product:retailer_item_id\" content=\"HLK-A12-VIERKANT\" \/>\n<meta property=\"product:condition\" content=\"new\" \/>\n<!-- \/ Yoast SEO Premium plugin. -->","yoast_head_json":{"title":"Perles lettres en bois - 12 mm - carr\u00e9es - qualit\u00e9 A+ - par pi\u00e8ce - Jootjes Haakcadeautjes","description":"Perles lettres en bois 14 mm rondes, lettres grav\u00e9es et s\u00fbres. Disponible en stock. Magnifique sur le cordon de la t\u00e9tine, le cordon du landau ou l'anneau de dentition.","robots":{"index":"index","follow":"follow","max-snippet":"max-snippet:-1","max-image-preview":"max-image-preview:large","max-video-preview":"max-video-preview:-1"},"canonical":"https:\/\/www.jootjeshaakcadeautjes.nl\/fr\/produit\/perles-lettres-en-bois-de-12-mm-qualite-carree\/","og_locale":"fr_FR","og_type":"article","og_title":"Perles lettres en bois - 12 mm - carr\u00e9es - qualit\u00e9 A+ - par pi\u00e8ce","og_description":"Perles lettres en bois 14 mm rondes, lettres grav\u00e9es et s\u00fbres. Disponible en stock. Magnifique sur le cordon de la t\u00e9tine, le cordon du landau ou l'anneau de dentition.","og_url":"https:\/\/www.jootjeshaakcadeautjes.nl\/fr\/produit\/perles-lettres-en-bois-de-12-mm-qualite-carree\/","og_site_name":"Jootjes Haakcadeautjes","article_modified_time":"2026-05-13T22:16:57+00:00","og_image":[{"width":1611,"height":1611,"url":"https:\/\/d1dyryakdmle7o.cloudfront.net\/wp-content\/uploads\/2021\/09\/20210921_202143.jpg","type":"image\/jpeg"}],"twitter_card":"summary_large_image","twitter_misc":{"Disponibilit\u00e9":"En stock"},"schema":{"@context":"https:\/\/schema.org","@graph":[{"@type":"WebPage","@id":"https:\/\/www.jootjeshaakcadeautjes.nl\/fr\/produit\/perles-lettres-en-bois-de-12-mm-qualite-carree\/","url":"https:\/\/www.jootjeshaakcadeautjes.nl\/fr\/produit\/perles-lettres-en-bois-de-12-mm-qualite-carree\/","name":"Perles lettres en bois - 12 mm - carr\u00e9es - qualit\u00e9 A+ - par pi\u00e8ce - Jootjes Haakcadeautjes","isPartOf":{"@id":"https:\/\/www.jootjeshaakcadeautjes.nl\/fr\/#website"},"primaryImageOfPage":{"@id":"https:\/\/www.jootjeshaakcadeautjes.nl\/fr\/produit\/perles-lettres-en-bois-de-12-mm-qualite-carree\/#primaryimage"},"image":{"@id":"https:\/\/www.jootjeshaakcadeautjes.nl\/fr\/produit\/perles-lettres-en-bois-de-12-mm-qualite-carree\/#primaryimage"},"thumbnailUrl":"https:\/\/d1dyryakdmle7o.cloudfront.net\/wp-content\/uploads\/2021\/09\/20210921_202143.jpg","datePublished":"2026-02-27T23:07:11+00:00","dateModified":"2026-05-13T22:16:57+00:00","description":"Perles lettres en bois 14 mm rondes, lettres grav\u00e9es et s\u00fbres. Disponible en stock. Magnifique sur le cordon de la t\u00e9tine, le cordon du landau ou l'anneau de dentition.","breadcrumb":{"@id":"https:\/\/www.jootjeshaakcadeautjes.nl\/fr\/produit\/perles-lettres-en-bois-de-12-mm-qualite-carree\/#breadcrumb"},"inLanguage":"fr-FR","potentialAction":[{"@type":"ReadAction","target":["https:\/\/www.jootjeshaakcadeautjes.nl\/fr\/produit\/perles-lettres-en-bois-de-12-mm-qualite-carree\/"]}]},{"@type":"ImageObject","inLanguage":"fr-FR","@id":"https:\/\/www.jootjeshaakcadeautjes.nl\/fr\/produit\/perles-lettres-en-bois-de-12-mm-qualite-carree\/#primaryimage","url":"https:\/\/d1dyryakdmle7o.cloudfront.net\/wp-content\/uploads\/2021\/09\/20210921_202143.jpg","contentUrl":"https:\/\/d1dyryakdmle7o.cloudfront.net\/wp-content\/uploads\/2021\/09\/20210921_202143.jpg","width":1611,"height":1611,"caption":"Cordon pour t\u00e9tine avec lettres en bois, haute qualit\u00e9, sans danger pour les b\u00e9b\u00e9s"},{"@type":"BreadcrumbList","@id":"https:\/\/www.jootjeshaakcadeautjes.nl\/fr\/produit\/perles-lettres-en-bois-de-12-mm-qualite-carree\/#breadcrumb","itemListElement":[{"@type":"ListItem","position":1,"name":"Accueil","item":"https:\/\/www.jootjeshaakcadeautjes.nl\/fr\/"},{"@type":"ListItem","position":2,"name":"Commerce de gros de perles en silicone &#8211; Entreprises et consommateurs","item":"https:\/\/www.jootjeshaakcadeautjes.nl\/fr\/boutique\/"},{"@type":"ListItem","position":3,"name":"Perles lettres en bois &#8211; 12 mm &#8211; carr\u00e9es &#8211; qualit\u00e9 A+ &#8211; par pi\u00e8ce"}]},{"@type":"WebSite","@id":"https:\/\/www.jootjeshaakcadeautjes.nl\/fr\/#website","url":"https:\/\/www.jootjeshaakcadeautjes.nl\/fr\/","name":"Jootjes Haakcadeautjes","description":"Grossiste en perles de silicone","publisher":{"@id":"https:\/\/www.jootjeshaakcadeautjes.nl\/fr\/#organization"},"potentialAction":[{"@type":"SearchAction","target":{"@type":"EntryPoint","urlTemplate":"https:\/\/www.jootjeshaakcadeautjes.nl\/fr\/?s={search_term_string}"},"query-input":{"@type":"PropertyValueSpecification","valueRequired":true,"valueName":"search_term_string"}}],"inLanguage":"fr-FR"},{"@type":"Organization","@id":"https:\/\/www.jootjeshaakcadeautjes.nl\/fr\/#organization","name":"Jootjes Haakcadeautjes","url":"https:\/\/www.jootjeshaakcadeautjes.nl\/fr\/","logo":{"@type":"ImageObject","inLanguage":"fr-FR","@id":"https:\/\/www.jootjeshaakcadeautjes.nl\/fr\/#\/schema\/logo\/image\/","url":"https:\/\/d1dyryakdmle7o.cloudfront.net\/wp-content\/uploads\/2023\/05\/Logo-rond.png","contentUrl":"https:\/\/d1dyryakdmle7o.cloudfront.net\/wp-content\/uploads\/2023\/05\/Logo-rond.png","width":1222,"height":1222,"caption":"Jootjes Haakcadeautjes"},"image":{"@id":"https:\/\/www.jootjeshaakcadeautjes.nl\/fr\/#\/schema\/logo\/image\/"}}]},"og_availability":"instock","product_availability":"instock","product_retailer_item_id":"HLK-A12-VIERKANT","product_condition":"new"},"_links":{"self":[{"href":"https:\/\/www.jootjeshaakcadeautjes.nl\/fr\/wp-json\/wp\/v2\/product\/134197","targetHints":{"allow":["GET"]}}],"collection":[{"href":"https:\/\/www.jootjeshaakcadeautjes.nl\/fr\/wp-json\/wp\/v2\/product"}],"about":[{"href":"https:\/\/www.jootjeshaakcadeautjes.nl\/fr\/wp-json\/wp\/v2\/types\/product"}],"version-history":[{"count":1,"href":"https:\/\/www.jootjeshaakcadeautjes.nl\/fr\/wp-json\/wp\/v2\/product\/134197\/revisions"}],"predecessor-version":[{"id":274879,"href":"https:\/\/www.jootjeshaakcadeautjes.nl\/fr\/wp-json\/wp\/v2\/product\/134197\/revisions\/274879"}],"wp:featuredmedia":[{"embeddable":true,"href":"https:\/\/www.jootjeshaakcadeautjes.nl\/fr\/wp-json\/wp\/v2\/media\/77673"}],"wp:attachment":[{"href":"https:\/\/www.jootjeshaakcadeautjes.nl\/fr\/wp-json\/wp\/v2\/media?parent=134197"}],"wp:term":[{"taxonomy":"product_brand","embeddable":true,"href":"https:\/\/www.jootjeshaakcadeautjes.nl\/fr\/wp-json\/wp\/v2\/product_brand?post=134197"},{"taxonomy":"product_cat","embeddable":true,"href":"https:\/\/www.jootjeshaakcadeautjes.nl\/fr\/wp-json\/wp\/v2\/product_cat?post=134197"},{"taxonomy":"product_tag","embeddable":true,"href":"https:\/\/www.jootjeshaakcadeautjes.nl\/fr\/wp-json\/wp\/v2\/product_tag?post=134197"}],"curies":[{"name":"wp","href":"https:\/\/api.w.org\/{rel}","templated":true}]}}