{"id":134316,"date":"2021-09-03T20:40:24","date_gmt":"2021-09-03T19:40:24","guid":{"rendered":"https:\/\/www.jootjeshaakcadeautjes.nl\/product\/ciseaux-a-broder-vintage-avec-decoration-de-fleurs-cuivre\/"},"modified":"2025-11-07T15:28:34","modified_gmt":"2025-11-07T14:28:34","slug":"ciseaux-a-broder-vintage-avec-decoration-de-fleurs-cuivre","status":"publish","type":"product","link":"https:\/\/www.jootjeshaakcadeautjes.nl\/fr\/produit\/ciseaux-a-broder-vintage-avec-decoration-de-fleurs-cuivre\/","title":{"rendered":"Ciseaux de broderie vintage avec d\u00e9coration florale &#8211; Cuivre"},"content":{"rendered":"<h1>Ciseaux de broderie vintage &#8211; Cuivre &#8211; Avec fleurs de p\u00eacher<\/h1>\n<p>Ce magnifique ciseau \u00e0 broder est un atout pour tous ceux qui aiment le crochet. Vous pouvez acheter ces d\u00e9licats ciseaux \u00e0 broder chez Jootjes Haakcadeautjes dans la belle couleur cuivre chaud. Vous verrez probablement ces ciseaux \u00e0 broder vintage passer beaucoup sur Facebook ainsi que sur Pinterest. En effet, les ciseaux sont un excellent outil de crochet en acier inoxydable. Il reste donc tranchant et ne peut pas \u00eatre cass\u00e9. Ce faisant, il attire tous les regards. Il rend le crochet encore plus amusant et constitue \u00e9galement un bel \u00e9l\u00e9ment de d\u00e9coration. Cette pince \u00e0 broder rend le crochet encore plus amusant. Il ressemble presque \u00e0 un ornement de crochet. Disponible en cuivre et en argent pour seulement 6,75 euros maintenant en vente !<\/p>\n<p>Outre les ciseaux \u00e0 broder <a href=\"https:\/\/www.jootjeshaakcadeautjes.nl\/fr\/produit\/ciseaux-a-broder-vintage-cuivre\/\">en cuivre<\/a>, nous disposons \u00e9galement d&#8217;une <a href=\"https:\/\/www.jootjeshaakcadeautjes.nl\/fr\/produit\/ciseaux-a-broder-vintage-cuivre\/\">magnifique paire de ciseaux \u00e0 broder en cuivre<\/a> et d&#8217;un <a href=\"https:\/\/www.jootjeshaakcadeautjes.nl\/fr\/produit\/coupe-fil-crochet\/\">coupe-fil vintage orn\u00e9<\/a>.<\/p>\n<p>&nbsp;<\/p>\n","protected":false},"excerpt":{"rendered":"<p>Magnifique ciseaux de broderie vintage avec fleur.<br \/>\nCiseaux \u00e0 broder de couleur cuivre.<br \/>\nAcier inoxydable de haute qualit\u00e9, tr\u00e8s tranchant.<\/p>\n<p>&nbsp;<\/p>\n","protected":false},"featured_media":79983,"template":"","meta":[],"product_brand":[],"product_cat":[13743,12308],"product_tag":[13762,13810,12378,12489,13745,13808,13811,13812,13807,12545,13809,10282,13806,10116],"class_list":{"0":"post-134316","1":"product","2":"type-product","3":"status-publish","4":"has-post-thumbnail","6":"product_cat-ciseaux-a-broder","7":"product_cat-materiel-de-bricolage-et-de-crochet","8":"product_tag-baroque-fr","9":"product_tag-boucles","10":"product_tag-ciseaux","11":"product_tag-ciseaux-fr","12":"product_tag-ciseaux-a-broder","13":"product_tag-ciseaux-a-broder-fr","14":"product_tag-ciseaux-de-bricolage","15":"product_tag-ciseaux-de-bricolage-fr","16":"product_tag-couper","17":"product_tag-cuivre-fr","18":"product_tag-fleur-fr-6","19":"product_tag-fleur-fr-2","20":"product_tag-pointu","21":"product_tag-vintage-fr","23":"first","24":"outofstock","25":"taxable","26":"shipping-taxable","27":"purchasable","28":"product-type-simple"},"bundled_by":[],"bundle_stock_status":"outofstock","bundle_stock_quantity":0,"bundle_virtual":false,"bundle_layout":"","bundle_add_to_cart_form_location":"","bundle_editable_in_cart":false,"bundle_sold_individually_context":"","bundle_item_grouping":"","bundle_min_size":"","bundle_max_size":"","bundle_price":[],"bundled_items":[],"bundle_sell_ids":[],"yoast_head":"<!-- This site is optimized with the Yoast SEO Premium plugin v27.6 (Yoast SEO v27.6) - https:\/\/yoast.com\/product\/yoast-seo-premium-wordpress\/ -->\n<title>Ciseaux de broderie vintage avec d\u00e9coration florale - Cuivre -%.<\/title>\n<meta name=\"description\" content=\"Ciseaux de broderie vintage avec de jolies fleurs de couleur cuivre. Ces ciseaux \u00e0 broder sont un excellent accessoire et restent bien aiguis\u00e9s.\" \/>\n<meta name=\"robots\" content=\"index, follow, max-snippet:-1, max-image-preview:large, max-video-preview:-1\" \/>\n<link rel=\"canonical\" href=\"https:\/\/www.jootjeshaakcadeautjes.nl\/fr\/produit\/ciseaux-a-broder-vintage-avec-decoration-de-fleurs-cuivre\/\" \/>\n<meta property=\"og:locale\" content=\"fr_FR\" \/>\n<meta property=\"og:type\" content=\"article\" \/>\n<meta property=\"og:title\" content=\"Ciseaux de broderie vintage avec d\u00e9coration florale - Cuivre\" \/>\n<meta property=\"og:description\" content=\"Ciseaux de broderie vintage avec de jolies fleurs de couleur cuivre. Ces ciseaux \u00e0 broder sont un excellent accessoire et restent bien aiguis\u00e9s.\" \/>\n<meta property=\"og:url\" content=\"https:\/\/www.jootjeshaakcadeautjes.nl\/fr\/produit\/ciseaux-a-broder-vintage-avec-decoration-de-fleurs-cuivre\/\" \/>\n<meta property=\"og:site_name\" content=\"Jootjes Haakcadeautjes\" \/>\n<meta property=\"article:modified_time\" content=\"2025-11-07T14:28:34+00:00\" \/>\n<meta property=\"og:image\" content=\"https:\/\/www.jootjeshaakcadeautjes.nl\/wp-content\/uploads\/2021\/09\/20220417_184808.jpg\" \/>\n\t<meta property=\"og:image:width\" content=\"2048\" \/>\n\t<meta property=\"og:image:height\" content=\"2048\" \/>\n\t<meta property=\"og:image:type\" content=\"image\/jpeg\" \/>\n<meta name=\"twitter:card\" content=\"summary_large_image\" \/>\n<meta name=\"twitter:label1\" content=\"Prix\" \/>\n\t<meta name=\"twitter:data1\" content=\"&euro;7.75 TTC\" \/>\n\t<meta name=\"twitter:label2\" content=\"Disponibilit\u00e9\" \/>\n\t<meta name=\"twitter:data2\" content=\"Rupture de stock\" \/>\n<script type=\"application\/ld+json\" class=\"yoast-schema-graph\">{\"@context\":\"https:\\\/\\\/schema.org\",\"@graph\":[{\"@type\":\"WebPage\",\"@id\":\"https:\\\/\\\/www.jootjeshaakcadeautjes.nl\\\/fr\\\/produit\\\/ciseaux-a-broder-vintage-avec-decoration-de-fleurs-cuivre\\\/\",\"url\":\"https:\\\/\\\/www.jootjeshaakcadeautjes.nl\\\/fr\\\/produit\\\/ciseaux-a-broder-vintage-avec-decoration-de-fleurs-cuivre\\\/\",\"name\":\"Ciseaux de broderie vintage avec d\u00e9coration florale - Cuivre -%.\",\"isPartOf\":{\"@id\":\"https:\\\/\\\/www.jootjeshaakcadeautjes.nl\\\/fr\\\/#website\"},\"primaryImageOfPage\":{\"@id\":\"https:\\\/\\\/www.jootjeshaakcadeautjes.nl\\\/fr\\\/produit\\\/ciseaux-a-broder-vintage-avec-decoration-de-fleurs-cuivre\\\/#primaryimage\"},\"image\":{\"@id\":\"https:\\\/\\\/www.jootjeshaakcadeautjes.nl\\\/fr\\\/produit\\\/ciseaux-a-broder-vintage-avec-decoration-de-fleurs-cuivre\\\/#primaryimage\"},\"thumbnailUrl\":\"https:\\\/\\\/d1dyryakdmle7o.cloudfront.net\\\/wp-content\\\/uploads\\\/2021\\\/09\\\/20220417_184808.jpg\",\"datePublished\":\"2021-09-03T19:40:24+00:00\",\"dateModified\":\"2025-11-07T14:28:34+00:00\",\"description\":\"Ciseaux de broderie vintage avec de jolies fleurs de couleur cuivre. Ces ciseaux \u00e0 broder sont un excellent accessoire et restent bien aiguis\u00e9s.\",\"breadcrumb\":{\"@id\":\"https:\\\/\\\/www.jootjeshaakcadeautjes.nl\\\/fr\\\/produit\\\/ciseaux-a-broder-vintage-avec-decoration-de-fleurs-cuivre\\\/#breadcrumb\"},\"inLanguage\":\"fr-FR\",\"potentialAction\":[{\"@type\":\"ReadAction\",\"target\":[\"https:\\\/\\\/www.jootjeshaakcadeautjes.nl\\\/fr\\\/produit\\\/ciseaux-a-broder-vintage-avec-decoration-de-fleurs-cuivre\\\/\"]}]},{\"@type\":\"ImageObject\",\"inLanguage\":\"fr-FR\",\"@id\":\"https:\\\/\\\/www.jootjeshaakcadeautjes.nl\\\/fr\\\/produit\\\/ciseaux-a-broder-vintage-avec-decoration-de-fleurs-cuivre\\\/#primaryimage\",\"url\":\"https:\\\/\\\/d1dyryakdmle7o.cloudfront.net\\\/wp-content\\\/uploads\\\/2021\\\/09\\\/20220417_184808.jpg\",\"contentUrl\":\"https:\\\/\\\/d1dyryakdmle7o.cloudfront.net\\\/wp-content\\\/uploads\\\/2021\\\/09\\\/20220417_184808.jpg\",\"width\":2048,\"height\":2048,\"caption\":\"Ciseaux de broderie vintage en cuivre avec cordon de t\u00e9tine en forme de fleur\"},{\"@type\":\"BreadcrumbList\",\"@id\":\"https:\\\/\\\/www.jootjeshaakcadeautjes.nl\\\/fr\\\/produit\\\/ciseaux-a-broder-vintage-avec-decoration-de-fleurs-cuivre\\\/#breadcrumb\",\"itemListElement\":[{\"@type\":\"ListItem\",\"position\":1,\"name\":\"Accueil\",\"item\":\"https:\\\/\\\/www.jootjeshaakcadeautjes.nl\\\/fr\\\/\"},{\"@type\":\"ListItem\",\"position\":2,\"name\":\"Commerce de gros de perles en silicone &#8211; Entreprises et consommateurs\",\"item\":\"https:\\\/\\\/www.jootjeshaakcadeautjes.nl\\\/fr\\\/boutique\\\/\"},{\"@type\":\"ListItem\",\"position\":3,\"name\":\"Ciseaux de broderie vintage avec d\u00e9coration florale &#8211; Cuivre\"}]},{\"@type\":\"WebSite\",\"@id\":\"https:\\\/\\\/www.jootjeshaakcadeautjes.nl\\\/fr\\\/#website\",\"url\":\"https:\\\/\\\/www.jootjeshaakcadeautjes.nl\\\/fr\\\/\",\"name\":\"Jootjes Haakcadeautjes\",\"description\":\"Grossiste en perles de silicone\",\"publisher\":{\"@id\":\"https:\\\/\\\/www.jootjeshaakcadeautjes.nl\\\/fr\\\/#organization\"},\"potentialAction\":[{\"@type\":\"SearchAction\",\"target\":{\"@type\":\"EntryPoint\",\"urlTemplate\":\"https:\\\/\\\/www.jootjeshaakcadeautjes.nl\\\/fr\\\/?s={search_term_string}\"},\"query-input\":{\"@type\":\"PropertyValueSpecification\",\"valueRequired\":true,\"valueName\":\"search_term_string\"}}],\"inLanguage\":\"fr-FR\"},{\"@type\":\"Organization\",\"@id\":\"https:\\\/\\\/www.jootjeshaakcadeautjes.nl\\\/fr\\\/#organization\",\"name\":\"Jootjes Haakcadeautjes\",\"url\":\"https:\\\/\\\/www.jootjeshaakcadeautjes.nl\\\/fr\\\/\",\"logo\":{\"@type\":\"ImageObject\",\"inLanguage\":\"fr-FR\",\"@id\":\"https:\\\/\\\/www.jootjeshaakcadeautjes.nl\\\/fr\\\/#\\\/schema\\\/logo\\\/image\\\/\",\"url\":\"https:\\\/\\\/d1dyryakdmle7o.cloudfront.net\\\/wp-content\\\/uploads\\\/2023\\\/05\\\/Logo-rond.png\",\"contentUrl\":\"https:\\\/\\\/d1dyryakdmle7o.cloudfront.net\\\/wp-content\\\/uploads\\\/2023\\\/05\\\/Logo-rond.png\",\"width\":1222,\"height\":1222,\"caption\":\"Jootjes Haakcadeautjes\"},\"image\":{\"@id\":\"https:\\\/\\\/www.jootjeshaakcadeautjes.nl\\\/fr\\\/#\\\/schema\\\/logo\\\/image\\\/\"}}]}<\/script>\n<meta property=\"product:price:amount\" content=\"7.75\" \/>\n<meta property=\"product:price:currency\" content=\"EUR\" \/>\n<meta property=\"og:availability\" content=\"out of stock\" \/>\n<meta property=\"product:availability\" content=\"out of stock\" \/>\n<meta property=\"product:retailer_item_id\" content=\"BOR-VNB-KOP\" \/>\n<meta property=\"product:condition\" content=\"new\" \/>\n<!-- \/ Yoast SEO Premium plugin. -->","yoast_head_json":{"title":"Ciseaux de broderie vintage avec d\u00e9coration florale - Cuivre -%.","description":"Ciseaux de broderie vintage avec de jolies fleurs de couleur cuivre. Ces ciseaux \u00e0 broder sont un excellent accessoire et restent bien aiguis\u00e9s.","robots":{"index":"index","follow":"follow","max-snippet":"max-snippet:-1","max-image-preview":"max-image-preview:large","max-video-preview":"max-video-preview:-1"},"canonical":"https:\/\/www.jootjeshaakcadeautjes.nl\/fr\/produit\/ciseaux-a-broder-vintage-avec-decoration-de-fleurs-cuivre\/","og_locale":"fr_FR","og_type":"article","og_title":"Ciseaux de broderie vintage avec d\u00e9coration florale - Cuivre","og_description":"Ciseaux de broderie vintage avec de jolies fleurs de couleur cuivre. Ces ciseaux \u00e0 broder sont un excellent accessoire et restent bien aiguis\u00e9s.","og_url":"https:\/\/www.jootjeshaakcadeautjes.nl\/fr\/produit\/ciseaux-a-broder-vintage-avec-decoration-de-fleurs-cuivre\/","og_site_name":"Jootjes Haakcadeautjes","article_modified_time":"2025-11-07T14:28:34+00:00","og_image":[{"width":2048,"height":2048,"url":"https:\/\/www.jootjeshaakcadeautjes.nl\/wp-content\/uploads\/2021\/09\/20220417_184808.jpg","type":"image\/jpeg"}],"twitter_card":"summary_large_image","twitter_misc":{"Prix":"&euro;7.75 TTC","Disponibilit\u00e9":"Rupture de stock"},"schema":{"@context":"https:\/\/schema.org","@graph":[{"@type":"WebPage","@id":"https:\/\/www.jootjeshaakcadeautjes.nl\/fr\/produit\/ciseaux-a-broder-vintage-avec-decoration-de-fleurs-cuivre\/","url":"https:\/\/www.jootjeshaakcadeautjes.nl\/fr\/produit\/ciseaux-a-broder-vintage-avec-decoration-de-fleurs-cuivre\/","name":"Ciseaux de broderie vintage avec d\u00e9coration florale - Cuivre -%.","isPartOf":{"@id":"https:\/\/www.jootjeshaakcadeautjes.nl\/fr\/#website"},"primaryImageOfPage":{"@id":"https:\/\/www.jootjeshaakcadeautjes.nl\/fr\/produit\/ciseaux-a-broder-vintage-avec-decoration-de-fleurs-cuivre\/#primaryimage"},"image":{"@id":"https:\/\/www.jootjeshaakcadeautjes.nl\/fr\/produit\/ciseaux-a-broder-vintage-avec-decoration-de-fleurs-cuivre\/#primaryimage"},"thumbnailUrl":"https:\/\/d1dyryakdmle7o.cloudfront.net\/wp-content\/uploads\/2021\/09\/20220417_184808.jpg","datePublished":"2021-09-03T19:40:24+00:00","dateModified":"2025-11-07T14:28:34+00:00","description":"Ciseaux de broderie vintage avec de jolies fleurs de couleur cuivre. Ces ciseaux \u00e0 broder sont un excellent accessoire et restent bien aiguis\u00e9s.","breadcrumb":{"@id":"https:\/\/www.jootjeshaakcadeautjes.nl\/fr\/produit\/ciseaux-a-broder-vintage-avec-decoration-de-fleurs-cuivre\/#breadcrumb"},"inLanguage":"fr-FR","potentialAction":[{"@type":"ReadAction","target":["https:\/\/www.jootjeshaakcadeautjes.nl\/fr\/produit\/ciseaux-a-broder-vintage-avec-decoration-de-fleurs-cuivre\/"]}]},{"@type":"ImageObject","inLanguage":"fr-FR","@id":"https:\/\/www.jootjeshaakcadeautjes.nl\/fr\/produit\/ciseaux-a-broder-vintage-avec-decoration-de-fleurs-cuivre\/#primaryimage","url":"https:\/\/d1dyryakdmle7o.cloudfront.net\/wp-content\/uploads\/2021\/09\/20220417_184808.jpg","contentUrl":"https:\/\/d1dyryakdmle7o.cloudfront.net\/wp-content\/uploads\/2021\/09\/20220417_184808.jpg","width":2048,"height":2048,"caption":"Ciseaux de broderie vintage en cuivre avec cordon de t\u00e9tine en forme de fleur"},{"@type":"BreadcrumbList","@id":"https:\/\/www.jootjeshaakcadeautjes.nl\/fr\/produit\/ciseaux-a-broder-vintage-avec-decoration-de-fleurs-cuivre\/#breadcrumb","itemListElement":[{"@type":"ListItem","position":1,"name":"Accueil","item":"https:\/\/www.jootjeshaakcadeautjes.nl\/fr\/"},{"@type":"ListItem","position":2,"name":"Commerce de gros de perles en silicone &#8211; Entreprises et consommateurs","item":"https:\/\/www.jootjeshaakcadeautjes.nl\/fr\/boutique\/"},{"@type":"ListItem","position":3,"name":"Ciseaux de broderie vintage avec d\u00e9coration florale &#8211; Cuivre"}]},{"@type":"WebSite","@id":"https:\/\/www.jootjeshaakcadeautjes.nl\/fr\/#website","url":"https:\/\/www.jootjeshaakcadeautjes.nl\/fr\/","name":"Jootjes Haakcadeautjes","description":"Grossiste en perles de silicone","publisher":{"@id":"https:\/\/www.jootjeshaakcadeautjes.nl\/fr\/#organization"},"potentialAction":[{"@type":"SearchAction","target":{"@type":"EntryPoint","urlTemplate":"https:\/\/www.jootjeshaakcadeautjes.nl\/fr\/?s={search_term_string}"},"query-input":{"@type":"PropertyValueSpecification","valueRequired":true,"valueName":"search_term_string"}}],"inLanguage":"fr-FR"},{"@type":"Organization","@id":"https:\/\/www.jootjeshaakcadeautjes.nl\/fr\/#organization","name":"Jootjes Haakcadeautjes","url":"https:\/\/www.jootjeshaakcadeautjes.nl\/fr\/","logo":{"@type":"ImageObject","inLanguage":"fr-FR","@id":"https:\/\/www.jootjeshaakcadeautjes.nl\/fr\/#\/schema\/logo\/image\/","url":"https:\/\/d1dyryakdmle7o.cloudfront.net\/wp-content\/uploads\/2023\/05\/Logo-rond.png","contentUrl":"https:\/\/d1dyryakdmle7o.cloudfront.net\/wp-content\/uploads\/2023\/05\/Logo-rond.png","width":1222,"height":1222,"caption":"Jootjes Haakcadeautjes"},"image":{"@id":"https:\/\/www.jootjeshaakcadeautjes.nl\/fr\/#\/schema\/logo\/image\/"}}]},"product_price_amount":"7.75","product_price_currency":"EUR","og_availability":"out of stock","product_availability":"out of stock","product_retailer_item_id":"BOR-VNB-KOP","product_condition":"new"},"_links":{"self":[{"href":"https:\/\/www.jootjeshaakcadeautjes.nl\/fr\/wp-json\/wp\/v2\/product\/134316","targetHints":{"allow":["GET"]}}],"collection":[{"href":"https:\/\/www.jootjeshaakcadeautjes.nl\/fr\/wp-json\/wp\/v2\/product"}],"about":[{"href":"https:\/\/www.jootjeshaakcadeautjes.nl\/fr\/wp-json\/wp\/v2\/types\/product"}],"version-history":[{"count":0,"href":"https:\/\/www.jootjeshaakcadeautjes.nl\/fr\/wp-json\/wp\/v2\/product\/134316\/revisions"}],"wp:featuredmedia":[{"embeddable":true,"href":"https:\/\/www.jootjeshaakcadeautjes.nl\/fr\/wp-json\/wp\/v2\/media\/79983"}],"wp:attachment":[{"href":"https:\/\/www.jootjeshaakcadeautjes.nl\/fr\/wp-json\/wp\/v2\/media?parent=134316"}],"wp:term":[{"taxonomy":"product_brand","embeddable":true,"href":"https:\/\/www.jootjeshaakcadeautjes.nl\/fr\/wp-json\/wp\/v2\/product_brand?post=134316"},{"taxonomy":"product_cat","embeddable":true,"href":"https:\/\/www.jootjeshaakcadeautjes.nl\/fr\/wp-json\/wp\/v2\/product_cat?post=134316"},{"taxonomy":"product_tag","embeddable":true,"href":"https:\/\/www.jootjeshaakcadeautjes.nl\/fr\/wp-json\/wp\/v2\/product_tag?post=134316"}],"curies":[{"name":"wp","href":"https:\/\/api.w.org\/{rel}","templated":true}]}}