{"id":134415,"date":"2021-03-20T09:00:08","date_gmt":"2021-03-20T07:00:08","guid":{"rendered":"https:\/\/www.jootjeshaakcadeautjes.nl\/product\/silicone-ring-donut-43-mm-sand\/"},"modified":"2026-02-02T18:17:31","modified_gmt":"2026-02-02T17:17:31","slug":"silicone-ring-donut-43-mm-sand","status":"publish","type":"product","link":"https:\/\/www.jootjeshaakcadeautjes.nl\/fr\/produit\/silicone-ring-donut-43-mm-sand\/","title":{"rendered":"Anneau\/Donut en silicone &#8211; 43 mm &#8211; Sable"},"content":{"rendered":"<h2>Anneau\/Donut en silicone &#8211; 43 mm &#8211; Sable<\/h2>\n<p>Couleur : sable<br \/>\nMat\u00e9riau : 100% silicone sans danger pour les b\u00e9b\u00e9s<br \/>\nTaille : 43 mm<br \/>\nCertifi\u00e9 : Certifi\u00e9 CE et silicone chimiquement s\u00fbr test\u00e9 conform\u00e9ment \u00e0 la norme EN-71. Sans BPA, sans phtalates, sans PVC et sans autres produits chimiques nocifs, conform\u00e9ment \u00e0 la norme EN-71.<\/p>\n<h3>Utilisation :<\/h3>\n<p>Mignon anneau\/donut en silicone \u00e0 utiliser pour les cha\u00eenes de t\u00e9tine, les cha\u00eenes de landau, les anneaux de dentition et autres. Utilis\u00e9 couramment sur un anneau de dentition avec, par exemple, un anneau en bois ou une figurine de dentition.<\/p>\n","protected":false},"excerpt":{"rendered":"<h2>Anneau\/Donut en silicone &#8211; 43 mm &#8211; Sable<\/h2>\n<p>Couleur : sable<br \/>\nMat\u00e9riau : 100% silicone sans danger pour les b\u00e9b\u00e9s<br \/>\nTaille : 43 mm<br \/>\nCertifi\u00e9 : Certifi\u00e9 CE et silicone chimiquement s\u00fbr test\u00e9 conform\u00e9ment \u00e0 la norme EN-71.<br \/>\nSans BPA, sans phtalates, sans PVC et sans autres produits chimiques nocifs, conform\u00e9ment \u00e0 la norme EN-71.<\/p>\n","protected":false},"featured_media":75600,"template":"","meta":[],"product_brand":[],"product_cat":[13118,7378],"product_tag":[13122,13119,12298,7384,13120,7455,7418,7392,10290,10252,7415,10025,10007,7212],"class_list":{"0":"post-134415","1":"product","2":"type-product","3":"status-publish","4":"has-post-thumbnail","6":"product_cat-anneaux-en-silicone-43-mm","7":"product_cat-fabrication-de-jouets-de-dentition-pour-bebe-cordon-de-sucette-et-anneaux-de-dentition","8":"product_tag-43-fr","9":"product_tag-43mm-fr","10":"product_tag-anneau","11":"product_tag-anneau-de-dentition","12":"product_tag-beignet","13":"product_tag-chaine-de-landau","14":"product_tag-faux-cordon","15":"product_tag-mm-fr","16":"product_tag-protection-des-enfants","17":"product_tag-sable","18":"product_tag-sans-bpa","19":"product_tag-sans-phtalates","20":"product_tag-sans-pvc","21":"product_tag-silicone-fr","23":"first","24":"instock","25":"taxable","26":"shipping-taxable","27":"purchasable","28":"product-type-simple"},"bundled_by":[],"bundle_stock_status":"instock","bundle_stock_quantity":23,"bundle_virtual":false,"bundle_layout":"","bundle_add_to_cart_form_location":"","bundle_editable_in_cart":false,"bundle_sold_individually_context":"","bundle_item_grouping":"","bundle_min_size":"","bundle_max_size":"","bundle_price":[],"bundled_items":[],"bundle_sell_ids":[],"yoast_head":"<!-- This site is optimized with the Yoast SEO Premium plugin v27.6 (Yoast SEO v27.6) - https:\/\/yoast.com\/product\/yoast-seo-premium-wordpress\/ -->\n<title>Anneau\/Donut en silicone - 43 mm - Sable %sep%% Sans BPA Certificat CE<\/title>\n<meta name=\"description\" content=\"Anneau\/donut en silicone 43 mm couleur sable pour anneaux de dentition, cordon de t\u00e9tine, cordon de landau, etc. Sans BPA, \u00e0 l&#039;\u00e9preuve des enfants et certifi\u00e9 CE.\" \/>\n<meta name=\"robots\" content=\"index, follow, max-snippet:-1, max-image-preview:large, max-video-preview:-1\" \/>\n<link rel=\"canonical\" href=\"https:\/\/www.jootjeshaakcadeautjes.nl\/fr\/produit\/silicone-ring-donut-43-mm-sand\/\" \/>\n<meta property=\"og:locale\" content=\"fr_FR\" \/>\n<meta property=\"og:type\" content=\"article\" \/>\n<meta property=\"og:title\" content=\"Anneau\/Donut en silicone - 43 mm - Sable\" \/>\n<meta property=\"og:description\" content=\"Anneau\/donut en silicone 43 mm couleur sable pour anneaux de dentition, cordon de t\u00e9tine, cordon de landau, etc. Sans BPA, \u00e0 l&#039;\u00e9preuve des enfants et certifi\u00e9 CE.\" \/>\n<meta property=\"og:url\" content=\"https:\/\/www.jootjeshaakcadeautjes.nl\/fr\/produit\/silicone-ring-donut-43-mm-sand\/\" \/>\n<meta property=\"og:site_name\" content=\"Jootjes Haakcadeautjes\" \/>\n<meta property=\"article:modified_time\" content=\"2026-02-02T17:17:31+00:00\" \/>\n<meta property=\"og:image\" content=\"https:\/\/www.jootjeshaakcadeautjes.nl\/wp-content\/uploads\/2021\/03\/20210214_230331.jpg\" \/>\n\t<meta property=\"og:image:width\" content=\"1490\" \/>\n\t<meta property=\"og:image:height\" content=\"1490\" \/>\n\t<meta property=\"og:image:type\" content=\"image\/jpeg\" \/>\n<meta name=\"twitter:card\" content=\"summary_large_image\" \/>\n<meta name=\"twitter:label1\" content=\"Prix\" \/>\n\t<meta name=\"twitter:data1\" content=\"&euro;0.95 TTC\" \/>\n\t<meta name=\"twitter:label2\" content=\"Disponibilit\u00e9\" \/>\n\t<meta name=\"twitter:data2\" content=\"En stock\" \/>\n<script type=\"application\/ld+json\" class=\"yoast-schema-graph\">{\"@context\":\"https:\\\/\\\/schema.org\",\"@graph\":[{\"@type\":\"WebPage\",\"@id\":\"https:\\\/\\\/www.jootjeshaakcadeautjes.nl\\\/fr\\\/produit\\\/silicone-ring-donut-43-mm-sand\\\/\",\"url\":\"https:\\\/\\\/www.jootjeshaakcadeautjes.nl\\\/fr\\\/produit\\\/silicone-ring-donut-43-mm-sand\\\/\",\"name\":\"Anneau\\\/Donut en silicone - 43 mm - Sable %sep%% Sans BPA Certificat CE\",\"isPartOf\":{\"@id\":\"https:\\\/\\\/www.jootjeshaakcadeautjes.nl\\\/fr\\\/#website\"},\"primaryImageOfPage\":{\"@id\":\"https:\\\/\\\/www.jootjeshaakcadeautjes.nl\\\/fr\\\/produit\\\/silicone-ring-donut-43-mm-sand\\\/#primaryimage\"},\"image\":{\"@id\":\"https:\\\/\\\/www.jootjeshaakcadeautjes.nl\\\/fr\\\/produit\\\/silicone-ring-donut-43-mm-sand\\\/#primaryimage\"},\"thumbnailUrl\":\"https:\\\/\\\/d1dyryakdmle7o.cloudfront.net\\\/wp-content\\\/uploads\\\/2021\\\/03\\\/20210214_230331.jpg\",\"datePublished\":\"2021-03-20T07:00:08+00:00\",\"dateModified\":\"2026-02-02T17:17:31+00:00\",\"description\":\"Anneau\\\/donut en silicone 43 mm couleur sable pour anneaux de dentition, cordon de t\u00e9tine, cordon de landau, etc. Sans BPA, \u00e0 l'\u00e9preuve des enfants et certifi\u00e9 CE.\",\"breadcrumb\":{\"@id\":\"https:\\\/\\\/www.jootjeshaakcadeautjes.nl\\\/fr\\\/produit\\\/silicone-ring-donut-43-mm-sand\\\/#breadcrumb\"},\"inLanguage\":\"fr-FR\",\"potentialAction\":[{\"@type\":\"ReadAction\",\"target\":[\"https:\\\/\\\/www.jootjeshaakcadeautjes.nl\\\/fr\\\/produit\\\/silicone-ring-donut-43-mm-sand\\\/\"]}]},{\"@type\":\"ImageObject\",\"inLanguage\":\"fr-FR\",\"@id\":\"https:\\\/\\\/www.jootjeshaakcadeautjes.nl\\\/fr\\\/produit\\\/silicone-ring-donut-43-mm-sand\\\/#primaryimage\",\"url\":\"https:\\\/\\\/d1dyryakdmle7o.cloudfront.net\\\/wp-content\\\/uploads\\\/2021\\\/03\\\/20210214_230331.jpg\",\"contentUrl\":\"https:\\\/\\\/d1dyryakdmle7o.cloudfront.net\\\/wp-content\\\/uploads\\\/2021\\\/03\\\/20210214_230331.jpg\",\"width\":1490,\"height\":1490,\"caption\":\"Anneau de dentition en silicone 43 mm bpa free wholesale sand\"},{\"@type\":\"BreadcrumbList\",\"@id\":\"https:\\\/\\\/www.jootjeshaakcadeautjes.nl\\\/fr\\\/produit\\\/silicone-ring-donut-43-mm-sand\\\/#breadcrumb\",\"itemListElement\":[{\"@type\":\"ListItem\",\"position\":1,\"name\":\"Accueil\",\"item\":\"https:\\\/\\\/www.jootjeshaakcadeautjes.nl\\\/fr\\\/\"},{\"@type\":\"ListItem\",\"position\":2,\"name\":\"Commerce de gros de perles en silicone &#8211; Entreprises et consommateurs\",\"item\":\"https:\\\/\\\/www.jootjeshaakcadeautjes.nl\\\/fr\\\/boutique\\\/\"},{\"@type\":\"ListItem\",\"position\":3,\"name\":\"Anneau\\\/Donut en silicone &#8211; 43 mm &#8211; Sable\"}]},{\"@type\":\"WebSite\",\"@id\":\"https:\\\/\\\/www.jootjeshaakcadeautjes.nl\\\/fr\\\/#website\",\"url\":\"https:\\\/\\\/www.jootjeshaakcadeautjes.nl\\\/fr\\\/\",\"name\":\"Jootjes Haakcadeautjes\",\"description\":\"Grossiste en perles de silicone\",\"publisher\":{\"@id\":\"https:\\\/\\\/www.jootjeshaakcadeautjes.nl\\\/fr\\\/#organization\"},\"potentialAction\":[{\"@type\":\"SearchAction\",\"target\":{\"@type\":\"EntryPoint\",\"urlTemplate\":\"https:\\\/\\\/www.jootjeshaakcadeautjes.nl\\\/fr\\\/?s={search_term_string}\"},\"query-input\":{\"@type\":\"PropertyValueSpecification\",\"valueRequired\":true,\"valueName\":\"search_term_string\"}}],\"inLanguage\":\"fr-FR\"},{\"@type\":\"Organization\",\"@id\":\"https:\\\/\\\/www.jootjeshaakcadeautjes.nl\\\/fr\\\/#organization\",\"name\":\"Jootjes Haakcadeautjes\",\"url\":\"https:\\\/\\\/www.jootjeshaakcadeautjes.nl\\\/fr\\\/\",\"logo\":{\"@type\":\"ImageObject\",\"inLanguage\":\"fr-FR\",\"@id\":\"https:\\\/\\\/www.jootjeshaakcadeautjes.nl\\\/fr\\\/#\\\/schema\\\/logo\\\/image\\\/\",\"url\":\"https:\\\/\\\/d1dyryakdmle7o.cloudfront.net\\\/wp-content\\\/uploads\\\/2023\\\/05\\\/Logo-rond.png\",\"contentUrl\":\"https:\\\/\\\/d1dyryakdmle7o.cloudfront.net\\\/wp-content\\\/uploads\\\/2023\\\/05\\\/Logo-rond.png\",\"width\":1222,\"height\":1222,\"caption\":\"Jootjes Haakcadeautjes\"},\"image\":{\"@id\":\"https:\\\/\\\/www.jootjeshaakcadeautjes.nl\\\/fr\\\/#\\\/schema\\\/logo\\\/image\\\/\"}}]}<\/script>\n<meta property=\"product:price:amount\" content=\"0.95\" \/>\n<meta property=\"product:price:currency\" content=\"EUR\" \/>\n<meta property=\"og:availability\" content=\"instock\" \/>\n<meta property=\"product:availability\" content=\"instock\" \/>\n<meta property=\"product:retailer_item_id\" content=\"RGN-DNT-ZND\" \/>\n<meta property=\"product:condition\" content=\"new\" \/>\n<!-- \/ Yoast SEO Premium plugin. -->","yoast_head_json":{"title":"Anneau\/Donut en silicone - 43 mm - Sable %sep%% Sans BPA Certificat CE","description":"Anneau\/donut en silicone 43 mm couleur sable pour anneaux de dentition, cordon de t\u00e9tine, cordon de landau, etc. Sans BPA, \u00e0 l'\u00e9preuve des enfants et certifi\u00e9 CE.","robots":{"index":"index","follow":"follow","max-snippet":"max-snippet:-1","max-image-preview":"max-image-preview:large","max-video-preview":"max-video-preview:-1"},"canonical":"https:\/\/www.jootjeshaakcadeautjes.nl\/fr\/produit\/silicone-ring-donut-43-mm-sand\/","og_locale":"fr_FR","og_type":"article","og_title":"Anneau\/Donut en silicone - 43 mm - Sable","og_description":"Anneau\/donut en silicone 43 mm couleur sable pour anneaux de dentition, cordon de t\u00e9tine, cordon de landau, etc. Sans BPA, \u00e0 l'\u00e9preuve des enfants et certifi\u00e9 CE.","og_url":"https:\/\/www.jootjeshaakcadeautjes.nl\/fr\/produit\/silicone-ring-donut-43-mm-sand\/","og_site_name":"Jootjes Haakcadeautjes","article_modified_time":"2026-02-02T17:17:31+00:00","og_image":[{"width":1490,"height":1490,"url":"https:\/\/www.jootjeshaakcadeautjes.nl\/wp-content\/uploads\/2021\/03\/20210214_230331.jpg","type":"image\/jpeg"}],"twitter_card":"summary_large_image","twitter_misc":{"Prix":"&euro;0.95 TTC","Disponibilit\u00e9":"En stock"},"schema":{"@context":"https:\/\/schema.org","@graph":[{"@type":"WebPage","@id":"https:\/\/www.jootjeshaakcadeautjes.nl\/fr\/produit\/silicone-ring-donut-43-mm-sand\/","url":"https:\/\/www.jootjeshaakcadeautjes.nl\/fr\/produit\/silicone-ring-donut-43-mm-sand\/","name":"Anneau\/Donut en silicone - 43 mm - Sable %sep%% Sans BPA Certificat CE","isPartOf":{"@id":"https:\/\/www.jootjeshaakcadeautjes.nl\/fr\/#website"},"primaryImageOfPage":{"@id":"https:\/\/www.jootjeshaakcadeautjes.nl\/fr\/produit\/silicone-ring-donut-43-mm-sand\/#primaryimage"},"image":{"@id":"https:\/\/www.jootjeshaakcadeautjes.nl\/fr\/produit\/silicone-ring-donut-43-mm-sand\/#primaryimage"},"thumbnailUrl":"https:\/\/d1dyryakdmle7o.cloudfront.net\/wp-content\/uploads\/2021\/03\/20210214_230331.jpg","datePublished":"2021-03-20T07:00:08+00:00","dateModified":"2026-02-02T17:17:31+00:00","description":"Anneau\/donut en silicone 43 mm couleur sable pour anneaux de dentition, cordon de t\u00e9tine, cordon de landau, etc. Sans BPA, \u00e0 l'\u00e9preuve des enfants et certifi\u00e9 CE.","breadcrumb":{"@id":"https:\/\/www.jootjeshaakcadeautjes.nl\/fr\/produit\/silicone-ring-donut-43-mm-sand\/#breadcrumb"},"inLanguage":"fr-FR","potentialAction":[{"@type":"ReadAction","target":["https:\/\/www.jootjeshaakcadeautjes.nl\/fr\/produit\/silicone-ring-donut-43-mm-sand\/"]}]},{"@type":"ImageObject","inLanguage":"fr-FR","@id":"https:\/\/www.jootjeshaakcadeautjes.nl\/fr\/produit\/silicone-ring-donut-43-mm-sand\/#primaryimage","url":"https:\/\/d1dyryakdmle7o.cloudfront.net\/wp-content\/uploads\/2021\/03\/20210214_230331.jpg","contentUrl":"https:\/\/d1dyryakdmle7o.cloudfront.net\/wp-content\/uploads\/2021\/03\/20210214_230331.jpg","width":1490,"height":1490,"caption":"Anneau de dentition en silicone 43 mm bpa free wholesale sand"},{"@type":"BreadcrumbList","@id":"https:\/\/www.jootjeshaakcadeautjes.nl\/fr\/produit\/silicone-ring-donut-43-mm-sand\/#breadcrumb","itemListElement":[{"@type":"ListItem","position":1,"name":"Accueil","item":"https:\/\/www.jootjeshaakcadeautjes.nl\/fr\/"},{"@type":"ListItem","position":2,"name":"Commerce de gros de perles en silicone &#8211; Entreprises et consommateurs","item":"https:\/\/www.jootjeshaakcadeautjes.nl\/fr\/boutique\/"},{"@type":"ListItem","position":3,"name":"Anneau\/Donut en silicone &#8211; 43 mm &#8211; Sable"}]},{"@type":"WebSite","@id":"https:\/\/www.jootjeshaakcadeautjes.nl\/fr\/#website","url":"https:\/\/www.jootjeshaakcadeautjes.nl\/fr\/","name":"Jootjes Haakcadeautjes","description":"Grossiste en perles de silicone","publisher":{"@id":"https:\/\/www.jootjeshaakcadeautjes.nl\/fr\/#organization"},"potentialAction":[{"@type":"SearchAction","target":{"@type":"EntryPoint","urlTemplate":"https:\/\/www.jootjeshaakcadeautjes.nl\/fr\/?s={search_term_string}"},"query-input":{"@type":"PropertyValueSpecification","valueRequired":true,"valueName":"search_term_string"}}],"inLanguage":"fr-FR"},{"@type":"Organization","@id":"https:\/\/www.jootjeshaakcadeautjes.nl\/fr\/#organization","name":"Jootjes Haakcadeautjes","url":"https:\/\/www.jootjeshaakcadeautjes.nl\/fr\/","logo":{"@type":"ImageObject","inLanguage":"fr-FR","@id":"https:\/\/www.jootjeshaakcadeautjes.nl\/fr\/#\/schema\/logo\/image\/","url":"https:\/\/d1dyryakdmle7o.cloudfront.net\/wp-content\/uploads\/2023\/05\/Logo-rond.png","contentUrl":"https:\/\/d1dyryakdmle7o.cloudfront.net\/wp-content\/uploads\/2023\/05\/Logo-rond.png","width":1222,"height":1222,"caption":"Jootjes Haakcadeautjes"},"image":{"@id":"https:\/\/www.jootjeshaakcadeautjes.nl\/fr\/#\/schema\/logo\/image\/"}}]},"product_price_amount":"0.95","product_price_currency":"EUR","og_availability":"instock","product_availability":"instock","product_retailer_item_id":"RGN-DNT-ZND","product_condition":"new"},"_links":{"self":[{"href":"https:\/\/www.jootjeshaakcadeautjes.nl\/fr\/wp-json\/wp\/v2\/product\/134415","targetHints":{"allow":["GET"]}}],"collection":[{"href":"https:\/\/www.jootjeshaakcadeautjes.nl\/fr\/wp-json\/wp\/v2\/product"}],"about":[{"href":"https:\/\/www.jootjeshaakcadeautjes.nl\/fr\/wp-json\/wp\/v2\/types\/product"}],"version-history":[{"count":0,"href":"https:\/\/www.jootjeshaakcadeautjes.nl\/fr\/wp-json\/wp\/v2\/product\/134415\/revisions"}],"wp:featuredmedia":[{"embeddable":true,"href":"https:\/\/www.jootjeshaakcadeautjes.nl\/fr\/wp-json\/wp\/v2\/media\/75600"}],"wp:attachment":[{"href":"https:\/\/www.jootjeshaakcadeautjes.nl\/fr\/wp-json\/wp\/v2\/media?parent=134415"}],"wp:term":[{"taxonomy":"product_brand","embeddable":true,"href":"https:\/\/www.jootjeshaakcadeautjes.nl\/fr\/wp-json\/wp\/v2\/product_brand?post=134415"},{"taxonomy":"product_cat","embeddable":true,"href":"https:\/\/www.jootjeshaakcadeautjes.nl\/fr\/wp-json\/wp\/v2\/product_cat?post=134415"},{"taxonomy":"product_tag","embeddable":true,"href":"https:\/\/www.jootjeshaakcadeautjes.nl\/fr\/wp-json\/wp\/v2\/product_tag?post=134415"}],"curies":[{"name":"wp","href":"https:\/\/api.w.org\/{rel}","templated":true}]}}