{"id":134504,"date":"2020-12-28T23:03:44","date_gmt":"2020-12-28T21:03:44","guid":{"rendered":"https:\/\/www.jootjeshaakcadeautjes.nl\/product\/perle-de-silicone-arc-en-ciel-turquoise\/"},"modified":"2026-05-06T11:42:14","modified_gmt":"2026-05-06T09:42:14","slug":"perle-de-silicone-arc-en-ciel-turquoise","status":"publish","type":"product","link":"https:\/\/www.jootjeshaakcadeautjes.nl\/fr\/produit\/perle-de-silicone-arc-en-ciel-turquoise\/","title":{"rendered":"Perle de silicone &#8211; Arc-en-ciel &#8211; Turquoise"},"content":{"rendered":"<h3>Perle de silicone &#8211; Arc-en-ciel &#8211; Turquoise<\/h3>\n<p>L&#8217;arc-en-ciel de perles en silicone est fabriqu\u00e9 en silicone sans BPA. Cela signifie que les produits ont \u00e9t\u00e9 jug\u00e9s s\u00fbrs pour une utilisation dans les jouets pour enfants. L&#8217;application de silicone ne contient pas de substances nocives. Nos produits sont donc conformes \u00e0 toutes les certifications n\u00e9cessaires. Surveillez toujours l&#8217;usure des jouets et jetez-les si n\u00e9cessaire. Cela s&#8217;applique \u00e0 tout type de jouet pour b\u00e9b\u00e9.<\/p>\n<p>Ces perles arc-en-ciel sont disponibles en 5 combinaisons de couleurs :<\/p>\n<ul>\n<li>Turquoise, gris fonc\u00e9, vert clair (\/vert menthe) et gris clair<\/li>\n<li>Bleu royal, bleu, bleu poudr\u00e9 clair et gris clair<\/li>\n<li>Rose framboise, rose tendre, p\u00eache et blanc<\/li>\n<li>Raisin Cassis\/Pourpre, Rouge\/Poivre, Orange et Jaune vif<\/li>\n<li>Magenta, violet doux, turquoise et jaune clair<\/li>\n<\/ul>\n<p>Il existe \u00e9galement des clips de dentition arc-en-ciel et des figurines de dentition arc-en-ciel assortis, entre autres. Vous trouverez <a href=\"https:\/\/www.jootjeshaakcadeautjes.nl\/product\/siliconen-bijtfiguur-regenboog-turquoise\/\">ici<\/a> les marques de morsure arc-en-ciel correspondantes. Vous pouvez trouver les clips de mannequin arc-en-ciel assortis <a href=\"https:\/\/www.jootjeshaakcadeautjes.nl\/product\/siliconen-speenclip-regenboog-turquoise\/\">ici<\/a>.<\/p>\n<p>Un enfant apprend d&#8217;abord beaucoup gr\u00e2ce \u00e0 ses sens. Il est donc judicieux de varier en fonction des points suivants :<\/p>\n<ul>\n<li>Mat\u00e9riau\n<ul>\n<li>Silicone<\/li>\n<li>Bois<\/li>\n<li>Fil \u00e0 crochet.\n<ul>\n<li>Le fil de coton est g\u00e9n\u00e9ralement utilis\u00e9 car il est moins pelucheux. Les enfants n&#8217;en tirent pas de fibres.<\/li>\n<\/ul>\n<\/li>\n<\/ul>\n<\/li>\n<li>Texture\/Relief\n<ul>\n<li>Tous nos produits en silicone ont leur propre relief, tant au recto qu&#8217;au verso.<\/li>\n<li>De toute fa\u00e7on, le bois, le silicone et le fil ont tous leur propre toucher et leur propre texture.<\/li>\n<\/ul>\n<\/li>\n<li>Formes : rondes, g\u00e9om\u00e9triques, ovales, plusieurs animaux, anneaux.<\/li>\n<li>Visuel :\n<ul>\n<li>Diff\u00e9rentes formes<\/li>\n<li>Diff\u00e9rentes couleurs<\/li>\n<\/ul>\n<\/li>\n<\/ul>\n<p>Les appliques en silicone, comme les appliques en bois, sont souvent utilis\u00e9es pour fabriquer des jouets pour b\u00e9b\u00e9s \u00e0 la main. Les appliques se combinent bien avec nos perles en silicone.<\/p>\n<p>&nbsp;<\/p>\n","protected":false},"excerpt":{"rendered":"<p>Variante : Turquoise arc-en-ciel<\/p>\n<p>Compos\u00e9 des couleurs : Turquoise, Gris fonc\u00e9, Vert clair (\/vert menthe) et Gris clair.<\/p>\n<p>Vous trouverez <a href=\"https:\/\/www.jootjeshaakcadeautjes.nl\/product\/siliconen-bijtfiguur-regenboog-turquoise\/\">ici<\/a> les marques de morsure arc-en-ciel correspondantes.<br \/>\nVous pouvez trouver les clips de mannequin arc-en-ciel assortis <a href=\"https:\/\/www.jootjeshaakcadeautjes.nl\/product\/siliconen-speenclip-regenboog-turquoise\/\">ici<\/a>.<\/p>\n<p>Fabriqu\u00e9 en silicone sans BPA.<br \/>\nCertifi\u00e9 CE, 100% s\u00fbr pour les enfants.<\/p>\n<p>Pour plus d&#8217;informations sur l&#8217;utilisation,<br \/>\nlire en bas de page.<\/p>\n","protected":false},"featured_media":74778,"template":"","meta":[],"product_brand":[],"product_cat":[12572,7378,12573,6992,7398],"product_tag":[12577,7401,10302,12929,7424,10295,7440,10092,10342,10359,7526,10065,10290,7212,12804,12284,10319],"class_list":{"0":"post-134504","1":"product","2":"type-product","3":"status-publish","4":"has-post-thumbnail","6":"product_cat-arc-en-ciel-ballons-morsures-perles-clips","7":"product_cat-fabrication-de-jouets-de-dentition-pour-bebe-cordon-de-sucette-et-anneaux-de-dentition","8":"product_cat-perles-en-silicone-ciel-et-espace-arc-en-ciel-nuage-etoile-et-fusee","9":"product_cat-perles-en-silicone-sans-bpa-grossiste","10":"product_cat-perles-en-silicone-toutes-les-perles-de-luxe-multicolores","11":"product_tag-arc-en-ciel-fr","12":"product_tag-bebe","13":"product_tag-bijoux","14":"product_tag-bourrelet-de-crecelle","15":"product_tag-bpa-fr","16":"product_tag-certifie-fr","17":"product_tag-gratuit","18":"product_tag-gris","19":"product_tag-lanneau-de-prehension","20":"product_tag-ludique","21":"product_tag-lumiere","22":"product_tag-menthe","23":"product_tag-protection-des-enfants","24":"product_tag-silicone-fr","25":"product_tag-sombre-fr","26":"product_tag-turquoise-fr","27":"product_tag-vert","29":"first","30":"instock","31":"taxable","32":"shipping-taxable","33":"purchasable","34":"product-type-simple"},"bundled_by":[],"bundle_stock_status":"instock","bundle_stock_quantity":13,"bundle_virtual":false,"bundle_layout":"","bundle_add_to_cart_form_location":"","bundle_editable_in_cart":false,"bundle_sold_individually_context":"","bundle_item_grouping":"","bundle_min_size":"","bundle_max_size":"","bundle_price":[],"bundled_items":[],"bundle_sell_ids":[],"yoast_head":"<!-- This site is optimized with the Yoast SEO Premium plugin v27.6 (Yoast SEO v27.6) - https:\/\/yoast.com\/product\/yoast-seo-premium-wordpress\/ -->\n<title>Perle de silicone - Arc-en-ciel - Turquoise - Chiffre de l&#039;abeille -%.<\/title>\n<meta name=\"description\" content=\"Figurine en silicone Monstera Leaf sans BPA, 100% sans danger pour les enfants. Pour anneau de dentition ou cordon de t\u00e9tine. Certifi\u00e9 CE EN71. Pour les gar\u00e7ons et les filles\" \/>\n<meta name=\"robots\" content=\"index, follow, max-snippet:-1, max-image-preview:large, max-video-preview:-1\" \/>\n<link rel=\"canonical\" href=\"https:\/\/www.jootjeshaakcadeautjes.nl\/fr\/produit\/perle-de-silicone-arc-en-ciel-turquoise\/\" \/>\n<meta property=\"og:locale\" content=\"fr_FR\" \/>\n<meta property=\"og:type\" content=\"article\" \/>\n<meta property=\"og:title\" content=\"Perle de silicone - Arc-en-ciel - Turquoise\" \/>\n<meta property=\"og:description\" content=\"Figurine en silicone Monstera Leaf sans BPA, 100% sans danger pour les enfants. Pour anneau de dentition ou cordon de t\u00e9tine. Certifi\u00e9 CE EN71. Pour les gar\u00e7ons et les filles\" \/>\n<meta property=\"og:url\" content=\"https:\/\/www.jootjeshaakcadeautjes.nl\/fr\/produit\/perle-de-silicone-arc-en-ciel-turquoise\/\" \/>\n<meta property=\"og:site_name\" content=\"Jootjes Haakcadeautjes\" \/>\n<meta property=\"article:modified_time\" content=\"2026-05-06T09:42:14+00:00\" \/>\n<meta property=\"og:image\" content=\"https:\/\/www.jootjeshaakcadeautjes.nl\/wp-content\/uploads\/2020\/12\/20201228_224722.jpg\" \/>\n\t<meta property=\"og:image:width\" content=\"971\" \/>\n\t<meta property=\"og:image:height\" content=\"971\" \/>\n\t<meta property=\"og:image:type\" content=\"image\/jpeg\" \/>\n<meta name=\"twitter:card\" content=\"summary_large_image\" \/>\n<meta name=\"twitter:label1\" content=\"Prix\" \/>\n\t<meta name=\"twitter:data1\" content=\"&euro;0.85 TTC\" \/>\n\t<meta name=\"twitter:label2\" content=\"Disponibilit\u00e9\" \/>\n\t<meta name=\"twitter:data2\" content=\"En stock\" \/>\n<script type=\"application\/ld+json\" class=\"yoast-schema-graph\">{\"@context\":\"https:\\\/\\\/schema.org\",\"@graph\":[{\"@type\":\"WebPage\",\"@id\":\"https:\\\/\\\/www.jootjeshaakcadeautjes.nl\\\/fr\\\/produit\\\/perle-de-silicone-arc-en-ciel-turquoise\\\/\",\"url\":\"https:\\\/\\\/www.jootjeshaakcadeautjes.nl\\\/fr\\\/produit\\\/perle-de-silicone-arc-en-ciel-turquoise\\\/\",\"name\":\"Perle de silicone - Arc-en-ciel - Turquoise - Chiffre de l'abeille -%.\",\"isPartOf\":{\"@id\":\"https:\\\/\\\/www.jootjeshaakcadeautjes.nl\\\/fr\\\/#website\"},\"primaryImageOfPage\":{\"@id\":\"https:\\\/\\\/www.jootjeshaakcadeautjes.nl\\\/fr\\\/produit\\\/perle-de-silicone-arc-en-ciel-turquoise\\\/#primaryimage\"},\"image\":{\"@id\":\"https:\\\/\\\/www.jootjeshaakcadeautjes.nl\\\/fr\\\/produit\\\/perle-de-silicone-arc-en-ciel-turquoise\\\/#primaryimage\"},\"thumbnailUrl\":\"https:\\\/\\\/d1dyryakdmle7o.cloudfront.net\\\/wp-content\\\/uploads\\\/2020\\\/12\\\/20201228_224722.jpg\",\"datePublished\":\"2020-12-28T21:03:44+00:00\",\"dateModified\":\"2026-05-06T09:42:14+00:00\",\"description\":\"Figurine en silicone Monstera Leaf sans BPA, 100% sans danger pour les enfants. Pour anneau de dentition ou cordon de t\u00e9tine. Certifi\u00e9 CE EN71. Pour les gar\u00e7ons et les filles\",\"breadcrumb\":{\"@id\":\"https:\\\/\\\/www.jootjeshaakcadeautjes.nl\\\/fr\\\/produit\\\/perle-de-silicone-arc-en-ciel-turquoise\\\/#breadcrumb\"},\"inLanguage\":\"fr-FR\",\"potentialAction\":[{\"@type\":\"ReadAction\",\"target\":[\"https:\\\/\\\/www.jootjeshaakcadeautjes.nl\\\/fr\\\/produit\\\/perle-de-silicone-arc-en-ciel-turquoise\\\/\"]}]},{\"@type\":\"ImageObject\",\"inLanguage\":\"fr-FR\",\"@id\":\"https:\\\/\\\/www.jootjeshaakcadeautjes.nl\\\/fr\\\/produit\\\/perle-de-silicone-arc-en-ciel-turquoise\\\/#primaryimage\",\"url\":\"https:\\\/\\\/d1dyryakdmle7o.cloudfront.net\\\/wp-content\\\/uploads\\\/2020\\\/12\\\/20201228_224722.jpg\",\"contentUrl\":\"https:\\\/\\\/d1dyryakdmle7o.cloudfront.net\\\/wp-content\\\/uploads\\\/2020\\\/12\\\/20201228_224722.jpg\",\"width\":971,\"height\":971},{\"@type\":\"BreadcrumbList\",\"@id\":\"https:\\\/\\\/www.jootjeshaakcadeautjes.nl\\\/fr\\\/produit\\\/perle-de-silicone-arc-en-ciel-turquoise\\\/#breadcrumb\",\"itemListElement\":[{\"@type\":\"ListItem\",\"position\":1,\"name\":\"Accueil\",\"item\":\"https:\\\/\\\/www.jootjeshaakcadeautjes.nl\\\/fr\\\/\"},{\"@type\":\"ListItem\",\"position\":2,\"name\":\"Commerce de gros de perles en silicone &#8211; Entreprises et consommateurs\",\"item\":\"https:\\\/\\\/www.jootjeshaakcadeautjes.nl\\\/fr\\\/boutique\\\/\"},{\"@type\":\"ListItem\",\"position\":3,\"name\":\"Perle de silicone &#8211; Arc-en-ciel &#8211; Turquoise\"}]},{\"@type\":\"WebSite\",\"@id\":\"https:\\\/\\\/www.jootjeshaakcadeautjes.nl\\\/fr\\\/#website\",\"url\":\"https:\\\/\\\/www.jootjeshaakcadeautjes.nl\\\/fr\\\/\",\"name\":\"Jootjes Haakcadeautjes\",\"description\":\"Grossiste en perles de silicone\",\"publisher\":{\"@id\":\"https:\\\/\\\/www.jootjeshaakcadeautjes.nl\\\/fr\\\/#organization\"},\"potentialAction\":[{\"@type\":\"SearchAction\",\"target\":{\"@type\":\"EntryPoint\",\"urlTemplate\":\"https:\\\/\\\/www.jootjeshaakcadeautjes.nl\\\/fr\\\/?s={search_term_string}\"},\"query-input\":{\"@type\":\"PropertyValueSpecification\",\"valueRequired\":true,\"valueName\":\"search_term_string\"}}],\"inLanguage\":\"fr-FR\"},{\"@type\":\"Organization\",\"@id\":\"https:\\\/\\\/www.jootjeshaakcadeautjes.nl\\\/fr\\\/#organization\",\"name\":\"Jootjes Haakcadeautjes\",\"url\":\"https:\\\/\\\/www.jootjeshaakcadeautjes.nl\\\/fr\\\/\",\"logo\":{\"@type\":\"ImageObject\",\"inLanguage\":\"fr-FR\",\"@id\":\"https:\\\/\\\/www.jootjeshaakcadeautjes.nl\\\/fr\\\/#\\\/schema\\\/logo\\\/image\\\/\",\"url\":\"https:\\\/\\\/d1dyryakdmle7o.cloudfront.net\\\/wp-content\\\/uploads\\\/2023\\\/05\\\/Logo-rond.png\",\"contentUrl\":\"https:\\\/\\\/d1dyryakdmle7o.cloudfront.net\\\/wp-content\\\/uploads\\\/2023\\\/05\\\/Logo-rond.png\",\"width\":1222,\"height\":1222,\"caption\":\"Jootjes Haakcadeautjes\"},\"image\":{\"@id\":\"https:\\\/\\\/www.jootjeshaakcadeautjes.nl\\\/fr\\\/#\\\/schema\\\/logo\\\/image\\\/\"}}]}<\/script>\n<meta property=\"product:price:amount\" content=\"0.85\" \/>\n<meta property=\"product:price:currency\" content=\"EUR\" \/>\n<meta property=\"og:availability\" content=\"instock\" \/>\n<meta property=\"product:availability\" content=\"instock\" \/>\n<meta property=\"product:retailer_item_id\" content=\"SIL-RGB-KTUR\" \/>\n<meta property=\"product:condition\" content=\"new\" \/>\n<!-- \/ Yoast SEO Premium plugin. -->","yoast_head_json":{"title":"Perle de silicone - Arc-en-ciel - Turquoise - Chiffre de l'abeille -%.","description":"Figurine en silicone Monstera Leaf sans BPA, 100% sans danger pour les enfants. Pour anneau de dentition ou cordon de t\u00e9tine. Certifi\u00e9 CE EN71. Pour les gar\u00e7ons et les filles","robots":{"index":"index","follow":"follow","max-snippet":"max-snippet:-1","max-image-preview":"max-image-preview:large","max-video-preview":"max-video-preview:-1"},"canonical":"https:\/\/www.jootjeshaakcadeautjes.nl\/fr\/produit\/perle-de-silicone-arc-en-ciel-turquoise\/","og_locale":"fr_FR","og_type":"article","og_title":"Perle de silicone - Arc-en-ciel - Turquoise","og_description":"Figurine en silicone Monstera Leaf sans BPA, 100% sans danger pour les enfants. Pour anneau de dentition ou cordon de t\u00e9tine. Certifi\u00e9 CE EN71. Pour les gar\u00e7ons et les filles","og_url":"https:\/\/www.jootjeshaakcadeautjes.nl\/fr\/produit\/perle-de-silicone-arc-en-ciel-turquoise\/","og_site_name":"Jootjes Haakcadeautjes","article_modified_time":"2026-05-06T09:42:14+00:00","og_image":[{"width":971,"height":971,"url":"https:\/\/www.jootjeshaakcadeautjes.nl\/wp-content\/uploads\/2020\/12\/20201228_224722.jpg","type":"image\/jpeg"}],"twitter_card":"summary_large_image","twitter_misc":{"Prix":"&euro;0.85 TTC","Disponibilit\u00e9":"En stock"},"schema":{"@context":"https:\/\/schema.org","@graph":[{"@type":"WebPage","@id":"https:\/\/www.jootjeshaakcadeautjes.nl\/fr\/produit\/perle-de-silicone-arc-en-ciel-turquoise\/","url":"https:\/\/www.jootjeshaakcadeautjes.nl\/fr\/produit\/perle-de-silicone-arc-en-ciel-turquoise\/","name":"Perle de silicone - Arc-en-ciel - Turquoise - Chiffre de l'abeille -%.","isPartOf":{"@id":"https:\/\/www.jootjeshaakcadeautjes.nl\/fr\/#website"},"primaryImageOfPage":{"@id":"https:\/\/www.jootjeshaakcadeautjes.nl\/fr\/produit\/perle-de-silicone-arc-en-ciel-turquoise\/#primaryimage"},"image":{"@id":"https:\/\/www.jootjeshaakcadeautjes.nl\/fr\/produit\/perle-de-silicone-arc-en-ciel-turquoise\/#primaryimage"},"thumbnailUrl":"https:\/\/d1dyryakdmle7o.cloudfront.net\/wp-content\/uploads\/2020\/12\/20201228_224722.jpg","datePublished":"2020-12-28T21:03:44+00:00","dateModified":"2026-05-06T09:42:14+00:00","description":"Figurine en silicone Monstera Leaf sans BPA, 100% sans danger pour les enfants. Pour anneau de dentition ou cordon de t\u00e9tine. Certifi\u00e9 CE EN71. Pour les gar\u00e7ons et les filles","breadcrumb":{"@id":"https:\/\/www.jootjeshaakcadeautjes.nl\/fr\/produit\/perle-de-silicone-arc-en-ciel-turquoise\/#breadcrumb"},"inLanguage":"fr-FR","potentialAction":[{"@type":"ReadAction","target":["https:\/\/www.jootjeshaakcadeautjes.nl\/fr\/produit\/perle-de-silicone-arc-en-ciel-turquoise\/"]}]},{"@type":"ImageObject","inLanguage":"fr-FR","@id":"https:\/\/www.jootjeshaakcadeautjes.nl\/fr\/produit\/perle-de-silicone-arc-en-ciel-turquoise\/#primaryimage","url":"https:\/\/d1dyryakdmle7o.cloudfront.net\/wp-content\/uploads\/2020\/12\/20201228_224722.jpg","contentUrl":"https:\/\/d1dyryakdmle7o.cloudfront.net\/wp-content\/uploads\/2020\/12\/20201228_224722.jpg","width":971,"height":971},{"@type":"BreadcrumbList","@id":"https:\/\/www.jootjeshaakcadeautjes.nl\/fr\/produit\/perle-de-silicone-arc-en-ciel-turquoise\/#breadcrumb","itemListElement":[{"@type":"ListItem","position":1,"name":"Accueil","item":"https:\/\/www.jootjeshaakcadeautjes.nl\/fr\/"},{"@type":"ListItem","position":2,"name":"Commerce de gros de perles en silicone &#8211; Entreprises et consommateurs","item":"https:\/\/www.jootjeshaakcadeautjes.nl\/fr\/boutique\/"},{"@type":"ListItem","position":3,"name":"Perle de silicone &#8211; Arc-en-ciel &#8211; Turquoise"}]},{"@type":"WebSite","@id":"https:\/\/www.jootjeshaakcadeautjes.nl\/fr\/#website","url":"https:\/\/www.jootjeshaakcadeautjes.nl\/fr\/","name":"Jootjes Haakcadeautjes","description":"Grossiste en perles de silicone","publisher":{"@id":"https:\/\/www.jootjeshaakcadeautjes.nl\/fr\/#organization"},"potentialAction":[{"@type":"SearchAction","target":{"@type":"EntryPoint","urlTemplate":"https:\/\/www.jootjeshaakcadeautjes.nl\/fr\/?s={search_term_string}"},"query-input":{"@type":"PropertyValueSpecification","valueRequired":true,"valueName":"search_term_string"}}],"inLanguage":"fr-FR"},{"@type":"Organization","@id":"https:\/\/www.jootjeshaakcadeautjes.nl\/fr\/#organization","name":"Jootjes Haakcadeautjes","url":"https:\/\/www.jootjeshaakcadeautjes.nl\/fr\/","logo":{"@type":"ImageObject","inLanguage":"fr-FR","@id":"https:\/\/www.jootjeshaakcadeautjes.nl\/fr\/#\/schema\/logo\/image\/","url":"https:\/\/d1dyryakdmle7o.cloudfront.net\/wp-content\/uploads\/2023\/05\/Logo-rond.png","contentUrl":"https:\/\/d1dyryakdmle7o.cloudfront.net\/wp-content\/uploads\/2023\/05\/Logo-rond.png","width":1222,"height":1222,"caption":"Jootjes Haakcadeautjes"},"image":{"@id":"https:\/\/www.jootjeshaakcadeautjes.nl\/fr\/#\/schema\/logo\/image\/"}}]},"product_price_amount":"0.85","product_price_currency":"EUR","og_availability":"instock","product_availability":"instock","product_retailer_item_id":"SIL-RGB-KTUR","product_condition":"new"},"_links":{"self":[{"href":"https:\/\/www.jootjeshaakcadeautjes.nl\/fr\/wp-json\/wp\/v2\/product\/134504","targetHints":{"allow":["GET"]}}],"collection":[{"href":"https:\/\/www.jootjeshaakcadeautjes.nl\/fr\/wp-json\/wp\/v2\/product"}],"about":[{"href":"https:\/\/www.jootjeshaakcadeautjes.nl\/fr\/wp-json\/wp\/v2\/types\/product"}],"version-history":[{"count":0,"href":"https:\/\/www.jootjeshaakcadeautjes.nl\/fr\/wp-json\/wp\/v2\/product\/134504\/revisions"}],"wp:featuredmedia":[{"embeddable":true,"href":"https:\/\/www.jootjeshaakcadeautjes.nl\/fr\/wp-json\/wp\/v2\/media\/74778"}],"wp:attachment":[{"href":"https:\/\/www.jootjeshaakcadeautjes.nl\/fr\/wp-json\/wp\/v2\/media?parent=134504"}],"wp:term":[{"taxonomy":"product_brand","embeddable":true,"href":"https:\/\/www.jootjeshaakcadeautjes.nl\/fr\/wp-json\/wp\/v2\/product_brand?post=134504"},{"taxonomy":"product_cat","embeddable":true,"href":"https:\/\/www.jootjeshaakcadeautjes.nl\/fr\/wp-json\/wp\/v2\/product_cat?post=134504"},{"taxonomy":"product_tag","embeddable":true,"href":"https:\/\/www.jootjeshaakcadeautjes.nl\/fr\/wp-json\/wp\/v2\/product_tag?post=134504"}],"curies":[{"name":"wp","href":"https:\/\/api.w.org\/{rel}","templated":true}]}}