{"id":134625,"date":"2020-12-14T12:46:00","date_gmt":"2020-12-14T11:46:00","guid":{"rendered":"https:\/\/www.jootjeshaakcadeautjes.nl\/product\/plaque-de-silicone-framboise-rose\/"},"modified":"2025-11-14T17:04:39","modified_gmt":"2025-11-14T16:04:39","slug":"plaque-de-silicone-framboise-rose","status":"publish","type":"product","link":"https:\/\/www.jootjeshaakcadeautjes.nl\/fr\/produit\/plaque-de-silicone-framboise-rose\/","title":{"rendered":"Bavoir en silicone &#8211; Rose framboise"},"content":{"rendered":"<h2>Bavoir en silicone &#8211; Rose framboise &#8211; sans BPA et sans danger pour les b\u00e9b\u00e9s<\/h2>\n<p>Code couleur : Rose framboise, assorti aux perles de silicone de couleur Rose framboise<\/p>\n<p>Mat\u00e9riau : bavoir en silicone, sans BPA, sans phtalates, sans PVC, sans cadmium. Exempt de toute substance potentiellement nocive. Test\u00e9 conform\u00e9ment aux directives europ\u00e9ennes EN-71 et jug\u00e9 s\u00fbr.<br \/>\n\u00c9galement connu sous le nom de : Bavette en silicone, bavette, bavoir<\/p>\n<p>L&#8217;avantage des bavoirs en silicone est qu&#8217;ils sont hydrofuges et faciles \u00e0 nettoyer. Le bavoir est dot\u00e9 d&#8217;un bac de r\u00e9cup\u00e9ration pratique qui permet d&#8217;\u00e9viter un nombre important de taches suppl\u00e9mentaires par rapport \u00e0 un bavoir plat. Le bavoir est r\u00e9glable en quatre tailles diff\u00e9rentes. Le bavoir en silicone est donc tr\u00e8s long \u00e0 utiliser.<\/p>\n<ul>\n<li>Le bavoir en silicone convient aux enfants de plus de 6 mois.<\/li>\n<li>R\u00e9glable en 4 tailles diff\u00e9rentes<\/li>\n<li>Hydrofuge et facile \u00e0 nettoyer avec de l&#8217;eau et un savon doux.<\/li>\n<li>Sans BPA ni phtalates, conforme \u00e0 la norme EN-71<\/li>\n<li>Flexible et enroulable<\/li>\n<\/ul>\n<p>De plus, nos bavoirs sont disponibles dans toutes sortes de couleurs amusantes, assorties aux couleurs de nos perles en silicone ! Vous pouvez ainsi cr\u00e9er tout un ensemble de jouets de dentition assortis (anneau de dentition, cordon de t\u00e9tine, etc.) et un joli bavoir assorti.<\/p>\n","protected":false},"excerpt":{"rendered":"<p>Code couleur : Rose framboise<\/p>\n<p>Mat\u00e9riau : bavoirs en silicone, 100 % sans substances nocives. Sans BPA, sans phtalates, sans cadmium. Silicone hydrofuge, facile \u00e0 nettoyer.<br \/>\nTaille : Bavoir pour les plus de 6 mois, r\u00e9glable en 4 tailles diff\u00e9rentes.<\/p>\n<p>Le r\u00e9ceptacle situ\u00e9 au bas du bavoir permet d&#8217;\u00e9viter les taches.<\/p>\n","protected":false},"featured_media":76569,"template":"","meta":[],"product_brand":[],"product_cat":[10172,13727],"product_tag":[13729,13182,13739,13737,13740,13731,13728,13733,7401,10221,7424,7463,13285,10080,10081,10366,7440,13736,12676,10331,7200,10002,13730,7212,7408],"class_list":{"0":"post-134625","1":"product","2":"type-product","3":"status-publish","4":"has-post-thumbnail","6":"product_cat-accessoires-pour-bebes","7":"product_cat-bavoirs-en-silicone-sans-bpa","8":"product_tag-6-mois","9":"product_tag-71-fr","10":"product_tag-bavette-avec-bac-de-recuperation","11":"product_tag-bavette-avec-bol","12":"product_tag-bavette-en-silicone","13":"product_tag-bavoir-fr","14":"product_tag-bavoir","15":"product_tag-bavoirs-fr-2","16":"product_tag-bebe","17":"product_tag-bon-marche","18":"product_tag-bpa-fr","19":"product_tag-commerce-de-gros","20":"product_tag-correspondance","21":"product_tag-et","22":"product_tag-europeen","23":"product_tag-framboise","24":"product_tag-gratuit","25":"product_tag-impression-de-bavoirs","26":"product_tag-lignes-directrices","27":"product_tag-peche-rose","28":"product_tag-perles","29":"product_tag-phtalate","30":"product_tag-reglable","31":"product_tag-silicone-fr","32":"product_tag-sur","34":"first","35":"instock","36":"taxable","37":"shipping-taxable","38":"purchasable","39":"product-type-simple"},"bundled_by":[],"bundle_stock_status":"instock","bundle_stock_quantity":6,"bundle_virtual":false,"bundle_layout":"","bundle_add_to_cart_form_location":"","bundle_editable_in_cart":false,"bundle_sold_individually_context":"","bundle_item_grouping":"","bundle_min_size":"","bundle_max_size":"","bundle_price":[],"bundled_items":[],"bundle_sell_ids":[],"yoast_head":"<!-- This site is optimized with the Yoast SEO Premium plugin v27.4 (Yoast SEO v27.5) - https:\/\/yoast.com\/product\/yoast-seo-premium-wordpress\/ -->\n<title>Bavoir en silicone - Rose framboise %sepsitenameprimary_category%% | Sans BPA<\/title>\n<meta name=\"description\" content=\"Bavoir en silicone Framboise Rose, r\u00e9glable en taille. Sans BPA. Disponible directement dans notre entrep\u00f4t. Bavettes en silicone en gros.\" \/>\n<meta name=\"robots\" content=\"index, follow, max-snippet:-1, max-image-preview:large, max-video-preview:-1\" \/>\n<link rel=\"canonical\" href=\"https:\/\/www.jootjeshaakcadeautjes.nl\/fr\/produit\/plaque-de-silicone-framboise-rose\/\" \/>\n<meta property=\"og:locale\" content=\"fr_FR\" \/>\n<meta property=\"og:type\" content=\"article\" \/>\n<meta property=\"og:title\" content=\"Bavoir en silicone - Rose framboise\" \/>\n<meta property=\"og:description\" content=\"Bavoir en silicone Framboise Rose, r\u00e9glable en taille. Sans BPA. Disponible directement dans notre entrep\u00f4t. Bavettes en silicone en gros.\" \/>\n<meta property=\"og:url\" content=\"https:\/\/www.jootjeshaakcadeautjes.nl\/fr\/produit\/plaque-de-silicone-framboise-rose\/\" \/>\n<meta property=\"og:site_name\" content=\"Jootjes Haakcadeautjes\" \/>\n<meta property=\"article:modified_time\" content=\"2025-11-14T16:04:39+00:00\" \/>\n<meta property=\"og:image\" content=\"https:\/\/www.jootjeshaakcadeautjes.nl\/wp-content\/uploads\/2020\/12\/\u5c42-9.jpg\" \/>\n\t<meta property=\"og:image:width\" content=\"793\" \/>\n\t<meta property=\"og:image:height\" content=\"800\" \/>\n\t<meta property=\"og:image:type\" content=\"image\/jpeg\" \/>\n<meta name=\"twitter:card\" content=\"summary_large_image\" \/>\n<meta name=\"twitter:label1\" content=\"Prix\" \/>\n\t<meta name=\"twitter:data1\" content=\"&euro;4.95 TTC\" \/>\n\t<meta name=\"twitter:label2\" content=\"Disponibilit\u00e9\" \/>\n\t<meta name=\"twitter:data2\" content=\"En stock\" \/>\n<script type=\"application\/ld+json\" class=\"yoast-schema-graph\">{\"@context\":\"https:\\\/\\\/schema.org\",\"@graph\":[{\"@type\":\"WebPage\",\"@id\":\"https:\\\/\\\/www.jootjeshaakcadeautjes.nl\\\/fr\\\/produit\\\/plaque-de-silicone-framboise-rose\\\/\",\"url\":\"https:\\\/\\\/www.jootjeshaakcadeautjes.nl\\\/fr\\\/produit\\\/plaque-de-silicone-framboise-rose\\\/\",\"name\":\"Bavoir en silicone - Rose framboise %sepsitenameprimary_category%% | Sans BPA\",\"isPartOf\":{\"@id\":\"https:\\\/\\\/www.jootjeshaakcadeautjes.nl\\\/fr\\\/#website\"},\"primaryImageOfPage\":{\"@id\":\"https:\\\/\\\/www.jootjeshaakcadeautjes.nl\\\/fr\\\/produit\\\/plaque-de-silicone-framboise-rose\\\/#primaryimage\"},\"image\":{\"@id\":\"https:\\\/\\\/www.jootjeshaakcadeautjes.nl\\\/fr\\\/produit\\\/plaque-de-silicone-framboise-rose\\\/#primaryimage\"},\"thumbnailUrl\":\"https:\\\/\\\/d1dyryakdmle7o.cloudfront.net\\\/wp-content\\\/uploads\\\/2020\\\/12\\\/\u5c42-9.jpg\",\"datePublished\":\"2020-12-14T11:46:00+00:00\",\"dateModified\":\"2025-11-14T16:04:39+00:00\",\"description\":\"Bavoir en silicone Framboise Rose, r\u00e9glable en taille. Sans BPA. Disponible directement dans notre entrep\u00f4t. Bavettes en silicone en gros.\",\"breadcrumb\":{\"@id\":\"https:\\\/\\\/www.jootjeshaakcadeautjes.nl\\\/fr\\\/produit\\\/plaque-de-silicone-framboise-rose\\\/#breadcrumb\"},\"inLanguage\":\"fr-FR\",\"potentialAction\":[{\"@type\":\"ReadAction\",\"target\":[\"https:\\\/\\\/www.jootjeshaakcadeautjes.nl\\\/fr\\\/produit\\\/plaque-de-silicone-framboise-rose\\\/\"]}]},{\"@type\":\"ImageObject\",\"inLanguage\":\"fr-FR\",\"@id\":\"https:\\\/\\\/www.jootjeshaakcadeautjes.nl\\\/fr\\\/produit\\\/plaque-de-silicone-framboise-rose\\\/#primaryimage\",\"url\":\"https:\\\/\\\/d1dyryakdmle7o.cloudfront.net\\\/wp-content\\\/uploads\\\/2020\\\/12\\\/\u5c42-9.jpg\",\"contentUrl\":\"https:\\\/\\\/d1dyryakdmle7o.cloudfront.net\\\/wp-content\\\/uploads\\\/2020\\\/12\\\/\u5c42-9.jpg\",\"width\":793,\"height\":800,\"caption\":\"Bavette en silicone avec r\u00e9ceptacle framboise bpa free baby safe\"},{\"@type\":\"BreadcrumbList\",\"@id\":\"https:\\\/\\\/www.jootjeshaakcadeautjes.nl\\\/fr\\\/produit\\\/plaque-de-silicone-framboise-rose\\\/#breadcrumb\",\"itemListElement\":[{\"@type\":\"ListItem\",\"position\":1,\"name\":\"Accueil\",\"item\":\"https:\\\/\\\/www.jootjeshaakcadeautjes.nl\\\/fr\\\/\"},{\"@type\":\"ListItem\",\"position\":2,\"name\":\"Commerce de gros de perles en silicone &#8211; Entreprises et consommateurs\",\"item\":\"https:\\\/\\\/www.jootjeshaakcadeautjes.nl\\\/fr\\\/boutique\\\/\"},{\"@type\":\"ListItem\",\"position\":3,\"name\":\"Bavoir en silicone &#8211; Rose framboise\"}]},{\"@type\":\"WebSite\",\"@id\":\"https:\\\/\\\/www.jootjeshaakcadeautjes.nl\\\/fr\\\/#website\",\"url\":\"https:\\\/\\\/www.jootjeshaakcadeautjes.nl\\\/fr\\\/\",\"name\":\"Jootjes Haakcadeautjes\",\"description\":\"Grossiste en perles de silicone\",\"publisher\":{\"@id\":\"https:\\\/\\\/www.jootjeshaakcadeautjes.nl\\\/fr\\\/#organization\"},\"potentialAction\":[{\"@type\":\"SearchAction\",\"target\":{\"@type\":\"EntryPoint\",\"urlTemplate\":\"https:\\\/\\\/www.jootjeshaakcadeautjes.nl\\\/fr\\\/?s={search_term_string}\"},\"query-input\":{\"@type\":\"PropertyValueSpecification\",\"valueRequired\":true,\"valueName\":\"search_term_string\"}}],\"inLanguage\":\"fr-FR\"},{\"@type\":\"Organization\",\"@id\":\"https:\\\/\\\/www.jootjeshaakcadeautjes.nl\\\/fr\\\/#organization\",\"name\":\"Jootjes Haakcadeautjes\",\"url\":\"https:\\\/\\\/www.jootjeshaakcadeautjes.nl\\\/fr\\\/\",\"logo\":{\"@type\":\"ImageObject\",\"inLanguage\":\"fr-FR\",\"@id\":\"https:\\\/\\\/www.jootjeshaakcadeautjes.nl\\\/fr\\\/#\\\/schema\\\/logo\\\/image\\\/\",\"url\":\"https:\\\/\\\/jootjes-haakcadeautjes-media.s3.amazonaws.com\\\/wp-content\\\/uploads\\\/2023\\\/05\\\/Logo-rond.png\",\"contentUrl\":\"https:\\\/\\\/jootjes-haakcadeautjes-media.s3.amazonaws.com\\\/wp-content\\\/uploads\\\/2023\\\/05\\\/Logo-rond.png\",\"width\":1222,\"height\":1222,\"caption\":\"Jootjes Haakcadeautjes\"},\"image\":{\"@id\":\"https:\\\/\\\/www.jootjeshaakcadeautjes.nl\\\/fr\\\/#\\\/schema\\\/logo\\\/image\\\/\"}}]}<\/script>\n<meta property=\"product:price:amount\" content=\"4.95\" \/>\n<meta property=\"product:price:currency\" content=\"EUR\" \/>\n<meta property=\"og:availability\" content=\"instock\" \/>\n<meta property=\"product:availability\" content=\"instock\" \/>\n<meta property=\"product:retailer_item_id\" content=\"SIL-SLB-FRR\" \/>\n<meta property=\"product:condition\" content=\"new\" \/>\n<!-- \/ Yoast SEO Premium plugin. -->","yoast_head_json":{"title":"Bavoir en silicone - Rose framboise %sepsitenameprimary_category%% | Sans BPA","description":"Bavoir en silicone Framboise Rose, r\u00e9glable en taille. Sans BPA. Disponible directement dans notre entrep\u00f4t. Bavettes en silicone en gros.","robots":{"index":"index","follow":"follow","max-snippet":"max-snippet:-1","max-image-preview":"max-image-preview:large","max-video-preview":"max-video-preview:-1"},"canonical":"https:\/\/www.jootjeshaakcadeautjes.nl\/fr\/produit\/plaque-de-silicone-framboise-rose\/","og_locale":"fr_FR","og_type":"article","og_title":"Bavoir en silicone - Rose framboise","og_description":"Bavoir en silicone Framboise Rose, r\u00e9glable en taille. Sans BPA. Disponible directement dans notre entrep\u00f4t. Bavettes en silicone en gros.","og_url":"https:\/\/www.jootjeshaakcadeautjes.nl\/fr\/produit\/plaque-de-silicone-framboise-rose\/","og_site_name":"Jootjes Haakcadeautjes","article_modified_time":"2025-11-14T16:04:39+00:00","og_image":[{"width":793,"height":800,"url":"https:\/\/www.jootjeshaakcadeautjes.nl\/wp-content\/uploads\/2020\/12\/\u5c42-9.jpg","type":"image\/jpeg"}],"twitter_card":"summary_large_image","twitter_misc":{"Prix":"&euro;4.95 TTC","Disponibilit\u00e9":"En stock"},"schema":{"@context":"https:\/\/schema.org","@graph":[{"@type":"WebPage","@id":"https:\/\/www.jootjeshaakcadeautjes.nl\/fr\/produit\/plaque-de-silicone-framboise-rose\/","url":"https:\/\/www.jootjeshaakcadeautjes.nl\/fr\/produit\/plaque-de-silicone-framboise-rose\/","name":"Bavoir en silicone - Rose framboise %sepsitenameprimary_category%% | Sans BPA","isPartOf":{"@id":"https:\/\/www.jootjeshaakcadeautjes.nl\/fr\/#website"},"primaryImageOfPage":{"@id":"https:\/\/www.jootjeshaakcadeautjes.nl\/fr\/produit\/plaque-de-silicone-framboise-rose\/#primaryimage"},"image":{"@id":"https:\/\/www.jootjeshaakcadeautjes.nl\/fr\/produit\/plaque-de-silicone-framboise-rose\/#primaryimage"},"thumbnailUrl":"https:\/\/d1dyryakdmle7o.cloudfront.net\/wp-content\/uploads\/2020\/12\/\u5c42-9.jpg","datePublished":"2020-12-14T11:46:00+00:00","dateModified":"2025-11-14T16:04:39+00:00","description":"Bavoir en silicone Framboise Rose, r\u00e9glable en taille. Sans BPA. Disponible directement dans notre entrep\u00f4t. Bavettes en silicone en gros.","breadcrumb":{"@id":"https:\/\/www.jootjeshaakcadeautjes.nl\/fr\/produit\/plaque-de-silicone-framboise-rose\/#breadcrumb"},"inLanguage":"fr-FR","potentialAction":[{"@type":"ReadAction","target":["https:\/\/www.jootjeshaakcadeautjes.nl\/fr\/produit\/plaque-de-silicone-framboise-rose\/"]}]},{"@type":"ImageObject","inLanguage":"fr-FR","@id":"https:\/\/www.jootjeshaakcadeautjes.nl\/fr\/produit\/plaque-de-silicone-framboise-rose\/#primaryimage","url":"https:\/\/d1dyryakdmle7o.cloudfront.net\/wp-content\/uploads\/2020\/12\/\u5c42-9.jpg","contentUrl":"https:\/\/d1dyryakdmle7o.cloudfront.net\/wp-content\/uploads\/2020\/12\/\u5c42-9.jpg","width":793,"height":800,"caption":"Bavette en silicone avec r\u00e9ceptacle framboise bpa free baby safe"},{"@type":"BreadcrumbList","@id":"https:\/\/www.jootjeshaakcadeautjes.nl\/fr\/produit\/plaque-de-silicone-framboise-rose\/#breadcrumb","itemListElement":[{"@type":"ListItem","position":1,"name":"Accueil","item":"https:\/\/www.jootjeshaakcadeautjes.nl\/fr\/"},{"@type":"ListItem","position":2,"name":"Commerce de gros de perles en silicone &#8211; Entreprises et consommateurs","item":"https:\/\/www.jootjeshaakcadeautjes.nl\/fr\/boutique\/"},{"@type":"ListItem","position":3,"name":"Bavoir en silicone &#8211; Rose framboise"}]},{"@type":"WebSite","@id":"https:\/\/www.jootjeshaakcadeautjes.nl\/fr\/#website","url":"https:\/\/www.jootjeshaakcadeautjes.nl\/fr\/","name":"Jootjes Haakcadeautjes","description":"Grossiste en perles de silicone","publisher":{"@id":"https:\/\/www.jootjeshaakcadeautjes.nl\/fr\/#organization"},"potentialAction":[{"@type":"SearchAction","target":{"@type":"EntryPoint","urlTemplate":"https:\/\/www.jootjeshaakcadeautjes.nl\/fr\/?s={search_term_string}"},"query-input":{"@type":"PropertyValueSpecification","valueRequired":true,"valueName":"search_term_string"}}],"inLanguage":"fr-FR"},{"@type":"Organization","@id":"https:\/\/www.jootjeshaakcadeautjes.nl\/fr\/#organization","name":"Jootjes Haakcadeautjes","url":"https:\/\/www.jootjeshaakcadeautjes.nl\/fr\/","logo":{"@type":"ImageObject","inLanguage":"fr-FR","@id":"https:\/\/www.jootjeshaakcadeautjes.nl\/fr\/#\/schema\/logo\/image\/","url":"https:\/\/jootjes-haakcadeautjes-media.s3.amazonaws.com\/wp-content\/uploads\/2023\/05\/Logo-rond.png","contentUrl":"https:\/\/jootjes-haakcadeautjes-media.s3.amazonaws.com\/wp-content\/uploads\/2023\/05\/Logo-rond.png","width":1222,"height":1222,"caption":"Jootjes Haakcadeautjes"},"image":{"@id":"https:\/\/www.jootjeshaakcadeautjes.nl\/fr\/#\/schema\/logo\/image\/"}}]},"product_price_amount":"4.95","product_price_currency":"EUR","og_availability":"instock","product_availability":"instock","product_retailer_item_id":"SIL-SLB-FRR","product_condition":"new"},"_links":{"self":[{"href":"https:\/\/www.jootjeshaakcadeautjes.nl\/fr\/wp-json\/wp\/v2\/product\/134625","targetHints":{"allow":["GET"]}}],"collection":[{"href":"https:\/\/www.jootjeshaakcadeautjes.nl\/fr\/wp-json\/wp\/v2\/product"}],"about":[{"href":"https:\/\/www.jootjeshaakcadeautjes.nl\/fr\/wp-json\/wp\/v2\/types\/product"}],"version-history":[{"count":0,"href":"https:\/\/www.jootjeshaakcadeautjes.nl\/fr\/wp-json\/wp\/v2\/product\/134625\/revisions"}],"wp:featuredmedia":[{"embeddable":true,"href":"https:\/\/www.jootjeshaakcadeautjes.nl\/fr\/wp-json\/wp\/v2\/media\/76569"}],"wp:attachment":[{"href":"https:\/\/www.jootjeshaakcadeautjes.nl\/fr\/wp-json\/wp\/v2\/media?parent=134625"}],"wp:term":[{"taxonomy":"product_brand","embeddable":true,"href":"https:\/\/www.jootjeshaakcadeautjes.nl\/fr\/wp-json\/wp\/v2\/product_brand?post=134625"},{"taxonomy":"product_cat","embeddable":true,"href":"https:\/\/www.jootjeshaakcadeautjes.nl\/fr\/wp-json\/wp\/v2\/product_cat?post=134625"},{"taxonomy":"product_tag","embeddable":true,"href":"https:\/\/www.jootjeshaakcadeautjes.nl\/fr\/wp-json\/wp\/v2\/product_tag?post=134625"}],"curies":[{"name":"wp","href":"https:\/\/api.w.org\/{rel}","templated":true}]}}