{"id":134721,"date":"2020-11-21T14:40:27","date_gmt":"2020-11-21T13:40:27","guid":{"rendered":"https:\/\/www.jootjeshaakcadeautjes.nl\/product\/perle-de-bois-12-mm-erable\/"},"modified":"2026-01-21T18:23:27","modified_gmt":"2026-01-21T17:23:27","slug":"perle-de-bois-12-mm-erable","status":"publish","type":"product","link":"https:\/\/www.jootjeshaakcadeautjes.nl\/fr\/produit\/perle-de-bois-12-mm-erable\/","title":{"rendered":"Perle en bois &#8211; 12 mm rond &#8211; \u00e9rable"},"content":{"rendered":"<p><strong>Perles en bois clair &#8211; Bois d&#8217;\u00e9rable &#8211; Perles de 12 mm de diam\u00e8tre.<\/strong><\/p>\n<p>Mat\u00e9riau : Bois d&#8217;\u00e9rable chimique, non trait\u00e9, non peint, teint\u00e9 ou huil\u00e9.<br \/>\nTaille : 12 mm<br \/>\nTrou de taille : assez grand pour tous les cordons de satin que nous proposons (environ 3-3,5 mm).<\/p>\n<p>Fabriqu\u00e9 en bois d&#8217;\u00e9rable non trait\u00e9 (ni laqu\u00e9, ni teint\u00e9, ni huil\u00e9). Les perles en bois d&#8217;\u00e9rable sont test\u00e9es chimiquement pour \u00eatre utilis\u00e9es dans les jouets de dentition pour b\u00e9b\u00e9s. N\u00e9anmoins, nous recommandons le bois de h\u00eatre. Les perles de bois sont un produit naturel. Les perles sont presque rondes mais peuvent parfois pr\u00e9senter une d\u00e9viation minimale. Veuillez noter qu&#8217;avec les perles d&#8217;\u00e9rable, les cr\u00e9ations ne r\u00e9pondent pas aux crit\u00e8res EN, que vous les achetiez chez nous ou chez quelqu&#8217;un d&#8217;autre. Faites attention, il y a beaucoup d&#8217;informations erron\u00e9es qui circulent. Nous vous recommandons donc d&#8217;utiliser du bois de h\u00eatre pour vos cr\u00e9ations. Le h\u00eatre est un bois plus robuste et plus r\u00e9sistant \u00e0 la salive. N\u00e9anmoins, l&#8217;\u00e9rable est encore r\u00e9guli\u00e8rement utilis\u00e9 parce que certains fabricants le pr\u00e9f\u00e8rent, trouvent la couleur plus belle ou parce qu&#8217;il est mentionn\u00e9 dans les patrons de crochet, par exemple. L&#8217;utilisation est possible mais \u00e0 vos risques et p\u00e9rils. N&#8217;utilisez les jouets de dentition que sous la surveillance d&#8217;un adulte.<\/p>\n<p>Ces perles de bois sont utilis\u00e9es, par exemple, dans les cordons de t\u00e9tine, les porte-cl\u00e9s, les cordons de jeu, les cordons de landau ou les anneaux de dentition.<\/p>\n","protected":false},"excerpt":{"rendered":"<p>Magnifiques perles en bois d&#8217;\u00e9rable de haute qualit\u00e9.<br \/>\nTaille : 12 mm<br \/>\nNon trait\u00e9, test\u00e9 en toute s\u00e9curit\u00e9 chimique.<br \/>\nLe trou est suffisamment large pour permettre l&#8217;enfilage de tous les types de cordons en satin que nous proposons.<br \/>\nCes perles d&#8217;\u00e9rable sont vendues individuellement.<\/p>\n<p>Largement utilis\u00e9 comme anneau de dentition, cordon de t\u00e9tine, porte-cl\u00e9s ou cordon de jeu.<br \/>\nPour plus d&#8217;informations, lisez la suite au bas de la page.<\/p>\n","protected":false},"featured_media":79959,"template":"","meta":[],"product_brand":[],"product_cat":[7378,13845,10405,13493],"product_tag":[7406,7521,12298,12300,10409,12316,13846,13062,7197,13847,13563,13848,7395,7200,13849],"class_list":{"0":"post-134721","1":"product","2":"type-product","3":"status-publish","4":"has-post-thumbnail","6":"product_cat-fabrication-de-jouets-de-dentition-pour-bebe-cordon-de-sucette-et-anneaux-de-dentition","7":"product_cat-perles-en-bois-erable-macrame-et-crochet","8":"product_cat-perles-en-bois-fil-de-sucette-et-anneau-de-dentition-toutes-les-perles-en-bois","9":"product_cat-perles-en-bois-pour-le-macrame-et-le-crochet","10":"product_tag-12-fr","11":"product_tag-12-mm-fr","12":"product_tag-anneau","13":"product_tag-anneaux","14":"product_tag-bois-fr","15":"product_tag-brut","16":"product_tag-crochet-fr-6","17":"product_tag-crochet-fr-2","18":"product_tag-en-bois","19":"product_tag-erable-fr","20":"product_tag-macrame-fr","21":"product_tag-par","22":"product_tag-perle","23":"product_tag-perles","24":"product_tag-piece-fr-2","26":"first","27":"instock","28":"taxable","29":"shipping-taxable","30":"purchasable","31":"product-type-simple"},"bundled_by":[],"bundle_stock_status":"instock","bundle_stock_quantity":132,"bundle_virtual":false,"bundle_layout":"","bundle_add_to_cart_form_location":"","bundle_editable_in_cart":false,"bundle_sold_individually_context":"","bundle_item_grouping":"","bundle_min_size":"","bundle_max_size":"","bundle_price":[],"bundled_items":[],"bundle_sell_ids":[],"yoast_head":"<!-- This site is optimized with the Yoast SEO Premium plugin v27.4 (Yoast SEO v27.5) - https:\/\/yoast.com\/product\/yoast-seo-premium-wordpress\/ -->\n<title>Perle en bois - 12 mm rond - \u00e9rable - Jootjes Haakcadeautjes Baby safe<\/title>\n<meta name=\"description\" content=\"Perle en bois 12 mm ronde en bois d&#039;\u00e9rable. Non trait\u00e9, test\u00e9 en toute s\u00e9curit\u00e9 chimique. A l&#039;\u00e9preuve des enfants, pour anneau de dentition, cordon de t\u00e9tine, porte-cl\u00e9s ou cordon de jeu.\" \/>\n<meta name=\"robots\" content=\"index, follow, max-snippet:-1, max-image-preview:large, max-video-preview:-1\" \/>\n<link rel=\"canonical\" href=\"https:\/\/www.jootjeshaakcadeautjes.nl\/fr\/produit\/perle-de-bois-12-mm-erable\/\" \/>\n<meta property=\"og:locale\" content=\"fr_FR\" \/>\n<meta property=\"og:type\" content=\"article\" \/>\n<meta property=\"og:title\" content=\"Perle en bois - 12 mm rond - \u00e9rable\" \/>\n<meta property=\"og:description\" content=\"Perle en bois 12 mm ronde en bois d&#039;\u00e9rable. Non trait\u00e9, test\u00e9 en toute s\u00e9curit\u00e9 chimique. A l&#039;\u00e9preuve des enfants, pour anneau de dentition, cordon de t\u00e9tine, porte-cl\u00e9s ou cordon de jeu.\" \/>\n<meta property=\"og:url\" content=\"https:\/\/www.jootjeshaakcadeautjes.nl\/fr\/produit\/perle-de-bois-12-mm-erable\/\" \/>\n<meta property=\"og:site_name\" content=\"Jootjes Haakcadeautjes\" \/>\n<meta property=\"article:modified_time\" content=\"2026-01-21T17:23:27+00:00\" \/>\n<meta property=\"og:image\" content=\"https:\/\/www.jootjeshaakcadeautjes.nl\/wp-content\/uploads\/2020\/11\/20220417_185235.jpg\" \/>\n\t<meta property=\"og:image:width\" content=\"2048\" \/>\n\t<meta property=\"og:image:height\" content=\"2048\" \/>\n\t<meta property=\"og:image:type\" content=\"image\/jpeg\" \/>\n<meta name=\"twitter:card\" content=\"summary_large_image\" \/>\n<meta name=\"twitter:label1\" content=\"Prix\" \/>\n\t<meta name=\"twitter:data1\" content=\"&euro;0.15 TTC\" \/>\n\t<meta name=\"twitter:label2\" content=\"Disponibilit\u00e9\" \/>\n\t<meta name=\"twitter:data2\" content=\"En stock\" \/>\n<script type=\"application\/ld+json\" class=\"yoast-schema-graph\">{\"@context\":\"https:\\\/\\\/schema.org\",\"@graph\":[{\"@type\":\"WebPage\",\"@id\":\"https:\\\/\\\/www.jootjeshaakcadeautjes.nl\\\/fr\\\/produit\\\/perle-de-bois-12-mm-erable\\\/\",\"url\":\"https:\\\/\\\/www.jootjeshaakcadeautjes.nl\\\/fr\\\/produit\\\/perle-de-bois-12-mm-erable\\\/\",\"name\":\"Perle en bois - 12 mm rond - \u00e9rable - Jootjes Haakcadeautjes Baby safe\",\"isPartOf\":{\"@id\":\"https:\\\/\\\/www.jootjeshaakcadeautjes.nl\\\/fr\\\/#website\"},\"primaryImageOfPage\":{\"@id\":\"https:\\\/\\\/www.jootjeshaakcadeautjes.nl\\\/fr\\\/produit\\\/perle-de-bois-12-mm-erable\\\/#primaryimage\"},\"image\":{\"@id\":\"https:\\\/\\\/www.jootjeshaakcadeautjes.nl\\\/fr\\\/produit\\\/perle-de-bois-12-mm-erable\\\/#primaryimage\"},\"thumbnailUrl\":\"https:\\\/\\\/d1dyryakdmle7o.cloudfront.net\\\/wp-content\\\/uploads\\\/2020\\\/11\\\/20220417_185235.jpg\",\"datePublished\":\"2020-11-21T13:40:27+00:00\",\"dateModified\":\"2026-01-21T17:23:27+00:00\",\"description\":\"Perle en bois 12 mm ronde en bois d'\u00e9rable. Non trait\u00e9, test\u00e9 en toute s\u00e9curit\u00e9 chimique. A l'\u00e9preuve des enfants, pour anneau de dentition, cordon de t\u00e9tine, porte-cl\u00e9s ou cordon de jeu.\",\"breadcrumb\":{\"@id\":\"https:\\\/\\\/www.jootjeshaakcadeautjes.nl\\\/fr\\\/produit\\\/perle-de-bois-12-mm-erable\\\/#breadcrumb\"},\"inLanguage\":\"fr-FR\",\"potentialAction\":[{\"@type\":\"ReadAction\",\"target\":[\"https:\\\/\\\/www.jootjeshaakcadeautjes.nl\\\/fr\\\/produit\\\/perle-de-bois-12-mm-erable\\\/\"]}]},{\"@type\":\"ImageObject\",\"inLanguage\":\"fr-FR\",\"@id\":\"https:\\\/\\\/www.jootjeshaakcadeautjes.nl\\\/fr\\\/produit\\\/perle-de-bois-12-mm-erable\\\/#primaryimage\",\"url\":\"https:\\\/\\\/d1dyryakdmle7o.cloudfront.net\\\/wp-content\\\/uploads\\\/2020\\\/11\\\/20220417_185235.jpg\",\"contentUrl\":\"https:\\\/\\\/d1dyryakdmle7o.cloudfront.net\\\/wp-content\\\/uploads\\\/2020\\\/11\\\/20220417_185235.jpg\",\"width\":2048,\"height\":2048,\"caption\":\"Anneau de dentition en bois d'\u00e9rable bpa free wholesale buy\"},{\"@type\":\"BreadcrumbList\",\"@id\":\"https:\\\/\\\/www.jootjeshaakcadeautjes.nl\\\/fr\\\/produit\\\/perle-de-bois-12-mm-erable\\\/#breadcrumb\",\"itemListElement\":[{\"@type\":\"ListItem\",\"position\":1,\"name\":\"Accueil\",\"item\":\"https:\\\/\\\/www.jootjeshaakcadeautjes.nl\\\/fr\\\/\"},{\"@type\":\"ListItem\",\"position\":2,\"name\":\"Commerce de gros de perles en silicone &#8211; Entreprises et consommateurs\",\"item\":\"https:\\\/\\\/www.jootjeshaakcadeautjes.nl\\\/fr\\\/boutique\\\/\"},{\"@type\":\"ListItem\",\"position\":3,\"name\":\"Perle en bois &#8211; 12 mm rond &#8211; \u00e9rable\"}]},{\"@type\":\"WebSite\",\"@id\":\"https:\\\/\\\/www.jootjeshaakcadeautjes.nl\\\/fr\\\/#website\",\"url\":\"https:\\\/\\\/www.jootjeshaakcadeautjes.nl\\\/fr\\\/\",\"name\":\"Jootjes Haakcadeautjes\",\"description\":\"Grossiste en perles de silicone\",\"publisher\":{\"@id\":\"https:\\\/\\\/www.jootjeshaakcadeautjes.nl\\\/fr\\\/#organization\"},\"potentialAction\":[{\"@type\":\"SearchAction\",\"target\":{\"@type\":\"EntryPoint\",\"urlTemplate\":\"https:\\\/\\\/www.jootjeshaakcadeautjes.nl\\\/fr\\\/?s={search_term_string}\"},\"query-input\":{\"@type\":\"PropertyValueSpecification\",\"valueRequired\":true,\"valueName\":\"search_term_string\"}}],\"inLanguage\":\"fr-FR\"},{\"@type\":\"Organization\",\"@id\":\"https:\\\/\\\/www.jootjeshaakcadeautjes.nl\\\/fr\\\/#organization\",\"name\":\"Jootjes Haakcadeautjes\",\"url\":\"https:\\\/\\\/www.jootjeshaakcadeautjes.nl\\\/fr\\\/\",\"logo\":{\"@type\":\"ImageObject\",\"inLanguage\":\"fr-FR\",\"@id\":\"https:\\\/\\\/www.jootjeshaakcadeautjes.nl\\\/fr\\\/#\\\/schema\\\/logo\\\/image\\\/\",\"url\":\"https:\\\/\\\/jootjes-haakcadeautjes-media.s3.amazonaws.com\\\/wp-content\\\/uploads\\\/2023\\\/05\\\/Logo-rond.png\",\"contentUrl\":\"https:\\\/\\\/jootjes-haakcadeautjes-media.s3.amazonaws.com\\\/wp-content\\\/uploads\\\/2023\\\/05\\\/Logo-rond.png\",\"width\":1222,\"height\":1222,\"caption\":\"Jootjes Haakcadeautjes\"},\"image\":{\"@id\":\"https:\\\/\\\/www.jootjeshaakcadeautjes.nl\\\/fr\\\/#\\\/schema\\\/logo\\\/image\\\/\"}}]}<\/script>\n<meta property=\"product:price:amount\" content=\"0.15\" \/>\n<meta property=\"product:price:currency\" content=\"EUR\" \/>\n<meta property=\"og:availability\" content=\"instock\" \/>\n<meta property=\"product:availability\" content=\"instock\" \/>\n<meta property=\"product:retailer_item_id\" content=\"HOU-KRA-012\" \/>\n<meta property=\"product:condition\" content=\"new\" \/>\n<!-- \/ Yoast SEO Premium plugin. -->","yoast_head_json":{"title":"Perle en bois - 12 mm rond - \u00e9rable - Jootjes Haakcadeautjes Baby safe","description":"Perle en bois 12 mm ronde en bois d'\u00e9rable. Non trait\u00e9, test\u00e9 en toute s\u00e9curit\u00e9 chimique. A l'\u00e9preuve des enfants, pour anneau de dentition, cordon de t\u00e9tine, porte-cl\u00e9s ou cordon de jeu.","robots":{"index":"index","follow":"follow","max-snippet":"max-snippet:-1","max-image-preview":"max-image-preview:large","max-video-preview":"max-video-preview:-1"},"canonical":"https:\/\/www.jootjeshaakcadeautjes.nl\/fr\/produit\/perle-de-bois-12-mm-erable\/","og_locale":"fr_FR","og_type":"article","og_title":"Perle en bois - 12 mm rond - \u00e9rable","og_description":"Perle en bois 12 mm ronde en bois d'\u00e9rable. Non trait\u00e9, test\u00e9 en toute s\u00e9curit\u00e9 chimique. A l'\u00e9preuve des enfants, pour anneau de dentition, cordon de t\u00e9tine, porte-cl\u00e9s ou cordon de jeu.","og_url":"https:\/\/www.jootjeshaakcadeautjes.nl\/fr\/produit\/perle-de-bois-12-mm-erable\/","og_site_name":"Jootjes Haakcadeautjes","article_modified_time":"2026-01-21T17:23:27+00:00","og_image":[{"width":2048,"height":2048,"url":"https:\/\/www.jootjeshaakcadeautjes.nl\/wp-content\/uploads\/2020\/11\/20220417_185235.jpg","type":"image\/jpeg"}],"twitter_card":"summary_large_image","twitter_misc":{"Prix":"&euro;0.15 TTC","Disponibilit\u00e9":"En stock"},"schema":{"@context":"https:\/\/schema.org","@graph":[{"@type":"WebPage","@id":"https:\/\/www.jootjeshaakcadeautjes.nl\/fr\/produit\/perle-de-bois-12-mm-erable\/","url":"https:\/\/www.jootjeshaakcadeautjes.nl\/fr\/produit\/perle-de-bois-12-mm-erable\/","name":"Perle en bois - 12 mm rond - \u00e9rable - Jootjes Haakcadeautjes Baby safe","isPartOf":{"@id":"https:\/\/www.jootjeshaakcadeautjes.nl\/fr\/#website"},"primaryImageOfPage":{"@id":"https:\/\/www.jootjeshaakcadeautjes.nl\/fr\/produit\/perle-de-bois-12-mm-erable\/#primaryimage"},"image":{"@id":"https:\/\/www.jootjeshaakcadeautjes.nl\/fr\/produit\/perle-de-bois-12-mm-erable\/#primaryimage"},"thumbnailUrl":"https:\/\/d1dyryakdmle7o.cloudfront.net\/wp-content\/uploads\/2020\/11\/20220417_185235.jpg","datePublished":"2020-11-21T13:40:27+00:00","dateModified":"2026-01-21T17:23:27+00:00","description":"Perle en bois 12 mm ronde en bois d'\u00e9rable. Non trait\u00e9, test\u00e9 en toute s\u00e9curit\u00e9 chimique. A l'\u00e9preuve des enfants, pour anneau de dentition, cordon de t\u00e9tine, porte-cl\u00e9s ou cordon de jeu.","breadcrumb":{"@id":"https:\/\/www.jootjeshaakcadeautjes.nl\/fr\/produit\/perle-de-bois-12-mm-erable\/#breadcrumb"},"inLanguage":"fr-FR","potentialAction":[{"@type":"ReadAction","target":["https:\/\/www.jootjeshaakcadeautjes.nl\/fr\/produit\/perle-de-bois-12-mm-erable\/"]}]},{"@type":"ImageObject","inLanguage":"fr-FR","@id":"https:\/\/www.jootjeshaakcadeautjes.nl\/fr\/produit\/perle-de-bois-12-mm-erable\/#primaryimage","url":"https:\/\/d1dyryakdmle7o.cloudfront.net\/wp-content\/uploads\/2020\/11\/20220417_185235.jpg","contentUrl":"https:\/\/d1dyryakdmle7o.cloudfront.net\/wp-content\/uploads\/2020\/11\/20220417_185235.jpg","width":2048,"height":2048,"caption":"Anneau de dentition en bois d'\u00e9rable bpa free wholesale buy"},{"@type":"BreadcrumbList","@id":"https:\/\/www.jootjeshaakcadeautjes.nl\/fr\/produit\/perle-de-bois-12-mm-erable\/#breadcrumb","itemListElement":[{"@type":"ListItem","position":1,"name":"Accueil","item":"https:\/\/www.jootjeshaakcadeautjes.nl\/fr\/"},{"@type":"ListItem","position":2,"name":"Commerce de gros de perles en silicone &#8211; Entreprises et consommateurs","item":"https:\/\/www.jootjeshaakcadeautjes.nl\/fr\/boutique\/"},{"@type":"ListItem","position":3,"name":"Perle en bois &#8211; 12 mm rond &#8211; \u00e9rable"}]},{"@type":"WebSite","@id":"https:\/\/www.jootjeshaakcadeautjes.nl\/fr\/#website","url":"https:\/\/www.jootjeshaakcadeautjes.nl\/fr\/","name":"Jootjes Haakcadeautjes","description":"Grossiste en perles de silicone","publisher":{"@id":"https:\/\/www.jootjeshaakcadeautjes.nl\/fr\/#organization"},"potentialAction":[{"@type":"SearchAction","target":{"@type":"EntryPoint","urlTemplate":"https:\/\/www.jootjeshaakcadeautjes.nl\/fr\/?s={search_term_string}"},"query-input":{"@type":"PropertyValueSpecification","valueRequired":true,"valueName":"search_term_string"}}],"inLanguage":"fr-FR"},{"@type":"Organization","@id":"https:\/\/www.jootjeshaakcadeautjes.nl\/fr\/#organization","name":"Jootjes Haakcadeautjes","url":"https:\/\/www.jootjeshaakcadeautjes.nl\/fr\/","logo":{"@type":"ImageObject","inLanguage":"fr-FR","@id":"https:\/\/www.jootjeshaakcadeautjes.nl\/fr\/#\/schema\/logo\/image\/","url":"https:\/\/jootjes-haakcadeautjes-media.s3.amazonaws.com\/wp-content\/uploads\/2023\/05\/Logo-rond.png","contentUrl":"https:\/\/jootjes-haakcadeautjes-media.s3.amazonaws.com\/wp-content\/uploads\/2023\/05\/Logo-rond.png","width":1222,"height":1222,"caption":"Jootjes Haakcadeautjes"},"image":{"@id":"https:\/\/www.jootjeshaakcadeautjes.nl\/fr\/#\/schema\/logo\/image\/"}}]},"product_price_amount":"0.15","product_price_currency":"EUR","og_availability":"instock","product_availability":"instock","product_retailer_item_id":"HOU-KRA-012","product_condition":"new"},"_links":{"self":[{"href":"https:\/\/www.jootjeshaakcadeautjes.nl\/fr\/wp-json\/wp\/v2\/product\/134721","targetHints":{"allow":["GET"]}}],"collection":[{"href":"https:\/\/www.jootjeshaakcadeautjes.nl\/fr\/wp-json\/wp\/v2\/product"}],"about":[{"href":"https:\/\/www.jootjeshaakcadeautjes.nl\/fr\/wp-json\/wp\/v2\/types\/product"}],"version-history":[{"count":0,"href":"https:\/\/www.jootjeshaakcadeautjes.nl\/fr\/wp-json\/wp\/v2\/product\/134721\/revisions"}],"wp:featuredmedia":[{"embeddable":true,"href":"https:\/\/www.jootjeshaakcadeautjes.nl\/fr\/wp-json\/wp\/v2\/media\/79959"}],"wp:attachment":[{"href":"https:\/\/www.jootjeshaakcadeautjes.nl\/fr\/wp-json\/wp\/v2\/media?parent=134721"}],"wp:term":[{"taxonomy":"product_brand","embeddable":true,"href":"https:\/\/www.jootjeshaakcadeautjes.nl\/fr\/wp-json\/wp\/v2\/product_brand?post=134721"},{"taxonomy":"product_cat","embeddable":true,"href":"https:\/\/www.jootjeshaakcadeautjes.nl\/fr\/wp-json\/wp\/v2\/product_cat?post=134721"},{"taxonomy":"product_tag","embeddable":true,"href":"https:\/\/www.jootjeshaakcadeautjes.nl\/fr\/wp-json\/wp\/v2\/product_tag?post=134721"}],"curies":[{"name":"wp","href":"https:\/\/api.w.org\/{rel}","templated":true}]}}