{"id":134730,"date":"2020-11-21T13:10:14","date_gmt":"2020-11-21T12:10:14","guid":{"rendered":"https:\/\/www.jootjeshaakcadeautjes.nl\/product\/perles-en-bois-facette-geometrique-hexagone-14-mm\/"},"modified":"2025-03-11T17:02:22","modified_gmt":"2025-03-11T16:02:22","slug":"perles-en-bois-facette-geometrique-hexagone-14-mm","status":"publish","type":"product","link":"https:\/\/www.jootjeshaakcadeautjes.nl\/fr\/produit\/perles-en-bois-facette-geometrique-hexagone-14-mm\/","title":{"rendered":"Perles en bois &#8211; 14 mm Hexagone &#8211; \u00c9rable"},"content":{"rendered":"<h3><span style=\"text-decoration: underline; color: #38002d;\"><strong>Perle en bois hexagonale <span style=\"color: #38002d;\">g\u00e9om\u00e9trique 14 mm<\/span><\/strong><\/span><\/h3>\n<p><span style=\"color: #000000;\">Les perles de bois sont coup\u00e9es en forme d&#8217;hexagone\/g\u00e9om\u00e9trique. Les perles en bois sont fabriqu\u00e9es en bois de h\u00eatre clair non trait\u00e9. En choisissant des perles en bois de forme hexagonale, vous obtiendrez une variation amusante pour votre cordon de landau, votre anneau de dentition ou votre cordon de t\u00e9tine. Les perles hexagonales en bois sont disponibles en deux tailles. Ces perles de 16 mm et <a href=\"https:\/\/www.jootjeshaakcadeautjes.nl\/product\/houten-kralen-20-mm-geometrisch-facet\/\">les perles hexagonales de 20 mm<\/a>.  <\/span><\/p>\n<p><span style=\"color: #000000;\">Les perles hexagonales en bois peuvent parfois pr\u00e9senter des \u00e9carts minimes car elles sont fabriqu\u00e9es \u00e0 partir de mat\u00e9riaux naturels. Nous recyclons la perle hexagonale d\u00e8s que nous d\u00e9tectons une d\u00e9viation excessive. Par cons\u00e9quent, nous pouvons toujours garantir des produits de haute qualit\u00e9.<\/span><\/p>\n<p><span style=\"color: #000000;\">Faites attention lorsque vous utilisez des perles en bois hexagonales dans des jouets pour b\u00e9b\u00e9s ou pour enfants. Le h\u00eatre est le meilleur bois pour les jouets d&#8217;enfants en raison de son faible risque d&#8217;\u00e9chardes. N\u00e9anmoins, i<\/span><span style=\"color: #000000;\">nstruire aux parents\/grands-parents\/clients de v\u00e9rifier soigneusement que le produit n&#8217;est pas us\u00e9 ou d\u00e9chir\u00e9. Il est \u00e9galement important de v\u00e9rifier r\u00e9guli\u00e8rement que les cordons utilis\u00e9s pour enfiler les perles ne sont pas us\u00e9s ou d\u00e9chir\u00e9s. Par cons\u00e9quent, les projets r\u00e9alis\u00e9s ne doivent \u00eatre utilis\u00e9s que sous la supervision d&#8217;un adulte. Jootjes Haakcadeautjes ne contr\u00f4le pas votre projet termin\u00e9 et n&#8217;est donc en aucun cas responsable des dommages caus\u00e9s par le produit fini.  <\/span><\/p>\n<h3><span style=\"color: #38002d;\"><strong>\u00c0 quoi peuvent servir ces perles en bois hexagonales et g\u00e9om\u00e9triques ?<\/strong><\/span><\/h3>\n<p><span style=\"color: #000000;\">Les perles ovales en bois sont une variante amusante pour tous vos projets maison. Vous pouvez utiliser ces perles pour fabriquer des anneaux de dentition, des pendentifs de landau, mais aussi les clips plus longs pour une t\u00e9tine, un jouet\/c\u00e2lin ou un anneau de dentition. Ces perles sont semblables \u00e0 celles d&#8217;un boulier d&#8217;antan. Les perles sont fabriqu\u00e9es en bois de h\u00eatre brut (non laqu\u00e9, teint\u00e9 ou huil\u00e9).  <\/span><\/p>\n<p>&nbsp;<\/p>\n","protected":false},"excerpt":{"rendered":"<p><span style=\"color: #000000;\"><small>Bois d&#8217;\u00e9rable non trait\u00e9.<br \/>\nCoupe g\u00e9om\u00e9trique en forme d&#8217;hexagone.<br \/>\nFormat 16 mm.<\/small><\/span><\/p>\n<p>&nbsp;<\/p>\n","protected":false},"featured_media":79965,"template":"","meta":[],"product_brand":[],"product_cat":[7378,13845,10405,13493],"product_tag":[7502,7449,7384,14069,12311,7197,13847,13495,7586,7596,13563,7392,7200],"class_list":{"0":"post-134730","1":"product","2":"type-product","3":"status-publish","4":"has-post-thumbnail","6":"product_cat-fabrication-de-jouets-de-dentition-pour-bebe-cordon-de-sucette-et-anneaux-de-dentition","7":"product_cat-perles-en-bois-erable-macrame-et-crochet","8":"product_cat-perles-en-bois-fil-de-sucette-et-anneau-de-dentition-toutes-les-perles-en-bois","9":"product_cat-perles-en-bois-pour-le-macrame-et-le-crochet","10":"product_tag-14-fr","11":"product_tag-14-mm-fr","12":"product_tag-anneau-de-dentition","13":"product_tag-crochet-fr-7","14":"product_tag-crochets","15":"product_tag-en-bois","16":"product_tag-erable-fr","17":"product_tag-facette-fr","18":"product_tag-geometrique","19":"product_tag-hexagone","20":"product_tag-macrame-fr","21":"product_tag-mm-fr","22":"product_tag-perles","24":"first","25":"instock","26":"taxable","27":"shipping-taxable","28":"purchasable","29":"product-type-simple"},"bundled_by":[],"bundle_stock_status":"instock","bundle_stock_quantity":26,"bundle_virtual":false,"bundle_layout":"","bundle_add_to_cart_form_location":"","bundle_editable_in_cart":false,"bundle_sold_individually_context":"","bundle_item_grouping":"","bundle_min_size":"","bundle_max_size":"","bundle_price":[],"bundled_items":[],"bundle_sell_ids":[],"yoast_head":"<!-- This site is optimized with the Yoast SEO Premium plugin v27.4 (Yoast SEO v27.4) - https:\/\/yoast.com\/product\/yoast-seo-premium-wordpress\/ -->\n<title>Perles en bois Hexagone\/g\u00e9om\u00e9trique - Jootjes Crochet presents<\/title>\n<meta name=\"description\" content=\"Perles en bois hexagonales g\u00e9om\u00e9triques 14 mm pour le cordon de landau, l&#039;anneau de dentition ou le cordon de t\u00e9tine. Les perles hexagonales sont tr\u00e8s populaires dans les jouets de dentition.\" \/>\n<meta name=\"robots\" content=\"index, follow, max-snippet:-1, max-image-preview:large, max-video-preview:-1\" \/>\n<link rel=\"canonical\" href=\"https:\/\/www.jootjeshaakcadeautjes.nl\/fr\/produit\/perles-en-bois-facette-geometrique-hexagone-14-mm\/\" \/>\n<meta property=\"og:locale\" content=\"fr_FR\" \/>\n<meta property=\"og:type\" content=\"article\" \/>\n<meta property=\"og:title\" content=\"Perles en bois - 14 mm Hexagone - \u00c9rable\" \/>\n<meta property=\"og:description\" content=\"Perles en bois hexagonales g\u00e9om\u00e9triques 14 mm pour le cordon de landau, l&#039;anneau de dentition ou le cordon de t\u00e9tine. Les perles hexagonales sont tr\u00e8s populaires dans les jouets de dentition.\" \/>\n<meta property=\"og:url\" content=\"https:\/\/www.jootjeshaakcadeautjes.nl\/fr\/produit\/perles-en-bois-facette-geometrique-hexagone-14-mm\/\" \/>\n<meta property=\"og:site_name\" content=\"Jootjes Haakcadeautjes\" \/>\n<meta property=\"article:modified_time\" content=\"2025-03-11T16:02:22+00:00\" \/>\n<meta property=\"og:image\" content=\"https:\/\/www.jootjeshaakcadeautjes.nl\/wp-content\/uploads\/2020\/11\/20200515_125623.jpg\" \/>\n\t<meta property=\"og:image:width\" content=\"1613\" \/>\n\t<meta property=\"og:image:height\" content=\"1613\" \/>\n\t<meta property=\"og:image:type\" content=\"image\/jpeg\" \/>\n<meta name=\"twitter:card\" content=\"summary_large_image\" \/>\n<meta name=\"twitter:label1\" content=\"Prix\" \/>\n\t<meta name=\"twitter:data1\" content=\"&euro;0.22 TTC\" \/>\n\t<meta name=\"twitter:label2\" content=\"Disponibilit\u00e9\" \/>\n\t<meta name=\"twitter:data2\" content=\"En stock\" \/>\n<script type=\"application\/ld+json\" class=\"yoast-schema-graph\">{\"@context\":\"https:\\\/\\\/schema.org\",\"@graph\":[{\"@type\":\"WebPage\",\"@id\":\"https:\\\/\\\/www.jootjeshaakcadeautjes.nl\\\/fr\\\/produit\\\/perles-en-bois-facette-geometrique-hexagone-14-mm\\\/\",\"url\":\"https:\\\/\\\/www.jootjeshaakcadeautjes.nl\\\/fr\\\/produit\\\/perles-en-bois-facette-geometrique-hexagone-14-mm\\\/\",\"name\":\"Perles en bois Hexagone\\\/g\u00e9om\u00e9trique - Jootjes Crochet presents\",\"isPartOf\":{\"@id\":\"https:\\\/\\\/www.jootjeshaakcadeautjes.nl\\\/fr\\\/#website\"},\"primaryImageOfPage\":{\"@id\":\"https:\\\/\\\/www.jootjeshaakcadeautjes.nl\\\/fr\\\/produit\\\/perles-en-bois-facette-geometrique-hexagone-14-mm\\\/#primaryimage\"},\"image\":{\"@id\":\"https:\\\/\\\/www.jootjeshaakcadeautjes.nl\\\/fr\\\/produit\\\/perles-en-bois-facette-geometrique-hexagone-14-mm\\\/#primaryimage\"},\"thumbnailUrl\":\"https:\\\/\\\/d1dyryakdmle7o.cloudfront.net\\\/wp-content\\\/uploads\\\/2020\\\/11\\\/20200515_125623.jpg\",\"datePublished\":\"2020-11-21T12:10:14+00:00\",\"dateModified\":\"2025-03-11T16:02:22+00:00\",\"description\":\"Perles en bois hexagonales g\u00e9om\u00e9triques 14 mm pour le cordon de landau, l'anneau de dentition ou le cordon de t\u00e9tine. Les perles hexagonales sont tr\u00e8s populaires dans les jouets de dentition.\",\"breadcrumb\":{\"@id\":\"https:\\\/\\\/www.jootjeshaakcadeautjes.nl\\\/fr\\\/produit\\\/perles-en-bois-facette-geometrique-hexagone-14-mm\\\/#breadcrumb\"},\"inLanguage\":\"fr-FR\",\"potentialAction\":[{\"@type\":\"ReadAction\",\"target\":[\"https:\\\/\\\/www.jootjeshaakcadeautjes.nl\\\/fr\\\/produit\\\/perles-en-bois-facette-geometrique-hexagone-14-mm\\\/\"]}]},{\"@type\":\"ImageObject\",\"inLanguage\":\"fr-FR\",\"@id\":\"https:\\\/\\\/www.jootjeshaakcadeautjes.nl\\\/fr\\\/produit\\\/perles-en-bois-facette-geometrique-hexagone-14-mm\\\/#primaryimage\",\"url\":\"https:\\\/\\\/d1dyryakdmle7o.cloudfront.net\\\/wp-content\\\/uploads\\\/2020\\\/11\\\/20200515_125623.jpg\",\"contentUrl\":\"https:\\\/\\\/d1dyryakdmle7o.cloudfront.net\\\/wp-content\\\/uploads\\\/2020\\\/11\\\/20200515_125623.jpg\",\"width\":1613,\"height\":1613,\"caption\":\"anneau de dentition en bois hexagonal en gros pour t\u00e9tine\"},{\"@type\":\"BreadcrumbList\",\"@id\":\"https:\\\/\\\/www.jootjeshaakcadeautjes.nl\\\/fr\\\/produit\\\/perles-en-bois-facette-geometrique-hexagone-14-mm\\\/#breadcrumb\",\"itemListElement\":[{\"@type\":\"ListItem\",\"position\":1,\"name\":\"Accueil\",\"item\":\"https:\\\/\\\/www.jootjeshaakcadeautjes.nl\\\/fr\\\/\"},{\"@type\":\"ListItem\",\"position\":2,\"name\":\"Commerce de gros de perles en silicone &#8211; Entreprises et consommateurs\",\"item\":\"https:\\\/\\\/www.jootjeshaakcadeautjes.nl\\\/fr\\\/boutique\\\/\"},{\"@type\":\"ListItem\",\"position\":3,\"name\":\"Perles en bois &#8211; 14 mm Hexagone &#8211; \u00c9rable\"}]},{\"@type\":\"WebSite\",\"@id\":\"https:\\\/\\\/www.jootjeshaakcadeautjes.nl\\\/fr\\\/#website\",\"url\":\"https:\\\/\\\/www.jootjeshaakcadeautjes.nl\\\/fr\\\/\",\"name\":\"Jootjes Haakcadeautjes\",\"description\":\"Grossiste en perles de silicone\",\"publisher\":{\"@id\":\"https:\\\/\\\/www.jootjeshaakcadeautjes.nl\\\/fr\\\/#organization\"},\"potentialAction\":[{\"@type\":\"SearchAction\",\"target\":{\"@type\":\"EntryPoint\",\"urlTemplate\":\"https:\\\/\\\/www.jootjeshaakcadeautjes.nl\\\/fr\\\/?s={search_term_string}\"},\"query-input\":{\"@type\":\"PropertyValueSpecification\",\"valueRequired\":true,\"valueName\":\"search_term_string\"}}],\"inLanguage\":\"fr-FR\"},{\"@type\":\"Organization\",\"@id\":\"https:\\\/\\\/www.jootjeshaakcadeautjes.nl\\\/fr\\\/#organization\",\"name\":\"Jootjes Haakcadeautjes\",\"url\":\"https:\\\/\\\/www.jootjeshaakcadeautjes.nl\\\/fr\\\/\",\"logo\":{\"@type\":\"ImageObject\",\"inLanguage\":\"fr-FR\",\"@id\":\"https:\\\/\\\/www.jootjeshaakcadeautjes.nl\\\/fr\\\/#\\\/schema\\\/logo\\\/image\\\/\",\"url\":\"https:\\\/\\\/jootjes-haakcadeautjes-media.s3.amazonaws.com\\\/wp-content\\\/uploads\\\/2023\\\/05\\\/Logo-rond.png\",\"contentUrl\":\"https:\\\/\\\/jootjes-haakcadeautjes-media.s3.amazonaws.com\\\/wp-content\\\/uploads\\\/2023\\\/05\\\/Logo-rond.png\",\"width\":1222,\"height\":1222,\"caption\":\"Jootjes Haakcadeautjes\"},\"image\":{\"@id\":\"https:\\\/\\\/www.jootjeshaakcadeautjes.nl\\\/fr\\\/#\\\/schema\\\/logo\\\/image\\\/\"}}]}<\/script>\n<meta property=\"product:price:amount\" content=\"0.22\" \/>\n<meta property=\"product:price:currency\" content=\"EUR\" \/>\n<meta property=\"og:availability\" content=\"instock\" \/>\n<meta property=\"product:availability\" content=\"instock\" \/>\n<meta property=\"product:retailer_item_id\" content=\"HKR-HEX-014\" \/>\n<meta property=\"product:condition\" content=\"new\" \/>\n<!-- \/ Yoast SEO Premium plugin. -->","yoast_head_json":{"title":"Perles en bois Hexagone\/g\u00e9om\u00e9trique - Jootjes Crochet presents","description":"Perles en bois hexagonales g\u00e9om\u00e9triques 14 mm pour le cordon de landau, l'anneau de dentition ou le cordon de t\u00e9tine. Les perles hexagonales sont tr\u00e8s populaires dans les jouets de dentition.","robots":{"index":"index","follow":"follow","max-snippet":"max-snippet:-1","max-image-preview":"max-image-preview:large","max-video-preview":"max-video-preview:-1"},"canonical":"https:\/\/www.jootjeshaakcadeautjes.nl\/fr\/produit\/perles-en-bois-facette-geometrique-hexagone-14-mm\/","og_locale":"fr_FR","og_type":"article","og_title":"Perles en bois - 14 mm Hexagone - \u00c9rable","og_description":"Perles en bois hexagonales g\u00e9om\u00e9triques 14 mm pour le cordon de landau, l'anneau de dentition ou le cordon de t\u00e9tine. Les perles hexagonales sont tr\u00e8s populaires dans les jouets de dentition.","og_url":"https:\/\/www.jootjeshaakcadeautjes.nl\/fr\/produit\/perles-en-bois-facette-geometrique-hexagone-14-mm\/","og_site_name":"Jootjes Haakcadeautjes","article_modified_time":"2025-03-11T16:02:22+00:00","og_image":[{"width":1613,"height":1613,"url":"https:\/\/www.jootjeshaakcadeautjes.nl\/wp-content\/uploads\/2020\/11\/20200515_125623.jpg","type":"image\/jpeg"}],"twitter_card":"summary_large_image","twitter_misc":{"Prix":"&euro;0.22 TTC","Disponibilit\u00e9":"En stock"},"schema":{"@context":"https:\/\/schema.org","@graph":[{"@type":"WebPage","@id":"https:\/\/www.jootjeshaakcadeautjes.nl\/fr\/produit\/perles-en-bois-facette-geometrique-hexagone-14-mm\/","url":"https:\/\/www.jootjeshaakcadeautjes.nl\/fr\/produit\/perles-en-bois-facette-geometrique-hexagone-14-mm\/","name":"Perles en bois Hexagone\/g\u00e9om\u00e9trique - Jootjes Crochet presents","isPartOf":{"@id":"https:\/\/www.jootjeshaakcadeautjes.nl\/fr\/#website"},"primaryImageOfPage":{"@id":"https:\/\/www.jootjeshaakcadeautjes.nl\/fr\/produit\/perles-en-bois-facette-geometrique-hexagone-14-mm\/#primaryimage"},"image":{"@id":"https:\/\/www.jootjeshaakcadeautjes.nl\/fr\/produit\/perles-en-bois-facette-geometrique-hexagone-14-mm\/#primaryimage"},"thumbnailUrl":"https:\/\/d1dyryakdmle7o.cloudfront.net\/wp-content\/uploads\/2020\/11\/20200515_125623.jpg","datePublished":"2020-11-21T12:10:14+00:00","dateModified":"2025-03-11T16:02:22+00:00","description":"Perles en bois hexagonales g\u00e9om\u00e9triques 14 mm pour le cordon de landau, l'anneau de dentition ou le cordon de t\u00e9tine. Les perles hexagonales sont tr\u00e8s populaires dans les jouets de dentition.","breadcrumb":{"@id":"https:\/\/www.jootjeshaakcadeautjes.nl\/fr\/produit\/perles-en-bois-facette-geometrique-hexagone-14-mm\/#breadcrumb"},"inLanguage":"fr-FR","potentialAction":[{"@type":"ReadAction","target":["https:\/\/www.jootjeshaakcadeautjes.nl\/fr\/produit\/perles-en-bois-facette-geometrique-hexagone-14-mm\/"]}]},{"@type":"ImageObject","inLanguage":"fr-FR","@id":"https:\/\/www.jootjeshaakcadeautjes.nl\/fr\/produit\/perles-en-bois-facette-geometrique-hexagone-14-mm\/#primaryimage","url":"https:\/\/d1dyryakdmle7o.cloudfront.net\/wp-content\/uploads\/2020\/11\/20200515_125623.jpg","contentUrl":"https:\/\/d1dyryakdmle7o.cloudfront.net\/wp-content\/uploads\/2020\/11\/20200515_125623.jpg","width":1613,"height":1613,"caption":"anneau de dentition en bois hexagonal en gros pour t\u00e9tine"},{"@type":"BreadcrumbList","@id":"https:\/\/www.jootjeshaakcadeautjes.nl\/fr\/produit\/perles-en-bois-facette-geometrique-hexagone-14-mm\/#breadcrumb","itemListElement":[{"@type":"ListItem","position":1,"name":"Accueil","item":"https:\/\/www.jootjeshaakcadeautjes.nl\/fr\/"},{"@type":"ListItem","position":2,"name":"Commerce de gros de perles en silicone &#8211; Entreprises et consommateurs","item":"https:\/\/www.jootjeshaakcadeautjes.nl\/fr\/boutique\/"},{"@type":"ListItem","position":3,"name":"Perles en bois &#8211; 14 mm Hexagone &#8211; \u00c9rable"}]},{"@type":"WebSite","@id":"https:\/\/www.jootjeshaakcadeautjes.nl\/fr\/#website","url":"https:\/\/www.jootjeshaakcadeautjes.nl\/fr\/","name":"Jootjes Haakcadeautjes","description":"Grossiste en perles de silicone","publisher":{"@id":"https:\/\/www.jootjeshaakcadeautjes.nl\/fr\/#organization"},"potentialAction":[{"@type":"SearchAction","target":{"@type":"EntryPoint","urlTemplate":"https:\/\/www.jootjeshaakcadeautjes.nl\/fr\/?s={search_term_string}"},"query-input":{"@type":"PropertyValueSpecification","valueRequired":true,"valueName":"search_term_string"}}],"inLanguage":"fr-FR"},{"@type":"Organization","@id":"https:\/\/www.jootjeshaakcadeautjes.nl\/fr\/#organization","name":"Jootjes Haakcadeautjes","url":"https:\/\/www.jootjeshaakcadeautjes.nl\/fr\/","logo":{"@type":"ImageObject","inLanguage":"fr-FR","@id":"https:\/\/www.jootjeshaakcadeautjes.nl\/fr\/#\/schema\/logo\/image\/","url":"https:\/\/jootjes-haakcadeautjes-media.s3.amazonaws.com\/wp-content\/uploads\/2023\/05\/Logo-rond.png","contentUrl":"https:\/\/jootjes-haakcadeautjes-media.s3.amazonaws.com\/wp-content\/uploads\/2023\/05\/Logo-rond.png","width":1222,"height":1222,"caption":"Jootjes Haakcadeautjes"},"image":{"@id":"https:\/\/www.jootjeshaakcadeautjes.nl\/fr\/#\/schema\/logo\/image\/"}}]},"product_price_amount":"0.22","product_price_currency":"EUR","og_availability":"instock","product_availability":"instock","product_retailer_item_id":"HKR-HEX-014","product_condition":"new"},"_links":{"self":[{"href":"https:\/\/www.jootjeshaakcadeautjes.nl\/fr\/wp-json\/wp\/v2\/product\/134730","targetHints":{"allow":["GET"]}}],"collection":[{"href":"https:\/\/www.jootjeshaakcadeautjes.nl\/fr\/wp-json\/wp\/v2\/product"}],"about":[{"href":"https:\/\/www.jootjeshaakcadeautjes.nl\/fr\/wp-json\/wp\/v2\/types\/product"}],"version-history":[{"count":0,"href":"https:\/\/www.jootjeshaakcadeautjes.nl\/fr\/wp-json\/wp\/v2\/product\/134730\/revisions"}],"wp:featuredmedia":[{"embeddable":true,"href":"https:\/\/www.jootjeshaakcadeautjes.nl\/fr\/wp-json\/wp\/v2\/media\/79965"}],"wp:attachment":[{"href":"https:\/\/www.jootjeshaakcadeautjes.nl\/fr\/wp-json\/wp\/v2\/media?parent=134730"}],"wp:term":[{"taxonomy":"product_brand","embeddable":true,"href":"https:\/\/www.jootjeshaakcadeautjes.nl\/fr\/wp-json\/wp\/v2\/product_brand?post=134730"},{"taxonomy":"product_cat","embeddable":true,"href":"https:\/\/www.jootjeshaakcadeautjes.nl\/fr\/wp-json\/wp\/v2\/product_cat?post=134730"},{"taxonomy":"product_tag","embeddable":true,"href":"https:\/\/www.jootjeshaakcadeautjes.nl\/fr\/wp-json\/wp\/v2\/product_tag?post=134730"}],"curies":[{"name":"wp","href":"https:\/\/api.w.org\/{rel}","templated":true}]}}