{"id":134755,"date":"2020-11-21T14:27:36","date_gmt":"2020-11-21T13:27:36","guid":{"rendered":"https:\/\/www.jootjeshaakcadeautjes.nl\/product\/perle-en-bois-18-mm-erable\/"},"modified":"2025-03-11T17:02:22","modified_gmt":"2025-03-11T16:02:22","slug":"perle-en-bois-18-mm-erable","status":"publish","type":"product","link":"https:\/\/www.jootjeshaakcadeautjes.nl\/fr\/produit\/perle-en-bois-18-mm-erable\/","title":{"rendered":"Perle en bois &#8211; 18 mm ronde &#8211; \u00e9rable"},"content":{"rendered":"<p><strong>Perles en bois de 18 mm de diam\u00e8tre.<\/strong><\/p>\n<p>Fabriqu\u00e9 en bois brut (non laqu\u00e9, teint\u00e9 ou huil\u00e9).<br \/>\nLes perles en bois sont un produit naturel et peuvent donc pr\u00e9senter des variations minimes.<\/p>\n<p><span style=\"text-decoration: underline;\"><strong>Quelle est donc la meilleure fa\u00e7on d&#8217;utiliser quoi ?<\/strong><\/span><\/p>\n<p>Pour r\u00e9aliser un collier d&#8217;allaitement, j&#8217;utilise g\u00e9n\u00e9ralement des <a href=\"https:\/\/www.jootjeshaakcadeautjes.nl\/product\/houten-kraal-30-mm\/\">perles de 30 mm.<\/a><\/p>\n<p>Un anneau de dentition avec des perles (voir l&#8217;exemple ci-dessous) se compose principalement de.. :<\/p>\n<ul>\n<li>2x un <a href=\"https:\/\/www.jootjeshaakcadeautjes.nl\/product\/houten-ring-56-mm5-6-cm\/\">anneau de 5,6 cm<\/a> ou 2x un anneau de 4,5 cm<\/li>\n<li>6x une perle en bois de <a href=\"https:\/\/www.jootjeshaakcadeautjes.nl\/product\/houten-kraal-20-mm\/\">16\/20<\/a> mm<\/li>\n<li>6x une perle en bois crochet\u00e9e de <a href=\"https:\/\/www.jootjeshaakcadeautjes.nl\/fr\/produit\/perle-de-bois-25-mm\/\">20\/25<\/a> mm<\/li>\n<\/ul>\n<p>En fonction de la taille souhait\u00e9e, vous choisissez parmi les vari\u00e9t\u00e9s de mat\u00e9riaux les plus petites ou les plus grandes.<\/p>\n<p><a href=\"https:\/\/d1dyryakdmle7o.cloudfront.net\/wp-content\/uploads\/2016\/03\/wooden-font-b-teething-b-font-font-b-ring-b-font-Crochet-beads-rattle-Amigurumi-Baby.jpg\" rel=\"attachment wp-att-318\"><img decoding=\"async\" class=\"alignnone size-medium wp-image-318\" src=\"https:\/\/www.jootjeshaakcadeautjes.nl\/wp-content\/themes\/woodmart\/images\/lazy.svg\" data-src=\"https:\/\/d1dyryakdmle7o.cloudfront.net\/wp-content\/uploads\/2016\/03\/wooden-font-b-teething-b-font-font-b-ring-b-font-Crochet-beads-rattle-Amigurumi-Baby-300x300.jpg\" alt=\"bois-font-b-teething-b-font-b-ring-b-font-Crochet-beads-rattle-Amigurumi-B\u00e9b\u00e9\" width=\"300\" height=\"300\"><\/a><a href=\"https:\/\/d1dyryakdmle7o.cloudfront.net\/wp-content\/uploads\/2016\/03\/Fade-Grey-cream-white-crochet-teething-necklace-wood-beads-baby-toy-baby-teether-necklace-NW1706.jpg\"><img decoding=\"async\" class=\"alignnone size-medium wp-image-332\" src=\"https:\/\/www.jootjeshaakcadeautjes.nl\/wp-content\/themes\/woodmart\/images\/lazy.svg\" data-src=\"https:\/\/d1dyryakdmle7o.cloudfront.net\/wp-content\/uploads\/2016\/03\/Fade-Grey-cream-white-crochet-teething-necklace-wood-beads-baby-toy-baby-teether-necklace-NW1706-300x232.jpg\" alt=\"\" width=\"300\" height=\"232\"><\/a><\/p>\n<p><strong>Anneau de dentition avec perles Collier d&#8217;allaitement<\/strong><\/p>\n","protected":false},"excerpt":{"rendered":"<p><strong>Perle en bois 18 mm ronde en bois d&#8217;\u00e9rable.  <\/strong><\/p>\n<p>Non trait\u00e9, certifi\u00e9 CE.<br \/>\nA l&#8217;\u00e9preuve des enfants, pour anneau de dentition, porte-cl\u00e9s ou cordelette de jeu.<\/p>\n<p>&nbsp;<\/p>\n","protected":false},"featured_media":79959,"template":"","meta":[],"product_brand":[],"product_cat":[7378,13845,10405,13493],"product_tag":[13852,13851,10409,12316,14069,13846,13062,12311,7197,13847,13563,7395,7200],"class_list":{"0":"post-134755","1":"product","2":"type-product","3":"status-publish","4":"has-post-thumbnail","6":"product_cat-fabrication-de-jouets-de-dentition-pour-bebe-cordon-de-sucette-et-anneaux-de-dentition","7":"product_cat-perles-en-bois-erable-macrame-et-crochet","8":"product_cat-perles-en-bois-fil-de-sucette-et-anneau-de-dentition-toutes-les-perles-en-bois","9":"product_cat-perles-en-bois-pour-le-macrame-et-le-crochet","10":"product_tag-18-fr","11":"product_tag-18mm-fr","12":"product_tag-bois-fr","13":"product_tag-brut","14":"product_tag-crochet-fr-7","15":"product_tag-crochet-fr-6","16":"product_tag-crochet-fr-2","17":"product_tag-crochets","18":"product_tag-en-bois","19":"product_tag-erable-fr","20":"product_tag-macrame-fr","21":"product_tag-perle","22":"product_tag-perles","24":"first","25":"instock","26":"taxable","27":"shipping-taxable","28":"purchasable","29":"product-type-simple"},"bundled_by":[],"bundle_stock_status":"instock","bundle_stock_quantity":44,"bundle_virtual":false,"bundle_layout":"","bundle_add_to_cart_form_location":"","bundle_editable_in_cart":false,"bundle_sold_individually_context":"","bundle_item_grouping":"","bundle_min_size":"","bundle_max_size":"","bundle_price":[],"bundled_items":[],"bundle_sell_ids":[],"yoast_head":"<!-- This site is optimized with the Yoast SEO Premium plugin v27.6 (Yoast SEO v27.6) - https:\/\/yoast.com\/product\/yoast-seo-premium-wordpress\/ -->\n<title>Perle en bois - 18 mm ronde - \u00e9rable %sepsitename%%% Wholesale | Baby safe<\/title>\n<meta name=\"description\" content=\"Perle en bois 16 mm ronde en bois d&#039;\u00e9rable. Non trait\u00e9, certifi\u00e9 CE. A l&#039;\u00e9preuve des enfants, pour anneau de dentition, porte-cl\u00e9s ou cordelette de jeu.\" \/>\n<meta name=\"robots\" content=\"index, follow, max-snippet:-1, max-image-preview:large, max-video-preview:-1\" \/>\n<link rel=\"canonical\" href=\"https:\/\/www.jootjeshaakcadeautjes.nl\/fr\/produit\/perle-en-bois-18-mm-erable\/\" \/>\n<meta property=\"og:locale\" content=\"fr_FR\" \/>\n<meta property=\"og:type\" content=\"article\" \/>\n<meta property=\"og:title\" content=\"Perle en bois - 18 mm ronde - \u00e9rable\" \/>\n<meta property=\"og:description\" content=\"Perle en bois 16 mm ronde en bois d&#039;\u00e9rable. Non trait\u00e9, certifi\u00e9 CE. A l&#039;\u00e9preuve des enfants, pour anneau de dentition, porte-cl\u00e9s ou cordelette de jeu.\" \/>\n<meta property=\"og:url\" content=\"https:\/\/www.jootjeshaakcadeautjes.nl\/fr\/produit\/perle-en-bois-18-mm-erable\/\" \/>\n<meta property=\"og:site_name\" content=\"Jootjes Haakcadeautjes\" \/>\n<meta property=\"article:modified_time\" content=\"2025-03-11T16:02:22+00:00\" \/>\n<meta property=\"og:image\" content=\"https:\/\/www.jootjeshaakcadeautjes.nl\/wp-content\/uploads\/2020\/11\/20220417_185235.jpg\" \/>\n\t<meta property=\"og:image:width\" content=\"2048\" \/>\n\t<meta property=\"og:image:height\" content=\"2048\" \/>\n\t<meta property=\"og:image:type\" content=\"image\/jpeg\" \/>\n<meta name=\"twitter:card\" content=\"summary_large_image\" \/>\n<meta name=\"twitter:label1\" content=\"Prix\" \/>\n\t<meta name=\"twitter:data1\" content=\"&euro;0.20 TTC\" \/>\n\t<meta name=\"twitter:label2\" content=\"Disponibilit\u00e9\" \/>\n\t<meta name=\"twitter:data2\" content=\"En stock\" \/>\n<script type=\"application\/ld+json\" class=\"yoast-schema-graph\">{\"@context\":\"https:\\\/\\\/schema.org\",\"@graph\":[{\"@type\":\"WebPage\",\"@id\":\"https:\\\/\\\/www.jootjeshaakcadeautjes.nl\\\/fr\\\/produit\\\/perle-en-bois-18-mm-erable\\\/\",\"url\":\"https:\\\/\\\/www.jootjeshaakcadeautjes.nl\\\/fr\\\/produit\\\/perle-en-bois-18-mm-erable\\\/\",\"name\":\"Perle en bois - 18 mm ronde - \u00e9rable %sepsitename%%% Wholesale | Baby safe\",\"isPartOf\":{\"@id\":\"https:\\\/\\\/www.jootjeshaakcadeautjes.nl\\\/fr\\\/#website\"},\"primaryImageOfPage\":{\"@id\":\"https:\\\/\\\/www.jootjeshaakcadeautjes.nl\\\/fr\\\/produit\\\/perle-en-bois-18-mm-erable\\\/#primaryimage\"},\"image\":{\"@id\":\"https:\\\/\\\/www.jootjeshaakcadeautjes.nl\\\/fr\\\/produit\\\/perle-en-bois-18-mm-erable\\\/#primaryimage\"},\"thumbnailUrl\":\"https:\\\/\\\/d1dyryakdmle7o.cloudfront.net\\\/wp-content\\\/uploads\\\/2020\\\/11\\\/20220417_185235.jpg\",\"datePublished\":\"2020-11-21T13:27:36+00:00\",\"dateModified\":\"2025-03-11T16:02:22+00:00\",\"description\":\"Perle en bois 16 mm ronde en bois d'\u00e9rable. Non trait\u00e9, certifi\u00e9 CE. A l'\u00e9preuve des enfants, pour anneau de dentition, porte-cl\u00e9s ou cordelette de jeu.\",\"breadcrumb\":{\"@id\":\"https:\\\/\\\/www.jootjeshaakcadeautjes.nl\\\/fr\\\/produit\\\/perle-en-bois-18-mm-erable\\\/#breadcrumb\"},\"inLanguage\":\"fr-FR\",\"potentialAction\":[{\"@type\":\"ReadAction\",\"target\":[\"https:\\\/\\\/www.jootjeshaakcadeautjes.nl\\\/fr\\\/produit\\\/perle-en-bois-18-mm-erable\\\/\"]}]},{\"@type\":\"ImageObject\",\"inLanguage\":\"fr-FR\",\"@id\":\"https:\\\/\\\/www.jootjeshaakcadeautjes.nl\\\/fr\\\/produit\\\/perle-en-bois-18-mm-erable\\\/#primaryimage\",\"url\":\"https:\\\/\\\/d1dyryakdmle7o.cloudfront.net\\\/wp-content\\\/uploads\\\/2020\\\/11\\\/20220417_185235.jpg\",\"contentUrl\":\"https:\\\/\\\/d1dyryakdmle7o.cloudfront.net\\\/wp-content\\\/uploads\\\/2020\\\/11\\\/20220417_185235.jpg\",\"width\":2048,\"height\":2048,\"caption\":\"Anneau de dentition en bois d'\u00e9rable bpa free wholesale buy\"},{\"@type\":\"BreadcrumbList\",\"@id\":\"https:\\\/\\\/www.jootjeshaakcadeautjes.nl\\\/fr\\\/produit\\\/perle-en-bois-18-mm-erable\\\/#breadcrumb\",\"itemListElement\":[{\"@type\":\"ListItem\",\"position\":1,\"name\":\"Accueil\",\"item\":\"https:\\\/\\\/www.jootjeshaakcadeautjes.nl\\\/fr\\\/\"},{\"@type\":\"ListItem\",\"position\":2,\"name\":\"Commerce de gros de perles en silicone &#8211; Entreprises et consommateurs\",\"item\":\"https:\\\/\\\/www.jootjeshaakcadeautjes.nl\\\/fr\\\/boutique\\\/\"},{\"@type\":\"ListItem\",\"position\":3,\"name\":\"Perle en bois &#8211; 18 mm ronde &#8211; \u00e9rable\"}]},{\"@type\":\"WebSite\",\"@id\":\"https:\\\/\\\/www.jootjeshaakcadeautjes.nl\\\/fr\\\/#website\",\"url\":\"https:\\\/\\\/www.jootjeshaakcadeautjes.nl\\\/fr\\\/\",\"name\":\"Jootjes Haakcadeautjes\",\"description\":\"Grossiste en perles de silicone\",\"publisher\":{\"@id\":\"https:\\\/\\\/www.jootjeshaakcadeautjes.nl\\\/fr\\\/#organization\"},\"potentialAction\":[{\"@type\":\"SearchAction\",\"target\":{\"@type\":\"EntryPoint\",\"urlTemplate\":\"https:\\\/\\\/www.jootjeshaakcadeautjes.nl\\\/fr\\\/?s={search_term_string}\"},\"query-input\":{\"@type\":\"PropertyValueSpecification\",\"valueRequired\":true,\"valueName\":\"search_term_string\"}}],\"inLanguage\":\"fr-FR\"},{\"@type\":\"Organization\",\"@id\":\"https:\\\/\\\/www.jootjeshaakcadeautjes.nl\\\/fr\\\/#organization\",\"name\":\"Jootjes Haakcadeautjes\",\"url\":\"https:\\\/\\\/www.jootjeshaakcadeautjes.nl\\\/fr\\\/\",\"logo\":{\"@type\":\"ImageObject\",\"inLanguage\":\"fr-FR\",\"@id\":\"https:\\\/\\\/www.jootjeshaakcadeautjes.nl\\\/fr\\\/#\\\/schema\\\/logo\\\/image\\\/\",\"url\":\"https:\\\/\\\/d1dyryakdmle7o.cloudfront.net\\\/wp-content\\\/uploads\\\/2023\\\/05\\\/Logo-rond.png\",\"contentUrl\":\"https:\\\/\\\/d1dyryakdmle7o.cloudfront.net\\\/wp-content\\\/uploads\\\/2023\\\/05\\\/Logo-rond.png\",\"width\":1222,\"height\":1222,\"caption\":\"Jootjes Haakcadeautjes\"},\"image\":{\"@id\":\"https:\\\/\\\/www.jootjeshaakcadeautjes.nl\\\/fr\\\/#\\\/schema\\\/logo\\\/image\\\/\"}}]}<\/script>\n<meta property=\"product:price:amount\" content=\"0.20\" \/>\n<meta property=\"product:price:currency\" content=\"EUR\" \/>\n<meta property=\"og:availability\" content=\"instock\" \/>\n<meta property=\"product:availability\" content=\"instock\" \/>\n<meta property=\"product:retailer_item_id\" content=\"HOU-KRA-018\" \/>\n<meta property=\"product:condition\" content=\"new\" \/>\n<!-- \/ Yoast SEO Premium plugin. -->","yoast_head_json":{"title":"Perle en bois - 18 mm ronde - \u00e9rable %sepsitename%%% Wholesale | Baby safe","description":"Perle en bois 16 mm ronde en bois d'\u00e9rable. Non trait\u00e9, certifi\u00e9 CE. A l'\u00e9preuve des enfants, pour anneau de dentition, porte-cl\u00e9s ou cordelette de jeu.","robots":{"index":"index","follow":"follow","max-snippet":"max-snippet:-1","max-image-preview":"max-image-preview:large","max-video-preview":"max-video-preview:-1"},"canonical":"https:\/\/www.jootjeshaakcadeautjes.nl\/fr\/produit\/perle-en-bois-18-mm-erable\/","og_locale":"fr_FR","og_type":"article","og_title":"Perle en bois - 18 mm ronde - \u00e9rable","og_description":"Perle en bois 16 mm ronde en bois d'\u00e9rable. Non trait\u00e9, certifi\u00e9 CE. A l'\u00e9preuve des enfants, pour anneau de dentition, porte-cl\u00e9s ou cordelette de jeu.","og_url":"https:\/\/www.jootjeshaakcadeautjes.nl\/fr\/produit\/perle-en-bois-18-mm-erable\/","og_site_name":"Jootjes Haakcadeautjes","article_modified_time":"2025-03-11T16:02:22+00:00","og_image":[{"width":2048,"height":2048,"url":"https:\/\/www.jootjeshaakcadeautjes.nl\/wp-content\/uploads\/2020\/11\/20220417_185235.jpg","type":"image\/jpeg"}],"twitter_card":"summary_large_image","twitter_misc":{"Prix":"&euro;0.20 TTC","Disponibilit\u00e9":"En stock"},"schema":{"@context":"https:\/\/schema.org","@graph":[{"@type":"WebPage","@id":"https:\/\/www.jootjeshaakcadeautjes.nl\/fr\/produit\/perle-en-bois-18-mm-erable\/","url":"https:\/\/www.jootjeshaakcadeautjes.nl\/fr\/produit\/perle-en-bois-18-mm-erable\/","name":"Perle en bois - 18 mm ronde - \u00e9rable %sepsitename%%% Wholesale | Baby safe","isPartOf":{"@id":"https:\/\/www.jootjeshaakcadeautjes.nl\/fr\/#website"},"primaryImageOfPage":{"@id":"https:\/\/www.jootjeshaakcadeautjes.nl\/fr\/produit\/perle-en-bois-18-mm-erable\/#primaryimage"},"image":{"@id":"https:\/\/www.jootjeshaakcadeautjes.nl\/fr\/produit\/perle-en-bois-18-mm-erable\/#primaryimage"},"thumbnailUrl":"https:\/\/d1dyryakdmle7o.cloudfront.net\/wp-content\/uploads\/2020\/11\/20220417_185235.jpg","datePublished":"2020-11-21T13:27:36+00:00","dateModified":"2025-03-11T16:02:22+00:00","description":"Perle en bois 16 mm ronde en bois d'\u00e9rable. Non trait\u00e9, certifi\u00e9 CE. A l'\u00e9preuve des enfants, pour anneau de dentition, porte-cl\u00e9s ou cordelette de jeu.","breadcrumb":{"@id":"https:\/\/www.jootjeshaakcadeautjes.nl\/fr\/produit\/perle-en-bois-18-mm-erable\/#breadcrumb"},"inLanguage":"fr-FR","potentialAction":[{"@type":"ReadAction","target":["https:\/\/www.jootjeshaakcadeautjes.nl\/fr\/produit\/perle-en-bois-18-mm-erable\/"]}]},{"@type":"ImageObject","inLanguage":"fr-FR","@id":"https:\/\/www.jootjeshaakcadeautjes.nl\/fr\/produit\/perle-en-bois-18-mm-erable\/#primaryimage","url":"https:\/\/d1dyryakdmle7o.cloudfront.net\/wp-content\/uploads\/2020\/11\/20220417_185235.jpg","contentUrl":"https:\/\/d1dyryakdmle7o.cloudfront.net\/wp-content\/uploads\/2020\/11\/20220417_185235.jpg","width":2048,"height":2048,"caption":"Anneau de dentition en bois d'\u00e9rable bpa free wholesale buy"},{"@type":"BreadcrumbList","@id":"https:\/\/www.jootjeshaakcadeautjes.nl\/fr\/produit\/perle-en-bois-18-mm-erable\/#breadcrumb","itemListElement":[{"@type":"ListItem","position":1,"name":"Accueil","item":"https:\/\/www.jootjeshaakcadeautjes.nl\/fr\/"},{"@type":"ListItem","position":2,"name":"Commerce de gros de perles en silicone &#8211; Entreprises et consommateurs","item":"https:\/\/www.jootjeshaakcadeautjes.nl\/fr\/boutique\/"},{"@type":"ListItem","position":3,"name":"Perle en bois &#8211; 18 mm ronde &#8211; \u00e9rable"}]},{"@type":"WebSite","@id":"https:\/\/www.jootjeshaakcadeautjes.nl\/fr\/#website","url":"https:\/\/www.jootjeshaakcadeautjes.nl\/fr\/","name":"Jootjes Haakcadeautjes","description":"Grossiste en perles de silicone","publisher":{"@id":"https:\/\/www.jootjeshaakcadeautjes.nl\/fr\/#organization"},"potentialAction":[{"@type":"SearchAction","target":{"@type":"EntryPoint","urlTemplate":"https:\/\/www.jootjeshaakcadeautjes.nl\/fr\/?s={search_term_string}"},"query-input":{"@type":"PropertyValueSpecification","valueRequired":true,"valueName":"search_term_string"}}],"inLanguage":"fr-FR"},{"@type":"Organization","@id":"https:\/\/www.jootjeshaakcadeautjes.nl\/fr\/#organization","name":"Jootjes Haakcadeautjes","url":"https:\/\/www.jootjeshaakcadeautjes.nl\/fr\/","logo":{"@type":"ImageObject","inLanguage":"fr-FR","@id":"https:\/\/www.jootjeshaakcadeautjes.nl\/fr\/#\/schema\/logo\/image\/","url":"https:\/\/d1dyryakdmle7o.cloudfront.net\/wp-content\/uploads\/2023\/05\/Logo-rond.png","contentUrl":"https:\/\/d1dyryakdmle7o.cloudfront.net\/wp-content\/uploads\/2023\/05\/Logo-rond.png","width":1222,"height":1222,"caption":"Jootjes Haakcadeautjes"},"image":{"@id":"https:\/\/www.jootjeshaakcadeautjes.nl\/fr\/#\/schema\/logo\/image\/"}}]},"product_price_amount":"0.20","product_price_currency":"EUR","og_availability":"instock","product_availability":"instock","product_retailer_item_id":"HOU-KRA-018","product_condition":"new"},"_links":{"self":[{"href":"https:\/\/www.jootjeshaakcadeautjes.nl\/fr\/wp-json\/wp\/v2\/product\/134755","targetHints":{"allow":["GET"]}}],"collection":[{"href":"https:\/\/www.jootjeshaakcadeautjes.nl\/fr\/wp-json\/wp\/v2\/product"}],"about":[{"href":"https:\/\/www.jootjeshaakcadeautjes.nl\/fr\/wp-json\/wp\/v2\/types\/product"}],"version-history":[{"count":0,"href":"https:\/\/www.jootjeshaakcadeautjes.nl\/fr\/wp-json\/wp\/v2\/product\/134755\/revisions"}],"wp:featuredmedia":[{"embeddable":true,"href":"https:\/\/www.jootjeshaakcadeautjes.nl\/fr\/wp-json\/wp\/v2\/media\/79959"}],"wp:attachment":[{"href":"https:\/\/www.jootjeshaakcadeautjes.nl\/fr\/wp-json\/wp\/v2\/media?parent=134755"}],"wp:term":[{"taxonomy":"product_brand","embeddable":true,"href":"https:\/\/www.jootjeshaakcadeautjes.nl\/fr\/wp-json\/wp\/v2\/product_brand?post=134755"},{"taxonomy":"product_cat","embeddable":true,"href":"https:\/\/www.jootjeshaakcadeautjes.nl\/fr\/wp-json\/wp\/v2\/product_cat?post=134755"},{"taxonomy":"product_tag","embeddable":true,"href":"https:\/\/www.jootjeshaakcadeautjes.nl\/fr\/wp-json\/wp\/v2\/product_tag?post=134755"}],"curies":[{"name":"wp","href":"https:\/\/api.w.org\/{rel}","templated":true}]}}