{"id":134756,"date":"2020-11-21T13:51:59","date_gmt":"2020-11-21T11:51:59","guid":{"rendered":"https:\/\/www.jootjeshaakcadeautjes.nl\/product\/perle-en-bois-18-mm-hetre\/"},"modified":"2025-05-20T12:56:55","modified_gmt":"2025-05-20T10:56:55","slug":"perle-en-bois-18-mm-hetre","status":"publish","type":"product","link":"https:\/\/www.jootjeshaakcadeautjes.nl\/fr\/produit\/perle-en-bois-18-mm-hetre\/","title":{"rendered":"Perle en bois &#8211; 18 mm rond &#8211; bois de h\u00eatre"},"content":{"rendered":"<p><strong>Perles en bois de 18 mm de diam\u00e8tre en h\u00eatre de haute qualit\u00e9.<\/strong><\/p>\n<p>Fabriqu\u00e9 en bois de h\u00eatre brut (non laqu\u00e9, teint\u00e9 ou huil\u00e9) avec des veines visibles. Non trait\u00e9, poli pour une extr\u00eame douceur.<\/p>\n<p>Les perles en bois sont un produit naturel et peuvent donc pr\u00e9senter des variations minimes.<br \/>\nEn cas d&#8217;\u00e9carts excessifs, nous recyclons les perles. Vous recevez donc toujours une perle de haute qualit\u00e9.<\/p>\n","protected":false},"excerpt":{"rendered":"<p>Taille : 18 mm<br \/>\nMat\u00e9riau : bois de h\u00eatre de haute qualit\u00e9 non trait\u00e9<\/p>\n<p>Ces perles sont de tr\u00e8s haute qualit\u00e9, lisses avec des veines de bois visibles.<\/p>\n<p>&nbsp;<\/p>\n","protected":false},"featured_media":69686,"template":"","meta":[],"product_brand":[],"product_cat":[7378,13490,10405,13493],"product_tag":[13852,13851,12298,7384,12300,10409,12653,12316,7455,7428,13846,13062,7197,10286,7418,12313,13502,7392,12299,7395,7200],"class_list":{"0":"post-134756","1":"product","2":"type-product","3":"status-publish","4":"has-post-thumbnail","6":"product_cat-fabrication-de-jouets-de-dentition-pour-bebe-cordon-de-sucette-et-anneaux-de-dentition","7":"product_cat-perles-en-bois-bois-de-hetre-attache-sucette-et-anneau-de-dentition","8":"product_cat-perles-en-bois-fil-de-sucette-et-anneau-de-dentition-toutes-les-perles-en-bois","9":"product_cat-perles-en-bois-pour-le-macrame-et-le-crochet","10":"product_tag-18-fr","11":"product_tag-18mm-fr","12":"product_tag-anneau","13":"product_tag-anneau-de-dentition","14":"product_tag-anneaux","15":"product_tag-bois-fr","16":"product_tag-bois-de-hetre-fr","17":"product_tag-brut","18":"product_tag-chaine-de-landau","19":"product_tag-collier-dallaitement","20":"product_tag-crochet-fr-6","21":"product_tag-crochet-fr-2","22":"product_tag-en-bois","23":"product_tag-faux-cordon-fr","24":"product_tag-faux-cordon","25":"product_tag-gymnastique-pour-bebes","26":"product_tag-hetre-fr","27":"product_tag-mm-fr","28":"product_tag-morsure-fr","29":"product_tag-perle","30":"product_tag-perles","32":"first","33":"instock","34":"taxable","35":"shipping-taxable","36":"purchasable","37":"product-type-simple"},"bundled_by":[],"bundle_stock_status":"instock","bundle_stock_quantity":444,"bundle_virtual":false,"bundle_layout":"","bundle_add_to_cart_form_location":"","bundle_editable_in_cart":false,"bundle_sold_individually_context":"","bundle_item_grouping":"","bundle_min_size":"","bundle_max_size":"","bundle_price":[],"bundled_items":[],"bundle_sell_ids":[],"yoast_head":"<!-- This site is optimized with the Yoast SEO Premium plugin v27.6 (Yoast SEO v27.6) - https:\/\/yoast.com\/product\/yoast-seo-premium-wordpress\/ -->\n<title>Perle en bois - 18 mm rond - bois de h\u00eatre - Jootjes Haakcadeautjes<\/title>\n<meta name=\"description\" content=\"Perle en bois de h\u00eatre 18 mm ronde. Enti\u00e8rement s\u00fbr pour les b\u00e9b\u00e9s, pour l&#039;anneau de dentition, le cordon de la t\u00e9tine et bien plus encore. Polissage lisse en provenance directe de notre grossiste.\" \/>\n<meta name=\"robots\" content=\"index, follow, max-snippet:-1, max-image-preview:large, max-video-preview:-1\" \/>\n<link rel=\"canonical\" href=\"https:\/\/www.jootjeshaakcadeautjes.nl\/fr\/produit\/perle-en-bois-18-mm-hetre\/\" \/>\n<meta property=\"og:locale\" content=\"fr_FR\" \/>\n<meta property=\"og:type\" content=\"article\" \/>\n<meta property=\"og:title\" content=\"Perle en bois - 18 mm rond - bois de h\u00eatre\" \/>\n<meta property=\"og:description\" content=\"Perle en bois de h\u00eatre 18 mm ronde. Enti\u00e8rement s\u00fbr pour les b\u00e9b\u00e9s, pour l&#039;anneau de dentition, le cordon de la t\u00e9tine et bien plus encore. Polissage lisse en provenance directe de notre grossiste.\" \/>\n<meta property=\"og:url\" content=\"https:\/\/www.jootjeshaakcadeautjes.nl\/fr\/produit\/perle-en-bois-18-mm-hetre\/\" \/>\n<meta property=\"og:site_name\" content=\"Jootjes Haakcadeautjes\" \/>\n<meta property=\"article:modified_time\" content=\"2025-05-20T10:56:55+00:00\" \/>\n<meta property=\"og:image\" content=\"https:\/\/www.jootjeshaakcadeautjes.nl\/wp-content\/uploads\/2020\/06\/20200608_204850.jpg\" \/>\n\t<meta property=\"og:image:width\" content=\"609\" \/>\n\t<meta property=\"og:image:height\" content=\"609\" \/>\n\t<meta property=\"og:image:type\" content=\"image\/jpeg\" \/>\n<meta name=\"twitter:card\" content=\"summary_large_image\" \/>\n<meta name=\"twitter:label1\" content=\"Prix\" \/>\n\t<meta name=\"twitter:data1\" content=\"&euro;0.27 TTC\" \/>\n\t<meta name=\"twitter:label2\" content=\"Disponibilit\u00e9\" \/>\n\t<meta name=\"twitter:data2\" content=\"En stock\" \/>\n<script type=\"application\/ld+json\" class=\"yoast-schema-graph\">{\"@context\":\"https:\\\/\\\/schema.org\",\"@graph\":[{\"@type\":\"WebPage\",\"@id\":\"https:\\\/\\\/www.jootjeshaakcadeautjes.nl\\\/fr\\\/produit\\\/perle-en-bois-18-mm-hetre\\\/\",\"url\":\"https:\\\/\\\/www.jootjeshaakcadeautjes.nl\\\/fr\\\/produit\\\/perle-en-bois-18-mm-hetre\\\/\",\"name\":\"Perle en bois - 18 mm rond - bois de h\u00eatre - Jootjes Haakcadeautjes\",\"isPartOf\":{\"@id\":\"https:\\\/\\\/www.jootjeshaakcadeautjes.nl\\\/fr\\\/#website\"},\"primaryImageOfPage\":{\"@id\":\"https:\\\/\\\/www.jootjeshaakcadeautjes.nl\\\/fr\\\/produit\\\/perle-en-bois-18-mm-hetre\\\/#primaryimage\"},\"image\":{\"@id\":\"https:\\\/\\\/www.jootjeshaakcadeautjes.nl\\\/fr\\\/produit\\\/perle-en-bois-18-mm-hetre\\\/#primaryimage\"},\"thumbnailUrl\":\"https:\\\/\\\/d1dyryakdmle7o.cloudfront.net\\\/wp-content\\\/uploads\\\/2020\\\/06\\\/20200608_204850.jpg\",\"datePublished\":\"2020-11-21T11:51:59+00:00\",\"dateModified\":\"2025-05-20T10:56:55+00:00\",\"description\":\"Perle en bois de h\u00eatre 18 mm ronde. Enti\u00e8rement s\u00fbr pour les b\u00e9b\u00e9s, pour l'anneau de dentition, le cordon de la t\u00e9tine et bien plus encore. Polissage lisse en provenance directe de notre grossiste.\",\"breadcrumb\":{\"@id\":\"https:\\\/\\\/www.jootjeshaakcadeautjes.nl\\\/fr\\\/produit\\\/perle-en-bois-18-mm-hetre\\\/#breadcrumb\"},\"inLanguage\":\"fr-FR\",\"potentialAction\":[{\"@type\":\"ReadAction\",\"target\":[\"https:\\\/\\\/www.jootjeshaakcadeautjes.nl\\\/fr\\\/produit\\\/perle-en-bois-18-mm-hetre\\\/\"]}]},{\"@type\":\"ImageObject\",\"inLanguage\":\"fr-FR\",\"@id\":\"https:\\\/\\\/www.jootjeshaakcadeautjes.nl\\\/fr\\\/produit\\\/perle-en-bois-18-mm-hetre\\\/#primaryimage\",\"url\":\"https:\\\/\\\/d1dyryakdmle7o.cloudfront.net\\\/wp-content\\\/uploads\\\/2020\\\/06\\\/20200608_204850.jpg\",\"contentUrl\":\"https:\\\/\\\/d1dyryakdmle7o.cloudfront.net\\\/wp-content\\\/uploads\\\/2020\\\/06\\\/20200608_204850.jpg\",\"width\":609,\"height\":609,\"caption\":\"Perles en bois de h\u00eatre 16 mm jouet de dentition pour b\u00e9b\u00e9 cordon pour t\u00e9tine\"},{\"@type\":\"BreadcrumbList\",\"@id\":\"https:\\\/\\\/www.jootjeshaakcadeautjes.nl\\\/fr\\\/produit\\\/perle-en-bois-18-mm-hetre\\\/#breadcrumb\",\"itemListElement\":[{\"@type\":\"ListItem\",\"position\":1,\"name\":\"Accueil\",\"item\":\"https:\\\/\\\/www.jootjeshaakcadeautjes.nl\\\/fr\\\/\"},{\"@type\":\"ListItem\",\"position\":2,\"name\":\"Commerce de gros de perles en silicone &#8211; Entreprises et consommateurs\",\"item\":\"https:\\\/\\\/www.jootjeshaakcadeautjes.nl\\\/fr\\\/boutique\\\/\"},{\"@type\":\"ListItem\",\"position\":3,\"name\":\"Perle en bois &#8211; 18 mm rond &#8211; bois de h\u00eatre\"}]},{\"@type\":\"WebSite\",\"@id\":\"https:\\\/\\\/www.jootjeshaakcadeautjes.nl\\\/fr\\\/#website\",\"url\":\"https:\\\/\\\/www.jootjeshaakcadeautjes.nl\\\/fr\\\/\",\"name\":\"Jootjes Haakcadeautjes\",\"description\":\"Grossiste en perles de silicone\",\"publisher\":{\"@id\":\"https:\\\/\\\/www.jootjeshaakcadeautjes.nl\\\/fr\\\/#organization\"},\"potentialAction\":[{\"@type\":\"SearchAction\",\"target\":{\"@type\":\"EntryPoint\",\"urlTemplate\":\"https:\\\/\\\/www.jootjeshaakcadeautjes.nl\\\/fr\\\/?s={search_term_string}\"},\"query-input\":{\"@type\":\"PropertyValueSpecification\",\"valueRequired\":true,\"valueName\":\"search_term_string\"}}],\"inLanguage\":\"fr-FR\"},{\"@type\":\"Organization\",\"@id\":\"https:\\\/\\\/www.jootjeshaakcadeautjes.nl\\\/fr\\\/#organization\",\"name\":\"Jootjes Haakcadeautjes\",\"url\":\"https:\\\/\\\/www.jootjeshaakcadeautjes.nl\\\/fr\\\/\",\"logo\":{\"@type\":\"ImageObject\",\"inLanguage\":\"fr-FR\",\"@id\":\"https:\\\/\\\/www.jootjeshaakcadeautjes.nl\\\/fr\\\/#\\\/schema\\\/logo\\\/image\\\/\",\"url\":\"https:\\\/\\\/d1dyryakdmle7o.cloudfront.net\\\/wp-content\\\/uploads\\\/2023\\\/05\\\/Logo-rond.png\",\"contentUrl\":\"https:\\\/\\\/d1dyryakdmle7o.cloudfront.net\\\/wp-content\\\/uploads\\\/2023\\\/05\\\/Logo-rond.png\",\"width\":1222,\"height\":1222,\"caption\":\"Jootjes Haakcadeautjes\"},\"image\":{\"@id\":\"https:\\\/\\\/www.jootjeshaakcadeautjes.nl\\\/fr\\\/#\\\/schema\\\/logo\\\/image\\\/\"}}]}<\/script>\n<meta property=\"product:price:amount\" content=\"0.27\" \/>\n<meta property=\"product:price:currency\" content=\"EUR\" \/>\n<meta property=\"og:availability\" content=\"instock\" \/>\n<meta property=\"product:availability\" content=\"instock\" \/>\n<meta property=\"product:retailer_item_id\" content=\"BHO-KRA-018\" \/>\n<meta property=\"product:condition\" content=\"new\" \/>\n<!-- \/ Yoast SEO Premium plugin. -->","yoast_head_json":{"title":"Perle en bois - 18 mm rond - bois de h\u00eatre - Jootjes Haakcadeautjes","description":"Perle en bois de h\u00eatre 18 mm ronde. Enti\u00e8rement s\u00fbr pour les b\u00e9b\u00e9s, pour l'anneau de dentition, le cordon de la t\u00e9tine et bien plus encore. Polissage lisse en provenance directe de notre grossiste.","robots":{"index":"index","follow":"follow","max-snippet":"max-snippet:-1","max-image-preview":"max-image-preview:large","max-video-preview":"max-video-preview:-1"},"canonical":"https:\/\/www.jootjeshaakcadeautjes.nl\/fr\/produit\/perle-en-bois-18-mm-hetre\/","og_locale":"fr_FR","og_type":"article","og_title":"Perle en bois - 18 mm rond - bois de h\u00eatre","og_description":"Perle en bois de h\u00eatre 18 mm ronde. Enti\u00e8rement s\u00fbr pour les b\u00e9b\u00e9s, pour l'anneau de dentition, le cordon de la t\u00e9tine et bien plus encore. Polissage lisse en provenance directe de notre grossiste.","og_url":"https:\/\/www.jootjeshaakcadeautjes.nl\/fr\/produit\/perle-en-bois-18-mm-hetre\/","og_site_name":"Jootjes Haakcadeautjes","article_modified_time":"2025-05-20T10:56:55+00:00","og_image":[{"width":609,"height":609,"url":"https:\/\/www.jootjeshaakcadeautjes.nl\/wp-content\/uploads\/2020\/06\/20200608_204850.jpg","type":"image\/jpeg"}],"twitter_card":"summary_large_image","twitter_misc":{"Prix":"&euro;0.27 TTC","Disponibilit\u00e9":"En stock"},"schema":{"@context":"https:\/\/schema.org","@graph":[{"@type":"WebPage","@id":"https:\/\/www.jootjeshaakcadeautjes.nl\/fr\/produit\/perle-en-bois-18-mm-hetre\/","url":"https:\/\/www.jootjeshaakcadeautjes.nl\/fr\/produit\/perle-en-bois-18-mm-hetre\/","name":"Perle en bois - 18 mm rond - bois de h\u00eatre - Jootjes Haakcadeautjes","isPartOf":{"@id":"https:\/\/www.jootjeshaakcadeautjes.nl\/fr\/#website"},"primaryImageOfPage":{"@id":"https:\/\/www.jootjeshaakcadeautjes.nl\/fr\/produit\/perle-en-bois-18-mm-hetre\/#primaryimage"},"image":{"@id":"https:\/\/www.jootjeshaakcadeautjes.nl\/fr\/produit\/perle-en-bois-18-mm-hetre\/#primaryimage"},"thumbnailUrl":"https:\/\/d1dyryakdmle7o.cloudfront.net\/wp-content\/uploads\/2020\/06\/20200608_204850.jpg","datePublished":"2020-11-21T11:51:59+00:00","dateModified":"2025-05-20T10:56:55+00:00","description":"Perle en bois de h\u00eatre 18 mm ronde. Enti\u00e8rement s\u00fbr pour les b\u00e9b\u00e9s, pour l'anneau de dentition, le cordon de la t\u00e9tine et bien plus encore. Polissage lisse en provenance directe de notre grossiste.","breadcrumb":{"@id":"https:\/\/www.jootjeshaakcadeautjes.nl\/fr\/produit\/perle-en-bois-18-mm-hetre\/#breadcrumb"},"inLanguage":"fr-FR","potentialAction":[{"@type":"ReadAction","target":["https:\/\/www.jootjeshaakcadeautjes.nl\/fr\/produit\/perle-en-bois-18-mm-hetre\/"]}]},{"@type":"ImageObject","inLanguage":"fr-FR","@id":"https:\/\/www.jootjeshaakcadeautjes.nl\/fr\/produit\/perle-en-bois-18-mm-hetre\/#primaryimage","url":"https:\/\/d1dyryakdmle7o.cloudfront.net\/wp-content\/uploads\/2020\/06\/20200608_204850.jpg","contentUrl":"https:\/\/d1dyryakdmle7o.cloudfront.net\/wp-content\/uploads\/2020\/06\/20200608_204850.jpg","width":609,"height":609,"caption":"Perles en bois de h\u00eatre 16 mm jouet de dentition pour b\u00e9b\u00e9 cordon pour t\u00e9tine"},{"@type":"BreadcrumbList","@id":"https:\/\/www.jootjeshaakcadeautjes.nl\/fr\/produit\/perle-en-bois-18-mm-hetre\/#breadcrumb","itemListElement":[{"@type":"ListItem","position":1,"name":"Accueil","item":"https:\/\/www.jootjeshaakcadeautjes.nl\/fr\/"},{"@type":"ListItem","position":2,"name":"Commerce de gros de perles en silicone &#8211; Entreprises et consommateurs","item":"https:\/\/www.jootjeshaakcadeautjes.nl\/fr\/boutique\/"},{"@type":"ListItem","position":3,"name":"Perle en bois &#8211; 18 mm rond &#8211; bois de h\u00eatre"}]},{"@type":"WebSite","@id":"https:\/\/www.jootjeshaakcadeautjes.nl\/fr\/#website","url":"https:\/\/www.jootjeshaakcadeautjes.nl\/fr\/","name":"Jootjes Haakcadeautjes","description":"Grossiste en perles de silicone","publisher":{"@id":"https:\/\/www.jootjeshaakcadeautjes.nl\/fr\/#organization"},"potentialAction":[{"@type":"SearchAction","target":{"@type":"EntryPoint","urlTemplate":"https:\/\/www.jootjeshaakcadeautjes.nl\/fr\/?s={search_term_string}"},"query-input":{"@type":"PropertyValueSpecification","valueRequired":true,"valueName":"search_term_string"}}],"inLanguage":"fr-FR"},{"@type":"Organization","@id":"https:\/\/www.jootjeshaakcadeautjes.nl\/fr\/#organization","name":"Jootjes Haakcadeautjes","url":"https:\/\/www.jootjeshaakcadeautjes.nl\/fr\/","logo":{"@type":"ImageObject","inLanguage":"fr-FR","@id":"https:\/\/www.jootjeshaakcadeautjes.nl\/fr\/#\/schema\/logo\/image\/","url":"https:\/\/d1dyryakdmle7o.cloudfront.net\/wp-content\/uploads\/2023\/05\/Logo-rond.png","contentUrl":"https:\/\/d1dyryakdmle7o.cloudfront.net\/wp-content\/uploads\/2023\/05\/Logo-rond.png","width":1222,"height":1222,"caption":"Jootjes Haakcadeautjes"},"image":{"@id":"https:\/\/www.jootjeshaakcadeautjes.nl\/fr\/#\/schema\/logo\/image\/"}}]},"product_price_amount":"0.27","product_price_currency":"EUR","og_availability":"instock","product_availability":"instock","product_retailer_item_id":"BHO-KRA-018","product_condition":"new"},"_links":{"self":[{"href":"https:\/\/www.jootjeshaakcadeautjes.nl\/fr\/wp-json\/wp\/v2\/product\/134756","targetHints":{"allow":["GET"]}}],"collection":[{"href":"https:\/\/www.jootjeshaakcadeautjes.nl\/fr\/wp-json\/wp\/v2\/product"}],"about":[{"href":"https:\/\/www.jootjeshaakcadeautjes.nl\/fr\/wp-json\/wp\/v2\/types\/product"}],"version-history":[{"count":0,"href":"https:\/\/www.jootjeshaakcadeautjes.nl\/fr\/wp-json\/wp\/v2\/product\/134756\/revisions"}],"wp:featuredmedia":[{"embeddable":true,"href":"https:\/\/www.jootjeshaakcadeautjes.nl\/fr\/wp-json\/wp\/v2\/media\/69686"}],"wp:attachment":[{"href":"https:\/\/www.jootjeshaakcadeautjes.nl\/fr\/wp-json\/wp\/v2\/media?parent=134756"}],"wp:term":[{"taxonomy":"product_brand","embeddable":true,"href":"https:\/\/www.jootjeshaakcadeautjes.nl\/fr\/wp-json\/wp\/v2\/product_brand?post=134756"},{"taxonomy":"product_cat","embeddable":true,"href":"https:\/\/www.jootjeshaakcadeautjes.nl\/fr\/wp-json\/wp\/v2\/product_cat?post=134756"},{"taxonomy":"product_tag","embeddable":true,"href":"https:\/\/www.jootjeshaakcadeautjes.nl\/fr\/wp-json\/wp\/v2\/product_tag?post=134756"}],"curies":[{"name":"wp","href":"https:\/\/api.w.org\/{rel}","templated":true}]}}