{"id":134767,"date":"2020-11-21T02:20:08","date_gmt":"2020-11-21T01:20:08","guid":{"rendered":"https:\/\/www.jootjeshaakcadeautjes.nl\/product\/perles-en-bois-disque-ovale-12-mm\/"},"modified":"2026-04-28T12:23:03","modified_gmt":"2026-04-28T10:23:03","slug":"perles-en-bois-disque-ovale-12-mm","status":"publish","type":"product","link":"https:\/\/www.jootjeshaakcadeautjes.nl\/fr\/produit\/perles-en-bois-disque-ovale-12-mm\/","title":{"rendered":"Perle en bois &#8211; 12 mm &#8211; ovale \/ interm\u00e9diaire &#8211; bois de h\u00eatre"},"content":{"rendered":"<h3><span style=\"text-decoration: underline; color: #800080;\"><strong>Perles en bois 12 mm ovales\/disques pointus<\/strong><\/span><\/h3>\n<p><span style=\"color: #000000;\">Les perles de bois sont un produit naturel. Par cons\u00e9quent, les perles de bois peuvent parfois pr\u00e9senter des \u00e9carts minimes. D\u00e8s que nous d\u00e9tectons un \u00e9cart excessif, le produit n&#8217;est pas vendu mais mis au rebut\/recycl\u00e9. Par cons\u00e9quent, nous pouvons toujours garantir des produits de haute qualit\u00e9.<\/span><\/p>\n<p><span style=\"color: #000000;\">Il est tr\u00e8s important de pr\u00eater attention \u00e0 ces produits lorsqu&#8217;ils sont utilis\u00e9s dans des jouets pour b\u00e9b\u00e9s ou enfants. En effet, le bois n&#8217;est pas couramment utilis\u00e9 \u00e0 cette fin.<\/span><br \/>\n<span style=\"color: #000000;\"> Par cons\u00e9quent, demandez aux parents\/grands-parents\/clients de v\u00e9rifier soigneusement l&#8217;usure du produit (le bois tubulaire ne s&#8217;\u00e9charde normalement pas\/peu). Il est \u00e9galement important de v\u00e9rifier r\u00e9guli\u00e8rement que les cordons utilis\u00e9s pour enfiler les perles ne sont pas us\u00e9s ou d\u00e9chir\u00e9s. Les projets achev\u00e9s ne doivent donc \u00eatre utilis\u00e9s que sous la supervision d&#8217;un adulte.<\/span><\/p>\n<p>&nbsp;<\/p>\n<p>&nbsp;<\/p>\n","protected":false},"excerpt":{"rendered":"<p><span style=\"color: #000000;\">Bois de h\u00eatre non fini et non verni.<\/span><\/p>\n<p>De forme ovale ou elliptique, elle est parfaite pour servir d&#8217;intercalaire entre les perles de lettres. Une alternative tr\u00e8s mignonne aux coussinets d&#8217;espacement en silicone.<\/p>\n<p>Taille : 12 mm<\/p>\n<p>&nbsp;<\/p>\n<p>&nbsp;<\/p>\n","protected":false},"featured_media":70727,"template":"","meta":[],"product_brand":[],"product_cat":[7378,13490,10405,13493],"product_tag":[7448,7384,12312,7455,7197,7418,7512,7200],"class_list":{"0":"post-134767","1":"product","2":"type-product","3":"status-publish","4":"has-post-thumbnail","6":"product_cat-fabrication-de-jouets-de-dentition-pour-bebe-cordon-de-sucette-et-anneaux-de-dentition","7":"product_cat-perles-en-bois-bois-de-hetre-attache-sucette-et-anneau-de-dentition","8":"product_cat-perles-en-bois-fil-de-sucette-et-anneau-de-dentition-toutes-les-perles-en-bois","9":"product_cat-perles-en-bois-pour-le-macrame-et-le-crochet","10":"product_tag-20-mm-fr","11":"product_tag-anneau-de-dentition","12":"product_tag-babygym-fr","13":"product_tag-chaine-de-landau","14":"product_tag-en-bois","15":"product_tag-faux-cordon","16":"product_tag-ovale","17":"product_tag-perles","19":"first","20":"instock","21":"taxable","22":"shipping-taxable","23":"purchasable","24":"product-type-simple"},"bundled_by":[],"bundle_stock_status":"instock","bundle_stock_quantity":400,"bundle_virtual":false,"bundle_layout":"","bundle_add_to_cart_form_location":"","bundle_editable_in_cart":false,"bundle_sold_individually_context":"","bundle_item_grouping":"","bundle_min_size":"","bundle_max_size":"","bundle_price":[],"bundled_items":[],"bundle_sell_ids":[],"yoast_head":"<!-- This site is optimized with the Yoast SEO Premium plugin v27.6 (Yoast SEO v27.6) - https:\/\/yoast.com\/product\/yoast-seo-premium-wordpress\/ -->\n<title>Perles en bois 12 mm ovales \/ espaceur - Jootjes Crochet presents<\/title>\n<meta name=\"description\" content=\"Perles en bois ovales de 12 mm. Vous cherchez \u00e9galement une belle vari\u00e9t\u00e9 de perles en bois ? Perles en bois en gros pour les jouets de dentition des b\u00e9b\u00e9s.\" \/>\n<meta name=\"robots\" content=\"index, follow, max-snippet:-1, max-image-preview:large, max-video-preview:-1\" \/>\n<link rel=\"canonical\" href=\"https:\/\/www.jootjeshaakcadeautjes.nl\/fr\/produit\/perles-en-bois-disque-ovale-12-mm\/\" \/>\n<meta property=\"og:locale\" content=\"fr_FR\" \/>\n<meta property=\"og:type\" content=\"article\" \/>\n<meta property=\"og:title\" content=\"Perle en bois - 12 mm - ovale \/ interm\u00e9diaire - bois de h\u00eatre\" \/>\n<meta property=\"og:description\" content=\"Perles en bois ovales de 12 mm. Vous cherchez \u00e9galement une belle vari\u00e9t\u00e9 de perles en bois ? Perles en bois en gros pour les jouets de dentition des b\u00e9b\u00e9s.\" \/>\n<meta property=\"og:url\" content=\"https:\/\/www.jootjeshaakcadeautjes.nl\/fr\/produit\/perles-en-bois-disque-ovale-12-mm\/\" \/>\n<meta property=\"og:site_name\" content=\"Jootjes Haakcadeautjes\" \/>\n<meta property=\"article:modified_time\" content=\"2026-04-28T10:23:03+00:00\" \/>\n<meta property=\"og:image\" content=\"https:\/\/www.jootjeshaakcadeautjes.nl\/wp-content\/uploads\/2020\/08\/Beukenhouten-kralen-ovaal-tussenschijfje-12-mm.jpg\" \/>\n\t<meta property=\"og:image:width\" content=\"905\" \/>\n\t<meta property=\"og:image:height\" content=\"905\" \/>\n\t<meta property=\"og:image:type\" content=\"image\/jpeg\" \/>\n<meta name=\"twitter:card\" content=\"summary_large_image\" \/>\n<meta name=\"twitter:label1\" content=\"Prix\" \/>\n\t<meta name=\"twitter:data1\" content=\"&euro;0.16 TTC\" \/>\n\t<meta name=\"twitter:label2\" content=\"Disponibilit\u00e9\" \/>\n\t<meta name=\"twitter:data2\" content=\"En stock\" \/>\n<script type=\"application\/ld+json\" class=\"yoast-schema-graph\">{\"@context\":\"https:\\\/\\\/schema.org\",\"@graph\":[{\"@type\":\"WebPage\",\"@id\":\"https:\\\/\\\/www.jootjeshaakcadeautjes.nl\\\/fr\\\/produit\\\/perles-en-bois-disque-ovale-12-mm\\\/\",\"url\":\"https:\\\/\\\/www.jootjeshaakcadeautjes.nl\\\/fr\\\/produit\\\/perles-en-bois-disque-ovale-12-mm\\\/\",\"name\":\"Perles en bois 12 mm ovales \\\/ espaceur - Jootjes Crochet presents\",\"isPartOf\":{\"@id\":\"https:\\\/\\\/www.jootjeshaakcadeautjes.nl\\\/fr\\\/#website\"},\"primaryImageOfPage\":{\"@id\":\"https:\\\/\\\/www.jootjeshaakcadeautjes.nl\\\/fr\\\/produit\\\/perles-en-bois-disque-ovale-12-mm\\\/#primaryimage\"},\"image\":{\"@id\":\"https:\\\/\\\/www.jootjeshaakcadeautjes.nl\\\/fr\\\/produit\\\/perles-en-bois-disque-ovale-12-mm\\\/#primaryimage\"},\"thumbnailUrl\":\"https:\\\/\\\/d1dyryakdmle7o.cloudfront.net\\\/wp-content\\\/uploads\\\/2020\\\/08\\\/Beukenhouten-kralen-ovaal-tussenschijfje-12-mm.jpg\",\"datePublished\":\"2020-11-21T01:20:08+00:00\",\"dateModified\":\"2026-04-28T10:23:03+00:00\",\"description\":\"Perles en bois ovales de 12 mm. Vous cherchez \u00e9galement une belle vari\u00e9t\u00e9 de perles en bois ? Perles en bois en gros pour les jouets de dentition des b\u00e9b\u00e9s.\",\"breadcrumb\":{\"@id\":\"https:\\\/\\\/www.jootjeshaakcadeautjes.nl\\\/fr\\\/produit\\\/perles-en-bois-disque-ovale-12-mm\\\/#breadcrumb\"},\"inLanguage\":\"fr-FR\",\"potentialAction\":[{\"@type\":\"ReadAction\",\"target\":[\"https:\\\/\\\/www.jootjeshaakcadeautjes.nl\\\/fr\\\/produit\\\/perles-en-bois-disque-ovale-12-mm\\\/\"]}]},{\"@type\":\"ImageObject\",\"inLanguage\":\"fr-FR\",\"@id\":\"https:\\\/\\\/www.jootjeshaakcadeautjes.nl\\\/fr\\\/produit\\\/perles-en-bois-disque-ovale-12-mm\\\/#primaryimage\",\"url\":\"https:\\\/\\\/d1dyryakdmle7o.cloudfront.net\\\/wp-content\\\/uploads\\\/2020\\\/08\\\/Beukenhouten-kralen-ovaal-tussenschijfje-12-mm.jpg\",\"contentUrl\":\"https:\\\/\\\/d1dyryakdmle7o.cloudfront.net\\\/wp-content\\\/uploads\\\/2020\\\/08\\\/Beukenhouten-kralen-ovaal-tussenschijfje-12-mm.jpg\",\"width\":905,\"height\":905,\"caption\":\"Perles en bois de h\u00eatre ovales 12 mm\"},{\"@type\":\"BreadcrumbList\",\"@id\":\"https:\\\/\\\/www.jootjeshaakcadeautjes.nl\\\/fr\\\/produit\\\/perles-en-bois-disque-ovale-12-mm\\\/#breadcrumb\",\"itemListElement\":[{\"@type\":\"ListItem\",\"position\":1,\"name\":\"Accueil\",\"item\":\"https:\\\/\\\/www.jootjeshaakcadeautjes.nl\\\/fr\\\/\"},{\"@type\":\"ListItem\",\"position\":2,\"name\":\"Commerce de gros de perles en silicone &#8211; Entreprises et consommateurs\",\"item\":\"https:\\\/\\\/www.jootjeshaakcadeautjes.nl\\\/fr\\\/boutique\\\/\"},{\"@type\":\"ListItem\",\"position\":3,\"name\":\"Perle en bois &#8211; 12 mm &#8211; ovale \\\/ interm\u00e9diaire &#8211; bois de h\u00eatre\"}]},{\"@type\":\"WebSite\",\"@id\":\"https:\\\/\\\/www.jootjeshaakcadeautjes.nl\\\/fr\\\/#website\",\"url\":\"https:\\\/\\\/www.jootjeshaakcadeautjes.nl\\\/fr\\\/\",\"name\":\"Jootjes Haakcadeautjes\",\"description\":\"Grossiste en perles de silicone\",\"publisher\":{\"@id\":\"https:\\\/\\\/www.jootjeshaakcadeautjes.nl\\\/fr\\\/#organization\"},\"potentialAction\":[{\"@type\":\"SearchAction\",\"target\":{\"@type\":\"EntryPoint\",\"urlTemplate\":\"https:\\\/\\\/www.jootjeshaakcadeautjes.nl\\\/fr\\\/?s={search_term_string}\"},\"query-input\":{\"@type\":\"PropertyValueSpecification\",\"valueRequired\":true,\"valueName\":\"search_term_string\"}}],\"inLanguage\":\"fr-FR\"},{\"@type\":\"Organization\",\"@id\":\"https:\\\/\\\/www.jootjeshaakcadeautjes.nl\\\/fr\\\/#organization\",\"name\":\"Jootjes Haakcadeautjes\",\"url\":\"https:\\\/\\\/www.jootjeshaakcadeautjes.nl\\\/fr\\\/\",\"logo\":{\"@type\":\"ImageObject\",\"inLanguage\":\"fr-FR\",\"@id\":\"https:\\\/\\\/www.jootjeshaakcadeautjes.nl\\\/fr\\\/#\\\/schema\\\/logo\\\/image\\\/\",\"url\":\"https:\\\/\\\/d1dyryakdmle7o.cloudfront.net\\\/wp-content\\\/uploads\\\/2023\\\/05\\\/Logo-rond.png\",\"contentUrl\":\"https:\\\/\\\/d1dyryakdmle7o.cloudfront.net\\\/wp-content\\\/uploads\\\/2023\\\/05\\\/Logo-rond.png\",\"width\":1222,\"height\":1222,\"caption\":\"Jootjes Haakcadeautjes\"},\"image\":{\"@id\":\"https:\\\/\\\/www.jootjeshaakcadeautjes.nl\\\/fr\\\/#\\\/schema\\\/logo\\\/image\\\/\"}}]}<\/script>\n<meta property=\"product:price:amount\" content=\"0.16\" \/>\n<meta property=\"product:price:currency\" content=\"EUR\" \/>\n<meta property=\"og:availability\" content=\"instock\" \/>\n<meta property=\"product:availability\" content=\"instock\" \/>\n<meta property=\"product:retailer_item_id\" content=\"HOU-KRO-012\" \/>\n<meta property=\"product:condition\" content=\"new\" \/>\n<!-- \/ Yoast SEO Premium plugin. -->","yoast_head_json":{"title":"Perles en bois 12 mm ovales \/ espaceur - Jootjes Crochet presents","description":"Perles en bois ovales de 12 mm. Vous cherchez \u00e9galement une belle vari\u00e9t\u00e9 de perles en bois ? Perles en bois en gros pour les jouets de dentition des b\u00e9b\u00e9s.","robots":{"index":"index","follow":"follow","max-snippet":"max-snippet:-1","max-image-preview":"max-image-preview:large","max-video-preview":"max-video-preview:-1"},"canonical":"https:\/\/www.jootjeshaakcadeautjes.nl\/fr\/produit\/perles-en-bois-disque-ovale-12-mm\/","og_locale":"fr_FR","og_type":"article","og_title":"Perle en bois - 12 mm - ovale \/ interm\u00e9diaire - bois de h\u00eatre","og_description":"Perles en bois ovales de 12 mm. Vous cherchez \u00e9galement une belle vari\u00e9t\u00e9 de perles en bois ? Perles en bois en gros pour les jouets de dentition des b\u00e9b\u00e9s.","og_url":"https:\/\/www.jootjeshaakcadeautjes.nl\/fr\/produit\/perles-en-bois-disque-ovale-12-mm\/","og_site_name":"Jootjes Haakcadeautjes","article_modified_time":"2026-04-28T10:23:03+00:00","og_image":[{"width":905,"height":905,"url":"https:\/\/www.jootjeshaakcadeautjes.nl\/wp-content\/uploads\/2020\/08\/Beukenhouten-kralen-ovaal-tussenschijfje-12-mm.jpg","type":"image\/jpeg"}],"twitter_card":"summary_large_image","twitter_misc":{"Prix":"&euro;0.16 TTC","Disponibilit\u00e9":"En stock"},"schema":{"@context":"https:\/\/schema.org","@graph":[{"@type":"WebPage","@id":"https:\/\/www.jootjeshaakcadeautjes.nl\/fr\/produit\/perles-en-bois-disque-ovale-12-mm\/","url":"https:\/\/www.jootjeshaakcadeautjes.nl\/fr\/produit\/perles-en-bois-disque-ovale-12-mm\/","name":"Perles en bois 12 mm ovales \/ espaceur - Jootjes Crochet presents","isPartOf":{"@id":"https:\/\/www.jootjeshaakcadeautjes.nl\/fr\/#website"},"primaryImageOfPage":{"@id":"https:\/\/www.jootjeshaakcadeautjes.nl\/fr\/produit\/perles-en-bois-disque-ovale-12-mm\/#primaryimage"},"image":{"@id":"https:\/\/www.jootjeshaakcadeautjes.nl\/fr\/produit\/perles-en-bois-disque-ovale-12-mm\/#primaryimage"},"thumbnailUrl":"https:\/\/d1dyryakdmle7o.cloudfront.net\/wp-content\/uploads\/2020\/08\/Beukenhouten-kralen-ovaal-tussenschijfje-12-mm.jpg","datePublished":"2020-11-21T01:20:08+00:00","dateModified":"2026-04-28T10:23:03+00:00","description":"Perles en bois ovales de 12 mm. Vous cherchez \u00e9galement une belle vari\u00e9t\u00e9 de perles en bois ? Perles en bois en gros pour les jouets de dentition des b\u00e9b\u00e9s.","breadcrumb":{"@id":"https:\/\/www.jootjeshaakcadeautjes.nl\/fr\/produit\/perles-en-bois-disque-ovale-12-mm\/#breadcrumb"},"inLanguage":"fr-FR","potentialAction":[{"@type":"ReadAction","target":["https:\/\/www.jootjeshaakcadeautjes.nl\/fr\/produit\/perles-en-bois-disque-ovale-12-mm\/"]}]},{"@type":"ImageObject","inLanguage":"fr-FR","@id":"https:\/\/www.jootjeshaakcadeautjes.nl\/fr\/produit\/perles-en-bois-disque-ovale-12-mm\/#primaryimage","url":"https:\/\/d1dyryakdmle7o.cloudfront.net\/wp-content\/uploads\/2020\/08\/Beukenhouten-kralen-ovaal-tussenschijfje-12-mm.jpg","contentUrl":"https:\/\/d1dyryakdmle7o.cloudfront.net\/wp-content\/uploads\/2020\/08\/Beukenhouten-kralen-ovaal-tussenschijfje-12-mm.jpg","width":905,"height":905,"caption":"Perles en bois de h\u00eatre ovales 12 mm"},{"@type":"BreadcrumbList","@id":"https:\/\/www.jootjeshaakcadeautjes.nl\/fr\/produit\/perles-en-bois-disque-ovale-12-mm\/#breadcrumb","itemListElement":[{"@type":"ListItem","position":1,"name":"Accueil","item":"https:\/\/www.jootjeshaakcadeautjes.nl\/fr\/"},{"@type":"ListItem","position":2,"name":"Commerce de gros de perles en silicone &#8211; Entreprises et consommateurs","item":"https:\/\/www.jootjeshaakcadeautjes.nl\/fr\/boutique\/"},{"@type":"ListItem","position":3,"name":"Perle en bois &#8211; 12 mm &#8211; ovale \/ interm\u00e9diaire &#8211; bois de h\u00eatre"}]},{"@type":"WebSite","@id":"https:\/\/www.jootjeshaakcadeautjes.nl\/fr\/#website","url":"https:\/\/www.jootjeshaakcadeautjes.nl\/fr\/","name":"Jootjes Haakcadeautjes","description":"Grossiste en perles de silicone","publisher":{"@id":"https:\/\/www.jootjeshaakcadeautjes.nl\/fr\/#organization"},"potentialAction":[{"@type":"SearchAction","target":{"@type":"EntryPoint","urlTemplate":"https:\/\/www.jootjeshaakcadeautjes.nl\/fr\/?s={search_term_string}"},"query-input":{"@type":"PropertyValueSpecification","valueRequired":true,"valueName":"search_term_string"}}],"inLanguage":"fr-FR"},{"@type":"Organization","@id":"https:\/\/www.jootjeshaakcadeautjes.nl\/fr\/#organization","name":"Jootjes Haakcadeautjes","url":"https:\/\/www.jootjeshaakcadeautjes.nl\/fr\/","logo":{"@type":"ImageObject","inLanguage":"fr-FR","@id":"https:\/\/www.jootjeshaakcadeautjes.nl\/fr\/#\/schema\/logo\/image\/","url":"https:\/\/d1dyryakdmle7o.cloudfront.net\/wp-content\/uploads\/2023\/05\/Logo-rond.png","contentUrl":"https:\/\/d1dyryakdmle7o.cloudfront.net\/wp-content\/uploads\/2023\/05\/Logo-rond.png","width":1222,"height":1222,"caption":"Jootjes Haakcadeautjes"},"image":{"@id":"https:\/\/www.jootjeshaakcadeautjes.nl\/fr\/#\/schema\/logo\/image\/"}}]},"product_price_amount":"0.16","product_price_currency":"EUR","og_availability":"instock","product_availability":"instock","product_retailer_item_id":"HOU-KRO-012","product_condition":"new"},"_links":{"self":[{"href":"https:\/\/www.jootjeshaakcadeautjes.nl\/fr\/wp-json\/wp\/v2\/product\/134767","targetHints":{"allow":["GET"]}}],"collection":[{"href":"https:\/\/www.jootjeshaakcadeautjes.nl\/fr\/wp-json\/wp\/v2\/product"}],"about":[{"href":"https:\/\/www.jootjeshaakcadeautjes.nl\/fr\/wp-json\/wp\/v2\/types\/product"}],"version-history":[{"count":0,"href":"https:\/\/www.jootjeshaakcadeautjes.nl\/fr\/wp-json\/wp\/v2\/product\/134767\/revisions"}],"wp:featuredmedia":[{"embeddable":true,"href":"https:\/\/www.jootjeshaakcadeautjes.nl\/fr\/wp-json\/wp\/v2\/media\/70727"}],"wp:attachment":[{"href":"https:\/\/www.jootjeshaakcadeautjes.nl\/fr\/wp-json\/wp\/v2\/media?parent=134767"}],"wp:term":[{"taxonomy":"product_brand","embeddable":true,"href":"https:\/\/www.jootjeshaakcadeautjes.nl\/fr\/wp-json\/wp\/v2\/product_brand?post=134767"},{"taxonomy":"product_cat","embeddable":true,"href":"https:\/\/www.jootjeshaakcadeautjes.nl\/fr\/wp-json\/wp\/v2\/product_cat?post=134767"},{"taxonomy":"product_tag","embeddable":true,"href":"https:\/\/www.jootjeshaakcadeautjes.nl\/fr\/wp-json\/wp\/v2\/product_tag?post=134767"}],"curies":[{"name":"wp","href":"https:\/\/api.w.org\/{rel}","templated":true}]}}