{"id":134769,"date":"2020-11-21T09:50:07","date_gmt":"2020-11-21T08:50:07","guid":{"rendered":"https:\/\/www.jootjeshaakcadeautjes.nl\/product\/perles-en-bois-smiley-20-mm-marionnette-pour-la-chance-accroche-clin-doeil\/"},"modified":"2026-03-20T11:54:14","modified_gmt":"2026-03-20T10:54:14","slug":"perles-en-bois-smiley-20-mm-marionnette-pour-la-chance-accroche-clin-doeil","status":"publish","type":"product","link":"https:\/\/www.jootjeshaakcadeautjes.nl\/fr\/produit\/perles-en-bois-smiley-20-mm-marionnette-pour-la-chance-accroche-clin-doeil\/","title":{"rendered":"Perle en bois &#8211; Smiley\/Lucky doll crochet &#8211; Wink &#8211; Maple &#8211; 20 mm"},"content":{"rendered":"<h1><strong>Crochet d&#8217;une poup\u00e9e porte-bonheur avec des perles en bois et un visage souriant &#8211; Wink<\/strong><\/h1>\n<p>Toutes les perles en bois pour une poup\u00e9e chanceuse ont un clin d&#8217;\u0153il !<\/p>\n<p>Les perles en bois avec smiley pour crocheter une poup\u00e9e porte-bonheur, par exemple, ont une ouverture de 4 mm de diam\u00e8tre. Les perles en bois smiley sont fabriqu\u00e9es en bois de h\u00eatre non trait\u00e9 et extr\u00eamement lisse (ni laqu\u00e9, ni teint\u00e9, ni huil\u00e9). Les perles en bois pour crocheter une poup\u00e9e porte-bonheur sont donc adapt\u00e9es aux enfants. Les perles en bois avec smiley sont donc fabriqu\u00e9es \u00e0 partir d&#8217;un produit naturel et peuvent donc pr\u00e9senter des \u00e9carts minimes. Le smiley lui-m\u00eame est grav\u00e9 au laser. Aucun produit chimique n&#8217;est donc utilis\u00e9. Lorsque nous d\u00e9tectons un \u00e9cart excessif, le produit n&#8217;est pas vendu mais mis au rebut ou recycl\u00e9. Par cons\u00e9quent, nous pouvons toujours garantir des produits de haute qualit\u00e9.<\/p>\n<h3><strong>\u00c0 quoi pourraient servir les perles en bois avec le smiley ?<\/strong><\/h3>\n<p>Id\u00e9al pour fabriquer ou crocheter, par exemple, un.. :<\/p>\n<ul>\n<li>Poup\u00e9es chanceuses au crochet<\/li>\n<li>Anneau de dentition<\/li>\n<li>Collier d&#8217;allaitement<\/li>\n<li>Aileron de landau<\/li>\n<li>Clip plus long pour une t\u00e9tine, un jouet ou un anneau de dentition, etc.<\/li>\n<\/ul>\n<h4><strong>Comment crocheter une poup\u00e9e porte-bonheur ?<\/strong><\/h4>\n<p>Bien s\u00fbr, une poup\u00e9e porte-bonheur peut \u00eatre crochet\u00e9e et assembl\u00e9e comme vous le souhaitez, mais elle est g\u00e9n\u00e9ralement compos\u00e9e d&#8217;au moins.. :<\/p>\n<ul>\n<li>Un porte-cl\u00e9s<\/li>\n<li>Un porte-bonheur en bois\/smiley<\/li>\n<li>Crocheter une perle de 25 mm<\/li>\n<li>D&#8217;autres perles peuvent \u00eatre ajout\u00e9es selon les besoins.<\/li>\n<li>Un cordon ou un ruban de la couleur souhait\u00e9e pour relier le tout.<\/li>\n<\/ul>\n<h2>D&#8217;autres objets peuvent \u00eatre fabriqu\u00e9s avec une poup\u00e9e porte-bonheur en perles de bois :<\/h2>\n<h4><strong>Un petit anneau de dentition avec des perles (voir l&#8217;exemple ci-dessous) est compos\u00e9 de :<\/strong><\/h4>\n<ul>\n<li>2x un anneau de 4,5 cm<\/li>\n<li>6x une perle en bois de 16 mm<\/li>\n<li>6x une perle en bois crochet\u00e9e de 20 mm ou une perle lisse, une perle en nid d&#8217;abeille ou une perle en bois avec traitement au laser.<\/li>\n<\/ul>\n<h4><strong>Il est donc possible d&#8217;utiliser un anneau de dentition plus grand :<\/strong><\/h4>\n<ul>\n<li>2x un anneau en bois de 5,5 cm<\/li>\n<li>6x une perle en bois de 20\/25 mm<\/li>\n<li>6x une perle en bois de 25\/30 mm (crochet\u00e9e)<\/li>\n<\/ul>\n<p>Comme nous l&#8217;avons mentionn\u00e9, en fonction de la taille souhait\u00e9e, vous pouvez choisir parmi les vari\u00e9t\u00e9s de mat\u00e9riaux les plus petites ou les plus grandes. En outre, vous pouvez bien s\u00fbr toujours personnaliser les dessins \u00e0 votre guise. Quoi qu&#8217;il en soit, les deux formats sont faciles \u00e0 manipuler pour un b\u00e9b\u00e9 ou un enfant en bas \u00e2ge.<\/p>\n<p>&nbsp;<\/p>\n<p><a href=\"https:\/\/d1dyryakdmle7o.cloudfront.net\/wp-content\/uploads\/2016\/03\/wooden-font-b-teething-b-font-font-b-ring-b-font-Crochet-beads-rattle-Amigurumi-Baby.jpg\" rel=\"attachment wp-att-318\"><img decoding=\"async\" class=\"size-medium wp-image-318 aligncenter\" src=\"https:\/\/www.jootjeshaakcadeautjes.nl\/wp-content\/themes\/woodmart\/images\/lazy.svg\" data-src=\"https:\/\/d1dyryakdmle7o.cloudfront.net\/wp-content\/uploads\/2016\/03\/wooden-font-b-teething-b-font-font-b-ring-b-font-Crochet-beads-rattle-Amigurumi-Baby-300x300.jpg\" alt=\"bois-font-b-teething-b-font-b-ring-b-font-Crochet-beads-rattle-Amigurumi-B\u00e9b\u00e9\" width=\"300\" height=\"300\"><\/a><\/p>\n<p>&nbsp;<\/p>\n<p>Bien entendu, si vous avez des questions, vous pouvez toujours nous contacter via le <a href=\"https:\/\/www.jootjeshaakcadeautjes.nl\/contact-2\/\">formulaire de contact<\/a>. Nous nous ferons un plaisir de vous aider !<\/p>\n<p>&nbsp;<\/p>\n<p>&nbsp;<\/p>\n","protected":false},"excerpt":{"rendered":"<p><span style=\"color: #000000;\"><small>Perles en bois pour crocheter une poup\u00e9e porte-bonheur<br \/>\nsur une face, un smiley grav\u00e9 &#8211; clin d&#8217;\u0153il.<\/small><\/span><\/p>\n<p><span style=\"color: #000000;\"><small>Pour plus d&#8217;informations sur l&#8217;utilisation des perles, lisez la suite<\/small><small> au bas de la page.<\/small><\/span><\/p>\n","protected":false},"featured_media":74595,"template":"","meta":[],"product_brand":[],"product_cat":[7378,6994,12308,10405,10408,12499,12310],"product_tag":[7448,12312,7455,13857,14069,12311,7197,7418,7395,7200,12801,7209,13126],"class_list":{"0":"post-134769","1":"product","2":"type-product","3":"status-publish","4":"has-post-thumbnail","6":"product_cat-fabrication-de-jouets-de-dentition-pour-bebe-cordon-de-sucette-et-anneaux-de-dentition","7":"product_cat-gravure-au-laser-produits-cadeaux","8":"product_cat-materiel-de-bricolage-et-de-crochet","9":"product_cat-perles-en-bois-fil-de-sucette-et-anneau-de-dentition-toutes-les-perles-en-bois","10":"product_cat-perles-en-bois-gravees-pour-cordon-de-sucette-et-anneau-de-dentition","11":"product_cat-perles-en-silicone-luckyjos-luckyjos","12":"product_cat-poupees-chanceuses-diy-perles-et-fournitures","13":"product_tag-20-mm-fr","14":"product_tag-babygym-fr","15":"product_tag-chaine-de-landau","16":"product_tag-clin-doeil","17":"product_tag-crochet-fr-7","18":"product_tag-crochets","19":"product_tag-en-bois","20":"product_tag-faux-cordon","21":"product_tag-perle","22":"product_tag-perles","23":"product_tag-popke-fr","24":"product_tag-poupee-porte-bonheur","25":"product_tag-sourire","27":"first","28":"instock","29":"taxable","30":"shipping-taxable","31":"purchasable","32":"product-type-simple"},"bundled_by":[],"bundle_stock_status":"instock","bundle_stock_quantity":185,"bundle_virtual":false,"bundle_layout":"","bundle_add_to_cart_form_location":"","bundle_editable_in_cart":false,"bundle_sold_individually_context":"","bundle_item_grouping":"","bundle_min_size":"","bundle_max_size":"","bundle_price":[],"bundled_items":[],"bundle_sell_ids":[],"yoast_head":"<!-- This site is optimized with the Yoast SEO Premium plugin v27.6 (Yoast SEO v27.6) - https:\/\/yoast.com\/product\/yoast-seo-premium-wordpress\/ -->\n<title>Poup\u00e9es chanceuses au crochet - Perles en bois smiley ou visage - Wink wink<\/title>\n<meta name=\"description\" content=\"Fabriquer des poup\u00e9es porte-bonheur ? Les perles en bois avec le smiley et le clin d&#039;\u0153il sont parfaites pour cr\u00e9er une poup\u00e9e porte-bonheur pour un porte-cl\u00e9s.\" \/>\n<meta name=\"robots\" content=\"index, follow, max-snippet:-1, max-image-preview:large, max-video-preview:-1\" \/>\n<link rel=\"canonical\" href=\"https:\/\/www.jootjeshaakcadeautjes.nl\/fr\/produit\/perles-en-bois-smiley-20-mm-marionnette-pour-la-chance-accroche-clin-doeil\/\" \/>\n<meta property=\"og:locale\" content=\"fr_FR\" \/>\n<meta property=\"og:type\" content=\"article\" \/>\n<meta property=\"og:title\" content=\"Perle en bois - Smiley\/Lucky doll crochet - Wink - Maple - 20 mm\" \/>\n<meta property=\"og:description\" content=\"Fabriquer des poup\u00e9es porte-bonheur ? Les perles en bois avec le smiley et le clin d&#039;\u0153il sont parfaites pour cr\u00e9er une poup\u00e9e porte-bonheur pour un porte-cl\u00e9s.\" \/>\n<meta property=\"og:url\" content=\"https:\/\/www.jootjeshaakcadeautjes.nl\/fr\/produit\/perles-en-bois-smiley-20-mm-marionnette-pour-la-chance-accroche-clin-doeil\/\" \/>\n<meta property=\"og:site_name\" content=\"Jootjes Haakcadeautjes\" \/>\n<meta property=\"article:modified_time\" content=\"2026-03-20T10:54:14+00:00\" \/>\n<meta property=\"og:image\" content=\"https:\/\/www.jootjeshaakcadeautjes.nl\/wp-content\/uploads\/2020\/11\/20201122_003710.jpg\" \/>\n\t<meta property=\"og:image:width\" content=\"1852\" \/>\n\t<meta property=\"og:image:height\" content=\"1852\" \/>\n\t<meta property=\"og:image:type\" content=\"image\/jpeg\" \/>\n<meta name=\"twitter:card\" content=\"summary_large_image\" \/>\n<meta name=\"twitter:label1\" content=\"Prix\" \/>\n\t<meta name=\"twitter:data1\" content=\"&euro;0.40 TTC\" \/>\n\t<meta name=\"twitter:label2\" content=\"Disponibilit\u00e9\" \/>\n\t<meta name=\"twitter:data2\" content=\"En stock\" \/>\n<script type=\"application\/ld+json\" class=\"yoast-schema-graph\">{\"@context\":\"https:\\\/\\\/schema.org\",\"@graph\":[{\"@type\":\"WebPage\",\"@id\":\"https:\\\/\\\/www.jootjeshaakcadeautjes.nl\\\/fr\\\/produit\\\/perles-en-bois-smiley-20-mm-marionnette-pour-la-chance-accroche-clin-doeil\\\/\",\"url\":\"https:\\\/\\\/www.jootjeshaakcadeautjes.nl\\\/fr\\\/produit\\\/perles-en-bois-smiley-20-mm-marionnette-pour-la-chance-accroche-clin-doeil\\\/\",\"name\":\"Poup\u00e9es chanceuses au crochet - Perles en bois smiley ou visage - Wink wink\",\"isPartOf\":{\"@id\":\"https:\\\/\\\/www.jootjeshaakcadeautjes.nl\\\/fr\\\/#website\"},\"primaryImageOfPage\":{\"@id\":\"https:\\\/\\\/www.jootjeshaakcadeautjes.nl\\\/fr\\\/produit\\\/perles-en-bois-smiley-20-mm-marionnette-pour-la-chance-accroche-clin-doeil\\\/#primaryimage\"},\"image\":{\"@id\":\"https:\\\/\\\/www.jootjeshaakcadeautjes.nl\\\/fr\\\/produit\\\/perles-en-bois-smiley-20-mm-marionnette-pour-la-chance-accroche-clin-doeil\\\/#primaryimage\"},\"thumbnailUrl\":\"https:\\\/\\\/d1dyryakdmle7o.cloudfront.net\\\/wp-content\\\/uploads\\\/2020\\\/11\\\/20201122_003710.jpg\",\"datePublished\":\"2020-11-21T08:50:07+00:00\",\"dateModified\":\"2026-03-20T10:54:14+00:00\",\"description\":\"Fabriquer des poup\u00e9es porte-bonheur ? Les perles en bois avec le smiley et le clin d'\u0153il sont parfaites pour cr\u00e9er une poup\u00e9e porte-bonheur pour un porte-cl\u00e9s.\",\"breadcrumb\":{\"@id\":\"https:\\\/\\\/www.jootjeshaakcadeautjes.nl\\\/fr\\\/produit\\\/perles-en-bois-smiley-20-mm-marionnette-pour-la-chance-accroche-clin-doeil\\\/#breadcrumb\"},\"inLanguage\":\"fr-FR\",\"potentialAction\":[{\"@type\":\"ReadAction\",\"target\":[\"https:\\\/\\\/www.jootjeshaakcadeautjes.nl\\\/fr\\\/produit\\\/perles-en-bois-smiley-20-mm-marionnette-pour-la-chance-accroche-clin-doeil\\\/\"]}]},{\"@type\":\"ImageObject\",\"inLanguage\":\"fr-FR\",\"@id\":\"https:\\\/\\\/www.jootjeshaakcadeautjes.nl\\\/fr\\\/produit\\\/perles-en-bois-smiley-20-mm-marionnette-pour-la-chance-accroche-clin-doeil\\\/#primaryimage\",\"url\":\"https:\\\/\\\/d1dyryakdmle7o.cloudfront.net\\\/wp-content\\\/uploads\\\/2020\\\/11\\\/20201122_003710.jpg\",\"contentUrl\":\"https:\\\/\\\/d1dyryakdmle7o.cloudfront.net\\\/wp-content\\\/uploads\\\/2020\\\/11\\\/20201122_003710.jpg\",\"width\":1852,\"height\":1852},{\"@type\":\"BreadcrumbList\",\"@id\":\"https:\\\/\\\/www.jootjeshaakcadeautjes.nl\\\/fr\\\/produit\\\/perles-en-bois-smiley-20-mm-marionnette-pour-la-chance-accroche-clin-doeil\\\/#breadcrumb\",\"itemListElement\":[{\"@type\":\"ListItem\",\"position\":1,\"name\":\"Accueil\",\"item\":\"https:\\\/\\\/www.jootjeshaakcadeautjes.nl\\\/fr\\\/\"},{\"@type\":\"ListItem\",\"position\":2,\"name\":\"Commerce de gros de perles en silicone &#8211; Entreprises et consommateurs\",\"item\":\"https:\\\/\\\/www.jootjeshaakcadeautjes.nl\\\/fr\\\/boutique\\\/\"},{\"@type\":\"ListItem\",\"position\":3,\"name\":\"Perle en bois &#8211; Smiley\\\/Lucky doll crochet &#8211; Wink &#8211; Maple &#8211; 20 mm\"}]},{\"@type\":\"WebSite\",\"@id\":\"https:\\\/\\\/www.jootjeshaakcadeautjes.nl\\\/fr\\\/#website\",\"url\":\"https:\\\/\\\/www.jootjeshaakcadeautjes.nl\\\/fr\\\/\",\"name\":\"Jootjes Haakcadeautjes\",\"description\":\"Grossiste en perles de silicone\",\"publisher\":{\"@id\":\"https:\\\/\\\/www.jootjeshaakcadeautjes.nl\\\/fr\\\/#organization\"},\"potentialAction\":[{\"@type\":\"SearchAction\",\"target\":{\"@type\":\"EntryPoint\",\"urlTemplate\":\"https:\\\/\\\/www.jootjeshaakcadeautjes.nl\\\/fr\\\/?s={search_term_string}\"},\"query-input\":{\"@type\":\"PropertyValueSpecification\",\"valueRequired\":true,\"valueName\":\"search_term_string\"}}],\"inLanguage\":\"fr-FR\"},{\"@type\":\"Organization\",\"@id\":\"https:\\\/\\\/www.jootjeshaakcadeautjes.nl\\\/fr\\\/#organization\",\"name\":\"Jootjes Haakcadeautjes\",\"url\":\"https:\\\/\\\/www.jootjeshaakcadeautjes.nl\\\/fr\\\/\",\"logo\":{\"@type\":\"ImageObject\",\"inLanguage\":\"fr-FR\",\"@id\":\"https:\\\/\\\/www.jootjeshaakcadeautjes.nl\\\/fr\\\/#\\\/schema\\\/logo\\\/image\\\/\",\"url\":\"https:\\\/\\\/d1dyryakdmle7o.cloudfront.net\\\/wp-content\\\/uploads\\\/2023\\\/05\\\/Logo-rond.png\",\"contentUrl\":\"https:\\\/\\\/d1dyryakdmle7o.cloudfront.net\\\/wp-content\\\/uploads\\\/2023\\\/05\\\/Logo-rond.png\",\"width\":1222,\"height\":1222,\"caption\":\"Jootjes Haakcadeautjes\"},\"image\":{\"@id\":\"https:\\\/\\\/www.jootjeshaakcadeautjes.nl\\\/fr\\\/#\\\/schema\\\/logo\\\/image\\\/\"}}]}<\/script>\n<meta property=\"product:price:amount\" content=\"0.40\" \/>\n<meta property=\"product:price:currency\" content=\"EUR\" \/>\n<meta property=\"og:availability\" content=\"instock\" \/>\n<meta property=\"product:availability\" content=\"instock\" \/>\n<meta property=\"product:retailer_item_id\" content=\"HOU-KNP-OOG\" \/>\n<meta property=\"product:condition\" content=\"new\" \/>\n<!-- \/ Yoast SEO Premium plugin. -->","yoast_head_json":{"title":"Poup\u00e9es chanceuses au crochet - Perles en bois smiley ou visage - Wink wink","description":"Fabriquer des poup\u00e9es porte-bonheur ? Les perles en bois avec le smiley et le clin d'\u0153il sont parfaites pour cr\u00e9er une poup\u00e9e porte-bonheur pour un porte-cl\u00e9s.","robots":{"index":"index","follow":"follow","max-snippet":"max-snippet:-1","max-image-preview":"max-image-preview:large","max-video-preview":"max-video-preview:-1"},"canonical":"https:\/\/www.jootjeshaakcadeautjes.nl\/fr\/produit\/perles-en-bois-smiley-20-mm-marionnette-pour-la-chance-accroche-clin-doeil\/","og_locale":"fr_FR","og_type":"article","og_title":"Perle en bois - Smiley\/Lucky doll crochet - Wink - Maple - 20 mm","og_description":"Fabriquer des poup\u00e9es porte-bonheur ? Les perles en bois avec le smiley et le clin d'\u0153il sont parfaites pour cr\u00e9er une poup\u00e9e porte-bonheur pour un porte-cl\u00e9s.","og_url":"https:\/\/www.jootjeshaakcadeautjes.nl\/fr\/produit\/perles-en-bois-smiley-20-mm-marionnette-pour-la-chance-accroche-clin-doeil\/","og_site_name":"Jootjes Haakcadeautjes","article_modified_time":"2026-03-20T10:54:14+00:00","og_image":[{"width":1852,"height":1852,"url":"https:\/\/www.jootjeshaakcadeautjes.nl\/wp-content\/uploads\/2020\/11\/20201122_003710.jpg","type":"image\/jpeg"}],"twitter_card":"summary_large_image","twitter_misc":{"Prix":"&euro;0.40 TTC","Disponibilit\u00e9":"En stock"},"schema":{"@context":"https:\/\/schema.org","@graph":[{"@type":"WebPage","@id":"https:\/\/www.jootjeshaakcadeautjes.nl\/fr\/produit\/perles-en-bois-smiley-20-mm-marionnette-pour-la-chance-accroche-clin-doeil\/","url":"https:\/\/www.jootjeshaakcadeautjes.nl\/fr\/produit\/perles-en-bois-smiley-20-mm-marionnette-pour-la-chance-accroche-clin-doeil\/","name":"Poup\u00e9es chanceuses au crochet - Perles en bois smiley ou visage - Wink wink","isPartOf":{"@id":"https:\/\/www.jootjeshaakcadeautjes.nl\/fr\/#website"},"primaryImageOfPage":{"@id":"https:\/\/www.jootjeshaakcadeautjes.nl\/fr\/produit\/perles-en-bois-smiley-20-mm-marionnette-pour-la-chance-accroche-clin-doeil\/#primaryimage"},"image":{"@id":"https:\/\/www.jootjeshaakcadeautjes.nl\/fr\/produit\/perles-en-bois-smiley-20-mm-marionnette-pour-la-chance-accroche-clin-doeil\/#primaryimage"},"thumbnailUrl":"https:\/\/d1dyryakdmle7o.cloudfront.net\/wp-content\/uploads\/2020\/11\/20201122_003710.jpg","datePublished":"2020-11-21T08:50:07+00:00","dateModified":"2026-03-20T10:54:14+00:00","description":"Fabriquer des poup\u00e9es porte-bonheur ? Les perles en bois avec le smiley et le clin d'\u0153il sont parfaites pour cr\u00e9er une poup\u00e9e porte-bonheur pour un porte-cl\u00e9s.","breadcrumb":{"@id":"https:\/\/www.jootjeshaakcadeautjes.nl\/fr\/produit\/perles-en-bois-smiley-20-mm-marionnette-pour-la-chance-accroche-clin-doeil\/#breadcrumb"},"inLanguage":"fr-FR","potentialAction":[{"@type":"ReadAction","target":["https:\/\/www.jootjeshaakcadeautjes.nl\/fr\/produit\/perles-en-bois-smiley-20-mm-marionnette-pour-la-chance-accroche-clin-doeil\/"]}]},{"@type":"ImageObject","inLanguage":"fr-FR","@id":"https:\/\/www.jootjeshaakcadeautjes.nl\/fr\/produit\/perles-en-bois-smiley-20-mm-marionnette-pour-la-chance-accroche-clin-doeil\/#primaryimage","url":"https:\/\/d1dyryakdmle7o.cloudfront.net\/wp-content\/uploads\/2020\/11\/20201122_003710.jpg","contentUrl":"https:\/\/d1dyryakdmle7o.cloudfront.net\/wp-content\/uploads\/2020\/11\/20201122_003710.jpg","width":1852,"height":1852},{"@type":"BreadcrumbList","@id":"https:\/\/www.jootjeshaakcadeautjes.nl\/fr\/produit\/perles-en-bois-smiley-20-mm-marionnette-pour-la-chance-accroche-clin-doeil\/#breadcrumb","itemListElement":[{"@type":"ListItem","position":1,"name":"Accueil","item":"https:\/\/www.jootjeshaakcadeautjes.nl\/fr\/"},{"@type":"ListItem","position":2,"name":"Commerce de gros de perles en silicone &#8211; Entreprises et consommateurs","item":"https:\/\/www.jootjeshaakcadeautjes.nl\/fr\/boutique\/"},{"@type":"ListItem","position":3,"name":"Perle en bois &#8211; Smiley\/Lucky doll crochet &#8211; Wink &#8211; Maple &#8211; 20 mm"}]},{"@type":"WebSite","@id":"https:\/\/www.jootjeshaakcadeautjes.nl\/fr\/#website","url":"https:\/\/www.jootjeshaakcadeautjes.nl\/fr\/","name":"Jootjes Haakcadeautjes","description":"Grossiste en perles de silicone","publisher":{"@id":"https:\/\/www.jootjeshaakcadeautjes.nl\/fr\/#organization"},"potentialAction":[{"@type":"SearchAction","target":{"@type":"EntryPoint","urlTemplate":"https:\/\/www.jootjeshaakcadeautjes.nl\/fr\/?s={search_term_string}"},"query-input":{"@type":"PropertyValueSpecification","valueRequired":true,"valueName":"search_term_string"}}],"inLanguage":"fr-FR"},{"@type":"Organization","@id":"https:\/\/www.jootjeshaakcadeautjes.nl\/fr\/#organization","name":"Jootjes Haakcadeautjes","url":"https:\/\/www.jootjeshaakcadeautjes.nl\/fr\/","logo":{"@type":"ImageObject","inLanguage":"fr-FR","@id":"https:\/\/www.jootjeshaakcadeautjes.nl\/fr\/#\/schema\/logo\/image\/","url":"https:\/\/d1dyryakdmle7o.cloudfront.net\/wp-content\/uploads\/2023\/05\/Logo-rond.png","contentUrl":"https:\/\/d1dyryakdmle7o.cloudfront.net\/wp-content\/uploads\/2023\/05\/Logo-rond.png","width":1222,"height":1222,"caption":"Jootjes Haakcadeautjes"},"image":{"@id":"https:\/\/www.jootjeshaakcadeautjes.nl\/fr\/#\/schema\/logo\/image\/"}}]},"product_price_amount":"0.40","product_price_currency":"EUR","og_availability":"instock","product_availability":"instock","product_retailer_item_id":"HOU-KNP-OOG","product_condition":"new"},"_links":{"self":[{"href":"https:\/\/www.jootjeshaakcadeautjes.nl\/fr\/wp-json\/wp\/v2\/product\/134769","targetHints":{"allow":["GET"]}}],"collection":[{"href":"https:\/\/www.jootjeshaakcadeautjes.nl\/fr\/wp-json\/wp\/v2\/product"}],"about":[{"href":"https:\/\/www.jootjeshaakcadeautjes.nl\/fr\/wp-json\/wp\/v2\/types\/product"}],"version-history":[{"count":0,"href":"https:\/\/www.jootjeshaakcadeautjes.nl\/fr\/wp-json\/wp\/v2\/product\/134769\/revisions"}],"wp:featuredmedia":[{"embeddable":true,"href":"https:\/\/www.jootjeshaakcadeautjes.nl\/fr\/wp-json\/wp\/v2\/media\/74595"}],"wp:attachment":[{"href":"https:\/\/www.jootjeshaakcadeautjes.nl\/fr\/wp-json\/wp\/v2\/media?parent=134769"}],"wp:term":[{"taxonomy":"product_brand","embeddable":true,"href":"https:\/\/www.jootjeshaakcadeautjes.nl\/fr\/wp-json\/wp\/v2\/product_brand?post=134769"},{"taxonomy":"product_cat","embeddable":true,"href":"https:\/\/www.jootjeshaakcadeautjes.nl\/fr\/wp-json\/wp\/v2\/product_cat?post=134769"},{"taxonomy":"product_tag","embeddable":true,"href":"https:\/\/www.jootjeshaakcadeautjes.nl\/fr\/wp-json\/wp\/v2\/product_tag?post=134769"}],"curies":[{"name":"wp","href":"https:\/\/api.w.org\/{rel}","templated":true}]}}