{"id":134791,"date":"2020-11-16T14:12:57","date_gmt":"2020-11-16T13:12:57","guid":{"rendered":"https:\/\/www.jootjeshaakcadeautjes.nl\/product\/knisperfolie-25-x-75-cm-opry\/"},"modified":"2025-05-18T23:06:25","modified_gmt":"2025-05-18T21:06:25","slug":"knisperfolie-25-x-75-cm-opry","status":"publish","type":"product","link":"https:\/\/www.jootjeshaakcadeautjes.nl\/fr\/produit\/knisperfolie-25-x-75-cm-opry\/","title":{"rendered":"Film croustillant &#8211; 25 x 75 cm &#8211; Opry"},"content":{"rendered":"<h2>Film croustillant &#8211; 25 x 75 cm &#8211; Opry<\/h2>\n<ul>\n<li>Mat\u00e9riau : film ondul\u00e9<\/li>\n<li>Taille : 25 x 75 cm par feuille, vendu par feuille.<\/li>\n<li>Marque : Opry<\/li>\n<\/ul>\n<p>Tr\u00e8s amusant \u00e0 incorporer dans les projets de crochet pour les enfants et les b\u00e9b\u00e9s. Contribue au d\u00e9veloppement par la stimulation auditive. Il fait du bruit et un autre son que celui d&#8217;un hochet ou d&#8217;une cloche, par exemple. Il reste donc encore beaucoup \u00e0 d\u00e9couvrir. \u00c9galement utilis\u00e9 pour la couture (livres pour b\u00e9b\u00e9s, couvertures ou bo\u00eetes \u00e0 jouets \/ bo\u00eetes de d\u00e9couverte). Tr\u00e8s amusant \u00e0 incorporer, par exemple, dans les cubes de Knufl (Crochet Cubes est un livre de Knufl).<\/p>\n","protected":false},"excerpt":{"rendered":"<h2>Film croustillant &#8211; 25 x 75 cm &#8211; Opry<\/h2>\n<ul>\n<li>Mat\u00e9riau : film ondul\u00e9<\/li>\n<li>Taille : 25 x 75 cm par feuille, vendu par feuille.<\/li>\n<li>Marque : Opry<\/li>\n<\/ul>\n","protected":false},"featured_media":74208,"template":"","meta":[],"product_brand":[],"product_cat":[12927,12308],"product_tag":[13393,13862,7401,7421,12311,13863,13187,13861,13860,13865,13864,7408],"class_list":{"0":"post-134791","1":"product","2":"type-product","3":"status-publish","4":"has-post-thumbnail","6":"product_cat-disques-hochets-perles-hochets-couineurs-feuilles-crepitantes-et-clochettes","7":"product_cat-materiel-de-bricolage-et-de-crochet","8":"product_tag-25-fr","9":"product_tag-75-fr","10":"product_tag-bebe","11":"product_tag-cm-fr","12":"product_tag-crochets","13":"product_tag-cubes-fr-2","14":"product_tag-developpement","15":"product_tag-film-ondule","16":"product_tag-opry-fr","17":"product_tag-sons","18":"product_tag-stimuler","19":"product_tag-sur","21":"first","22":"instock","23":"taxable","24":"shipping-taxable","25":"purchasable","26":"product-type-simple"},"bundled_by":[],"bundle_stock_status":"instock","bundle_stock_quantity":25,"bundle_virtual":false,"bundle_layout":"","bundle_add_to_cart_form_location":"","bundle_editable_in_cart":false,"bundle_sold_individually_context":"","bundle_item_grouping":"","bundle_min_size":"","bundle_max_size":"","bundle_price":[],"bundled_items":[],"bundle_sell_ids":[],"yoast_head":"<!-- This site is optimized with the Yoast SEO Premium plugin v27.6 (Yoast SEO v27.6) - https:\/\/yoast.com\/product\/yoast-seo-premium-wordpress\/ -->\n<title>Film croustillant - 25 x 75 cm - Opry - Jootjes Haakcadeautjes<\/title>\n<meta name=\"description\" content=\"Bande de biscuits pour b\u00e9b\u00e9s - 25 x 75 cm - Opry. Tr\u00e8s amusant \u00e0 incorporer dans les projets de crochet pour les enfants et les b\u00e9b\u00e9s. Sans danger pour les b\u00e9b\u00e9s.\" \/>\n<meta name=\"robots\" content=\"index, follow, max-snippet:-1, max-image-preview:large, max-video-preview:-1\" \/>\n<link rel=\"canonical\" href=\"https:\/\/www.jootjeshaakcadeautjes.nl\/fr\/produit\/knisperfolie-25-x-75-cm-opry\/\" \/>\n<meta property=\"og:locale\" content=\"fr_FR\" \/>\n<meta property=\"og:type\" content=\"article\" \/>\n<meta property=\"og:title\" content=\"Film croustillant - 25 x 75 cm - Opry\" \/>\n<meta property=\"og:description\" content=\"Bande de biscuits pour b\u00e9b\u00e9s - 25 x 75 cm - Opry. Tr\u00e8s amusant \u00e0 incorporer dans les projets de crochet pour les enfants et les b\u00e9b\u00e9s. Sans danger pour les b\u00e9b\u00e9s.\" \/>\n<meta property=\"og:url\" content=\"https:\/\/www.jootjeshaakcadeautjes.nl\/fr\/produit\/knisperfolie-25-x-75-cm-opry\/\" \/>\n<meta property=\"og:site_name\" content=\"Jootjes Haakcadeautjes\" \/>\n<meta property=\"article:modified_time\" content=\"2025-05-18T21:06:25+00:00\" \/>\n<meta property=\"og:image\" content=\"https:\/\/www.jootjeshaakcadeautjes.nl\/wp-content\/uploads\/2020\/11\/opry-opry-knisperfolie-25x75cm.jpg\" \/>\n\t<meta property=\"og:image:width\" content=\"890\" \/>\n\t<meta property=\"og:image:height\" content=\"820\" \/>\n\t<meta property=\"og:image:type\" content=\"image\/jpeg\" \/>\n<meta name=\"twitter:card\" content=\"summary_large_image\" \/>\n<meta name=\"twitter:label1\" content=\"Prix\" \/>\n\t<meta name=\"twitter:data1\" content=\"&euro;1.50 TTC\" \/>\n\t<meta name=\"twitter:label2\" content=\"Disponibilit\u00e9\" \/>\n\t<meta name=\"twitter:data2\" content=\"En stock\" \/>\n<script type=\"application\/ld+json\" class=\"yoast-schema-graph\">{\"@context\":\"https:\\\/\\\/schema.org\",\"@graph\":[{\"@type\":\"WebPage\",\"@id\":\"https:\\\/\\\/www.jootjeshaakcadeautjes.nl\\\/fr\\\/produit\\\/knisperfolie-25-x-75-cm-opry\\\/\",\"url\":\"https:\\\/\\\/www.jootjeshaakcadeautjes.nl\\\/fr\\\/produit\\\/knisperfolie-25-x-75-cm-opry\\\/\",\"name\":\"Film croustillant - 25 x 75 cm - Opry - Jootjes Haakcadeautjes\",\"isPartOf\":{\"@id\":\"https:\\\/\\\/www.jootjeshaakcadeautjes.nl\\\/fr\\\/#website\"},\"primaryImageOfPage\":{\"@id\":\"https:\\\/\\\/www.jootjeshaakcadeautjes.nl\\\/fr\\\/produit\\\/knisperfolie-25-x-75-cm-opry\\\/#primaryimage\"},\"image\":{\"@id\":\"https:\\\/\\\/www.jootjeshaakcadeautjes.nl\\\/fr\\\/produit\\\/knisperfolie-25-x-75-cm-opry\\\/#primaryimage\"},\"thumbnailUrl\":\"https:\\\/\\\/d1dyryakdmle7o.cloudfront.net\\\/wp-content\\\/uploads\\\/2020\\\/11\\\/opry-opry-knisperfolie-25x75cm.jpg\",\"datePublished\":\"2020-11-16T13:12:57+00:00\",\"dateModified\":\"2025-05-18T21:06:25+00:00\",\"description\":\"Bande de biscuits pour b\u00e9b\u00e9s - 25 x 75 cm - Opry. Tr\u00e8s amusant \u00e0 incorporer dans les projets de crochet pour les enfants et les b\u00e9b\u00e9s. Sans danger pour les b\u00e9b\u00e9s.\",\"breadcrumb\":{\"@id\":\"https:\\\/\\\/www.jootjeshaakcadeautjes.nl\\\/fr\\\/produit\\\/knisperfolie-25-x-75-cm-opry\\\/#breadcrumb\"},\"inLanguage\":\"fr-FR\",\"potentialAction\":[{\"@type\":\"ReadAction\",\"target\":[\"https:\\\/\\\/www.jootjeshaakcadeautjes.nl\\\/fr\\\/produit\\\/knisperfolie-25-x-75-cm-opry\\\/\"]}]},{\"@type\":\"ImageObject\",\"inLanguage\":\"fr-FR\",\"@id\":\"https:\\\/\\\/www.jootjeshaakcadeautjes.nl\\\/fr\\\/produit\\\/knisperfolie-25-x-75-cm-opry\\\/#primaryimage\",\"url\":\"https:\\\/\\\/d1dyryakdmle7o.cloudfront.net\\\/wp-content\\\/uploads\\\/2020\\\/11\\\/opry-opry-knisperfolie-25x75cm.jpg\",\"contentUrl\":\"https:\\\/\\\/d1dyryakdmle7o.cloudfront.net\\\/wp-content\\\/uploads\\\/2020\\\/11\\\/opry-opry-knisperfolie-25x75cm.jpg\",\"width\":890,\"height\":820,\"caption\":\"Film croustillant 25 x 75 cm opry baby safe\"},{\"@type\":\"BreadcrumbList\",\"@id\":\"https:\\\/\\\/www.jootjeshaakcadeautjes.nl\\\/fr\\\/produit\\\/knisperfolie-25-x-75-cm-opry\\\/#breadcrumb\",\"itemListElement\":[{\"@type\":\"ListItem\",\"position\":1,\"name\":\"Accueil\",\"item\":\"https:\\\/\\\/www.jootjeshaakcadeautjes.nl\\\/fr\\\/\"},{\"@type\":\"ListItem\",\"position\":2,\"name\":\"Commerce de gros de perles en silicone &#8211; Entreprises et consommateurs\",\"item\":\"https:\\\/\\\/www.jootjeshaakcadeautjes.nl\\\/fr\\\/boutique\\\/\"},{\"@type\":\"ListItem\",\"position\":3,\"name\":\"Film croustillant &#8211; 25 x 75 cm &#8211; Opry\"}]},{\"@type\":\"WebSite\",\"@id\":\"https:\\\/\\\/www.jootjeshaakcadeautjes.nl\\\/fr\\\/#website\",\"url\":\"https:\\\/\\\/www.jootjeshaakcadeautjes.nl\\\/fr\\\/\",\"name\":\"Jootjes Haakcadeautjes\",\"description\":\"Grossiste en perles de silicone\",\"publisher\":{\"@id\":\"https:\\\/\\\/www.jootjeshaakcadeautjes.nl\\\/fr\\\/#organization\"},\"potentialAction\":[{\"@type\":\"SearchAction\",\"target\":{\"@type\":\"EntryPoint\",\"urlTemplate\":\"https:\\\/\\\/www.jootjeshaakcadeautjes.nl\\\/fr\\\/?s={search_term_string}\"},\"query-input\":{\"@type\":\"PropertyValueSpecification\",\"valueRequired\":true,\"valueName\":\"search_term_string\"}}],\"inLanguage\":\"fr-FR\"},{\"@type\":\"Organization\",\"@id\":\"https:\\\/\\\/www.jootjeshaakcadeautjes.nl\\\/fr\\\/#organization\",\"name\":\"Jootjes Haakcadeautjes\",\"url\":\"https:\\\/\\\/www.jootjeshaakcadeautjes.nl\\\/fr\\\/\",\"logo\":{\"@type\":\"ImageObject\",\"inLanguage\":\"fr-FR\",\"@id\":\"https:\\\/\\\/www.jootjeshaakcadeautjes.nl\\\/fr\\\/#\\\/schema\\\/logo\\\/image\\\/\",\"url\":\"https:\\\/\\\/d1dyryakdmle7o.cloudfront.net\\\/wp-content\\\/uploads\\\/2023\\\/05\\\/Logo-rond.png\",\"contentUrl\":\"https:\\\/\\\/d1dyryakdmle7o.cloudfront.net\\\/wp-content\\\/uploads\\\/2023\\\/05\\\/Logo-rond.png\",\"width\":1222,\"height\":1222,\"caption\":\"Jootjes Haakcadeautjes\"},\"image\":{\"@id\":\"https:\\\/\\\/www.jootjeshaakcadeautjes.nl\\\/fr\\\/#\\\/schema\\\/logo\\\/image\\\/\"}}]}<\/script>\n<meta property=\"product:price:amount\" content=\"1.50\" \/>\n<meta property=\"product:price:currency\" content=\"EUR\" \/>\n<meta property=\"og:availability\" content=\"instock\" \/>\n<meta property=\"product:availability\" content=\"instock\" \/>\n<meta property=\"product:retailer_item_id\" content=\"KNI-SPR-FOL\" \/>\n<meta property=\"product:condition\" content=\"new\" \/>\n<!-- \/ Yoast SEO Premium plugin. -->","yoast_head_json":{"title":"Film croustillant - 25 x 75 cm - Opry - Jootjes Haakcadeautjes","description":"Bande de biscuits pour b\u00e9b\u00e9s - 25 x 75 cm - Opry. Tr\u00e8s amusant \u00e0 incorporer dans les projets de crochet pour les enfants et les b\u00e9b\u00e9s. Sans danger pour les b\u00e9b\u00e9s.","robots":{"index":"index","follow":"follow","max-snippet":"max-snippet:-1","max-image-preview":"max-image-preview:large","max-video-preview":"max-video-preview:-1"},"canonical":"https:\/\/www.jootjeshaakcadeautjes.nl\/fr\/produit\/knisperfolie-25-x-75-cm-opry\/","og_locale":"fr_FR","og_type":"article","og_title":"Film croustillant - 25 x 75 cm - Opry","og_description":"Bande de biscuits pour b\u00e9b\u00e9s - 25 x 75 cm - Opry. Tr\u00e8s amusant \u00e0 incorporer dans les projets de crochet pour les enfants et les b\u00e9b\u00e9s. Sans danger pour les b\u00e9b\u00e9s.","og_url":"https:\/\/www.jootjeshaakcadeautjes.nl\/fr\/produit\/knisperfolie-25-x-75-cm-opry\/","og_site_name":"Jootjes Haakcadeautjes","article_modified_time":"2025-05-18T21:06:25+00:00","og_image":[{"width":890,"height":820,"url":"https:\/\/www.jootjeshaakcadeautjes.nl\/wp-content\/uploads\/2020\/11\/opry-opry-knisperfolie-25x75cm.jpg","type":"image\/jpeg"}],"twitter_card":"summary_large_image","twitter_misc":{"Prix":"&euro;1.50 TTC","Disponibilit\u00e9":"En stock"},"schema":{"@context":"https:\/\/schema.org","@graph":[{"@type":"WebPage","@id":"https:\/\/www.jootjeshaakcadeautjes.nl\/fr\/produit\/knisperfolie-25-x-75-cm-opry\/","url":"https:\/\/www.jootjeshaakcadeautjes.nl\/fr\/produit\/knisperfolie-25-x-75-cm-opry\/","name":"Film croustillant - 25 x 75 cm - Opry - Jootjes Haakcadeautjes","isPartOf":{"@id":"https:\/\/www.jootjeshaakcadeautjes.nl\/fr\/#website"},"primaryImageOfPage":{"@id":"https:\/\/www.jootjeshaakcadeautjes.nl\/fr\/produit\/knisperfolie-25-x-75-cm-opry\/#primaryimage"},"image":{"@id":"https:\/\/www.jootjeshaakcadeautjes.nl\/fr\/produit\/knisperfolie-25-x-75-cm-opry\/#primaryimage"},"thumbnailUrl":"https:\/\/d1dyryakdmle7o.cloudfront.net\/wp-content\/uploads\/2020\/11\/opry-opry-knisperfolie-25x75cm.jpg","datePublished":"2020-11-16T13:12:57+00:00","dateModified":"2025-05-18T21:06:25+00:00","description":"Bande de biscuits pour b\u00e9b\u00e9s - 25 x 75 cm - Opry. Tr\u00e8s amusant \u00e0 incorporer dans les projets de crochet pour les enfants et les b\u00e9b\u00e9s. Sans danger pour les b\u00e9b\u00e9s.","breadcrumb":{"@id":"https:\/\/www.jootjeshaakcadeautjes.nl\/fr\/produit\/knisperfolie-25-x-75-cm-opry\/#breadcrumb"},"inLanguage":"fr-FR","potentialAction":[{"@type":"ReadAction","target":["https:\/\/www.jootjeshaakcadeautjes.nl\/fr\/produit\/knisperfolie-25-x-75-cm-opry\/"]}]},{"@type":"ImageObject","inLanguage":"fr-FR","@id":"https:\/\/www.jootjeshaakcadeautjes.nl\/fr\/produit\/knisperfolie-25-x-75-cm-opry\/#primaryimage","url":"https:\/\/d1dyryakdmle7o.cloudfront.net\/wp-content\/uploads\/2020\/11\/opry-opry-knisperfolie-25x75cm.jpg","contentUrl":"https:\/\/d1dyryakdmle7o.cloudfront.net\/wp-content\/uploads\/2020\/11\/opry-opry-knisperfolie-25x75cm.jpg","width":890,"height":820,"caption":"Film croustillant 25 x 75 cm opry baby safe"},{"@type":"BreadcrumbList","@id":"https:\/\/www.jootjeshaakcadeautjes.nl\/fr\/produit\/knisperfolie-25-x-75-cm-opry\/#breadcrumb","itemListElement":[{"@type":"ListItem","position":1,"name":"Accueil","item":"https:\/\/www.jootjeshaakcadeautjes.nl\/fr\/"},{"@type":"ListItem","position":2,"name":"Commerce de gros de perles en silicone &#8211; Entreprises et consommateurs","item":"https:\/\/www.jootjeshaakcadeautjes.nl\/fr\/boutique\/"},{"@type":"ListItem","position":3,"name":"Film croustillant &#8211; 25 x 75 cm &#8211; Opry"}]},{"@type":"WebSite","@id":"https:\/\/www.jootjeshaakcadeautjes.nl\/fr\/#website","url":"https:\/\/www.jootjeshaakcadeautjes.nl\/fr\/","name":"Jootjes Haakcadeautjes","description":"Grossiste en perles de silicone","publisher":{"@id":"https:\/\/www.jootjeshaakcadeautjes.nl\/fr\/#organization"},"potentialAction":[{"@type":"SearchAction","target":{"@type":"EntryPoint","urlTemplate":"https:\/\/www.jootjeshaakcadeautjes.nl\/fr\/?s={search_term_string}"},"query-input":{"@type":"PropertyValueSpecification","valueRequired":true,"valueName":"search_term_string"}}],"inLanguage":"fr-FR"},{"@type":"Organization","@id":"https:\/\/www.jootjeshaakcadeautjes.nl\/fr\/#organization","name":"Jootjes Haakcadeautjes","url":"https:\/\/www.jootjeshaakcadeautjes.nl\/fr\/","logo":{"@type":"ImageObject","inLanguage":"fr-FR","@id":"https:\/\/www.jootjeshaakcadeautjes.nl\/fr\/#\/schema\/logo\/image\/","url":"https:\/\/d1dyryakdmle7o.cloudfront.net\/wp-content\/uploads\/2023\/05\/Logo-rond.png","contentUrl":"https:\/\/d1dyryakdmle7o.cloudfront.net\/wp-content\/uploads\/2023\/05\/Logo-rond.png","width":1222,"height":1222,"caption":"Jootjes Haakcadeautjes"},"image":{"@id":"https:\/\/www.jootjeshaakcadeautjes.nl\/fr\/#\/schema\/logo\/image\/"}}]},"product_price_amount":"1.50","product_price_currency":"EUR","og_availability":"instock","product_availability":"instock","product_retailer_item_id":"KNI-SPR-FOL","product_condition":"new"},"_links":{"self":[{"href":"https:\/\/www.jootjeshaakcadeautjes.nl\/fr\/wp-json\/wp\/v2\/product\/134791","targetHints":{"allow":["GET"]}}],"collection":[{"href":"https:\/\/www.jootjeshaakcadeautjes.nl\/fr\/wp-json\/wp\/v2\/product"}],"about":[{"href":"https:\/\/www.jootjeshaakcadeautjes.nl\/fr\/wp-json\/wp\/v2\/types\/product"}],"version-history":[{"count":0,"href":"https:\/\/www.jootjeshaakcadeautjes.nl\/fr\/wp-json\/wp\/v2\/product\/134791\/revisions"}],"wp:featuredmedia":[{"embeddable":true,"href":"https:\/\/www.jootjeshaakcadeautjes.nl\/fr\/wp-json\/wp\/v2\/media\/74208"}],"wp:attachment":[{"href":"https:\/\/www.jootjeshaakcadeautjes.nl\/fr\/wp-json\/wp\/v2\/media?parent=134791"}],"wp:term":[{"taxonomy":"product_brand","embeddable":true,"href":"https:\/\/www.jootjeshaakcadeautjes.nl\/fr\/wp-json\/wp\/v2\/product_brand?post=134791"},{"taxonomy":"product_cat","embeddable":true,"href":"https:\/\/www.jootjeshaakcadeautjes.nl\/fr\/wp-json\/wp\/v2\/product_cat?post=134791"},{"taxonomy":"product_tag","embeddable":true,"href":"https:\/\/www.jootjeshaakcadeautjes.nl\/fr\/wp-json\/wp\/v2\/product_tag?post=134791"}],"curies":[{"name":"wp","href":"https:\/\/api.w.org\/{rel}","templated":true}]}}