{"id":134792,"date":"2026-01-01T04:20:22","date_gmt":"2026-01-01T03:20:22","guid":{"rendered":"https:\/\/www.jootjeshaakcadeautjes.nl\/product\/coeur-de-perle-en-bois-12-mm-carre\/"},"modified":"2026-04-20T10:47:18","modified_gmt":"2026-04-20T08:47:18","slug":"coeur-de-perle-en-bois-12-mm-carre","status":"publish","type":"product","link":"https:\/\/www.jootjeshaakcadeautjes.nl\/fr\/produit\/coeur-de-perle-en-bois-12-mm-carre\/","title":{"rendered":"Perles lettres en bois &#8211; Coeur grav\u00e9 &#8211; carr\u00e9es &#8211; 12 mm &#8211; par pi\u00e8ce"},"content":{"rendered":"<h2>Perles lettres en bois &#8211; grav\u00e9es en forme de coeur &#8211; carr\u00e9es &#8211; 12 mm &#8211; vendues par pi\u00e8ce<\/h2>\n<p><em>Sp\u00e9cifications du produit :<\/em><\/p>\n<ul>\n<li><strong>Couleur :<\/strong> bois, h\u00eatre<\/li>\n<li><strong>Taille :<\/strong> 12 mm x 12 mm<\/li>\n<li><strong>Type :<\/strong> Grav\u00e9 sur quatre faces avec un c\u0153ur en bois. Orientation horizontale (trou de gauche \u00e0 droite) comme nos perles lettres en bois.<\/li>\n<li><strong>S\u00e9curit\u00e9 :<\/strong> sans BPA, phtalate, PVC, plomb et toxines<\/li>\n<li><strong>Certification :<\/strong> convient aux produits finis certifi\u00e9s CE<\/li>\n<li><strong>Disponibilit\u00e9 :<\/strong> Vendu \u00e0 l&#8217;unit\u00e9.<\/li>\n<\/ul>\n<p>Ces magnifiques perles lettres en bois offrent de nombreuses possibilit\u00e9s pour personnaliser vos cr\u00e9ations faites main. Parfaites pour ajouter un nom \u00e0 un cordon de t\u00e9tine, un anneau de dentition, un poussoir de landau ou un appareil de gymnastique pour b\u00e9b\u00e9, ces perles permettent de cr\u00e9er facilement un cadeau de maternit\u00e9 unique et personnalis\u00e9 ou de fabriquer des jouets pour votre propre enfant. Il est \u00e9galement tr\u00e8s amusant de l&#8217;utiliser comme porte-cl\u00e9s. Par exemple, avec un c\u0153ur entre les deux. Pensez \u00e0 une perle avec maman et un c\u0153ur, ou \u00e0 une perle avec un nom et un c\u0153ur, ou avec des lettres et un c\u0153ur. Pensez aux noms de vos enfants.<\/p>\n<p>Combinez-les sans effort avec notre autre gamme de perles en bois ou d&#8217;autres perles en silicone pour des possibilit\u00e9s de cr\u00e9ation infinies.<\/p>\n<h3>La qualit\u00e9 et la s\u00e9curit\u00e9 sont notre priorit\u00e9 :<\/h3>\n<p>Nous prenons au s\u00e9rieux la s\u00e9curit\u00e9 de nos produits. Tous les mat\u00e9riaux en silicone de notre gamme sont exempts de BPA et de phtalates. Aucune substance nocive n&#8217;est utilis\u00e9e dans la production de ces perles de lettres. En outre, tous nos produits en bois sont fabriqu\u00e9s \u00e0 partir de bois certifi\u00e9 FSC. Ils conviennent aussi bien aux b\u00e9b\u00e9s qu&#8217;aux enfants plus \u00e2g\u00e9s qui ressentent le besoin de mordre quelque chose.<\/p>\n<p>Nos perles de lettres en bois sont toutes :<\/p>\n<ul>\n<li><strong>Sans BPA ni phtalates :<\/strong> nos mat\u00e9riaux sont garantis sans substances nocives, vous pouvez donc les utiliser en toute confiance, m\u00eame pour les b\u00e9b\u00e9s.<\/li>\n<li><strong>Certification CE :<\/strong> ces perles sont test\u00e9es chimiquement et sont totalement s\u00fbres. Elles conviennent donc aux produits finis certifi\u00e9s CE, ce qui garantit que vous travaillez avec des mat\u00e9riaux de haute qualit\u00e9.<\/li>\n<li><strong>Durabilit\u00e9 :<\/strong> les perles sont robustes et ne s&#8217;usent pratiquement pas, ce qui permet \u00e0 vos cr\u00e9ations de durer longtemps.<\/li>\n<li><strong>Facile \u00e0 nettoyer :<\/strong> ces perles en bois sont faciles \u00e0 nettoyer \u00e0 l&#8217;aide d&#8217;un nettoyeur de moustaches. Ne jamais tremper les perles de bois dans l&#8217;eau. Le bois et l&#8217;eau ne font pas bon m\u00e9nage. Si vous souhaitez r\u00e9aliser un produit encore plus facile \u00e0 nettoyer, choisissez l&#8217;une de nos perles de lettres en silicone.<\/li>\n<\/ul>\n<h3>Avertissement :<\/h3>\n<p>Bien que nos perles soient de haute qualit\u00e9, il est important de toujours enfiler et nouer les perles de mani\u00e8re s\u00fbre. V\u00e9rifiez r\u00e9guli\u00e8rement l&#8217;\u00e9tat d&#8217;usure de vos produits artisanaux. Jootjes Haakcadeautjes ne v\u00e9rifie pas les produits finis et ne peut \u00eatre tenu responsable des dommages caus\u00e9s aux produits finis ou du desserrage des pi\u00e8ces d\u00fb \u00e0 l&#8217;usure. Nous recommandons que les jouets de dentition faits \u00e0 la main ne soient utilis\u00e9s que sous la surveillance d&#8217;un adulte afin d&#8217;\u00e9viter toute situation dangereuse.<\/p>\n","protected":false},"excerpt":{"rendered":"<p>Perles en bois Coeur grav\u00e9<\/p>\n<ul>\n<li>Taille : 12 mm<\/li>\n<li>Variante : carr\u00e9 avec c\u0153ur grav\u00e9.<\/li>\n<li>La perle comporte 4 fois un c\u0153ur.<\/li>\n<li>L&#8217;ouverture a un diam\u00e8tre d&#8217;environ 4 mm.<\/li>\n<\/ul>\n<p>Se combine parfaitement avec les perles de lettres en silicone de 12 mm de diam\u00e8tre.<\/p>\n","protected":false},"featured_media":68960,"template":"","meta":[],"product_brand":[],"product_cat":[7378,12602,12857,12858,10405],"product_tag":[7406,7521,7384,7401,10409,12316,7455,12343,7489,7197,7418,13218,12313,13639,13522,7392,10402,7395,7200],"class_list":{"0":"post-134792","1":"product","2":"type-product","3":"status-publish","4":"has-post-thumbnail","6":"product_cat-fabrication-de-jouets-de-dentition-pour-bebe-cordon-de-sucette-et-anneaux-de-dentition","7":"product_cat-perles-de-lettres-cordon-de-sucette-et-anneau-de-dentition","8":"product_cat-perles-de-lettres-en-bois","9":"product_cat-perles-de-lettres-en-bois-rondes-et-carrees","10":"product_cat-perles-en-bois-fil-de-sucette-et-anneau-de-dentition-toutes-les-perles-en-bois","11":"product_tag-12-fr","12":"product_tag-12-mm-fr","13":"product_tag-anneau-de-dentition","14":"product_tag-bebe","15":"product_tag-bois-fr","16":"product_tag-brut","17":"product_tag-chaine-de-landau","18":"product_tag-coeur-fr","19":"product_tag-crochet-pour-sac","20":"product_tag-en-bois","21":"product_tag-faux-cordon","22":"product_tag-gymnase","23":"product_tag-gymnastique-pour-bebes","24":"product_tag-jouets-pour-bebes","25":"product_tag-maxi-cosi-fr","26":"product_tag-mm-fr","27":"product_tag-pendentif","28":"product_tag-perle","29":"product_tag-perles","31":"first","32":"instock","33":"taxable","34":"shipping-taxable","35":"purchasable","36":"product-type-simple"},"bundled_by":[],"bundle_stock_status":"instock","bundle_stock_quantity":42,"bundle_virtual":false,"bundle_layout":"","bundle_add_to_cart_form_location":"","bundle_editable_in_cart":false,"bundle_sold_individually_context":"","bundle_item_grouping":"","bundle_min_size":"","bundle_max_size":"","bundle_price":[],"bundled_items":[],"bundle_sell_ids":[],"yoast_head":"<!-- This site is optimized with the Yoast SEO Premium plugin v27.6 (Yoast SEO v27.6) - https:\/\/yoast.com\/product\/yoast-seo-premium-wordpress\/ -->\n<title>Perles lettres en bois - Coeur grav\u00e9 - carr\u00e9es - 12 mm - par pi\u00e8ce - Jootjes Haakcadeautjes<\/title>\n<meta name=\"description\" content=\"Perles en bois avec c\u0153ur grav\u00e9 de 12 mm de diam\u00e8tre. Perle en bois pour anneau de dentition, cha\u00eene de landau, pendentif de sac, cordon de t\u00e9tine, anneau de dentition ou pendentif maxi-cosi.\" \/>\n<meta name=\"robots\" content=\"index, follow, max-snippet:-1, max-image-preview:large, max-video-preview:-1\" \/>\n<link rel=\"canonical\" href=\"https:\/\/www.jootjeshaakcadeautjes.nl\/fr\/produit\/coeur-de-perle-en-bois-12-mm-carre\/\" \/>\n<meta property=\"og:locale\" content=\"fr_FR\" \/>\n<meta property=\"og:type\" content=\"article\" \/>\n<meta property=\"og:title\" content=\"Perles lettres en bois - Coeur grav\u00e9 - carr\u00e9es - 12 mm - par pi\u00e8ce\" \/>\n<meta property=\"og:description\" content=\"Perles en bois avec c\u0153ur grav\u00e9 de 12 mm de diam\u00e8tre. Perle en bois pour anneau de dentition, cha\u00eene de landau, pendentif de sac, cordon de t\u00e9tine, anneau de dentition ou pendentif maxi-cosi.\" \/>\n<meta property=\"og:url\" content=\"https:\/\/www.jootjeshaakcadeautjes.nl\/fr\/produit\/coeur-de-perle-en-bois-12-mm-carre\/\" \/>\n<meta property=\"og:site_name\" content=\"Jootjes Haakcadeautjes\" \/>\n<meta property=\"article:modified_time\" content=\"2026-04-20T08:47:18+00:00\" \/>\n<meta property=\"og:image\" content=\"https:\/\/d1dyryakdmle7o.cloudfront.net\/wp-content\/uploads\/2020\/04\/20200411_143931.jpg\" \/>\n\t<meta property=\"og:image:width\" content=\"578\" \/>\n\t<meta property=\"og:image:height\" content=\"578\" \/>\n\t<meta property=\"og:image:type\" content=\"image\/jpeg\" \/>\n<meta name=\"twitter:card\" content=\"summary_large_image\" \/>\n<meta name=\"twitter:label1\" content=\"Prix\" \/>\n\t<meta name=\"twitter:data1\" content=\"&euro;0.32 TTC\" \/>\n\t<meta name=\"twitter:label2\" content=\"Disponibilit\u00e9\" \/>\n\t<meta name=\"twitter:data2\" content=\"En stock\" \/>\n<script type=\"application\/ld+json\" class=\"yoast-schema-graph\">{\"@context\":\"https:\\\/\\\/schema.org\",\"@graph\":[{\"@type\":\"WebPage\",\"@id\":\"https:\\\/\\\/www.jootjeshaakcadeautjes.nl\\\/fr\\\/produit\\\/coeur-de-perle-en-bois-12-mm-carre\\\/\",\"url\":\"https:\\\/\\\/www.jootjeshaakcadeautjes.nl\\\/fr\\\/produit\\\/coeur-de-perle-en-bois-12-mm-carre\\\/\",\"name\":\"Perles lettres en bois - Coeur grav\u00e9 - carr\u00e9es - 12 mm - par pi\u00e8ce - Jootjes Haakcadeautjes\",\"isPartOf\":{\"@id\":\"https:\\\/\\\/www.jootjeshaakcadeautjes.nl\\\/fr\\\/#website\"},\"primaryImageOfPage\":{\"@id\":\"https:\\\/\\\/www.jootjeshaakcadeautjes.nl\\\/fr\\\/produit\\\/coeur-de-perle-en-bois-12-mm-carre\\\/#primaryimage\"},\"image\":{\"@id\":\"https:\\\/\\\/www.jootjeshaakcadeautjes.nl\\\/fr\\\/produit\\\/coeur-de-perle-en-bois-12-mm-carre\\\/#primaryimage\"},\"thumbnailUrl\":\"https:\\\/\\\/d1dyryakdmle7o.cloudfront.net\\\/wp-content\\\/uploads\\\/2020\\\/04\\\/20200411_143931.jpg\",\"datePublished\":\"2026-01-01T03:20:22+00:00\",\"dateModified\":\"2026-04-20T08:47:18+00:00\",\"description\":\"Perles en bois avec c\u0153ur grav\u00e9 de 12 mm de diam\u00e8tre. Perle en bois pour anneau de dentition, cha\u00eene de landau, pendentif de sac, cordon de t\u00e9tine, anneau de dentition ou pendentif maxi-cosi.\",\"breadcrumb\":{\"@id\":\"https:\\\/\\\/www.jootjeshaakcadeautjes.nl\\\/fr\\\/produit\\\/coeur-de-perle-en-bois-12-mm-carre\\\/#breadcrumb\"},\"inLanguage\":\"fr-FR\",\"potentialAction\":[{\"@type\":\"ReadAction\",\"target\":[\"https:\\\/\\\/www.jootjeshaakcadeautjes.nl\\\/fr\\\/produit\\\/coeur-de-perle-en-bois-12-mm-carre\\\/\"]}]},{\"@type\":\"ImageObject\",\"inLanguage\":\"fr-FR\",\"@id\":\"https:\\\/\\\/www.jootjeshaakcadeautjes.nl\\\/fr\\\/produit\\\/coeur-de-perle-en-bois-12-mm-carre\\\/#primaryimage\",\"url\":\"https:\\\/\\\/d1dyryakdmle7o.cloudfront.net\\\/wp-content\\\/uploads\\\/2020\\\/04\\\/20200411_143931.jpg\",\"contentUrl\":\"https:\\\/\\\/d1dyryakdmle7o.cloudfront.net\\\/wp-content\\\/uploads\\\/2020\\\/04\\\/20200411_143931.jpg\",\"width\":578,\"height\":578,\"caption\":\"Perles en bois grav\u00e9es c\u0153ur 12 mm de diam\u00e8tre\"},{\"@type\":\"BreadcrumbList\",\"@id\":\"https:\\\/\\\/www.jootjeshaakcadeautjes.nl\\\/fr\\\/produit\\\/coeur-de-perle-en-bois-12-mm-carre\\\/#breadcrumb\",\"itemListElement\":[{\"@type\":\"ListItem\",\"position\":1,\"name\":\"Accueil\",\"item\":\"https:\\\/\\\/www.jootjeshaakcadeautjes.nl\\\/fr\\\/\"},{\"@type\":\"ListItem\",\"position\":2,\"name\":\"Commerce de gros de perles en silicone &#8211; Entreprises et consommateurs\",\"item\":\"https:\\\/\\\/www.jootjeshaakcadeautjes.nl\\\/fr\\\/boutique\\\/\"},{\"@type\":\"ListItem\",\"position\":3,\"name\":\"Perles lettres en bois &#8211; Coeur grav\u00e9 &#8211; carr\u00e9es &#8211; 12 mm &#8211; par pi\u00e8ce\"}]},{\"@type\":\"WebSite\",\"@id\":\"https:\\\/\\\/www.jootjeshaakcadeautjes.nl\\\/fr\\\/#website\",\"url\":\"https:\\\/\\\/www.jootjeshaakcadeautjes.nl\\\/fr\\\/\",\"name\":\"Jootjes Haakcadeautjes\",\"description\":\"Grossiste en perles de silicone\",\"publisher\":{\"@id\":\"https:\\\/\\\/www.jootjeshaakcadeautjes.nl\\\/fr\\\/#organization\"},\"potentialAction\":[{\"@type\":\"SearchAction\",\"target\":{\"@type\":\"EntryPoint\",\"urlTemplate\":\"https:\\\/\\\/www.jootjeshaakcadeautjes.nl\\\/fr\\\/?s={search_term_string}\"},\"query-input\":{\"@type\":\"PropertyValueSpecification\",\"valueRequired\":true,\"valueName\":\"search_term_string\"}}],\"inLanguage\":\"fr-FR\"},{\"@type\":\"Organization\",\"@id\":\"https:\\\/\\\/www.jootjeshaakcadeautjes.nl\\\/fr\\\/#organization\",\"name\":\"Jootjes Haakcadeautjes\",\"url\":\"https:\\\/\\\/www.jootjeshaakcadeautjes.nl\\\/fr\\\/\",\"logo\":{\"@type\":\"ImageObject\",\"inLanguage\":\"fr-FR\",\"@id\":\"https:\\\/\\\/www.jootjeshaakcadeautjes.nl\\\/fr\\\/#\\\/schema\\\/logo\\\/image\\\/\",\"url\":\"https:\\\/\\\/d1dyryakdmle7o.cloudfront.net\\\/wp-content\\\/uploads\\\/2023\\\/05\\\/Logo-rond.png\",\"contentUrl\":\"https:\\\/\\\/d1dyryakdmle7o.cloudfront.net\\\/wp-content\\\/uploads\\\/2023\\\/05\\\/Logo-rond.png\",\"width\":1222,\"height\":1222,\"caption\":\"Jootjes Haakcadeautjes\"},\"image\":{\"@id\":\"https:\\\/\\\/www.jootjeshaakcadeautjes.nl\\\/fr\\\/#\\\/schema\\\/logo\\\/image\\\/\"}}]}<\/script>\n<meta property=\"product:price:amount\" content=\"0.32\" \/>\n<meta property=\"product:price:currency\" content=\"EUR\" \/>\n<meta property=\"og:availability\" content=\"instock\" \/>\n<meta property=\"product:availability\" content=\"instock\" \/>\n<meta property=\"product:retailer_item_id\" content=\"HKR-HAR-012\" \/>\n<meta property=\"product:condition\" content=\"new\" \/>\n<!-- \/ Yoast SEO Premium plugin. -->","yoast_head_json":{"title":"Perles lettres en bois - Coeur grav\u00e9 - carr\u00e9es - 12 mm - par pi\u00e8ce - Jootjes Haakcadeautjes","description":"Perles en bois avec c\u0153ur grav\u00e9 de 12 mm de diam\u00e8tre. Perle en bois pour anneau de dentition, cha\u00eene de landau, pendentif de sac, cordon de t\u00e9tine, anneau de dentition ou pendentif maxi-cosi.","robots":{"index":"index","follow":"follow","max-snippet":"max-snippet:-1","max-image-preview":"max-image-preview:large","max-video-preview":"max-video-preview:-1"},"canonical":"https:\/\/www.jootjeshaakcadeautjes.nl\/fr\/produit\/coeur-de-perle-en-bois-12-mm-carre\/","og_locale":"fr_FR","og_type":"article","og_title":"Perles lettres en bois - Coeur grav\u00e9 - carr\u00e9es - 12 mm - par pi\u00e8ce","og_description":"Perles en bois avec c\u0153ur grav\u00e9 de 12 mm de diam\u00e8tre. Perle en bois pour anneau de dentition, cha\u00eene de landau, pendentif de sac, cordon de t\u00e9tine, anneau de dentition ou pendentif maxi-cosi.","og_url":"https:\/\/www.jootjeshaakcadeautjes.nl\/fr\/produit\/coeur-de-perle-en-bois-12-mm-carre\/","og_site_name":"Jootjes Haakcadeautjes","article_modified_time":"2026-04-20T08:47:18+00:00","og_image":[{"width":578,"height":578,"url":"https:\/\/d1dyryakdmle7o.cloudfront.net\/wp-content\/uploads\/2020\/04\/20200411_143931.jpg","type":"image\/jpeg"}],"twitter_card":"summary_large_image","twitter_misc":{"Prix":"&euro;0.32 TTC","Disponibilit\u00e9":"En stock"},"schema":{"@context":"https:\/\/schema.org","@graph":[{"@type":"WebPage","@id":"https:\/\/www.jootjeshaakcadeautjes.nl\/fr\/produit\/coeur-de-perle-en-bois-12-mm-carre\/","url":"https:\/\/www.jootjeshaakcadeautjes.nl\/fr\/produit\/coeur-de-perle-en-bois-12-mm-carre\/","name":"Perles lettres en bois - Coeur grav\u00e9 - carr\u00e9es - 12 mm - par pi\u00e8ce - Jootjes Haakcadeautjes","isPartOf":{"@id":"https:\/\/www.jootjeshaakcadeautjes.nl\/fr\/#website"},"primaryImageOfPage":{"@id":"https:\/\/www.jootjeshaakcadeautjes.nl\/fr\/produit\/coeur-de-perle-en-bois-12-mm-carre\/#primaryimage"},"image":{"@id":"https:\/\/www.jootjeshaakcadeautjes.nl\/fr\/produit\/coeur-de-perle-en-bois-12-mm-carre\/#primaryimage"},"thumbnailUrl":"https:\/\/d1dyryakdmle7o.cloudfront.net\/wp-content\/uploads\/2020\/04\/20200411_143931.jpg","datePublished":"2026-01-01T03:20:22+00:00","dateModified":"2026-04-20T08:47:18+00:00","description":"Perles en bois avec c\u0153ur grav\u00e9 de 12 mm de diam\u00e8tre. Perle en bois pour anneau de dentition, cha\u00eene de landau, pendentif de sac, cordon de t\u00e9tine, anneau de dentition ou pendentif maxi-cosi.","breadcrumb":{"@id":"https:\/\/www.jootjeshaakcadeautjes.nl\/fr\/produit\/coeur-de-perle-en-bois-12-mm-carre\/#breadcrumb"},"inLanguage":"fr-FR","potentialAction":[{"@type":"ReadAction","target":["https:\/\/www.jootjeshaakcadeautjes.nl\/fr\/produit\/coeur-de-perle-en-bois-12-mm-carre\/"]}]},{"@type":"ImageObject","inLanguage":"fr-FR","@id":"https:\/\/www.jootjeshaakcadeautjes.nl\/fr\/produit\/coeur-de-perle-en-bois-12-mm-carre\/#primaryimage","url":"https:\/\/d1dyryakdmle7o.cloudfront.net\/wp-content\/uploads\/2020\/04\/20200411_143931.jpg","contentUrl":"https:\/\/d1dyryakdmle7o.cloudfront.net\/wp-content\/uploads\/2020\/04\/20200411_143931.jpg","width":578,"height":578,"caption":"Perles en bois grav\u00e9es c\u0153ur 12 mm de diam\u00e8tre"},{"@type":"BreadcrumbList","@id":"https:\/\/www.jootjeshaakcadeautjes.nl\/fr\/produit\/coeur-de-perle-en-bois-12-mm-carre\/#breadcrumb","itemListElement":[{"@type":"ListItem","position":1,"name":"Accueil","item":"https:\/\/www.jootjeshaakcadeautjes.nl\/fr\/"},{"@type":"ListItem","position":2,"name":"Commerce de gros de perles en silicone &#8211; Entreprises et consommateurs","item":"https:\/\/www.jootjeshaakcadeautjes.nl\/fr\/boutique\/"},{"@type":"ListItem","position":3,"name":"Perles lettres en bois &#8211; Coeur grav\u00e9 &#8211; carr\u00e9es &#8211; 12 mm &#8211; par pi\u00e8ce"}]},{"@type":"WebSite","@id":"https:\/\/www.jootjeshaakcadeautjes.nl\/fr\/#website","url":"https:\/\/www.jootjeshaakcadeautjes.nl\/fr\/","name":"Jootjes Haakcadeautjes","description":"Grossiste en perles de silicone","publisher":{"@id":"https:\/\/www.jootjeshaakcadeautjes.nl\/fr\/#organization"},"potentialAction":[{"@type":"SearchAction","target":{"@type":"EntryPoint","urlTemplate":"https:\/\/www.jootjeshaakcadeautjes.nl\/fr\/?s={search_term_string}"},"query-input":{"@type":"PropertyValueSpecification","valueRequired":true,"valueName":"search_term_string"}}],"inLanguage":"fr-FR"},{"@type":"Organization","@id":"https:\/\/www.jootjeshaakcadeautjes.nl\/fr\/#organization","name":"Jootjes Haakcadeautjes","url":"https:\/\/www.jootjeshaakcadeautjes.nl\/fr\/","logo":{"@type":"ImageObject","inLanguage":"fr-FR","@id":"https:\/\/www.jootjeshaakcadeautjes.nl\/fr\/#\/schema\/logo\/image\/","url":"https:\/\/d1dyryakdmle7o.cloudfront.net\/wp-content\/uploads\/2023\/05\/Logo-rond.png","contentUrl":"https:\/\/d1dyryakdmle7o.cloudfront.net\/wp-content\/uploads\/2023\/05\/Logo-rond.png","width":1222,"height":1222,"caption":"Jootjes Haakcadeautjes"},"image":{"@id":"https:\/\/www.jootjeshaakcadeautjes.nl\/fr\/#\/schema\/logo\/image\/"}}]},"product_price_amount":"0.32","product_price_currency":"EUR","og_availability":"instock","product_availability":"instock","product_retailer_item_id":"HKR-HAR-012","product_condition":"new"},"_links":{"self":[{"href":"https:\/\/www.jootjeshaakcadeautjes.nl\/fr\/wp-json\/wp\/v2\/product\/134792","targetHints":{"allow":["GET"]}}],"collection":[{"href":"https:\/\/www.jootjeshaakcadeautjes.nl\/fr\/wp-json\/wp\/v2\/product"}],"about":[{"href":"https:\/\/www.jootjeshaakcadeautjes.nl\/fr\/wp-json\/wp\/v2\/types\/product"}],"version-history":[{"count":1,"href":"https:\/\/www.jootjeshaakcadeautjes.nl\/fr\/wp-json\/wp\/v2\/product\/134792\/revisions"}],"predecessor-version":[{"id":278977,"href":"https:\/\/www.jootjeshaakcadeautjes.nl\/fr\/wp-json\/wp\/v2\/product\/134792\/revisions\/278977"}],"wp:featuredmedia":[{"embeddable":true,"href":"https:\/\/www.jootjeshaakcadeautjes.nl\/fr\/wp-json\/wp\/v2\/media\/68960"}],"wp:attachment":[{"href":"https:\/\/www.jootjeshaakcadeautjes.nl\/fr\/wp-json\/wp\/v2\/media?parent=134792"}],"wp:term":[{"taxonomy":"product_brand","embeddable":true,"href":"https:\/\/www.jootjeshaakcadeautjes.nl\/fr\/wp-json\/wp\/v2\/product_brand?post=134792"},{"taxonomy":"product_cat","embeddable":true,"href":"https:\/\/www.jootjeshaakcadeautjes.nl\/fr\/wp-json\/wp\/v2\/product_cat?post=134792"},{"taxonomy":"product_tag","embeddable":true,"href":"https:\/\/www.jootjeshaakcadeautjes.nl\/fr\/wp-json\/wp\/v2\/product_tag?post=134792"}],"curies":[{"name":"wp","href":"https:\/\/api.w.org\/{rel}","templated":true}]}}