{"id":134814,"date":"2020-11-21T10:05:02","date_gmt":"2020-11-21T09:05:02","guid":{"rendered":"https:\/\/www.jootjeshaakcadeautjes.nl\/product\/perles-en-bois-crochets-de-marionnettes-souriantes-hetre-20-mm\/"},"modified":"2025-03-11T16:58:06","modified_gmt":"2025-03-11T15:58:06","slug":"perles-en-bois-crochets-de-marionnettes-souriantes-hetre-20-mm","status":"publish","type":"product","link":"https:\/\/www.jootjeshaakcadeautjes.nl\/fr\/produit\/perles-en-bois-crochets-de-marionnettes-souriantes-hetre-20-mm\/","title":{"rendered":"Perle en bois &#8211; Visage\/Sourire &#8211; Fabriquer une poup\u00e9e porte-bonheur &#8211; Bois de h\u00eatre &#8211; 20 mm"},"content":{"rendered":"<p><strong>Perle en bois &#8211; Crochets pour poup\u00e9es souriantes\/chanceuses &#8211; Bois de h\u00eatre &#8211; grav\u00e9 &#8211; 20 mm  <\/strong><\/p>\n<p>Fabriqu\u00e9 en bois de h\u00eatre brut et donc totalement s\u00fbr (non laqu\u00e9, teint\u00e9 ou huil\u00e9). Les perles sont polies et parfaitement lisses. En outre, ces perles en h\u00eatre de 20 mm sont orn\u00e9es d&#8217;un visage\/smiley grav\u00e9. Ces perles en bois sont donc la variante de meilleure qualit\u00e9 des <a href=\"https:\/\/www.jootjeshaakcadeautjes.nl\/fr\/produit\/perles-en-bois-poupee-sourire-et-chance\/\">perles en bois d&#8217;\u00e9rable avec face grav\u00e9e<\/a>. Cette version en h\u00eatre et en \u00e9rable est largement utilis\u00e9e pour fabriquer des poup\u00e9es de fortune. Juste pour le plaisir, pour un moment sp\u00e9cial ou pour se faire plaisir, par exemple. En outre, nous sommes fiers de dire que nos perles ont \u00e9galement \u00e9t\u00e9 utilis\u00e9es par de nombreuses organisations caritatives pour fabriquer des porte-bonheur pour des moments particuliers.<\/p>\n<p>Les perles sont grav\u00e9es avec une grande qualit\u00e9. La gravure est facile \u00e0 lire, m\u00eame \u00e0 distance, et chaque perle comporte pas moins de deux faces ! Ainsi, il y a toujours un visage \u00e0 voir. Les perles sont perc\u00e9es et ont une ouverture de 4 mm de diam\u00e8tre. Cela permet d&#8217;enfiler les perles deux fois sans probl\u00e8me avec tous nos types de <a href=\"\/?product_cat=satijnkoord-bijtring-speenkoord\">cordons de satin<\/a>.<\/p>\n<p>Mais ces perles ne sont pas seulement connues pour leur utilisation dans une poup\u00e9e porte-bonheur, elles peuvent aussi \u00eatre parfaitement utilis\u00e9es, par exemple, dans un attache-t\u00e9tine, un anneau de dentition, un collier d&#8217;allaitement ou d&#8217;autres jouets de dentition pour b\u00e9b\u00e9.<\/p>\n","protected":false},"excerpt":{"rendered":"<p>Mati\u00e8re : Perles en bois de h\u00eatre lisse de 20 mm de diam\u00e8tre avec Smiley\/visage grav\u00e9.<br \/>\nFinition : la perle est polie lisse. La gravure est facile \u00e0 lire. Chaque perle comporte 2 smileys\/faces. Les perles sont enfil\u00e9es dans une ouverture d&#8217;environ 4 mm de diam\u00e8tre.<\/p>\n<p>&nbsp;<\/p>\n","protected":false},"featured_media":74580,"template":"","meta":[],"product_brand":[],"product_cat":[7378,6994,12308,10405,10408,12499,12310],"product_tag":[7448,10489,7384,10409,12653,12316,7455,12311,7197,7418,12313,10414,13639,7395,7200,7209,13126,13856],"class_list":{"0":"post-134814","1":"product","2":"type-product","3":"status-publish","4":"has-post-thumbnail","6":"product_cat-fabrication-de-jouets-de-dentition-pour-bebe-cordon-de-sucette-et-anneaux-de-dentition","7":"product_cat-gravure-au-laser-produits-cadeaux","8":"product_cat-materiel-de-bricolage-et-de-crochet","9":"product_cat-perles-en-bois-fil-de-sucette-et-anneau-de-dentition-toutes-les-perles-en-bois","10":"product_cat-perles-en-bois-gravees-pour-cordon-de-sucette-et-anneau-de-dentition","11":"product_cat-perles-en-silicone-luckyjos-luckyjos","12":"product_cat-poupees-chanceuses-diy-perles-et-fournitures","13":"product_tag-20-mm-fr","14":"product_tag-20mm-fr","15":"product_tag-anneau-de-dentition","16":"product_tag-bois-fr","17":"product_tag-bois-de-hetre-fr","18":"product_tag-brut","19":"product_tag-chaine-de-landau","20":"product_tag-crochets","21":"product_tag-en-bois","22":"product_tag-faux-cordon","23":"product_tag-gymnastique-pour-bebes","24":"product_tag-hetre","25":"product_tag-jouets-pour-bebes","26":"product_tag-perle","27":"product_tag-perles","28":"product_tag-poupee-porte-bonheur","29":"product_tag-sourire","30":"product_tag-visage","32":"first","33":"instock","34":"taxable","35":"shipping-taxable","36":"purchasable","37":"product-type-simple"},"bundled_by":[],"bundle_stock_status":"instock","bundle_stock_quantity":590,"bundle_virtual":false,"bundle_layout":"","bundle_add_to_cart_form_location":"","bundle_editable_in_cart":false,"bundle_sold_individually_context":"","bundle_item_grouping":"","bundle_min_size":"","bundle_max_size":"","bundle_price":[],"bundled_items":[],"bundle_sell_ids":[],"yoast_head":"<!-- This site is optimized with the Yoast SEO Premium plugin v27.6 (Yoast SEO v27.6) - https:\/\/yoast.com\/product\/yoast-seo-premium-wordpress\/ -->\n<title>Perle en bois avec smiley pour poup\u00e9es porte-bonheur - h\u00eatre - 20 mm<\/title>\n<meta name=\"description\" content=\"Perle en bois avec smiley en bois de h\u00eatre pour les poup\u00e9es porte-bonheur. La perle en bois mesure 20 mm et pr\u00e9sente une face lisible des deux c\u00f4t\u00e9s.\" \/>\n<meta name=\"robots\" content=\"index, follow, max-snippet:-1, max-image-preview:large, max-video-preview:-1\" \/>\n<link rel=\"canonical\" href=\"https:\/\/www.jootjeshaakcadeautjes.nl\/fr\/produit\/perles-en-bois-crochets-de-marionnettes-souriantes-hetre-20-mm\/\" \/>\n<meta property=\"og:locale\" content=\"fr_FR\" \/>\n<meta property=\"og:type\" content=\"article\" \/>\n<meta property=\"og:title\" content=\"Perle en bois - Visage\/Sourire - Fabriquer une poup\u00e9e porte-bonheur - Bois de h\u00eatre - 20 mm\" \/>\n<meta property=\"og:description\" content=\"Perle en bois avec smiley en bois de h\u00eatre pour les poup\u00e9es porte-bonheur. La perle en bois mesure 20 mm et pr\u00e9sente une face lisible des deux c\u00f4t\u00e9s.\" \/>\n<meta property=\"og:url\" content=\"https:\/\/www.jootjeshaakcadeautjes.nl\/fr\/produit\/perles-en-bois-crochets-de-marionnettes-souriantes-hetre-20-mm\/\" \/>\n<meta property=\"og:site_name\" content=\"Jootjes Haakcadeautjes\" \/>\n<meta property=\"article:modified_time\" content=\"2025-03-11T15:58:06+00:00\" \/>\n<meta property=\"og:image\" content=\"https:\/\/www.jootjeshaakcadeautjes.nl\/wp-content\/uploads\/2020\/11\/20201122_003350.jpg\" \/>\n\t<meta property=\"og:image:width\" content=\"1830\" \/>\n\t<meta property=\"og:image:height\" content=\"1830\" \/>\n\t<meta property=\"og:image:type\" content=\"image\/jpeg\" \/>\n<meta name=\"twitter:card\" content=\"summary_large_image\" \/>\n<meta name=\"twitter:label1\" content=\"Prix\" \/>\n\t<meta name=\"twitter:data1\" content=\"&euro;0.60 TTC\" \/>\n\t<meta name=\"twitter:label2\" content=\"Disponibilit\u00e9\" \/>\n\t<meta name=\"twitter:data2\" content=\"En stock\" \/>\n<script type=\"application\/ld+json\" class=\"yoast-schema-graph\">{\"@context\":\"https:\\\/\\\/schema.org\",\"@graph\":[{\"@type\":\"WebPage\",\"@id\":\"https:\\\/\\\/www.jootjeshaakcadeautjes.nl\\\/fr\\\/produit\\\/perles-en-bois-crochets-de-marionnettes-souriantes-hetre-20-mm\\\/\",\"url\":\"https:\\\/\\\/www.jootjeshaakcadeautjes.nl\\\/fr\\\/produit\\\/perles-en-bois-crochets-de-marionnettes-souriantes-hetre-20-mm\\\/\",\"name\":\"Perle en bois avec smiley pour poup\u00e9es porte-bonheur - h\u00eatre - 20 mm\",\"isPartOf\":{\"@id\":\"https:\\\/\\\/www.jootjeshaakcadeautjes.nl\\\/fr\\\/#website\"},\"primaryImageOfPage\":{\"@id\":\"https:\\\/\\\/www.jootjeshaakcadeautjes.nl\\\/fr\\\/produit\\\/perles-en-bois-crochets-de-marionnettes-souriantes-hetre-20-mm\\\/#primaryimage\"},\"image\":{\"@id\":\"https:\\\/\\\/www.jootjeshaakcadeautjes.nl\\\/fr\\\/produit\\\/perles-en-bois-crochets-de-marionnettes-souriantes-hetre-20-mm\\\/#primaryimage\"},\"thumbnailUrl\":\"https:\\\/\\\/d1dyryakdmle7o.cloudfront.net\\\/wp-content\\\/uploads\\\/2020\\\/11\\\/20201122_003350.jpg\",\"datePublished\":\"2020-11-21T09:05:02+00:00\",\"dateModified\":\"2025-03-11T15:58:06+00:00\",\"description\":\"Perle en bois avec smiley en bois de h\u00eatre pour les poup\u00e9es porte-bonheur. La perle en bois mesure 20 mm et pr\u00e9sente une face lisible des deux c\u00f4t\u00e9s.\",\"breadcrumb\":{\"@id\":\"https:\\\/\\\/www.jootjeshaakcadeautjes.nl\\\/fr\\\/produit\\\/perles-en-bois-crochets-de-marionnettes-souriantes-hetre-20-mm\\\/#breadcrumb\"},\"inLanguage\":\"fr-FR\",\"potentialAction\":[{\"@type\":\"ReadAction\",\"target\":[\"https:\\\/\\\/www.jootjeshaakcadeautjes.nl\\\/fr\\\/produit\\\/perles-en-bois-crochets-de-marionnettes-souriantes-hetre-20-mm\\\/\"]}]},{\"@type\":\"ImageObject\",\"inLanguage\":\"fr-FR\",\"@id\":\"https:\\\/\\\/www.jootjeshaakcadeautjes.nl\\\/fr\\\/produit\\\/perles-en-bois-crochets-de-marionnettes-souriantes-hetre-20-mm\\\/#primaryimage\",\"url\":\"https:\\\/\\\/d1dyryakdmle7o.cloudfront.net\\\/wp-content\\\/uploads\\\/2020\\\/11\\\/20201122_003350.jpg\",\"contentUrl\":\"https:\\\/\\\/d1dyryakdmle7o.cloudfront.net\\\/wp-content\\\/uploads\\\/2020\\\/11\\\/20201122_003350.jpg\",\"width\":1830,\"height\":1830},{\"@type\":\"BreadcrumbList\",\"@id\":\"https:\\\/\\\/www.jootjeshaakcadeautjes.nl\\\/fr\\\/produit\\\/perles-en-bois-crochets-de-marionnettes-souriantes-hetre-20-mm\\\/#breadcrumb\",\"itemListElement\":[{\"@type\":\"ListItem\",\"position\":1,\"name\":\"Accueil\",\"item\":\"https:\\\/\\\/www.jootjeshaakcadeautjes.nl\\\/fr\\\/\"},{\"@type\":\"ListItem\",\"position\":2,\"name\":\"Commerce de gros de perles en silicone &#8211; Entreprises et consommateurs\",\"item\":\"https:\\\/\\\/www.jootjeshaakcadeautjes.nl\\\/fr\\\/boutique\\\/\"},{\"@type\":\"ListItem\",\"position\":3,\"name\":\"Perle en bois &#8211; Visage\\\/Sourire &#8211; Fabriquer une poup\u00e9e porte-bonheur &#8211; Bois de h\u00eatre &#8211; 20 mm\"}]},{\"@type\":\"WebSite\",\"@id\":\"https:\\\/\\\/www.jootjeshaakcadeautjes.nl\\\/fr\\\/#website\",\"url\":\"https:\\\/\\\/www.jootjeshaakcadeautjes.nl\\\/fr\\\/\",\"name\":\"Jootjes Haakcadeautjes\",\"description\":\"Grossiste en perles de silicone\",\"publisher\":{\"@id\":\"https:\\\/\\\/www.jootjeshaakcadeautjes.nl\\\/fr\\\/#organization\"},\"potentialAction\":[{\"@type\":\"SearchAction\",\"target\":{\"@type\":\"EntryPoint\",\"urlTemplate\":\"https:\\\/\\\/www.jootjeshaakcadeautjes.nl\\\/fr\\\/?s={search_term_string}\"},\"query-input\":{\"@type\":\"PropertyValueSpecification\",\"valueRequired\":true,\"valueName\":\"search_term_string\"}}],\"inLanguage\":\"fr-FR\"},{\"@type\":\"Organization\",\"@id\":\"https:\\\/\\\/www.jootjeshaakcadeautjes.nl\\\/fr\\\/#organization\",\"name\":\"Jootjes Haakcadeautjes\",\"url\":\"https:\\\/\\\/www.jootjeshaakcadeautjes.nl\\\/fr\\\/\",\"logo\":{\"@type\":\"ImageObject\",\"inLanguage\":\"fr-FR\",\"@id\":\"https:\\\/\\\/www.jootjeshaakcadeautjes.nl\\\/fr\\\/#\\\/schema\\\/logo\\\/image\\\/\",\"url\":\"https:\\\/\\\/d1dyryakdmle7o.cloudfront.net\\\/wp-content\\\/uploads\\\/2023\\\/05\\\/Logo-rond.png\",\"contentUrl\":\"https:\\\/\\\/d1dyryakdmle7o.cloudfront.net\\\/wp-content\\\/uploads\\\/2023\\\/05\\\/Logo-rond.png\",\"width\":1222,\"height\":1222,\"caption\":\"Jootjes Haakcadeautjes\"},\"image\":{\"@id\":\"https:\\\/\\\/www.jootjeshaakcadeautjes.nl\\\/fr\\\/#\\\/schema\\\/logo\\\/image\\\/\"}}]}<\/script>\n<meta property=\"product:price:amount\" content=\"0.60\" \/>\n<meta property=\"product:price:currency\" content=\"EUR\" \/>\n<meta property=\"og:availability\" content=\"instock\" \/>\n<meta property=\"product:availability\" content=\"instock\" \/>\n<meta property=\"product:retailer_item_id\" content=\"HKR-BHA-SMI\" \/>\n<meta property=\"product:condition\" content=\"new\" \/>\n<!-- \/ Yoast SEO Premium plugin. -->","yoast_head_json":{"title":"Perle en bois avec smiley pour poup\u00e9es porte-bonheur - h\u00eatre - 20 mm","description":"Perle en bois avec smiley en bois de h\u00eatre pour les poup\u00e9es porte-bonheur. La perle en bois mesure 20 mm et pr\u00e9sente une face lisible des deux c\u00f4t\u00e9s.","robots":{"index":"index","follow":"follow","max-snippet":"max-snippet:-1","max-image-preview":"max-image-preview:large","max-video-preview":"max-video-preview:-1"},"canonical":"https:\/\/www.jootjeshaakcadeautjes.nl\/fr\/produit\/perles-en-bois-crochets-de-marionnettes-souriantes-hetre-20-mm\/","og_locale":"fr_FR","og_type":"article","og_title":"Perle en bois - Visage\/Sourire - Fabriquer une poup\u00e9e porte-bonheur - Bois de h\u00eatre - 20 mm","og_description":"Perle en bois avec smiley en bois de h\u00eatre pour les poup\u00e9es porte-bonheur. La perle en bois mesure 20 mm et pr\u00e9sente une face lisible des deux c\u00f4t\u00e9s.","og_url":"https:\/\/www.jootjeshaakcadeautjes.nl\/fr\/produit\/perles-en-bois-crochets-de-marionnettes-souriantes-hetre-20-mm\/","og_site_name":"Jootjes Haakcadeautjes","article_modified_time":"2025-03-11T15:58:06+00:00","og_image":[{"width":1830,"height":1830,"url":"https:\/\/www.jootjeshaakcadeautjes.nl\/wp-content\/uploads\/2020\/11\/20201122_003350.jpg","type":"image\/jpeg"}],"twitter_card":"summary_large_image","twitter_misc":{"Prix":"&euro;0.60 TTC","Disponibilit\u00e9":"En stock"},"schema":{"@context":"https:\/\/schema.org","@graph":[{"@type":"WebPage","@id":"https:\/\/www.jootjeshaakcadeautjes.nl\/fr\/produit\/perles-en-bois-crochets-de-marionnettes-souriantes-hetre-20-mm\/","url":"https:\/\/www.jootjeshaakcadeautjes.nl\/fr\/produit\/perles-en-bois-crochets-de-marionnettes-souriantes-hetre-20-mm\/","name":"Perle en bois avec smiley pour poup\u00e9es porte-bonheur - h\u00eatre - 20 mm","isPartOf":{"@id":"https:\/\/www.jootjeshaakcadeautjes.nl\/fr\/#website"},"primaryImageOfPage":{"@id":"https:\/\/www.jootjeshaakcadeautjes.nl\/fr\/produit\/perles-en-bois-crochets-de-marionnettes-souriantes-hetre-20-mm\/#primaryimage"},"image":{"@id":"https:\/\/www.jootjeshaakcadeautjes.nl\/fr\/produit\/perles-en-bois-crochets-de-marionnettes-souriantes-hetre-20-mm\/#primaryimage"},"thumbnailUrl":"https:\/\/d1dyryakdmle7o.cloudfront.net\/wp-content\/uploads\/2020\/11\/20201122_003350.jpg","datePublished":"2020-11-21T09:05:02+00:00","dateModified":"2025-03-11T15:58:06+00:00","description":"Perle en bois avec smiley en bois de h\u00eatre pour les poup\u00e9es porte-bonheur. La perle en bois mesure 20 mm et pr\u00e9sente une face lisible des deux c\u00f4t\u00e9s.","breadcrumb":{"@id":"https:\/\/www.jootjeshaakcadeautjes.nl\/fr\/produit\/perles-en-bois-crochets-de-marionnettes-souriantes-hetre-20-mm\/#breadcrumb"},"inLanguage":"fr-FR","potentialAction":[{"@type":"ReadAction","target":["https:\/\/www.jootjeshaakcadeautjes.nl\/fr\/produit\/perles-en-bois-crochets-de-marionnettes-souriantes-hetre-20-mm\/"]}]},{"@type":"ImageObject","inLanguage":"fr-FR","@id":"https:\/\/www.jootjeshaakcadeautjes.nl\/fr\/produit\/perles-en-bois-crochets-de-marionnettes-souriantes-hetre-20-mm\/#primaryimage","url":"https:\/\/d1dyryakdmle7o.cloudfront.net\/wp-content\/uploads\/2020\/11\/20201122_003350.jpg","contentUrl":"https:\/\/d1dyryakdmle7o.cloudfront.net\/wp-content\/uploads\/2020\/11\/20201122_003350.jpg","width":1830,"height":1830},{"@type":"BreadcrumbList","@id":"https:\/\/www.jootjeshaakcadeautjes.nl\/fr\/produit\/perles-en-bois-crochets-de-marionnettes-souriantes-hetre-20-mm\/#breadcrumb","itemListElement":[{"@type":"ListItem","position":1,"name":"Accueil","item":"https:\/\/www.jootjeshaakcadeautjes.nl\/fr\/"},{"@type":"ListItem","position":2,"name":"Commerce de gros de perles en silicone &#8211; Entreprises et consommateurs","item":"https:\/\/www.jootjeshaakcadeautjes.nl\/fr\/boutique\/"},{"@type":"ListItem","position":3,"name":"Perle en bois &#8211; Visage\/Sourire &#8211; Fabriquer une poup\u00e9e porte-bonheur &#8211; Bois de h\u00eatre &#8211; 20 mm"}]},{"@type":"WebSite","@id":"https:\/\/www.jootjeshaakcadeautjes.nl\/fr\/#website","url":"https:\/\/www.jootjeshaakcadeautjes.nl\/fr\/","name":"Jootjes Haakcadeautjes","description":"Grossiste en perles de silicone","publisher":{"@id":"https:\/\/www.jootjeshaakcadeautjes.nl\/fr\/#organization"},"potentialAction":[{"@type":"SearchAction","target":{"@type":"EntryPoint","urlTemplate":"https:\/\/www.jootjeshaakcadeautjes.nl\/fr\/?s={search_term_string}"},"query-input":{"@type":"PropertyValueSpecification","valueRequired":true,"valueName":"search_term_string"}}],"inLanguage":"fr-FR"},{"@type":"Organization","@id":"https:\/\/www.jootjeshaakcadeautjes.nl\/fr\/#organization","name":"Jootjes Haakcadeautjes","url":"https:\/\/www.jootjeshaakcadeautjes.nl\/fr\/","logo":{"@type":"ImageObject","inLanguage":"fr-FR","@id":"https:\/\/www.jootjeshaakcadeautjes.nl\/fr\/#\/schema\/logo\/image\/","url":"https:\/\/d1dyryakdmle7o.cloudfront.net\/wp-content\/uploads\/2023\/05\/Logo-rond.png","contentUrl":"https:\/\/d1dyryakdmle7o.cloudfront.net\/wp-content\/uploads\/2023\/05\/Logo-rond.png","width":1222,"height":1222,"caption":"Jootjes Haakcadeautjes"},"image":{"@id":"https:\/\/www.jootjeshaakcadeautjes.nl\/fr\/#\/schema\/logo\/image\/"}}]},"product_price_amount":"0.60","product_price_currency":"EUR","og_availability":"instock","product_availability":"instock","product_retailer_item_id":"HKR-BHA-SMI","product_condition":"new"},"_links":{"self":[{"href":"https:\/\/www.jootjeshaakcadeautjes.nl\/fr\/wp-json\/wp\/v2\/product\/134814","targetHints":{"allow":["GET"]}}],"collection":[{"href":"https:\/\/www.jootjeshaakcadeautjes.nl\/fr\/wp-json\/wp\/v2\/product"}],"about":[{"href":"https:\/\/www.jootjeshaakcadeautjes.nl\/fr\/wp-json\/wp\/v2\/types\/product"}],"version-history":[{"count":0,"href":"https:\/\/www.jootjeshaakcadeautjes.nl\/fr\/wp-json\/wp\/v2\/product\/134814\/revisions"}],"wp:featuredmedia":[{"embeddable":true,"href":"https:\/\/www.jootjeshaakcadeautjes.nl\/fr\/wp-json\/wp\/v2\/media\/74580"}],"wp:attachment":[{"href":"https:\/\/www.jootjeshaakcadeautjes.nl\/fr\/wp-json\/wp\/v2\/media?parent=134814"}],"wp:term":[{"taxonomy":"product_brand","embeddable":true,"href":"https:\/\/www.jootjeshaakcadeautjes.nl\/fr\/wp-json\/wp\/v2\/product_brand?post=134814"},{"taxonomy":"product_cat","embeddable":true,"href":"https:\/\/www.jootjeshaakcadeautjes.nl\/fr\/wp-json\/wp\/v2\/product_cat?post=134814"},{"taxonomy":"product_tag","embeddable":true,"href":"https:\/\/www.jootjeshaakcadeautjes.nl\/fr\/wp-json\/wp\/v2\/product_tag?post=134814"}],"curies":[{"name":"wp","href":"https:\/\/api.w.org\/{rel}","templated":true}]}}