{"id":134817,"date":"2020-11-20T22:20:20","date_gmt":"2020-11-20T21:20:20","guid":{"rendered":"https:\/\/www.jootjeshaakcadeautjes.nl\/product\/perles-en-bois-mini-perles-oiseau-avec-trous-pour-perles-rondes-hetre\/"},"modified":"2026-02-19T12:40:43","modified_gmt":"2026-02-19T11:40:43","slug":"perles-en-bois-mini-perles-oiseau-avec-trous-pour-perles-rondes-hetre","status":"publish","type":"product","link":"https:\/\/www.jootjeshaakcadeautjes.nl\/fr\/produit\/perles-en-bois-mini-perles-oiseau-avec-trous-pour-perles-rondes-hetre\/","title":{"rendered":"Perle en bois &#8211; Oiseau avec trous &#8211; Rowable &#8211; Bois de h\u00eatre"},"content":{"rendered":"<p>Mat\u00e9riau : Bois de h\u00eatre lisse, non trait\u00e9 (sans produits chimiques).<br \/>\nQualit\u00e9 : 100% adapt\u00e9 aux enfants (certifi\u00e9 CE)<br \/>\nVariante : perle en bois assortie aux figurines de piq\u00fbres d&#8217;oiseaux en bois<br \/>\nDimensions : 35 mm de large x 21 mm de haut (sens du b\u00e2ti)<br \/>\nAvec des trous en haut et en bas. La perle est pour ainsi dire perc\u00e9e du dos au ventre de l&#8217;oiseau.<br \/>\nL&#8217;oiseau a donc \u00e9t\u00e9 transperc\u00e9 en hauteur.<\/p>\n<p>Utilis\u00e9 pour les cordons de t\u00e9tine, les anneaux de dentition, les colliers d&#8217;allaitement, les suspensions de sacs et bien d&#8217;autres choses encore.<\/p>\n","protected":false},"excerpt":{"rendered":"<p>Perle en bois assortie \u00e0 la figure de morsure oiseau<\/p>\n<p>&#8211; Variante : Mini perle de dentition &#8211; Avec trous pour l&#8217;enfilage.<br \/>\n&#8211; Mat\u00e9riau : Bois de h\u00eatre non trait\u00e9 100% adapt\u00e9 aux enfants<br \/>\n&#8211; Dimensions : 35 mm de large x 21 mm de haut (sens du b\u00e2ti)<br \/>\n&#8211; Vendu \u00e0 l&#8217;unit\u00e9.<\/p>\n<p>&nbsp;<\/p>\n","protected":false},"featured_media":70505,"template":"","meta":[],"product_brand":[],"product_cat":[7378,13490,10405,13493],"product_tag":[13449,12298,7384,13869,10409,12316,10295,7197,10414,7475,7508,13498,13692,7395,7200,12672],"class_list":{"0":"post-134817","1":"product","2":"type-product","3":"status-publish","4":"has-post-thumbnail","6":"product_cat-fabrication-de-jouets-de-dentition-pour-bebe-cordon-de-sucette-et-anneaux-de-dentition","7":"product_cat-perles-en-bois-bois-de-hetre-attache-sucette-et-anneau-de-dentition","8":"product_cat-perles-en-bois-fil-de-sucette-et-anneau-de-dentition-toutes-les-perles-en-bois","9":"product_cat-perles-en-bois-pour-le-macrame-et-le-crochet","10":"product_tag-adapte-aux-enfants","11":"product_tag-anneau","12":"product_tag-anneau-de-dentition","13":"product_tag-autour-de-fr","14":"product_tag-bois-fr","15":"product_tag-brut","16":"product_tag-certifie-fr","17":"product_tag-en-bois","18":"product_tag-hetre","19":"product_tag-mini-fr","20":"product_tag-morsure","21":"product_tag-non-traite","22":"product_tag-oiseau-fr","23":"product_tag-perle","24":"product_tag-perles","25":"product_tag-petits-trous","27":"first","28":"instock","29":"taxable","30":"shipping-taxable","31":"purchasable","32":"product-type-simple"},"bundled_by":[],"bundle_stock_status":"instock","bundle_stock_quantity":64,"bundle_virtual":false,"bundle_layout":"","bundle_add_to_cart_form_location":"","bundle_editable_in_cart":false,"bundle_sold_individually_context":"","bundle_item_grouping":"","bundle_min_size":"","bundle_max_size":"","bundle_price":[],"bundled_items":[],"bundle_sell_ids":[],"yoast_head":"<!-- This site is optimized with the Yoast SEO Premium plugin v27.6 (Yoast SEO v27.6) - https:\/\/yoast.com\/product\/yoast-seo-premium-wordpress\/ -->\n<title>Perles en h\u00eatre - Mini anneau de dentition en bois oiseau - Pour perles tout autour<\/title>\n<meta name=\"description\" content=\"Anneau en bois avec des trous pour entourer la perle. Pour anneau de dentition ou cordon de t\u00e9tine. Certifi\u00e9 CE. Envoi ou retrait sur rendez-vous \u00e0 IJsselstein.\" \/>\n<meta name=\"robots\" content=\"index, follow, max-snippet:-1, max-image-preview:large, max-video-preview:-1\" \/>\n<link rel=\"canonical\" href=\"https:\/\/www.jootjeshaakcadeautjes.nl\/fr\/produit\/perles-en-bois-mini-perles-oiseau-avec-trous-pour-perles-rondes-hetre\/\" \/>\n<meta property=\"og:locale\" content=\"fr_FR\" \/>\n<meta property=\"og:type\" content=\"article\" \/>\n<meta property=\"og:title\" content=\"Perle en bois - Oiseau avec trous - Rowable - Bois de h\u00eatre\" \/>\n<meta property=\"og:description\" content=\"Anneau en bois avec des trous pour entourer la perle. Pour anneau de dentition ou cordon de t\u00e9tine. Certifi\u00e9 CE. Envoi ou retrait sur rendez-vous \u00e0 IJsselstein.\" \/>\n<meta property=\"og:url\" content=\"https:\/\/www.jootjeshaakcadeautjes.nl\/fr\/produit\/perles-en-bois-mini-perles-oiseau-avec-trous-pour-perles-rondes-hetre\/\" \/>\n<meta property=\"og:site_name\" content=\"Jootjes Haakcadeautjes\" \/>\n<meta property=\"article:modified_time\" content=\"2026-02-19T11:40:43+00:00\" \/>\n<meta property=\"og:image\" content=\"https:\/\/www.jootjeshaakcadeautjes.nl\/wp-content\/uploads\/2020\/07\/20200725_150846.jpg\" \/>\n\t<meta property=\"og:image:width\" content=\"1355\" \/>\n\t<meta property=\"og:image:height\" content=\"1356\" \/>\n\t<meta property=\"og:image:type\" content=\"image\/jpeg\" \/>\n<meta name=\"twitter:card\" content=\"summary_large_image\" \/>\n<meta name=\"twitter:label1\" content=\"Prix\" \/>\n\t<meta name=\"twitter:data1\" content=\"&euro;0.75 TTC\" \/>\n\t<meta name=\"twitter:label2\" content=\"Disponibilit\u00e9\" \/>\n\t<meta name=\"twitter:data2\" content=\"En stock\" \/>\n<script type=\"application\/ld+json\" class=\"yoast-schema-graph\">{\"@context\":\"https:\\\/\\\/schema.org\",\"@graph\":[{\"@type\":\"WebPage\",\"@id\":\"https:\\\/\\\/www.jootjeshaakcadeautjes.nl\\\/fr\\\/produit\\\/perles-en-bois-mini-perles-oiseau-avec-trous-pour-perles-rondes-hetre\\\/\",\"url\":\"https:\\\/\\\/www.jootjeshaakcadeautjes.nl\\\/fr\\\/produit\\\/perles-en-bois-mini-perles-oiseau-avec-trous-pour-perles-rondes-hetre\\\/\",\"name\":\"Perles en h\u00eatre - Mini anneau de dentition en bois oiseau - Pour perles tout autour\",\"isPartOf\":{\"@id\":\"https:\\\/\\\/www.jootjeshaakcadeautjes.nl\\\/fr\\\/#website\"},\"primaryImageOfPage\":{\"@id\":\"https:\\\/\\\/www.jootjeshaakcadeautjes.nl\\\/fr\\\/produit\\\/perles-en-bois-mini-perles-oiseau-avec-trous-pour-perles-rondes-hetre\\\/#primaryimage\"},\"image\":{\"@id\":\"https:\\\/\\\/www.jootjeshaakcadeautjes.nl\\\/fr\\\/produit\\\/perles-en-bois-mini-perles-oiseau-avec-trous-pour-perles-rondes-hetre\\\/#primaryimage\"},\"thumbnailUrl\":\"https:\\\/\\\/d1dyryakdmle7o.cloudfront.net\\\/wp-content\\\/uploads\\\/2020\\\/07\\\/20200725_150846.jpg\",\"datePublished\":\"2020-11-20T21:20:20+00:00\",\"dateModified\":\"2026-02-19T11:40:43+00:00\",\"description\":\"Anneau en bois avec des trous pour entourer la perle. Pour anneau de dentition ou cordon de t\u00e9tine. Certifi\u00e9 CE. Envoi ou retrait sur rendez-vous \u00e0 IJsselstein.\",\"breadcrumb\":{\"@id\":\"https:\\\/\\\/www.jootjeshaakcadeautjes.nl\\\/fr\\\/produit\\\/perles-en-bois-mini-perles-oiseau-avec-trous-pour-perles-rondes-hetre\\\/#breadcrumb\"},\"inLanguage\":\"fr-FR\",\"potentialAction\":[{\"@type\":\"ReadAction\",\"target\":[\"https:\\\/\\\/www.jootjeshaakcadeautjes.nl\\\/fr\\\/produit\\\/perles-en-bois-mini-perles-oiseau-avec-trous-pour-perles-rondes-hetre\\\/\"]}]},{\"@type\":\"ImageObject\",\"inLanguage\":\"fr-FR\",\"@id\":\"https:\\\/\\\/www.jootjeshaakcadeautjes.nl\\\/fr\\\/produit\\\/perles-en-bois-mini-perles-oiseau-avec-trous-pour-perles-rondes-hetre\\\/#primaryimage\",\"url\":\"https:\\\/\\\/d1dyryakdmle7o.cloudfront.net\\\/wp-content\\\/uploads\\\/2020\\\/07\\\/20200725_150846.jpg\",\"contentUrl\":\"https:\\\/\\\/d1dyryakdmle7o.cloudfront.net\\\/wp-content\\\/uploads\\\/2020\\\/07\\\/20200725_150846.jpg\",\"width\":1355,\"height\":1356,\"caption\":\"Anneau de dentition mini perle en bois perle oiseau avec trous\"},{\"@type\":\"BreadcrumbList\",\"@id\":\"https:\\\/\\\/www.jootjeshaakcadeautjes.nl\\\/fr\\\/produit\\\/perles-en-bois-mini-perles-oiseau-avec-trous-pour-perles-rondes-hetre\\\/#breadcrumb\",\"itemListElement\":[{\"@type\":\"ListItem\",\"position\":1,\"name\":\"Accueil\",\"item\":\"https:\\\/\\\/www.jootjeshaakcadeautjes.nl\\\/fr\\\/\"},{\"@type\":\"ListItem\",\"position\":2,\"name\":\"Commerce de gros de perles en silicone &#8211; Entreprises et consommateurs\",\"item\":\"https:\\\/\\\/www.jootjeshaakcadeautjes.nl\\\/fr\\\/boutique\\\/\"},{\"@type\":\"ListItem\",\"position\":3,\"name\":\"Perle en bois &#8211; Oiseau avec trous &#8211; Rowable &#8211; Bois de h\u00eatre\"}]},{\"@type\":\"WebSite\",\"@id\":\"https:\\\/\\\/www.jootjeshaakcadeautjes.nl\\\/fr\\\/#website\",\"url\":\"https:\\\/\\\/www.jootjeshaakcadeautjes.nl\\\/fr\\\/\",\"name\":\"Jootjes Haakcadeautjes\",\"description\":\"Grossiste en perles de silicone\",\"publisher\":{\"@id\":\"https:\\\/\\\/www.jootjeshaakcadeautjes.nl\\\/fr\\\/#organization\"},\"potentialAction\":[{\"@type\":\"SearchAction\",\"target\":{\"@type\":\"EntryPoint\",\"urlTemplate\":\"https:\\\/\\\/www.jootjeshaakcadeautjes.nl\\\/fr\\\/?s={search_term_string}\"},\"query-input\":{\"@type\":\"PropertyValueSpecification\",\"valueRequired\":true,\"valueName\":\"search_term_string\"}}],\"inLanguage\":\"fr-FR\"},{\"@type\":\"Organization\",\"@id\":\"https:\\\/\\\/www.jootjeshaakcadeautjes.nl\\\/fr\\\/#organization\",\"name\":\"Jootjes Haakcadeautjes\",\"url\":\"https:\\\/\\\/www.jootjeshaakcadeautjes.nl\\\/fr\\\/\",\"logo\":{\"@type\":\"ImageObject\",\"inLanguage\":\"fr-FR\",\"@id\":\"https:\\\/\\\/www.jootjeshaakcadeautjes.nl\\\/fr\\\/#\\\/schema\\\/logo\\\/image\\\/\",\"url\":\"https:\\\/\\\/d1dyryakdmle7o.cloudfront.net\\\/wp-content\\\/uploads\\\/2023\\\/05\\\/Logo-rond.png\",\"contentUrl\":\"https:\\\/\\\/d1dyryakdmle7o.cloudfront.net\\\/wp-content\\\/uploads\\\/2023\\\/05\\\/Logo-rond.png\",\"width\":1222,\"height\":1222,\"caption\":\"Jootjes Haakcadeautjes\"},\"image\":{\"@id\":\"https:\\\/\\\/www.jootjeshaakcadeautjes.nl\\\/fr\\\/#\\\/schema\\\/logo\\\/image\\\/\"}}]}<\/script>\n<meta property=\"product:price:amount\" content=\"0.75\" \/>\n<meta property=\"product:price:currency\" content=\"EUR\" \/>\n<meta property=\"og:availability\" content=\"instock\" \/>\n<meta property=\"product:availability\" content=\"instock\" \/>\n<meta property=\"product:retailer_item_id\" content=\"HOU-KRL-VGL\" \/>\n<meta property=\"product:condition\" content=\"new\" \/>\n<!-- \/ Yoast SEO Premium plugin. -->","yoast_head_json":{"title":"Perles en h\u00eatre - Mini anneau de dentition en bois oiseau - Pour perles tout autour","description":"Anneau en bois avec des trous pour entourer la perle. Pour anneau de dentition ou cordon de t\u00e9tine. Certifi\u00e9 CE. Envoi ou retrait sur rendez-vous \u00e0 IJsselstein.","robots":{"index":"index","follow":"follow","max-snippet":"max-snippet:-1","max-image-preview":"max-image-preview:large","max-video-preview":"max-video-preview:-1"},"canonical":"https:\/\/www.jootjeshaakcadeautjes.nl\/fr\/produit\/perles-en-bois-mini-perles-oiseau-avec-trous-pour-perles-rondes-hetre\/","og_locale":"fr_FR","og_type":"article","og_title":"Perle en bois - Oiseau avec trous - Rowable - Bois de h\u00eatre","og_description":"Anneau en bois avec des trous pour entourer la perle. Pour anneau de dentition ou cordon de t\u00e9tine. Certifi\u00e9 CE. Envoi ou retrait sur rendez-vous \u00e0 IJsselstein.","og_url":"https:\/\/www.jootjeshaakcadeautjes.nl\/fr\/produit\/perles-en-bois-mini-perles-oiseau-avec-trous-pour-perles-rondes-hetre\/","og_site_name":"Jootjes Haakcadeautjes","article_modified_time":"2026-02-19T11:40:43+00:00","og_image":[{"width":1355,"height":1356,"url":"https:\/\/www.jootjeshaakcadeautjes.nl\/wp-content\/uploads\/2020\/07\/20200725_150846.jpg","type":"image\/jpeg"}],"twitter_card":"summary_large_image","twitter_misc":{"Prix":"&euro;0.75 TTC","Disponibilit\u00e9":"En stock"},"schema":{"@context":"https:\/\/schema.org","@graph":[{"@type":"WebPage","@id":"https:\/\/www.jootjeshaakcadeautjes.nl\/fr\/produit\/perles-en-bois-mini-perles-oiseau-avec-trous-pour-perles-rondes-hetre\/","url":"https:\/\/www.jootjeshaakcadeautjes.nl\/fr\/produit\/perles-en-bois-mini-perles-oiseau-avec-trous-pour-perles-rondes-hetre\/","name":"Perles en h\u00eatre - Mini anneau de dentition en bois oiseau - Pour perles tout autour","isPartOf":{"@id":"https:\/\/www.jootjeshaakcadeautjes.nl\/fr\/#website"},"primaryImageOfPage":{"@id":"https:\/\/www.jootjeshaakcadeautjes.nl\/fr\/produit\/perles-en-bois-mini-perles-oiseau-avec-trous-pour-perles-rondes-hetre\/#primaryimage"},"image":{"@id":"https:\/\/www.jootjeshaakcadeautjes.nl\/fr\/produit\/perles-en-bois-mini-perles-oiseau-avec-trous-pour-perles-rondes-hetre\/#primaryimage"},"thumbnailUrl":"https:\/\/d1dyryakdmle7o.cloudfront.net\/wp-content\/uploads\/2020\/07\/20200725_150846.jpg","datePublished":"2020-11-20T21:20:20+00:00","dateModified":"2026-02-19T11:40:43+00:00","description":"Anneau en bois avec des trous pour entourer la perle. Pour anneau de dentition ou cordon de t\u00e9tine. Certifi\u00e9 CE. Envoi ou retrait sur rendez-vous \u00e0 IJsselstein.","breadcrumb":{"@id":"https:\/\/www.jootjeshaakcadeautjes.nl\/fr\/produit\/perles-en-bois-mini-perles-oiseau-avec-trous-pour-perles-rondes-hetre\/#breadcrumb"},"inLanguage":"fr-FR","potentialAction":[{"@type":"ReadAction","target":["https:\/\/www.jootjeshaakcadeautjes.nl\/fr\/produit\/perles-en-bois-mini-perles-oiseau-avec-trous-pour-perles-rondes-hetre\/"]}]},{"@type":"ImageObject","inLanguage":"fr-FR","@id":"https:\/\/www.jootjeshaakcadeautjes.nl\/fr\/produit\/perles-en-bois-mini-perles-oiseau-avec-trous-pour-perles-rondes-hetre\/#primaryimage","url":"https:\/\/d1dyryakdmle7o.cloudfront.net\/wp-content\/uploads\/2020\/07\/20200725_150846.jpg","contentUrl":"https:\/\/d1dyryakdmle7o.cloudfront.net\/wp-content\/uploads\/2020\/07\/20200725_150846.jpg","width":1355,"height":1356,"caption":"Anneau de dentition mini perle en bois perle oiseau avec trous"},{"@type":"BreadcrumbList","@id":"https:\/\/www.jootjeshaakcadeautjes.nl\/fr\/produit\/perles-en-bois-mini-perles-oiseau-avec-trous-pour-perles-rondes-hetre\/#breadcrumb","itemListElement":[{"@type":"ListItem","position":1,"name":"Accueil","item":"https:\/\/www.jootjeshaakcadeautjes.nl\/fr\/"},{"@type":"ListItem","position":2,"name":"Commerce de gros de perles en silicone &#8211; Entreprises et consommateurs","item":"https:\/\/www.jootjeshaakcadeautjes.nl\/fr\/boutique\/"},{"@type":"ListItem","position":3,"name":"Perle en bois &#8211; Oiseau avec trous &#8211; Rowable &#8211; Bois de h\u00eatre"}]},{"@type":"WebSite","@id":"https:\/\/www.jootjeshaakcadeautjes.nl\/fr\/#website","url":"https:\/\/www.jootjeshaakcadeautjes.nl\/fr\/","name":"Jootjes Haakcadeautjes","description":"Grossiste en perles de silicone","publisher":{"@id":"https:\/\/www.jootjeshaakcadeautjes.nl\/fr\/#organization"},"potentialAction":[{"@type":"SearchAction","target":{"@type":"EntryPoint","urlTemplate":"https:\/\/www.jootjeshaakcadeautjes.nl\/fr\/?s={search_term_string}"},"query-input":{"@type":"PropertyValueSpecification","valueRequired":true,"valueName":"search_term_string"}}],"inLanguage":"fr-FR"},{"@type":"Organization","@id":"https:\/\/www.jootjeshaakcadeautjes.nl\/fr\/#organization","name":"Jootjes Haakcadeautjes","url":"https:\/\/www.jootjeshaakcadeautjes.nl\/fr\/","logo":{"@type":"ImageObject","inLanguage":"fr-FR","@id":"https:\/\/www.jootjeshaakcadeautjes.nl\/fr\/#\/schema\/logo\/image\/","url":"https:\/\/d1dyryakdmle7o.cloudfront.net\/wp-content\/uploads\/2023\/05\/Logo-rond.png","contentUrl":"https:\/\/d1dyryakdmle7o.cloudfront.net\/wp-content\/uploads\/2023\/05\/Logo-rond.png","width":1222,"height":1222,"caption":"Jootjes Haakcadeautjes"},"image":{"@id":"https:\/\/www.jootjeshaakcadeautjes.nl\/fr\/#\/schema\/logo\/image\/"}}]},"product_price_amount":"0.75","product_price_currency":"EUR","og_availability":"instock","product_availability":"instock","product_retailer_item_id":"HOU-KRL-VGL","product_condition":"new"},"_links":{"self":[{"href":"https:\/\/www.jootjeshaakcadeautjes.nl\/fr\/wp-json\/wp\/v2\/product\/134817","targetHints":{"allow":["GET"]}}],"collection":[{"href":"https:\/\/www.jootjeshaakcadeautjes.nl\/fr\/wp-json\/wp\/v2\/product"}],"about":[{"href":"https:\/\/www.jootjeshaakcadeautjes.nl\/fr\/wp-json\/wp\/v2\/types\/product"}],"version-history":[{"count":0,"href":"https:\/\/www.jootjeshaakcadeautjes.nl\/fr\/wp-json\/wp\/v2\/product\/134817\/revisions"}],"wp:featuredmedia":[{"embeddable":true,"href":"https:\/\/www.jootjeshaakcadeautjes.nl\/fr\/wp-json\/wp\/v2\/media\/70505"}],"wp:attachment":[{"href":"https:\/\/www.jootjeshaakcadeautjes.nl\/fr\/wp-json\/wp\/v2\/media?parent=134817"}],"wp:term":[{"taxonomy":"product_brand","embeddable":true,"href":"https:\/\/www.jootjeshaakcadeautjes.nl\/fr\/wp-json\/wp\/v2\/product_brand?post=134817"},{"taxonomy":"product_cat","embeddable":true,"href":"https:\/\/www.jootjeshaakcadeautjes.nl\/fr\/wp-json\/wp\/v2\/product_cat?post=134817"},{"taxonomy":"product_tag","embeddable":true,"href":"https:\/\/www.jootjeshaakcadeautjes.nl\/fr\/wp-json\/wp\/v2\/product_tag?post=134817"}],"curies":[{"name":"wp","href":"https:\/\/api.w.org\/{rel}","templated":true}]}}