{"id":134819,"date":"2020-11-21T00:00:29","date_gmt":"2020-11-20T22:00:29","guid":{"rendered":"https:\/\/www.jootjeshaakcadeautjes.nl\/product\/perles-de-bois-coeur-25-mm\/"},"modified":"2026-02-19T12:41:56","modified_gmt":"2026-02-19T11:41:56","slug":"perles-de-bois-coeur-25-mm","status":"publish","type":"product","link":"https:\/\/www.jootjeshaakcadeautjes.nl\/fr\/produit\/perles-de-bois-coeur-25-mm\/","title":{"rendered":"Perle en bois &#8211; Coeur &#8211; 25 mm &#8211; Bois de h\u00eatre"},"content":{"rendered":"<p>Mat\u00e9riau : Bois de h\u00eatre non trait\u00e9, 100% s\u00e9curit\u00e9 enfants.<br \/>\nQualit\u00e9 : adapt\u00e9e aux enfants (certifi\u00e9e CE)<br \/>\nVariante : c\u0153ur<br \/>\nDimensions : 25 mm x 24 mm x 8 mm d&#8217;\u00e9paisseur.<\/p>\n<p>Utilis\u00e9 pour les cordons de t\u00e9tine, les anneaux de dentition, les colliers d&#8217;allaitement, les suspensions de sacs et bien d&#8217;autres choses encore.<\/p>\n<p>Ces perles, combin\u00e9es \u00e0 nos autres perles en bois et perles de lettres en bois, forment la combinaison parfaite pour un cordon de mannequin en bois exclusif et durable.<\/p>\n","protected":false},"excerpt":{"rendered":"<p>Perles en bois en forme de c\u0153ur<\/p>\n<p>&#8211; Variante : c\u0153ur<br \/>\n&#8211; Mat\u00e9riau : bois de h\u00eatre non trait\u00e9 100% s\u00e9curit\u00e9 enfants.<br \/>\n&#8211; Taille : 25 mm x 24 mm, 8 mm d&#8217;\u00e9paisseur.<br \/>\n&#8211; Vendu \u00e0 l&#8217;unit\u00e9.<br \/>\n&#8211; Certifi\u00e9 CE.<\/p>\n<p>&nbsp;<\/p>\n","protected":false},"featured_media":68834,"template":"","meta":[],"product_brand":[],"product_cat":[7378,13490,10405,13493],"product_tag":[13449,7384,10409,12316,10295,12343,7197,13858,10414,7395,7200],"class_list":{"0":"post-134819","1":"product","2":"type-product","3":"status-publish","4":"has-post-thumbnail","6":"product_cat-fabrication-de-jouets-de-dentition-pour-bebe-cordon-de-sucette-et-anneaux-de-dentition","7":"product_cat-perles-en-bois-bois-de-hetre-attache-sucette-et-anneau-de-dentition","8":"product_cat-perles-en-bois-fil-de-sucette-et-anneau-de-dentition-toutes-les-perles-en-bois","9":"product_cat-perles-en-bois-pour-le-macrame-et-le-crochet","10":"product_tag-adapte-aux-enfants","11":"product_tag-anneau-de-dentition","12":"product_tag-bois-fr","13":"product_tag-brut","14":"product_tag-certifie-fr","15":"product_tag-coeur-fr","16":"product_tag-en-bois","17":"product_tag-en-forme-de-coeur","18":"product_tag-hetre","19":"product_tag-perle","20":"product_tag-perles","22":"first","23":"instock","24":"taxable","25":"shipping-taxable","26":"purchasable","27":"product-type-simple"},"bundled_by":[],"bundle_stock_status":"instock","bundle_stock_quantity":37,"bundle_virtual":false,"bundle_layout":"","bundle_add_to_cart_form_location":"","bundle_editable_in_cart":false,"bundle_sold_individually_context":"","bundle_item_grouping":"","bundle_min_size":"","bundle_max_size":"","bundle_price":[],"bundled_items":[],"bundle_sell_ids":[],"yoast_head":"<!-- This site is optimized with the Yoast SEO Premium plugin v27.6 (Yoast SEO v27.6) - https:\/\/yoast.com\/product\/yoast-seo-premium-wordpress\/ -->\n<title>Perle en bois - Coeur - 25 mm - Bois de h\u00eatre - Jootjes Haakcadeautjes<\/title>\n<meta name=\"description\" content=\"Perles en bois en forme de c\u0153ur - un c\u0153ur pour une pause agr\u00e9able dans votre anneau de dentition ou votre cordon de t\u00e9tine. Disponible en stock. Nulle part moins cher ! 100% \u00e0 l&#039;\u00e9preuve des enfants.\" \/>\n<meta name=\"robots\" content=\"index, follow, max-snippet:-1, max-image-preview:large, max-video-preview:-1\" \/>\n<link rel=\"canonical\" href=\"https:\/\/www.jootjeshaakcadeautjes.nl\/fr\/produit\/perles-de-bois-coeur-25-mm\/\" \/>\n<meta property=\"og:locale\" content=\"fr_FR\" \/>\n<meta property=\"og:type\" content=\"article\" \/>\n<meta property=\"og:title\" content=\"Perle en bois - Coeur - 25 mm - Bois de h\u00eatre\" \/>\n<meta property=\"og:description\" content=\"Perles en bois en forme de c\u0153ur - un c\u0153ur pour une pause agr\u00e9able dans votre anneau de dentition ou votre cordon de t\u00e9tine. Disponible en stock. Nulle part moins cher ! 100% \u00e0 l&#039;\u00e9preuve des enfants.\" \/>\n<meta property=\"og:url\" content=\"https:\/\/www.jootjeshaakcadeautjes.nl\/fr\/produit\/perles-de-bois-coeur-25-mm\/\" \/>\n<meta property=\"og:site_name\" content=\"Jootjes Haakcadeautjes\" \/>\n<meta property=\"article:modified_time\" content=\"2026-02-19T11:41:56+00:00\" \/>\n<meta property=\"og:image\" content=\"https:\/\/www.jootjeshaakcadeautjes.nl\/wp-content\/uploads\/2020\/04\/20200330_211348-2.jpg\" \/>\n\t<meta property=\"og:image:width\" content=\"779\" \/>\n\t<meta property=\"og:image:height\" content=\"779\" \/>\n\t<meta property=\"og:image:type\" content=\"image\/jpeg\" \/>\n<meta name=\"twitter:card\" content=\"summary_large_image\" \/>\n<meta name=\"twitter:label1\" content=\"Prix\" \/>\n\t<meta name=\"twitter:data1\" content=\"&euro;0.60 TTC\" \/>\n\t<meta name=\"twitter:label2\" content=\"Disponibilit\u00e9\" \/>\n\t<meta name=\"twitter:data2\" content=\"En stock\" \/>\n<script type=\"application\/ld+json\" class=\"yoast-schema-graph\">{\"@context\":\"https:\\\/\\\/schema.org\",\"@graph\":[{\"@type\":\"WebPage\",\"@id\":\"https:\\\/\\\/www.jootjeshaakcadeautjes.nl\\\/fr\\\/produit\\\/perles-de-bois-coeur-25-mm\\\/\",\"url\":\"https:\\\/\\\/www.jootjeshaakcadeautjes.nl\\\/fr\\\/produit\\\/perles-de-bois-coeur-25-mm\\\/\",\"name\":\"Perle en bois - Coeur - 25 mm - Bois de h\u00eatre - Jootjes Haakcadeautjes\",\"isPartOf\":{\"@id\":\"https:\\\/\\\/www.jootjeshaakcadeautjes.nl\\\/fr\\\/#website\"},\"primaryImageOfPage\":{\"@id\":\"https:\\\/\\\/www.jootjeshaakcadeautjes.nl\\\/fr\\\/produit\\\/perles-de-bois-coeur-25-mm\\\/#primaryimage\"},\"image\":{\"@id\":\"https:\\\/\\\/www.jootjeshaakcadeautjes.nl\\\/fr\\\/produit\\\/perles-de-bois-coeur-25-mm\\\/#primaryimage\"},\"thumbnailUrl\":\"https:\\\/\\\/d1dyryakdmle7o.cloudfront.net\\\/wp-content\\\/uploads\\\/2020\\\/04\\\/20200330_211348-2.jpg\",\"datePublished\":\"2020-11-20T22:00:29+00:00\",\"dateModified\":\"2026-02-19T11:41:56+00:00\",\"description\":\"Perles en bois en forme de c\u0153ur - un c\u0153ur pour une pause agr\u00e9able dans votre anneau de dentition ou votre cordon de t\u00e9tine. Disponible en stock. Nulle part moins cher ! 100% \u00e0 l'\u00e9preuve des enfants.\",\"breadcrumb\":{\"@id\":\"https:\\\/\\\/www.jootjeshaakcadeautjes.nl\\\/fr\\\/produit\\\/perles-de-bois-coeur-25-mm\\\/#breadcrumb\"},\"inLanguage\":\"fr-FR\",\"potentialAction\":[{\"@type\":\"ReadAction\",\"target\":[\"https:\\\/\\\/www.jootjeshaakcadeautjes.nl\\\/fr\\\/produit\\\/perles-de-bois-coeur-25-mm\\\/\"]}]},{\"@type\":\"ImageObject\",\"inLanguage\":\"fr-FR\",\"@id\":\"https:\\\/\\\/www.jootjeshaakcadeautjes.nl\\\/fr\\\/produit\\\/perles-de-bois-coeur-25-mm\\\/#primaryimage\",\"url\":\"https:\\\/\\\/d1dyryakdmle7o.cloudfront.net\\\/wp-content\\\/uploads\\\/2020\\\/04\\\/20200330_211348-2.jpg\",\"contentUrl\":\"https:\\\/\\\/d1dyryakdmle7o.cloudfront.net\\\/wp-content\\\/uploads\\\/2020\\\/04\\\/20200330_211348-2.jpg\",\"width\":779,\"height\":779,\"caption\":\"Anneau de dentition en bois en forme de coeur pour t\u00e9tine, sans danger pour le b\u00e9b\u00e9.\"},{\"@type\":\"BreadcrumbList\",\"@id\":\"https:\\\/\\\/www.jootjeshaakcadeautjes.nl\\\/fr\\\/produit\\\/perles-de-bois-coeur-25-mm\\\/#breadcrumb\",\"itemListElement\":[{\"@type\":\"ListItem\",\"position\":1,\"name\":\"Accueil\",\"item\":\"https:\\\/\\\/www.jootjeshaakcadeautjes.nl\\\/fr\\\/\"},{\"@type\":\"ListItem\",\"position\":2,\"name\":\"Commerce de gros de perles en silicone &#8211; Entreprises et consommateurs\",\"item\":\"https:\\\/\\\/www.jootjeshaakcadeautjes.nl\\\/fr\\\/boutique\\\/\"},{\"@type\":\"ListItem\",\"position\":3,\"name\":\"Perle en bois &#8211; Coeur &#8211; 25 mm &#8211; Bois de h\u00eatre\"}]},{\"@type\":\"WebSite\",\"@id\":\"https:\\\/\\\/www.jootjeshaakcadeautjes.nl\\\/fr\\\/#website\",\"url\":\"https:\\\/\\\/www.jootjeshaakcadeautjes.nl\\\/fr\\\/\",\"name\":\"Jootjes Haakcadeautjes\",\"description\":\"Grossiste en perles de silicone\",\"publisher\":{\"@id\":\"https:\\\/\\\/www.jootjeshaakcadeautjes.nl\\\/fr\\\/#organization\"},\"potentialAction\":[{\"@type\":\"SearchAction\",\"target\":{\"@type\":\"EntryPoint\",\"urlTemplate\":\"https:\\\/\\\/www.jootjeshaakcadeautjes.nl\\\/fr\\\/?s={search_term_string}\"},\"query-input\":{\"@type\":\"PropertyValueSpecification\",\"valueRequired\":true,\"valueName\":\"search_term_string\"}}],\"inLanguage\":\"fr-FR\"},{\"@type\":\"Organization\",\"@id\":\"https:\\\/\\\/www.jootjeshaakcadeautjes.nl\\\/fr\\\/#organization\",\"name\":\"Jootjes Haakcadeautjes\",\"url\":\"https:\\\/\\\/www.jootjeshaakcadeautjes.nl\\\/fr\\\/\",\"logo\":{\"@type\":\"ImageObject\",\"inLanguage\":\"fr-FR\",\"@id\":\"https:\\\/\\\/www.jootjeshaakcadeautjes.nl\\\/fr\\\/#\\\/schema\\\/logo\\\/image\\\/\",\"url\":\"https:\\\/\\\/d1dyryakdmle7o.cloudfront.net\\\/wp-content\\\/uploads\\\/2023\\\/05\\\/Logo-rond.png\",\"contentUrl\":\"https:\\\/\\\/d1dyryakdmle7o.cloudfront.net\\\/wp-content\\\/uploads\\\/2023\\\/05\\\/Logo-rond.png\",\"width\":1222,\"height\":1222,\"caption\":\"Jootjes Haakcadeautjes\"},\"image\":{\"@id\":\"https:\\\/\\\/www.jootjeshaakcadeautjes.nl\\\/fr\\\/#\\\/schema\\\/logo\\\/image\\\/\"}}]}<\/script>\n<meta property=\"product:price:amount\" content=\"0.60\" \/>\n<meta property=\"product:price:currency\" content=\"EUR\" \/>\n<meta property=\"og:availability\" content=\"instock\" \/>\n<meta property=\"product:availability\" content=\"instock\" \/>\n<meta property=\"product:retailer_item_id\" content=\"HOU-KRL-HTV\" \/>\n<meta property=\"product:condition\" content=\"new\" \/>\n<!-- \/ Yoast SEO Premium plugin. -->","yoast_head_json":{"title":"Perle en bois - Coeur - 25 mm - Bois de h\u00eatre - Jootjes Haakcadeautjes","description":"Perles en bois en forme de c\u0153ur - un c\u0153ur pour une pause agr\u00e9able dans votre anneau de dentition ou votre cordon de t\u00e9tine. Disponible en stock. Nulle part moins cher ! 100% \u00e0 l'\u00e9preuve des enfants.","robots":{"index":"index","follow":"follow","max-snippet":"max-snippet:-1","max-image-preview":"max-image-preview:large","max-video-preview":"max-video-preview:-1"},"canonical":"https:\/\/www.jootjeshaakcadeautjes.nl\/fr\/produit\/perles-de-bois-coeur-25-mm\/","og_locale":"fr_FR","og_type":"article","og_title":"Perle en bois - Coeur - 25 mm - Bois de h\u00eatre","og_description":"Perles en bois en forme de c\u0153ur - un c\u0153ur pour une pause agr\u00e9able dans votre anneau de dentition ou votre cordon de t\u00e9tine. Disponible en stock. Nulle part moins cher ! 100% \u00e0 l'\u00e9preuve des enfants.","og_url":"https:\/\/www.jootjeshaakcadeautjes.nl\/fr\/produit\/perles-de-bois-coeur-25-mm\/","og_site_name":"Jootjes Haakcadeautjes","article_modified_time":"2026-02-19T11:41:56+00:00","og_image":[{"width":779,"height":779,"url":"https:\/\/www.jootjeshaakcadeautjes.nl\/wp-content\/uploads\/2020\/04\/20200330_211348-2.jpg","type":"image\/jpeg"}],"twitter_card":"summary_large_image","twitter_misc":{"Prix":"&euro;0.60 TTC","Disponibilit\u00e9":"En stock"},"schema":{"@context":"https:\/\/schema.org","@graph":[{"@type":"WebPage","@id":"https:\/\/www.jootjeshaakcadeautjes.nl\/fr\/produit\/perles-de-bois-coeur-25-mm\/","url":"https:\/\/www.jootjeshaakcadeautjes.nl\/fr\/produit\/perles-de-bois-coeur-25-mm\/","name":"Perle en bois - Coeur - 25 mm - Bois de h\u00eatre - Jootjes Haakcadeautjes","isPartOf":{"@id":"https:\/\/www.jootjeshaakcadeautjes.nl\/fr\/#website"},"primaryImageOfPage":{"@id":"https:\/\/www.jootjeshaakcadeautjes.nl\/fr\/produit\/perles-de-bois-coeur-25-mm\/#primaryimage"},"image":{"@id":"https:\/\/www.jootjeshaakcadeautjes.nl\/fr\/produit\/perles-de-bois-coeur-25-mm\/#primaryimage"},"thumbnailUrl":"https:\/\/d1dyryakdmle7o.cloudfront.net\/wp-content\/uploads\/2020\/04\/20200330_211348-2.jpg","datePublished":"2020-11-20T22:00:29+00:00","dateModified":"2026-02-19T11:41:56+00:00","description":"Perles en bois en forme de c\u0153ur - un c\u0153ur pour une pause agr\u00e9able dans votre anneau de dentition ou votre cordon de t\u00e9tine. Disponible en stock. Nulle part moins cher ! 100% \u00e0 l'\u00e9preuve des enfants.","breadcrumb":{"@id":"https:\/\/www.jootjeshaakcadeautjes.nl\/fr\/produit\/perles-de-bois-coeur-25-mm\/#breadcrumb"},"inLanguage":"fr-FR","potentialAction":[{"@type":"ReadAction","target":["https:\/\/www.jootjeshaakcadeautjes.nl\/fr\/produit\/perles-de-bois-coeur-25-mm\/"]}]},{"@type":"ImageObject","inLanguage":"fr-FR","@id":"https:\/\/www.jootjeshaakcadeautjes.nl\/fr\/produit\/perles-de-bois-coeur-25-mm\/#primaryimage","url":"https:\/\/d1dyryakdmle7o.cloudfront.net\/wp-content\/uploads\/2020\/04\/20200330_211348-2.jpg","contentUrl":"https:\/\/d1dyryakdmle7o.cloudfront.net\/wp-content\/uploads\/2020\/04\/20200330_211348-2.jpg","width":779,"height":779,"caption":"Anneau de dentition en bois en forme de coeur pour t\u00e9tine, sans danger pour le b\u00e9b\u00e9."},{"@type":"BreadcrumbList","@id":"https:\/\/www.jootjeshaakcadeautjes.nl\/fr\/produit\/perles-de-bois-coeur-25-mm\/#breadcrumb","itemListElement":[{"@type":"ListItem","position":1,"name":"Accueil","item":"https:\/\/www.jootjeshaakcadeautjes.nl\/fr\/"},{"@type":"ListItem","position":2,"name":"Commerce de gros de perles en silicone &#8211; Entreprises et consommateurs","item":"https:\/\/www.jootjeshaakcadeautjes.nl\/fr\/boutique\/"},{"@type":"ListItem","position":3,"name":"Perle en bois &#8211; Coeur &#8211; 25 mm &#8211; Bois de h\u00eatre"}]},{"@type":"WebSite","@id":"https:\/\/www.jootjeshaakcadeautjes.nl\/fr\/#website","url":"https:\/\/www.jootjeshaakcadeautjes.nl\/fr\/","name":"Jootjes Haakcadeautjes","description":"Grossiste en perles de silicone","publisher":{"@id":"https:\/\/www.jootjeshaakcadeautjes.nl\/fr\/#organization"},"potentialAction":[{"@type":"SearchAction","target":{"@type":"EntryPoint","urlTemplate":"https:\/\/www.jootjeshaakcadeautjes.nl\/fr\/?s={search_term_string}"},"query-input":{"@type":"PropertyValueSpecification","valueRequired":true,"valueName":"search_term_string"}}],"inLanguage":"fr-FR"},{"@type":"Organization","@id":"https:\/\/www.jootjeshaakcadeautjes.nl\/fr\/#organization","name":"Jootjes Haakcadeautjes","url":"https:\/\/www.jootjeshaakcadeautjes.nl\/fr\/","logo":{"@type":"ImageObject","inLanguage":"fr-FR","@id":"https:\/\/www.jootjeshaakcadeautjes.nl\/fr\/#\/schema\/logo\/image\/","url":"https:\/\/d1dyryakdmle7o.cloudfront.net\/wp-content\/uploads\/2023\/05\/Logo-rond.png","contentUrl":"https:\/\/d1dyryakdmle7o.cloudfront.net\/wp-content\/uploads\/2023\/05\/Logo-rond.png","width":1222,"height":1222,"caption":"Jootjes Haakcadeautjes"},"image":{"@id":"https:\/\/www.jootjeshaakcadeautjes.nl\/fr\/#\/schema\/logo\/image\/"}}]},"product_price_amount":"0.60","product_price_currency":"EUR","og_availability":"instock","product_availability":"instock","product_retailer_item_id":"HOU-KRL-HTV","product_condition":"new"},"_links":{"self":[{"href":"https:\/\/www.jootjeshaakcadeautjes.nl\/fr\/wp-json\/wp\/v2\/product\/134819","targetHints":{"allow":["GET"]}}],"collection":[{"href":"https:\/\/www.jootjeshaakcadeautjes.nl\/fr\/wp-json\/wp\/v2\/product"}],"about":[{"href":"https:\/\/www.jootjeshaakcadeautjes.nl\/fr\/wp-json\/wp\/v2\/types\/product"}],"version-history":[{"count":0,"href":"https:\/\/www.jootjeshaakcadeautjes.nl\/fr\/wp-json\/wp\/v2\/product\/134819\/revisions"}],"wp:featuredmedia":[{"embeddable":true,"href":"https:\/\/www.jootjeshaakcadeautjes.nl\/fr\/wp-json\/wp\/v2\/media\/68834"}],"wp:attachment":[{"href":"https:\/\/www.jootjeshaakcadeautjes.nl\/fr\/wp-json\/wp\/v2\/media?parent=134819"}],"wp:term":[{"taxonomy":"product_brand","embeddable":true,"href":"https:\/\/www.jootjeshaakcadeautjes.nl\/fr\/wp-json\/wp\/v2\/product_brand?post=134819"},{"taxonomy":"product_cat","embeddable":true,"href":"https:\/\/www.jootjeshaakcadeautjes.nl\/fr\/wp-json\/wp\/v2\/product_cat?post=134819"},{"taxonomy":"product_tag","embeddable":true,"href":"https:\/\/www.jootjeshaakcadeautjes.nl\/fr\/wp-json\/wp\/v2\/product_tag?post=134819"}],"curies":[{"name":"wp","href":"https:\/\/api.w.org\/{rel}","templated":true}]}}