{"id":134823,"date":"2020-11-21T10:00:42","date_gmt":"2020-11-21T09:00:42","guid":{"rendered":"https:\/\/www.jootjeshaakcadeautjes.nl\/product\/perles-en-bois-poupee-sourire-et-chance\/"},"modified":"2026-03-11T16:35:39","modified_gmt":"2026-03-11T15:35:39","slug":"perles-en-bois-poupee-sourire-et-chance","status":"publish","type":"product","link":"https:\/\/www.jootjeshaakcadeautjes.nl\/fr\/produit\/perles-en-bois-poupee-sourire-et-chance\/","title":{"rendered":"Perle en bois &#8211; Face\/Smiley &#8211; Lucky charm crochet &#8211; Maple &#8211; 20 mm"},"content":{"rendered":"<h1><strong>Crocheter une poup\u00e9e porte-bonheur avec des perles en bois et un visage souriant<\/strong><\/h1>\n<p>Toutes les perles en bois pour une poup\u00e9e chanceuse sont dot\u00e9es de 2smileys\/faces ! Ces perles sont donc de meilleure qualit\u00e9 que la plupart des perles en bois. La gravure est profonde et ne s&#8217;efface donc pas facilement. Vous ne voulez pas qu&#8217;apr\u00e8s avoir crochet\u00e9 la poup\u00e9e porte-bonheur, le visage ne soit pas visible (seulement d&#8217;un c\u00f4t\u00e9) ou que le smiley ou le visage soit trop us\u00e9.<\/p>\n<p>Les perles en bois avec smiley pour crocheter une poup\u00e9e porte-bonheur, par exemple, ont une ouverture de 4 mm de diam\u00e8tre. Les perles en bois smiley sont fabriqu\u00e9es en bois de h\u00eatre non trait\u00e9 et extr\u00eamement lisse (ni laqu\u00e9, ni teint\u00e9, ni huil\u00e9). Les perles en bois pour crocheter une poup\u00e9e porte-bonheur sont donc adapt\u00e9es aux enfants. Les perles en bois avec smiley sont donc fabriqu\u00e9es \u00e0 partir d&#8217;un produit naturel et peuvent donc pr\u00e9senter des \u00e9carts minimes. Le smiley lui-m\u00eame est grav\u00e9 au laser. Aucun produit chimique n&#8217;est donc utilis\u00e9. D\u00e8s que nous d\u00e9tectons un \u00e9cart excessif, le produit n&#8217;est pas vendu mais mis au rebut ou recycl\u00e9. Par cons\u00e9quent, nous pouvons toujours garantir des produits de haute qualit\u00e9.<\/p>\n<h3><strong>\u00c0 quoi pourraient servir les perles en bois avec visage ?<\/strong><\/h3>\n<p>Id\u00e9al pour fabriquer ou crocheter, par exemple, un.. :<\/p>\n<ul>\n<li>Poup\u00e9es chanceuses au crochet<\/li>\n<li>Anneau de dentition<\/li>\n<li>Collier d&#8217;allaitement<\/li>\n<li>Aileron de landau<\/li>\n<li>Clip plus long pour une t\u00e9tine, un jouet ou un anneau de dentition, etc.<\/li>\n<\/ul>\n<h4><strong>Comment crocheter une poup\u00e9e porte-bonheur ?<\/strong><\/h4>\n<p>Bien s\u00fbr, une poup\u00e9e porte-bonheur peut \u00eatre crochet\u00e9e et assembl\u00e9e comme vous le souhaitez, mais elle est g\u00e9n\u00e9ralement compos\u00e9e d&#8217;au moins.. :<\/p>\n<ul>\n<li>Un porte-cl\u00e9s<\/li>\n<li>Un porte-bonheur en bois\/smiley<\/li>\n<li>Crocheter une perle de 25 mm<\/li>\n<li>D&#8217;autres perles peuvent \u00eatre ajout\u00e9es selon les besoins.<\/li>\n<li>Un cordon ou un ruban de la couleur souhait\u00e9e pour relier le tout.<\/li>\n<\/ul>\n<h2>D&#8217;autres objets peuvent \u00eatre fabriqu\u00e9s avec une poup\u00e9e porte-bonheur en perles de bois :<\/h2>\n<p>&nbsp;<\/p>\n","protected":false},"excerpt":{"rendered":"<p><span style=\"color: #000000;\"><small>Perles en bois pour crocheter une poup\u00e9e porte-bonheur<br \/>\nsmiley grav\u00e9 sur les deux faces.<\/small><\/span><\/p>\n<p><span style=\"color: #000000;\"><small>Pour plus d&#8217;informations sur l&#8217;utilisation des perles, lisez la suite<\/small><small> au bas de la page.<\/small><\/span><\/p>\n","protected":false},"featured_media":74598,"template":"","meta":[],"product_brand":[],"product_cat":[7378,6994,12308,10405,10408,12499,12310],"product_tag":[7448,13857,7197,7418,7395,7200,12505,7209,12504,12511,13126,13856],"class_list":{"0":"post-134823","1":"product","2":"type-product","3":"status-publish","4":"has-post-thumbnail","6":"product_cat-fabrication-de-jouets-de-dentition-pour-bebe-cordon-de-sucette-et-anneaux-de-dentition","7":"product_cat-gravure-au-laser-produits-cadeaux","8":"product_cat-materiel-de-bricolage-et-de-crochet","9":"product_cat-perles-en-bois-fil-de-sucette-et-anneau-de-dentition-toutes-les-perles-en-bois","10":"product_cat-perles-en-bois-gravees-pour-cordon-de-sucette-et-anneau-de-dentition","11":"product_cat-perles-en-silicone-luckyjos-luckyjos","12":"product_cat-poupees-chanceuses-diy-perles-et-fournitures","13":"product_tag-20-mm-fr","14":"product_tag-clin-doeil","15":"product_tag-en-bois","16":"product_tag-faux-cordon","17":"product_tag-perle","18":"product_tag-perles","19":"product_tag-popkes-fr","20":"product_tag-poupee-porte-bonheur","21":"product_tag-poupees","22":"product_tag-poupees-porte-bonheur","23":"product_tag-sourire","24":"product_tag-visage","26":"first","27":"instock","28":"taxable","29":"shipping-taxable","30":"purchasable","31":"product-type-simple"},"bundled_by":[],"bundle_stock_status":"instock","bundle_stock_quantity":359,"bundle_virtual":false,"bundle_layout":"","bundle_add_to_cart_form_location":"","bundle_editable_in_cart":false,"bundle_sold_individually_context":"","bundle_item_grouping":"","bundle_min_size":"","bundle_max_size":"","bundle_price":[],"bundled_items":[],"bundle_sell_ids":[],"yoast_head":"<!-- This site is optimized with the Yoast SEO Premium plugin v27.6 (Yoast SEO v27.6) - https:\/\/yoast.com\/product\/yoast-seo-premium-wordpress\/ -->\n<title>Lucky dolls crochet - Acheter des perles en bois smiley<\/title>\n<meta name=\"description\" content=\"Poup\u00e9e chanceuse \u00e0 crocheter\/faire ? Ces perles en bois pour crocheter une poup\u00e9e porte-bonheur mesurent 20 mm et sont orn\u00e9es d&#039;un smiley de chaque c\u00f4t\u00e9.\" \/>\n<meta name=\"robots\" content=\"index, follow, max-snippet:-1, max-image-preview:large, max-video-preview:-1\" \/>\n<link rel=\"canonical\" href=\"https:\/\/www.jootjeshaakcadeautjes.nl\/fr\/produit\/perles-en-bois-poupee-sourire-et-chance\/\" \/>\n<meta property=\"og:locale\" content=\"fr_FR\" \/>\n<meta property=\"og:type\" content=\"article\" \/>\n<meta property=\"og:title\" content=\"Perle en bois - Face\/Smiley - Lucky charm crochet - Maple - 20 mm\" \/>\n<meta property=\"og:description\" content=\"Poup\u00e9e chanceuse \u00e0 crocheter\/faire ? Ces perles en bois pour crocheter une poup\u00e9e porte-bonheur mesurent 20 mm et sont orn\u00e9es d&#039;un smiley de chaque c\u00f4t\u00e9.\" \/>\n<meta property=\"og:url\" content=\"https:\/\/www.jootjeshaakcadeautjes.nl\/fr\/produit\/perles-en-bois-poupee-sourire-et-chance\/\" \/>\n<meta property=\"og:site_name\" content=\"Jootjes Haakcadeautjes\" \/>\n<meta property=\"article:modified_time\" content=\"2026-03-11T15:35:39+00:00\" \/>\n<meta property=\"og:image\" content=\"https:\/\/www.jootjeshaakcadeautjes.nl\/wp-content\/uploads\/2020\/11\/20201122_003740.jpg\" \/>\n\t<meta property=\"og:image:width\" content=\"1841\" \/>\n\t<meta property=\"og:image:height\" content=\"1841\" \/>\n\t<meta property=\"og:image:type\" content=\"image\/jpeg\" \/>\n<meta name=\"twitter:card\" content=\"summary_large_image\" \/>\n<meta name=\"twitter:label1\" content=\"Prix\" \/>\n\t<meta name=\"twitter:data1\" content=\"&euro;0.40 TTC\" \/>\n\t<meta name=\"twitter:label2\" content=\"Disponibilit\u00e9\" \/>\n\t<meta name=\"twitter:data2\" content=\"En stock\" \/>\n<script type=\"application\/ld+json\" class=\"yoast-schema-graph\">{\"@context\":\"https:\\\/\\\/schema.org\",\"@graph\":[{\"@type\":\"WebPage\",\"@id\":\"https:\\\/\\\/www.jootjeshaakcadeautjes.nl\\\/fr\\\/produit\\\/perles-en-bois-poupee-sourire-et-chance\\\/\",\"url\":\"https:\\\/\\\/www.jootjeshaakcadeautjes.nl\\\/fr\\\/produit\\\/perles-en-bois-poupee-sourire-et-chance\\\/\",\"name\":\"Lucky dolls crochet - Acheter des perles en bois smiley\",\"isPartOf\":{\"@id\":\"https:\\\/\\\/www.jootjeshaakcadeautjes.nl\\\/fr\\\/#website\"},\"primaryImageOfPage\":{\"@id\":\"https:\\\/\\\/www.jootjeshaakcadeautjes.nl\\\/fr\\\/produit\\\/perles-en-bois-poupee-sourire-et-chance\\\/#primaryimage\"},\"image\":{\"@id\":\"https:\\\/\\\/www.jootjeshaakcadeautjes.nl\\\/fr\\\/produit\\\/perles-en-bois-poupee-sourire-et-chance\\\/#primaryimage\"},\"thumbnailUrl\":\"https:\\\/\\\/d1dyryakdmle7o.cloudfront.net\\\/wp-content\\\/uploads\\\/2020\\\/11\\\/20201122_003740.jpg\",\"datePublished\":\"2020-11-21T09:00:42+00:00\",\"dateModified\":\"2026-03-11T15:35:39+00:00\",\"description\":\"Poup\u00e9e chanceuse \u00e0 crocheter\\\/faire ? Ces perles en bois pour crocheter une poup\u00e9e porte-bonheur mesurent 20 mm et sont orn\u00e9es d'un smiley de chaque c\u00f4t\u00e9.\",\"breadcrumb\":{\"@id\":\"https:\\\/\\\/www.jootjeshaakcadeautjes.nl\\\/fr\\\/produit\\\/perles-en-bois-poupee-sourire-et-chance\\\/#breadcrumb\"},\"inLanguage\":\"fr-FR\",\"potentialAction\":[{\"@type\":\"ReadAction\",\"target\":[\"https:\\\/\\\/www.jootjeshaakcadeautjes.nl\\\/fr\\\/produit\\\/perles-en-bois-poupee-sourire-et-chance\\\/\"]}]},{\"@type\":\"ImageObject\",\"inLanguage\":\"fr-FR\",\"@id\":\"https:\\\/\\\/www.jootjeshaakcadeautjes.nl\\\/fr\\\/produit\\\/perles-en-bois-poupee-sourire-et-chance\\\/#primaryimage\",\"url\":\"https:\\\/\\\/d1dyryakdmle7o.cloudfront.net\\\/wp-content\\\/uploads\\\/2020\\\/11\\\/20201122_003740.jpg\",\"contentUrl\":\"https:\\\/\\\/d1dyryakdmle7o.cloudfront.net\\\/wp-content\\\/uploads\\\/2020\\\/11\\\/20201122_003740.jpg\",\"width\":1841,\"height\":1841},{\"@type\":\"BreadcrumbList\",\"@id\":\"https:\\\/\\\/www.jootjeshaakcadeautjes.nl\\\/fr\\\/produit\\\/perles-en-bois-poupee-sourire-et-chance\\\/#breadcrumb\",\"itemListElement\":[{\"@type\":\"ListItem\",\"position\":1,\"name\":\"Accueil\",\"item\":\"https:\\\/\\\/www.jootjeshaakcadeautjes.nl\\\/fr\\\/\"},{\"@type\":\"ListItem\",\"position\":2,\"name\":\"Commerce de gros de perles en silicone &#8211; Entreprises et consommateurs\",\"item\":\"https:\\\/\\\/www.jootjeshaakcadeautjes.nl\\\/fr\\\/boutique\\\/\"},{\"@type\":\"ListItem\",\"position\":3,\"name\":\"Perle en bois &#8211; Face\\\/Smiley &#8211; Lucky charm crochet &#8211; Maple &#8211; 20 mm\"}]},{\"@type\":\"WebSite\",\"@id\":\"https:\\\/\\\/www.jootjeshaakcadeautjes.nl\\\/fr\\\/#website\",\"url\":\"https:\\\/\\\/www.jootjeshaakcadeautjes.nl\\\/fr\\\/\",\"name\":\"Jootjes Haakcadeautjes\",\"description\":\"Grossiste en perles de silicone\",\"publisher\":{\"@id\":\"https:\\\/\\\/www.jootjeshaakcadeautjes.nl\\\/fr\\\/#organization\"},\"potentialAction\":[{\"@type\":\"SearchAction\",\"target\":{\"@type\":\"EntryPoint\",\"urlTemplate\":\"https:\\\/\\\/www.jootjeshaakcadeautjes.nl\\\/fr\\\/?s={search_term_string}\"},\"query-input\":{\"@type\":\"PropertyValueSpecification\",\"valueRequired\":true,\"valueName\":\"search_term_string\"}}],\"inLanguage\":\"fr-FR\"},{\"@type\":\"Organization\",\"@id\":\"https:\\\/\\\/www.jootjeshaakcadeautjes.nl\\\/fr\\\/#organization\",\"name\":\"Jootjes Haakcadeautjes\",\"url\":\"https:\\\/\\\/www.jootjeshaakcadeautjes.nl\\\/fr\\\/\",\"logo\":{\"@type\":\"ImageObject\",\"inLanguage\":\"fr-FR\",\"@id\":\"https:\\\/\\\/www.jootjeshaakcadeautjes.nl\\\/fr\\\/#\\\/schema\\\/logo\\\/image\\\/\",\"url\":\"https:\\\/\\\/d1dyryakdmle7o.cloudfront.net\\\/wp-content\\\/uploads\\\/2023\\\/05\\\/Logo-rond.png\",\"contentUrl\":\"https:\\\/\\\/d1dyryakdmle7o.cloudfront.net\\\/wp-content\\\/uploads\\\/2023\\\/05\\\/Logo-rond.png\",\"width\":1222,\"height\":1222,\"caption\":\"Jootjes Haakcadeautjes\"},\"image\":{\"@id\":\"https:\\\/\\\/www.jootjeshaakcadeautjes.nl\\\/fr\\\/#\\\/schema\\\/logo\\\/image\\\/\"}}]}<\/script>\n<meta property=\"product:price:amount\" content=\"0.40\" \/>\n<meta property=\"product:price:currency\" content=\"EUR\" \/>\n<meta property=\"og:availability\" content=\"instock\" \/>\n<meta property=\"product:availability\" content=\"instock\" \/>\n<meta property=\"product:retailer_item_id\" content=\"HOU-KRS-020\" \/>\n<meta property=\"product:condition\" content=\"new\" \/>\n<!-- \/ Yoast SEO Premium plugin. -->","yoast_head_json":{"title":"Lucky dolls crochet - Acheter des perles en bois smiley","description":"Poup\u00e9e chanceuse \u00e0 crocheter\/faire ? Ces perles en bois pour crocheter une poup\u00e9e porte-bonheur mesurent 20 mm et sont orn\u00e9es d'un smiley de chaque c\u00f4t\u00e9.","robots":{"index":"index","follow":"follow","max-snippet":"max-snippet:-1","max-image-preview":"max-image-preview:large","max-video-preview":"max-video-preview:-1"},"canonical":"https:\/\/www.jootjeshaakcadeautjes.nl\/fr\/produit\/perles-en-bois-poupee-sourire-et-chance\/","og_locale":"fr_FR","og_type":"article","og_title":"Perle en bois - Face\/Smiley - Lucky charm crochet - Maple - 20 mm","og_description":"Poup\u00e9e chanceuse \u00e0 crocheter\/faire ? Ces perles en bois pour crocheter une poup\u00e9e porte-bonheur mesurent 20 mm et sont orn\u00e9es d'un smiley de chaque c\u00f4t\u00e9.","og_url":"https:\/\/www.jootjeshaakcadeautjes.nl\/fr\/produit\/perles-en-bois-poupee-sourire-et-chance\/","og_site_name":"Jootjes Haakcadeautjes","article_modified_time":"2026-03-11T15:35:39+00:00","og_image":[{"width":1841,"height":1841,"url":"https:\/\/www.jootjeshaakcadeautjes.nl\/wp-content\/uploads\/2020\/11\/20201122_003740.jpg","type":"image\/jpeg"}],"twitter_card":"summary_large_image","twitter_misc":{"Prix":"&euro;0.40 TTC","Disponibilit\u00e9":"En stock"},"schema":{"@context":"https:\/\/schema.org","@graph":[{"@type":"WebPage","@id":"https:\/\/www.jootjeshaakcadeautjes.nl\/fr\/produit\/perles-en-bois-poupee-sourire-et-chance\/","url":"https:\/\/www.jootjeshaakcadeautjes.nl\/fr\/produit\/perles-en-bois-poupee-sourire-et-chance\/","name":"Lucky dolls crochet - Acheter des perles en bois smiley","isPartOf":{"@id":"https:\/\/www.jootjeshaakcadeautjes.nl\/fr\/#website"},"primaryImageOfPage":{"@id":"https:\/\/www.jootjeshaakcadeautjes.nl\/fr\/produit\/perles-en-bois-poupee-sourire-et-chance\/#primaryimage"},"image":{"@id":"https:\/\/www.jootjeshaakcadeautjes.nl\/fr\/produit\/perles-en-bois-poupee-sourire-et-chance\/#primaryimage"},"thumbnailUrl":"https:\/\/d1dyryakdmle7o.cloudfront.net\/wp-content\/uploads\/2020\/11\/20201122_003740.jpg","datePublished":"2020-11-21T09:00:42+00:00","dateModified":"2026-03-11T15:35:39+00:00","description":"Poup\u00e9e chanceuse \u00e0 crocheter\/faire ? Ces perles en bois pour crocheter une poup\u00e9e porte-bonheur mesurent 20 mm et sont orn\u00e9es d'un smiley de chaque c\u00f4t\u00e9.","breadcrumb":{"@id":"https:\/\/www.jootjeshaakcadeautjes.nl\/fr\/produit\/perles-en-bois-poupee-sourire-et-chance\/#breadcrumb"},"inLanguage":"fr-FR","potentialAction":[{"@type":"ReadAction","target":["https:\/\/www.jootjeshaakcadeautjes.nl\/fr\/produit\/perles-en-bois-poupee-sourire-et-chance\/"]}]},{"@type":"ImageObject","inLanguage":"fr-FR","@id":"https:\/\/www.jootjeshaakcadeautjes.nl\/fr\/produit\/perles-en-bois-poupee-sourire-et-chance\/#primaryimage","url":"https:\/\/d1dyryakdmle7o.cloudfront.net\/wp-content\/uploads\/2020\/11\/20201122_003740.jpg","contentUrl":"https:\/\/d1dyryakdmle7o.cloudfront.net\/wp-content\/uploads\/2020\/11\/20201122_003740.jpg","width":1841,"height":1841},{"@type":"BreadcrumbList","@id":"https:\/\/www.jootjeshaakcadeautjes.nl\/fr\/produit\/perles-en-bois-poupee-sourire-et-chance\/#breadcrumb","itemListElement":[{"@type":"ListItem","position":1,"name":"Accueil","item":"https:\/\/www.jootjeshaakcadeautjes.nl\/fr\/"},{"@type":"ListItem","position":2,"name":"Commerce de gros de perles en silicone &#8211; Entreprises et consommateurs","item":"https:\/\/www.jootjeshaakcadeautjes.nl\/fr\/boutique\/"},{"@type":"ListItem","position":3,"name":"Perle en bois &#8211; Face\/Smiley &#8211; Lucky charm crochet &#8211; Maple &#8211; 20 mm"}]},{"@type":"WebSite","@id":"https:\/\/www.jootjeshaakcadeautjes.nl\/fr\/#website","url":"https:\/\/www.jootjeshaakcadeautjes.nl\/fr\/","name":"Jootjes Haakcadeautjes","description":"Grossiste en perles de silicone","publisher":{"@id":"https:\/\/www.jootjeshaakcadeautjes.nl\/fr\/#organization"},"potentialAction":[{"@type":"SearchAction","target":{"@type":"EntryPoint","urlTemplate":"https:\/\/www.jootjeshaakcadeautjes.nl\/fr\/?s={search_term_string}"},"query-input":{"@type":"PropertyValueSpecification","valueRequired":true,"valueName":"search_term_string"}}],"inLanguage":"fr-FR"},{"@type":"Organization","@id":"https:\/\/www.jootjeshaakcadeautjes.nl\/fr\/#organization","name":"Jootjes Haakcadeautjes","url":"https:\/\/www.jootjeshaakcadeautjes.nl\/fr\/","logo":{"@type":"ImageObject","inLanguage":"fr-FR","@id":"https:\/\/www.jootjeshaakcadeautjes.nl\/fr\/#\/schema\/logo\/image\/","url":"https:\/\/d1dyryakdmle7o.cloudfront.net\/wp-content\/uploads\/2023\/05\/Logo-rond.png","contentUrl":"https:\/\/d1dyryakdmle7o.cloudfront.net\/wp-content\/uploads\/2023\/05\/Logo-rond.png","width":1222,"height":1222,"caption":"Jootjes Haakcadeautjes"},"image":{"@id":"https:\/\/www.jootjeshaakcadeautjes.nl\/fr\/#\/schema\/logo\/image\/"}}]},"product_price_amount":"0.40","product_price_currency":"EUR","og_availability":"instock","product_availability":"instock","product_retailer_item_id":"HOU-KRS-020","product_condition":"new"},"_links":{"self":[{"href":"https:\/\/www.jootjeshaakcadeautjes.nl\/fr\/wp-json\/wp\/v2\/product\/134823","targetHints":{"allow":["GET"]}}],"collection":[{"href":"https:\/\/www.jootjeshaakcadeautjes.nl\/fr\/wp-json\/wp\/v2\/product"}],"about":[{"href":"https:\/\/www.jootjeshaakcadeautjes.nl\/fr\/wp-json\/wp\/v2\/types\/product"}],"version-history":[{"count":0,"href":"https:\/\/www.jootjeshaakcadeautjes.nl\/fr\/wp-json\/wp\/v2\/product\/134823\/revisions"}],"wp:featuredmedia":[{"embeddable":true,"href":"https:\/\/www.jootjeshaakcadeautjes.nl\/fr\/wp-json\/wp\/v2\/media\/74598"}],"wp:attachment":[{"href":"https:\/\/www.jootjeshaakcadeautjes.nl\/fr\/wp-json\/wp\/v2\/media?parent=134823"}],"wp:term":[{"taxonomy":"product_brand","embeddable":true,"href":"https:\/\/www.jootjeshaakcadeautjes.nl\/fr\/wp-json\/wp\/v2\/product_brand?post=134823"},{"taxonomy":"product_cat","embeddable":true,"href":"https:\/\/www.jootjeshaakcadeautjes.nl\/fr\/wp-json\/wp\/v2\/product_cat?post=134823"},{"taxonomy":"product_tag","embeddable":true,"href":"https:\/\/www.jootjeshaakcadeautjes.nl\/fr\/wp-json\/wp\/v2\/product_tag?post=134823"}],"curies":[{"name":"wp","href":"https:\/\/api.w.org\/{rel}","templated":true}]}}