{"id":135181,"date":"2020-09-01T23:48:15","date_gmt":"2020-09-01T21:48:15","guid":{"rendered":"https:\/\/www.jootjeshaakcadeautjes.nl\/product\/anneaux-de-hetre-4-cm\/"},"modified":"2026-01-08T21:01:34","modified_gmt":"2026-01-08T20:01:34","slug":"anneaux-de-hetre-4-cm","status":"publish","type":"product","link":"https:\/\/www.jootjeshaakcadeautjes.nl\/fr\/produit\/anneaux-de-hetre-4-cm\/","title":{"rendered":"Anneaux en h\u00eatre &#8211; 4.0 cm &#8211; L\u00e9ger, neutre, non trait\u00e9"},"content":{"rendered":"<h2><span style=\"color: #48046d;\">Anneaux en bois de h\u00eatre 4.0 cm &#8211; Anneau en bois de h\u00eatre 4.0 cm large<br \/>\nFabriquez votre propre anneau de dentition en bois<\/span><\/h2>\n<p>Vous souhaitez acheter des anneaux en bois pour fabriquer votre propre anneau de dentition ou hochet en bois pour un b\u00e9b\u00e9 ou un jeune enfant ? Dans ce cas, vous \u00eates au bon endroit chez JootjesHaakcadeautjes.nl !<\/p>\n<p>Vous trouverez sur notre site toutes sortes de fournitures en bois, en silicone et autres pour fabriquer vous-m\u00eame les plus beaux jouets pour b\u00e9b\u00e9s. Nous disposons d&#8217;une large gamme d&#8217;anneaux et de perles en bois, petits et grands. Vous pouvez donc acheter toutes vos fournitures \u00e0 la m\u00eame adresse. Des jouets super mignons pour les b\u00e9b\u00e9s et les jeunes enfants. En outre, ces cadeaux faits maison sont \u00e9galement parfaits comme cadeau de maternit\u00e9 unique et fait \u00e0 la main. Cette grande vari\u00e9t\u00e9 vous permet de composer rapidement votre propre variante d&#8217;anneau de dentition, de hochet, de cordon de landau, de cordon de t\u00e9tine ou de gymnase en bois pour b\u00e9b\u00e9.<\/p>\n<h5><span style=\"color: #48046d;\">Bref r\u00e9sum\u00e9 :<\/span><\/h5>\n<p><strong>Nom : <\/strong>Anneaux de h\u00eatre non trait\u00e9s\/\u00e9teints de 4 cm de diam\u00e8tre, non trait\u00e9s.<br \/>\n<strong>Mat\u00e9riau : <\/strong>Bois de h\u00eatre naturel non trait\u00e9 de haute qualit\u00e9. Certifi\u00e9 CE. Fabriqu\u00e9 exclusivement <span style=\"text-decoration: underline;\">sans<\/span> utilisation de produits chimiques, contrairement aux anneaux pour rideaux et autres anneaux de moindre qualit\u00e9.<br \/>\n<strong>Transformation\/taille : <\/strong>parfaitement rond, 4,0 cm \/ 40 mm.<br \/>\n<strong>\u00c9galement connu sous le nom de : <\/strong>Anneaux en bois pour anneau de dentition, anneaux en bois pour baby gym ou hochet. Anneaux de rideaux bruts.<br \/>\n<strong>Couramment utilis\u00e9 pour la fabrication : <\/strong>Jouets pour b\u00e9b\u00e9s \u00e0 fabriquer soi-m\u00eame, hochet, anneau de dentition en bois ou en silicone, cordon de landau, cordon de t\u00e9tine, baby gym en bois, hochet au crochet<br \/>\n<strong>Utilis\u00e9 couramment en combinaison avec : <\/strong>Perles en bois rondes\/ovales\/g\u00e9om\u00e9triques, anneaux en bois (poisson, \u00e9l\u00e9phant, oiseau, h\u00e9risson, ancre, anneau cookie, mickey mouse) et perles en silicone.<\/p>\n<h4><span style=\"color: #48046d;\">Qualit\u00e9 et s\u00e9curit\u00e9 de nos bagues en bois :<\/span><\/h4>\n<ul>\n<li>Certifi\u00e9 CE<\/li>\n<li>Fabriqu\u00e9 en bois de h\u00eatre clair non trait\u00e9 (aucun produit chimique utilis\u00e9 dans la production)<\/li>\n<li>Fabriqu\u00e9 en bois de h\u00eatre clair sans risque d&#8217;\u00e9chardes. La grande duret\u00e9 du bois de h\u00eatre le rend id\u00e9al pour la fabrication de jouets pour enfants.<br \/>\nPour en savoir plus, consultez le site web de la <a href=\"https:\/\/www.veiligheid.nl\/kinderveiligheid\/spelen\/binnen-spelen\/speelgoed\">fondation SafetyNL<\/a>.<\/li>\n<\/ul>\n<p>Les anneaux en bois sont un produit naturel et peuvent donc pr\u00e9senter des d\u00e9viations minimes. D\u00e8s que nous d\u00e9tectons une d\u00e9viation excessive, le produit n&#8217;est pas vendu mais recycl\u00e9. Par cons\u00e9quent, nous pouvons toujours garantir des produits de haute qualit\u00e9.<\/p>\n<p>Avec des produits aussi naturels, il est toujours tr\u00e8s important d&#8217;en surveiller l&#8217;usure. Les produits en bois ne sont pas syst\u00e9matiquement utilis\u00e9s dans les jouets (pour b\u00e9b\u00e9s\/enfants). Il convient donc de demander aux parents\/grands-parents\/clients de v\u00e9rifier soigneusement l&#8217;\u00e9tat d&#8217;usure du produit. En outre, nous conseillons de n&#8217;utiliser les produits que sous la surveillance d&#8217;un adulte.<br \/>\nL\u00e0 encore, v\u00e9rifiez r\u00e9guli\u00e8rement l&#8217;\u00e9tat d&#8217;usure des produits.<\/p>\n<p>&nbsp;<\/p>\n<p style=\"text-align: center;\">\n","protected":false},"excerpt":{"rendered":"<h4><span style=\"color: #48046d;\">Anneaux en bois de h\u00eatre 4,0 cm \/ 40 mm<\/span><\/h4>\n<ul>\n<li><span style=\"color: #000000;\">Anneau en bois de h\u00eatre.<\/span><\/li>\n<li><span style=\"color: #000000;\">Finition lisse et brillante avec des veines de bois visibles sans traitement.<\/span><\/li>\n<li><span style=\"color: #000000;\">Produit naturel  <\/span><\/li>\n<li><span style=\"color: #000000;\">Adapt\u00e9 aux enfants, sans produits chimiques.  <\/span><\/li>\n<li><span style=\"color: #000000;\">A utiliser pour les anneaux de dentition en bois, les cordons de t\u00e9tine, les cordons de jouets, les cordons de landau ou les appareils de gymnastique pour b\u00e9b\u00e9s.<\/span><\/li>\n<\/ul>\n<p><span style=\"color: #000000;\">Taille ext\u00e9rieure 4.0 cm\/40 mm<br \/>\nTaille id\u00e9ale de l&#8217;anneau en bois pour la fabrication d&#8217;un anneau de dentition en bois crochet\u00e9.<br \/>\n<\/span><span style=\"color: #000000;\">d&#8217;un anneau de dentition en bois crochet\u00e9.<\/span><\/p>\n<p>&nbsp;<\/p>\n","protected":false},"featured_media":70802,"template":"","meta":[],"product_brand":[],"product_cat":[12293,12292,12294,7378],"product_tag":[7631,13904,13594,12298,12317,7384,12300,12312,10409,12316,7455,7197,10286,7418,12313,10414,12301,12321,7392,12299,12303],"class_list":{"0":"post-135181","1":"product","2":"type-product","3":"status-publish","4":"has-post-thumbnail","6":"product_cat-anneaux-de-dentition-bebe-silicone-et-bois","7":"product_cat-anneaux-en-bois","8":"product_cat-anneaux-en-bois-pour-le-macrame-et-le-crochet","9":"product_cat-fabrication-de-jouets-de-dentition-pour-bebe-cordon-de-sucette-et-anneaux-de-dentition","10":"product_tag-4-fr-2","11":"product_tag-40-fr","12":"product_tag-a-la-vapeur","13":"product_tag-anneau","14":"product_tag-anneau-au-crochet","15":"product_tag-anneau-de-dentition","16":"product_tag-anneaux","17":"product_tag-babygym-fr","18":"product_tag-bois-fr","19":"product_tag-brut","20":"product_tag-chaine-de-landau","21":"product_tag-en-bois","22":"product_tag-faux-cordon-fr","23":"product_tag-faux-cordon","24":"product_tag-gymnastique-pour-bebes","25":"product_tag-hetre","26":"product_tag-hochet","27":"product_tag-hochet-fr","28":"product_tag-mm-fr","29":"product_tag-morsure-fr","30":"product_tag-oreilles-de-lapin","32":"first","33":"instock","34":"taxable","35":"shipping-taxable","36":"purchasable","37":"product-type-simple"},"bundled_by":[],"bundle_stock_status":"instock","bundle_stock_quantity":93,"bundle_virtual":false,"bundle_layout":"","bundle_add_to_cart_form_location":"","bundle_editable_in_cart":false,"bundle_sold_individually_context":"","bundle_item_grouping":"","bundle_min_size":"","bundle_max_size":"","bundle_price":[],"bundled_items":[],"bundle_sell_ids":[],"yoast_head":"<!-- This site is optimized with the Yoast SEO Premium plugin v27.6 (Yoast SEO v27.6) - https:\/\/yoast.com\/product\/yoast-seo-premium-wordpress\/ -->\n<title>Anneaux en bois 4.0 cm - Anneau en bois 40 mm - Cr\u00e9ez votre propre anneau de dentition en bois<\/title>\n<meta name=\"description\" content=\"Vous cherchez des anneaux en bois de 4,0 cm pour fabriquer un anneau de dentition en bois ou un anneau en bois de 40 mm pour un hochet en bois ?\" \/>\n<meta name=\"robots\" content=\"index, follow, max-snippet:-1, max-image-preview:large, max-video-preview:-1\" \/>\n<link rel=\"canonical\" href=\"https:\/\/www.jootjeshaakcadeautjes.nl\/fr\/produit\/anneaux-de-hetre-4-cm\/\" \/>\n<meta property=\"og:locale\" content=\"fr_FR\" \/>\n<meta property=\"og:type\" content=\"article\" \/>\n<meta property=\"og:title\" content=\"Anneaux en h\u00eatre - 4.0 cm - L\u00e9ger, neutre, non trait\u00e9\" \/>\n<meta property=\"og:description\" content=\"Vous cherchez des anneaux en bois de 4,0 cm pour fabriquer un anneau de dentition en bois ou un anneau en bois de 40 mm pour un hochet en bois ?\" \/>\n<meta property=\"og:url\" content=\"https:\/\/www.jootjeshaakcadeautjes.nl\/fr\/produit\/anneaux-de-hetre-4-cm\/\" \/>\n<meta property=\"og:site_name\" content=\"Jootjes Haakcadeautjes\" \/>\n<meta property=\"article:modified_time\" content=\"2026-01-08T20:01:34+00:00\" \/>\n<meta property=\"og:image\" content=\"https:\/\/www.jootjeshaakcadeautjes.nl\/wp-content\/uploads\/2020\/08\/Houten-ringen-45-cm-beukenhout-baby-veilig-gecertificeerd-beuken.jpg\" \/>\n\t<meta property=\"og:image:width\" content=\"1301\" \/>\n\t<meta property=\"og:image:height\" content=\"1301\" \/>\n\t<meta property=\"og:image:type\" content=\"image\/jpeg\" \/>\n<meta name=\"twitter:card\" content=\"summary_large_image\" \/>\n<meta name=\"twitter:label1\" content=\"Prix\" \/>\n\t<meta name=\"twitter:data1\" content=\"&euro;0.90 TTC\" \/>\n\t<meta name=\"twitter:label2\" content=\"Disponibilit\u00e9\" \/>\n\t<meta name=\"twitter:data2\" content=\"En stock\" \/>\n<script type=\"application\/ld+json\" class=\"yoast-schema-graph\">{\"@context\":\"https:\\\/\\\/schema.org\",\"@graph\":[{\"@type\":\"WebPage\",\"@id\":\"https:\\\/\\\/www.jootjeshaakcadeautjes.nl\\\/fr\\\/produit\\\/anneaux-de-hetre-4-cm\\\/\",\"url\":\"https:\\\/\\\/www.jootjeshaakcadeautjes.nl\\\/fr\\\/produit\\\/anneaux-de-hetre-4-cm\\\/\",\"name\":\"Anneaux en bois 4.0 cm - Anneau en bois 40 mm - Cr\u00e9ez votre propre anneau de dentition en bois\",\"isPartOf\":{\"@id\":\"https:\\\/\\\/www.jootjeshaakcadeautjes.nl\\\/fr\\\/#website\"},\"primaryImageOfPage\":{\"@id\":\"https:\\\/\\\/www.jootjeshaakcadeautjes.nl\\\/fr\\\/produit\\\/anneaux-de-hetre-4-cm\\\/#primaryimage\"},\"image\":{\"@id\":\"https:\\\/\\\/www.jootjeshaakcadeautjes.nl\\\/fr\\\/produit\\\/anneaux-de-hetre-4-cm\\\/#primaryimage\"},\"thumbnailUrl\":\"https:\\\/\\\/d1dyryakdmle7o.cloudfront.net\\\/wp-content\\\/uploads\\\/2020\\\/08\\\/Houten-ringen-45-cm-beukenhout-baby-veilig-gecertificeerd-beuken.jpg\",\"datePublished\":\"2020-09-01T21:48:15+00:00\",\"dateModified\":\"2026-01-08T20:01:34+00:00\",\"description\":\"Vous cherchez des anneaux en bois de 4,0 cm pour fabriquer un anneau de dentition en bois ou un anneau en bois de 40 mm pour un hochet en bois ?\",\"breadcrumb\":{\"@id\":\"https:\\\/\\\/www.jootjeshaakcadeautjes.nl\\\/fr\\\/produit\\\/anneaux-de-hetre-4-cm\\\/#breadcrumb\"},\"inLanguage\":\"fr-FR\",\"potentialAction\":[{\"@type\":\"ReadAction\",\"target\":[\"https:\\\/\\\/www.jootjeshaakcadeautjes.nl\\\/fr\\\/produit\\\/anneaux-de-hetre-4-cm\\\/\"]}]},{\"@type\":\"ImageObject\",\"inLanguage\":\"fr-FR\",\"@id\":\"https:\\\/\\\/www.jootjeshaakcadeautjes.nl\\\/fr\\\/produit\\\/anneaux-de-hetre-4-cm\\\/#primaryimage\",\"url\":\"https:\\\/\\\/d1dyryakdmle7o.cloudfront.net\\\/wp-content\\\/uploads\\\/2020\\\/08\\\/Houten-ringen-45-cm-beukenhout-baby-veilig-gecertificeerd-beuken.jpg\",\"contentUrl\":\"https:\\\/\\\/d1dyryakdmle7o.cloudfront.net\\\/wp-content\\\/uploads\\\/2020\\\/08\\\/Houten-ringen-45-cm-beukenhout-baby-veilig-gecertificeerd-beuken.jpg\",\"width\":1301,\"height\":1301,\"caption\":\"Anneaux en bois 4,5 cm en bois de h\u00eatre certifi\u00e9 sans danger pour les b\u00e9b\u00e9s\"},{\"@type\":\"BreadcrumbList\",\"@id\":\"https:\\\/\\\/www.jootjeshaakcadeautjes.nl\\\/fr\\\/produit\\\/anneaux-de-hetre-4-cm\\\/#breadcrumb\",\"itemListElement\":[{\"@type\":\"ListItem\",\"position\":1,\"name\":\"Accueil\",\"item\":\"https:\\\/\\\/www.jootjeshaakcadeautjes.nl\\\/fr\\\/\"},{\"@type\":\"ListItem\",\"position\":2,\"name\":\"Commerce de gros de perles en silicone &#8211; Entreprises et consommateurs\",\"item\":\"https:\\\/\\\/www.jootjeshaakcadeautjes.nl\\\/fr\\\/boutique\\\/\"},{\"@type\":\"ListItem\",\"position\":3,\"name\":\"Anneaux en h\u00eatre &#8211; 4.0 cm &#8211; L\u00e9ger, neutre, non trait\u00e9\"}]},{\"@type\":\"WebSite\",\"@id\":\"https:\\\/\\\/www.jootjeshaakcadeautjes.nl\\\/fr\\\/#website\",\"url\":\"https:\\\/\\\/www.jootjeshaakcadeautjes.nl\\\/fr\\\/\",\"name\":\"Jootjes Haakcadeautjes\",\"description\":\"Grossiste en perles de silicone\",\"publisher\":{\"@id\":\"https:\\\/\\\/www.jootjeshaakcadeautjes.nl\\\/fr\\\/#organization\"},\"potentialAction\":[{\"@type\":\"SearchAction\",\"target\":{\"@type\":\"EntryPoint\",\"urlTemplate\":\"https:\\\/\\\/www.jootjeshaakcadeautjes.nl\\\/fr\\\/?s={search_term_string}\"},\"query-input\":{\"@type\":\"PropertyValueSpecification\",\"valueRequired\":true,\"valueName\":\"search_term_string\"}}],\"inLanguage\":\"fr-FR\"},{\"@type\":\"Organization\",\"@id\":\"https:\\\/\\\/www.jootjeshaakcadeautjes.nl\\\/fr\\\/#organization\",\"name\":\"Jootjes Haakcadeautjes\",\"url\":\"https:\\\/\\\/www.jootjeshaakcadeautjes.nl\\\/fr\\\/\",\"logo\":{\"@type\":\"ImageObject\",\"inLanguage\":\"fr-FR\",\"@id\":\"https:\\\/\\\/www.jootjeshaakcadeautjes.nl\\\/fr\\\/#\\\/schema\\\/logo\\\/image\\\/\",\"url\":\"https:\\\/\\\/d1dyryakdmle7o.cloudfront.net\\\/wp-content\\\/uploads\\\/2023\\\/05\\\/Logo-rond.png\",\"contentUrl\":\"https:\\\/\\\/d1dyryakdmle7o.cloudfront.net\\\/wp-content\\\/uploads\\\/2023\\\/05\\\/Logo-rond.png\",\"width\":1222,\"height\":1222,\"caption\":\"Jootjes Haakcadeautjes\"},\"image\":{\"@id\":\"https:\\\/\\\/www.jootjeshaakcadeautjes.nl\\\/fr\\\/#\\\/schema\\\/logo\\\/image\\\/\"}}]}<\/script>\n<meta property=\"product:price:amount\" content=\"0.90\" \/>\n<meta property=\"product:price:currency\" content=\"EUR\" \/>\n<meta property=\"og:availability\" content=\"instock\" \/>\n<meta property=\"product:availability\" content=\"instock\" \/>\n<meta property=\"product:retailer_item_id\" content=\"RIN-BHO-040\" \/>\n<meta property=\"product:condition\" content=\"new\" \/>\n<!-- \/ Yoast SEO Premium plugin. -->","yoast_head_json":{"title":"Anneaux en bois 4.0 cm - Anneau en bois 40 mm - Cr\u00e9ez votre propre anneau de dentition en bois","description":"Vous cherchez des anneaux en bois de 4,0 cm pour fabriquer un anneau de dentition en bois ou un anneau en bois de 40 mm pour un hochet en bois ?","robots":{"index":"index","follow":"follow","max-snippet":"max-snippet:-1","max-image-preview":"max-image-preview:large","max-video-preview":"max-video-preview:-1"},"canonical":"https:\/\/www.jootjeshaakcadeautjes.nl\/fr\/produit\/anneaux-de-hetre-4-cm\/","og_locale":"fr_FR","og_type":"article","og_title":"Anneaux en h\u00eatre - 4.0 cm - L\u00e9ger, neutre, non trait\u00e9","og_description":"Vous cherchez des anneaux en bois de 4,0 cm pour fabriquer un anneau de dentition en bois ou un anneau en bois de 40 mm pour un hochet en bois ?","og_url":"https:\/\/www.jootjeshaakcadeautjes.nl\/fr\/produit\/anneaux-de-hetre-4-cm\/","og_site_name":"Jootjes Haakcadeautjes","article_modified_time":"2026-01-08T20:01:34+00:00","og_image":[{"width":1301,"height":1301,"url":"https:\/\/www.jootjeshaakcadeautjes.nl\/wp-content\/uploads\/2020\/08\/Houten-ringen-45-cm-beukenhout-baby-veilig-gecertificeerd-beuken.jpg","type":"image\/jpeg"}],"twitter_card":"summary_large_image","twitter_misc":{"Prix":"&euro;0.90 TTC","Disponibilit\u00e9":"En stock"},"schema":{"@context":"https:\/\/schema.org","@graph":[{"@type":"WebPage","@id":"https:\/\/www.jootjeshaakcadeautjes.nl\/fr\/produit\/anneaux-de-hetre-4-cm\/","url":"https:\/\/www.jootjeshaakcadeautjes.nl\/fr\/produit\/anneaux-de-hetre-4-cm\/","name":"Anneaux en bois 4.0 cm - Anneau en bois 40 mm - Cr\u00e9ez votre propre anneau de dentition en bois","isPartOf":{"@id":"https:\/\/www.jootjeshaakcadeautjes.nl\/fr\/#website"},"primaryImageOfPage":{"@id":"https:\/\/www.jootjeshaakcadeautjes.nl\/fr\/produit\/anneaux-de-hetre-4-cm\/#primaryimage"},"image":{"@id":"https:\/\/www.jootjeshaakcadeautjes.nl\/fr\/produit\/anneaux-de-hetre-4-cm\/#primaryimage"},"thumbnailUrl":"https:\/\/d1dyryakdmle7o.cloudfront.net\/wp-content\/uploads\/2020\/08\/Houten-ringen-45-cm-beukenhout-baby-veilig-gecertificeerd-beuken.jpg","datePublished":"2020-09-01T21:48:15+00:00","dateModified":"2026-01-08T20:01:34+00:00","description":"Vous cherchez des anneaux en bois de 4,0 cm pour fabriquer un anneau de dentition en bois ou un anneau en bois de 40 mm pour un hochet en bois ?","breadcrumb":{"@id":"https:\/\/www.jootjeshaakcadeautjes.nl\/fr\/produit\/anneaux-de-hetre-4-cm\/#breadcrumb"},"inLanguage":"fr-FR","potentialAction":[{"@type":"ReadAction","target":["https:\/\/www.jootjeshaakcadeautjes.nl\/fr\/produit\/anneaux-de-hetre-4-cm\/"]}]},{"@type":"ImageObject","inLanguage":"fr-FR","@id":"https:\/\/www.jootjeshaakcadeautjes.nl\/fr\/produit\/anneaux-de-hetre-4-cm\/#primaryimage","url":"https:\/\/d1dyryakdmle7o.cloudfront.net\/wp-content\/uploads\/2020\/08\/Houten-ringen-45-cm-beukenhout-baby-veilig-gecertificeerd-beuken.jpg","contentUrl":"https:\/\/d1dyryakdmle7o.cloudfront.net\/wp-content\/uploads\/2020\/08\/Houten-ringen-45-cm-beukenhout-baby-veilig-gecertificeerd-beuken.jpg","width":1301,"height":1301,"caption":"Anneaux en bois 4,5 cm en bois de h\u00eatre certifi\u00e9 sans danger pour les b\u00e9b\u00e9s"},{"@type":"BreadcrumbList","@id":"https:\/\/www.jootjeshaakcadeautjes.nl\/fr\/produit\/anneaux-de-hetre-4-cm\/#breadcrumb","itemListElement":[{"@type":"ListItem","position":1,"name":"Accueil","item":"https:\/\/www.jootjeshaakcadeautjes.nl\/fr\/"},{"@type":"ListItem","position":2,"name":"Commerce de gros de perles en silicone &#8211; Entreprises et consommateurs","item":"https:\/\/www.jootjeshaakcadeautjes.nl\/fr\/boutique\/"},{"@type":"ListItem","position":3,"name":"Anneaux en h\u00eatre &#8211; 4.0 cm &#8211; L\u00e9ger, neutre, non trait\u00e9"}]},{"@type":"WebSite","@id":"https:\/\/www.jootjeshaakcadeautjes.nl\/fr\/#website","url":"https:\/\/www.jootjeshaakcadeautjes.nl\/fr\/","name":"Jootjes Haakcadeautjes","description":"Grossiste en perles de silicone","publisher":{"@id":"https:\/\/www.jootjeshaakcadeautjes.nl\/fr\/#organization"},"potentialAction":[{"@type":"SearchAction","target":{"@type":"EntryPoint","urlTemplate":"https:\/\/www.jootjeshaakcadeautjes.nl\/fr\/?s={search_term_string}"},"query-input":{"@type":"PropertyValueSpecification","valueRequired":true,"valueName":"search_term_string"}}],"inLanguage":"fr-FR"},{"@type":"Organization","@id":"https:\/\/www.jootjeshaakcadeautjes.nl\/fr\/#organization","name":"Jootjes Haakcadeautjes","url":"https:\/\/www.jootjeshaakcadeautjes.nl\/fr\/","logo":{"@type":"ImageObject","inLanguage":"fr-FR","@id":"https:\/\/www.jootjeshaakcadeautjes.nl\/fr\/#\/schema\/logo\/image\/","url":"https:\/\/d1dyryakdmle7o.cloudfront.net\/wp-content\/uploads\/2023\/05\/Logo-rond.png","contentUrl":"https:\/\/d1dyryakdmle7o.cloudfront.net\/wp-content\/uploads\/2023\/05\/Logo-rond.png","width":1222,"height":1222,"caption":"Jootjes Haakcadeautjes"},"image":{"@id":"https:\/\/www.jootjeshaakcadeautjes.nl\/fr\/#\/schema\/logo\/image\/"}}]},"product_price_amount":"0.90","product_price_currency":"EUR","og_availability":"instock","product_availability":"instock","product_retailer_item_id":"RIN-BHO-040","product_condition":"new"},"_links":{"self":[{"href":"https:\/\/www.jootjeshaakcadeautjes.nl\/fr\/wp-json\/wp\/v2\/product\/135181","targetHints":{"allow":["GET"]}}],"collection":[{"href":"https:\/\/www.jootjeshaakcadeautjes.nl\/fr\/wp-json\/wp\/v2\/product"}],"about":[{"href":"https:\/\/www.jootjeshaakcadeautjes.nl\/fr\/wp-json\/wp\/v2\/types\/product"}],"version-history":[{"count":0,"href":"https:\/\/www.jootjeshaakcadeautjes.nl\/fr\/wp-json\/wp\/v2\/product\/135181\/revisions"}],"wp:featuredmedia":[{"embeddable":true,"href":"https:\/\/www.jootjeshaakcadeautjes.nl\/fr\/wp-json\/wp\/v2\/media\/70802"}],"wp:attachment":[{"href":"https:\/\/www.jootjeshaakcadeautjes.nl\/fr\/wp-json\/wp\/v2\/media?parent=135181"}],"wp:term":[{"taxonomy":"product_brand","embeddable":true,"href":"https:\/\/www.jootjeshaakcadeautjes.nl\/fr\/wp-json\/wp\/v2\/product_brand?post=135181"},{"taxonomy":"product_cat","embeddable":true,"href":"https:\/\/www.jootjeshaakcadeautjes.nl\/fr\/wp-json\/wp\/v2\/product_cat?post=135181"},{"taxonomy":"product_tag","embeddable":true,"href":"https:\/\/www.jootjeshaakcadeautjes.nl\/fr\/wp-json\/wp\/v2\/product_tag?post=135181"}],"curies":[{"name":"wp","href":"https:\/\/api.w.org\/{rel}","templated":true}]}}