{"id":135334,"date":"2020-08-18T21:57:23","date_gmt":"2020-08-18T19:57:23","guid":{"rendered":"https:\/\/www.jootjeshaakcadeautjes.nl\/product\/perles-de-silicone-16-mm-rondes-beton\/"},"modified":"2026-04-02T13:12:54","modified_gmt":"2026-04-02T11:12:54","slug":"perles-de-silicone-16-mm-rondes-beton","status":"publish","type":"product","link":"https:\/\/www.jootjeshaakcadeautjes.nl\/fr\/produit\/perles-de-silicone-16-mm-rondes-beton\/","title":{"rendered":"Perles de silicone &#8211; 16 mm &#8211; Rondes &#8211; Gris b\u00e9ton"},"content":{"rendered":"<h2>Perles de silicone &#8211; 16 mm &#8211; Rondes &#8211; Gris b\u00e9ton<\/h2>\n<ul>\n<li>Couleur : Gris b\u00e9ton<\/li>\n<li>Taille : 16 mm<\/li>\n<li>Forme : Perles rondes<\/li>\n<li>Diam\u00e8tre du trou de fixation : 2,5 mm<\/li>\n<li>Mat\u00e9riau : silicone sans danger pour les b\u00e9b\u00e9s en silicone 100 % sans BPA, test\u00e9 en toute s\u00e9curit\u00e9 conform\u00e9ment aux directives EN-71 et donc adapt\u00e9 \u00e0 un produit final certifi\u00e9 CE.<\/li>\n<li>Vendu \u00e0 l&#8217;unit\u00e9, nulle part moins cher<\/li>\n<\/ul>\n<h3>\u00c0 quoi sert une perle de silicone ronde de 16 mm de diam\u00e8tre ?<\/h3>\n<p>Ces perles de silicone sont les plus couramment utilis\u00e9es pour fabriquer un cordon factice. Le tout combin\u00e9 \u00e0 des perles de lettres de 12 mm. Pour les anneaux de dentition, on utilise g\u00e9n\u00e9ralement des perles de 20 mm. Vous pouvez les trouver ici : <a href=\"https:\/\/www.jootjeshaakcadeautjes.nl\/fr\/product-categorie\/fabrication-de-jouets-de-dentition-pour-bebe-cordon-de-sucette-et-anneaux-de-dentition\/perles-en-silicone-sans-bpa-grossiste\/perles-en-silicone-20-mm-rondes\/\">Perles de silicone rondes de 20 mm<\/a>. Les perles rondes de 16 mm peuvent \u00e9galement \u00eatre utilis\u00e9es dans un anneau de dentition. Cela permet d&#8217;obtenir un jouet d&#8217;\u00e9veil plus l\u00e9ger ou, par exemple, un jouet d&#8217;\u00e9veil en trois dimensions. En outre, ces perles peuvent \u00eatre utilis\u00e9es pour la gymnastique des b\u00e9b\u00e9s, les mobiles de parcs d&#8217;enfants ou les colliers d&#8217;allaitement.<\/p>\n<p>Un anneau de dentition 3D est un anneau de dentition en forme de boule compos\u00e9 de quatre arcs perl\u00e9s et de deux perles \u00e0 4 trous. \u00c9tant donn\u00e9 que l&#8217;on utilise plus de perles, il est pr\u00e9f\u00e9rable d&#8217;utiliser une perle de 16 mm pour que l&#8217;ensemble reste g\u00e9rable en termes de poids.<\/p>\n<p>Les perles sont enfil\u00e9es \u00e0 l&#8217;aide d&#8217;un cordon de satin. Le cordon de satin est disponible ici : <a href=\"https:\/\/www.jootjeshaakcadeautjes.nl\/fr\/product-categorie\/fabrication-de-jouets-de-dentition-pour-bebe-cordon-de-sucette-et-anneaux-de-dentition\/cordon-de-satin-cordon-de-cire-et-aiguille-a-badigeonner\/\">Cordon de sat<\/a>in.<\/p>\n<p>Peut \u00eatre r\u00e9frig\u00e9r\u00e9 ou congel\u00e9, lavable avec un d\u00e9tergent doux, peut \u00e9galement \u00eatre nettoy\u00e9 au lave-vaisselle si n\u00e9cessaire. Assurez-vous que les autres mat\u00e9riaux de votre projet final peuvent \u00e9galement r\u00e9sister.<\/p>\n<p>Vous pouvez trouver le reste de notre gamme de perles en silicone ici : <a href=\"https:\/\/www.jootjeshaakcadeautjes.nl\/fr\/product-categorie\/fabrication-de-jouets-de-dentition-pour-bebe-cordon-de-sucette-et-anneaux-de-dentition\/perles-en-silicone-sans-bpa-grossiste\/\">perles en silicone<\/a>.<br \/>\nLes perles en bois peuvent \u00eatre trouv\u00e9es ici : <a href=\"https:\/\/www.jootjeshaakcadeautjes.nl\/fr\/product-categorie\/fabrication-de-jouets-de-dentition-pour-bebe-cordon-de-sucette-et-anneaux-de-dentition\/perles-en-bois-fil-de-sucette-et-anneau-de-dentition-toutes-les-perles-en-bois\/\">perles en bois<\/a>.<\/p>\n","protected":false},"excerpt":{"rendered":"<p>Couleur : Gris b\u00e9ton<\/p>\n<ul>\n<li>Taille : 16 mm<\/li>\n<li>Forme : Perles rondes<\/li>\n<li>Diam\u00e8tre du trou de fixation : 2,5 mm<\/li>\n<li>Vendu \u00e0 l&#8217;unit\u00e9<\/li>\n<li>Test\u00e9 en toute s\u00e9curit\u00e9 conform\u00e9ment aux directives EN-71<\/li>\n<li>Convient aux produits finis certifi\u00e9s CE<\/li>\n<li>Exempt de BPA, de phtalates, de plomb, de PVC et de toxines<\/li>\n<\/ul>\n","protected":false},"featured_media":216684,"template":"","meta":[],"product_brand":[],"product_cat":[7378,7642,6992],"product_tag":[7665,13449,7384,7401,10182,7424,10295,7428,7489,12391,12654,7418,12379,7440,12401,10183,7392,7200,7482,13450,10290,13451,13272,7212],"class_list":{"0":"post-135334","1":"product","2":"type-product","3":"status-publish","4":"has-post-thumbnail","6":"product_cat-fabrication-de-jouets-de-dentition-pour-bebe-cordon-de-sucette-et-anneaux-de-dentition","7":"product_cat-perles-en-silicone-16-mm-rondes","8":"product_cat-perles-en-silicone-sans-bpa-grossiste","9":"product_tag-16-fr","10":"product_tag-adapte-aux-enfants","11":"product_tag-anneau-de-dentition","12":"product_tag-bebe","13":"product_tag-beton-fr","14":"product_tag-bpa-fr","15":"product_tag-certifie-fr","16":"product_tag-collier-dallaitement","17":"product_tag-crochet-pour-sac","18":"product_tag-dents","19":"product_tag-enfant-en-bas-age","20":"product_tag-faux-cordon","21":"product_tag-fda-fr","22":"product_tag-gratuit","23":"product_tag-lavable","24":"product_tag-milieu","25":"product_tag-mm-fr","26":"product_tag-perles","27":"product_tag-phtalates","28":"product_tag-plomb","29":"product_tag-protection-des-enfants","30":"product_tag-qualite-medicale","31":"product_tag-refroidissable","32":"product_tag-silicone-fr","34":"first","35":"outofstock","36":"taxable","37":"shipping-taxable","38":"purchasable","39":"product-type-simple"},"bundled_by":[],"bundle_stock_status":"outofstock","bundle_stock_quantity":0,"bundle_virtual":false,"bundle_layout":"","bundle_add_to_cart_form_location":"","bundle_editable_in_cart":false,"bundle_sold_individually_context":"","bundle_item_grouping":"","bundle_min_size":"","bundle_max_size":"","bundle_price":[],"bundled_items":[],"bundle_sell_ids":[],"yoast_head":"<!-- This site is optimized with the Yoast SEO Premium plugin v27.6 (Yoast SEO v27.6) - https:\/\/yoast.com\/product\/yoast-seo-premium-wordpress\/ -->\n<title>Perles de silicone - 16 mm - Rondes - Gris b\u00e9ton - JH.co.uk | Sans BPA<\/title>\n<meta name=\"description\" content=\"Les perles de silicone rondes de couleur B\u00e9ton de 16 mm de diam\u00e8tre sont 100% exemptes de BPA, de plomb, de poison, de phtalate et de PVC et sont marqu\u00e9es CE.\" \/>\n<meta name=\"robots\" content=\"index, follow, max-snippet:-1, max-image-preview:large, max-video-preview:-1\" \/>\n<link rel=\"canonical\" href=\"https:\/\/www.jootjeshaakcadeautjes.nl\/fr\/produit\/perles-de-silicone-16-mm-rondes-beton\/\" \/>\n<meta property=\"og:locale\" content=\"fr_FR\" \/>\n<meta property=\"og:type\" content=\"article\" \/>\n<meta property=\"og:title\" content=\"Perles de silicone - 16 mm - Rondes - Gris b\u00e9ton\" \/>\n<meta property=\"og:description\" content=\"Les perles de silicone rondes de couleur B\u00e9ton de 16 mm de diam\u00e8tre sont 100% exemptes de BPA, de plomb, de poison, de phtalate et de PVC et sont marqu\u00e9es CE.\" \/>\n<meta property=\"og:url\" content=\"https:\/\/www.jootjeshaakcadeautjes.nl\/fr\/produit\/perles-de-silicone-16-mm-rondes-beton\/\" \/>\n<meta property=\"og:site_name\" content=\"Jootjes Haakcadeautjes\" \/>\n<meta property=\"article:modified_time\" content=\"2026-04-02T11:12:54+00:00\" \/>\n<meta property=\"og:image\" content=\"https:\/\/d1dyryakdmle7o.cloudfront.net\/wp-content\/uploads\/2025\/03\/Untitled-6.webp\" \/>\n\t<meta property=\"og:image:width\" content=\"1080\" \/>\n\t<meta property=\"og:image:height\" content=\"1080\" \/>\n\t<meta property=\"og:image:type\" content=\"image\/webp\" \/>\n<meta name=\"twitter:card\" content=\"summary_large_image\" \/>\n<meta name=\"twitter:label1\" content=\"Prix\" \/>\n\t<meta name=\"twitter:data1\" content=\"&euro;0.30 TTC\" \/>\n\t<meta name=\"twitter:label2\" content=\"Disponibilit\u00e9\" \/>\n\t<meta name=\"twitter:data2\" content=\"Rupture de stock\" \/>\n<script type=\"application\/ld+json\" class=\"yoast-schema-graph\">{\"@context\":\"https:\\\/\\\/schema.org\",\"@graph\":[{\"@type\":\"WebPage\",\"@id\":\"https:\\\/\\\/www.jootjeshaakcadeautjes.nl\\\/fr\\\/produit\\\/perles-de-silicone-16-mm-rondes-beton\\\/\",\"url\":\"https:\\\/\\\/www.jootjeshaakcadeautjes.nl\\\/fr\\\/produit\\\/perles-de-silicone-16-mm-rondes-beton\\\/\",\"name\":\"Perles de silicone - 16 mm - Rondes - Gris b\u00e9ton - JH.co.uk | Sans BPA\",\"isPartOf\":{\"@id\":\"https:\\\/\\\/www.jootjeshaakcadeautjes.nl\\\/fr\\\/#website\"},\"primaryImageOfPage\":{\"@id\":\"https:\\\/\\\/www.jootjeshaakcadeautjes.nl\\\/fr\\\/produit\\\/perles-de-silicone-16-mm-rondes-beton\\\/#primaryimage\"},\"image\":{\"@id\":\"https:\\\/\\\/www.jootjeshaakcadeautjes.nl\\\/fr\\\/produit\\\/perles-de-silicone-16-mm-rondes-beton\\\/#primaryimage\"},\"thumbnailUrl\":\"https:\\\/\\\/d1dyryakdmle7o.cloudfront.net\\\/wp-content\\\/uploads\\\/2025\\\/03\\\/Untitled-6.webp\",\"datePublished\":\"2020-08-18T19:57:23+00:00\",\"dateModified\":\"2026-04-02T11:12:54+00:00\",\"description\":\"Les perles de silicone rondes de couleur B\u00e9ton de 16 mm de diam\u00e8tre sont 100% exemptes de BPA, de plomb, de poison, de phtalate et de PVC et sont marqu\u00e9es CE.\",\"breadcrumb\":{\"@id\":\"https:\\\/\\\/www.jootjeshaakcadeautjes.nl\\\/fr\\\/produit\\\/perles-de-silicone-16-mm-rondes-beton\\\/#breadcrumb\"},\"inLanguage\":\"fr-FR\",\"potentialAction\":[{\"@type\":\"ReadAction\",\"target\":[\"https:\\\/\\\/www.jootjeshaakcadeautjes.nl\\\/fr\\\/produit\\\/perles-de-silicone-16-mm-rondes-beton\\\/\"]}]},{\"@type\":\"ImageObject\",\"inLanguage\":\"fr-FR\",\"@id\":\"https:\\\/\\\/www.jootjeshaakcadeautjes.nl\\\/fr\\\/produit\\\/perles-de-silicone-16-mm-rondes-beton\\\/#primaryimage\",\"url\":\"https:\\\/\\\/d1dyryakdmle7o.cloudfront.net\\\/wp-content\\\/uploads\\\/2025\\\/03\\\/Untitled-6.webp\",\"contentUrl\":\"https:\\\/\\\/d1dyryakdmle7o.cloudfront.net\\\/wp-content\\\/uploads\\\/2025\\\/03\\\/Untitled-6.webp\",\"width\":1080,\"height\":1080},{\"@type\":\"BreadcrumbList\",\"@id\":\"https:\\\/\\\/www.jootjeshaakcadeautjes.nl\\\/fr\\\/produit\\\/perles-de-silicone-16-mm-rondes-beton\\\/#breadcrumb\",\"itemListElement\":[{\"@type\":\"ListItem\",\"position\":1,\"name\":\"Accueil\",\"item\":\"https:\\\/\\\/www.jootjeshaakcadeautjes.nl\\\/fr\\\/\"},{\"@type\":\"ListItem\",\"position\":2,\"name\":\"Commerce de gros de perles en silicone &#8211; Entreprises et consommateurs\",\"item\":\"https:\\\/\\\/www.jootjeshaakcadeautjes.nl\\\/fr\\\/boutique\\\/\"},{\"@type\":\"ListItem\",\"position\":3,\"name\":\"Perles de silicone &#8211; 16 mm &#8211; Rondes &#8211; Gris b\u00e9ton\"}]},{\"@type\":\"WebSite\",\"@id\":\"https:\\\/\\\/www.jootjeshaakcadeautjes.nl\\\/fr\\\/#website\",\"url\":\"https:\\\/\\\/www.jootjeshaakcadeautjes.nl\\\/fr\\\/\",\"name\":\"Jootjes Haakcadeautjes\",\"description\":\"Grossiste en perles de silicone\",\"publisher\":{\"@id\":\"https:\\\/\\\/www.jootjeshaakcadeautjes.nl\\\/fr\\\/#organization\"},\"potentialAction\":[{\"@type\":\"SearchAction\",\"target\":{\"@type\":\"EntryPoint\",\"urlTemplate\":\"https:\\\/\\\/www.jootjeshaakcadeautjes.nl\\\/fr\\\/?s={search_term_string}\"},\"query-input\":{\"@type\":\"PropertyValueSpecification\",\"valueRequired\":true,\"valueName\":\"search_term_string\"}}],\"inLanguage\":\"fr-FR\"},{\"@type\":\"Organization\",\"@id\":\"https:\\\/\\\/www.jootjeshaakcadeautjes.nl\\\/fr\\\/#organization\",\"name\":\"Jootjes Haakcadeautjes\",\"url\":\"https:\\\/\\\/www.jootjeshaakcadeautjes.nl\\\/fr\\\/\",\"logo\":{\"@type\":\"ImageObject\",\"inLanguage\":\"fr-FR\",\"@id\":\"https:\\\/\\\/www.jootjeshaakcadeautjes.nl\\\/fr\\\/#\\\/schema\\\/logo\\\/image\\\/\",\"url\":\"https:\\\/\\\/d1dyryakdmle7o.cloudfront.net\\\/wp-content\\\/uploads\\\/2023\\\/05\\\/Logo-rond.png\",\"contentUrl\":\"https:\\\/\\\/d1dyryakdmle7o.cloudfront.net\\\/wp-content\\\/uploads\\\/2023\\\/05\\\/Logo-rond.png\",\"width\":1222,\"height\":1222,\"caption\":\"Jootjes Haakcadeautjes\"},\"image\":{\"@id\":\"https:\\\/\\\/www.jootjeshaakcadeautjes.nl\\\/fr\\\/#\\\/schema\\\/logo\\\/image\\\/\"}}]}<\/script>\n<meta property=\"product:price:amount\" content=\"0.30\" \/>\n<meta property=\"product:price:currency\" content=\"EUR\" \/>\n<meta property=\"og:availability\" content=\"out of stock\" \/>\n<meta property=\"product:availability\" content=\"out of stock\" \/>\n<meta property=\"product:retailer_item_id\" content=\"SKR-016-BET\" \/>\n<meta property=\"product:condition\" content=\"new\" \/>\n<!-- \/ Yoast SEO Premium plugin. -->","yoast_head_json":{"title":"Perles de silicone - 16 mm - Rondes - Gris b\u00e9ton - JH.co.uk | Sans BPA","description":"Les perles de silicone rondes de couleur B\u00e9ton de 16 mm de diam\u00e8tre sont 100% exemptes de BPA, de plomb, de poison, de phtalate et de PVC et sont marqu\u00e9es CE.","robots":{"index":"index","follow":"follow","max-snippet":"max-snippet:-1","max-image-preview":"max-image-preview:large","max-video-preview":"max-video-preview:-1"},"canonical":"https:\/\/www.jootjeshaakcadeautjes.nl\/fr\/produit\/perles-de-silicone-16-mm-rondes-beton\/","og_locale":"fr_FR","og_type":"article","og_title":"Perles de silicone - 16 mm - Rondes - Gris b\u00e9ton","og_description":"Les perles de silicone rondes de couleur B\u00e9ton de 16 mm de diam\u00e8tre sont 100% exemptes de BPA, de plomb, de poison, de phtalate et de PVC et sont marqu\u00e9es CE.","og_url":"https:\/\/www.jootjeshaakcadeautjes.nl\/fr\/produit\/perles-de-silicone-16-mm-rondes-beton\/","og_site_name":"Jootjes Haakcadeautjes","article_modified_time":"2026-04-02T11:12:54+00:00","og_image":[{"width":1080,"height":1080,"url":"https:\/\/d1dyryakdmle7o.cloudfront.net\/wp-content\/uploads\/2025\/03\/Untitled-6.webp","type":"image\/webp"}],"twitter_card":"summary_large_image","twitter_misc":{"Prix":"&euro;0.30 TTC","Disponibilit\u00e9":"Rupture de stock"},"schema":{"@context":"https:\/\/schema.org","@graph":[{"@type":"WebPage","@id":"https:\/\/www.jootjeshaakcadeautjes.nl\/fr\/produit\/perles-de-silicone-16-mm-rondes-beton\/","url":"https:\/\/www.jootjeshaakcadeautjes.nl\/fr\/produit\/perles-de-silicone-16-mm-rondes-beton\/","name":"Perles de silicone - 16 mm - Rondes - Gris b\u00e9ton - JH.co.uk | Sans BPA","isPartOf":{"@id":"https:\/\/www.jootjeshaakcadeautjes.nl\/fr\/#website"},"primaryImageOfPage":{"@id":"https:\/\/www.jootjeshaakcadeautjes.nl\/fr\/produit\/perles-de-silicone-16-mm-rondes-beton\/#primaryimage"},"image":{"@id":"https:\/\/www.jootjeshaakcadeautjes.nl\/fr\/produit\/perles-de-silicone-16-mm-rondes-beton\/#primaryimage"},"thumbnailUrl":"https:\/\/d1dyryakdmle7o.cloudfront.net\/wp-content\/uploads\/2025\/03\/Untitled-6.webp","datePublished":"2020-08-18T19:57:23+00:00","dateModified":"2026-04-02T11:12:54+00:00","description":"Les perles de silicone rondes de couleur B\u00e9ton de 16 mm de diam\u00e8tre sont 100% exemptes de BPA, de plomb, de poison, de phtalate et de PVC et sont marqu\u00e9es CE.","breadcrumb":{"@id":"https:\/\/www.jootjeshaakcadeautjes.nl\/fr\/produit\/perles-de-silicone-16-mm-rondes-beton\/#breadcrumb"},"inLanguage":"fr-FR","potentialAction":[{"@type":"ReadAction","target":["https:\/\/www.jootjeshaakcadeautjes.nl\/fr\/produit\/perles-de-silicone-16-mm-rondes-beton\/"]}]},{"@type":"ImageObject","inLanguage":"fr-FR","@id":"https:\/\/www.jootjeshaakcadeautjes.nl\/fr\/produit\/perles-de-silicone-16-mm-rondes-beton\/#primaryimage","url":"https:\/\/d1dyryakdmle7o.cloudfront.net\/wp-content\/uploads\/2025\/03\/Untitled-6.webp","contentUrl":"https:\/\/d1dyryakdmle7o.cloudfront.net\/wp-content\/uploads\/2025\/03\/Untitled-6.webp","width":1080,"height":1080},{"@type":"BreadcrumbList","@id":"https:\/\/www.jootjeshaakcadeautjes.nl\/fr\/produit\/perles-de-silicone-16-mm-rondes-beton\/#breadcrumb","itemListElement":[{"@type":"ListItem","position":1,"name":"Accueil","item":"https:\/\/www.jootjeshaakcadeautjes.nl\/fr\/"},{"@type":"ListItem","position":2,"name":"Commerce de gros de perles en silicone &#8211; Entreprises et consommateurs","item":"https:\/\/www.jootjeshaakcadeautjes.nl\/fr\/boutique\/"},{"@type":"ListItem","position":3,"name":"Perles de silicone &#8211; 16 mm &#8211; Rondes &#8211; Gris b\u00e9ton"}]},{"@type":"WebSite","@id":"https:\/\/www.jootjeshaakcadeautjes.nl\/fr\/#website","url":"https:\/\/www.jootjeshaakcadeautjes.nl\/fr\/","name":"Jootjes Haakcadeautjes","description":"Grossiste en perles de silicone","publisher":{"@id":"https:\/\/www.jootjeshaakcadeautjes.nl\/fr\/#organization"},"potentialAction":[{"@type":"SearchAction","target":{"@type":"EntryPoint","urlTemplate":"https:\/\/www.jootjeshaakcadeautjes.nl\/fr\/?s={search_term_string}"},"query-input":{"@type":"PropertyValueSpecification","valueRequired":true,"valueName":"search_term_string"}}],"inLanguage":"fr-FR"},{"@type":"Organization","@id":"https:\/\/www.jootjeshaakcadeautjes.nl\/fr\/#organization","name":"Jootjes Haakcadeautjes","url":"https:\/\/www.jootjeshaakcadeautjes.nl\/fr\/","logo":{"@type":"ImageObject","inLanguage":"fr-FR","@id":"https:\/\/www.jootjeshaakcadeautjes.nl\/fr\/#\/schema\/logo\/image\/","url":"https:\/\/d1dyryakdmle7o.cloudfront.net\/wp-content\/uploads\/2023\/05\/Logo-rond.png","contentUrl":"https:\/\/d1dyryakdmle7o.cloudfront.net\/wp-content\/uploads\/2023\/05\/Logo-rond.png","width":1222,"height":1222,"caption":"Jootjes Haakcadeautjes"},"image":{"@id":"https:\/\/www.jootjeshaakcadeautjes.nl\/fr\/#\/schema\/logo\/image\/"}}]},"product_price_amount":"0.30","product_price_currency":"EUR","og_availability":"out of stock","product_availability":"out of stock","product_retailer_item_id":"SKR-016-BET","product_condition":"new"},"_links":{"self":[{"href":"https:\/\/www.jootjeshaakcadeautjes.nl\/fr\/wp-json\/wp\/v2\/product\/135334","targetHints":{"allow":["GET"]}}],"collection":[{"href":"https:\/\/www.jootjeshaakcadeautjes.nl\/fr\/wp-json\/wp\/v2\/product"}],"about":[{"href":"https:\/\/www.jootjeshaakcadeautjes.nl\/fr\/wp-json\/wp\/v2\/types\/product"}],"version-history":[{"count":0,"href":"https:\/\/www.jootjeshaakcadeautjes.nl\/fr\/wp-json\/wp\/v2\/product\/135334\/revisions"}],"wp:featuredmedia":[{"embeddable":true,"href":"https:\/\/www.jootjeshaakcadeautjes.nl\/fr\/wp-json\/wp\/v2\/media\/216684"}],"wp:attachment":[{"href":"https:\/\/www.jootjeshaakcadeautjes.nl\/fr\/wp-json\/wp\/v2\/media?parent=135334"}],"wp:term":[{"taxonomy":"product_brand","embeddable":true,"href":"https:\/\/www.jootjeshaakcadeautjes.nl\/fr\/wp-json\/wp\/v2\/product_brand?post=135334"},{"taxonomy":"product_cat","embeddable":true,"href":"https:\/\/www.jootjeshaakcadeautjes.nl\/fr\/wp-json\/wp\/v2\/product_cat?post=135334"},{"taxonomy":"product_tag","embeddable":true,"href":"https:\/\/www.jootjeshaakcadeautjes.nl\/fr\/wp-json\/wp\/v2\/product_tag?post=135334"}],"curies":[{"name":"wp","href":"https:\/\/api.w.org\/{rel}","templated":true}]}}