{"id":135706,"date":"2020-06-19T23:29:27","date_gmt":"2020-06-19T21:29:27","guid":{"rendered":"https:\/\/www.jootjeshaakcadeautjes.nl\/product\/bagues-en-hetre-50-cm-brillant-et-non-traite\/"},"modified":"2026-03-11T12:59:27","modified_gmt":"2026-03-11T11:59:27","slug":"bagues-en-hetre-50-cm-brillant-et-non-traite","status":"publish","type":"product","link":"https:\/\/www.jootjeshaakcadeautjes.nl\/fr\/produit\/bagues-en-hetre-50-cm-brillant-et-non-traite\/","title":{"rendered":"Anneaux en bois de h\u00eatre &#8211; 5.0 cm &#8211; Lisses, brillants et non trait\u00e9s"},"content":{"rendered":"<h2><span style=\"color: #48046d;\">Anneaux en bois de h\u00eatre 5.0 cm &#8211; Anneau en bois de h\u00eatre 5.0 cm large<br \/>\nFabriquez votre propre anneau de dentition en bois &#8211; Extra lisse et poli brillant<\/span><\/h2>\n<p>Vous souhaitez acheter des anneaux en bois pour fabriquer votre propre anneau de dentition ou hochet en bois pour un b\u00e9b\u00e9 ou un jeune enfant ? Dans ce cas, vous \u00eates au bon endroit chez JootjesHaakcadeautjes.nl !<\/p>\n<p>Vous trouverez sur notre site toutes sortes de fournitures en bois, en silicone et autres pour fabriquer vous-m\u00eame les plus beaux jouets pour b\u00e9b\u00e9s. Nous disposons d&#8217;une large gamme d&#8217;anneaux et de perles en bois, petits et grands. Vous pouvez donc acheter toutes vos fournitures \u00e0 la m\u00eame adresse. Des jouets super mignons pour les b\u00e9b\u00e9s et les jeunes enfants. En outre, ces cadeaux faits maison sont \u00e9galement parfaits comme cadeau de maternit\u00e9 unique et fait \u00e0 la main. Cette grande vari\u00e9t\u00e9 vous permet de composer rapidement votre propre variante d&#8217;anneau de dentition, de hochet, de cordon de landau, de cordon de t\u00e9tine ou de gymnase en bois pour b\u00e9b\u00e9.<\/p>\n<h5><span style=\"color: #48046d;\">Bref r\u00e9sum\u00e9 :<\/span><\/h5>\n<p><strong>Nom : <\/strong>Anneaux de h\u00eatre non trait\u00e9s\/vierges de 5,0 cm de diam\u00e8tre, lisses et brillants sans traitement. Grain de bois visible.<br \/>\n<strong>Mat\u00e9riau : <\/strong>Bois de h\u00eatre naturel non trait\u00e9 de haute qualit\u00e9. Certifi\u00e9 CE. Fabriqu\u00e9 exclusivement <span style=\"text-decoration: underline;\">sans<\/span> utilisation de produits chimiques, contrairement aux anneaux pour rideaux et autres anneaux de moindre qualit\u00e9.<br \/>\n<strong>Transformation\/taille : <\/strong>parfaitement rond, 5,0 cm \/ 50 mm.<br \/>\n<strong>\u00c9galement connu sous le nom de : <\/strong>Anneaux en bois pour anneau de dentition, anneaux en bois pour baby gym ou hochet. Anneaux de rideaux bruts.<br \/>\n<strong>Couramment utilis\u00e9 pour la fabrication : <\/strong>Jouets pour b\u00e9b\u00e9s \u00e0 fabriquer soi-m\u00eame, hochet, anneau de dentition en bois ou en silicone, cordon de landau, cordon de t\u00e9tine, baby gym en bois, hochet au crochet<br \/>\n<strong>Utilis\u00e9 couramment en combinaison avec : <\/strong>Perles en bois rondes\/ovales\/g\u00e9om\u00e9triques, anneaux en bois (poisson, \u00e9l\u00e9phant, oiseau, h\u00e9risson, ancre, anneau cookie, mickey mouse) et perles en silicone.<\/p>\n<h4><span style=\"color: #48046d;\">Qualit\u00e9 et s\u00e9curit\u00e9 de nos bagues en bois :<\/span><\/h4>\n<ul>\n<li>Certifi\u00e9 CE<\/li>\n<li>Fabriqu\u00e9 en bois de h\u00eatre clair non trait\u00e9 (aucun produit chimique utilis\u00e9 dans la production)<\/li>\n<li>Fabriqu\u00e9 en bois de h\u00eatre clair sans risque d&#8217;\u00e9chardes. La grande duret\u00e9 du bois de h\u00eatre le rend id\u00e9al pour la fabrication de jouets pour enfants.<br \/>\nPour en savoir plus, consultez le site web de la <a href=\"https:\/\/www.veiligheid.nl\/kinderveiligheid\/spelen\/binnen-spelen\/speelgoed\">fondation SafetyNL<\/a>.<\/li>\n<\/ul>\n<p>Les anneaux en bois sont un produit naturel et peuvent donc pr\u00e9senter des d\u00e9viations minimes. D\u00e8s que nous d\u00e9tectons une d\u00e9viation excessive, le produit n&#8217;est pas vendu mais recycl\u00e9. Par cons\u00e9quent, nous pouvons toujours garantir des produits de haute qualit\u00e9.<\/p>\n<p>Avec des produits aussi naturels, il est toujours tr\u00e8s important d&#8217;en surveiller l&#8217;usure. Les produits en bois ne sont pas syst\u00e9matiquement utilis\u00e9s dans les jouets (pour b\u00e9b\u00e9s\/enfants). Il convient donc de demander aux parents\/grands-parents\/clients de v\u00e9rifier soigneusement l&#8217;\u00e9tat d&#8217;usure du produit. En outre, nous conseillons de n&#8217;utiliser les produits que sous la surveillance d&#8217;un adulte.<br \/>\nL\u00e0 encore, v\u00e9rifiez r\u00e9guli\u00e8rement l&#8217;\u00e9tat d&#8217;usure des produits.<\/p>\n<h4><span style=\"color: #48046d;\">Comment utiliser les anneaux en bois de 5,0 cm de diam\u00e8tre ?<\/span><\/h4>\n<p>Les anneaux en bois de 5,0 cm sont particuli\u00e8rement utilis\u00e9s pour fabriquer votre propre <strong>anneau de dentition en bois au crochet<\/strong> (voir l&#8217;exemple ci-dessous).<\/p>\n<p>Pour fabriquer un tel anneau de dentition en bois, il faut d&#8217;abord crocheter une partie de l&#8217;anneau en bois. Vous pouvez ensuite y attacher presque n&#8217;importe quelle t\u00eate de peluche. Vous pouvez \u00e9galement trouver plusieurs mod\u00e8les de t\u00eates de peluches mignonnes. Vous \u00eates novice en crochet ? Pas de probl\u00e8me, vous trouverez \u00e9galement de nombreux mod\u00e8les d\u00e9crivant toutes les \u00e9tapes, depuis le crochetage de l&#8217;anneau en bois jusqu&#8217;\u00e0 la fabrication de la t\u00eate de la peluche. Il est donc possible d&#8217;utiliser n&#8217;importe quelle t\u00eate d&#8217;un autre mod\u00e8le de crochet pour r\u00e9aliser une peluche au crochet. Une fois que vous avez ma\u00eetris\u00e9 la doublure g\u00e9n\u00e9rale de l&#8217;anneau ? Vous pouvez alors commencer \u00e0 combiner comme vous le souhaitez.<\/p>\n<p><img decoding=\"async\" src=\"https:\/\/d1dyryakdmle7o.cloudfront.net\/wp-content\/uploads\/2016\/03\/sindibaba-12159-squirrel-rattle-on-wooden-grasp-ring-rose-crochet-grasp-toy-339-600x600.jpg\" alt=\"\" width=\"600\" height=\"600\"><\/p>\n<p>L&#8217;anneau de 5,0 cm est un peu trop grand pour fabriquer des<strong>anneaux de dentition<\/strong> <strong>en bois <\/strong><strong>avec des perles<\/strong> ou des <strong>colliers d&#8217;allaitement<\/strong>. Selon la taille de l&#8217;anneau de dentition en bois, de la cha\u00eene de landau, du collier d&#8217;allaitement, du cordon de t\u00e9tine ou du <a style=\"color: #333333;\" href=\"http:\/\/www.mysimplyspecial.com\/diy-babygym-tipi\/#more-21771\">baby gym<\/a> que vous souhaitez r\u00e9aliser, vous pouvez utiliser une combinaison diff\u00e9rente de perles et d&#8217;anneaux en bois. Par exemple, si vous utilisez les perles de 16 et 20 mm, j&#8217;utiliserais les anneaux en bois de <a style=\"color: #333333;\" href=\"https:\/\/www.jootjeshaakcadeautjes.nl\/product\/houten-ringen-4-5-cm\/\">4,5 cm.<\/a> <\/p>\n<p>Vous pr\u00e9f\u00e9rez monter d&#8217;un cran ? Envisagez ensuite de combiner les perles de 20 mm avec, par exemple, les perles de 25 ou 30 mm et l&#8217;<a style=\"color: #333333;\" href=\"https:\/\/www.jootjeshaakcadeautjes.nl\/product\/houten-ringen-5-5-cm\/\">anneau de 5,0 cm<\/a>. Notre <a style=\"color: #333333;\" href=\"\/?product_cat=houten-materialen\">gamme d&#8217;anneaux et de perles en bois<\/a> s&#8217;\u00e9largit constamment, ce qui vous permet de personnaliser de plus en plus de choses. Vous voulez vraiment quelque chose d&#8217;unique ? Mettez ensuite un <a style=\"color: #333333;\" href=\"\/?product_cat=rammelschijfjes-piepertjes-muziekdoosjes\">hochet ou un couineur<\/a> dans la t\u00eate de la peluche. La combinaison de stimuli permet \u00e9galement \u00e0 l&#8217;enfant d&#8217;apprendre \u00e0 se d\u00e9velopper davantage.  <strong style=\"letter-spacing: 0.0625rem;\">         <\/strong><\/p>\n<h4><span style=\"color: #48046d;\">Possibilit\u00e9s de variations :<\/span><\/h4>\n<p>Quels sont donc les (formats de) produits les mieux adapt\u00e9s \u00e0 votre projet ?<br \/>\nVous voulez fabriquer votre propre anneau de dentition en bois ? Vous trouverez ci-dessous un exemple avec les fournitures d\u00e9crites pour cette variante. Bien entendu, vous pouvez varier et combiner avec tout. Composez donc votre propre anneau de dentition en bois, votre cordon de landau ou votre cordon de t\u00e9tine, comme vous le souhaitez.<\/p>\n<p>Un petit anneau de dentition en bois fait maison avec des perles (voir l&#8217;exemple ci-contre) est compos\u00e9 de :<\/p>\n<ul>\n<li>2x un <a style=\"color: #333333;\" href=\"https:\/\/www.jootjeshaakcadeautjes.nl\/product\/houten-ringen-4-5-cm\/\">anneau en bois de 4,5 cm<\/a><\/li>\n<li>6x une perle en bois de 16 mm<\/li>\n<li>6x une perle en bois de 20 (au crochet)<\/li>\n<\/ul>\n<p>Comme nous l&#8217;avons mentionn\u00e9, en fonction de la taille souhait\u00e9e, vous pouvez choisir parmi les vari\u00e9t\u00e9s de mat\u00e9riaux les plus petites ou les plus grandes. Bien entendu, il ne s&#8217;agit que d&#8217;un exemple d&#8217;anneau de dentition en bois. Bien entendu, vous pouvez laisser libre cours \u00e0 votre inspiration et \u00e0 votre imagination. Nous esp\u00e9rons que vous appr\u00e9cierez ! Vous avez des questions sur la fabrication de votre propre anneau de dentition en bois ou vous voulez de l&#8217;aide pour commander ? N&#8217;h\u00e9sitez pas \u00e0 nous envoyer un message via le formulaire de contact. Nous sommes heureux de vous aider.<\/p>\n<p>&nbsp;<\/p>\n<p style=\"text-align: center;\">\n","protected":false},"excerpt":{"rendered":"<h4><span style=\"color: #48046d;\">Anneaux en bois de h\u00eatre 5,0 cm \/ 50 mm<\/span><\/h4>\n<ul>\n<li><span style=\"color: #000000;\">Anneau en bois de h\u00eatre.<\/span><\/li>\n<li><span style=\"color: #000000;\">Finition lisse et brillante avec des veines de bois visibles sans traitement.<\/span><\/li>\n<li><span style=\"color: #000000;\">Produit naturel  <\/span><\/li>\n<li><span style=\"color: #000000;\">Adapt\u00e9 aux enfants, sans produits chimiques.  <\/span><\/li>\n<li><span style=\"color: #000000;\">A utiliser pour les anneaux de dentition en bois, les cordons de t\u00e9tine, les cordons de jouets, les cordons de landau ou les appareils de gymnastique pour b\u00e9b\u00e9s.<\/span><\/li>\n<\/ul>\n<p><span style=\"color: #000000;\">Taille ext\u00e9rieure 5.0 cm\/50 mm<br \/>\nTaille id\u00e9ale de l&#8217;anneau en bois pour la fabrication d&#8217;un anneau de dentition en bois crochet\u00e9.<br \/>\n<\/span><span style=\"color: #000000;\">d&#8217;un anneau de dentition en bois crochet\u00e9.<\/span><\/p>\n<p>&nbsp;<\/p>\n","protected":false},"featured_media":68918,"template":"","meta":[],"product_brand":[],"product_cat":[12293,12292,12294,7378],"product_tag":[12495,13885,13594,12298,12317,7384,12300,12312,10409,12316,7455,7421,7197,10286,7418,12313,10414,12301,12321,7392,12299,12303],"class_list":{"0":"post-135706","1":"product","2":"type-product","3":"status-publish","4":"has-post-thumbnail","6":"product_cat-anneaux-de-dentition-bebe-silicone-et-bois","7":"product_cat-anneaux-en-bois","8":"product_cat-anneaux-en-bois-pour-le-macrame-et-le-crochet","9":"product_cat-fabrication-de-jouets-de-dentition-pour-bebe-cordon-de-sucette-et-anneaux-de-dentition","10":"product_tag-50-fr","11":"product_tag-50-mm-fr","12":"product_tag-a-la-vapeur","13":"product_tag-anneau","14":"product_tag-anneau-au-crochet","15":"product_tag-anneau-de-dentition","16":"product_tag-anneaux","17":"product_tag-babygym-fr","18":"product_tag-bois-fr","19":"product_tag-brut","20":"product_tag-chaine-de-landau","21":"product_tag-cm-fr","22":"product_tag-en-bois","23":"product_tag-faux-cordon-fr","24":"product_tag-faux-cordon","25":"product_tag-gymnastique-pour-bebes","26":"product_tag-hetre","27":"product_tag-hochet","28":"product_tag-hochet-fr","29":"product_tag-mm-fr","30":"product_tag-morsure-fr","31":"product_tag-oreilles-de-lapin","33":"first","34":"instock","35":"taxable","36":"shipping-taxable","37":"purchasable","38":"product-type-simple"},"bundled_by":[],"bundle_stock_status":"instock","bundle_stock_quantity":796,"bundle_virtual":false,"bundle_layout":"","bundle_add_to_cart_form_location":"","bundle_editable_in_cart":false,"bundle_sold_individually_context":"","bundle_item_grouping":"","bundle_min_size":"","bundle_max_size":"","bundle_price":[],"bundled_items":[],"bundle_sell_ids":[],"yoast_head":"<!-- This site is optimized with the Yoast SEO Premium plugin v27.6 (Yoast SEO v27.6) - https:\/\/yoast.com\/product\/yoast-seo-premium-wordpress\/ -->\n<title>Anneaux en bois 5.0 cm - Anneau en bois 50 mm - Cr\u00e9ez votre propre anneau de dentition en bois<\/title>\n<meta name=\"description\" content=\"Vous cherchez des anneaux en bois de 5,0 cm pour un anneau de dentition en bois ou un anneau en bois de 50 mm pour un hochet en bois ?\" \/>\n<meta name=\"robots\" content=\"index, follow, max-snippet:-1, max-image-preview:large, max-video-preview:-1\" \/>\n<link rel=\"canonical\" href=\"https:\/\/www.jootjeshaakcadeautjes.nl\/fr\/produit\/bagues-en-hetre-50-cm-brillant-et-non-traite\/\" \/>\n<meta property=\"og:locale\" content=\"fr_FR\" \/>\n<meta property=\"og:type\" content=\"article\" \/>\n<meta property=\"og:title\" content=\"Anneaux en bois de h\u00eatre - 5.0 cm - Lisses, brillants et non trait\u00e9s\" \/>\n<meta property=\"og:description\" content=\"Vous cherchez des anneaux en bois de 5,0 cm pour un anneau de dentition en bois ou un anneau en bois de 50 mm pour un hochet en bois ?\" \/>\n<meta property=\"og:url\" content=\"https:\/\/www.jootjeshaakcadeautjes.nl\/fr\/produit\/bagues-en-hetre-50-cm-brillant-et-non-traite\/\" \/>\n<meta property=\"og:site_name\" content=\"Jootjes Haakcadeautjes\" \/>\n<meta property=\"article:modified_time\" content=\"2026-03-11T11:59:27+00:00\" \/>\n<meta property=\"og:image\" content=\"https:\/\/www.jootjeshaakcadeautjes.nl\/wp-content\/uploads\/2020\/04\/20200410_120811.jpg\" \/>\n\t<meta property=\"og:image:width\" content=\"1321\" \/>\n\t<meta property=\"og:image:height\" content=\"1321\" \/>\n\t<meta property=\"og:image:type\" content=\"image\/jpeg\" \/>\n<meta name=\"twitter:card\" content=\"summary_large_image\" \/>\n<meta name=\"twitter:label1\" content=\"Prix\" \/>\n\t<meta name=\"twitter:data1\" content=\"&euro;0.92 TTC\" \/>\n\t<meta name=\"twitter:label2\" content=\"Disponibilit\u00e9\" \/>\n\t<meta name=\"twitter:data2\" content=\"En stock\" \/>\n<script type=\"application\/ld+json\" class=\"yoast-schema-graph\">{\"@context\":\"https:\\\/\\\/schema.org\",\"@graph\":[{\"@type\":\"WebPage\",\"@id\":\"https:\\\/\\\/www.jootjeshaakcadeautjes.nl\\\/fr\\\/produit\\\/bagues-en-hetre-50-cm-brillant-et-non-traite\\\/\",\"url\":\"https:\\\/\\\/www.jootjeshaakcadeautjes.nl\\\/fr\\\/produit\\\/bagues-en-hetre-50-cm-brillant-et-non-traite\\\/\",\"name\":\"Anneaux en bois 5.0 cm - Anneau en bois 50 mm - Cr\u00e9ez votre propre anneau de dentition en bois\",\"isPartOf\":{\"@id\":\"https:\\\/\\\/www.jootjeshaakcadeautjes.nl\\\/fr\\\/#website\"},\"primaryImageOfPage\":{\"@id\":\"https:\\\/\\\/www.jootjeshaakcadeautjes.nl\\\/fr\\\/produit\\\/bagues-en-hetre-50-cm-brillant-et-non-traite\\\/#primaryimage\"},\"image\":{\"@id\":\"https:\\\/\\\/www.jootjeshaakcadeautjes.nl\\\/fr\\\/produit\\\/bagues-en-hetre-50-cm-brillant-et-non-traite\\\/#primaryimage\"},\"thumbnailUrl\":\"https:\\\/\\\/d1dyryakdmle7o.cloudfront.net\\\/wp-content\\\/uploads\\\/2020\\\/04\\\/20200410_120811.jpg\",\"datePublished\":\"2020-06-19T21:29:27+00:00\",\"dateModified\":\"2026-03-11T11:59:27+00:00\",\"description\":\"Vous cherchez des anneaux en bois de 5,0 cm pour un anneau de dentition en bois ou un anneau en bois de 50 mm pour un hochet en bois ?\",\"breadcrumb\":{\"@id\":\"https:\\\/\\\/www.jootjeshaakcadeautjes.nl\\\/fr\\\/produit\\\/bagues-en-hetre-50-cm-brillant-et-non-traite\\\/#breadcrumb\"},\"inLanguage\":\"fr-FR\",\"potentialAction\":[{\"@type\":\"ReadAction\",\"target\":[\"https:\\\/\\\/www.jootjeshaakcadeautjes.nl\\\/fr\\\/produit\\\/bagues-en-hetre-50-cm-brillant-et-non-traite\\\/\"]}]},{\"@type\":\"ImageObject\",\"inLanguage\":\"fr-FR\",\"@id\":\"https:\\\/\\\/www.jootjeshaakcadeautjes.nl\\\/fr\\\/produit\\\/bagues-en-hetre-50-cm-brillant-et-non-traite\\\/#primaryimage\",\"url\":\"https:\\\/\\\/d1dyryakdmle7o.cloudfront.net\\\/wp-content\\\/uploads\\\/2020\\\/04\\\/20200410_120811.jpg\",\"contentUrl\":\"https:\\\/\\\/d1dyryakdmle7o.cloudfront.net\\\/wp-content\\\/uploads\\\/2020\\\/04\\\/20200410_120811.jpg\",\"width\":1321,\"height\":1321,\"caption\":\"Anneau en h\u00eatre de 7 cm, finition lisse, grain visible\"},{\"@type\":\"BreadcrumbList\",\"@id\":\"https:\\\/\\\/www.jootjeshaakcadeautjes.nl\\\/fr\\\/produit\\\/bagues-en-hetre-50-cm-brillant-et-non-traite\\\/#breadcrumb\",\"itemListElement\":[{\"@type\":\"ListItem\",\"position\":1,\"name\":\"Accueil\",\"item\":\"https:\\\/\\\/www.jootjeshaakcadeautjes.nl\\\/fr\\\/\"},{\"@type\":\"ListItem\",\"position\":2,\"name\":\"Commerce de gros de perles en silicone &#8211; Entreprises et consommateurs\",\"item\":\"https:\\\/\\\/www.jootjeshaakcadeautjes.nl\\\/fr\\\/boutique\\\/\"},{\"@type\":\"ListItem\",\"position\":3,\"name\":\"Anneaux en bois de h\u00eatre &#8211; 5.0 cm &#8211; Lisses, brillants et non trait\u00e9s\"}]},{\"@type\":\"WebSite\",\"@id\":\"https:\\\/\\\/www.jootjeshaakcadeautjes.nl\\\/fr\\\/#website\",\"url\":\"https:\\\/\\\/www.jootjeshaakcadeautjes.nl\\\/fr\\\/\",\"name\":\"Jootjes Haakcadeautjes\",\"description\":\"Grossiste en perles de silicone\",\"publisher\":{\"@id\":\"https:\\\/\\\/www.jootjeshaakcadeautjes.nl\\\/fr\\\/#organization\"},\"potentialAction\":[{\"@type\":\"SearchAction\",\"target\":{\"@type\":\"EntryPoint\",\"urlTemplate\":\"https:\\\/\\\/www.jootjeshaakcadeautjes.nl\\\/fr\\\/?s={search_term_string}\"},\"query-input\":{\"@type\":\"PropertyValueSpecification\",\"valueRequired\":true,\"valueName\":\"search_term_string\"}}],\"inLanguage\":\"fr-FR\"},{\"@type\":\"Organization\",\"@id\":\"https:\\\/\\\/www.jootjeshaakcadeautjes.nl\\\/fr\\\/#organization\",\"name\":\"Jootjes Haakcadeautjes\",\"url\":\"https:\\\/\\\/www.jootjeshaakcadeautjes.nl\\\/fr\\\/\",\"logo\":{\"@type\":\"ImageObject\",\"inLanguage\":\"fr-FR\",\"@id\":\"https:\\\/\\\/www.jootjeshaakcadeautjes.nl\\\/fr\\\/#\\\/schema\\\/logo\\\/image\\\/\",\"url\":\"https:\\\/\\\/d1dyryakdmle7o.cloudfront.net\\\/wp-content\\\/uploads\\\/2023\\\/05\\\/Logo-rond.png\",\"contentUrl\":\"https:\\\/\\\/d1dyryakdmle7o.cloudfront.net\\\/wp-content\\\/uploads\\\/2023\\\/05\\\/Logo-rond.png\",\"width\":1222,\"height\":1222,\"caption\":\"Jootjes Haakcadeautjes\"},\"image\":{\"@id\":\"https:\\\/\\\/www.jootjeshaakcadeautjes.nl\\\/fr\\\/#\\\/schema\\\/logo\\\/image\\\/\"}}]}<\/script>\n<meta property=\"product:price:amount\" content=\"0.92\" \/>\n<meta property=\"product:price:currency\" content=\"EUR\" \/>\n<meta property=\"og:availability\" content=\"instock\" \/>\n<meta property=\"product:availability\" content=\"instock\" \/>\n<meta property=\"product:retailer_item_id\" content=\"RIN-BHO-050\" \/>\n<meta property=\"product:condition\" content=\"new\" \/>\n<!-- \/ Yoast SEO Premium plugin. -->","yoast_head_json":{"title":"Anneaux en bois 5.0 cm - Anneau en bois 50 mm - Cr\u00e9ez votre propre anneau de dentition en bois","description":"Vous cherchez des anneaux en bois de 5,0 cm pour un anneau de dentition en bois ou un anneau en bois de 50 mm pour un hochet en bois ?","robots":{"index":"index","follow":"follow","max-snippet":"max-snippet:-1","max-image-preview":"max-image-preview:large","max-video-preview":"max-video-preview:-1"},"canonical":"https:\/\/www.jootjeshaakcadeautjes.nl\/fr\/produit\/bagues-en-hetre-50-cm-brillant-et-non-traite\/","og_locale":"fr_FR","og_type":"article","og_title":"Anneaux en bois de h\u00eatre - 5.0 cm - Lisses, brillants et non trait\u00e9s","og_description":"Vous cherchez des anneaux en bois de 5,0 cm pour un anneau de dentition en bois ou un anneau en bois de 50 mm pour un hochet en bois ?","og_url":"https:\/\/www.jootjeshaakcadeautjes.nl\/fr\/produit\/bagues-en-hetre-50-cm-brillant-et-non-traite\/","og_site_name":"Jootjes Haakcadeautjes","article_modified_time":"2026-03-11T11:59:27+00:00","og_image":[{"width":1321,"height":1321,"url":"https:\/\/www.jootjeshaakcadeautjes.nl\/wp-content\/uploads\/2020\/04\/20200410_120811.jpg","type":"image\/jpeg"}],"twitter_card":"summary_large_image","twitter_misc":{"Prix":"&euro;0.92 TTC","Disponibilit\u00e9":"En stock"},"schema":{"@context":"https:\/\/schema.org","@graph":[{"@type":"WebPage","@id":"https:\/\/www.jootjeshaakcadeautjes.nl\/fr\/produit\/bagues-en-hetre-50-cm-brillant-et-non-traite\/","url":"https:\/\/www.jootjeshaakcadeautjes.nl\/fr\/produit\/bagues-en-hetre-50-cm-brillant-et-non-traite\/","name":"Anneaux en bois 5.0 cm - Anneau en bois 50 mm - Cr\u00e9ez votre propre anneau de dentition en bois","isPartOf":{"@id":"https:\/\/www.jootjeshaakcadeautjes.nl\/fr\/#website"},"primaryImageOfPage":{"@id":"https:\/\/www.jootjeshaakcadeautjes.nl\/fr\/produit\/bagues-en-hetre-50-cm-brillant-et-non-traite\/#primaryimage"},"image":{"@id":"https:\/\/www.jootjeshaakcadeautjes.nl\/fr\/produit\/bagues-en-hetre-50-cm-brillant-et-non-traite\/#primaryimage"},"thumbnailUrl":"https:\/\/d1dyryakdmle7o.cloudfront.net\/wp-content\/uploads\/2020\/04\/20200410_120811.jpg","datePublished":"2020-06-19T21:29:27+00:00","dateModified":"2026-03-11T11:59:27+00:00","description":"Vous cherchez des anneaux en bois de 5,0 cm pour un anneau de dentition en bois ou un anneau en bois de 50 mm pour un hochet en bois ?","breadcrumb":{"@id":"https:\/\/www.jootjeshaakcadeautjes.nl\/fr\/produit\/bagues-en-hetre-50-cm-brillant-et-non-traite\/#breadcrumb"},"inLanguage":"fr-FR","potentialAction":[{"@type":"ReadAction","target":["https:\/\/www.jootjeshaakcadeautjes.nl\/fr\/produit\/bagues-en-hetre-50-cm-brillant-et-non-traite\/"]}]},{"@type":"ImageObject","inLanguage":"fr-FR","@id":"https:\/\/www.jootjeshaakcadeautjes.nl\/fr\/produit\/bagues-en-hetre-50-cm-brillant-et-non-traite\/#primaryimage","url":"https:\/\/d1dyryakdmle7o.cloudfront.net\/wp-content\/uploads\/2020\/04\/20200410_120811.jpg","contentUrl":"https:\/\/d1dyryakdmle7o.cloudfront.net\/wp-content\/uploads\/2020\/04\/20200410_120811.jpg","width":1321,"height":1321,"caption":"Anneau en h\u00eatre de 7 cm, finition lisse, grain visible"},{"@type":"BreadcrumbList","@id":"https:\/\/www.jootjeshaakcadeautjes.nl\/fr\/produit\/bagues-en-hetre-50-cm-brillant-et-non-traite\/#breadcrumb","itemListElement":[{"@type":"ListItem","position":1,"name":"Accueil","item":"https:\/\/www.jootjeshaakcadeautjes.nl\/fr\/"},{"@type":"ListItem","position":2,"name":"Commerce de gros de perles en silicone &#8211; Entreprises et consommateurs","item":"https:\/\/www.jootjeshaakcadeautjes.nl\/fr\/boutique\/"},{"@type":"ListItem","position":3,"name":"Anneaux en bois de h\u00eatre &#8211; 5.0 cm &#8211; Lisses, brillants et non trait\u00e9s"}]},{"@type":"WebSite","@id":"https:\/\/www.jootjeshaakcadeautjes.nl\/fr\/#website","url":"https:\/\/www.jootjeshaakcadeautjes.nl\/fr\/","name":"Jootjes Haakcadeautjes","description":"Grossiste en perles de silicone","publisher":{"@id":"https:\/\/www.jootjeshaakcadeautjes.nl\/fr\/#organization"},"potentialAction":[{"@type":"SearchAction","target":{"@type":"EntryPoint","urlTemplate":"https:\/\/www.jootjeshaakcadeautjes.nl\/fr\/?s={search_term_string}"},"query-input":{"@type":"PropertyValueSpecification","valueRequired":true,"valueName":"search_term_string"}}],"inLanguage":"fr-FR"},{"@type":"Organization","@id":"https:\/\/www.jootjeshaakcadeautjes.nl\/fr\/#organization","name":"Jootjes Haakcadeautjes","url":"https:\/\/www.jootjeshaakcadeautjes.nl\/fr\/","logo":{"@type":"ImageObject","inLanguage":"fr-FR","@id":"https:\/\/www.jootjeshaakcadeautjes.nl\/fr\/#\/schema\/logo\/image\/","url":"https:\/\/d1dyryakdmle7o.cloudfront.net\/wp-content\/uploads\/2023\/05\/Logo-rond.png","contentUrl":"https:\/\/d1dyryakdmle7o.cloudfront.net\/wp-content\/uploads\/2023\/05\/Logo-rond.png","width":1222,"height":1222,"caption":"Jootjes Haakcadeautjes"},"image":{"@id":"https:\/\/www.jootjeshaakcadeautjes.nl\/fr\/#\/schema\/logo\/image\/"}}]},"product_price_amount":"0.92","product_price_currency":"EUR","og_availability":"instock","product_availability":"instock","product_retailer_item_id":"RIN-BHO-050","product_condition":"new"},"_links":{"self":[{"href":"https:\/\/www.jootjeshaakcadeautjes.nl\/fr\/wp-json\/wp\/v2\/product\/135706","targetHints":{"allow":["GET"]}}],"collection":[{"href":"https:\/\/www.jootjeshaakcadeautjes.nl\/fr\/wp-json\/wp\/v2\/product"}],"about":[{"href":"https:\/\/www.jootjeshaakcadeautjes.nl\/fr\/wp-json\/wp\/v2\/types\/product"}],"version-history":[{"count":0,"href":"https:\/\/www.jootjeshaakcadeautjes.nl\/fr\/wp-json\/wp\/v2\/product\/135706\/revisions"}],"wp:featuredmedia":[{"embeddable":true,"href":"https:\/\/www.jootjeshaakcadeautjes.nl\/fr\/wp-json\/wp\/v2\/media\/68918"}],"wp:attachment":[{"href":"https:\/\/www.jootjeshaakcadeautjes.nl\/fr\/wp-json\/wp\/v2\/media?parent=135706"}],"wp:term":[{"taxonomy":"product_brand","embeddable":true,"href":"https:\/\/www.jootjeshaakcadeautjes.nl\/fr\/wp-json\/wp\/v2\/product_brand?post=135706"},{"taxonomy":"product_cat","embeddable":true,"href":"https:\/\/www.jootjeshaakcadeautjes.nl\/fr\/wp-json\/wp\/v2\/product_cat?post=135706"},{"taxonomy":"product_tag","embeddable":true,"href":"https:\/\/www.jootjeshaakcadeautjes.nl\/fr\/wp-json\/wp\/v2\/product_tag?post=135706"}],"curies":[{"name":"wp","href":"https:\/\/api.w.org\/{rel}","templated":true}]}}