{"id":135714,"date":"2020-06-06T23:08:22","date_gmt":"2020-06-06T21:08:22","guid":{"rendered":"https:\/\/www.jootjeshaakcadeautjes.nl\/product\/porte-cles-de-luxe-argent-et-or-rose\/"},"modified":"2026-04-13T14:05:46","modified_gmt":"2026-04-13T12:05:46","slug":"porte-cles-de-luxe-argent-et-or-rose","status":"publish","type":"product","link":"https:\/\/www.jootjeshaakcadeautjes.nl\/fr\/produit\/porte-cles-de-luxe-argent-et-or-rose\/","title":{"rendered":"Porte-cl\u00e9s de luxe &#8211; argent, or rose, or brillant, noir mat et noir"},"content":{"rendered":"<h2>Porte-cl\u00e9s de luxe &#8211; argent, or rose, or brillant, noir mat et noir<\/h2>\n<p>Ces porte-cl\u00e9s sont parfaits pour suspendre un sac ou un porte-cl\u00e9s de luxe. Les porte-cl\u00e9s sont donc la variante parfaite des porte-sacs plus luxueux, non pas pour un enfant, mais pour les m\u00e8res. Parce que, comme vous, nous pensons que les mamans travailleuses et attentionn\u00e9es m\u00e9ritent aussi de s&#8217;amuser !<\/p>\n<p>Disponible en argent, or rose, or brillant, noir mat et noir<\/p>\n<p>Bague de taille 29 mm.<br \/>\nCrochet de mousqueton de 20 mm de large.<\/p>\n","protected":false},"excerpt":{"rendered":"<p>Porte-cl\u00e9s de luxe &#8211; argent, or rose, or brillant, noir mat et noir<\/p>\n<ul>\n<li>5 couleurs au choix : argent, or rose, or brillant, noir mat et noir<\/li>\n<li>Avec un porte-cl\u00e9s et une cha\u00eene pour l&#8217;attacher<\/li>\n<li>Grands anneaux, taille 29 mm.<\/li>\n<li>Crochet mousqueton plus grand que le crochet mousqueton standard, taille 20 mm.<\/li>\n<\/ul>\n","protected":false},"featured_media":78474,"template":"","meta":[],"product_brand":[],"product_cat":[12308,12306,12310],"product_tag":[12298,10189,7489,14991,10418,13760,12289,12315,10488,7619,13573,13666,19448],"class_list":{"0":"post-135714","1":"product","2":"type-product","3":"status-publish","4":"has-post-thumbnail","6":"product_cat-materiel-de-bricolage-et-de-crochet","7":"product_cat-porte-cles-et-crochets","8":"product_cat-poupees-chanceuses-diy-perles-et-fournitures","9":"product_tag-anneau","10":"product_tag-argent-fr","11":"product_tag-crochet-pour-sac","12":"product_tag-fabrication-de-porte-cles","13":"product_tag-luxe-fr","14":"product_tag-maman-fr-4","15":"product_tag-maman","16":"product_tag-mousqueton","17":"product_tag-porte-cles-fr-2","18":"product_tag-porte-cles","19":"product_tag-porte-cles-fr-3","20":"product_tag-porte-cles-avec-nom","21":"product_tag-porte-cles-diy","23":"first","24":"instock","25":"taxable","26":"shipping-taxable","27":"purchasable","28":"product-type-simple"},"bundled_by":["182604","222609","222723","222896","224734","224805","236025"],"bundle_stock_status":"instock","bundle_stock_quantity":241,"bundle_virtual":false,"bundle_layout":"","bundle_add_to_cart_form_location":"","bundle_editable_in_cart":false,"bundle_sold_individually_context":"","bundle_item_grouping":"","bundle_min_size":"","bundle_max_size":"","bundle_price":[],"bundled_items":[],"bundle_sell_ids":[],"yoast_head":"<!-- This site is optimized with the Yoast SEO Premium plugin v27.6 (Yoast SEO v27.6) - https:\/\/yoast.com\/product\/yoast-seo-premium-wordpress\/ -->\n<title>Porte-cl\u00e9s de luxe - argent, or rose, or brillant, noir mat et noir - %.<\/title>\n<meta name=\"description\" content=\"Porte-cl\u00e9s de luxe. Sp\u00e9cialement pour les mamans travailleuses et attentionn\u00e9es, fabriquez un magnifique pendentif pour vos cl\u00e9s ou votre sac avec des perles en cuivre et\/ou en l\u00e9opard.\" \/>\n<meta name=\"robots\" content=\"index, follow, max-snippet:-1, max-image-preview:large, max-video-preview:-1\" \/>\n<link rel=\"canonical\" href=\"https:\/\/www.jootjeshaakcadeautjes.nl\/fr\/produit\/porte-cles-de-luxe-argent-et-or-rose\/\" \/>\n<meta property=\"og:locale\" content=\"fr_FR\" \/>\n<meta property=\"og:type\" content=\"article\" \/>\n<meta property=\"og:title\" content=\"Porte-cl\u00e9s de luxe - argent, or rose, or brillant, noir mat et noir\" \/>\n<meta property=\"og:description\" content=\"Porte-cl\u00e9s de luxe. Sp\u00e9cialement pour les mamans travailleuses et attentionn\u00e9es, fabriquez un magnifique pendentif pour vos cl\u00e9s ou votre sac avec des perles en cuivre et\/ou en l\u00e9opard.\" \/>\n<meta property=\"og:url\" content=\"https:\/\/www.jootjeshaakcadeautjes.nl\/fr\/produit\/porte-cles-de-luxe-argent-et-or-rose\/\" \/>\n<meta property=\"og:site_name\" content=\"Jootjes Haakcadeautjes\" \/>\n<meta property=\"article:modified_time\" content=\"2026-04-13T12:05:46+00:00\" \/>\n<meta property=\"og:image\" content=\"https:\/\/www.jootjeshaakcadeautjes.nl\/wp-content\/uploads\/2020\/06\/My-project.jpg\" \/>\n\t<meta property=\"og:image:width\" content=\"1080\" \/>\n\t<meta property=\"og:image:height\" content=\"1080\" \/>\n\t<meta property=\"og:image:type\" content=\"image\/jpeg\" \/>\n<meta name=\"twitter:card\" content=\"summary_large_image\" \/>\n<meta name=\"twitter:label1\" content=\"Prix\" \/>\n\t<meta name=\"twitter:data1\" content=\"&euro;0.60 TTC\" \/>\n\t<meta name=\"twitter:label2\" content=\"Disponibilit\u00e9\" \/>\n\t<meta name=\"twitter:data2\" content=\"En stock\" \/>\n<script type=\"application\/ld+json\" class=\"yoast-schema-graph\">{\"@context\":\"https:\\\/\\\/schema.org\",\"@graph\":[{\"@type\":\"WebPage\",\"@id\":\"https:\\\/\\\/www.jootjeshaakcadeautjes.nl\\\/fr\\\/produit\\\/porte-cles-de-luxe-argent-et-or-rose\\\/\",\"url\":\"https:\\\/\\\/www.jootjeshaakcadeautjes.nl\\\/fr\\\/produit\\\/porte-cles-de-luxe-argent-et-or-rose\\\/\",\"name\":\"Porte-cl\u00e9s de luxe - argent, or rose, or brillant, noir mat et noir - %.\",\"isPartOf\":{\"@id\":\"https:\\\/\\\/www.jootjeshaakcadeautjes.nl\\\/fr\\\/#website\"},\"primaryImageOfPage\":{\"@id\":\"https:\\\/\\\/www.jootjeshaakcadeautjes.nl\\\/fr\\\/produit\\\/porte-cles-de-luxe-argent-et-or-rose\\\/#primaryimage\"},\"image\":{\"@id\":\"https:\\\/\\\/www.jootjeshaakcadeautjes.nl\\\/fr\\\/produit\\\/porte-cles-de-luxe-argent-et-or-rose\\\/#primaryimage\"},\"thumbnailUrl\":\"https:\\\/\\\/d1dyryakdmle7o.cloudfront.net\\\/wp-content\\\/uploads\\\/2021\\\/12\\\/20211128_110921.jpg\",\"datePublished\":\"2020-06-06T21:08:22+00:00\",\"dateModified\":\"2026-04-13T12:05:46+00:00\",\"description\":\"Porte-cl\u00e9s de luxe. Sp\u00e9cialement pour les mamans travailleuses et attentionn\u00e9es, fabriquez un magnifique pendentif pour vos cl\u00e9s ou votre sac avec des perles en cuivre et\\\/ou en l\u00e9opard.\",\"breadcrumb\":{\"@id\":\"https:\\\/\\\/www.jootjeshaakcadeautjes.nl\\\/fr\\\/produit\\\/porte-cles-de-luxe-argent-et-or-rose\\\/#breadcrumb\"},\"inLanguage\":\"fr-FR\",\"potentialAction\":[{\"@type\":\"ReadAction\",\"target\":[\"https:\\\/\\\/www.jootjeshaakcadeautjes.nl\\\/fr\\\/produit\\\/porte-cles-de-luxe-argent-et-or-rose\\\/\"]}]},{\"@type\":\"ImageObject\",\"inLanguage\":\"fr-FR\",\"@id\":\"https:\\\/\\\/www.jootjeshaakcadeautjes.nl\\\/fr\\\/produit\\\/porte-cles-de-luxe-argent-et-or-rose\\\/#primaryimage\",\"url\":\"https:\\\/\\\/d1dyryakdmle7o.cloudfront.net\\\/wp-content\\\/uploads\\\/2021\\\/12\\\/20211128_110921.jpg\",\"contentUrl\":\"https:\\\/\\\/d1dyryakdmle7o.cloudfront.net\\\/wp-content\\\/uploads\\\/2021\\\/12\\\/20211128_110921.jpg\",\"width\":2048,\"height\":2048,\"caption\":\"Luxe Sleutelhanger Zilver\"},{\"@type\":\"BreadcrumbList\",\"@id\":\"https:\\\/\\\/www.jootjeshaakcadeautjes.nl\\\/fr\\\/produit\\\/porte-cles-de-luxe-argent-et-or-rose\\\/#breadcrumb\",\"itemListElement\":[{\"@type\":\"ListItem\",\"position\":1,\"name\":\"Accueil\",\"item\":\"https:\\\/\\\/www.jootjeshaakcadeautjes.nl\\\/fr\\\/\"},{\"@type\":\"ListItem\",\"position\":2,\"name\":\"Commerce de gros de perles en silicone &#8211; Entreprises et consommateurs\",\"item\":\"https:\\\/\\\/www.jootjeshaakcadeautjes.nl\\\/fr\\\/boutique\\\/\"},{\"@type\":\"ListItem\",\"position\":3,\"name\":\"Porte-cl\u00e9s de luxe &#8211; argent, or rose, or brillant, noir mat et noir\"}]},{\"@type\":\"WebSite\",\"@id\":\"https:\\\/\\\/www.jootjeshaakcadeautjes.nl\\\/fr\\\/#website\",\"url\":\"https:\\\/\\\/www.jootjeshaakcadeautjes.nl\\\/fr\\\/\",\"name\":\"Jootjes Haakcadeautjes\",\"description\":\"Grossiste en perles de silicone\",\"publisher\":{\"@id\":\"https:\\\/\\\/www.jootjeshaakcadeautjes.nl\\\/fr\\\/#organization\"},\"potentialAction\":[{\"@type\":\"SearchAction\",\"target\":{\"@type\":\"EntryPoint\",\"urlTemplate\":\"https:\\\/\\\/www.jootjeshaakcadeautjes.nl\\\/fr\\\/?s={search_term_string}\"},\"query-input\":{\"@type\":\"PropertyValueSpecification\",\"valueRequired\":true,\"valueName\":\"search_term_string\"}}],\"inLanguage\":\"fr-FR\"},{\"@type\":\"Organization\",\"@id\":\"https:\\\/\\\/www.jootjeshaakcadeautjes.nl\\\/fr\\\/#organization\",\"name\":\"Jootjes Haakcadeautjes\",\"url\":\"https:\\\/\\\/www.jootjeshaakcadeautjes.nl\\\/fr\\\/\",\"logo\":{\"@type\":\"ImageObject\",\"inLanguage\":\"fr-FR\",\"@id\":\"https:\\\/\\\/www.jootjeshaakcadeautjes.nl\\\/fr\\\/#\\\/schema\\\/logo\\\/image\\\/\",\"url\":\"https:\\\/\\\/d1dyryakdmle7o.cloudfront.net\\\/wp-content\\\/uploads\\\/2023\\\/05\\\/Logo-rond.png\",\"contentUrl\":\"https:\\\/\\\/d1dyryakdmle7o.cloudfront.net\\\/wp-content\\\/uploads\\\/2023\\\/05\\\/Logo-rond.png\",\"width\":1222,\"height\":1222,\"caption\":\"Jootjes Haakcadeautjes\"},\"image\":{\"@id\":\"https:\\\/\\\/www.jootjeshaakcadeautjes.nl\\\/fr\\\/#\\\/schema\\\/logo\\\/image\\\/\"}}]}<\/script>\n<meta property=\"product:price:amount\" content=\"0.60\" \/>\n<meta property=\"product:price:currency\" content=\"EUR\" \/>\n<meta property=\"og:availability\" content=\"instock\" \/>\n<meta property=\"product:availability\" content=\"instock\" \/>\n<meta property=\"product:retailer_item_id\" content=\"LUX-SLH-ZIL\" \/>\n<meta property=\"product:condition\" content=\"new\" \/>\n<!-- \/ Yoast SEO Premium plugin. -->","yoast_head_json":{"title":"Porte-cl\u00e9s de luxe - argent, or rose, or brillant, noir mat et noir - %.","description":"Porte-cl\u00e9s de luxe. Sp\u00e9cialement pour les mamans travailleuses et attentionn\u00e9es, fabriquez un magnifique pendentif pour vos cl\u00e9s ou votre sac avec des perles en cuivre et\/ou en l\u00e9opard.","robots":{"index":"index","follow":"follow","max-snippet":"max-snippet:-1","max-image-preview":"max-image-preview:large","max-video-preview":"max-video-preview:-1"},"canonical":"https:\/\/www.jootjeshaakcadeautjes.nl\/fr\/produit\/porte-cles-de-luxe-argent-et-or-rose\/","og_locale":"fr_FR","og_type":"article","og_title":"Porte-cl\u00e9s de luxe - argent, or rose, or brillant, noir mat et noir","og_description":"Porte-cl\u00e9s de luxe. Sp\u00e9cialement pour les mamans travailleuses et attentionn\u00e9es, fabriquez un magnifique pendentif pour vos cl\u00e9s ou votre sac avec des perles en cuivre et\/ou en l\u00e9opard.","og_url":"https:\/\/www.jootjeshaakcadeautjes.nl\/fr\/produit\/porte-cles-de-luxe-argent-et-or-rose\/","og_site_name":"Jootjes Haakcadeautjes","article_modified_time":"2026-04-13T12:05:46+00:00","og_image":[{"width":1080,"height":1080,"url":"https:\/\/www.jootjeshaakcadeautjes.nl\/wp-content\/uploads\/2020\/06\/My-project.jpg","type":"image\/jpeg"}],"twitter_card":"summary_large_image","twitter_misc":{"Prix":"&euro;0.60 TTC","Disponibilit\u00e9":"En stock"},"schema":{"@context":"https:\/\/schema.org","@graph":[{"@type":"WebPage","@id":"https:\/\/www.jootjeshaakcadeautjes.nl\/fr\/produit\/porte-cles-de-luxe-argent-et-or-rose\/","url":"https:\/\/www.jootjeshaakcadeautjes.nl\/fr\/produit\/porte-cles-de-luxe-argent-et-or-rose\/","name":"Porte-cl\u00e9s de luxe - argent, or rose, or brillant, noir mat et noir - %.","isPartOf":{"@id":"https:\/\/www.jootjeshaakcadeautjes.nl\/fr\/#website"},"primaryImageOfPage":{"@id":"https:\/\/www.jootjeshaakcadeautjes.nl\/fr\/produit\/porte-cles-de-luxe-argent-et-or-rose\/#primaryimage"},"image":{"@id":"https:\/\/www.jootjeshaakcadeautjes.nl\/fr\/produit\/porte-cles-de-luxe-argent-et-or-rose\/#primaryimage"},"thumbnailUrl":"https:\/\/d1dyryakdmle7o.cloudfront.net\/wp-content\/uploads\/2021\/12\/20211128_110921.jpg","datePublished":"2020-06-06T21:08:22+00:00","dateModified":"2026-04-13T12:05:46+00:00","description":"Porte-cl\u00e9s de luxe. Sp\u00e9cialement pour les mamans travailleuses et attentionn\u00e9es, fabriquez un magnifique pendentif pour vos cl\u00e9s ou votre sac avec des perles en cuivre et\/ou en l\u00e9opard.","breadcrumb":{"@id":"https:\/\/www.jootjeshaakcadeautjes.nl\/fr\/produit\/porte-cles-de-luxe-argent-et-or-rose\/#breadcrumb"},"inLanguage":"fr-FR","potentialAction":[{"@type":"ReadAction","target":["https:\/\/www.jootjeshaakcadeautjes.nl\/fr\/produit\/porte-cles-de-luxe-argent-et-or-rose\/"]}]},{"@type":"ImageObject","inLanguage":"fr-FR","@id":"https:\/\/www.jootjeshaakcadeautjes.nl\/fr\/produit\/porte-cles-de-luxe-argent-et-or-rose\/#primaryimage","url":"https:\/\/d1dyryakdmle7o.cloudfront.net\/wp-content\/uploads\/2021\/12\/20211128_110921.jpg","contentUrl":"https:\/\/d1dyryakdmle7o.cloudfront.net\/wp-content\/uploads\/2021\/12\/20211128_110921.jpg","width":2048,"height":2048,"caption":"Luxe Sleutelhanger Zilver"},{"@type":"BreadcrumbList","@id":"https:\/\/www.jootjeshaakcadeautjes.nl\/fr\/produit\/porte-cles-de-luxe-argent-et-or-rose\/#breadcrumb","itemListElement":[{"@type":"ListItem","position":1,"name":"Accueil","item":"https:\/\/www.jootjeshaakcadeautjes.nl\/fr\/"},{"@type":"ListItem","position":2,"name":"Commerce de gros de perles en silicone &#8211; Entreprises et consommateurs","item":"https:\/\/www.jootjeshaakcadeautjes.nl\/fr\/boutique\/"},{"@type":"ListItem","position":3,"name":"Porte-cl\u00e9s de luxe &#8211; argent, or rose, or brillant, noir mat et noir"}]},{"@type":"WebSite","@id":"https:\/\/www.jootjeshaakcadeautjes.nl\/fr\/#website","url":"https:\/\/www.jootjeshaakcadeautjes.nl\/fr\/","name":"Jootjes Haakcadeautjes","description":"Grossiste en perles de silicone","publisher":{"@id":"https:\/\/www.jootjeshaakcadeautjes.nl\/fr\/#organization"},"potentialAction":[{"@type":"SearchAction","target":{"@type":"EntryPoint","urlTemplate":"https:\/\/www.jootjeshaakcadeautjes.nl\/fr\/?s={search_term_string}"},"query-input":{"@type":"PropertyValueSpecification","valueRequired":true,"valueName":"search_term_string"}}],"inLanguage":"fr-FR"},{"@type":"Organization","@id":"https:\/\/www.jootjeshaakcadeautjes.nl\/fr\/#organization","name":"Jootjes Haakcadeautjes","url":"https:\/\/www.jootjeshaakcadeautjes.nl\/fr\/","logo":{"@type":"ImageObject","inLanguage":"fr-FR","@id":"https:\/\/www.jootjeshaakcadeautjes.nl\/fr\/#\/schema\/logo\/image\/","url":"https:\/\/d1dyryakdmle7o.cloudfront.net\/wp-content\/uploads\/2023\/05\/Logo-rond.png","contentUrl":"https:\/\/d1dyryakdmle7o.cloudfront.net\/wp-content\/uploads\/2023\/05\/Logo-rond.png","width":1222,"height":1222,"caption":"Jootjes Haakcadeautjes"},"image":{"@id":"https:\/\/www.jootjeshaakcadeautjes.nl\/fr\/#\/schema\/logo\/image\/"}}]},"product_price_amount":"0.60","product_price_currency":"EUR","og_availability":"instock","product_availability":"instock","product_retailer_item_id":"LUX-SLH-ZIL","product_condition":"new"},"_links":{"self":[{"href":"https:\/\/www.jootjeshaakcadeautjes.nl\/fr\/wp-json\/wp\/v2\/product\/135714","targetHints":{"allow":["GET"]}}],"collection":[{"href":"https:\/\/www.jootjeshaakcadeautjes.nl\/fr\/wp-json\/wp\/v2\/product"}],"about":[{"href":"https:\/\/www.jootjeshaakcadeautjes.nl\/fr\/wp-json\/wp\/v2\/types\/product"}],"version-history":[{"count":0,"href":"https:\/\/www.jootjeshaakcadeautjes.nl\/fr\/wp-json\/wp\/v2\/product\/135714\/revisions"}],"wp:featuredmedia":[{"embeddable":true,"href":"https:\/\/www.jootjeshaakcadeautjes.nl\/fr\/wp-json\/wp\/v2\/media\/78474"}],"wp:attachment":[{"href":"https:\/\/www.jootjeshaakcadeautjes.nl\/fr\/wp-json\/wp\/v2\/media?parent=135714"}],"wp:term":[{"taxonomy":"product_brand","embeddable":true,"href":"https:\/\/www.jootjeshaakcadeautjes.nl\/fr\/wp-json\/wp\/v2\/product_brand?post=135714"},{"taxonomy":"product_cat","embeddable":true,"href":"https:\/\/www.jootjeshaakcadeautjes.nl\/fr\/wp-json\/wp\/v2\/product_cat?post=135714"},{"taxonomy":"product_tag","embeddable":true,"href":"https:\/\/www.jootjeshaakcadeautjes.nl\/fr\/wp-json\/wp\/v2\/product_tag?post=135714"}],"curies":[{"name":"wp","href":"https:\/\/api.w.org\/{rel}","templated":true}]}}