{"id":135950,"date":"2020-05-09T19:00:08","date_gmt":"2020-05-09T18:00:08","guid":{"rendered":"https:\/\/www.jootjeshaakcadeautjes.nl\/product\/pince-a-tetine-en-silicone-pistache-verte\/"},"modified":"2026-01-28T17:55:40","modified_gmt":"2026-01-28T16:55:40","slug":"attache-sucette-6","status":"publish","type":"product","link":"https:\/\/www.jootjeshaakcadeautjes.nl\/fr\/produit\/attache-sucette-6\/","title":{"rendered":"Attache-sucette en silicone &#8211; Vert pistache"},"content":{"rendered":"<h2>Attache-sucette en silicone &#8211; Vert pistache<\/h2>\n<p>Couleur : vert pistache<br \/>\nMat\u00e9riau : comme toujours, sans BPA, sans PVC, sans phtalates et autres silicones exempts de toxines.<br \/>\n100% s\u00e9curit\u00e9 enfants, certifi\u00e9 CE<br \/>\nAvec des trous conformes \u00e0 la norme NEN 12586<\/p>\n<p>Clip robuste avec insert en plastique.<\/p>\n","protected":false},"excerpt":{"rendered":"<h2>Attache-sucette en silicone &#8211; Vert pistache<\/h2>\n<p>Couleur : vert pistache<br \/>\nMat\u00e9riau : comme toujours, sans BPA, sans PVC, sans phtalates et autres silicones exempts de toxines.<br \/>\n100% s\u00e9curit\u00e9 enfants, certifi\u00e9 CE<br \/>\nAvec des trous conformes \u00e0 la norme NEN 12586<\/p>\n<p>Clip robuste avec insert en plastique.<\/p>\n","protected":false},"featured_media":73979,"template":"","meta":[],"product_brand":[],"product_cat":[12486,13164,12482,7378],"product_tag":[7384,7424,10295,12490,7463,7418,13174,7440,7200,13170,10222,10290,12585,10007,7212,10319],"class_list":{"0":"post-135950","1":"product","2":"type-product","3":"status-publish","4":"has-post-thumbnail","6":"product_cat-attaches-tetines-attache-tetine-tendeur-de-sucette-allen-silicone-bois-metal","7":"product_cat-clips-de-tetine-en-silicone-35-mm-ronds-et-figures","8":"product_cat-clips-de-tetine-pour-cordon-de-tetine-chaine-de-landau-et-autres","9":"product_cat-fabrication-de-jouets-de-dentition-pour-bebe-cordon-de-sucette-et-anneaux-de-dentition","10":"product_tag-anneau-de-dentition","11":"product_tag-bpa-fr","12":"product_tag-certifie-fr","13":"product_tag-clip-factice","14":"product_tag-commerce-de-gros","15":"product_tag-faux-cordon","16":"product_tag-ftatlaat-fr","17":"product_tag-gratuit","18":"product_tag-perles","19":"product_tag-pinces-a-trayons","20":"product_tag-pistache-fr","21":"product_tag-protection-des-enfants","22":"product_tag-sans-bpa-fr","23":"product_tag-sans-pvc","24":"product_tag-silicone-fr","25":"product_tag-vert","27":"first","28":"outofstock","29":"taxable","30":"shipping-taxable","31":"purchasable","32":"product-type-simple"},"bundled_by":[],"bundle_stock_status":"outofstock","bundle_stock_quantity":0,"bundle_virtual":false,"bundle_layout":"","bundle_add_to_cart_form_location":"","bundle_editable_in_cart":false,"bundle_sold_individually_context":"","bundle_item_grouping":"","bundle_min_size":"","bundle_max_size":"","bundle_price":[],"bundled_items":[],"bundle_sell_ids":[],"yoast_head":"<!-- This site is optimized with the Yoast SEO Premium plugin v27.6 (Yoast SEO v27.6) - https:\/\/yoast.com\/product\/yoast-seo-premium-wordpress\/ -->\n<title>Attache-sucette en silicone - Vert pistache - Jootjes Haakcadeautjes<\/title>\n<meta name=\"description\" content=\"Attache-sucette en silicone sans BPA de couleur vert pistache. Pour les b\u00e9b\u00e9s, fixez les clips dans le cordon de la t\u00e9tine ou le cordon de la poussette. Achetez ici, en gros.\" \/>\n<meta name=\"robots\" content=\"index, follow, max-snippet:-1, max-image-preview:large, max-video-preview:-1\" \/>\n<link rel=\"canonical\" href=\"https:\/\/www.jootjeshaakcadeautjes.nl\/fr\/produit\/attache-sucette-6\/\" \/>\n<meta property=\"og:locale\" content=\"fr_FR\" \/>\n<meta property=\"og:type\" content=\"article\" \/>\n<meta property=\"og:title\" content=\"Attache-sucette en silicone - Vert pistache\" \/>\n<meta property=\"og:description\" content=\"Attache-sucette en silicone sans BPA de couleur vert pistache. Pour les b\u00e9b\u00e9s, fixez les clips dans le cordon de la t\u00e9tine ou le cordon de la poussette. Achetez ici, en gros.\" \/>\n<meta property=\"og:url\" content=\"https:\/\/www.jootjeshaakcadeautjes.nl\/fr\/produit\/attache-sucette-6\/\" \/>\n<meta property=\"og:site_name\" content=\"Jootjes Haakcadeautjes\" \/>\n<meta property=\"article:modified_time\" content=\"2026-01-28T16:55:40+00:00\" \/>\n<meta property=\"og:image\" content=\"https:\/\/www.jootjeshaakcadeautjes.nl\/wp-content\/uploads\/2020\/11\/20201110_002409.jpg\" \/>\n\t<meta property=\"og:image:width\" content=\"1444\" \/>\n\t<meta property=\"og:image:height\" content=\"1444\" \/>\n\t<meta property=\"og:image:type\" content=\"image\/jpeg\" \/>\n<meta name=\"twitter:card\" content=\"summary_large_image\" \/>\n<meta name=\"twitter:label1\" content=\"Prix\" \/>\n\t<meta name=\"twitter:data1\" content=\"&euro;1.90 TTC\" \/>\n\t<meta name=\"twitter:label2\" content=\"Disponibilit\u00e9\" \/>\n\t<meta name=\"twitter:data2\" content=\"Rupture de stock\" \/>\n<script type=\"application\/ld+json\" class=\"yoast-schema-graph\">{\"@context\":\"https:\\\/\\\/schema.org\",\"@graph\":[{\"@type\":\"WebPage\",\"@id\":\"https:\\\/\\\/www.jootjeshaakcadeautjes.nl\\\/fr\\\/produit\\\/attache-sucette-6\\\/\",\"url\":\"https:\\\/\\\/www.jootjeshaakcadeautjes.nl\\\/fr\\\/produit\\\/attache-sucette-6\\\/\",\"name\":\"Attache-sucette en silicone - Vert pistache - Jootjes Haakcadeautjes\",\"isPartOf\":{\"@id\":\"https:\\\/\\\/www.jootjeshaakcadeautjes.nl\\\/fr\\\/#website\"},\"primaryImageOfPage\":{\"@id\":\"https:\\\/\\\/www.jootjeshaakcadeautjes.nl\\\/fr\\\/produit\\\/attache-sucette-6\\\/#primaryimage\"},\"image\":{\"@id\":\"https:\\\/\\\/www.jootjeshaakcadeautjes.nl\\\/fr\\\/produit\\\/attache-sucette-6\\\/#primaryimage\"},\"thumbnailUrl\":\"https:\\\/\\\/d1dyryakdmle7o.cloudfront.net\\\/wp-content\\\/uploads\\\/2020\\\/11\\\/20201110_002409.jpg\",\"datePublished\":\"2020-05-09T18:00:08+00:00\",\"dateModified\":\"2026-01-28T16:55:40+00:00\",\"description\":\"Attache-sucette en silicone sans BPA de couleur vert pistache. Pour les b\u00e9b\u00e9s, fixez les clips dans le cordon de la t\u00e9tine ou le cordon de la poussette. Achetez ici, en gros.\",\"breadcrumb\":{\"@id\":\"https:\\\/\\\/www.jootjeshaakcadeautjes.nl\\\/fr\\\/produit\\\/attache-sucette-6\\\/#breadcrumb\"},\"inLanguage\":\"fr-FR\",\"potentialAction\":[{\"@type\":\"ReadAction\",\"target\":[\"https:\\\/\\\/www.jootjeshaakcadeautjes.nl\\\/fr\\\/produit\\\/attache-sucette-6\\\/\"]}]},{\"@type\":\"ImageObject\",\"inLanguage\":\"fr-FR\",\"@id\":\"https:\\\/\\\/www.jootjeshaakcadeautjes.nl\\\/fr\\\/produit\\\/attache-sucette-6\\\/#primaryimage\",\"url\":\"https:\\\/\\\/d1dyryakdmle7o.cloudfront.net\\\/wp-content\\\/uploads\\\/2020\\\/11\\\/20201110_002409.jpg\",\"contentUrl\":\"https:\\\/\\\/d1dyryakdmle7o.cloudfront.net\\\/wp-content\\\/uploads\\\/2020\\\/11\\\/20201110_002409.jpg\",\"width\":1444,\"height\":1444},{\"@type\":\"BreadcrumbList\",\"@id\":\"https:\\\/\\\/www.jootjeshaakcadeautjes.nl\\\/fr\\\/produit\\\/attache-sucette-6\\\/#breadcrumb\",\"itemListElement\":[{\"@type\":\"ListItem\",\"position\":1,\"name\":\"Accueil\",\"item\":\"https:\\\/\\\/www.jootjeshaakcadeautjes.nl\\\/fr\\\/\"},{\"@type\":\"ListItem\",\"position\":2,\"name\":\"Commerce de gros de perles en silicone &#8211; Entreprises et consommateurs\",\"item\":\"https:\\\/\\\/www.jootjeshaakcadeautjes.nl\\\/fr\\\/boutique\\\/\"},{\"@type\":\"ListItem\",\"position\":3,\"name\":\"Attache-sucette en silicone &#8211; Vert pistache\"}]},{\"@type\":\"WebSite\",\"@id\":\"https:\\\/\\\/www.jootjeshaakcadeautjes.nl\\\/fr\\\/#website\",\"url\":\"https:\\\/\\\/www.jootjeshaakcadeautjes.nl\\\/fr\\\/\",\"name\":\"Jootjes Haakcadeautjes\",\"description\":\"Grossiste en perles de silicone\",\"publisher\":{\"@id\":\"https:\\\/\\\/www.jootjeshaakcadeautjes.nl\\\/fr\\\/#organization\"},\"potentialAction\":[{\"@type\":\"SearchAction\",\"target\":{\"@type\":\"EntryPoint\",\"urlTemplate\":\"https:\\\/\\\/www.jootjeshaakcadeautjes.nl\\\/fr\\\/?s={search_term_string}\"},\"query-input\":{\"@type\":\"PropertyValueSpecification\",\"valueRequired\":true,\"valueName\":\"search_term_string\"}}],\"inLanguage\":\"fr-FR\"},{\"@type\":\"Organization\",\"@id\":\"https:\\\/\\\/www.jootjeshaakcadeautjes.nl\\\/fr\\\/#organization\",\"name\":\"Jootjes Haakcadeautjes\",\"url\":\"https:\\\/\\\/www.jootjeshaakcadeautjes.nl\\\/fr\\\/\",\"logo\":{\"@type\":\"ImageObject\",\"inLanguage\":\"fr-FR\",\"@id\":\"https:\\\/\\\/www.jootjeshaakcadeautjes.nl\\\/fr\\\/#\\\/schema\\\/logo\\\/image\\\/\",\"url\":\"https:\\\/\\\/d1dyryakdmle7o.cloudfront.net\\\/wp-content\\\/uploads\\\/2023\\\/05\\\/Logo-rond.png\",\"contentUrl\":\"https:\\\/\\\/d1dyryakdmle7o.cloudfront.net\\\/wp-content\\\/uploads\\\/2023\\\/05\\\/Logo-rond.png\",\"width\":1222,\"height\":1222,\"caption\":\"Jootjes Haakcadeautjes\"},\"image\":{\"@id\":\"https:\\\/\\\/www.jootjeshaakcadeautjes.nl\\\/fr\\\/#\\\/schema\\\/logo\\\/image\\\/\"}}]}<\/script>\n<meta property=\"product:price:amount\" content=\"1.90\" \/>\n<meta property=\"product:price:currency\" content=\"EUR\" \/>\n<meta property=\"og:availability\" content=\"out of stock\" \/>\n<meta property=\"product:availability\" content=\"out of stock\" \/>\n<meta property=\"product:retailer_item_id\" content=\"SSP-SNW-PIG\" \/>\n<meta property=\"product:condition\" content=\"new\" \/>\n<!-- \/ Yoast SEO Premium plugin. -->","yoast_head_json":{"title":"Attache-sucette en silicone - Vert pistache - Jootjes Haakcadeautjes","description":"Attache-sucette en silicone sans BPA de couleur vert pistache. Pour les b\u00e9b\u00e9s, fixez les clips dans le cordon de la t\u00e9tine ou le cordon de la poussette. Achetez ici, en gros.","robots":{"index":"index","follow":"follow","max-snippet":"max-snippet:-1","max-image-preview":"max-image-preview:large","max-video-preview":"max-video-preview:-1"},"canonical":"https:\/\/www.jootjeshaakcadeautjes.nl\/fr\/produit\/attache-sucette-6\/","og_locale":"fr_FR","og_type":"article","og_title":"Attache-sucette en silicone - Vert pistache","og_description":"Attache-sucette en silicone sans BPA de couleur vert pistache. Pour les b\u00e9b\u00e9s, fixez les clips dans le cordon de la t\u00e9tine ou le cordon de la poussette. Achetez ici, en gros.","og_url":"https:\/\/www.jootjeshaakcadeautjes.nl\/fr\/produit\/attache-sucette-6\/","og_site_name":"Jootjes Haakcadeautjes","article_modified_time":"2026-01-28T16:55:40+00:00","og_image":[{"width":1444,"height":1444,"url":"https:\/\/www.jootjeshaakcadeautjes.nl\/wp-content\/uploads\/2020\/11\/20201110_002409.jpg","type":"image\/jpeg"}],"twitter_card":"summary_large_image","twitter_misc":{"Prix":"&euro;1.90 TTC","Disponibilit\u00e9":"Rupture de stock"},"schema":{"@context":"https:\/\/schema.org","@graph":[{"@type":"WebPage","@id":"https:\/\/www.jootjeshaakcadeautjes.nl\/fr\/produit\/attache-sucette-6\/","url":"https:\/\/www.jootjeshaakcadeautjes.nl\/fr\/produit\/attache-sucette-6\/","name":"Attache-sucette en silicone - Vert pistache - Jootjes Haakcadeautjes","isPartOf":{"@id":"https:\/\/www.jootjeshaakcadeautjes.nl\/fr\/#website"},"primaryImageOfPage":{"@id":"https:\/\/www.jootjeshaakcadeautjes.nl\/fr\/produit\/attache-sucette-6\/#primaryimage"},"image":{"@id":"https:\/\/www.jootjeshaakcadeautjes.nl\/fr\/produit\/attache-sucette-6\/#primaryimage"},"thumbnailUrl":"https:\/\/d1dyryakdmle7o.cloudfront.net\/wp-content\/uploads\/2020\/11\/20201110_002409.jpg","datePublished":"2020-05-09T18:00:08+00:00","dateModified":"2026-01-28T16:55:40+00:00","description":"Attache-sucette en silicone sans BPA de couleur vert pistache. Pour les b\u00e9b\u00e9s, fixez les clips dans le cordon de la t\u00e9tine ou le cordon de la poussette. Achetez ici, en gros.","breadcrumb":{"@id":"https:\/\/www.jootjeshaakcadeautjes.nl\/fr\/produit\/attache-sucette-6\/#breadcrumb"},"inLanguage":"fr-FR","potentialAction":[{"@type":"ReadAction","target":["https:\/\/www.jootjeshaakcadeautjes.nl\/fr\/produit\/attache-sucette-6\/"]}]},{"@type":"ImageObject","inLanguage":"fr-FR","@id":"https:\/\/www.jootjeshaakcadeautjes.nl\/fr\/produit\/attache-sucette-6\/#primaryimage","url":"https:\/\/d1dyryakdmle7o.cloudfront.net\/wp-content\/uploads\/2020\/11\/20201110_002409.jpg","contentUrl":"https:\/\/d1dyryakdmle7o.cloudfront.net\/wp-content\/uploads\/2020\/11\/20201110_002409.jpg","width":1444,"height":1444},{"@type":"BreadcrumbList","@id":"https:\/\/www.jootjeshaakcadeautjes.nl\/fr\/produit\/attache-sucette-6\/#breadcrumb","itemListElement":[{"@type":"ListItem","position":1,"name":"Accueil","item":"https:\/\/www.jootjeshaakcadeautjes.nl\/fr\/"},{"@type":"ListItem","position":2,"name":"Commerce de gros de perles en silicone &#8211; Entreprises et consommateurs","item":"https:\/\/www.jootjeshaakcadeautjes.nl\/fr\/boutique\/"},{"@type":"ListItem","position":3,"name":"Attache-sucette en silicone &#8211; Vert pistache"}]},{"@type":"WebSite","@id":"https:\/\/www.jootjeshaakcadeautjes.nl\/fr\/#website","url":"https:\/\/www.jootjeshaakcadeautjes.nl\/fr\/","name":"Jootjes Haakcadeautjes","description":"Grossiste en perles de silicone","publisher":{"@id":"https:\/\/www.jootjeshaakcadeautjes.nl\/fr\/#organization"},"potentialAction":[{"@type":"SearchAction","target":{"@type":"EntryPoint","urlTemplate":"https:\/\/www.jootjeshaakcadeautjes.nl\/fr\/?s={search_term_string}"},"query-input":{"@type":"PropertyValueSpecification","valueRequired":true,"valueName":"search_term_string"}}],"inLanguage":"fr-FR"},{"@type":"Organization","@id":"https:\/\/www.jootjeshaakcadeautjes.nl\/fr\/#organization","name":"Jootjes Haakcadeautjes","url":"https:\/\/www.jootjeshaakcadeautjes.nl\/fr\/","logo":{"@type":"ImageObject","inLanguage":"fr-FR","@id":"https:\/\/www.jootjeshaakcadeautjes.nl\/fr\/#\/schema\/logo\/image\/","url":"https:\/\/d1dyryakdmle7o.cloudfront.net\/wp-content\/uploads\/2023\/05\/Logo-rond.png","contentUrl":"https:\/\/d1dyryakdmle7o.cloudfront.net\/wp-content\/uploads\/2023\/05\/Logo-rond.png","width":1222,"height":1222,"caption":"Jootjes Haakcadeautjes"},"image":{"@id":"https:\/\/www.jootjeshaakcadeautjes.nl\/fr\/#\/schema\/logo\/image\/"}}]},"product_price_amount":"1.90","product_price_currency":"EUR","og_availability":"out of stock","product_availability":"out of stock","product_retailer_item_id":"SSP-SNW-PIG","product_condition":"new"},"_links":{"self":[{"href":"https:\/\/www.jootjeshaakcadeautjes.nl\/fr\/wp-json\/wp\/v2\/product\/135950","targetHints":{"allow":["GET"]}}],"collection":[{"href":"https:\/\/www.jootjeshaakcadeautjes.nl\/fr\/wp-json\/wp\/v2\/product"}],"about":[{"href":"https:\/\/www.jootjeshaakcadeautjes.nl\/fr\/wp-json\/wp\/v2\/types\/product"}],"version-history":[{"count":0,"href":"https:\/\/www.jootjeshaakcadeautjes.nl\/fr\/wp-json\/wp\/v2\/product\/135950\/revisions"}],"wp:featuredmedia":[{"embeddable":true,"href":"https:\/\/www.jootjeshaakcadeautjes.nl\/fr\/wp-json\/wp\/v2\/media\/73979"}],"wp:attachment":[{"href":"https:\/\/www.jootjeshaakcadeautjes.nl\/fr\/wp-json\/wp\/v2\/media?parent=135950"}],"wp:term":[{"taxonomy":"product_brand","embeddable":true,"href":"https:\/\/www.jootjeshaakcadeautjes.nl\/fr\/wp-json\/wp\/v2\/product_brand?post=135950"},{"taxonomy":"product_cat","embeddable":true,"href":"https:\/\/www.jootjeshaakcadeautjes.nl\/fr\/wp-json\/wp\/v2\/product_cat?post=135950"},{"taxonomy":"product_tag","embeddable":true,"href":"https:\/\/www.jootjeshaakcadeautjes.nl\/fr\/wp-json\/wp\/v2\/product_tag?post=135950"}],"curies":[{"name":"wp","href":"https:\/\/api.w.org\/{rel}","templated":true}]}}