{"id":136118,"date":"2020-04-07T21:26:07","date_gmt":"2020-04-07T19:26:07","guid":{"rendered":"https:\/\/www.jootjeshaakcadeautjes.nl\/product\/pinces-a-chat-en-bois-avec-trous\/"},"modified":"2026-05-01T12:55:53","modified_gmt":"2026-05-01T10:55:53","slug":"attache-sucette-17","status":"publish","type":"product","link":"https:\/\/www.jootjeshaakcadeautjes.nl\/fr\/produit\/attache-sucette-17\/","title":{"rendered":"Attache-sucette en h\u00eatre &#8211; Attache-sucette avec trous &#8211; Non verni &#8211; 30 mm &#8211; EN12586"},"content":{"rendered":"<h3><strong>Attache-sucette en bois de h\u00eatre avec trous (non peinte) &#8211; EN 12586 s\u00e9curit\u00e9 test\u00e9e !<\/strong><\/h3>\n<p>Si vous \u00eates \u00e0 la recherche d&#8217;Attache-sucette en bois de qualit\u00e9 sup\u00e9rieure, vous avez frapp\u00e9 \u00e0 la bonne porte chez JootjesHaakcadeautjes.nl. Doublement test\u00e9 sp\u00e9cialement pour nous en termes de s\u00e9curit\u00e9 selon les crit\u00e8res de la norme EN12586 pour les cordes factices. Nos attaches-sucettes en bois avec trous sont donc parfaites pour r\u00e9aliser un cordon de t\u00e9tine en bois ou un cordon de landau. En outre, ces Attache-sucettes en bois sont faciles \u00e0 combiner avec nos autres mat\u00e9riaux en bois.<\/p>\n<p>Cela vous donne l&#8217;occasion de cr\u00e9er une pi\u00e8ce unique de jouets pour b\u00e9b\u00e9s faits \u00e0 la main. Enti\u00e8rement personnalis\u00e9. Par exemple, avec notre nouvelle collection de produits en bois<a href=\"\/?product_cat=kralen\">(perles<\/a> et <a href=\"\/?product_cat=houten-ringapplicaties\">anneaux<\/a>). Les Attache-sucettes en bois sont la cerise sur le g\u00e2teau pour vos jouets faits maison et permettent une fixation s\u00fbre aux v\u00eatements ou \u00e0 la poussette\/au landau.<\/p>\n<h4>Qualit\u00e9 et s\u00e9curit\u00e9 de nos attaches-sucettes en bois de h\u00eatre avec trous :<\/h4>\n<p>Les Attache-sucettes en bois sont fabriqu\u00e9es en bois de h\u00eatre lisse et laqu\u00e9 transparent. Les Attache-sucettes sont fabriqu\u00e9es sans produits chimiques, ce qui les rend id\u00e9ales pour une utilisation dans les jouets pour b\u00e9b\u00e9s et\/ou jeunes enfants. Ils sont donc test\u00e9s en toute s\u00e9curit\u00e9 en ce qui concerne les ingr\u00e9dients chimiques. En outre, ces attaches-sucettes ont \u00e9t\u00e9 test\u00e9es deux fois, sp\u00e9cialement pour nous, selon les crit\u00e8res m\u00e9caniques de la norme EN12586. Ce n&#8217;est donc que chez Jootjes Haakcadeautjes que vous pouvez acheter ces clips de grande qualit\u00e9 \u00e0 ce prix avantageux. Les clips sont enti\u00e8rement conformes \u00e0 toutes les exigences m\u00e9caniques \u00e9num\u00e9r\u00e9es dans la norme EN12586 (y compris l&#8217;essai d&#8217;impact, l&#8217;essai de tension, la durabilit\u00e9 et les trous d&#8217;a\u00e9ration).<\/p>\n<p><strong>Vous souhaitez que ces Attache-sucettes soient grav\u00e9es directement avec votre marque ?<\/strong><\/p>\n<p>Avez-vous un bon magasin pour vos accessoires de dentition et vos cordons de t\u00e9tine ? Il va donc de soi que vous souhaitez travailler avec ces clips exclusifs et de haute qualit\u00e9. Et il est fort probable que vous souhaitiez mettre en valeur votre marque lors de ces clips ! Savez-vous d\u00e9j\u00e0 que nous pouvons nous en charger directement pour vous ? Nous pouvons \u00e9galement faire graver ces Attache-sucettes exclusives (s\u00fbres selon EN12586) pour vous. Nous faisons ensuite r\u00e9aliser cette op\u00e9ration directement dans notre usine. Par cons\u00e9quent, le d\u00e9lai de livraison des clips est l\u00e9g\u00e8rement plus long (comptez environ 4 semaines si vous souhaitez une gravure). En outre, la commande minimale est de 200 pi\u00e8ces ou plus.<\/p>\n<h3><strong>Autres vari\u00e9t\u00e9s d&#8217;Attache-sucette :<\/strong><\/h3>\n<p>Vous cherchez encore les Attache-sucettes sans trous ? Vous les trouverez <a href=\"https:\/\/www.jootjeshaakcadeautjes.nl\/product\/houten-speenclips-zonder-gaatjes\/\">ici<\/a>.<br \/>\nNous proposons \u00e9galement des vari\u00e9t\u00e9s color\u00e9es d&#8217;attaches-sucettes en bois et d&#8217;attaches-sucettes en m\u00e9tal ou en silicone :<\/p>\n<ul>\n<li><a href=\"https:\/\/www.jootjeshaakcadeautjes.nl\/product\/roze-houten-speenclips-gelakt\/\">Attache-sucette en bois rose<\/a><\/li>\n<li><a href=\"https:\/\/www.jootjeshaakcadeautjes.nl\/product\/lichtroze-houten-speenclips-gelakt\/\">Attache-sucette en bois rose p\u00e2le<\/a><\/li>\n<li><a href=\"https:\/\/www.jootjeshaakcadeautjes.nl\/product\/turquoise-houten-speenclips-gelakt\/\">Attache-sucette en bois turquoise<\/a><\/li>\n<li><a href=\"https:\/\/www.jootjeshaakcadeautjes.nl\/product\/metalen-speenclips\/\">Attache-sucette en m\u00e9tal<\/a><\/li>\n<li><a href=\"https:\/\/www.jootjeshaakcadeautjes.nl\/product\/houten-speenclips-zonder-gaatjes\/\">Attache-sucette en silicone<\/a> (rose\/bleu)<\/li>\n<\/ul>\n","protected":false},"excerpt":{"rendered":"<h4>Attache-sucette en h\u00eatre avec trous &#8211; non peinte &#8211; EN12586<\/h4>\n<p>Mat\u00e9riau : Attache-sucette en bois de h\u00eatre<br \/>\nDouble test sp\u00e9cial, conforme \u00e0 toutes les exigences de la norme EN12586 (test d&#8217;impact, test de r\u00e9sistance, durabilit\u00e9 et trous d&#8217;a\u00e9ration).<\/p>\n<p>Non verni, \u00e9tuv\u00e9 et poli.<br \/>\nLa meilleure qualit\u00e9 sur le march\u00e9 ! Meilleur prix !<\/p>\n<p>Attache-sucette avec fixation s\u00fbre.<br \/>\nVariante h\u00eatre \u00e0 trous.<\/p>\n<p><small>Pour plus d&#8217;informations, lisez la suite<\/small><small> au bas de la page.<\/small><\/p>\n","protected":false},"featured_media":67553,"template":"","meta":[],"product_brand":[],"product_cat":[12486,12482,12668,7378],"product_tag":[13512,7384,13715,7401,10409,12316,7455,12490,7197,10080,10286,7418,12410,12412,10414,12671,12416,19618,12672,13170,7408],"class_list":{"0":"post-136118","1":"product","2":"type-product","3":"status-publish","4":"has-post-thumbnail","6":"product_cat-attaches-tetines-attache-tetine-tendeur-de-sucette-allen-silicone-bois-metal","7":"product_cat-clips-de-tetine-pour-cordon-de-tetine-chaine-de-landau-et-autres","8":"product_cat-clips-pour-mannequins-en-bois-ronds-et-figures","9":"product_cat-fabrication-de-jouets-de-dentition-pour-bebe-cordon-de-sucette-et-anneaux-de-dentition","10":"product_tag-12586-fr","11":"product_tag-anneau-de-dentition","12":"product_tag-avec-trous","13":"product_tag-bebe","14":"product_tag-bois-fr","15":"product_tag-brut","16":"product_tag-chaine-de-landau","17":"product_tag-clip-factice","18":"product_tag-en-bois","19":"product_tag-et","20":"product_tag-faux-cordon-fr","21":"product_tag-faux-cordon","22":"product_tag-fr12586","23":"product_tag-gravure-fr","24":"product_tag-hetre","25":"product_tag-la-securite","26":"product_tag-marque","27":"product_tag-personalisierte","28":"product_tag-petits-trous","29":"product_tag-pinces-a-trayons","30":"product_tag-sur","32":"first","33":"instock","34":"taxable","35":"shipping-taxable","36":"purchasable","37":"product-type-simple"},"bundled_by":["276243","276344"],"bundle_stock_status":"instock","bundle_stock_quantity":921,"bundle_virtual":false,"bundle_layout":"","bundle_add_to_cart_form_location":"","bundle_editable_in_cart":false,"bundle_sold_individually_context":"","bundle_item_grouping":"","bundle_min_size":"","bundle_max_size":"","bundle_price":[],"bundled_items":[],"bundle_sell_ids":[],"yoast_head":"<!-- This site is optimized with the Yoast SEO Premium plugin v27.6 (Yoast SEO v27.6) - https:\/\/yoast.com\/product\/yoast-seo-premium-wordpress\/ -->\n<title>Attache-sucette en bois avec trous - Jootjes Crochet presents<\/title>\n<meta name=\"description\" content=\"Vous pouvez acheter des attaches-sucettes en bois avec trous en bois de h\u00eatre brut non trait\u00e9 sur notre boutique en ligne. Attache-sucette de haute qualit\u00e9 et \u00e0 prix abordable pour vos cordons de mannequins.\" \/>\n<meta name=\"robots\" content=\"index, follow, max-snippet:-1, max-image-preview:large, max-video-preview:-1\" \/>\n<link rel=\"canonical\" href=\"https:\/\/www.jootjeshaakcadeautjes.nl\/fr\/produit\/attache-sucette-17\/\" \/>\n<meta property=\"og:locale\" content=\"fr_FR\" \/>\n<meta property=\"og:type\" content=\"article\" \/>\n<meta property=\"og:title\" content=\"Attache-sucette en h\u00eatre - Attache-sucette avec trous - Non verni - 30 mm - EN12586\" \/>\n<meta property=\"og:description\" content=\"Vous pouvez acheter des attaches-sucettes en bois avec trous en bois de h\u00eatre brut non trait\u00e9 sur notre boutique en ligne. Attache-sucette de haute qualit\u00e9 et \u00e0 prix abordable pour vos cordons de mannequins.\" \/>\n<meta property=\"og:url\" content=\"https:\/\/www.jootjeshaakcadeautjes.nl\/fr\/produit\/attache-sucette-17\/\" \/>\n<meta property=\"og:site_name\" content=\"Jootjes Haakcadeautjes\" \/>\n<meta property=\"article:modified_time\" content=\"2026-05-01T10:55:53+00:00\" \/>\n<meta property=\"og:image\" content=\"https:\/\/www.jootjeshaakcadeautjes.nl\/wp-content\/uploads\/2016\/04\/20190924_205629.jpg\" \/>\n\t<meta property=\"og:image:width\" content=\"1717\" \/>\n\t<meta property=\"og:image:height\" content=\"1717\" \/>\n\t<meta property=\"og:image:type\" content=\"image\/jpeg\" \/>\n<meta name=\"twitter:card\" content=\"summary_large_image\" \/>\n<meta name=\"twitter:label1\" content=\"Prix\" \/>\n\t<meta name=\"twitter:data1\" content=\"&euro;1.10 TTC\" \/>\n\t<meta name=\"twitter:label2\" content=\"Disponibilit\u00e9\" \/>\n\t<meta name=\"twitter:data2\" content=\"En stock\" \/>\n<script type=\"application\/ld+json\" class=\"yoast-schema-graph\">{\"@context\":\"https:\\\/\\\/schema.org\",\"@graph\":[{\"@type\":\"WebPage\",\"@id\":\"https:\\\/\\\/www.jootjeshaakcadeautjes.nl\\\/fr\\\/produit\\\/attache-sucette-17\\\/\",\"url\":\"https:\\\/\\\/www.jootjeshaakcadeautjes.nl\\\/fr\\\/produit\\\/attache-sucette-17\\\/\",\"name\":\"Attache-sucette en bois avec trous - Jootjes Crochet presents\",\"isPartOf\":{\"@id\":\"https:\\\/\\\/www.jootjeshaakcadeautjes.nl\\\/fr\\\/#website\"},\"primaryImageOfPage\":{\"@id\":\"https:\\\/\\\/www.jootjeshaakcadeautjes.nl\\\/fr\\\/produit\\\/attache-sucette-17\\\/#primaryimage\"},\"image\":{\"@id\":\"https:\\\/\\\/www.jootjeshaakcadeautjes.nl\\\/fr\\\/produit\\\/attache-sucette-17\\\/#primaryimage\"},\"thumbnailUrl\":\"https:\\\/\\\/d1dyryakdmle7o.cloudfront.net\\\/wp-content\\\/uploads\\\/2016\\\/04\\\/20190924_205629.jpg\",\"datePublished\":\"2020-04-07T19:26:07+00:00\",\"dateModified\":\"2026-05-01T10:55:53+00:00\",\"description\":\"Vous pouvez acheter des attaches-sucettes en bois avec trous en bois de h\u00eatre brut non trait\u00e9 sur notre boutique en ligne. Attache-sucette de haute qualit\u00e9 et \u00e0 prix abordable pour vos cordons de mannequins.\",\"breadcrumb\":{\"@id\":\"https:\\\/\\\/www.jootjeshaakcadeautjes.nl\\\/fr\\\/produit\\\/attache-sucette-17\\\/#breadcrumb\"},\"inLanguage\":\"fr-FR\",\"potentialAction\":[{\"@type\":\"ReadAction\",\"target\":[\"https:\\\/\\\/www.jootjeshaakcadeautjes.nl\\\/fr\\\/produit\\\/attache-sucette-17\\\/\"]}]},{\"@type\":\"ImageObject\",\"inLanguage\":\"fr-FR\",\"@id\":\"https:\\\/\\\/www.jootjeshaakcadeautjes.nl\\\/fr\\\/produit\\\/attache-sucette-17\\\/#primaryimage\",\"url\":\"https:\\\/\\\/d1dyryakdmle7o.cloudfront.net\\\/wp-content\\\/uploads\\\/2016\\\/04\\\/20190924_205629.jpg\",\"contentUrl\":\"https:\\\/\\\/d1dyryakdmle7o.cloudfront.net\\\/wp-content\\\/uploads\\\/2016\\\/04\\\/20190924_205629.jpg\",\"width\":1717,\"height\":1717,\"caption\":\"Attache-sucette en bois non peint EN 12586 cordon pour t\u00e9tine sans danger pour les b\u00e9b\u00e9s\"},{\"@type\":\"BreadcrumbList\",\"@id\":\"https:\\\/\\\/www.jootjeshaakcadeautjes.nl\\\/fr\\\/produit\\\/attache-sucette-17\\\/#breadcrumb\",\"itemListElement\":[{\"@type\":\"ListItem\",\"position\":1,\"name\":\"Accueil\",\"item\":\"https:\\\/\\\/www.jootjeshaakcadeautjes.nl\\\/fr\\\/\"},{\"@type\":\"ListItem\",\"position\":2,\"name\":\"Commerce de gros de perles en silicone &#8211; Entreprises et consommateurs\",\"item\":\"https:\\\/\\\/www.jootjeshaakcadeautjes.nl\\\/fr\\\/boutique\\\/\"},{\"@type\":\"ListItem\",\"position\":3,\"name\":\"Attache-sucette en h\u00eatre &#8211; Attache-sucette avec trous &#8211; Non verni &#8211; 30 mm &#8211; EN12586\"}]},{\"@type\":\"WebSite\",\"@id\":\"https:\\\/\\\/www.jootjeshaakcadeautjes.nl\\\/fr\\\/#website\",\"url\":\"https:\\\/\\\/www.jootjeshaakcadeautjes.nl\\\/fr\\\/\",\"name\":\"Jootjes Haakcadeautjes\",\"description\":\"Grossiste en perles de silicone\",\"publisher\":{\"@id\":\"https:\\\/\\\/www.jootjeshaakcadeautjes.nl\\\/fr\\\/#organization\"},\"potentialAction\":[{\"@type\":\"SearchAction\",\"target\":{\"@type\":\"EntryPoint\",\"urlTemplate\":\"https:\\\/\\\/www.jootjeshaakcadeautjes.nl\\\/fr\\\/?s={search_term_string}\"},\"query-input\":{\"@type\":\"PropertyValueSpecification\",\"valueRequired\":true,\"valueName\":\"search_term_string\"}}],\"inLanguage\":\"fr-FR\"},{\"@type\":\"Organization\",\"@id\":\"https:\\\/\\\/www.jootjeshaakcadeautjes.nl\\\/fr\\\/#organization\",\"name\":\"Jootjes Haakcadeautjes\",\"url\":\"https:\\\/\\\/www.jootjeshaakcadeautjes.nl\\\/fr\\\/\",\"logo\":{\"@type\":\"ImageObject\",\"inLanguage\":\"fr-FR\",\"@id\":\"https:\\\/\\\/www.jootjeshaakcadeautjes.nl\\\/fr\\\/#\\\/schema\\\/logo\\\/image\\\/\",\"url\":\"https:\\\/\\\/d1dyryakdmle7o.cloudfront.net\\\/wp-content\\\/uploads\\\/2023\\\/05\\\/Logo-rond.png\",\"contentUrl\":\"https:\\\/\\\/d1dyryakdmle7o.cloudfront.net\\\/wp-content\\\/uploads\\\/2023\\\/05\\\/Logo-rond.png\",\"width\":1222,\"height\":1222,\"caption\":\"Jootjes Haakcadeautjes\"},\"image\":{\"@id\":\"https:\\\/\\\/www.jootjeshaakcadeautjes.nl\\\/fr\\\/#\\\/schema\\\/logo\\\/image\\\/\"}}]}<\/script>\n<meta property=\"product:price:amount\" content=\"1.10\" \/>\n<meta property=\"product:price:currency\" content=\"EUR\" \/>\n<meta property=\"og:availability\" content=\"instock\" \/>\n<meta property=\"product:availability\" content=\"instock\" \/>\n<meta property=\"product:retailer_item_id\" content=\"SPC-HOU-MGA\" \/>\n<meta property=\"product:condition\" content=\"new\" \/>\n<!-- \/ Yoast SEO Premium plugin. -->","yoast_head_json":{"title":"Attache-sucette en bois avec trous - Jootjes Crochet presents","description":"Vous pouvez acheter des attaches-sucettes en bois avec trous en bois de h\u00eatre brut non trait\u00e9 sur notre boutique en ligne. Attache-sucette de haute qualit\u00e9 et \u00e0 prix abordable pour vos cordons de mannequins.","robots":{"index":"index","follow":"follow","max-snippet":"max-snippet:-1","max-image-preview":"max-image-preview:large","max-video-preview":"max-video-preview:-1"},"canonical":"https:\/\/www.jootjeshaakcadeautjes.nl\/fr\/produit\/attache-sucette-17\/","og_locale":"fr_FR","og_type":"article","og_title":"Attache-sucette en h\u00eatre - Attache-sucette avec trous - Non verni - 30 mm - EN12586","og_description":"Vous pouvez acheter des attaches-sucettes en bois avec trous en bois de h\u00eatre brut non trait\u00e9 sur notre boutique en ligne. Attache-sucette de haute qualit\u00e9 et \u00e0 prix abordable pour vos cordons de mannequins.","og_url":"https:\/\/www.jootjeshaakcadeautjes.nl\/fr\/produit\/attache-sucette-17\/","og_site_name":"Jootjes Haakcadeautjes","article_modified_time":"2026-05-01T10:55:53+00:00","og_image":[{"width":1717,"height":1717,"url":"https:\/\/www.jootjeshaakcadeautjes.nl\/wp-content\/uploads\/2016\/04\/20190924_205629.jpg","type":"image\/jpeg"}],"twitter_card":"summary_large_image","twitter_misc":{"Prix":"&euro;1.10 TTC","Disponibilit\u00e9":"En stock"},"schema":{"@context":"https:\/\/schema.org","@graph":[{"@type":"WebPage","@id":"https:\/\/www.jootjeshaakcadeautjes.nl\/fr\/produit\/attache-sucette-17\/","url":"https:\/\/www.jootjeshaakcadeautjes.nl\/fr\/produit\/attache-sucette-17\/","name":"Attache-sucette en bois avec trous - Jootjes Crochet presents","isPartOf":{"@id":"https:\/\/www.jootjeshaakcadeautjes.nl\/fr\/#website"},"primaryImageOfPage":{"@id":"https:\/\/www.jootjeshaakcadeautjes.nl\/fr\/produit\/attache-sucette-17\/#primaryimage"},"image":{"@id":"https:\/\/www.jootjeshaakcadeautjes.nl\/fr\/produit\/attache-sucette-17\/#primaryimage"},"thumbnailUrl":"https:\/\/d1dyryakdmle7o.cloudfront.net\/wp-content\/uploads\/2016\/04\/20190924_205629.jpg","datePublished":"2020-04-07T19:26:07+00:00","dateModified":"2026-05-01T10:55:53+00:00","description":"Vous pouvez acheter des attaches-sucettes en bois avec trous en bois de h\u00eatre brut non trait\u00e9 sur notre boutique en ligne. Attache-sucette de haute qualit\u00e9 et \u00e0 prix abordable pour vos cordons de mannequins.","breadcrumb":{"@id":"https:\/\/www.jootjeshaakcadeautjes.nl\/fr\/produit\/attache-sucette-17\/#breadcrumb"},"inLanguage":"fr-FR","potentialAction":[{"@type":"ReadAction","target":["https:\/\/www.jootjeshaakcadeautjes.nl\/fr\/produit\/attache-sucette-17\/"]}]},{"@type":"ImageObject","inLanguage":"fr-FR","@id":"https:\/\/www.jootjeshaakcadeautjes.nl\/fr\/produit\/attache-sucette-17\/#primaryimage","url":"https:\/\/d1dyryakdmle7o.cloudfront.net\/wp-content\/uploads\/2016\/04\/20190924_205629.jpg","contentUrl":"https:\/\/d1dyryakdmle7o.cloudfront.net\/wp-content\/uploads\/2016\/04\/20190924_205629.jpg","width":1717,"height":1717,"caption":"Attache-sucette en bois non peint EN 12586 cordon pour t\u00e9tine sans danger pour les b\u00e9b\u00e9s"},{"@type":"BreadcrumbList","@id":"https:\/\/www.jootjeshaakcadeautjes.nl\/fr\/produit\/attache-sucette-17\/#breadcrumb","itemListElement":[{"@type":"ListItem","position":1,"name":"Accueil","item":"https:\/\/www.jootjeshaakcadeautjes.nl\/fr\/"},{"@type":"ListItem","position":2,"name":"Commerce de gros de perles en silicone &#8211; Entreprises et consommateurs","item":"https:\/\/www.jootjeshaakcadeautjes.nl\/fr\/boutique\/"},{"@type":"ListItem","position":3,"name":"Attache-sucette en h\u00eatre &#8211; Attache-sucette avec trous &#8211; Non verni &#8211; 30 mm &#8211; EN12586"}]},{"@type":"WebSite","@id":"https:\/\/www.jootjeshaakcadeautjes.nl\/fr\/#website","url":"https:\/\/www.jootjeshaakcadeautjes.nl\/fr\/","name":"Jootjes Haakcadeautjes","description":"Grossiste en perles de silicone","publisher":{"@id":"https:\/\/www.jootjeshaakcadeautjes.nl\/fr\/#organization"},"potentialAction":[{"@type":"SearchAction","target":{"@type":"EntryPoint","urlTemplate":"https:\/\/www.jootjeshaakcadeautjes.nl\/fr\/?s={search_term_string}"},"query-input":{"@type":"PropertyValueSpecification","valueRequired":true,"valueName":"search_term_string"}}],"inLanguage":"fr-FR"},{"@type":"Organization","@id":"https:\/\/www.jootjeshaakcadeautjes.nl\/fr\/#organization","name":"Jootjes Haakcadeautjes","url":"https:\/\/www.jootjeshaakcadeautjes.nl\/fr\/","logo":{"@type":"ImageObject","inLanguage":"fr-FR","@id":"https:\/\/www.jootjeshaakcadeautjes.nl\/fr\/#\/schema\/logo\/image\/","url":"https:\/\/d1dyryakdmle7o.cloudfront.net\/wp-content\/uploads\/2023\/05\/Logo-rond.png","contentUrl":"https:\/\/d1dyryakdmle7o.cloudfront.net\/wp-content\/uploads\/2023\/05\/Logo-rond.png","width":1222,"height":1222,"caption":"Jootjes Haakcadeautjes"},"image":{"@id":"https:\/\/www.jootjeshaakcadeautjes.nl\/fr\/#\/schema\/logo\/image\/"}}]},"product_price_amount":"1.10","product_price_currency":"EUR","og_availability":"instock","product_availability":"instock","product_retailer_item_id":"SPC-HOU-MGA","product_condition":"new"},"_links":{"self":[{"href":"https:\/\/www.jootjeshaakcadeautjes.nl\/fr\/wp-json\/wp\/v2\/product\/136118","targetHints":{"allow":["GET"]}}],"collection":[{"href":"https:\/\/www.jootjeshaakcadeautjes.nl\/fr\/wp-json\/wp\/v2\/product"}],"about":[{"href":"https:\/\/www.jootjeshaakcadeautjes.nl\/fr\/wp-json\/wp\/v2\/types\/product"}],"version-history":[{"count":0,"href":"https:\/\/www.jootjeshaakcadeautjes.nl\/fr\/wp-json\/wp\/v2\/product\/136118\/revisions"}],"wp:featuredmedia":[{"embeddable":true,"href":"https:\/\/www.jootjeshaakcadeautjes.nl\/fr\/wp-json\/wp\/v2\/media\/67553"}],"wp:attachment":[{"href":"https:\/\/www.jootjeshaakcadeautjes.nl\/fr\/wp-json\/wp\/v2\/media?parent=136118"}],"wp:term":[{"taxonomy":"product_brand","embeddable":true,"href":"https:\/\/www.jootjeshaakcadeautjes.nl\/fr\/wp-json\/wp\/v2\/product_brand?post=136118"},{"taxonomy":"product_cat","embeddable":true,"href":"https:\/\/www.jootjeshaakcadeautjes.nl\/fr\/wp-json\/wp\/v2\/product_cat?post=136118"},{"taxonomy":"product_tag","embeddable":true,"href":"https:\/\/www.jootjeshaakcadeautjes.nl\/fr\/wp-json\/wp\/v2\/product_tag?post=136118"}],"curies":[{"name":"wp","href":"https:\/\/api.w.org\/{rel}","templated":true}]}}