{"id":136170,"date":"2020-03-15T18:20:43","date_gmt":"2020-03-15T16:20:43","guid":{"rendered":"https:\/\/www.jootjeshaakcadeautjes.nl\/product\/marqueur-de-point-pendant-lune\/"},"modified":"2025-03-11T02:53:24","modified_gmt":"2025-03-11T01:53:24","slug":"marqueur-de-point-pendant-lune","status":"publish","type":"product","link":"https:\/\/www.jootjeshaakcadeautjes.nl\/fr\/produit\/marqueur-de-point-pendant-lune\/","title":{"rendered":"Marqueur de point pendentif Lune"},"content":{"rendered":"<h1>Pendentif marqueur de point lune m\u00e9tal argent\u00e9<\/h1>\n<p>Des marqueurs de points robustes avec un joli pendentif en forme de lune. Ce marqueur de point en m\u00e9tal en forme de hibou est fabriqu\u00e9 en m\u00e9tal fin, ce qui facilite l&#8217;insertion du marqueur de point dans l&#8217;ouvrage, contrairement \u00e0 ce qui se passe parfois avec un <a href=\"https:\/\/www.jootjeshaakcadeautjes.nl\/fr\/produit\/marqueurs-de-points\/\">marqueur de point en plastique<\/a>. Surtout si vous travaillez avec des fils plus fins.<\/p>\n<p>Ils sont vendus \u00e0 l&#8217;unit\u00e9.<\/p>\n<p>\u00c9galement disponible \u00e0 l&#8217;achat dans les variantes :<\/p>\n<ul>\n<li><a href=\"https:\/\/www.jootjeshaakcadeautjes.nl\/fr\/produit\/marqueur-de-point-pendant-trefle-quatre\/\">Pendentif marqueur en forme de tr\u00e8fle \u00e0 quatre feuilles<\/a><\/li>\n<li><a href=\"https:\/\/www.jootjeshaakcadeautjes.nl\/fr\/produit\/marqueur-de-point-pendentif-coeur\/\">Marqueurs de point pendentif coeur<\/a><\/li>\n<li><a href=\"https:\/\/www.jootjeshaakcadeautjes.nl\/fr\/produit\/marqueur-de-point-pendentif-fleur\/\">Marqueur de point pendentif fleurs<\/a><\/li>\n<li><a href=\"https:\/\/www.jootjeshaakcadeautjes.nl\/fr\/produit\/marqueur-de-point-pendentif-hibou\/\">Marqueur b\u00e2ton pendentif hibou<\/a><\/li>\n<\/ul>\n","protected":false},"excerpt":{"rendered":"<h1>Pendentif marqueur de point lune m\u00e9tal argent\u00e9<\/h1>\n<p>Marqueur de point fin avec un beau pendentif en argent en forme de lune. Fabriqu\u00e9 en m\u00e9tal fin, il facilite l&#8217;insertion du marqueur dans l&#8217;ouvrage, contrairement \u00e0 ce qui se passe parfois avec un <a href=\"https:\/\/www.jootjeshaakcadeautjes.nl\/product\/steekmarkeerders\/\">marqueur en plastique<\/a>. Surtout si vous travaillez avec des fils plus fins. Ils sont vendus \u00e0 l&#8217;unit\u00e9.<\/p>\n","protected":false},"featured_media":68288,"template":"","meta":[],"product_brand":[],"product_cat":[13876,12308],"product_tag":[13759,13877,13169,13880,13879],"class_list":{"0":"post-136170","1":"product","2":"type-product","3":"status-publish","4":"has-post-thumbnail","6":"product_cat-marqueurs-et-compteurs-de-revolution","7":"product_cat-materiel-de-bricolage-et-de-crochet","8":"product_tag-argent-metal","9":"product_tag-goupille-de-securite","10":"product_tag-lune","11":"product_tag-marqueur-de-point","12":"product_tag-marqueur-de-point-avec-pendentif","14":"first","15":"instock","16":"taxable","17":"shipping-taxable","18":"purchasable","19":"product-type-simple"},"bundled_by":[],"bundle_stock_status":"instock","bundle_stock_quantity":7,"bundle_virtual":false,"bundle_layout":"","bundle_add_to_cart_form_location":"","bundle_editable_in_cart":false,"bundle_sold_individually_context":"","bundle_item_grouping":"","bundle_min_size":"","bundle_max_size":"","bundle_price":[],"bundled_items":[],"bundle_sell_ids":[],"yoast_head":"<!-- This site is optimized with the Yoast SEO Premium plugin v27.6 (Yoast SEO v27.6) - https:\/\/yoast.com\/product\/yoast-seo-premium-wordpress\/ -->\n<title>Marqueur de point pendentif Lune - Jootjes Haakcadeautjes<\/title>\n<meta name=\"description\" content=\"Marqueur de point en argent avec un joli pendentif en forme de lune. C&#039;est tr\u00e8s beau \u00e0 regarder et le pendentif permet de trouver plus facilement le marqueur de point !\" \/>\n<meta name=\"robots\" content=\"index, follow, max-snippet:-1, max-image-preview:large, max-video-preview:-1\" \/>\n<link rel=\"canonical\" href=\"https:\/\/www.jootjeshaakcadeautjes.nl\/fr\/produit\/marqueur-de-point-pendant-lune\/\" \/>\n<meta property=\"og:locale\" content=\"fr_FR\" \/>\n<meta property=\"og:type\" content=\"article\" \/>\n<meta property=\"og:title\" content=\"Marqueur de point pendentif Lune\" \/>\n<meta property=\"og:description\" content=\"Marqueur de point en argent avec un joli pendentif en forme de lune. C&#039;est tr\u00e8s beau \u00e0 regarder et le pendentif permet de trouver plus facilement le marqueur de point !\" \/>\n<meta property=\"og:url\" content=\"https:\/\/www.jootjeshaakcadeautjes.nl\/fr\/produit\/marqueur-de-point-pendant-lune\/\" \/>\n<meta property=\"og:site_name\" content=\"Jootjes Haakcadeautjes\" \/>\n<meta property=\"article:modified_time\" content=\"2025-03-11T01:53:24+00:00\" \/>\n<meta property=\"og:image\" content=\"https:\/\/www.jootjeshaakcadeautjes.nl\/wp-content\/uploads\/2020\/03\/20200315_165626.jpg\" \/>\n\t<meta property=\"og:image:width\" content=\"987\" \/>\n\t<meta property=\"og:image:height\" content=\"987\" \/>\n\t<meta property=\"og:image:type\" content=\"image\/jpeg\" \/>\n<meta name=\"twitter:card\" content=\"summary_large_image\" \/>\n<meta name=\"twitter:label1\" content=\"Prix\" \/>\n\t<meta name=\"twitter:data1\" content=\"&euro;0.40 TTC\" \/>\n\t<meta name=\"twitter:label2\" content=\"Disponibilit\u00e9\" \/>\n\t<meta name=\"twitter:data2\" content=\"En stock\" \/>\n<script type=\"application\/ld+json\" class=\"yoast-schema-graph\">{\"@context\":\"https:\\\/\\\/schema.org\",\"@graph\":[{\"@type\":\"WebPage\",\"@id\":\"https:\\\/\\\/www.jootjeshaakcadeautjes.nl\\\/fr\\\/produit\\\/marqueur-de-point-pendant-lune\\\/\",\"url\":\"https:\\\/\\\/www.jootjeshaakcadeautjes.nl\\\/fr\\\/produit\\\/marqueur-de-point-pendant-lune\\\/\",\"name\":\"Marqueur de point pendentif Lune - Jootjes Haakcadeautjes\",\"isPartOf\":{\"@id\":\"https:\\\/\\\/www.jootjeshaakcadeautjes.nl\\\/fr\\\/#website\"},\"primaryImageOfPage\":{\"@id\":\"https:\\\/\\\/www.jootjeshaakcadeautjes.nl\\\/fr\\\/produit\\\/marqueur-de-point-pendant-lune\\\/#primaryimage\"},\"image\":{\"@id\":\"https:\\\/\\\/www.jootjeshaakcadeautjes.nl\\\/fr\\\/produit\\\/marqueur-de-point-pendant-lune\\\/#primaryimage\"},\"thumbnailUrl\":\"https:\\\/\\\/d1dyryakdmle7o.cloudfront.net\\\/wp-content\\\/uploads\\\/2020\\\/03\\\/20200315_165626.jpg\",\"datePublished\":\"2020-03-15T16:20:43+00:00\",\"dateModified\":\"2025-03-11T01:53:24+00:00\",\"description\":\"Marqueur de point en argent avec un joli pendentif en forme de lune. C'est tr\u00e8s beau \u00e0 regarder et le pendentif permet de trouver plus facilement le marqueur de point !\",\"breadcrumb\":{\"@id\":\"https:\\\/\\\/www.jootjeshaakcadeautjes.nl\\\/fr\\\/produit\\\/marqueur-de-point-pendant-lune\\\/#breadcrumb\"},\"inLanguage\":\"fr-FR\",\"potentialAction\":[{\"@type\":\"ReadAction\",\"target\":[\"https:\\\/\\\/www.jootjeshaakcadeautjes.nl\\\/fr\\\/produit\\\/marqueur-de-point-pendant-lune\\\/\"]}]},{\"@type\":\"ImageObject\",\"inLanguage\":\"fr-FR\",\"@id\":\"https:\\\/\\\/www.jootjeshaakcadeautjes.nl\\\/fr\\\/produit\\\/marqueur-de-point-pendant-lune\\\/#primaryimage\",\"url\":\"https:\\\/\\\/d1dyryakdmle7o.cloudfront.net\\\/wp-content\\\/uploads\\\/2020\\\/03\\\/20200315_165626.jpg\",\"contentUrl\":\"https:\\\/\\\/d1dyryakdmle7o.cloudfront.net\\\/wp-content\\\/uploads\\\/2020\\\/03\\\/20200315_165626.jpg\",\"width\":987,\"height\":987,\"caption\":\"marqueur de point pendentif lune\"},{\"@type\":\"BreadcrumbList\",\"@id\":\"https:\\\/\\\/www.jootjeshaakcadeautjes.nl\\\/fr\\\/produit\\\/marqueur-de-point-pendant-lune\\\/#breadcrumb\",\"itemListElement\":[{\"@type\":\"ListItem\",\"position\":1,\"name\":\"Accueil\",\"item\":\"https:\\\/\\\/www.jootjeshaakcadeautjes.nl\\\/fr\\\/\"},{\"@type\":\"ListItem\",\"position\":2,\"name\":\"Commerce de gros de perles en silicone &#8211; Entreprises et consommateurs\",\"item\":\"https:\\\/\\\/www.jootjeshaakcadeautjes.nl\\\/fr\\\/boutique\\\/\"},{\"@type\":\"ListItem\",\"position\":3,\"name\":\"Marqueur de point pendentif Lune\"}]},{\"@type\":\"WebSite\",\"@id\":\"https:\\\/\\\/www.jootjeshaakcadeautjes.nl\\\/fr\\\/#website\",\"url\":\"https:\\\/\\\/www.jootjeshaakcadeautjes.nl\\\/fr\\\/\",\"name\":\"Jootjes Haakcadeautjes\",\"description\":\"Grossiste en perles de silicone\",\"publisher\":{\"@id\":\"https:\\\/\\\/www.jootjeshaakcadeautjes.nl\\\/fr\\\/#organization\"},\"potentialAction\":[{\"@type\":\"SearchAction\",\"target\":{\"@type\":\"EntryPoint\",\"urlTemplate\":\"https:\\\/\\\/www.jootjeshaakcadeautjes.nl\\\/fr\\\/?s={search_term_string}\"},\"query-input\":{\"@type\":\"PropertyValueSpecification\",\"valueRequired\":true,\"valueName\":\"search_term_string\"}}],\"inLanguage\":\"fr-FR\"},{\"@type\":\"Organization\",\"@id\":\"https:\\\/\\\/www.jootjeshaakcadeautjes.nl\\\/fr\\\/#organization\",\"name\":\"Jootjes Haakcadeautjes\",\"url\":\"https:\\\/\\\/www.jootjeshaakcadeautjes.nl\\\/fr\\\/\",\"logo\":{\"@type\":\"ImageObject\",\"inLanguage\":\"fr-FR\",\"@id\":\"https:\\\/\\\/www.jootjeshaakcadeautjes.nl\\\/fr\\\/#\\\/schema\\\/logo\\\/image\\\/\",\"url\":\"https:\\\/\\\/d1dyryakdmle7o.cloudfront.net\\\/wp-content\\\/uploads\\\/2023\\\/05\\\/Logo-rond.png\",\"contentUrl\":\"https:\\\/\\\/d1dyryakdmle7o.cloudfront.net\\\/wp-content\\\/uploads\\\/2023\\\/05\\\/Logo-rond.png\",\"width\":1222,\"height\":1222,\"caption\":\"Jootjes Haakcadeautjes\"},\"image\":{\"@id\":\"https:\\\/\\\/www.jootjeshaakcadeautjes.nl\\\/fr\\\/#\\\/schema\\\/logo\\\/image\\\/\"}}]}<\/script>\n<meta property=\"product:price:amount\" content=\"0.40\" \/>\n<meta property=\"product:price:currency\" content=\"EUR\" \/>\n<meta property=\"og:availability\" content=\"instock\" \/>\n<meta property=\"product:availability\" content=\"instock\" \/>\n<meta property=\"product:retailer_item_id\" content=\"STM-HAN-MAA\" \/>\n<meta property=\"product:condition\" content=\"new\" \/>\n<!-- \/ Yoast SEO Premium plugin. -->","yoast_head_json":{"title":"Marqueur de point pendentif Lune - Jootjes Haakcadeautjes","description":"Marqueur de point en argent avec un joli pendentif en forme de lune. C'est tr\u00e8s beau \u00e0 regarder et le pendentif permet de trouver plus facilement le marqueur de point !","robots":{"index":"index","follow":"follow","max-snippet":"max-snippet:-1","max-image-preview":"max-image-preview:large","max-video-preview":"max-video-preview:-1"},"canonical":"https:\/\/www.jootjeshaakcadeautjes.nl\/fr\/produit\/marqueur-de-point-pendant-lune\/","og_locale":"fr_FR","og_type":"article","og_title":"Marqueur de point pendentif Lune","og_description":"Marqueur de point en argent avec un joli pendentif en forme de lune. C'est tr\u00e8s beau \u00e0 regarder et le pendentif permet de trouver plus facilement le marqueur de point !","og_url":"https:\/\/www.jootjeshaakcadeautjes.nl\/fr\/produit\/marqueur-de-point-pendant-lune\/","og_site_name":"Jootjes Haakcadeautjes","article_modified_time":"2025-03-11T01:53:24+00:00","og_image":[{"width":987,"height":987,"url":"https:\/\/www.jootjeshaakcadeautjes.nl\/wp-content\/uploads\/2020\/03\/20200315_165626.jpg","type":"image\/jpeg"}],"twitter_card":"summary_large_image","twitter_misc":{"Prix":"&euro;0.40 TTC","Disponibilit\u00e9":"En stock"},"schema":{"@context":"https:\/\/schema.org","@graph":[{"@type":"WebPage","@id":"https:\/\/www.jootjeshaakcadeautjes.nl\/fr\/produit\/marqueur-de-point-pendant-lune\/","url":"https:\/\/www.jootjeshaakcadeautjes.nl\/fr\/produit\/marqueur-de-point-pendant-lune\/","name":"Marqueur de point pendentif Lune - Jootjes Haakcadeautjes","isPartOf":{"@id":"https:\/\/www.jootjeshaakcadeautjes.nl\/fr\/#website"},"primaryImageOfPage":{"@id":"https:\/\/www.jootjeshaakcadeautjes.nl\/fr\/produit\/marqueur-de-point-pendant-lune\/#primaryimage"},"image":{"@id":"https:\/\/www.jootjeshaakcadeautjes.nl\/fr\/produit\/marqueur-de-point-pendant-lune\/#primaryimage"},"thumbnailUrl":"https:\/\/d1dyryakdmle7o.cloudfront.net\/wp-content\/uploads\/2020\/03\/20200315_165626.jpg","datePublished":"2020-03-15T16:20:43+00:00","dateModified":"2025-03-11T01:53:24+00:00","description":"Marqueur de point en argent avec un joli pendentif en forme de lune. C'est tr\u00e8s beau \u00e0 regarder et le pendentif permet de trouver plus facilement le marqueur de point !","breadcrumb":{"@id":"https:\/\/www.jootjeshaakcadeautjes.nl\/fr\/produit\/marqueur-de-point-pendant-lune\/#breadcrumb"},"inLanguage":"fr-FR","potentialAction":[{"@type":"ReadAction","target":["https:\/\/www.jootjeshaakcadeautjes.nl\/fr\/produit\/marqueur-de-point-pendant-lune\/"]}]},{"@type":"ImageObject","inLanguage":"fr-FR","@id":"https:\/\/www.jootjeshaakcadeautjes.nl\/fr\/produit\/marqueur-de-point-pendant-lune\/#primaryimage","url":"https:\/\/d1dyryakdmle7o.cloudfront.net\/wp-content\/uploads\/2020\/03\/20200315_165626.jpg","contentUrl":"https:\/\/d1dyryakdmle7o.cloudfront.net\/wp-content\/uploads\/2020\/03\/20200315_165626.jpg","width":987,"height":987,"caption":"marqueur de point pendentif lune"},{"@type":"BreadcrumbList","@id":"https:\/\/www.jootjeshaakcadeautjes.nl\/fr\/produit\/marqueur-de-point-pendant-lune\/#breadcrumb","itemListElement":[{"@type":"ListItem","position":1,"name":"Accueil","item":"https:\/\/www.jootjeshaakcadeautjes.nl\/fr\/"},{"@type":"ListItem","position":2,"name":"Commerce de gros de perles en silicone &#8211; Entreprises et consommateurs","item":"https:\/\/www.jootjeshaakcadeautjes.nl\/fr\/boutique\/"},{"@type":"ListItem","position":3,"name":"Marqueur de point pendentif Lune"}]},{"@type":"WebSite","@id":"https:\/\/www.jootjeshaakcadeautjes.nl\/fr\/#website","url":"https:\/\/www.jootjeshaakcadeautjes.nl\/fr\/","name":"Jootjes Haakcadeautjes","description":"Grossiste en perles de silicone","publisher":{"@id":"https:\/\/www.jootjeshaakcadeautjes.nl\/fr\/#organization"},"potentialAction":[{"@type":"SearchAction","target":{"@type":"EntryPoint","urlTemplate":"https:\/\/www.jootjeshaakcadeautjes.nl\/fr\/?s={search_term_string}"},"query-input":{"@type":"PropertyValueSpecification","valueRequired":true,"valueName":"search_term_string"}}],"inLanguage":"fr-FR"},{"@type":"Organization","@id":"https:\/\/www.jootjeshaakcadeautjes.nl\/fr\/#organization","name":"Jootjes Haakcadeautjes","url":"https:\/\/www.jootjeshaakcadeautjes.nl\/fr\/","logo":{"@type":"ImageObject","inLanguage":"fr-FR","@id":"https:\/\/www.jootjeshaakcadeautjes.nl\/fr\/#\/schema\/logo\/image\/","url":"https:\/\/d1dyryakdmle7o.cloudfront.net\/wp-content\/uploads\/2023\/05\/Logo-rond.png","contentUrl":"https:\/\/d1dyryakdmle7o.cloudfront.net\/wp-content\/uploads\/2023\/05\/Logo-rond.png","width":1222,"height":1222,"caption":"Jootjes Haakcadeautjes"},"image":{"@id":"https:\/\/www.jootjeshaakcadeautjes.nl\/fr\/#\/schema\/logo\/image\/"}}]},"product_price_amount":"0.40","product_price_currency":"EUR","og_availability":"instock","product_availability":"instock","product_retailer_item_id":"STM-HAN-MAA","product_condition":"new"},"_links":{"self":[{"href":"https:\/\/www.jootjeshaakcadeautjes.nl\/fr\/wp-json\/wp\/v2\/product\/136170","targetHints":{"allow":["GET"]}}],"collection":[{"href":"https:\/\/www.jootjeshaakcadeautjes.nl\/fr\/wp-json\/wp\/v2\/product"}],"about":[{"href":"https:\/\/www.jootjeshaakcadeautjes.nl\/fr\/wp-json\/wp\/v2\/types\/product"}],"version-history":[{"count":0,"href":"https:\/\/www.jootjeshaakcadeautjes.nl\/fr\/wp-json\/wp\/v2\/product\/136170\/revisions"}],"wp:featuredmedia":[{"embeddable":true,"href":"https:\/\/www.jootjeshaakcadeautjes.nl\/fr\/wp-json\/wp\/v2\/media\/68288"}],"wp:attachment":[{"href":"https:\/\/www.jootjeshaakcadeautjes.nl\/fr\/wp-json\/wp\/v2\/media?parent=136170"}],"wp:term":[{"taxonomy":"product_brand","embeddable":true,"href":"https:\/\/www.jootjeshaakcadeautjes.nl\/fr\/wp-json\/wp\/v2\/product_brand?post=136170"},{"taxonomy":"product_cat","embeddable":true,"href":"https:\/\/www.jootjeshaakcadeautjes.nl\/fr\/wp-json\/wp\/v2\/product_cat?post=136170"},{"taxonomy":"product_tag","embeddable":true,"href":"https:\/\/www.jootjeshaakcadeautjes.nl\/fr\/wp-json\/wp\/v2\/product_tag?post=136170"}],"curies":[{"name":"wp","href":"https:\/\/api.w.org\/{rel}","templated":true}]}}