{"id":136175,"date":"2020-04-06T01:03:57","date_gmt":"2020-04-05T23:03:57","guid":{"rendered":"https:\/\/www.jootjeshaakcadeautjes.nl\/product\/attaches-sucette-bois-attaches-sucette-arc-en-ciel-grave\/"},"modified":"2026-02-19T12:39:52","modified_gmt":"2026-02-19T11:39:52","slug":"attache-sucette-21","status":"publish","type":"product","link":"https:\/\/www.jootjeshaakcadeautjes.nl\/fr\/produit\/attache-sucette-21\/","title":{"rendered":"Attaches-sucettes en bois &#8211; Attaches-sucettes grav\u00e9es arc-en-ciel &#8211; Bois de h\u00eatre"},"content":{"rendered":"<h3><strong>Attache-sucette en bois avec arc-en-ciel grav\u00e9<\/strong><\/h3>\n<p>Vous cherchez des Attache-sucettes en bois de haute qualit\u00e9 avec l&#8217;image (grav\u00e9e) d&#8217;un arc-en-ciel ? Dans ce cas, vous \u00eates \u00e0 la bonne adresse chez JootjesHaakcadeautjes.nl. Nos attaches-sucettes en bois arc-en-ciel sont parfaites pour fabriquer un cordon de t\u00e9tine en bois ou une ficelle de landau. En outre, ces Attache-sucettes en bois sont faciles \u00e0 combiner avec nos autres mat\u00e9riaux en bois.  <span style=\"font-size: 16px;\">  Tout \u00e0 fait \u00e0 votre go\u00fbt. Par exemple, dans notre autre collection de produits en bois (<\/span><a style=\"font-size: 16px; background-color: #ffffff;\" href=\"\/?product_cat=kralen\">perles<\/a><span style=\"font-size: 16px;\"> et <\/span><a style=\"font-size: 16px; background-color: #ffffff;\" href=\"\/?product_cat=houten-ringapplicaties\">anneaux<\/a><span style=\"font-size: 16px;\">). Les Attache-sucettes en bois sont la cerise sur le g\u00e2teau pour vos jouets faits maison et permettent une fixation s\u00fbre aux v\u00eatements ou \u00e0 la poussette\/au landau. Ces Attache-sucettes comprennent une sorte de pince \u00e0 bretelles, qu&#8217;il suffit de clipser sur le v\u00eatement de votre enfant. Le clip en bois contient une boucle pratique o\u00f9 vous pouvez attacher votre cr\u00e9ation.<\/span><\/p>\n<h4>Attache-sucette en bois de qualit\u00e9 et de s\u00e9curit\u00e9 avec arc-en-ciel<\/h4>\n<p>Les attaches-sucettes en bois sont fabriqu\u00e9es en bois de h\u00eatre lisse et non peint. Les Attache-sucettes sont fabriqu\u00e9es sans produits chimiques, ce qui les rend id\u00e9ales pour une utilisation dans les jouets pour b\u00e9b\u00e9s et\/ou jeunes enfants. De plus, le h\u00eatre est une essence de bois pauvre en \u00e9chardes.<\/p>\n<h3><strong>Autres vari\u00e9t\u00e9s d&#8217;Attache-sucette :<\/strong><\/h3>\n<p>Vous cherchez encore les Attache-sucettes standard avec ou sans trous ? Vous les trouverez <a href=\"https:\/\/www.jootjeshaakcadeautjes.nl\/product\/houten-speenclips-zonder-gaatjes\/\">ici<\/a> et <a href=\"https:\/\/www.jootjeshaakcadeautjes.nl\/fr\/produit\/attache-sucette-17\/\">ici<\/a>.<br \/>\nNous proposons \u00e9galement des vari\u00e9t\u00e9s color\u00e9es d&#8217;attaches-sucettes en bois et d&#8217;attaches-sucettes en m\u00e9tal ou en silicone :<\/p>\n<ul>\n<li><a href=\"https:\/\/www.jootjeshaakcadeautjes.nl\/product\/roze-houten-speenclips-gelakt\/\">Attache-sucette en bois rose<\/a><\/li>\n<li><a href=\"https:\/\/www.jootjeshaakcadeautjes.nl\/product\/lichtroze-houten-speenclips-gelakt\/\">Attache-sucette en bois rose p\u00e2le<\/a><\/li>\n<li><a href=\"https:\/\/www.jootjeshaakcadeautjes.nl\/product\/turquoise-houten-speenclips-gelakt\/\">Attache-sucette en bois turquoise<\/a><\/li>\n<li><a href=\"https:\/\/www.jootjeshaakcadeautjes.nl\/product\/metalen-speenclips\/\">Attache-sucette en m\u00e9tal<\/a><\/li>\n<li><a href=\"https:\/\/www.jootjeshaakcadeautjes.nl\/product\/houten-speenclips-zonder-gaatjes\/\">Attache-sucette en silicone<\/a> (rose\/bleu)<\/li>\n<\/ul>\n<p>&nbsp;<\/p>\n<p>&nbsp;<\/p>\n","protected":false},"excerpt":{"rendered":"<p>Mat\u00e9riau : Attache-sucette en bois de h\u00eatre, 100% s\u00e9curit\u00e9 enfants.<br \/>\nAttache-sucette avec fixation s\u00fbre.<br \/>\nVersion h\u00eatre avec gravure<br \/>\nImage : Arc-en-ciel<\/p>\n<p><small>Pour plus d&#8217;informations, lisez la suite<\/small><small> au bas de la page.<\/small><\/p>\n","protected":false},"featured_media":68846,"template":"","meta":[],"product_brand":[],"product_cat":[12572,7378],"product_tag":[13176,12577,12350,7455,13473,12490,7197,7418,7402,13930,10414,12611,10290],"class_list":{"0":"post-136175","1":"product","2":"type-product","3":"status-publish","4":"has-post-thumbnail","6":"product_cat-arc-en-ciel-ballons-morsures-perles-clips","7":"product_cat-fabrication-de-jouets-de-dentition-pour-bebe-cordon-de-sucette-et-anneaux-de-dentition","8":"product_tag-100-fr","9":"product_tag-arc-en-ciel-fr","10":"product_tag-avec","11":"product_tag-chaine-de-landau","12":"product_tag-chaine-de-lecture","13":"product_tag-clip-factice","14":"product_tag-en-bois","15":"product_tag-faux-cordon","16":"product_tag-grave","17":"product_tag-haute-qualite","18":"product_tag-hetre","19":"product_tag-nom","20":"product_tag-protection-des-enfants","22":"first","23":"outofstock","24":"taxable","25":"shipping-taxable","26":"purchasable","27":"product-type-simple"},"bundled_by":[],"bundle_stock_status":"outofstock","bundle_stock_quantity":0,"bundle_virtual":false,"bundle_layout":"","bundle_add_to_cart_form_location":"","bundle_editable_in_cart":false,"bundle_sold_individually_context":"","bundle_item_grouping":"","bundle_min_size":"","bundle_max_size":"","bundle_price":[],"bundled_items":[],"bundle_sell_ids":[],"yoast_head":"<!-- This site is optimized with the Yoast SEO Premium plugin v27.4 (Yoast SEO v27.5) - https:\/\/yoast.com\/product\/yoast-seo-premium-wordpress\/ -->\n<title>Attaches-sucettes en bois - Attaches-sucettes grav\u00e9es arc-en-ciel - Bois de h\u00eatre |<\/title>\n<meta name=\"description\" content=\"Attache-sucettes en bois avec arc-en-ciel grav\u00e9 en bois de h\u00eatre brut. Attache-sucette de haute qualit\u00e9 et \u00e0 prix abordable pour vos cordons de mannequins. Disponible imm\u00e9diatement.\" \/>\n<meta name=\"robots\" content=\"index, follow, max-snippet:-1, max-image-preview:large, max-video-preview:-1\" \/>\n<link rel=\"canonical\" href=\"https:\/\/www.jootjeshaakcadeautjes.nl\/fr\/produit\/attache-sucette-21\/\" \/>\n<meta property=\"og:locale\" content=\"fr_FR\" \/>\n<meta property=\"og:type\" content=\"article\" \/>\n<meta property=\"og:title\" content=\"Attaches-sucettes en bois - Attaches-sucettes grav\u00e9es arc-en-ciel - Bois de h\u00eatre\" \/>\n<meta property=\"og:description\" content=\"Attache-sucettes en bois avec arc-en-ciel grav\u00e9 en bois de h\u00eatre brut. Attache-sucette de haute qualit\u00e9 et \u00e0 prix abordable pour vos cordons de mannequins. Disponible imm\u00e9diatement.\" \/>\n<meta property=\"og:url\" content=\"https:\/\/www.jootjeshaakcadeautjes.nl\/fr\/produit\/attache-sucette-21\/\" \/>\n<meta property=\"og:site_name\" content=\"Jootjes Haakcadeautjes\" \/>\n<meta property=\"article:modified_time\" content=\"2026-02-19T11:39:52+00:00\" \/>\n<meta property=\"og:image\" content=\"https:\/\/www.jootjeshaakcadeautjes.nl\/wp-content\/uploads\/2020\/04\/20200330_210835.jpg\" \/>\n\t<meta property=\"og:image:width\" content=\"801\" \/>\n\t<meta property=\"og:image:height\" content=\"801\" \/>\n\t<meta property=\"og:image:type\" content=\"image\/jpeg\" \/>\n<meta name=\"twitter:card\" content=\"summary_large_image\" \/>\n<meta name=\"twitter:label1\" content=\"Prix\" \/>\n\t<meta name=\"twitter:data1\" content=\"&euro;1.60 TTC\" \/>\n\t<meta name=\"twitter:label2\" content=\"Disponibilit\u00e9\" \/>\n\t<meta name=\"twitter:data2\" content=\"Rupture de stock\" \/>\n<script type=\"application\/ld+json\" class=\"yoast-schema-graph\">{\"@context\":\"https:\\\/\\\/schema.org\",\"@graph\":[{\"@type\":\"WebPage\",\"@id\":\"https:\\\/\\\/www.jootjeshaakcadeautjes.nl\\\/fr\\\/produit\\\/attache-sucette-21\\\/\",\"url\":\"https:\\\/\\\/www.jootjeshaakcadeautjes.nl\\\/fr\\\/produit\\\/attache-sucette-21\\\/\",\"name\":\"Attaches-sucettes en bois - Attaches-sucettes grav\u00e9es arc-en-ciel - Bois de h\u00eatre |\",\"isPartOf\":{\"@id\":\"https:\\\/\\\/www.jootjeshaakcadeautjes.nl\\\/fr\\\/#website\"},\"primaryImageOfPage\":{\"@id\":\"https:\\\/\\\/www.jootjeshaakcadeautjes.nl\\\/fr\\\/produit\\\/attache-sucette-21\\\/#primaryimage\"},\"image\":{\"@id\":\"https:\\\/\\\/www.jootjeshaakcadeautjes.nl\\\/fr\\\/produit\\\/attache-sucette-21\\\/#primaryimage\"},\"thumbnailUrl\":\"https:\\\/\\\/d1dyryakdmle7o.cloudfront.net\\\/wp-content\\\/uploads\\\/2020\\\/04\\\/20200330_210835.jpg\",\"datePublished\":\"2020-04-05T23:03:57+00:00\",\"dateModified\":\"2026-02-19T11:39:52+00:00\",\"description\":\"Attache-sucettes en bois avec arc-en-ciel grav\u00e9 en bois de h\u00eatre brut. Attache-sucette de haute qualit\u00e9 et \u00e0 prix abordable pour vos cordons de mannequins. Disponible imm\u00e9diatement.\",\"breadcrumb\":{\"@id\":\"https:\\\/\\\/www.jootjeshaakcadeautjes.nl\\\/fr\\\/produit\\\/attache-sucette-21\\\/#breadcrumb\"},\"inLanguage\":\"fr-FR\",\"potentialAction\":[{\"@type\":\"ReadAction\",\"target\":[\"https:\\\/\\\/www.jootjeshaakcadeautjes.nl\\\/fr\\\/produit\\\/attache-sucette-21\\\/\"]}]},{\"@type\":\"ImageObject\",\"inLanguage\":\"fr-FR\",\"@id\":\"https:\\\/\\\/www.jootjeshaakcadeautjes.nl\\\/fr\\\/produit\\\/attache-sucette-21\\\/#primaryimage\",\"url\":\"https:\\\/\\\/d1dyryakdmle7o.cloudfront.net\\\/wp-content\\\/uploads\\\/2020\\\/04\\\/20200330_210835.jpg\",\"contentUrl\":\"https:\\\/\\\/d1dyryakdmle7o.cloudfront.net\\\/wp-content\\\/uploads\\\/2020\\\/04\\\/20200330_210835.jpg\",\"width\":801,\"height\":801,\"caption\":\"Attache-sucette en bois grav\u00e9e arc-en-ciel\"},{\"@type\":\"BreadcrumbList\",\"@id\":\"https:\\\/\\\/www.jootjeshaakcadeautjes.nl\\\/fr\\\/produit\\\/attache-sucette-21\\\/#breadcrumb\",\"itemListElement\":[{\"@type\":\"ListItem\",\"position\":1,\"name\":\"Accueil\",\"item\":\"https:\\\/\\\/www.jootjeshaakcadeautjes.nl\\\/fr\\\/\"},{\"@type\":\"ListItem\",\"position\":2,\"name\":\"Commerce de gros de perles en silicone &#8211; Entreprises et consommateurs\",\"item\":\"https:\\\/\\\/www.jootjeshaakcadeautjes.nl\\\/fr\\\/boutique\\\/\"},{\"@type\":\"ListItem\",\"position\":3,\"name\":\"Attaches-sucettes en bois &#8211; Attaches-sucettes grav\u00e9es arc-en-ciel &#8211; Bois de h\u00eatre\"}]},{\"@type\":\"WebSite\",\"@id\":\"https:\\\/\\\/www.jootjeshaakcadeautjes.nl\\\/fr\\\/#website\",\"url\":\"https:\\\/\\\/www.jootjeshaakcadeautjes.nl\\\/fr\\\/\",\"name\":\"Jootjes Haakcadeautjes\",\"description\":\"Grossiste en perles de silicone\",\"publisher\":{\"@id\":\"https:\\\/\\\/www.jootjeshaakcadeautjes.nl\\\/fr\\\/#organization\"},\"potentialAction\":[{\"@type\":\"SearchAction\",\"target\":{\"@type\":\"EntryPoint\",\"urlTemplate\":\"https:\\\/\\\/www.jootjeshaakcadeautjes.nl\\\/fr\\\/?s={search_term_string}\"},\"query-input\":{\"@type\":\"PropertyValueSpecification\",\"valueRequired\":true,\"valueName\":\"search_term_string\"}}],\"inLanguage\":\"fr-FR\"},{\"@type\":\"Organization\",\"@id\":\"https:\\\/\\\/www.jootjeshaakcadeautjes.nl\\\/fr\\\/#organization\",\"name\":\"Jootjes Haakcadeautjes\",\"url\":\"https:\\\/\\\/www.jootjeshaakcadeautjes.nl\\\/fr\\\/\",\"logo\":{\"@type\":\"ImageObject\",\"inLanguage\":\"fr-FR\",\"@id\":\"https:\\\/\\\/www.jootjeshaakcadeautjes.nl\\\/fr\\\/#\\\/schema\\\/logo\\\/image\\\/\",\"url\":\"https:\\\/\\\/jootjes-haakcadeautjes-media.s3.amazonaws.com\\\/wp-content\\\/uploads\\\/2023\\\/05\\\/Logo-rond.png\",\"contentUrl\":\"https:\\\/\\\/jootjes-haakcadeautjes-media.s3.amazonaws.com\\\/wp-content\\\/uploads\\\/2023\\\/05\\\/Logo-rond.png\",\"width\":1222,\"height\":1222,\"caption\":\"Jootjes Haakcadeautjes\"},\"image\":{\"@id\":\"https:\\\/\\\/www.jootjeshaakcadeautjes.nl\\\/fr\\\/#\\\/schema\\\/logo\\\/image\\\/\"}}]}<\/script>\n<meta property=\"product:price:amount\" content=\"1.60\" \/>\n<meta property=\"product:price:currency\" content=\"EUR\" \/>\n<meta property=\"og:availability\" content=\"out of stock\" \/>\n<meta property=\"product:availability\" content=\"out of stock\" \/>\n<meta property=\"product:retailer_item_id\" content=\"SPC-HOU-RGB\" \/>\n<meta property=\"product:condition\" content=\"new\" \/>\n<!-- \/ Yoast SEO Premium plugin. -->","yoast_head_json":{"title":"Attaches-sucettes en bois - Attaches-sucettes grav\u00e9es arc-en-ciel - Bois de h\u00eatre |","description":"Attache-sucettes en bois avec arc-en-ciel grav\u00e9 en bois de h\u00eatre brut. Attache-sucette de haute qualit\u00e9 et \u00e0 prix abordable pour vos cordons de mannequins. Disponible imm\u00e9diatement.","robots":{"index":"index","follow":"follow","max-snippet":"max-snippet:-1","max-image-preview":"max-image-preview:large","max-video-preview":"max-video-preview:-1"},"canonical":"https:\/\/www.jootjeshaakcadeautjes.nl\/fr\/produit\/attache-sucette-21\/","og_locale":"fr_FR","og_type":"article","og_title":"Attaches-sucettes en bois - Attaches-sucettes grav\u00e9es arc-en-ciel - Bois de h\u00eatre","og_description":"Attache-sucettes en bois avec arc-en-ciel grav\u00e9 en bois de h\u00eatre brut. Attache-sucette de haute qualit\u00e9 et \u00e0 prix abordable pour vos cordons de mannequins. Disponible imm\u00e9diatement.","og_url":"https:\/\/www.jootjeshaakcadeautjes.nl\/fr\/produit\/attache-sucette-21\/","og_site_name":"Jootjes Haakcadeautjes","article_modified_time":"2026-02-19T11:39:52+00:00","og_image":[{"width":801,"height":801,"url":"https:\/\/www.jootjeshaakcadeautjes.nl\/wp-content\/uploads\/2020\/04\/20200330_210835.jpg","type":"image\/jpeg"}],"twitter_card":"summary_large_image","twitter_misc":{"Prix":"&euro;1.60 TTC","Disponibilit\u00e9":"Rupture de stock"},"schema":{"@context":"https:\/\/schema.org","@graph":[{"@type":"WebPage","@id":"https:\/\/www.jootjeshaakcadeautjes.nl\/fr\/produit\/attache-sucette-21\/","url":"https:\/\/www.jootjeshaakcadeautjes.nl\/fr\/produit\/attache-sucette-21\/","name":"Attaches-sucettes en bois - Attaches-sucettes grav\u00e9es arc-en-ciel - Bois de h\u00eatre |","isPartOf":{"@id":"https:\/\/www.jootjeshaakcadeautjes.nl\/fr\/#website"},"primaryImageOfPage":{"@id":"https:\/\/www.jootjeshaakcadeautjes.nl\/fr\/produit\/attache-sucette-21\/#primaryimage"},"image":{"@id":"https:\/\/www.jootjeshaakcadeautjes.nl\/fr\/produit\/attache-sucette-21\/#primaryimage"},"thumbnailUrl":"https:\/\/d1dyryakdmle7o.cloudfront.net\/wp-content\/uploads\/2020\/04\/20200330_210835.jpg","datePublished":"2020-04-05T23:03:57+00:00","dateModified":"2026-02-19T11:39:52+00:00","description":"Attache-sucettes en bois avec arc-en-ciel grav\u00e9 en bois de h\u00eatre brut. Attache-sucette de haute qualit\u00e9 et \u00e0 prix abordable pour vos cordons de mannequins. Disponible imm\u00e9diatement.","breadcrumb":{"@id":"https:\/\/www.jootjeshaakcadeautjes.nl\/fr\/produit\/attache-sucette-21\/#breadcrumb"},"inLanguage":"fr-FR","potentialAction":[{"@type":"ReadAction","target":["https:\/\/www.jootjeshaakcadeautjes.nl\/fr\/produit\/attache-sucette-21\/"]}]},{"@type":"ImageObject","inLanguage":"fr-FR","@id":"https:\/\/www.jootjeshaakcadeautjes.nl\/fr\/produit\/attache-sucette-21\/#primaryimage","url":"https:\/\/d1dyryakdmle7o.cloudfront.net\/wp-content\/uploads\/2020\/04\/20200330_210835.jpg","contentUrl":"https:\/\/d1dyryakdmle7o.cloudfront.net\/wp-content\/uploads\/2020\/04\/20200330_210835.jpg","width":801,"height":801,"caption":"Attache-sucette en bois grav\u00e9e arc-en-ciel"},{"@type":"BreadcrumbList","@id":"https:\/\/www.jootjeshaakcadeautjes.nl\/fr\/produit\/attache-sucette-21\/#breadcrumb","itemListElement":[{"@type":"ListItem","position":1,"name":"Accueil","item":"https:\/\/www.jootjeshaakcadeautjes.nl\/fr\/"},{"@type":"ListItem","position":2,"name":"Commerce de gros de perles en silicone &#8211; Entreprises et consommateurs","item":"https:\/\/www.jootjeshaakcadeautjes.nl\/fr\/boutique\/"},{"@type":"ListItem","position":3,"name":"Attaches-sucettes en bois &#8211; Attaches-sucettes grav\u00e9es arc-en-ciel &#8211; Bois de h\u00eatre"}]},{"@type":"WebSite","@id":"https:\/\/www.jootjeshaakcadeautjes.nl\/fr\/#website","url":"https:\/\/www.jootjeshaakcadeautjes.nl\/fr\/","name":"Jootjes Haakcadeautjes","description":"Grossiste en perles de silicone","publisher":{"@id":"https:\/\/www.jootjeshaakcadeautjes.nl\/fr\/#organization"},"potentialAction":[{"@type":"SearchAction","target":{"@type":"EntryPoint","urlTemplate":"https:\/\/www.jootjeshaakcadeautjes.nl\/fr\/?s={search_term_string}"},"query-input":{"@type":"PropertyValueSpecification","valueRequired":true,"valueName":"search_term_string"}}],"inLanguage":"fr-FR"},{"@type":"Organization","@id":"https:\/\/www.jootjeshaakcadeautjes.nl\/fr\/#organization","name":"Jootjes Haakcadeautjes","url":"https:\/\/www.jootjeshaakcadeautjes.nl\/fr\/","logo":{"@type":"ImageObject","inLanguage":"fr-FR","@id":"https:\/\/www.jootjeshaakcadeautjes.nl\/fr\/#\/schema\/logo\/image\/","url":"https:\/\/jootjes-haakcadeautjes-media.s3.amazonaws.com\/wp-content\/uploads\/2023\/05\/Logo-rond.png","contentUrl":"https:\/\/jootjes-haakcadeautjes-media.s3.amazonaws.com\/wp-content\/uploads\/2023\/05\/Logo-rond.png","width":1222,"height":1222,"caption":"Jootjes Haakcadeautjes"},"image":{"@id":"https:\/\/www.jootjeshaakcadeautjes.nl\/fr\/#\/schema\/logo\/image\/"}}]},"product_price_amount":"1.60","product_price_currency":"EUR","og_availability":"out of stock","product_availability":"out of stock","product_retailer_item_id":"SPC-HOU-RGB","product_condition":"new"},"_links":{"self":[{"href":"https:\/\/www.jootjeshaakcadeautjes.nl\/fr\/wp-json\/wp\/v2\/product\/136175","targetHints":{"allow":["GET"]}}],"collection":[{"href":"https:\/\/www.jootjeshaakcadeautjes.nl\/fr\/wp-json\/wp\/v2\/product"}],"about":[{"href":"https:\/\/www.jootjeshaakcadeautjes.nl\/fr\/wp-json\/wp\/v2\/types\/product"}],"version-history":[{"count":0,"href":"https:\/\/www.jootjeshaakcadeautjes.nl\/fr\/wp-json\/wp\/v2\/product\/136175\/revisions"}],"wp:featuredmedia":[{"embeddable":true,"href":"https:\/\/www.jootjeshaakcadeautjes.nl\/fr\/wp-json\/wp\/v2\/media\/68846"}],"wp:attachment":[{"href":"https:\/\/www.jootjeshaakcadeautjes.nl\/fr\/wp-json\/wp\/v2\/media?parent=136175"}],"wp:term":[{"taxonomy":"product_brand","embeddable":true,"href":"https:\/\/www.jootjeshaakcadeautjes.nl\/fr\/wp-json\/wp\/v2\/product_brand?post=136175"},{"taxonomy":"product_cat","embeddable":true,"href":"https:\/\/www.jootjeshaakcadeautjes.nl\/fr\/wp-json\/wp\/v2\/product_cat?post=136175"},{"taxonomy":"product_tag","embeddable":true,"href":"https:\/\/www.jootjeshaakcadeautjes.nl\/fr\/wp-json\/wp\/v2\/product_tag?post=136175"}],"curies":[{"name":"wp","href":"https:\/\/api.w.org\/{rel}","templated":true}]}}