{"id":136189,"date":"2020-01-22T00:53:06","date_gmt":"2020-01-21T22:53:06","guid":{"rendered":"https:\/\/www.jootjeshaakcadeautjes.nl\/product\/cintre-en-bois-pour-feuilles-a-decouper-et-cordes-a-jouer\/"},"modified":"2025-05-01T15:20:19","modified_gmt":"2025-05-01T13:20:19","slug":"cintre-en-bois-pour-feuilles-a-decouper-et-cordes-a-jouer","status":"publish","type":"product","link":"https:\/\/www.jootjeshaakcadeautjes.nl\/fr\/produit\/cintre-en-bois-pour-feuilles-a-decouper-et-cordes-a-jouer\/","title":{"rendered":"Anneau de dentition en bois &#8211; Feuille &#8211; Pendentif Playtring &#8211; Bois de h\u00eatre"},"content":{"rendered":"<h1><strong>Anneau de dentition en bois pendentif en forme de feuille<\/strong><\/h1>\n<p><span style=\"color: #000000;\">Le pendentif ou la bague en forme de feuille de bois est fabriqu\u00e9 en bois brut (non laqu\u00e9, teint\u00e9 ou huil\u00e9).  <\/span><span style=\"color: #000000;\">Taille : 65 x 85 mm. Le diam\u00e8tre du trou est de 35 mm.<\/span><\/p>\n<p><span style=\"color: #000000;\">Les anneaux en bois de la variante lapin sont fabriqu\u00e9s \u00e0 partir d&#8217;un produit naturel. Par cons\u00e9quent, ils peuvent parfois pr\u00e9senter des anomalies minimes.  <\/span><span style=\"color: #000000;\">Si l&#8217;\u00e9cart est inacceptable, nous recyclerons les produits et ils ne seront pas vendus. Ainsi, nous pouvons toujours vous offrir des produits de haute qualit\u00e9  <\/span><span style=\"color: #000000;\">anneau en bois\/pendentif en bois garantie.<\/span><\/p>\n<p><span style=\"color: #000000;\">Les appliques en bois sont souvent utilis\u00e9es pour fabriquer des jouets en bois pour b\u00e9b\u00e9s, tels que des anneaux de dentition en bois, des hochets, des colliers d&#8217;allaitement, des attaches pour t\u00e9tines faites \u00e0 la main ou des boucles de landau. En voici quelques exemples.<\/span><\/p>\n<h2><strong>Mais quels sont les formats\/produits qui conviennent le mieux \u00e0 votre projet ?<br \/>\n<\/strong><\/h2>\n<p><span style=\"color: #000000;\">En particulier, nos appliques en bois sont largement utilis\u00e9es par les personnes qui fabriquent des jouets pour b\u00e9b\u00e9s \u00e0 la main. Cela se fait parfois en combinaison avec le crochet, parfois avec des appliques en silicone, des anneaux ou des perles.<\/span><\/p>\n<p><span style=\"color: #000000;\">En fonction de la taille souhait\u00e9e, vous pouvez utiliser une combinaison diff\u00e9rente de perles et d&#8217;anneaux\/applications en bois. Par exemple, si vous utilisez les perles en bois de 16 et 20 mm, j&#8217;utiliserai les anneaux en bois de 4,5 cm. Vous voulez aller un peu plus loin ? Cherchez ensuite une combinaison des perles de 20 mm avec, par exemple, les perles en bois de 25 ou 30 mm, ainsi que l&#8217;anneau en bois de 5,5 cm ou une applique en bois (mickey mouse\/olifant\/\u0153uf\/oiseau\/poisson\/ancre\/anneau en bois avec impression de biscuit).<\/span><\/p>\n<h3><strong>Un petit anneau de dentition avec des perles (voir l&#8217;exemple ci-dessous) est compos\u00e9 de :<\/strong><\/h3>\n<ul>\n<li><span style=\"color: #000000;\">2x un anneau en bois de 4,5 cm ou un appliqu\u00e9 en bois<\/span><\/li>\n<li><span style=\"color: #000000;\">6x a 16 mm perles en bois<\/span><\/li>\n<li><span style=\"color: #000000;\">6x une perle en bois de 20 (au crochet)<\/span><\/li>\n<\/ul>\n<div id=\"attachment_318\" class=\"wp-caption aligncenter\">\n<p><a href=\"https:\/\/d1dyryakdmle7o.cloudfront.net\/wp-content\/uploads\/2016\/03\/wooden-font-b-teething-b-font-font-b-ring-b-font-Crochet-beads-rattle-Amigurumi-Baby.jpg\" rel=\"attachment wp-att-318\"><img decoding=\"async\" class=\"wp-image-318 size-medium\" src=\"https:\/\/www.jootjeshaakcadeautjes.nl\/wp-content\/themes\/woodmart\/images\/lazy.svg\" data-src=\"https:\/\/d1dyryakdmle7o.cloudfront.net\/wp-content\/uploads\/2016\/03\/wooden-font-b-teething-b-font-font-b-ring-b-font-Crochet-beads-rattle-Amigurumi-Baby-300x300.jpg\" alt=\"anneaux en bois 4,5 cm\" width=\"300\" height=\"300\"><\/a><br \/>\n<span style=\"color: #000000;\"><small>  Anneau de dentition en bois de petite taille ;<br \/>\nFabriqu\u00e9 avec des perles en bois de<br \/>\n16 mm et 20 mm (au crochet) et anneaux en bois de 4,5 cm.<\/small><\/span><\/p>\n<\/div>\n<p style=\"text-align: left;\"><span style=\"color: #000000;\">Ainsi, comme indiqu\u00e9 plus haut, il peut \u00e9galement \u00eatre r\u00e9alis\u00e9 avec des perles en bois de 20 et 25 mm et des anneaux en bois de 5,5 cm\/applique en bois comme, par exemple, l&#8217;anneau en bois lapin, voir l&#8217;exemple plus haut sur la page. Bien entendu, il ne s&#8217;agit l\u00e0 que d&#8217;exemples. Ce que vous fabriquez est laiss\u00e9 \u00e0 votre inspiration et \u00e0 votre imagination. Amusez-vous bien !<\/span><\/p>\n<p>&nbsp;<\/p>\n","protected":false},"excerpt":{"rendered":"<ul>\n<li>Fabriqu\u00e9 en bois brut (non laqu\u00e9, teint\u00e9 ou huil\u00e9)<\/li>\n<li>Variante de l&#8217;anneau en bois : feuille<\/li>\n<li>Format : 70 x 60 mm<\/li>\n<li>Diam\u00e8tre du trou : 7 mm<\/li>\n<\/ul>\n<p>Pour plus d&#8217;informations sur la fa\u00e7on de l&#8217;utiliser, lisez le bas de la page.<\/p>\n","protected":false},"featured_media":67592,"template":"","meta":[],"product_brand":[],"product_cat":[12293,12339,12292,12294,7378],"product_tag":[7384,7455,7197,7418,12375,10402],"class_list":{"0":"post-136189","1":"product","2":"type-product","3":"status-publish","4":"has-post-thumbnail","6":"product_cat-anneaux-de-dentition-bebe-silicone-et-bois","7":"product_cat-anneaux-de-dentition-en-bois-bois-de-hetre","8":"product_cat-anneaux-en-bois","9":"product_cat-anneaux-en-bois-pour-le-macrame-et-le-crochet","10":"product_cat-fabrication-de-jouets-de-dentition-pour-bebe-cordon-de-sucette-et-anneaux-de-dentition","11":"product_tag-anneau-de-dentition","12":"product_tag-chaine-de-landau","13":"product_tag-en-bois","14":"product_tag-faux-cordon","15":"product_tag-feuille","16":"product_tag-pendentif","18":"first","19":"instock","20":"taxable","21":"shipping-taxable","22":"purchasable","23":"product-type-simple"},"bundled_by":[],"bundle_stock_status":"instock","bundle_stock_quantity":9,"bundle_virtual":false,"bundle_layout":"","bundle_add_to_cart_form_location":"","bundle_editable_in_cart":false,"bundle_sold_individually_context":"","bundle_item_grouping":"","bundle_min_size":"","bundle_max_size":"","bundle_price":[],"bundled_items":[],"bundle_sell_ids":[],"yoast_head":"<!-- This site is optimized with the Yoast SEO Premium plugin v27.4 (Yoast SEO v27.5) - https:\/\/yoast.com\/product\/yoast-seo-premium-wordpress\/ -->\n<title>Anneau de dentition en bois | Anneau de feuille | Jouets b\u00e9b\u00e9 en bois au crochet<\/title>\n<meta name=\"description\" content=\"Anneau de dentition en bois, feuille\/pendentif pour vos jouets de b\u00e9b\u00e9 faits \u00e0 la main. Par exemple, pour un anneau de dentition, un hochet ou un porte-b\u00e9b\u00e9 en bois.\" \/>\n<meta name=\"robots\" content=\"index, follow, max-snippet:-1, max-image-preview:large, max-video-preview:-1\" \/>\n<link rel=\"canonical\" href=\"https:\/\/www.jootjeshaakcadeautjes.nl\/fr\/produit\/cintre-en-bois-pour-feuilles-a-decouper-et-cordes-a-jouer\/\" \/>\n<meta property=\"og:locale\" content=\"fr_FR\" \/>\n<meta property=\"og:type\" content=\"article\" \/>\n<meta property=\"og:title\" content=\"Anneau de dentition en bois - Feuille - Pendentif Playtring - Bois de h\u00eatre\" \/>\n<meta property=\"og:description\" content=\"Anneau de dentition en bois, feuille\/pendentif pour vos jouets de b\u00e9b\u00e9 faits \u00e0 la main. Par exemple, pour un anneau de dentition, un hochet ou un porte-b\u00e9b\u00e9 en bois.\" \/>\n<meta property=\"og:url\" content=\"https:\/\/www.jootjeshaakcadeautjes.nl\/fr\/produit\/cintre-en-bois-pour-feuilles-a-decouper-et-cordes-a-jouer\/\" \/>\n<meta property=\"og:site_name\" content=\"Jootjes Haakcadeautjes\" \/>\n<meta property=\"article:modified_time\" content=\"2025-05-01T13:20:19+00:00\" \/>\n<meta property=\"og:image\" content=\"https:\/\/www.jootjeshaakcadeautjes.nl\/wp-content\/uploads\/2020\/01\/20200119_165531.jpg\" \/>\n\t<meta property=\"og:image:width\" content=\"916\" \/>\n\t<meta property=\"og:image:height\" content=\"916\" \/>\n\t<meta property=\"og:image:type\" content=\"image\/jpeg\" \/>\n<meta name=\"twitter:card\" content=\"summary_large_image\" \/>\n<meta name=\"twitter:label1\" content=\"Prix\" \/>\n\t<meta name=\"twitter:data1\" content=\"&euro;2.00 TTC\" \/>\n\t<meta name=\"twitter:label2\" content=\"Disponibilit\u00e9\" \/>\n\t<meta name=\"twitter:data2\" content=\"En stock\" \/>\n<script type=\"application\/ld+json\" class=\"yoast-schema-graph\">{\"@context\":\"https:\\\/\\\/schema.org\",\"@graph\":[{\"@type\":\"WebPage\",\"@id\":\"https:\\\/\\\/www.jootjeshaakcadeautjes.nl\\\/fr\\\/produit\\\/cintre-en-bois-pour-feuilles-a-decouper-et-cordes-a-jouer\\\/\",\"url\":\"https:\\\/\\\/www.jootjeshaakcadeautjes.nl\\\/fr\\\/produit\\\/cintre-en-bois-pour-feuilles-a-decouper-et-cordes-a-jouer\\\/\",\"name\":\"Anneau de dentition en bois | Anneau de feuille | Jouets b\u00e9b\u00e9 en bois au crochet\",\"isPartOf\":{\"@id\":\"https:\\\/\\\/www.jootjeshaakcadeautjes.nl\\\/fr\\\/#website\"},\"primaryImageOfPage\":{\"@id\":\"https:\\\/\\\/www.jootjeshaakcadeautjes.nl\\\/fr\\\/produit\\\/cintre-en-bois-pour-feuilles-a-decouper-et-cordes-a-jouer\\\/#primaryimage\"},\"image\":{\"@id\":\"https:\\\/\\\/www.jootjeshaakcadeautjes.nl\\\/fr\\\/produit\\\/cintre-en-bois-pour-feuilles-a-decouper-et-cordes-a-jouer\\\/#primaryimage\"},\"thumbnailUrl\":\"https:\\\/\\\/d1dyryakdmle7o.cloudfront.net\\\/wp-content\\\/uploads\\\/2020\\\/01\\\/20200119_165531.jpg\",\"datePublished\":\"2020-01-21T22:53:06+00:00\",\"dateModified\":\"2025-05-01T13:20:19+00:00\",\"description\":\"Anneau de dentition en bois, feuille\\\/pendentif pour vos jouets de b\u00e9b\u00e9 faits \u00e0 la main. Par exemple, pour un anneau de dentition, un hochet ou un porte-b\u00e9b\u00e9 en bois.\",\"breadcrumb\":{\"@id\":\"https:\\\/\\\/www.jootjeshaakcadeautjes.nl\\\/fr\\\/produit\\\/cintre-en-bois-pour-feuilles-a-decouper-et-cordes-a-jouer\\\/#breadcrumb\"},\"inLanguage\":\"fr-FR\",\"potentialAction\":[{\"@type\":\"ReadAction\",\"target\":[\"https:\\\/\\\/www.jootjeshaakcadeautjes.nl\\\/fr\\\/produit\\\/cintre-en-bois-pour-feuilles-a-decouper-et-cordes-a-jouer\\\/\"]}]},{\"@type\":\"ImageObject\",\"inLanguage\":\"fr-FR\",\"@id\":\"https:\\\/\\\/www.jootjeshaakcadeautjes.nl\\\/fr\\\/produit\\\/cintre-en-bois-pour-feuilles-a-decouper-et-cordes-a-jouer\\\/#primaryimage\",\"url\":\"https:\\\/\\\/d1dyryakdmle7o.cloudfront.net\\\/wp-content\\\/uploads\\\/2020\\\/01\\\/20200119_165531.jpg\",\"contentUrl\":\"https:\\\/\\\/d1dyryakdmle7o.cloudfront.net\\\/wp-content\\\/uploads\\\/2020\\\/01\\\/20200119_165531.jpg\",\"width\":916,\"height\":916,\"caption\":\"Anneau de dentition en bois feuille\"},{\"@type\":\"BreadcrumbList\",\"@id\":\"https:\\\/\\\/www.jootjeshaakcadeautjes.nl\\\/fr\\\/produit\\\/cintre-en-bois-pour-feuilles-a-decouper-et-cordes-a-jouer\\\/#breadcrumb\",\"itemListElement\":[{\"@type\":\"ListItem\",\"position\":1,\"name\":\"Accueil\",\"item\":\"https:\\\/\\\/www.jootjeshaakcadeautjes.nl\\\/fr\\\/\"},{\"@type\":\"ListItem\",\"position\":2,\"name\":\"Commerce de gros de perles en silicone &#8211; Entreprises et consommateurs\",\"item\":\"https:\\\/\\\/www.jootjeshaakcadeautjes.nl\\\/fr\\\/boutique\\\/\"},{\"@type\":\"ListItem\",\"position\":3,\"name\":\"Anneau de dentition en bois &#8211; Feuille &#8211; Pendentif Playtring &#8211; Bois de h\u00eatre\"}]},{\"@type\":\"WebSite\",\"@id\":\"https:\\\/\\\/www.jootjeshaakcadeautjes.nl\\\/fr\\\/#website\",\"url\":\"https:\\\/\\\/www.jootjeshaakcadeautjes.nl\\\/fr\\\/\",\"name\":\"Jootjes Haakcadeautjes\",\"description\":\"Grossiste en perles de silicone\",\"publisher\":{\"@id\":\"https:\\\/\\\/www.jootjeshaakcadeautjes.nl\\\/fr\\\/#organization\"},\"potentialAction\":[{\"@type\":\"SearchAction\",\"target\":{\"@type\":\"EntryPoint\",\"urlTemplate\":\"https:\\\/\\\/www.jootjeshaakcadeautjes.nl\\\/fr\\\/?s={search_term_string}\"},\"query-input\":{\"@type\":\"PropertyValueSpecification\",\"valueRequired\":true,\"valueName\":\"search_term_string\"}}],\"inLanguage\":\"fr-FR\"},{\"@type\":\"Organization\",\"@id\":\"https:\\\/\\\/www.jootjeshaakcadeautjes.nl\\\/fr\\\/#organization\",\"name\":\"Jootjes Haakcadeautjes\",\"url\":\"https:\\\/\\\/www.jootjeshaakcadeautjes.nl\\\/fr\\\/\",\"logo\":{\"@type\":\"ImageObject\",\"inLanguage\":\"fr-FR\",\"@id\":\"https:\\\/\\\/www.jootjeshaakcadeautjes.nl\\\/fr\\\/#\\\/schema\\\/logo\\\/image\\\/\",\"url\":\"https:\\\/\\\/jootjes-haakcadeautjes-media.s3.amazonaws.com\\\/wp-content\\\/uploads\\\/2023\\\/05\\\/Logo-rond.png\",\"contentUrl\":\"https:\\\/\\\/jootjes-haakcadeautjes-media.s3.amazonaws.com\\\/wp-content\\\/uploads\\\/2023\\\/05\\\/Logo-rond.png\",\"width\":1222,\"height\":1222,\"caption\":\"Jootjes Haakcadeautjes\"},\"image\":{\"@id\":\"https:\\\/\\\/www.jootjeshaakcadeautjes.nl\\\/fr\\\/#\\\/schema\\\/logo\\\/image\\\/\"}}]}<\/script>\n<meta property=\"product:price:amount\" content=\"2.00\" \/>\n<meta property=\"product:price:currency\" content=\"EUR\" \/>\n<meta property=\"og:availability\" content=\"instock\" \/>\n<meta property=\"product:availability\" content=\"instock\" \/>\n<meta property=\"product:retailer_item_id\" content=\"HOU-KON-BLD\" \/>\n<meta property=\"product:condition\" content=\"new\" \/>\n<!-- \/ Yoast SEO Premium plugin. -->","yoast_head_json":{"title":"Anneau de dentition en bois | Anneau de feuille | Jouets b\u00e9b\u00e9 en bois au crochet","description":"Anneau de dentition en bois, feuille\/pendentif pour vos jouets de b\u00e9b\u00e9 faits \u00e0 la main. Par exemple, pour un anneau de dentition, un hochet ou un porte-b\u00e9b\u00e9 en bois.","robots":{"index":"index","follow":"follow","max-snippet":"max-snippet:-1","max-image-preview":"max-image-preview:large","max-video-preview":"max-video-preview:-1"},"canonical":"https:\/\/www.jootjeshaakcadeautjes.nl\/fr\/produit\/cintre-en-bois-pour-feuilles-a-decouper-et-cordes-a-jouer\/","og_locale":"fr_FR","og_type":"article","og_title":"Anneau de dentition en bois - Feuille - Pendentif Playtring - Bois de h\u00eatre","og_description":"Anneau de dentition en bois, feuille\/pendentif pour vos jouets de b\u00e9b\u00e9 faits \u00e0 la main. Par exemple, pour un anneau de dentition, un hochet ou un porte-b\u00e9b\u00e9 en bois.","og_url":"https:\/\/www.jootjeshaakcadeautjes.nl\/fr\/produit\/cintre-en-bois-pour-feuilles-a-decouper-et-cordes-a-jouer\/","og_site_name":"Jootjes Haakcadeautjes","article_modified_time":"2025-05-01T13:20:19+00:00","og_image":[{"width":916,"height":916,"url":"https:\/\/www.jootjeshaakcadeautjes.nl\/wp-content\/uploads\/2020\/01\/20200119_165531.jpg","type":"image\/jpeg"}],"twitter_card":"summary_large_image","twitter_misc":{"Prix":"&euro;2.00 TTC","Disponibilit\u00e9":"En stock"},"schema":{"@context":"https:\/\/schema.org","@graph":[{"@type":"WebPage","@id":"https:\/\/www.jootjeshaakcadeautjes.nl\/fr\/produit\/cintre-en-bois-pour-feuilles-a-decouper-et-cordes-a-jouer\/","url":"https:\/\/www.jootjeshaakcadeautjes.nl\/fr\/produit\/cintre-en-bois-pour-feuilles-a-decouper-et-cordes-a-jouer\/","name":"Anneau de dentition en bois | Anneau de feuille | Jouets b\u00e9b\u00e9 en bois au crochet","isPartOf":{"@id":"https:\/\/www.jootjeshaakcadeautjes.nl\/fr\/#website"},"primaryImageOfPage":{"@id":"https:\/\/www.jootjeshaakcadeautjes.nl\/fr\/produit\/cintre-en-bois-pour-feuilles-a-decouper-et-cordes-a-jouer\/#primaryimage"},"image":{"@id":"https:\/\/www.jootjeshaakcadeautjes.nl\/fr\/produit\/cintre-en-bois-pour-feuilles-a-decouper-et-cordes-a-jouer\/#primaryimage"},"thumbnailUrl":"https:\/\/d1dyryakdmle7o.cloudfront.net\/wp-content\/uploads\/2020\/01\/20200119_165531.jpg","datePublished":"2020-01-21T22:53:06+00:00","dateModified":"2025-05-01T13:20:19+00:00","description":"Anneau de dentition en bois, feuille\/pendentif pour vos jouets de b\u00e9b\u00e9 faits \u00e0 la main. Par exemple, pour un anneau de dentition, un hochet ou un porte-b\u00e9b\u00e9 en bois.","breadcrumb":{"@id":"https:\/\/www.jootjeshaakcadeautjes.nl\/fr\/produit\/cintre-en-bois-pour-feuilles-a-decouper-et-cordes-a-jouer\/#breadcrumb"},"inLanguage":"fr-FR","potentialAction":[{"@type":"ReadAction","target":["https:\/\/www.jootjeshaakcadeautjes.nl\/fr\/produit\/cintre-en-bois-pour-feuilles-a-decouper-et-cordes-a-jouer\/"]}]},{"@type":"ImageObject","inLanguage":"fr-FR","@id":"https:\/\/www.jootjeshaakcadeautjes.nl\/fr\/produit\/cintre-en-bois-pour-feuilles-a-decouper-et-cordes-a-jouer\/#primaryimage","url":"https:\/\/d1dyryakdmle7o.cloudfront.net\/wp-content\/uploads\/2020\/01\/20200119_165531.jpg","contentUrl":"https:\/\/d1dyryakdmle7o.cloudfront.net\/wp-content\/uploads\/2020\/01\/20200119_165531.jpg","width":916,"height":916,"caption":"Anneau de dentition en bois feuille"},{"@type":"BreadcrumbList","@id":"https:\/\/www.jootjeshaakcadeautjes.nl\/fr\/produit\/cintre-en-bois-pour-feuilles-a-decouper-et-cordes-a-jouer\/#breadcrumb","itemListElement":[{"@type":"ListItem","position":1,"name":"Accueil","item":"https:\/\/www.jootjeshaakcadeautjes.nl\/fr\/"},{"@type":"ListItem","position":2,"name":"Commerce de gros de perles en silicone &#8211; Entreprises et consommateurs","item":"https:\/\/www.jootjeshaakcadeautjes.nl\/fr\/boutique\/"},{"@type":"ListItem","position":3,"name":"Anneau de dentition en bois &#8211; Feuille &#8211; Pendentif Playtring &#8211; Bois de h\u00eatre"}]},{"@type":"WebSite","@id":"https:\/\/www.jootjeshaakcadeautjes.nl\/fr\/#website","url":"https:\/\/www.jootjeshaakcadeautjes.nl\/fr\/","name":"Jootjes Haakcadeautjes","description":"Grossiste en perles de silicone","publisher":{"@id":"https:\/\/www.jootjeshaakcadeautjes.nl\/fr\/#organization"},"potentialAction":[{"@type":"SearchAction","target":{"@type":"EntryPoint","urlTemplate":"https:\/\/www.jootjeshaakcadeautjes.nl\/fr\/?s={search_term_string}"},"query-input":{"@type":"PropertyValueSpecification","valueRequired":true,"valueName":"search_term_string"}}],"inLanguage":"fr-FR"},{"@type":"Organization","@id":"https:\/\/www.jootjeshaakcadeautjes.nl\/fr\/#organization","name":"Jootjes Haakcadeautjes","url":"https:\/\/www.jootjeshaakcadeautjes.nl\/fr\/","logo":{"@type":"ImageObject","inLanguage":"fr-FR","@id":"https:\/\/www.jootjeshaakcadeautjes.nl\/fr\/#\/schema\/logo\/image\/","url":"https:\/\/jootjes-haakcadeautjes-media.s3.amazonaws.com\/wp-content\/uploads\/2023\/05\/Logo-rond.png","contentUrl":"https:\/\/jootjes-haakcadeautjes-media.s3.amazonaws.com\/wp-content\/uploads\/2023\/05\/Logo-rond.png","width":1222,"height":1222,"caption":"Jootjes Haakcadeautjes"},"image":{"@id":"https:\/\/www.jootjeshaakcadeautjes.nl\/fr\/#\/schema\/logo\/image\/"}}]},"product_price_amount":"2.00","product_price_currency":"EUR","og_availability":"instock","product_availability":"instock","product_retailer_item_id":"HOU-KON-BLD","product_condition":"new"},"_links":{"self":[{"href":"https:\/\/www.jootjeshaakcadeautjes.nl\/fr\/wp-json\/wp\/v2\/product\/136189","targetHints":{"allow":["GET"]}}],"collection":[{"href":"https:\/\/www.jootjeshaakcadeautjes.nl\/fr\/wp-json\/wp\/v2\/product"}],"about":[{"href":"https:\/\/www.jootjeshaakcadeautjes.nl\/fr\/wp-json\/wp\/v2\/types\/product"}],"version-history":[{"count":0,"href":"https:\/\/www.jootjeshaakcadeautjes.nl\/fr\/wp-json\/wp\/v2\/product\/136189\/revisions"}],"wp:featuredmedia":[{"embeddable":true,"href":"https:\/\/www.jootjeshaakcadeautjes.nl\/fr\/wp-json\/wp\/v2\/media\/67592"}],"wp:attachment":[{"href":"https:\/\/www.jootjeshaakcadeautjes.nl\/fr\/wp-json\/wp\/v2\/media?parent=136189"}],"wp:term":[{"taxonomy":"product_brand","embeddable":true,"href":"https:\/\/www.jootjeshaakcadeautjes.nl\/fr\/wp-json\/wp\/v2\/product_brand?post=136189"},{"taxonomy":"product_cat","embeddable":true,"href":"https:\/\/www.jootjeshaakcadeautjes.nl\/fr\/wp-json\/wp\/v2\/product_cat?post=136189"},{"taxonomy":"product_tag","embeddable":true,"href":"https:\/\/www.jootjeshaakcadeautjes.nl\/fr\/wp-json\/wp\/v2\/product_tag?post=136189"}],"curies":[{"name":"wp","href":"https:\/\/api.w.org\/{rel}","templated":true}]}}