{"id":136197,"date":"2020-02-29T23:25:13","date_gmt":"2020-02-29T21:25:13","guid":{"rendered":"https:\/\/www.jootjeshaakcadeautjes.nl\/product\/clip-factice-monstre-feuille-hetre\/"},"modified":"2026-04-30T14:16:16","modified_gmt":"2026-04-30T12:16:16","slug":"attache-sucette-26","status":"publish","type":"product","link":"https:\/\/www.jootjeshaakcadeautjes.nl\/fr\/produit\/attache-sucette-26\/","title":{"rendered":"Attache-sucette en bois &#8211; Attache-sucette feuille Monstera &#8211; Bois de h\u00eatre"},"content":{"rendered":"<h3>Attache-sucette en bois &#8211; Attache-sucette feuille Monstera &#8211; Bois de h\u00eatre<\/h3>\n<p>Vous cherchez des attaches-sucettes en bois de haute qualit\u00e9 en forme de feuille ? Dans ce cas, vous \u00eates \u00e0 la bonne adresse chez JootjesHaakcadeautjes.nl. Nos attaches-sucettes en bois en forme de feuille sont parfaites pour r\u00e9aliser un cordon de t\u00e9tine en bois ou une ficelle de landau. En outre, ces Attache-sucettes en bois sont faciles \u00e0 combiner avec nos autres mat\u00e9riaux en bois. Par exemple, notre <a href=\"https:\/\/www.jootjeshaakcadeautjes.nl\/fr\/produit\/cintre-en-bois-pour-feuilles-a-decouper-et-cordes-a-jouer\/\">anneau de dentition en bois<\/a> feuille <a href=\"https:\/\/www.jootjeshaakcadeautjes.nl\/fr\/produit\/cintre-en-bois-pour-feuilles-a-decouper-et-cordes-a-jouer\/\">pendante<\/a> <span style=\"font-size: 16px;\">. Cela vous donne l&#8217;occasion de cr\u00e9er une pi\u00e8ce unique de jouets pour b\u00e9b\u00e9s faits \u00e0 la main. Tout \u00e0 fait \u00e0 votre go\u00fbt. Par exemple, dans notre autre collection de produits en bois (<\/span><a style=\"font-size: 16px; background-color: #ffffff;\" href=\"\/?product_cat=kralen\">perles<\/a><span style=\"font-size: 16px;\"> et <\/span><a style=\"font-size: 16px; background-color: #ffffff;\" href=\"\/?product_cat=houten-ringapplicaties\">anneaux<\/a><span style=\"font-size: 16px;\">). Les Attache-sucettes en bois sont la cerise sur le g\u00e2teau pour vos jouets faits maison et permettent une fixation s\u00fbre aux v\u00eatements ou \u00e0 la poussette\/au landau. Ces Attache-sucettes comprennent une sorte de pince \u00e0 bretelles, qu&#8217;il suffit de clipser sur le v\u00eatement de votre enfant. Le clip en bois contient une boucle pratique o\u00f9 vous pouvez attacher votre cr\u00e9ation.<\/span><\/p>\n<h4>Attache-sucette en bois de qualit\u00e9 et de s\u00e9curit\u00e9 en forme de feuille de monstera.<\/h4>\n<p>Les attaches-sucettes en bois sont fabriqu\u00e9es en bois de h\u00eatre non peint, lisse et poli. Les Attache-sucettes sont fabriqu\u00e9es sans produits chimiques, ce qui les rend id\u00e9ales pour une utilisation dans les jouets pour b\u00e9b\u00e9s et\/ou jeunes enfants. De plus, le h\u00eatre est une essence de bois pauvre en \u00e9chardes.<\/p>\n<p>&nbsp;<\/p>\n<p>&nbsp;<\/p>\n","protected":false},"excerpt":{"rendered":"<p>Mat\u00e9riau : Attache-sucette en bois de h\u00eatre &#8211; feuille de monstera<br \/>\nAttache-sucette avec fixation s\u00fbre.<br \/>\nVariante en forme de feuille de h\u00eatre<\/p>\n<p><small>Pour plus d&#8217;informations, lisez la suite<\/small><small> au bas de la page.<\/small><\/p>\n","protected":false},"featured_media":72411,"template":"","meta":[],"product_brand":[],"product_cat":[12486,12482,12668,7378],"product_tag":[13182,7401,12653,10295,7455,13473,12490,7197,10080,7418,12375,10414,13170,10290,7408],"class_list":{"0":"post-136197","1":"product","2":"type-product","3":"status-publish","4":"has-post-thumbnail","6":"product_cat-attaches-tetines-attache-tetine-tendeur-de-sucette-allen-silicone-bois-metal","7":"product_cat-clips-de-tetine-pour-cordon-de-tetine-chaine-de-landau-et-autres","8":"product_cat-clips-pour-mannequins-en-bois-ronds-et-figures","9":"product_cat-fabrication-de-jouets-de-dentition-pour-bebe-cordon-de-sucette-et-anneaux-de-dentition","10":"product_tag-71-fr","11":"product_tag-bebe","12":"product_tag-bois-de-hetre-fr","13":"product_tag-certifie-fr","14":"product_tag-chaine-de-landau","15":"product_tag-chaine-de-lecture","16":"product_tag-clip-factice","17":"product_tag-en-bois","18":"product_tag-et","19":"product_tag-faux-cordon","20":"product_tag-feuille","21":"product_tag-hetre","22":"product_tag-pinces-a-trayons","23":"product_tag-protection-des-enfants","24":"product_tag-sur","26":"first","27":"instock","28":"taxable","29":"shipping-taxable","30":"purchasable","31":"product-type-simple"},"bundled_by":["131551"],"bundle_stock_status":"instock","bundle_stock_quantity":13,"bundle_virtual":false,"bundle_layout":"","bundle_add_to_cart_form_location":"","bundle_editable_in_cart":false,"bundle_sold_individually_context":"","bundle_item_grouping":"","bundle_min_size":"","bundle_max_size":"","bundle_price":[],"bundled_items":[],"bundle_sell_ids":[],"yoast_head":"<!-- This site is optimized with the Yoast SEO Premium plugin v27.6 (Yoast SEO v27.6) - https:\/\/yoast.com\/product\/yoast-seo-premium-wordpress\/ -->\n<title>Attaches-sucettes en bois - Attaches-sucettes feuille Monstera - Bois de h\u00eatre - Commerce de gros<\/title>\n<meta name=\"description\" content=\"Attache-sucette en bois en forme de feuille de monstera en bois de h\u00eatre brut. Attache-sucette de haute qualit\u00e9 et \u00e0 prix abordable pour vos cordons de mannequins.\" \/>\n<meta name=\"robots\" content=\"index, follow, max-snippet:-1, max-image-preview:large, max-video-preview:-1\" \/>\n<link rel=\"canonical\" href=\"https:\/\/www.jootjeshaakcadeautjes.nl\/fr\/produit\/attache-sucette-26\/\" \/>\n<meta property=\"og:locale\" content=\"fr_FR\" \/>\n<meta property=\"og:type\" content=\"article\" \/>\n<meta property=\"og:title\" content=\"Attache-sucette en bois - Attache-sucette feuille Monstera - Bois de h\u00eatre\" \/>\n<meta property=\"og:description\" content=\"Attache-sucette en bois en forme de feuille de monstera en bois de h\u00eatre brut. Attache-sucette de haute qualit\u00e9 et \u00e0 prix abordable pour vos cordons de mannequins.\" \/>\n<meta property=\"og:url\" content=\"https:\/\/www.jootjeshaakcadeautjes.nl\/fr\/produit\/attache-sucette-26\/\" \/>\n<meta property=\"og:site_name\" content=\"Jootjes Haakcadeautjes\" \/>\n<meta property=\"article:modified_time\" content=\"2026-04-30T12:16:16+00:00\" \/>\n<meta property=\"og:image\" content=\"https:\/\/www.jootjeshaakcadeautjes.nl\/wp-content\/uploads\/2020\/09\/20200908_212910.jpg\" \/>\n\t<meta property=\"og:image:width\" content=\"1337\" \/>\n\t<meta property=\"og:image:height\" content=\"1337\" \/>\n\t<meta property=\"og:image:type\" content=\"image\/jpeg\" \/>\n<meta name=\"twitter:card\" content=\"summary_large_image\" \/>\n<meta name=\"twitter:label1\" content=\"Prix\" \/>\n\t<meta name=\"twitter:data1\" content=\"&euro;1.60 TTC\" \/>\n\t<meta name=\"twitter:label2\" content=\"Disponibilit\u00e9\" \/>\n\t<meta name=\"twitter:data2\" content=\"En stock\" \/>\n<script type=\"application\/ld+json\" class=\"yoast-schema-graph\">{\"@context\":\"https:\\\/\\\/schema.org\",\"@graph\":[{\"@type\":\"WebPage\",\"@id\":\"https:\\\/\\\/www.jootjeshaakcadeautjes.nl\\\/fr\\\/produit\\\/attache-sucette-26\\\/\",\"url\":\"https:\\\/\\\/www.jootjeshaakcadeautjes.nl\\\/fr\\\/produit\\\/attache-sucette-26\\\/\",\"name\":\"Attaches-sucettes en bois - Attaches-sucettes feuille Monstera - Bois de h\u00eatre - Commerce de gros\",\"isPartOf\":{\"@id\":\"https:\\\/\\\/www.jootjeshaakcadeautjes.nl\\\/fr\\\/#website\"},\"primaryImageOfPage\":{\"@id\":\"https:\\\/\\\/www.jootjeshaakcadeautjes.nl\\\/fr\\\/produit\\\/attache-sucette-26\\\/#primaryimage\"},\"image\":{\"@id\":\"https:\\\/\\\/www.jootjeshaakcadeautjes.nl\\\/fr\\\/produit\\\/attache-sucette-26\\\/#primaryimage\"},\"thumbnailUrl\":\"https:\\\/\\\/d1dyryakdmle7o.cloudfront.net\\\/wp-content\\\/uploads\\\/2020\\\/09\\\/20200908_212910.jpg\",\"datePublished\":\"2020-02-29T21:25:13+00:00\",\"dateModified\":\"2026-04-30T12:16:16+00:00\",\"description\":\"Attache-sucette en bois en forme de feuille de monstera en bois de h\u00eatre brut. Attache-sucette de haute qualit\u00e9 et \u00e0 prix abordable pour vos cordons de mannequins.\",\"breadcrumb\":{\"@id\":\"https:\\\/\\\/www.jootjeshaakcadeautjes.nl\\\/fr\\\/produit\\\/attache-sucette-26\\\/#breadcrumb\"},\"inLanguage\":\"fr-FR\",\"potentialAction\":[{\"@type\":\"ReadAction\",\"target\":[\"https:\\\/\\\/www.jootjeshaakcadeautjes.nl\\\/fr\\\/produit\\\/attache-sucette-26\\\/\"]}]},{\"@type\":\"ImageObject\",\"inLanguage\":\"fr-FR\",\"@id\":\"https:\\\/\\\/www.jootjeshaakcadeautjes.nl\\\/fr\\\/produit\\\/attache-sucette-26\\\/#primaryimage\",\"url\":\"https:\\\/\\\/d1dyryakdmle7o.cloudfront.net\\\/wp-content\\\/uploads\\\/2020\\\/09\\\/20200908_212910.jpg\",\"contentUrl\":\"https:\\\/\\\/d1dyryakdmle7o.cloudfront.net\\\/wp-content\\\/uploads\\\/2020\\\/09\\\/20200908_212910.jpg\",\"width\":1337,\"height\":1337,\"caption\":\"Attache-sucette en bois Attache-sucette assortie s\u00e9curit\u00e9 b\u00e9b\u00e9\"},{\"@type\":\"BreadcrumbList\",\"@id\":\"https:\\\/\\\/www.jootjeshaakcadeautjes.nl\\\/fr\\\/produit\\\/attache-sucette-26\\\/#breadcrumb\",\"itemListElement\":[{\"@type\":\"ListItem\",\"position\":1,\"name\":\"Accueil\",\"item\":\"https:\\\/\\\/www.jootjeshaakcadeautjes.nl\\\/fr\\\/\"},{\"@type\":\"ListItem\",\"position\":2,\"name\":\"Commerce de gros de perles en silicone &#8211; Entreprises et consommateurs\",\"item\":\"https:\\\/\\\/www.jootjeshaakcadeautjes.nl\\\/fr\\\/boutique\\\/\"},{\"@type\":\"ListItem\",\"position\":3,\"name\":\"Attache-sucette en bois &#8211; Attache-sucette feuille Monstera &#8211; Bois de h\u00eatre\"}]},{\"@type\":\"WebSite\",\"@id\":\"https:\\\/\\\/www.jootjeshaakcadeautjes.nl\\\/fr\\\/#website\",\"url\":\"https:\\\/\\\/www.jootjeshaakcadeautjes.nl\\\/fr\\\/\",\"name\":\"Jootjes Haakcadeautjes\",\"description\":\"Grossiste en perles de silicone\",\"publisher\":{\"@id\":\"https:\\\/\\\/www.jootjeshaakcadeautjes.nl\\\/fr\\\/#organization\"},\"potentialAction\":[{\"@type\":\"SearchAction\",\"target\":{\"@type\":\"EntryPoint\",\"urlTemplate\":\"https:\\\/\\\/www.jootjeshaakcadeautjes.nl\\\/fr\\\/?s={search_term_string}\"},\"query-input\":{\"@type\":\"PropertyValueSpecification\",\"valueRequired\":true,\"valueName\":\"search_term_string\"}}],\"inLanguage\":\"fr-FR\"},{\"@type\":\"Organization\",\"@id\":\"https:\\\/\\\/www.jootjeshaakcadeautjes.nl\\\/fr\\\/#organization\",\"name\":\"Jootjes Haakcadeautjes\",\"url\":\"https:\\\/\\\/www.jootjeshaakcadeautjes.nl\\\/fr\\\/\",\"logo\":{\"@type\":\"ImageObject\",\"inLanguage\":\"fr-FR\",\"@id\":\"https:\\\/\\\/www.jootjeshaakcadeautjes.nl\\\/fr\\\/#\\\/schema\\\/logo\\\/image\\\/\",\"url\":\"https:\\\/\\\/d1dyryakdmle7o.cloudfront.net\\\/wp-content\\\/uploads\\\/2023\\\/05\\\/Logo-rond.png\",\"contentUrl\":\"https:\\\/\\\/d1dyryakdmle7o.cloudfront.net\\\/wp-content\\\/uploads\\\/2023\\\/05\\\/Logo-rond.png\",\"width\":1222,\"height\":1222,\"caption\":\"Jootjes Haakcadeautjes\"},\"image\":{\"@id\":\"https:\\\/\\\/www.jootjeshaakcadeautjes.nl\\\/fr\\\/#\\\/schema\\\/logo\\\/image\\\/\"}}]}<\/script>\n<meta property=\"product:price:amount\" content=\"1.60\" \/>\n<meta property=\"product:price:currency\" content=\"EUR\" \/>\n<meta property=\"og:availability\" content=\"instock\" \/>\n<meta property=\"product:availability\" content=\"instock\" \/>\n<meta property=\"product:retailer_item_id\" content=\"SPC-HOU-BLD\" \/>\n<meta property=\"product:condition\" content=\"new\" \/>\n<!-- \/ Yoast SEO Premium plugin. -->","yoast_head_json":{"title":"Attaches-sucettes en bois - Attaches-sucettes feuille Monstera - Bois de h\u00eatre - Commerce de gros","description":"Attache-sucette en bois en forme de feuille de monstera en bois de h\u00eatre brut. Attache-sucette de haute qualit\u00e9 et \u00e0 prix abordable pour vos cordons de mannequins.","robots":{"index":"index","follow":"follow","max-snippet":"max-snippet:-1","max-image-preview":"max-image-preview:large","max-video-preview":"max-video-preview:-1"},"canonical":"https:\/\/www.jootjeshaakcadeautjes.nl\/fr\/produit\/attache-sucette-26\/","og_locale":"fr_FR","og_type":"article","og_title":"Attache-sucette en bois - Attache-sucette feuille Monstera - Bois de h\u00eatre","og_description":"Attache-sucette en bois en forme de feuille de monstera en bois de h\u00eatre brut. Attache-sucette de haute qualit\u00e9 et \u00e0 prix abordable pour vos cordons de mannequins.","og_url":"https:\/\/www.jootjeshaakcadeautjes.nl\/fr\/produit\/attache-sucette-26\/","og_site_name":"Jootjes Haakcadeautjes","article_modified_time":"2026-04-30T12:16:16+00:00","og_image":[{"width":1337,"height":1337,"url":"https:\/\/www.jootjeshaakcadeautjes.nl\/wp-content\/uploads\/2020\/09\/20200908_212910.jpg","type":"image\/jpeg"}],"twitter_card":"summary_large_image","twitter_misc":{"Prix":"&euro;1.60 TTC","Disponibilit\u00e9":"En stock"},"schema":{"@context":"https:\/\/schema.org","@graph":[{"@type":"WebPage","@id":"https:\/\/www.jootjeshaakcadeautjes.nl\/fr\/produit\/attache-sucette-26\/","url":"https:\/\/www.jootjeshaakcadeautjes.nl\/fr\/produit\/attache-sucette-26\/","name":"Attaches-sucettes en bois - Attaches-sucettes feuille Monstera - Bois de h\u00eatre - Commerce de gros","isPartOf":{"@id":"https:\/\/www.jootjeshaakcadeautjes.nl\/fr\/#website"},"primaryImageOfPage":{"@id":"https:\/\/www.jootjeshaakcadeautjes.nl\/fr\/produit\/attache-sucette-26\/#primaryimage"},"image":{"@id":"https:\/\/www.jootjeshaakcadeautjes.nl\/fr\/produit\/attache-sucette-26\/#primaryimage"},"thumbnailUrl":"https:\/\/d1dyryakdmle7o.cloudfront.net\/wp-content\/uploads\/2020\/09\/20200908_212910.jpg","datePublished":"2020-02-29T21:25:13+00:00","dateModified":"2026-04-30T12:16:16+00:00","description":"Attache-sucette en bois en forme de feuille de monstera en bois de h\u00eatre brut. Attache-sucette de haute qualit\u00e9 et \u00e0 prix abordable pour vos cordons de mannequins.","breadcrumb":{"@id":"https:\/\/www.jootjeshaakcadeautjes.nl\/fr\/produit\/attache-sucette-26\/#breadcrumb"},"inLanguage":"fr-FR","potentialAction":[{"@type":"ReadAction","target":["https:\/\/www.jootjeshaakcadeautjes.nl\/fr\/produit\/attache-sucette-26\/"]}]},{"@type":"ImageObject","inLanguage":"fr-FR","@id":"https:\/\/www.jootjeshaakcadeautjes.nl\/fr\/produit\/attache-sucette-26\/#primaryimage","url":"https:\/\/d1dyryakdmle7o.cloudfront.net\/wp-content\/uploads\/2020\/09\/20200908_212910.jpg","contentUrl":"https:\/\/d1dyryakdmle7o.cloudfront.net\/wp-content\/uploads\/2020\/09\/20200908_212910.jpg","width":1337,"height":1337,"caption":"Attache-sucette en bois Attache-sucette assortie s\u00e9curit\u00e9 b\u00e9b\u00e9"},{"@type":"BreadcrumbList","@id":"https:\/\/www.jootjeshaakcadeautjes.nl\/fr\/produit\/attache-sucette-26\/#breadcrumb","itemListElement":[{"@type":"ListItem","position":1,"name":"Accueil","item":"https:\/\/www.jootjeshaakcadeautjes.nl\/fr\/"},{"@type":"ListItem","position":2,"name":"Commerce de gros de perles en silicone &#8211; Entreprises et consommateurs","item":"https:\/\/www.jootjeshaakcadeautjes.nl\/fr\/boutique\/"},{"@type":"ListItem","position":3,"name":"Attache-sucette en bois &#8211; Attache-sucette feuille Monstera &#8211; Bois de h\u00eatre"}]},{"@type":"WebSite","@id":"https:\/\/www.jootjeshaakcadeautjes.nl\/fr\/#website","url":"https:\/\/www.jootjeshaakcadeautjes.nl\/fr\/","name":"Jootjes Haakcadeautjes","description":"Grossiste en perles de silicone","publisher":{"@id":"https:\/\/www.jootjeshaakcadeautjes.nl\/fr\/#organization"},"potentialAction":[{"@type":"SearchAction","target":{"@type":"EntryPoint","urlTemplate":"https:\/\/www.jootjeshaakcadeautjes.nl\/fr\/?s={search_term_string}"},"query-input":{"@type":"PropertyValueSpecification","valueRequired":true,"valueName":"search_term_string"}}],"inLanguage":"fr-FR"},{"@type":"Organization","@id":"https:\/\/www.jootjeshaakcadeautjes.nl\/fr\/#organization","name":"Jootjes Haakcadeautjes","url":"https:\/\/www.jootjeshaakcadeautjes.nl\/fr\/","logo":{"@type":"ImageObject","inLanguage":"fr-FR","@id":"https:\/\/www.jootjeshaakcadeautjes.nl\/fr\/#\/schema\/logo\/image\/","url":"https:\/\/d1dyryakdmle7o.cloudfront.net\/wp-content\/uploads\/2023\/05\/Logo-rond.png","contentUrl":"https:\/\/d1dyryakdmle7o.cloudfront.net\/wp-content\/uploads\/2023\/05\/Logo-rond.png","width":1222,"height":1222,"caption":"Jootjes Haakcadeautjes"},"image":{"@id":"https:\/\/www.jootjeshaakcadeautjes.nl\/fr\/#\/schema\/logo\/image\/"}}]},"product_price_amount":"1.60","product_price_currency":"EUR","og_availability":"instock","product_availability":"instock","product_retailer_item_id":"SPC-HOU-BLD","product_condition":"new"},"_links":{"self":[{"href":"https:\/\/www.jootjeshaakcadeautjes.nl\/fr\/wp-json\/wp\/v2\/product\/136197","targetHints":{"allow":["GET"]}}],"collection":[{"href":"https:\/\/www.jootjeshaakcadeautjes.nl\/fr\/wp-json\/wp\/v2\/product"}],"about":[{"href":"https:\/\/www.jootjeshaakcadeautjes.nl\/fr\/wp-json\/wp\/v2\/types\/product"}],"version-history":[{"count":0,"href":"https:\/\/www.jootjeshaakcadeautjes.nl\/fr\/wp-json\/wp\/v2\/product\/136197\/revisions"}],"wp:featuredmedia":[{"embeddable":true,"href":"https:\/\/www.jootjeshaakcadeautjes.nl\/fr\/wp-json\/wp\/v2\/media\/72411"}],"wp:attachment":[{"href":"https:\/\/www.jootjeshaakcadeautjes.nl\/fr\/wp-json\/wp\/v2\/media?parent=136197"}],"wp:term":[{"taxonomy":"product_brand","embeddable":true,"href":"https:\/\/www.jootjeshaakcadeautjes.nl\/fr\/wp-json\/wp\/v2\/product_brand?post=136197"},{"taxonomy":"product_cat","embeddable":true,"href":"https:\/\/www.jootjeshaakcadeautjes.nl\/fr\/wp-json\/wp\/v2\/product_cat?post=136197"},{"taxonomy":"product_tag","embeddable":true,"href":"https:\/\/www.jootjeshaakcadeautjes.nl\/fr\/wp-json\/wp\/v2\/product_tag?post=136197"}],"curies":[{"name":"wp","href":"https:\/\/api.w.org\/{rel}","templated":true}]}}