{"id":136204,"date":"2020-01-23T18:32:29","date_gmt":"2020-01-23T16:32:29","guid":{"rendered":"https:\/\/www.jootjeshaakcadeautjes.nl\/product\/anneaux-en-bois-5-5-cm-anneau-a-mordre\/"},"modified":"2026-04-04T21:21:42","modified_gmt":"2026-04-04T19:21:42","slug":"anneaux-en-bois-5-5-cm-anneau-a-mordre","status":"publish","type":"product","link":"https:\/\/www.jootjeshaakcadeautjes.nl\/fr\/produit\/anneaux-en-bois-5-5-cm-anneau-a-mordre\/","title":{"rendered":"Anneaux en bois &#8211; 5.5 cm &#8211; Erable"},"content":{"rendered":"<h2><span style=\"color: #800080;\"><strong>Anneaux en bois 5,5 cm &#8211; <span style=\"color: #000000;\">Bois d&#8217;\u00e9rable<\/span><\/strong><\/span><\/h2>\n<p><span style=\"color: #000000;\">Fabriqu\u00e9 en bois d&#8217;\u00e9rable brut (non laqu\u00e9, teint\u00e9 ou huil\u00e9). La circonf\u00e9rence ext\u00e9rieure de l&#8217;anneau de bois est de 55 mm.<\/span><\/p>\n<p><span style=\"color: #000000;\">Les anneaux en bois de 5,5 cm \/55 mm sont fabriqu\u00e9s \u00e0 partir d&#8217;un produit naturel et peuvent donc pr\u00e9senter des \u00e9carts minimes. D\u00e8s que nous d\u00e9tectons un \u00e9cart excessif, le produit n&#8217;est pas vendu mais mis au rebut\/recycl\u00e9. Par cons\u00e9quent, nous pouvons toujours garantir des produits de haute qualit\u00e9.<\/span><\/p>\n<p><span style=\"color: #000000;\">Il est tr\u00e8s important de faire attention \u00e0 ces produits. Les produits en bois d&#8217;\u00e9rable ne sont pas couramment utilis\u00e9s dans les jouets (pour b\u00e9b\u00e9s\/enfants). <span style=\"text-decoration: underline;\">Nous recommandons le bois de h\u00eatre, qui est encore plus dur<\/span>. Par cons\u00e9quent, il est conseill\u00e9 aux parents\/grands-parents\/clients de v\u00e9rifier soigneusement l&#8217;absence d&#8217;usure et de ne permettre l&#8217;utilisation des produits qu&#8217;en pr\u00e9sence d&#8217;un adulte.<\/span><\/p>\n<h3><span style=\"color: #800080;\"><strong>Mais quelle taille d&#8217;anneau en bois convient le mieux \u00e0 votre projet ?<\/strong><\/span><\/h3>\n<p><span style=\"color: #000000;\">Les anneaux en bois de 5,5 cm sont particuli\u00e8rement utilis\u00e9s pour fabriquer des <strong>anneaux de dentition en perles<\/strong> ou des <strong>colliers d&#8217;allaitement<\/strong>.<\/span><\/p>\n<p><span style=\"color: #000000;\">En fonction de la taille souhait\u00e9e, vous pouvez utiliser une combinaison diff\u00e9rente de perles et d&#8217;anneaux. Par exemple, si vous utilisez des perles de 16 et 20 mm, j&#8217;utiliserais les anneaux de <a style=\"color: #000000;\" href=\"https:\/\/www.jootjeshaakcadeautjes.nl\/product\/houten-ringen-4-5-cm\/\">4,5 cm<\/a>. Vous voulez aller un peu plus loin ? Envisagez ensuite de combiner les perles de 20 mm avec, par exemple, les perles de 25 ou 30 mm et l&#8217;anneau de 5,5 cm.<\/span><\/p>\n<h3><span style=\"color: #800080;\"><strong>Un petit anneau de dentition en bois avec des perles (voir l&#8217;exemple ci-dessous) est compos\u00e9 de :<\/strong><\/span><\/h3>\n<ul>\n<li><span style=\"color: #000000;\">2x un <a style=\"color: #000000;\" href=\"https:\/\/www.jootjeshaakcadeautjes.nl\/product\/houten-ringen-4-5-cm\/\">anneau en bois de 4,5 cm<\/a><\/span><\/li>\n<li><span style=\"color: #000000;\">6x une perle en bois de 16 mm<\/span><\/li>\n<li><span style=\"color: #000000;\">6x une perle en bois de 20 (au crochet)<\/span><\/li>\n<\/ul>\n<h3><span style=\"color: #800080;\"><strong>Un anneau de dentition en bois plus grand est \u00e9galement possible :<\/strong><\/span><\/h3>\n<ul>\n<li><span style=\"color: #000000;\">2x un anneau en bois de 5,5 cm<\/span><\/li>\n<li><span style=\"color: #000000;\">6x une perle en bois de 20\/25 mm<\/span><\/li>\n<li><span style=\"color: #000000;\">6x une perle en bois de 25\/30 mm (crochet\u00e9e)<\/span><\/li>\n<\/ul>\n<p><span style=\"color: #000000;\">Comme nous l&#8217;avons mentionn\u00e9, en fonction de la taille souhait\u00e9e, vous pouvez choisir parmi les vari\u00e9t\u00e9s de mat\u00e9riaux les plus petites ou les plus grandes. Les deux formats sont faciles \u00e0 manipuler pour un b\u00e9b\u00e9 ou un jeune enfant.<\/span><\/p>\n<p><span style=\"color: #000000;\">L&#8217;<a style=\"color: #000000;\" href=\"https:\/\/www.jootjeshaakcadeautjes.nl\/product\/houten-ringen-7-cm\/\">anneau en bois de 7 cm<\/a> est particuli\u00e8rement utilis\u00e9 pour r\u00e9aliser un <strong>anneau de dentition au crochet<\/strong> (voir l&#8217;exemple ci-dessous). L&#8217;anneau en bois de <a style=\"color: #000000;\" href=\"https:\/\/www.jootjeshaakcadeautjes.nl\/product\/houten-ringen-4-5-cm\/\">4,5 cm<\/a> est vraiment trop petit pour cela.<\/span><br \/>\n<span style=\"color: #000000;\">  Voici un exemple d&#8217;anneau de dentition crochet\u00e9 avec des anneaux en bois de 5,5 cm. Pour plus d&#8217;informations \u00e0 ce sujet, consultez la page de l&#8217;<a style=\"color: #000000;\" href=\"https:\/\/www.jootjeshaakcadeautjes.nl\/product\/houten-ringen-7-cm\/\">anneau en bois de 7 cm.<\/a><\/span><\/p>\n<div id=\"attachment_318\" style=\"width: 310px\" class=\"wp-caption aligncenter\"><a href=\"https:\/\/www.jootjeshaakcadeautjes.nl\/product\/houten-ringen-5-5-cm\/\" rel=\"attachment wp-att-318\"><img decoding=\"async\" aria-describedby=\"caption-attachment-318\" class=\"wp-image-318 size-medium\" src=\"https:\/\/www.jootjeshaakcadeautjes.nl\/wp-content\/themes\/woodmart\/images\/lazy.svg\" data-src=\"https:\/\/d1dyryakdmle7o.cloudfront.net\/wp-content\/uploads\/2016\/03\/wooden-font-b-teething-b-font-font-b-ring-b-font-Crochet-beads-rattle-Amigurumi-Baby-300x300.jpg\" alt=\"anneaux en bois 5,5 cm\" width=\"300\" height=\"300\"><\/a><p id=\"caption-attachment-318\" class=\"wp-caption-text\"><span style=\"color: #000000;\">Anneau de dentition en bois de petite taille ; compos\u00e9 de perles de 16 mm et 20 mm (au crochet) et d&#8217;anneaux en bois de 4,5 cm.<\/span><\/p><\/div>\n<div id=\"attachment_375\" style=\"width: 310px\" class=\"wp-caption aligncenter\"><a href=\"https:\/\/www.jootjeshaakcadeautjes.nl\/product\/houten-ringen-7-cm\/\" rel=\"attachment wp-att-375\"><img decoding=\"async\" aria-describedby=\"caption-attachment-375\" class=\"wp-image-375 size-medium\" src=\"https:\/\/www.jootjeshaakcadeautjes.nl\/wp-content\/themes\/woodmart\/images\/lazy.svg\" data-src=\"https:\/\/d1dyryakdmle7o.cloudfront.net\/wp-content\/uploads\/2016\/03\/sindibaba-12159-squirrel-rattle-on-wooden-grasp-ring-rose-crochet-grasp-toy-339-600x600-300x300.jpg\" alt=\"Anneau de dentition crochet\u00e9\" width=\"300\" height=\"300\"><\/a><p id=\"caption-attachment-375\" class=\"wp-caption-text\"><span style=\"color: #000000;\">Anneau de dentition crochet\u00e9 autour de l&#8217;anneau en bois 7 cm<\/span><\/p><\/div>\n<p><span style=\"color: #000000;\">Bien entendu, il ne s&#8217;agit l\u00e0 que d&#8217;exemples. Ce que vous fabriquez est laiss\u00e9 \u00e0 votre inspiration et \u00e0 votre imagination. Amusez-vous bien !<\/span><\/p>\n<p>&nbsp;<\/p>\n","protected":false},"excerpt":{"rendered":"<p>Fabriqu\u00e9 en bois d&#8217;\u00e9rable brut lisse pour les anneaux de dentition.<br \/>\nAnneau en bois non peint, adapt\u00e9 aux enfants.<br \/>\n55 mm\/5,5 cm de circonf\u00e9rence ext\u00e9rieure.<\/p>\n<p>Pour plus d&#8217;informations sur l&#8217;utilisation de ces anneaux en bois, lisez la suite au bas de la page.<\/p>\n","protected":false},"featured_media":67385,"template":"","meta":[],"product_brand":[],"product_cat":[12293,12292,12294,7378],"product_tag":[12931,13938,13914,13937,13936,12298,12300,10409,13846,12311,7197,13934,13563],"class_list":{"0":"post-136204","1":"product","2":"type-product","3":"status-publish","4":"has-post-thumbnail","6":"product_cat-anneaux-de-dentition-bebe-silicone-et-bois","7":"product_cat-anneaux-en-bois","8":"product_cat-anneaux-en-bois-pour-le-macrame-et-le-crochet","9":"product_cat-fabrication-de-jouets-de-dentition-pour-bebe-cordon-de-sucette-et-anneaux-de-dentition","10":"product_tag-5-fr","11":"product_tag-5-6-fr","12":"product_tag-55-mm-fr","13":"product_tag-56-mm-fr","14":"product_tag-56mm-fr","15":"product_tag-anneau","16":"product_tag-anneaux","17":"product_tag-bois-fr","18":"product_tag-crochet-fr-6","19":"product_tag-crochets","20":"product_tag-en-bois","21":"product_tag-fait-maison","22":"product_tag-macrame-fr","24":"first","25":"instock","26":"taxable","27":"shipping-taxable","28":"purchasable","29":"product-type-simple"},"bundled_by":[],"bundle_stock_status":"instock","bundle_stock_quantity":300,"bundle_virtual":false,"bundle_layout":"","bundle_add_to_cart_form_location":"","bundle_editable_in_cart":false,"bundle_sold_individually_context":"","bundle_item_grouping":"","bundle_min_size":"","bundle_max_size":"","bundle_price":[],"bundled_items":[],"bundle_sell_ids":[],"yoast_head":"<!-- This site is optimized with the Yoast SEO Premium plugin v27.6 (Yoast SEO v27.6) - https:\/\/yoast.com\/product\/yoast-seo-premium-wordpress\/ -->\n<title>Anneaux en bois 5,5 cm \/ anneau de dentition - Jootjes Crochet presents - Baby safe<\/title>\n<meta name=\"description\" content=\"Anneaux en bois 5,5 cm. Anneaux en bois d&#039;\u00e9rable de 5,5 cm parfaits pour un anneau de dentition en bois ou un hochet avec des oreilles de lapin. Vente en gros.\" \/>\n<meta name=\"robots\" content=\"index, follow, max-snippet:-1, max-image-preview:large, max-video-preview:-1\" \/>\n<link rel=\"canonical\" href=\"https:\/\/www.jootjeshaakcadeautjes.nl\/fr\/produit\/anneaux-en-bois-5-5-cm-anneau-a-mordre\/\" \/>\n<meta property=\"og:locale\" content=\"fr_FR\" \/>\n<meta property=\"og:type\" content=\"article\" \/>\n<meta property=\"og:title\" content=\"Anneaux en bois - 5.5 cm - Erable\" \/>\n<meta property=\"og:description\" content=\"Anneaux en bois 5,5 cm. Anneaux en bois d&#039;\u00e9rable de 5,5 cm parfaits pour un anneau de dentition en bois ou un hochet avec des oreilles de lapin. Vente en gros.\" \/>\n<meta property=\"og:url\" content=\"https:\/\/www.jootjeshaakcadeautjes.nl\/fr\/produit\/anneaux-en-bois-5-5-cm-anneau-a-mordre\/\" \/>\n<meta property=\"og:site_name\" content=\"Jootjes Haakcadeautjes\" \/>\n<meta property=\"article:modified_time\" content=\"2026-04-04T19:21:42+00:00\" \/>\n<meta property=\"og:image\" content=\"https:\/\/www.jootjeshaakcadeautjes.nl\/wp-content\/uploads\/2016\/03\/Houten-ring-55-cm-1.jpg\" \/>\n\t<meta property=\"og:image:width\" content=\"1045\" \/>\n\t<meta property=\"og:image:height\" content=\"1045\" \/>\n\t<meta property=\"og:image:type\" content=\"image\/jpeg\" \/>\n<meta name=\"twitter:card\" content=\"summary_large_image\" \/>\n<meta name=\"twitter:label1\" content=\"Prix\" \/>\n\t<meta name=\"twitter:data1\" content=\"&euro;0.58 TTC\" \/>\n\t<meta name=\"twitter:label2\" content=\"Disponibilit\u00e9\" \/>\n\t<meta name=\"twitter:data2\" content=\"En stock\" \/>\n<script type=\"application\/ld+json\" class=\"yoast-schema-graph\">{\"@context\":\"https:\\\/\\\/schema.org\",\"@graph\":[{\"@type\":\"WebPage\",\"@id\":\"https:\\\/\\\/www.jootjeshaakcadeautjes.nl\\\/fr\\\/produit\\\/anneaux-en-bois-5-5-cm-anneau-a-mordre\\\/\",\"url\":\"https:\\\/\\\/www.jootjeshaakcadeautjes.nl\\\/fr\\\/produit\\\/anneaux-en-bois-5-5-cm-anneau-a-mordre\\\/\",\"name\":\"Anneaux en bois 5,5 cm \\\/ anneau de dentition - Jootjes Crochet presents - Baby safe\",\"isPartOf\":{\"@id\":\"https:\\\/\\\/www.jootjeshaakcadeautjes.nl\\\/fr\\\/#website\"},\"primaryImageOfPage\":{\"@id\":\"https:\\\/\\\/www.jootjeshaakcadeautjes.nl\\\/fr\\\/produit\\\/anneaux-en-bois-5-5-cm-anneau-a-mordre\\\/#primaryimage\"},\"image\":{\"@id\":\"https:\\\/\\\/www.jootjeshaakcadeautjes.nl\\\/fr\\\/produit\\\/anneaux-en-bois-5-5-cm-anneau-a-mordre\\\/#primaryimage\"},\"thumbnailUrl\":\"https:\\\/\\\/d1dyryakdmle7o.cloudfront.net\\\/wp-content\\\/uploads\\\/2016\\\/03\\\/Houten-ring-55-cm-1.jpg\",\"datePublished\":\"2020-01-23T16:32:29+00:00\",\"dateModified\":\"2026-04-04T19:21:42+00:00\",\"description\":\"Anneaux en bois 5,5 cm. Anneaux en bois d'\u00e9rable de 5,5 cm parfaits pour un anneau de dentition en bois ou un hochet avec des oreilles de lapin. Vente en gros.\",\"breadcrumb\":{\"@id\":\"https:\\\/\\\/www.jootjeshaakcadeautjes.nl\\\/fr\\\/produit\\\/anneaux-en-bois-5-5-cm-anneau-a-mordre\\\/#breadcrumb\"},\"inLanguage\":\"fr-FR\",\"potentialAction\":[{\"@type\":\"ReadAction\",\"target\":[\"https:\\\/\\\/www.jootjeshaakcadeautjes.nl\\\/fr\\\/produit\\\/anneaux-en-bois-5-5-cm-anneau-a-mordre\\\/\"]}]},{\"@type\":\"ImageObject\",\"inLanguage\":\"fr-FR\",\"@id\":\"https:\\\/\\\/www.jootjeshaakcadeautjes.nl\\\/fr\\\/produit\\\/anneaux-en-bois-5-5-cm-anneau-a-mordre\\\/#primaryimage\",\"url\":\"https:\\\/\\\/d1dyryakdmle7o.cloudfront.net\\\/wp-content\\\/uploads\\\/2016\\\/03\\\/Houten-ring-55-cm-1.jpg\",\"contentUrl\":\"https:\\\/\\\/d1dyryakdmle7o.cloudfront.net\\\/wp-content\\\/uploads\\\/2016\\\/03\\\/Houten-ring-55-cm-1.jpg\",\"width\":1045,\"height\":1045,\"caption\":\"Anneau en bois 5,5 cm\"},{\"@type\":\"BreadcrumbList\",\"@id\":\"https:\\\/\\\/www.jootjeshaakcadeautjes.nl\\\/fr\\\/produit\\\/anneaux-en-bois-5-5-cm-anneau-a-mordre\\\/#breadcrumb\",\"itemListElement\":[{\"@type\":\"ListItem\",\"position\":1,\"name\":\"Accueil\",\"item\":\"https:\\\/\\\/www.jootjeshaakcadeautjes.nl\\\/fr\\\/\"},{\"@type\":\"ListItem\",\"position\":2,\"name\":\"Commerce de gros de perles en silicone &#8211; Entreprises et consommateurs\",\"item\":\"https:\\\/\\\/www.jootjeshaakcadeautjes.nl\\\/fr\\\/boutique\\\/\"},{\"@type\":\"ListItem\",\"position\":3,\"name\":\"Anneaux en bois &#8211; 5.5 cm &#8211; Erable\"}]},{\"@type\":\"WebSite\",\"@id\":\"https:\\\/\\\/www.jootjeshaakcadeautjes.nl\\\/fr\\\/#website\",\"url\":\"https:\\\/\\\/www.jootjeshaakcadeautjes.nl\\\/fr\\\/\",\"name\":\"Jootjes Haakcadeautjes\",\"description\":\"Grossiste en perles de silicone\",\"publisher\":{\"@id\":\"https:\\\/\\\/www.jootjeshaakcadeautjes.nl\\\/fr\\\/#organization\"},\"potentialAction\":[{\"@type\":\"SearchAction\",\"target\":{\"@type\":\"EntryPoint\",\"urlTemplate\":\"https:\\\/\\\/www.jootjeshaakcadeautjes.nl\\\/fr\\\/?s={search_term_string}\"},\"query-input\":{\"@type\":\"PropertyValueSpecification\",\"valueRequired\":true,\"valueName\":\"search_term_string\"}}],\"inLanguage\":\"fr-FR\"},{\"@type\":\"Organization\",\"@id\":\"https:\\\/\\\/www.jootjeshaakcadeautjes.nl\\\/fr\\\/#organization\",\"name\":\"Jootjes Haakcadeautjes\",\"url\":\"https:\\\/\\\/www.jootjeshaakcadeautjes.nl\\\/fr\\\/\",\"logo\":{\"@type\":\"ImageObject\",\"inLanguage\":\"fr-FR\",\"@id\":\"https:\\\/\\\/www.jootjeshaakcadeautjes.nl\\\/fr\\\/#\\\/schema\\\/logo\\\/image\\\/\",\"url\":\"https:\\\/\\\/d1dyryakdmle7o.cloudfront.net\\\/wp-content\\\/uploads\\\/2023\\\/05\\\/Logo-rond.png\",\"contentUrl\":\"https:\\\/\\\/d1dyryakdmle7o.cloudfront.net\\\/wp-content\\\/uploads\\\/2023\\\/05\\\/Logo-rond.png\",\"width\":1222,\"height\":1222,\"caption\":\"Jootjes Haakcadeautjes\"},\"image\":{\"@id\":\"https:\\\/\\\/www.jootjeshaakcadeautjes.nl\\\/fr\\\/#\\\/schema\\\/logo\\\/image\\\/\"}}]}<\/script>\n<meta property=\"product:price:amount\" content=\"0.58\" \/>\n<meta property=\"product:price:currency\" content=\"EUR\" \/>\n<meta property=\"og:availability\" content=\"instock\" \/>\n<meta property=\"product:availability\" content=\"instock\" \/>\n<meta property=\"product:retailer_item_id\" content=\"HOU-RIN-055\" \/>\n<meta property=\"product:condition\" content=\"new\" \/>\n<!-- \/ Yoast SEO Premium plugin. -->","yoast_head_json":{"title":"Anneaux en bois 5,5 cm \/ anneau de dentition - Jootjes Crochet presents - Baby safe","description":"Anneaux en bois 5,5 cm. Anneaux en bois d'\u00e9rable de 5,5 cm parfaits pour un anneau de dentition en bois ou un hochet avec des oreilles de lapin. Vente en gros.","robots":{"index":"index","follow":"follow","max-snippet":"max-snippet:-1","max-image-preview":"max-image-preview:large","max-video-preview":"max-video-preview:-1"},"canonical":"https:\/\/www.jootjeshaakcadeautjes.nl\/fr\/produit\/anneaux-en-bois-5-5-cm-anneau-a-mordre\/","og_locale":"fr_FR","og_type":"article","og_title":"Anneaux en bois - 5.5 cm - Erable","og_description":"Anneaux en bois 5,5 cm. Anneaux en bois d'\u00e9rable de 5,5 cm parfaits pour un anneau de dentition en bois ou un hochet avec des oreilles de lapin. Vente en gros.","og_url":"https:\/\/www.jootjeshaakcadeautjes.nl\/fr\/produit\/anneaux-en-bois-5-5-cm-anneau-a-mordre\/","og_site_name":"Jootjes Haakcadeautjes","article_modified_time":"2026-04-04T19:21:42+00:00","og_image":[{"width":1045,"height":1045,"url":"https:\/\/www.jootjeshaakcadeautjes.nl\/wp-content\/uploads\/2016\/03\/Houten-ring-55-cm-1.jpg","type":"image\/jpeg"}],"twitter_card":"summary_large_image","twitter_misc":{"Prix":"&euro;0.58 TTC","Disponibilit\u00e9":"En stock"},"schema":{"@context":"https:\/\/schema.org","@graph":[{"@type":"WebPage","@id":"https:\/\/www.jootjeshaakcadeautjes.nl\/fr\/produit\/anneaux-en-bois-5-5-cm-anneau-a-mordre\/","url":"https:\/\/www.jootjeshaakcadeautjes.nl\/fr\/produit\/anneaux-en-bois-5-5-cm-anneau-a-mordre\/","name":"Anneaux en bois 5,5 cm \/ anneau de dentition - Jootjes Crochet presents - Baby safe","isPartOf":{"@id":"https:\/\/www.jootjeshaakcadeautjes.nl\/fr\/#website"},"primaryImageOfPage":{"@id":"https:\/\/www.jootjeshaakcadeautjes.nl\/fr\/produit\/anneaux-en-bois-5-5-cm-anneau-a-mordre\/#primaryimage"},"image":{"@id":"https:\/\/www.jootjeshaakcadeautjes.nl\/fr\/produit\/anneaux-en-bois-5-5-cm-anneau-a-mordre\/#primaryimage"},"thumbnailUrl":"https:\/\/d1dyryakdmle7o.cloudfront.net\/wp-content\/uploads\/2016\/03\/Houten-ring-55-cm-1.jpg","datePublished":"2020-01-23T16:32:29+00:00","dateModified":"2026-04-04T19:21:42+00:00","description":"Anneaux en bois 5,5 cm. Anneaux en bois d'\u00e9rable de 5,5 cm parfaits pour un anneau de dentition en bois ou un hochet avec des oreilles de lapin. Vente en gros.","breadcrumb":{"@id":"https:\/\/www.jootjeshaakcadeautjes.nl\/fr\/produit\/anneaux-en-bois-5-5-cm-anneau-a-mordre\/#breadcrumb"},"inLanguage":"fr-FR","potentialAction":[{"@type":"ReadAction","target":["https:\/\/www.jootjeshaakcadeautjes.nl\/fr\/produit\/anneaux-en-bois-5-5-cm-anneau-a-mordre\/"]}]},{"@type":"ImageObject","inLanguage":"fr-FR","@id":"https:\/\/www.jootjeshaakcadeautjes.nl\/fr\/produit\/anneaux-en-bois-5-5-cm-anneau-a-mordre\/#primaryimage","url":"https:\/\/d1dyryakdmle7o.cloudfront.net\/wp-content\/uploads\/2016\/03\/Houten-ring-55-cm-1.jpg","contentUrl":"https:\/\/d1dyryakdmle7o.cloudfront.net\/wp-content\/uploads\/2016\/03\/Houten-ring-55-cm-1.jpg","width":1045,"height":1045,"caption":"Anneau en bois 5,5 cm"},{"@type":"BreadcrumbList","@id":"https:\/\/www.jootjeshaakcadeautjes.nl\/fr\/produit\/anneaux-en-bois-5-5-cm-anneau-a-mordre\/#breadcrumb","itemListElement":[{"@type":"ListItem","position":1,"name":"Accueil","item":"https:\/\/www.jootjeshaakcadeautjes.nl\/fr\/"},{"@type":"ListItem","position":2,"name":"Commerce de gros de perles en silicone &#8211; Entreprises et consommateurs","item":"https:\/\/www.jootjeshaakcadeautjes.nl\/fr\/boutique\/"},{"@type":"ListItem","position":3,"name":"Anneaux en bois &#8211; 5.5 cm &#8211; Erable"}]},{"@type":"WebSite","@id":"https:\/\/www.jootjeshaakcadeautjes.nl\/fr\/#website","url":"https:\/\/www.jootjeshaakcadeautjes.nl\/fr\/","name":"Jootjes Haakcadeautjes","description":"Grossiste en perles de silicone","publisher":{"@id":"https:\/\/www.jootjeshaakcadeautjes.nl\/fr\/#organization"},"potentialAction":[{"@type":"SearchAction","target":{"@type":"EntryPoint","urlTemplate":"https:\/\/www.jootjeshaakcadeautjes.nl\/fr\/?s={search_term_string}"},"query-input":{"@type":"PropertyValueSpecification","valueRequired":true,"valueName":"search_term_string"}}],"inLanguage":"fr-FR"},{"@type":"Organization","@id":"https:\/\/www.jootjeshaakcadeautjes.nl\/fr\/#organization","name":"Jootjes Haakcadeautjes","url":"https:\/\/www.jootjeshaakcadeautjes.nl\/fr\/","logo":{"@type":"ImageObject","inLanguage":"fr-FR","@id":"https:\/\/www.jootjeshaakcadeautjes.nl\/fr\/#\/schema\/logo\/image\/","url":"https:\/\/d1dyryakdmle7o.cloudfront.net\/wp-content\/uploads\/2023\/05\/Logo-rond.png","contentUrl":"https:\/\/d1dyryakdmle7o.cloudfront.net\/wp-content\/uploads\/2023\/05\/Logo-rond.png","width":1222,"height":1222,"caption":"Jootjes Haakcadeautjes"},"image":{"@id":"https:\/\/www.jootjeshaakcadeautjes.nl\/fr\/#\/schema\/logo\/image\/"}}]},"product_price_amount":"0.58","product_price_currency":"EUR","og_availability":"instock","product_availability":"instock","product_retailer_item_id":"HOU-RIN-055","product_condition":"new"},"_links":{"self":[{"href":"https:\/\/www.jootjeshaakcadeautjes.nl\/fr\/wp-json\/wp\/v2\/product\/136204","targetHints":{"allow":["GET"]}}],"collection":[{"href":"https:\/\/www.jootjeshaakcadeautjes.nl\/fr\/wp-json\/wp\/v2\/product"}],"about":[{"href":"https:\/\/www.jootjeshaakcadeautjes.nl\/fr\/wp-json\/wp\/v2\/types\/product"}],"version-history":[{"count":0,"href":"https:\/\/www.jootjeshaakcadeautjes.nl\/fr\/wp-json\/wp\/v2\/product\/136204\/revisions"}],"wp:featuredmedia":[{"embeddable":true,"href":"https:\/\/www.jootjeshaakcadeautjes.nl\/fr\/wp-json\/wp\/v2\/media\/67385"}],"wp:attachment":[{"href":"https:\/\/www.jootjeshaakcadeautjes.nl\/fr\/wp-json\/wp\/v2\/media?parent=136204"}],"wp:term":[{"taxonomy":"product_brand","embeddable":true,"href":"https:\/\/www.jootjeshaakcadeautjes.nl\/fr\/wp-json\/wp\/v2\/product_brand?post=136204"},{"taxonomy":"product_cat","embeddable":true,"href":"https:\/\/www.jootjeshaakcadeautjes.nl\/fr\/wp-json\/wp\/v2\/product_cat?post=136204"},{"taxonomy":"product_tag","embeddable":true,"href":"https:\/\/www.jootjeshaakcadeautjes.nl\/fr\/wp-json\/wp\/v2\/product_tag?post=136204"}],"curies":[{"name":"wp","href":"https:\/\/api.w.org\/{rel}","templated":true}]}}