{"id":136236,"date":"2019-03-18T10:21:16","date_gmt":"2019-03-18T08:21:16","guid":{"rendered":"https:\/\/www.jootjeshaakcadeautjes.nl\/product\/boutons-en-bois-faits-a-la-main-avec-amour-15-mm\/"},"modified":"2025-07-25T15:59:48","modified_gmt":"2025-07-25T13:59:48","slug":"boutons-en-bois-faits-a-la-main-avec-amour-15-mm","status":"publish","type":"product","link":"https:\/\/www.jootjeshaakcadeautjes.nl\/fr\/produit\/boutons-en-bois-faits-a-la-main-avec-amour-15-mm\/","title":{"rendered":"Boutons en bois faits \u00e0 la main avec amour &#8211; 15 mm (par 10 pi\u00e8ces)"},"content":{"rendered":"<h1>Boutons en bois faits \u00e0 la main avec amour d&#8217;une taille de 15 mm.<\/h1>\n<p>Texte en caract\u00e8res de haute qualit\u00e9 &#8220;handmade with love&#8221;. Un peu plus petit que les boutons en bois de 20 mm fabriqu\u00e9s \u00e0 la main avec amour. <span style=\"font-size: 16px; font-style: normal; font-weight: 400;\">Tr\u00e8s mignons sur des v\u00eatements, des chaussures ou d&#8217;autres petits projets faits \u00e0 la main. <\/span>Les boutons en bois plus grands faits \u00e0 la main avec amour sont disponibles ici : <a href=\"https:\/\/www.jootjeshaakcadeautjes.nl\/product\/knoop-20-mm-handmade-with-love-10-stuks\/\">bouton en bois fait \u00e0 la main avec amour 20 mm<\/a>.<\/p>\n<p>Remarque ! Certains concurrents proposent ces boutons faits \u00e0 la main avec amour et avec une police de caract\u00e8res moins cool.<br \/>\nLe mot &#8220;Handmade&#8221; est particuli\u00e8rement frappant, comme le montrent les exemples suivants. Je n&#8217;aime pas le mentionner, mais il y a m\u00eame beaucoup de tromperies. Avant de cr\u00e9er la boutique en ligne, j&#8217;achetais aussi r\u00e9guli\u00e8rement des boutons en bois sur la base d&#8217;une belle photo, mais j&#8217;obtenais toujours la version &#8220;bas de gamme&#8221;. Chez nous, vous obtenez toujours une \u00e9criture serr\u00e9e comme le montre l&#8217;image en haut du produit et donc <strong><br \/>\n  <span style=\"text-decoration: underline;\">pas<\/span><br \/>\n<\/strong> comme dans les exemples suivants :<\/p>\n<p><a href=\"https:\/\/d1dyryakdmle7o.cloudfront.net\/wp-content\/uploads\/2016\/03\/Fout-voorbeeld-2.jpg\" rel=\"attachment wp-att-361\"><img decoding=\"async\" class=\"alignnone wp-image-361\" src=\"https:\/\/www.jootjeshaakcadeautjes.nl\/wp-content\/themes\/woodmart\/images\/lazy.svg\" data-src=\"https:\/\/d1dyryakdmle7o.cloudfront.net\/wp-content\/uploads\/2016\/03\/Fout-voorbeeld-2.jpg\" alt=\"Exemple de police moins sophistiqu\u00e9e.\" width=\"212\" height=\"222\"><\/a> <a href=\"https:\/\/d1dyryakdmle7o.cloudfront.net\/wp-content\/uploads\/2016\/03\/Slechte-voorbeelden.jpg\" rel=\"attachment wp-att-362\"><img decoding=\"async\" class=\"alignnone size-full wp-image-362\" src=\"https:\/\/www.jootjeshaakcadeautjes.nl\/wp-content\/themes\/woodmart\/images\/lazy.svg\" data-src=\"https:\/\/d1dyryakdmle7o.cloudfront.net\/wp-content\/uploads\/2016\/03\/Slechte-voorbeelden.jpg\" alt=\"Exemple de police moins sophistiqu\u00e9e.\" width=\"244\" height=\"222\"><br \/>\n<\/a><\/p>\n<p><strong>Ces exemples ne sont donc pas nos boutons de bois. Vous trouverez des photos de nos boutons en haut de la page.<\/strong><\/p>\n","protected":false},"excerpt":{"rendered":"<p>Texte &#8220;Handmade with love&#8221; (fait \u00e0 la main avec amour)<\/p>\n<p>Taille 15 mm.<br \/>\nPour 10 boutons en bois.<\/p>\n<p>&nbsp;<\/p>\n","protected":false},"featured_media":0,"template":"","meta":[],"product_brand":[],"product_cat":[13948,12308],"product_tag":[13951,12307,13949,13950,7197,13952,13953],"class_list":{"0":"post-136236","1":"product","2":"type-product","3":"status-publish","5":"product_cat-etiquettes-et-boutons-en-bois-faits-a-la-main","6":"product_cat-materiel-de-bricolage-et-de-crochet","7":"product_tag-10-unites","8":"product_tag-15-mm-fr","9":"product_tag-bouton","10":"product_tag-boutons","11":"product_tag-en-bois","12":"product_tag-etiquette","13":"product_tag-fait-a-la-main-avec-amour","15":"first","16":"instock","17":"taxable","18":"shipping-taxable","19":"purchasable","20":"product-type-simple"},"bundled_by":[],"bundle_stock_status":"instock","bundle_stock_quantity":104,"bundle_virtual":false,"bundle_layout":"","bundle_add_to_cart_form_location":"","bundle_editable_in_cart":false,"bundle_sold_individually_context":"","bundle_item_grouping":"","bundle_min_size":"","bundle_max_size":"","bundle_price":[],"bundled_items":[],"bundle_sell_ids":[],"yoast_head":"<!-- This site is optimized with the Yoast SEO Premium plugin v27.6 (Yoast SEO v27.6) - https:\/\/yoast.com\/product\/yoast-seo-premium-wordpress\/ -->\n<title>Boutons en bois faits \u00e0 la main avec amour - JootjesHaakcadeautjes.nl<\/title>\n<meta name=\"description\" content=\"Boutons en bois fabriqu\u00e9s \u00e0 la main avec amour en 15 mm. Super mignon comme \u00e9tiquette pour vos projets faits \u00e0 la main pour mettre en valeur votre artisanat.\" \/>\n<meta name=\"robots\" content=\"index, follow, max-snippet:-1, max-image-preview:large, max-video-preview:-1\" \/>\n<link rel=\"canonical\" href=\"https:\/\/www.jootjeshaakcadeautjes.nl\/fr\/produit\/boutons-en-bois-faits-a-la-main-avec-amour-15-mm\/\" \/>\n<meta property=\"og:locale\" content=\"fr_FR\" \/>\n<meta property=\"og:type\" content=\"article\" \/>\n<meta property=\"og:title\" content=\"Boutons en bois faits \u00e0 la main avec amour - 15 mm (par 10 pi\u00e8ces)\" \/>\n<meta property=\"og:description\" content=\"Boutons en bois fabriqu\u00e9s \u00e0 la main avec amour en 15 mm. Super mignon comme \u00e9tiquette pour vos projets faits \u00e0 la main pour mettre en valeur votre artisanat.\" \/>\n<meta property=\"og:url\" content=\"https:\/\/www.jootjeshaakcadeautjes.nl\/fr\/produit\/boutons-en-bois-faits-a-la-main-avec-amour-15-mm\/\" \/>\n<meta property=\"og:site_name\" content=\"Jootjes Haakcadeautjes\" \/>\n<meta property=\"article:modified_time\" content=\"2025-07-25T13:59:48+00:00\" \/>\n<meta property=\"og:image\" content=\"https:\/\/www.jootjeshaakcadeautjes.nl\/wp-content\/uploads\/2016\/03\/Fout-voorbeeld-2.jpg\" \/>\n<meta name=\"twitter:card\" content=\"summary_large_image\" \/>\n<meta name=\"twitter:label1\" content=\"Prix\" \/>\n\t<meta name=\"twitter:data1\" content=\"&euro;1.00 TTC\" \/>\n\t<meta name=\"twitter:label2\" content=\"Disponibilit\u00e9\" \/>\n\t<meta name=\"twitter:data2\" content=\"En stock\" \/>\n<script type=\"application\/ld+json\" class=\"yoast-schema-graph\">{\"@context\":\"https:\\\/\\\/schema.org\",\"@graph\":[{\"@type\":\"WebPage\",\"@id\":\"https:\\\/\\\/www.jootjeshaakcadeautjes.nl\\\/fr\\\/produit\\\/boutons-en-bois-faits-a-la-main-avec-amour-15-mm\\\/\",\"url\":\"https:\\\/\\\/www.jootjeshaakcadeautjes.nl\\\/fr\\\/produit\\\/boutons-en-bois-faits-a-la-main-avec-amour-15-mm\\\/\",\"name\":\"Boutons en bois faits \u00e0 la main avec amour - JootjesHaakcadeautjes.nl\",\"isPartOf\":{\"@id\":\"https:\\\/\\\/www.jootjeshaakcadeautjes.nl\\\/fr\\\/#website\"},\"primaryImageOfPage\":{\"@id\":\"https:\\\/\\\/www.jootjeshaakcadeautjes.nl\\\/fr\\\/produit\\\/boutons-en-bois-faits-a-la-main-avec-amour-15-mm\\\/#primaryimage\"},\"image\":{\"@id\":\"https:\\\/\\\/www.jootjeshaakcadeautjes.nl\\\/fr\\\/produit\\\/boutons-en-bois-faits-a-la-main-avec-amour-15-mm\\\/#primaryimage\"},\"thumbnailUrl\":\"https:\\\/\\\/www.jootjeshaakcadeautjes.nl\\\/wp-content\\\/uploads\\\/2016\\\/03\\\/Fout-voorbeeld-2.jpg\",\"datePublished\":\"2019-03-18T08:21:16+00:00\",\"dateModified\":\"2025-07-25T13:59:48+00:00\",\"description\":\"Boutons en bois fabriqu\u00e9s \u00e0 la main avec amour en 15 mm. Super mignon comme \u00e9tiquette pour vos projets faits \u00e0 la main pour mettre en valeur votre artisanat.\",\"breadcrumb\":{\"@id\":\"https:\\\/\\\/www.jootjeshaakcadeautjes.nl\\\/fr\\\/produit\\\/boutons-en-bois-faits-a-la-main-avec-amour-15-mm\\\/#breadcrumb\"},\"inLanguage\":\"fr-FR\",\"potentialAction\":[{\"@type\":\"ReadAction\",\"target\":[\"https:\\\/\\\/www.jootjeshaakcadeautjes.nl\\\/fr\\\/produit\\\/boutons-en-bois-faits-a-la-main-avec-amour-15-mm\\\/\"]}]},{\"@type\":\"ImageObject\",\"inLanguage\":\"fr-FR\",\"@id\":\"https:\\\/\\\/www.jootjeshaakcadeautjes.nl\\\/fr\\\/produit\\\/boutons-en-bois-faits-a-la-main-avec-amour-15-mm\\\/#primaryimage\",\"url\":\"https:\\\/\\\/www.jootjeshaakcadeautjes.nl\\\/wp-content\\\/uploads\\\/2016\\\/03\\\/Fout-voorbeeld-2.jpg\",\"contentUrl\":\"https:\\\/\\\/www.jootjeshaakcadeautjes.nl\\\/wp-content\\\/uploads\\\/2016\\\/03\\\/Fout-voorbeeld-2.jpg\"},{\"@type\":\"BreadcrumbList\",\"@id\":\"https:\\\/\\\/www.jootjeshaakcadeautjes.nl\\\/fr\\\/produit\\\/boutons-en-bois-faits-a-la-main-avec-amour-15-mm\\\/#breadcrumb\",\"itemListElement\":[{\"@type\":\"ListItem\",\"position\":1,\"name\":\"Accueil\",\"item\":\"https:\\\/\\\/www.jootjeshaakcadeautjes.nl\\\/fr\\\/\"},{\"@type\":\"ListItem\",\"position\":2,\"name\":\"Commerce de gros de perles en silicone &#8211; Entreprises et consommateurs\",\"item\":\"https:\\\/\\\/www.jootjeshaakcadeautjes.nl\\\/fr\\\/boutique\\\/\"},{\"@type\":\"ListItem\",\"position\":3,\"name\":\"Boutons en bois faits \u00e0 la main avec amour &#8211; 15 mm (par 10 pi\u00e8ces)\"}]},{\"@type\":\"WebSite\",\"@id\":\"https:\\\/\\\/www.jootjeshaakcadeautjes.nl\\\/fr\\\/#website\",\"url\":\"https:\\\/\\\/www.jootjeshaakcadeautjes.nl\\\/fr\\\/\",\"name\":\"Jootjes Haakcadeautjes\",\"description\":\"Grossiste en perles de silicone\",\"publisher\":{\"@id\":\"https:\\\/\\\/www.jootjeshaakcadeautjes.nl\\\/fr\\\/#organization\"},\"potentialAction\":[{\"@type\":\"SearchAction\",\"target\":{\"@type\":\"EntryPoint\",\"urlTemplate\":\"https:\\\/\\\/www.jootjeshaakcadeautjes.nl\\\/fr\\\/?s={search_term_string}\"},\"query-input\":{\"@type\":\"PropertyValueSpecification\",\"valueRequired\":true,\"valueName\":\"search_term_string\"}}],\"inLanguage\":\"fr-FR\"},{\"@type\":\"Organization\",\"@id\":\"https:\\\/\\\/www.jootjeshaakcadeautjes.nl\\\/fr\\\/#organization\",\"name\":\"Jootjes Haakcadeautjes\",\"url\":\"https:\\\/\\\/www.jootjeshaakcadeautjes.nl\\\/fr\\\/\",\"logo\":{\"@type\":\"ImageObject\",\"inLanguage\":\"fr-FR\",\"@id\":\"https:\\\/\\\/www.jootjeshaakcadeautjes.nl\\\/fr\\\/#\\\/schema\\\/logo\\\/image\\\/\",\"url\":\"https:\\\/\\\/d1dyryakdmle7o.cloudfront.net\\\/wp-content\\\/uploads\\\/2023\\\/05\\\/Logo-rond.png\",\"contentUrl\":\"https:\\\/\\\/d1dyryakdmle7o.cloudfront.net\\\/wp-content\\\/uploads\\\/2023\\\/05\\\/Logo-rond.png\",\"width\":1222,\"height\":1222,\"caption\":\"Jootjes Haakcadeautjes\"},\"image\":{\"@id\":\"https:\\\/\\\/www.jootjeshaakcadeautjes.nl\\\/fr\\\/#\\\/schema\\\/logo\\\/image\\\/\"}}]}<\/script>\n<meta property=\"product:price:amount\" content=\"1.00\" \/>\n<meta property=\"product:price:currency\" content=\"EUR\" \/>\n<meta property=\"og:availability\" content=\"instock\" \/>\n<meta property=\"product:availability\" content=\"instock\" \/>\n<meta property=\"product:retailer_item_id\" content=\"HKN-HWL-015\" \/>\n<meta property=\"product:condition\" content=\"new\" \/>\n<!-- \/ Yoast SEO Premium plugin. -->","yoast_head_json":{"title":"Boutons en bois faits \u00e0 la main avec amour - JootjesHaakcadeautjes.nl","description":"Boutons en bois fabriqu\u00e9s \u00e0 la main avec amour en 15 mm. Super mignon comme \u00e9tiquette pour vos projets faits \u00e0 la main pour mettre en valeur votre artisanat.","robots":{"index":"index","follow":"follow","max-snippet":"max-snippet:-1","max-image-preview":"max-image-preview:large","max-video-preview":"max-video-preview:-1"},"canonical":"https:\/\/www.jootjeshaakcadeautjes.nl\/fr\/produit\/boutons-en-bois-faits-a-la-main-avec-amour-15-mm\/","og_locale":"fr_FR","og_type":"article","og_title":"Boutons en bois faits \u00e0 la main avec amour - 15 mm (par 10 pi\u00e8ces)","og_description":"Boutons en bois fabriqu\u00e9s \u00e0 la main avec amour en 15 mm. Super mignon comme \u00e9tiquette pour vos projets faits \u00e0 la main pour mettre en valeur votre artisanat.","og_url":"https:\/\/www.jootjeshaakcadeautjes.nl\/fr\/produit\/boutons-en-bois-faits-a-la-main-avec-amour-15-mm\/","og_site_name":"Jootjes Haakcadeautjes","article_modified_time":"2025-07-25T13:59:48+00:00","og_image":[{"url":"https:\/\/www.jootjeshaakcadeautjes.nl\/wp-content\/uploads\/2016\/03\/Fout-voorbeeld-2.jpg","type":"","width":"","height":""}],"twitter_card":"summary_large_image","twitter_misc":{"Prix":"&euro;1.00 TTC","Disponibilit\u00e9":"En stock"},"schema":{"@context":"https:\/\/schema.org","@graph":[{"@type":"WebPage","@id":"https:\/\/www.jootjeshaakcadeautjes.nl\/fr\/produit\/boutons-en-bois-faits-a-la-main-avec-amour-15-mm\/","url":"https:\/\/www.jootjeshaakcadeautjes.nl\/fr\/produit\/boutons-en-bois-faits-a-la-main-avec-amour-15-mm\/","name":"Boutons en bois faits \u00e0 la main avec amour - JootjesHaakcadeautjes.nl","isPartOf":{"@id":"https:\/\/www.jootjeshaakcadeautjes.nl\/fr\/#website"},"primaryImageOfPage":{"@id":"https:\/\/www.jootjeshaakcadeautjes.nl\/fr\/produit\/boutons-en-bois-faits-a-la-main-avec-amour-15-mm\/#primaryimage"},"image":{"@id":"https:\/\/www.jootjeshaakcadeautjes.nl\/fr\/produit\/boutons-en-bois-faits-a-la-main-avec-amour-15-mm\/#primaryimage"},"thumbnailUrl":"https:\/\/www.jootjeshaakcadeautjes.nl\/wp-content\/uploads\/2016\/03\/Fout-voorbeeld-2.jpg","datePublished":"2019-03-18T08:21:16+00:00","dateModified":"2025-07-25T13:59:48+00:00","description":"Boutons en bois fabriqu\u00e9s \u00e0 la main avec amour en 15 mm. Super mignon comme \u00e9tiquette pour vos projets faits \u00e0 la main pour mettre en valeur votre artisanat.","breadcrumb":{"@id":"https:\/\/www.jootjeshaakcadeautjes.nl\/fr\/produit\/boutons-en-bois-faits-a-la-main-avec-amour-15-mm\/#breadcrumb"},"inLanguage":"fr-FR","potentialAction":[{"@type":"ReadAction","target":["https:\/\/www.jootjeshaakcadeautjes.nl\/fr\/produit\/boutons-en-bois-faits-a-la-main-avec-amour-15-mm\/"]}]},{"@type":"ImageObject","inLanguage":"fr-FR","@id":"https:\/\/www.jootjeshaakcadeautjes.nl\/fr\/produit\/boutons-en-bois-faits-a-la-main-avec-amour-15-mm\/#primaryimage","url":"https:\/\/www.jootjeshaakcadeautjes.nl\/wp-content\/uploads\/2016\/03\/Fout-voorbeeld-2.jpg","contentUrl":"https:\/\/www.jootjeshaakcadeautjes.nl\/wp-content\/uploads\/2016\/03\/Fout-voorbeeld-2.jpg"},{"@type":"BreadcrumbList","@id":"https:\/\/www.jootjeshaakcadeautjes.nl\/fr\/produit\/boutons-en-bois-faits-a-la-main-avec-amour-15-mm\/#breadcrumb","itemListElement":[{"@type":"ListItem","position":1,"name":"Accueil","item":"https:\/\/www.jootjeshaakcadeautjes.nl\/fr\/"},{"@type":"ListItem","position":2,"name":"Commerce de gros de perles en silicone &#8211; Entreprises et consommateurs","item":"https:\/\/www.jootjeshaakcadeautjes.nl\/fr\/boutique\/"},{"@type":"ListItem","position":3,"name":"Boutons en bois faits \u00e0 la main avec amour &#8211; 15 mm (par 10 pi\u00e8ces)"}]},{"@type":"WebSite","@id":"https:\/\/www.jootjeshaakcadeautjes.nl\/fr\/#website","url":"https:\/\/www.jootjeshaakcadeautjes.nl\/fr\/","name":"Jootjes Haakcadeautjes","description":"Grossiste en perles de silicone","publisher":{"@id":"https:\/\/www.jootjeshaakcadeautjes.nl\/fr\/#organization"},"potentialAction":[{"@type":"SearchAction","target":{"@type":"EntryPoint","urlTemplate":"https:\/\/www.jootjeshaakcadeautjes.nl\/fr\/?s={search_term_string}"},"query-input":{"@type":"PropertyValueSpecification","valueRequired":true,"valueName":"search_term_string"}}],"inLanguage":"fr-FR"},{"@type":"Organization","@id":"https:\/\/www.jootjeshaakcadeautjes.nl\/fr\/#organization","name":"Jootjes Haakcadeautjes","url":"https:\/\/www.jootjeshaakcadeautjes.nl\/fr\/","logo":{"@type":"ImageObject","inLanguage":"fr-FR","@id":"https:\/\/www.jootjeshaakcadeautjes.nl\/fr\/#\/schema\/logo\/image\/","url":"https:\/\/d1dyryakdmle7o.cloudfront.net\/wp-content\/uploads\/2023\/05\/Logo-rond.png","contentUrl":"https:\/\/d1dyryakdmle7o.cloudfront.net\/wp-content\/uploads\/2023\/05\/Logo-rond.png","width":1222,"height":1222,"caption":"Jootjes Haakcadeautjes"},"image":{"@id":"https:\/\/www.jootjeshaakcadeautjes.nl\/fr\/#\/schema\/logo\/image\/"}}]},"product_price_amount":"1.00","product_price_currency":"EUR","og_availability":"instock","product_availability":"instock","product_retailer_item_id":"HKN-HWL-015","product_condition":"new"},"_links":{"self":[{"href":"https:\/\/www.jootjeshaakcadeautjes.nl\/fr\/wp-json\/wp\/v2\/product\/136236","targetHints":{"allow":["GET"]}}],"collection":[{"href":"https:\/\/www.jootjeshaakcadeautjes.nl\/fr\/wp-json\/wp\/v2\/product"}],"about":[{"href":"https:\/\/www.jootjeshaakcadeautjes.nl\/fr\/wp-json\/wp\/v2\/types\/product"}],"version-history":[{"count":0,"href":"https:\/\/www.jootjeshaakcadeautjes.nl\/fr\/wp-json\/wp\/v2\/product\/136236\/revisions"}],"wp:attachment":[{"href":"https:\/\/www.jootjeshaakcadeautjes.nl\/fr\/wp-json\/wp\/v2\/media?parent=136236"}],"wp:term":[{"taxonomy":"product_brand","embeddable":true,"href":"https:\/\/www.jootjeshaakcadeautjes.nl\/fr\/wp-json\/wp\/v2\/product_brand?post=136236"},{"taxonomy":"product_cat","embeddable":true,"href":"https:\/\/www.jootjeshaakcadeautjes.nl\/fr\/wp-json\/wp\/v2\/product_cat?post=136236"},{"taxonomy":"product_tag","embeddable":true,"href":"https:\/\/www.jootjeshaakcadeautjes.nl\/fr\/wp-json\/wp\/v2\/product_tag?post=136236"}],"curies":[{"name":"wp","href":"https:\/\/api.w.org\/{rel}","templated":true}]}}