{"id":136237,"date":"2019-06-01T21:04:26","date_gmt":"2019-06-01T20:04:26","guid":{"rendered":"https:\/\/www.jootjeshaakcadeautjes.nl\/product\/marqueur-de-point-pendentif-fleur\/"},"modified":"2025-03-11T02:50:11","modified_gmt":"2025-03-11T01:50:11","slug":"marqueur-de-point-pendentif-fleur","status":"publish","type":"product","link":"https:\/\/www.jootjeshaakcadeautjes.nl\/fr\/produit\/marqueur-de-point-pendentif-fleur\/","title":{"rendered":"Marqueur de point pendentif Fleur"},"content":{"rendered":"<h1>Pendentif marqueur de point fleur m\u00e9tal argent\u00e9<\/h1>\n<p>Le marqueur de point avec fleur en pendentif est en acier inoxydable. Le marqueur de point lui-m\u00eame et le joli pendentif rond avec des fleurs sont fabriqu\u00e9s \u00e0 partir de ce mat\u00e9riau. Ces marqueurs de point en m\u00e9tal avec pendentif en forme de fleur ont une pointe fine et mince. Cela vous permet d&#8217;ins\u00e9rer le marqueur de point encore plus facilement qu&#8217;avec un <a href=\"https:\/\/www.jootjeshaakcadeautjes.nl\/fr\/produit\/marqueurs-de-points\/\">marqueur de point en plastique<\/a>. Vous travaillez avec du fil fin ? Ce marqueur de point en m\u00e9tal fonctionne alors parfaitement.<\/p>\n<p>Ils sont vendus \u00e0 l&#8217;unit\u00e9. Vous pouvez ainsi choisir les marqueurs de points et les pendentifs que vous souhaitez combiner.<\/p>\n<p>Vous trouverez \u00e9galement les marqueurs de points dans les variantes :<\/p>\n<ul>\n<li><a href=\"https:\/\/www.jootjeshaakcadeautjes.nl\/fr\/produit\/marqueur-de-point-pendant-trefle-quatre\/\">Pendentif marqueur en forme de tr\u00e8fle \u00e0 quatre feuilles<\/a><\/li>\n<li><a href=\"https:\/\/www.jootjeshaakcadeautjes.nl\/fr\/produit\/marqueur-de-point-pendentif-coeur\/\">Marqueurs de point pendentif coeur<\/a><\/li>\n<li><a href=\"https:\/\/www.jootjeshaakcadeautjes.nl\/fr\/produit\/marqueur-de-point-pendentif-hibou\/\">Marqueur b\u00e2ton pendentif hibou<\/a><\/li>\n<\/ul>\n<p>Les marqueurs de points sont \u00e9galement disponibles en <a href=\"https:\/\/www.jootjeshaakcadeautjes.nl\/fr\/produit\/marqueurs-de-points\/\">plastique<\/a> ou en <a href=\"https:\/\/www.jootjeshaakcadeautjes.nl\/product\/metalen-steekmarkeerders-20-stuks\/\">acier inoxydable sans crochet<\/a>.<\/p>\n","protected":false},"excerpt":{"rendered":"<h1>Pendentif marqueur de point fleur m\u00e9tal argent\u00e9<\/h1>\n<p>Les marqueurs sont en m\u00e9tal fin, ce qui facilite l&#8217;insertion du marqueur dans l&#8217;ouvrage, contrairement \u00e0 ce qui se passe parfois avec un marqueur <a href=\"https:\/\/www.jootjeshaakcadeautjes.nl\/product\/steekmarkeerders\/\">en plastique<\/a>. Surtout si vous travaillez avec des fils plus fins. La machine \u00e0 coudre avec fleur en pendentif est vendue individuellement. Vous pouvez donc d\u00e9cider de la quantit\u00e9 que vous souhaitez commander et si vous souhaitez la combiner avec l&#8217;une des autres variantes.<\/p>\n","protected":false},"featured_media":0,"template":"","meta":[],"product_brand":[],"product_cat":[13876,12308],"product_tag":[13759,10282,13877,13880,13879],"class_list":{"0":"post-136237","1":"product","2":"type-product","3":"status-publish","5":"product_cat-marqueurs-et-compteurs-de-revolution","6":"product_cat-materiel-de-bricolage-et-de-crochet","7":"product_tag-argent-metal","8":"product_tag-fleur-fr-2","9":"product_tag-goupille-de-securite","10":"product_tag-marqueur-de-point","11":"product_tag-marqueur-de-point-avec-pendentif","13":"first","14":"outofstock","15":"taxable","16":"shipping-taxable","17":"purchasable","18":"product-type-simple"},"bundled_by":[],"bundle_stock_status":"outofstock","bundle_stock_quantity":0,"bundle_virtual":false,"bundle_layout":"","bundle_add_to_cart_form_location":"","bundle_editable_in_cart":false,"bundle_sold_individually_context":"","bundle_item_grouping":"","bundle_min_size":"","bundle_max_size":"","bundle_price":[],"bundled_items":[],"bundle_sell_ids":[],"yoast_head":"<!-- This site is optimized with the Yoast SEO Premium plugin v27.6 (Yoast SEO v27.6) - https:\/\/yoast.com\/product\/yoast-seo-premium-wordpress\/ -->\n<title>Marqueur de point pendentif Fleur - Jootjes Haakcadeautjes<\/title>\n<meta name=\"description\" content=\"Marqueur de point en argent avec un joli pendentif avec des fleurs. C&#039;est tr\u00e8s beau \u00e0 regarder et le pendentif permet de trouver plus facilement le marqueur de point !\" \/>\n<meta name=\"robots\" content=\"index, follow, max-snippet:-1, max-image-preview:large, max-video-preview:-1\" \/>\n<link rel=\"canonical\" href=\"https:\/\/www.jootjeshaakcadeautjes.nl\/fr\/produit\/marqueur-de-point-pendentif-fleur\/\" \/>\n<meta property=\"og:locale\" content=\"fr_FR\" \/>\n<meta property=\"og:type\" content=\"article\" \/>\n<meta property=\"og:title\" content=\"Marqueur de point pendentif Fleur\" \/>\n<meta property=\"og:description\" content=\"Marqueur de point en argent avec un joli pendentif avec des fleurs. C&#039;est tr\u00e8s beau \u00e0 regarder et le pendentif permet de trouver plus facilement le marqueur de point !\" \/>\n<meta property=\"og:url\" content=\"https:\/\/www.jootjeshaakcadeautjes.nl\/fr\/produit\/marqueur-de-point-pendentif-fleur\/\" \/>\n<meta property=\"og:site_name\" content=\"Jootjes Haakcadeautjes\" \/>\n<meta property=\"article:modified_time\" content=\"2025-03-11T01:50:11+00:00\" \/>\n<meta name=\"twitter:card\" content=\"summary_large_image\" \/>\n<meta name=\"twitter:label1\" content=\"Prix\" \/>\n\t<meta name=\"twitter:data1\" content=\"&euro;0.40 TTC\" \/>\n\t<meta name=\"twitter:label2\" content=\"Disponibilit\u00e9\" \/>\n\t<meta name=\"twitter:data2\" content=\"Rupture de stock\" \/>\n<script type=\"application\/ld+json\" class=\"yoast-schema-graph\">{\"@context\":\"https:\\\/\\\/schema.org\",\"@graph\":[{\"@type\":\"WebPage\",\"@id\":\"https:\\\/\\\/www.jootjeshaakcadeautjes.nl\\\/fr\\\/produit\\\/marqueur-de-point-pendentif-fleur\\\/\",\"url\":\"https:\\\/\\\/www.jootjeshaakcadeautjes.nl\\\/fr\\\/produit\\\/marqueur-de-point-pendentif-fleur\\\/\",\"name\":\"Marqueur de point pendentif Fleur - Jootjes Haakcadeautjes\",\"isPartOf\":{\"@id\":\"https:\\\/\\\/www.jootjeshaakcadeautjes.nl\\\/fr\\\/#website\"},\"datePublished\":\"2019-06-01T20:04:26+00:00\",\"dateModified\":\"2025-03-11T01:50:11+00:00\",\"description\":\"Marqueur de point en argent avec un joli pendentif avec des fleurs. C'est tr\u00e8s beau \u00e0 regarder et le pendentif permet de trouver plus facilement le marqueur de point !\",\"breadcrumb\":{\"@id\":\"https:\\\/\\\/www.jootjeshaakcadeautjes.nl\\\/fr\\\/produit\\\/marqueur-de-point-pendentif-fleur\\\/#breadcrumb\"},\"inLanguage\":\"fr-FR\",\"potentialAction\":[{\"@type\":\"ReadAction\",\"target\":[\"https:\\\/\\\/www.jootjeshaakcadeautjes.nl\\\/fr\\\/produit\\\/marqueur-de-point-pendentif-fleur\\\/\"]}]},{\"@type\":\"BreadcrumbList\",\"@id\":\"https:\\\/\\\/www.jootjeshaakcadeautjes.nl\\\/fr\\\/produit\\\/marqueur-de-point-pendentif-fleur\\\/#breadcrumb\",\"itemListElement\":[{\"@type\":\"ListItem\",\"position\":1,\"name\":\"Accueil\",\"item\":\"https:\\\/\\\/www.jootjeshaakcadeautjes.nl\\\/fr\\\/\"},{\"@type\":\"ListItem\",\"position\":2,\"name\":\"Commerce de gros de perles en silicone &#8211; Entreprises et consommateurs\",\"item\":\"https:\\\/\\\/www.jootjeshaakcadeautjes.nl\\\/fr\\\/boutique\\\/\"},{\"@type\":\"ListItem\",\"position\":3,\"name\":\"Marqueur de point pendentif Fleur\"}]},{\"@type\":\"WebSite\",\"@id\":\"https:\\\/\\\/www.jootjeshaakcadeautjes.nl\\\/fr\\\/#website\",\"url\":\"https:\\\/\\\/www.jootjeshaakcadeautjes.nl\\\/fr\\\/\",\"name\":\"Jootjes Haakcadeautjes\",\"description\":\"Grossiste en perles de silicone\",\"publisher\":{\"@id\":\"https:\\\/\\\/www.jootjeshaakcadeautjes.nl\\\/fr\\\/#organization\"},\"potentialAction\":[{\"@type\":\"SearchAction\",\"target\":{\"@type\":\"EntryPoint\",\"urlTemplate\":\"https:\\\/\\\/www.jootjeshaakcadeautjes.nl\\\/fr\\\/?s={search_term_string}\"},\"query-input\":{\"@type\":\"PropertyValueSpecification\",\"valueRequired\":true,\"valueName\":\"search_term_string\"}}],\"inLanguage\":\"fr-FR\"},{\"@type\":\"Organization\",\"@id\":\"https:\\\/\\\/www.jootjeshaakcadeautjes.nl\\\/fr\\\/#organization\",\"name\":\"Jootjes Haakcadeautjes\",\"url\":\"https:\\\/\\\/www.jootjeshaakcadeautjes.nl\\\/fr\\\/\",\"logo\":{\"@type\":\"ImageObject\",\"inLanguage\":\"fr-FR\",\"@id\":\"https:\\\/\\\/www.jootjeshaakcadeautjes.nl\\\/fr\\\/#\\\/schema\\\/logo\\\/image\\\/\",\"url\":\"https:\\\/\\\/d1dyryakdmle7o.cloudfront.net\\\/wp-content\\\/uploads\\\/2023\\\/05\\\/Logo-rond.png\",\"contentUrl\":\"https:\\\/\\\/d1dyryakdmle7o.cloudfront.net\\\/wp-content\\\/uploads\\\/2023\\\/05\\\/Logo-rond.png\",\"width\":1222,\"height\":1222,\"caption\":\"Jootjes Haakcadeautjes\"},\"image\":{\"@id\":\"https:\\\/\\\/www.jootjeshaakcadeautjes.nl\\\/fr\\\/#\\\/schema\\\/logo\\\/image\\\/\"}}]}<\/script>\n<meta property=\"product:price:amount\" content=\"0.40\" \/>\n<meta property=\"product:price:currency\" content=\"EUR\" \/>\n<meta property=\"og:availability\" content=\"out of stock\" \/>\n<meta property=\"product:availability\" content=\"out of stock\" \/>\n<meta property=\"product:retailer_item_id\" content=\"STM-HAN-BLO\" \/>\n<meta property=\"product:condition\" content=\"new\" \/>\n<!-- \/ Yoast SEO Premium plugin. -->","yoast_head_json":{"title":"Marqueur de point pendentif Fleur - Jootjes Haakcadeautjes","description":"Marqueur de point en argent avec un joli pendentif avec des fleurs. C'est tr\u00e8s beau \u00e0 regarder et le pendentif permet de trouver plus facilement le marqueur de point !","robots":{"index":"index","follow":"follow","max-snippet":"max-snippet:-1","max-image-preview":"max-image-preview:large","max-video-preview":"max-video-preview:-1"},"canonical":"https:\/\/www.jootjeshaakcadeautjes.nl\/fr\/produit\/marqueur-de-point-pendentif-fleur\/","og_locale":"fr_FR","og_type":"article","og_title":"Marqueur de point pendentif Fleur","og_description":"Marqueur de point en argent avec un joli pendentif avec des fleurs. C'est tr\u00e8s beau \u00e0 regarder et le pendentif permet de trouver plus facilement le marqueur de point !","og_url":"https:\/\/www.jootjeshaakcadeautjes.nl\/fr\/produit\/marqueur-de-point-pendentif-fleur\/","og_site_name":"Jootjes Haakcadeautjes","article_modified_time":"2025-03-11T01:50:11+00:00","twitter_card":"summary_large_image","twitter_misc":{"Prix":"&euro;0.40 TTC","Disponibilit\u00e9":"Rupture de stock"},"schema":{"@context":"https:\/\/schema.org","@graph":[{"@type":"WebPage","@id":"https:\/\/www.jootjeshaakcadeautjes.nl\/fr\/produit\/marqueur-de-point-pendentif-fleur\/","url":"https:\/\/www.jootjeshaakcadeautjes.nl\/fr\/produit\/marqueur-de-point-pendentif-fleur\/","name":"Marqueur de point pendentif Fleur - Jootjes Haakcadeautjes","isPartOf":{"@id":"https:\/\/www.jootjeshaakcadeautjes.nl\/fr\/#website"},"datePublished":"2019-06-01T20:04:26+00:00","dateModified":"2025-03-11T01:50:11+00:00","description":"Marqueur de point en argent avec un joli pendentif avec des fleurs. C'est tr\u00e8s beau \u00e0 regarder et le pendentif permet de trouver plus facilement le marqueur de point !","breadcrumb":{"@id":"https:\/\/www.jootjeshaakcadeautjes.nl\/fr\/produit\/marqueur-de-point-pendentif-fleur\/#breadcrumb"},"inLanguage":"fr-FR","potentialAction":[{"@type":"ReadAction","target":["https:\/\/www.jootjeshaakcadeautjes.nl\/fr\/produit\/marqueur-de-point-pendentif-fleur\/"]}]},{"@type":"BreadcrumbList","@id":"https:\/\/www.jootjeshaakcadeautjes.nl\/fr\/produit\/marqueur-de-point-pendentif-fleur\/#breadcrumb","itemListElement":[{"@type":"ListItem","position":1,"name":"Accueil","item":"https:\/\/www.jootjeshaakcadeautjes.nl\/fr\/"},{"@type":"ListItem","position":2,"name":"Commerce de gros de perles en silicone &#8211; Entreprises et consommateurs","item":"https:\/\/www.jootjeshaakcadeautjes.nl\/fr\/boutique\/"},{"@type":"ListItem","position":3,"name":"Marqueur de point pendentif Fleur"}]},{"@type":"WebSite","@id":"https:\/\/www.jootjeshaakcadeautjes.nl\/fr\/#website","url":"https:\/\/www.jootjeshaakcadeautjes.nl\/fr\/","name":"Jootjes Haakcadeautjes","description":"Grossiste en perles de silicone","publisher":{"@id":"https:\/\/www.jootjeshaakcadeautjes.nl\/fr\/#organization"},"potentialAction":[{"@type":"SearchAction","target":{"@type":"EntryPoint","urlTemplate":"https:\/\/www.jootjeshaakcadeautjes.nl\/fr\/?s={search_term_string}"},"query-input":{"@type":"PropertyValueSpecification","valueRequired":true,"valueName":"search_term_string"}}],"inLanguage":"fr-FR"},{"@type":"Organization","@id":"https:\/\/www.jootjeshaakcadeautjes.nl\/fr\/#organization","name":"Jootjes Haakcadeautjes","url":"https:\/\/www.jootjeshaakcadeautjes.nl\/fr\/","logo":{"@type":"ImageObject","inLanguage":"fr-FR","@id":"https:\/\/www.jootjeshaakcadeautjes.nl\/fr\/#\/schema\/logo\/image\/","url":"https:\/\/d1dyryakdmle7o.cloudfront.net\/wp-content\/uploads\/2023\/05\/Logo-rond.png","contentUrl":"https:\/\/d1dyryakdmle7o.cloudfront.net\/wp-content\/uploads\/2023\/05\/Logo-rond.png","width":1222,"height":1222,"caption":"Jootjes Haakcadeautjes"},"image":{"@id":"https:\/\/www.jootjeshaakcadeautjes.nl\/fr\/#\/schema\/logo\/image\/"}}]},"product_price_amount":"0.40","product_price_currency":"EUR","og_availability":"out of stock","product_availability":"out of stock","product_retailer_item_id":"STM-HAN-BLO","product_condition":"new"},"_links":{"self":[{"href":"https:\/\/www.jootjeshaakcadeautjes.nl\/fr\/wp-json\/wp\/v2\/product\/136237","targetHints":{"allow":["GET"]}}],"collection":[{"href":"https:\/\/www.jootjeshaakcadeautjes.nl\/fr\/wp-json\/wp\/v2\/product"}],"about":[{"href":"https:\/\/www.jootjeshaakcadeautjes.nl\/fr\/wp-json\/wp\/v2\/types\/product"}],"version-history":[{"count":0,"href":"https:\/\/www.jootjeshaakcadeautjes.nl\/fr\/wp-json\/wp\/v2\/product\/136237\/revisions"}],"wp:attachment":[{"href":"https:\/\/www.jootjeshaakcadeautjes.nl\/fr\/wp-json\/wp\/v2\/media?parent=136237"}],"wp:term":[{"taxonomy":"product_brand","embeddable":true,"href":"https:\/\/www.jootjeshaakcadeautjes.nl\/fr\/wp-json\/wp\/v2\/product_brand?post=136237"},{"taxonomy":"product_cat","embeddable":true,"href":"https:\/\/www.jootjeshaakcadeautjes.nl\/fr\/wp-json\/wp\/v2\/product_cat?post=136237"},{"taxonomy":"product_tag","embeddable":true,"href":"https:\/\/www.jootjeshaakcadeautjes.nl\/fr\/wp-json\/wp\/v2\/product_tag?post=136237"}],"curies":[{"name":"wp","href":"https:\/\/api.w.org\/{rel}","templated":true}]}}