{"id":136254,"date":"2017-05-11T19:09:36","date_gmt":"2017-05-11T17:09:36","guid":{"rendered":"https:\/\/www.jootjeshaakcadeautjes.nl\/product\/set-daiguilles-a-crochet-soft-grip-complete\/"},"modified":"2025-03-11T02:48:54","modified_gmt":"2025-03-11T01:48:54","slug":"set-daiguilles-a-crochet-soft-grip-complete","status":"publish","type":"product","link":"https:\/\/www.jootjeshaakcadeautjes.nl\/fr\/produit\/set-daiguilles-a-crochet-soft-grip-complete\/","title":{"rendered":"Set d&#8217;aiguilles \u00e0 crochet soft grip complet &#8211; 22 pi\u00e8ces &#8211; 0.5 &#8211; 8.0 mm"},"content":{"rendered":"<h5><strong>Set d&#8217;aiguilles \u00e0 crochet soft grip &#8211; Mega set d&#8217;aiguilles \u00e0 crochet 20 pi\u00e8ces !<\/strong><\/h5>\n<h5><strong>Tailles des aiguilles \u00e0 crochet : 0,5 \u00e0 8,0 mm<\/strong><\/h5>\n<p><span style=\"color: #000000;\">Jeu d&#8217;aiguilles \u00e0 crochet bon march\u00e9 avec poign\u00e9es ergonomiques \u00e0 prise souple. Ce crochet ergonomique \u00e0 poign\u00e9e souple l<\/span><span style=\"color: #000000;\">igt super agr\u00e9able dans la main, ont une grande qualit\u00e9 et durent donc pour toujours ! Ressemble aux aiguilles \u00e0 crochet plus ch\u00e8res \u00e0 poign\u00e9e souple\/ergonomique des marques r\u00e9put\u00e9es, mais ne co\u00fbte qu&#8217;une fraction du prix. Ils ne co\u00fbtent qu&#8217;un euro par crochet et peuvent \u00eatre command\u00e9s directement aupr\u00e8s de nous. Elles sont tout aussi agr\u00e9ables \u00e0 tenir que les aiguilles \u00e0 crochet co\u00fbteuses et durent tr\u00e8s longtemps.  <\/span><span style=\"color: #000000; font-size: 16px; font-style: normal; font-weight: 400;\">Voil\u00e0 des aiguilles \u00e0 crochet bon march\u00e9 et durables !  <\/span><\/p>\n<p><span style=\"color: #000000; font-size: 16px;\">Le m\u00e9ga set d&#8217;aiguilles \u00e0 crochet est une compilation suppl\u00e9mentaire du set d&#8217;aiguilles \u00e0 crochet de petites tailles. <\/span><a style=\"color: #000000;\" href=\"https:\/\/www.jootjeshaakcadeautjes.nl\/product\/softgrip-haaknaaldensetkleine-maten-10-stuks\/\">set d&#8217;aiguilles \u00e0 crochet petites tailles<\/a><span style=\"color: #000000; font-size: 16px;\"> et du <\/span><a style=\"color: #000000;\" href=\"https:\/\/www.jootjeshaakcadeautjes.nl\/product\/haaknaaldenset-12-stuks\/\">set d&#8217;aiguilles \u00e0 crochet de grande taille<\/a><span style=\"color: #000000; font-size: 16px;\">  et sont donc disponibles \u00e0 un prix de gros extra bon march\u00e9 de seulement 22,50 euros. Vous disposez ainsi d&#8217;un crochet de 2,0 mm et d&#8217;un crochet de 2,5 mm en double. C&#8217;est la taille la plus couramment utilis\u00e9e pour crocheter des poup\u00e9es en amigurumi. Il est donc agr\u00e9able d&#8217;avoir ce double dans votre jeu. Comme nous l&#8217;avons dit, cela revient \u00e0 1 euro par crochet ! Et cela pour une qualit\u00e9 sup\u00e9rieure ! C&#8217;est pourquoi ce set est id\u00e9al pour les crocheteurs d\u00e9butants et confirm\u00e9s. Vous pouvez imm\u00e9diatement prendre en charge tous les projets que vous souhaitez.<\/span><\/p>\n<p><span style=\"color: #000000;\">Voulez-vous d&#8217;abord en essayer <a style=\"color: #000000;\" href=\"https:\/\/www.jootjeshaakcadeautjes.nl\/product\/losse-haaknaalden\/\">un<\/a> ou acheter plusieurs fois votre crochet de taille pr\u00e9f\u00e9r\u00e9e, par exemple ? Regardez ensuite quelles sont les aiguilles \u00e0 crochet encore disponibles <a style=\"color: #000000;\" href=\"https:\/\/www.jootjeshaakcadeautjes.nl\/product\/losse-haaknaalden\/\">individuellement<\/a> ou commencez par un set d&#8217;amigurumi (voir boutique, taille 2.0 et 2.5 mm).<\/span><\/p>\n<h5><strong>Le set comprend les tailles d&#8217;aiguilles \u00e0 crochet suivantes :<\/strong><\/h5>\n<p><span style=\"color: #000000;\">0,5 mm, 0,75 mm, 1,0 mm, 1,25 mm, 1,5 mm, 1,75 mm, 2x 2,0 mm, 2,25 mm, 2x 2,5 mm, 2,75 mm, 3,0 mm, 3,5 mm, 4,0 mm, 4,5 mm, 5,0 mm, 5,5 mm, 6,0 mm, 6,5 mm, 7,0 mm et 8,0 mm.<\/span><\/p>\n<h5><strong>Que conseillons-nous \u00e0 une crocheteuse d\u00e9butante ?<\/strong><\/h5>\n<p>Si vous commencez \u00e0 crocheter, vous \u00eates \u00e0 la recherche d&#8217;un ensemble pratique de mat\u00e9riel de crochet qui vous permettra de d\u00e9marrer rapidement. Nous pensons que les \u00e9l\u00e9ments suivants sont indispensables : Un grand jeu d&#8217;aiguilles \u00e0 crochet bon march\u00e9 et de qualit\u00e9, ainsi qu&#8217;au moins un jeu de <a href=\"\/?product_cat=steekmarkeerders\">marqueurs de points<\/a>. Les marqueurs de points permettent, au crochet, d&#8217;attacher temporairement des parties de peluches ou de carr\u00e9s de grand-m\u00e8re, par exemple. En outre, vous pouvez les utiliser pour marquer le d\u00e9but de la visite. Par exemple, pour crocheter des peluches\/amigurumi. Il est \u00e9galement agr\u00e9able de passer un marqueur de point dans la boucle lorsque vous rangez temporairement le projet. Votre travail ne peut donc pas se d\u00e9coller lorsque vous rangez le projet. En outre, une paire de ciseaux de bricolage est toujours utile dans la trousse du d\u00e9butant. Les ciseaux de bricolage sont disponibles ici : <a href=\"https:\/\/www.jootjeshaakcadeautjes.nl\/fr\/product-categorie\/materiel-de-bricolage-et-de-crochet\/ciseaux-a-broder\/\">Ciseaux de broderie<\/a><\/p>\n","protected":false},"excerpt":{"rendered":"<p><span style=\"color: #000000;\"><br \/>\n  <strong>Set d&#8217;aiguilles \u00e0 crochet avec poign\u00e9e ergonomique<br \/>\nMega set g<\/strong><br \/>\n<\/span><span style=\"color: #000000;\"><br \/>\n  <strong>aiguilles \u00e0 crochet grandes et petites tailles<\/strong><br \/>\n<\/span><\/p>\n<p><span style=\"color: #000000;\">Set d&#8217;aiguilles \u00e0 crochet Softgrip<\/span><br \/>\n<span style=\"color: #000000;\">M\u00e9ga set de 20 aiguilles \u00e0 crochet !<\/span><br \/>\n<span style=\"color: #000000;\">Aiguilles \u00e0 crochet de taille 0,5 \u00e0 8,0 mm<\/span><\/p>\n<p><span style=\"color: #000000;\">Uniquement chez Jootjes Crochet Gifts ! Le set d&#8217;aiguilles \u00e0 crochet id\u00e9al pour la d\u00e9butante ou la crocheteuse confirm\u00e9e. Les aiguilles \u00e0 crochet sont tr\u00e8s agr\u00e9ables dans la main, ce qui les rend id\u00e9ales pour les personnes ayant des probl\u00e8mes m\u00e9dicaux aux mains. Quel plaisir de pouvoir faire du crochet sans douleur !<\/span><\/p>\n<p><span style=\"color: #000000;\">Le set d&#8217;aiguilles \u00e0 crochet contient au total les tailles d&#8217;aiguilles \u00e0 crochet suivantes :<\/span><br \/>\n<span style=\"color: #000000;\">0,5 mm, 0,75 mm, 1,0 mm, 1,25 mm,<\/span><br \/>\n<span style=\"color: #000000;\">1,5 mm, 1,75 mm, 2 x 2,0 mm, 2,25 mm,<\/span><br \/>\n<span style=\"color: #000000;\">2 x 2,5 mm, 2,75 mm, 3,0 mm, 3,5 mm,<\/span><br \/>\n<span style=\"color: #000000;\">4,0 mm, 4,5 mm, 5,0 mm, 5,5 mm,<\/span><br \/>\n<span style=\"color: #000000;\">6,0 mm, 6,5 mm, 7,0 mm et 8,0 mm.<\/span><\/p>\n<p><span style=\"color: #000000;\">L&#8217;envoi du set d&#8217;aiguilles \u00e0 crochet se fait tout simplement par la bo\u00eete aux lettres !<\/span><\/p>\n<p><span style=\"color: #000000;\">Pour plus d&#8217;informations, lisez la suite au bas de la page.<\/span><\/p>\n","protected":false},"featured_media":274157,"template":"","meta":[],"product_brand":[],"product_cat":[13956,12308],"product_tag":[13980,13981,13982,13983,13984,13985,13986,13988,13990,14003,13973,13992,13993,13995,13996,13997,13998,13999,14000,14001,14002,13958,12630,13969,13961,13978,13965,13860,13962,13975,13971,13972,13967],"class_list":{"0":"post-136254","1":"product","2":"type-product","3":"status-publish","4":"has-post-thumbnail","6":"product_cat-aiguilles-a-crochet","7":"product_cat-materiel-de-bricolage-et-de-crochet","8":"product_tag-05-mm-fr","9":"product_tag-075-mm-fr","10":"product_tag-10-mm-fr-2","11":"product_tag-125-mm-fr","12":"product_tag-15-mm-fr-2","13":"product_tag-175-mm-fr","14":"product_tag-20-mm-fr-2","15":"product_tag-225-mm-fr","16":"product_tag-25-mm-fr-2","17":"product_tag-275-mm-fr","18":"product_tag-22-unites","19":"product_tag-30-mm-fr-2","20":"product_tag-35-mm-fr-2","21":"product_tag-40-mm-fr","22":"product_tag-45-mm-fr-2","23":"product_tag-50-mm-fr-2","24":"product_tag-55-mm-fr-2","25":"product_tag-60-mm-fr","26":"product_tag-65-mm-fr","27":"product_tag-70-mm-fr","28":"product_tag-80-mm-fr","29":"product_tag-aiguilles-a-crochet","30":"product_tag-crochet-fr","31":"product_tag-crochet-sans-douleur","32":"product_tag-ergonomique","33":"product_tag-fibromyalgie-fr","34":"product_tag-fixer","35":"product_tag-opry-fr","36":"product_tag-poignee-souple","37":"product_tag-prym-fr","38":"product_tag-rhumatisme","39":"product_tag-set-daiguilles-a-crochet","40":"product_tag-trefle-fr-2","42":"first","43":"instock","44":"sale","45":"taxable","46":"shipping-taxable","47":"purchasable","48":"product-type-simple"},"bundled_by":[],"bundle_stock_status":"instock","bundle_stock_quantity":12,"bundle_virtual":false,"bundle_layout":"","bundle_add_to_cart_form_location":"","bundle_editable_in_cart":false,"bundle_sold_individually_context":"","bundle_item_grouping":"","bundle_min_size":"","bundle_max_size":"","bundle_price":[],"bundled_items":[],"bundle_sell_ids":[],"yoast_head":"<!-- This site is optimized with the Yoast SEO Premium plugin v27.6 (Yoast SEO v27.6) - https:\/\/yoast.com\/product\/yoast-seo-premium-wordpress\/ -->\n<title>Set d&#039;aiguilles \u00e0 crochet soft grip ergonomique| Mega set d&#039;aiguilles \u00e0 crochet 20 pi\u00e8ces<\/title>\n<meta name=\"description\" content=\"Set d&#039;aiguilles \u00e0 crochet soft grip bon set ergonomique ; Nombreuses aiguilles \u00e0 crochet (22 pi\u00e8ces pour 22 euros). Crochet de 0,5 mm \u00e0 8,0 mm et toutes les aiguilles \u00e0 crochet de taille interm\u00e9diaire.\" \/>\n<meta name=\"robots\" content=\"index, follow, max-snippet:-1, max-image-preview:large, max-video-preview:-1\" \/>\n<link rel=\"canonical\" href=\"https:\/\/www.jootjeshaakcadeautjes.nl\/fr\/produit\/set-daiguilles-a-crochet-soft-grip-complete\/\" \/>\n<meta property=\"og:locale\" content=\"fr_FR\" \/>\n<meta property=\"og:type\" content=\"article\" \/>\n<meta property=\"og:title\" content=\"Set d&#039;aiguilles \u00e0 crochet soft grip complet - 22 pi\u00e8ces - 0.5 - 8.0 mm\" \/>\n<meta property=\"og:description\" content=\"Set d&#039;aiguilles \u00e0 crochet soft grip bon set ergonomique ; Nombreuses aiguilles \u00e0 crochet (22 pi\u00e8ces pour 22 euros). Crochet de 0,5 mm \u00e0 8,0 mm et toutes les aiguilles \u00e0 crochet de taille interm\u00e9diaire.\" \/>\n<meta property=\"og:url\" content=\"https:\/\/www.jootjeshaakcadeautjes.nl\/fr\/produit\/set-daiguilles-a-crochet-soft-grip-complete\/\" \/>\n<meta property=\"og:site_name\" content=\"Jootjes Haakcadeautjes\" \/>\n<meta property=\"article:modified_time\" content=\"2025-03-11T01:48:54+00:00\" \/>\n<meta property=\"og:image\" content=\"https:\/\/d1dyryakdmle7o.cloudfront.net\/wp-content\/uploads\/2017\/05\/Untitled-16.webp\" \/>\n\t<meta property=\"og:image:width\" content=\"1080\" \/>\n\t<meta property=\"og:image:height\" content=\"1080\" \/>\n\t<meta property=\"og:image:type\" content=\"image\/webp\" \/>\n<meta name=\"twitter:card\" content=\"summary_large_image\" \/>\n<meta name=\"twitter:label1\" content=\"Prix\" \/>\n\t<meta name=\"twitter:data1\" content=\"&euro;24.95 TTC\" \/>\n\t<meta name=\"twitter:label2\" content=\"Disponibilit\u00e9\" \/>\n\t<meta name=\"twitter:data2\" content=\"En stock\" \/>\n<script type=\"application\/ld+json\" class=\"yoast-schema-graph\">{\"@context\":\"https:\\\/\\\/schema.org\",\"@graph\":[{\"@type\":\"WebPage\",\"@id\":\"https:\\\/\\\/www.jootjeshaakcadeautjes.nl\\\/fr\\\/produit\\\/set-daiguilles-a-crochet-soft-grip-complete\\\/\",\"url\":\"https:\\\/\\\/www.jootjeshaakcadeautjes.nl\\\/fr\\\/produit\\\/set-daiguilles-a-crochet-soft-grip-complete\\\/\",\"name\":\"Set d'aiguilles \u00e0 crochet soft grip ergonomique| Mega set d'aiguilles \u00e0 crochet 20 pi\u00e8ces\",\"isPartOf\":{\"@id\":\"https:\\\/\\\/www.jootjeshaakcadeautjes.nl\\\/fr\\\/#website\"},\"primaryImageOfPage\":{\"@id\":\"https:\\\/\\\/www.jootjeshaakcadeautjes.nl\\\/fr\\\/produit\\\/set-daiguilles-a-crochet-soft-grip-complete\\\/#primaryimage\"},\"image\":{\"@id\":\"https:\\\/\\\/www.jootjeshaakcadeautjes.nl\\\/fr\\\/produit\\\/set-daiguilles-a-crochet-soft-grip-complete\\\/#primaryimage\"},\"thumbnailUrl\":\"https:\\\/\\\/d1dyryakdmle7o.cloudfront.net\\\/wp-content\\\/uploads\\\/2017\\\/05\\\/Untitled-16.webp\",\"datePublished\":\"2017-05-11T17:09:36+00:00\",\"dateModified\":\"2025-03-11T01:48:54+00:00\",\"description\":\"Set d'aiguilles \u00e0 crochet soft grip bon set ergonomique ; Nombreuses aiguilles \u00e0 crochet (22 pi\u00e8ces pour 22 euros). Crochet de 0,5 mm \u00e0 8,0 mm et toutes les aiguilles \u00e0 crochet de taille interm\u00e9diaire.\",\"breadcrumb\":{\"@id\":\"https:\\\/\\\/www.jootjeshaakcadeautjes.nl\\\/fr\\\/produit\\\/set-daiguilles-a-crochet-soft-grip-complete\\\/#breadcrumb\"},\"inLanguage\":\"fr-FR\",\"potentialAction\":[{\"@type\":\"ReadAction\",\"target\":[\"https:\\\/\\\/www.jootjeshaakcadeautjes.nl\\\/fr\\\/produit\\\/set-daiguilles-a-crochet-soft-grip-complete\\\/\"]}]},{\"@type\":\"ImageObject\",\"inLanguage\":\"fr-FR\",\"@id\":\"https:\\\/\\\/www.jootjeshaakcadeautjes.nl\\\/fr\\\/produit\\\/set-daiguilles-a-crochet-soft-grip-complete\\\/#primaryimage\",\"url\":\"https:\\\/\\\/d1dyryakdmle7o.cloudfront.net\\\/wp-content\\\/uploads\\\/2017\\\/05\\\/Untitled-16.webp\",\"contentUrl\":\"https:\\\/\\\/d1dyryakdmle7o.cloudfront.net\\\/wp-content\\\/uploads\\\/2017\\\/05\\\/Untitled-16.webp\",\"width\":1080,\"height\":1080},{\"@type\":\"BreadcrumbList\",\"@id\":\"https:\\\/\\\/www.jootjeshaakcadeautjes.nl\\\/fr\\\/produit\\\/set-daiguilles-a-crochet-soft-grip-complete\\\/#breadcrumb\",\"itemListElement\":[{\"@type\":\"ListItem\",\"position\":1,\"name\":\"Accueil\",\"item\":\"https:\\\/\\\/www.jootjeshaakcadeautjes.nl\\\/fr\\\/\"},{\"@type\":\"ListItem\",\"position\":2,\"name\":\"Commerce de gros de perles en silicone &#8211; Entreprises et consommateurs\",\"item\":\"https:\\\/\\\/www.jootjeshaakcadeautjes.nl\\\/fr\\\/boutique\\\/\"},{\"@type\":\"ListItem\",\"position\":3,\"name\":\"Set d&#8217;aiguilles \u00e0 crochet soft grip complet &#8211; 22 pi\u00e8ces &#8211; 0.5 &#8211; 8.0 mm\"}]},{\"@type\":\"WebSite\",\"@id\":\"https:\\\/\\\/www.jootjeshaakcadeautjes.nl\\\/fr\\\/#website\",\"url\":\"https:\\\/\\\/www.jootjeshaakcadeautjes.nl\\\/fr\\\/\",\"name\":\"Jootjes Haakcadeautjes\",\"description\":\"Grossiste en perles de silicone\",\"publisher\":{\"@id\":\"https:\\\/\\\/www.jootjeshaakcadeautjes.nl\\\/fr\\\/#organization\"},\"potentialAction\":[{\"@type\":\"SearchAction\",\"target\":{\"@type\":\"EntryPoint\",\"urlTemplate\":\"https:\\\/\\\/www.jootjeshaakcadeautjes.nl\\\/fr\\\/?s={search_term_string}\"},\"query-input\":{\"@type\":\"PropertyValueSpecification\",\"valueRequired\":true,\"valueName\":\"search_term_string\"}}],\"inLanguage\":\"fr-FR\"},{\"@type\":\"Organization\",\"@id\":\"https:\\\/\\\/www.jootjeshaakcadeautjes.nl\\\/fr\\\/#organization\",\"name\":\"Jootjes Haakcadeautjes\",\"url\":\"https:\\\/\\\/www.jootjeshaakcadeautjes.nl\\\/fr\\\/\",\"logo\":{\"@type\":\"ImageObject\",\"inLanguage\":\"fr-FR\",\"@id\":\"https:\\\/\\\/www.jootjeshaakcadeautjes.nl\\\/fr\\\/#\\\/schema\\\/logo\\\/image\\\/\",\"url\":\"https:\\\/\\\/d1dyryakdmle7o.cloudfront.net\\\/wp-content\\\/uploads\\\/2023\\\/05\\\/Logo-rond.png\",\"contentUrl\":\"https:\\\/\\\/d1dyryakdmle7o.cloudfront.net\\\/wp-content\\\/uploads\\\/2023\\\/05\\\/Logo-rond.png\",\"width\":1222,\"height\":1222,\"caption\":\"Jootjes Haakcadeautjes\"},\"image\":{\"@id\":\"https:\\\/\\\/www.jootjeshaakcadeautjes.nl\\\/fr\\\/#\\\/schema\\\/logo\\\/image\\\/\"}}]}<\/script>\n<meta property=\"product:price:amount\" content=\"24.95\" \/>\n<meta property=\"product:price:currency\" content=\"EUR\" \/>\n<meta property=\"og:availability\" content=\"instock\" \/>\n<meta property=\"product:availability\" content=\"instock\" \/>\n<meta property=\"product:retailer_item_id\" content=\"HKN-SET-COM\" \/>\n<meta property=\"product:condition\" content=\"new\" \/>\n<!-- \/ Yoast SEO Premium plugin. -->","yoast_head_json":{"title":"Set d'aiguilles \u00e0 crochet soft grip ergonomique| Mega set d'aiguilles \u00e0 crochet 20 pi\u00e8ces","description":"Set d'aiguilles \u00e0 crochet soft grip bon set ergonomique ; Nombreuses aiguilles \u00e0 crochet (22 pi\u00e8ces pour 22 euros). Crochet de 0,5 mm \u00e0 8,0 mm et toutes les aiguilles \u00e0 crochet de taille interm\u00e9diaire.","robots":{"index":"index","follow":"follow","max-snippet":"max-snippet:-1","max-image-preview":"max-image-preview:large","max-video-preview":"max-video-preview:-1"},"canonical":"https:\/\/www.jootjeshaakcadeautjes.nl\/fr\/produit\/set-daiguilles-a-crochet-soft-grip-complete\/","og_locale":"fr_FR","og_type":"article","og_title":"Set d'aiguilles \u00e0 crochet soft grip complet - 22 pi\u00e8ces - 0.5 - 8.0 mm","og_description":"Set d'aiguilles \u00e0 crochet soft grip bon set ergonomique ; Nombreuses aiguilles \u00e0 crochet (22 pi\u00e8ces pour 22 euros). Crochet de 0,5 mm \u00e0 8,0 mm et toutes les aiguilles \u00e0 crochet de taille interm\u00e9diaire.","og_url":"https:\/\/www.jootjeshaakcadeautjes.nl\/fr\/produit\/set-daiguilles-a-crochet-soft-grip-complete\/","og_site_name":"Jootjes Haakcadeautjes","article_modified_time":"2025-03-11T01:48:54+00:00","og_image":[{"width":1080,"height":1080,"url":"https:\/\/d1dyryakdmle7o.cloudfront.net\/wp-content\/uploads\/2017\/05\/Untitled-16.webp","type":"image\/webp"}],"twitter_card":"summary_large_image","twitter_misc":{"Prix":"&euro;24.95 TTC","Disponibilit\u00e9":"En stock"},"schema":{"@context":"https:\/\/schema.org","@graph":[{"@type":"WebPage","@id":"https:\/\/www.jootjeshaakcadeautjes.nl\/fr\/produit\/set-daiguilles-a-crochet-soft-grip-complete\/","url":"https:\/\/www.jootjeshaakcadeautjes.nl\/fr\/produit\/set-daiguilles-a-crochet-soft-grip-complete\/","name":"Set d'aiguilles \u00e0 crochet soft grip ergonomique| Mega set d'aiguilles \u00e0 crochet 20 pi\u00e8ces","isPartOf":{"@id":"https:\/\/www.jootjeshaakcadeautjes.nl\/fr\/#website"},"primaryImageOfPage":{"@id":"https:\/\/www.jootjeshaakcadeautjes.nl\/fr\/produit\/set-daiguilles-a-crochet-soft-grip-complete\/#primaryimage"},"image":{"@id":"https:\/\/www.jootjeshaakcadeautjes.nl\/fr\/produit\/set-daiguilles-a-crochet-soft-grip-complete\/#primaryimage"},"thumbnailUrl":"https:\/\/d1dyryakdmle7o.cloudfront.net\/wp-content\/uploads\/2017\/05\/Untitled-16.webp","datePublished":"2017-05-11T17:09:36+00:00","dateModified":"2025-03-11T01:48:54+00:00","description":"Set d'aiguilles \u00e0 crochet soft grip bon set ergonomique ; Nombreuses aiguilles \u00e0 crochet (22 pi\u00e8ces pour 22 euros). Crochet de 0,5 mm \u00e0 8,0 mm et toutes les aiguilles \u00e0 crochet de taille interm\u00e9diaire.","breadcrumb":{"@id":"https:\/\/www.jootjeshaakcadeautjes.nl\/fr\/produit\/set-daiguilles-a-crochet-soft-grip-complete\/#breadcrumb"},"inLanguage":"fr-FR","potentialAction":[{"@type":"ReadAction","target":["https:\/\/www.jootjeshaakcadeautjes.nl\/fr\/produit\/set-daiguilles-a-crochet-soft-grip-complete\/"]}]},{"@type":"ImageObject","inLanguage":"fr-FR","@id":"https:\/\/www.jootjeshaakcadeautjes.nl\/fr\/produit\/set-daiguilles-a-crochet-soft-grip-complete\/#primaryimage","url":"https:\/\/d1dyryakdmle7o.cloudfront.net\/wp-content\/uploads\/2017\/05\/Untitled-16.webp","contentUrl":"https:\/\/d1dyryakdmle7o.cloudfront.net\/wp-content\/uploads\/2017\/05\/Untitled-16.webp","width":1080,"height":1080},{"@type":"BreadcrumbList","@id":"https:\/\/www.jootjeshaakcadeautjes.nl\/fr\/produit\/set-daiguilles-a-crochet-soft-grip-complete\/#breadcrumb","itemListElement":[{"@type":"ListItem","position":1,"name":"Accueil","item":"https:\/\/www.jootjeshaakcadeautjes.nl\/fr\/"},{"@type":"ListItem","position":2,"name":"Commerce de gros de perles en silicone &#8211; Entreprises et consommateurs","item":"https:\/\/www.jootjeshaakcadeautjes.nl\/fr\/boutique\/"},{"@type":"ListItem","position":3,"name":"Set d&#8217;aiguilles \u00e0 crochet soft grip complet &#8211; 22 pi\u00e8ces &#8211; 0.5 &#8211; 8.0 mm"}]},{"@type":"WebSite","@id":"https:\/\/www.jootjeshaakcadeautjes.nl\/fr\/#website","url":"https:\/\/www.jootjeshaakcadeautjes.nl\/fr\/","name":"Jootjes Haakcadeautjes","description":"Grossiste en perles de silicone","publisher":{"@id":"https:\/\/www.jootjeshaakcadeautjes.nl\/fr\/#organization"},"potentialAction":[{"@type":"SearchAction","target":{"@type":"EntryPoint","urlTemplate":"https:\/\/www.jootjeshaakcadeautjes.nl\/fr\/?s={search_term_string}"},"query-input":{"@type":"PropertyValueSpecification","valueRequired":true,"valueName":"search_term_string"}}],"inLanguage":"fr-FR"},{"@type":"Organization","@id":"https:\/\/www.jootjeshaakcadeautjes.nl\/fr\/#organization","name":"Jootjes Haakcadeautjes","url":"https:\/\/www.jootjeshaakcadeautjes.nl\/fr\/","logo":{"@type":"ImageObject","inLanguage":"fr-FR","@id":"https:\/\/www.jootjeshaakcadeautjes.nl\/fr\/#\/schema\/logo\/image\/","url":"https:\/\/d1dyryakdmle7o.cloudfront.net\/wp-content\/uploads\/2023\/05\/Logo-rond.png","contentUrl":"https:\/\/d1dyryakdmle7o.cloudfront.net\/wp-content\/uploads\/2023\/05\/Logo-rond.png","width":1222,"height":1222,"caption":"Jootjes Haakcadeautjes"},"image":{"@id":"https:\/\/www.jootjeshaakcadeautjes.nl\/fr\/#\/schema\/logo\/image\/"}}]},"product_price_amount":"24.95","product_price_currency":"EUR","og_availability":"instock","product_availability":"instock","product_retailer_item_id":"HKN-SET-COM","product_condition":"new"},"_links":{"self":[{"href":"https:\/\/www.jootjeshaakcadeautjes.nl\/fr\/wp-json\/wp\/v2\/product\/136254","targetHints":{"allow":["GET"]}}],"collection":[{"href":"https:\/\/www.jootjeshaakcadeautjes.nl\/fr\/wp-json\/wp\/v2\/product"}],"about":[{"href":"https:\/\/www.jootjeshaakcadeautjes.nl\/fr\/wp-json\/wp\/v2\/types\/product"}],"version-history":[{"count":0,"href":"https:\/\/www.jootjeshaakcadeautjes.nl\/fr\/wp-json\/wp\/v2\/product\/136254\/revisions"}],"wp:featuredmedia":[{"embeddable":true,"href":"https:\/\/www.jootjeshaakcadeautjes.nl\/fr\/wp-json\/wp\/v2\/media\/274157"}],"wp:attachment":[{"href":"https:\/\/www.jootjeshaakcadeautjes.nl\/fr\/wp-json\/wp\/v2\/media?parent=136254"}],"wp:term":[{"taxonomy":"product_brand","embeddable":true,"href":"https:\/\/www.jootjeshaakcadeautjes.nl\/fr\/wp-json\/wp\/v2\/product_brand?post=136254"},{"taxonomy":"product_cat","embeddable":true,"href":"https:\/\/www.jootjeshaakcadeautjes.nl\/fr\/wp-json\/wp\/v2\/product_cat?post=136254"},{"taxonomy":"product_tag","embeddable":true,"href":"https:\/\/www.jootjeshaakcadeautjes.nl\/fr\/wp-json\/wp\/v2\/product_tag?post=136254"}],"curies":[{"name":"wp","href":"https:\/\/api.w.org\/{rel}","templated":true}]}}